{"id":4024,"date":"2019-05-24T15:29:08","date_gmt":"2019-05-24T15:29:08","guid":{"rendered":"https:\/\/ayore.org\/?page_id=4024"},"modified":"2019-05-24T15:29:10","modified_gmt":"2019-05-24T15:29:10","slug":"ecarai-davide-cuidate-y-preparate","status":"publish","type":"page","link":"https:\/\/ayore.org\/es\/cultura\/ensenanzas\/ecarai-davide-cuidate-y-preparate\/","title":{"rendered":"Ecarai (Davide\u0301) \u2013 Cu\u00eddate y prep\u00e1rate"},"content":{"rendered":"\n<p><em>Arij\u00edna\u00f1o\nuaquejode<\/em><\/p>\n\n\n\n<p><strong><em>Mi ense\u00f1anza tiene que ver con aprovechar la oportunidad de ir al cielo:<\/em><\/strong><br>Mi ense\u00f1anza tiene que ver con si quieres ir con nosotros que creemos en <em>Dupade<\/em> cuando Jes\u00fas regrese, mientras todav\u00eda hay tiempo para decidirlo. No s\u00e9 cu\u00e1ndo volver\u00e1 el Se\u00f1or, pero las Palabras de <em>Dupade<\/em> dicen: &#8220;Cu\u00eddate y prep\u00e1rate&#8221;.<\/p>\n\n\n\n<p>Jes\u00fas dijo: &#8220;No s\u00e9 cu\u00e1ndo regresar\u00e9, pero de repente llegar\u00e9&#8221;. Eso es lo que dijo.<\/p>\n\n\n\n<p>Pero los disc\u00edpulos de Jes\u00fas le preguntaron: &#8220;\u00bfHay alguna se\u00f1al para anunciar tu venida?&#8221;<\/p>\n\n\n\n<p>Y \u00e9l dijo: &#8220;S\u00ed, hay se\u00f1ales de mi regreso. Uno ser\u00e1 cuando las estrellas comiencen a caer &#8220;. &nbsp;Eso es lo que dijo. &#8220;Las guerras son una se\u00f1al&#8221;, dijo. &#8220;La hambruna es una se\u00f1al&#8221;, dijo. &#8220;El calor es una se\u00f1al&#8221;.<\/p>\n\n\n\n<p><em>Se saldr\u00e1 <\/em>(suceder\u00e1) cuando los jud\u00edos vuelvan a reunirse en su propio pa\u00eds.<\/p>\n\n\n\n<p>La ca\u00edda de estrellas desde el cielo es un signo que proclama el regreso de Jes\u00fas. Y Jes\u00fas dijo: &#8220;Estas son se\u00f1ales de mi regreso&#8221;, dijo, &#8220;pero a\u00fan no llegar\u00e9&#8221;.<\/p>\n\n\n\n<p>Dicen que el regreso de Jes\u00fas ser\u00e1 muy pronto. Ocurrir\u00e1n otras cosas, la cara del sol, dicen que ya no ser\u00e1 la misma. Cambiar\u00e1. La luna, su cara tampoco ser\u00e1 lo mismo. Cambiar\u00e1. Cuando esas cosas sucedan, ser\u00e1 muy, muy pronto que llegue Jes\u00fas. Has visto eclipses del sol cuando a veces muere, pero a\u00fan no ha muerto. Todos estos son signos del regreso de Jes\u00fas si quieres creerlo y velar por ellos. (Lucas 21:34 &#8211; 36)<\/p>\n\n\n\n<p>Jes\u00fas habl\u00f3 a menudo acerca de su regreso hace mucho tiempo, por lo que no hay duda de que es cierto. \u00c9l va a llegar, por lo tanto, tengamos cuidado todos los d\u00edas, as\u00ed estaremos listos cuando \u00e9l venga. Hablemos con <em>Dupade<\/em> para que no nos avergoncemos cuando nos paramos ante el que envi\u00f3 <em>Dupade<\/em> para salvarnos.<\/p>\n\n\n\n<p>Eso\nes todo lo que tengo que ense\u00f1arnos. Sin embargo, quiero que sepas que los de\nmi aldea siempre les recuerdan en sus oraciones, y le piden al <em>Dupade<\/em> nuestro que nos ama en todas\npartes de la tierra, que todos vayamos juntos al cielo. Esa es toda mi\nense\u00f1anza.<\/p>\n\n\n\n<p><strong><em>Ecarai habla con Dupade:<\/em><\/strong><br><em>Dupade<\/em> nuestro, hablo contigo ahora mismo porque estoy muy agradecido por ti. Pero, <em>Dupade<\/em>, eres a quien adoramos, y te pido que le digas a aquellos de nuestros compatriotas que creen en ti que los llevar\u00e1s al cielo. Estoy tan agradecido de que tu Palabra est\u00e9 en todas partes en este mundo en estos d\u00edas, para que tus creyentes puedan ense\u00f1ar a sus compatriotas aqu\u00ed en la tierra. Nuestro <em>Dupade<\/em>, borre la ira y la ferocidad en toda la tierra con tu gran poder. <em>Dupade<\/em> nuestro, traigo ante ti al pueblo Ayor\u00e9 que te habla pero que a\u00fan no han puesto su fe en tu Hijo. No estoy seguro de que sepan que tu eres el Se\u00f1or Todopoderoso. Pero ay\u00fadalos a creer en ti y no vacilar en su estado de ser creyentes.<\/p>\n\n\n\n<p><em>Dupade<\/em> nuestro, te agradezco por los comestibles que nos has tra\u00eddo y que estamos comiendo. Porque sabemos que nos amas, y nuestra comida proviene de ti. En este momento, danos fuerza y \u200b\u200bsalud y mantenga la enfermedad lejos de nuestros cuerpos para que, <em>Dupade<\/em>, todos estemos sanos, cada uno de nosotros aqu\u00ed en nuestro pueblo. Sabemos que todos somos hermanos cuando creemos en ti, pero ayuda a mis compatriotas que todav\u00eda no son creyentes, que algunos de ellos ser\u00e1n como nosotros los que creemos en tu Hijo Jesucristo, porque \u00e9l muri\u00f3 por ellos y por todos nosotros.<\/p>\n\n\n\n<p>Por\nlo tanto, te hablo ahora sobre todas estas cosas porque eres m\u00e1s grande que cualquier\notro; incluso resucitaste a tu Hijo Jes\u00fas de la muerte despu\u00e9s de que \u00e9l estuvo\nen su tumba por tres d\u00edas. Ay\u00fadanos ahora, borra las enfermedades de los\ncuerpos de los hombres y las mujeres que est\u00e1n enfermos. Realmente borre sus\nenfermedades, en este momento, <em>Dupade<\/em>,\nas\u00ed que no abandonaremos nuestra fe. Te hablo, en este momento, en el nombre de\ntu Hijo Jes\u00fas. Am\u00e9n<\/p>\n\n\n\n<p><strong><span style=\"text-decoration: underline;\">Clave:<\/span><\/strong><br>Dupade \u2013 Dios <br>Palabras de Dupade \u2013 La palabra de Dios<br>Se saldr\u00e1 \u2013 Suceder\u00e1<\/p>\n\n\n\n<p><em>Ecarai \u2013 Campamento Ayor\u00e9, Bolivia \u2013 1971<\/em><br><em>Transcrito por: Faith Wyma<\/em><\/p>\n\n\n<div class=\"navigation\"><div class=\"alignleft\"><a href=\"https:\/\/ayore.org\/es\/cultura\/ensenanzas\/ecarai-davide-hay-mas-que-necesitamos-saber\/\"title=\"Ecarai (Davide\u0301) \u2013 Hay m\u00e1s que necesitamos saber\"><img loading=\"lazy\" decoding=\"async\" src=\"https:\/\/ayore.org\/wp-content\/uploads\/2018\/10\/left-arrow.png\" width=\"50\" height=\"48\" alt=\"left arrow\"><\/a><\/div><div class=\"alignright\"><a href=\"https:\/\/ayore.org\/es\/cultura\/ensenanzas\/ecarai-davide-unidos-en-nuestra-fe-en-cristo-2\/\"title=\"Ecarai (Davide\u0301) \u2013 Unidos en nuestra fe en Cristo\"><img loading=\"lazy\" decoding=\"async\" src=\"https:\/\/ayore.org\/wp-content\/uploads\/2018\/10\/right-arrow.png\" width=\"50\" height=\"48\" alt=\"right arrow\"><\/a><\/div>\n\n\n\n<p><em>Traducido por: Maxine Morarie.<\/em><\/p>\n","protected":false},"excerpt":{"rendered":"<p>Arij\u00edna\u00f1o uaquejode Mi ense\u00f1anza tiene que ver con aprovechar la oportunidad de ir al cielo:Mi ense\u00f1anza tiene que ver con si quieres ir con nosotros que creemos en Dupade cuando Jes\u00fas regrese, mientras todav\u00eda hay tiempo para decidirlo. No s\u00e9<\/p>\n","protected":false},"author":5,"featured_media":0,"parent":298,"menu_order":0,"comment_status":"closed","ping_status":"closed","template":"","meta":{"footnotes":""},"class_list":["post-4024","page","type-page","status-publish","hentry"],"yoast_head":"<!-- This site is optimized with the Yoast SEO plugin v27.4 - https:\/\/yoast.com\/product\/yoast-seo-wordpress\/ -->\n<title>Ecarai (Davide\u0301) \u2013 Cu\u00eddate y prep\u00e1rate &#8226; AYORE.ORG<\/title>\n<meta name=\"robots\" content=\"index, follow, max-snippet:-1, max-image-preview:large, max-video-preview:-1\" \/>\n<link rel=\"canonical\" href=\"https:\/\/ayore.org\/es\/cultura\/ensenanzas\/ecarai-davide-cuidate-y-preparate\/\" \/>\n<meta property=\"og:locale\" content=\"es_ES\" \/>\n<meta property=\"og:type\" content=\"article\" \/>\n<meta property=\"og:title\" content=\"Ecarai (Davide\u0301) \u2013 Cu\u00eddate y prep\u00e1rate &#8226; AYORE.ORG\" \/>\n<meta property=\"og:description\" content=\"Arij\u00edna\u00f1o uaquejode Mi ense\u00f1anza tiene que ver con aprovechar la oportunidad de ir al cielo:Mi ense\u00f1anza tiene que ver con si quieres ir con nosotros que creemos en Dupade cuando Jes\u00fas regrese, mientras todav\u00eda hay tiempo para decidirlo. No s\u00e9\" \/>\n<meta property=\"og:url\" content=\"https:\/\/ayore.org\/es\/cultura\/ensenanzas\/ecarai-davide-cuidate-y-preparate\/\" \/>\n<meta property=\"og:site_name\" content=\"AYORE.ORG\" \/>\n<meta property=\"article:modified_time\" content=\"2019-05-24T15:29:10+00:00\" \/>\n<meta name=\"twitter:card\" content=\"summary_large_image\" \/>\n<meta name=\"twitter:label1\" content=\"Tiempo de lectura\" \/>\n\t<meta name=\"twitter:data1\" content=\"4 minutos\" \/>\n<script type=\"application\/ld+json\" class=\"yoast-schema-graph\">{\"@context\":\"https:\\\/\\\/schema.org\",\"@graph\":[{\"@type\":\"WebPage\",\"@id\":\"https:\\\/\\\/ayore.org\\\/es\\\/cultura\\\/ensenanzas\\\/ecarai-davide-cuidate-y-preparate\\\/\",\"url\":\"https:\\\/\\\/ayore.org\\\/es\\\/cultura\\\/ensenanzas\\\/ecarai-davide-cuidate-y-preparate\\\/\",\"name\":\"Ecarai (Davide\u0301) \u2013 Cu\u00eddate y prep\u00e1rate &#8226; AYORE.ORG\",\"isPartOf\":{\"@id\":\"https:\\\/\\\/ayore.org\\\/#website\"},\"datePublished\":\"2019-05-24T15:29:08+00:00\",\"dateModified\":\"2019-05-24T15:29:10+00:00\",\"breadcrumb\":{\"@id\":\"https:\\\/\\\/ayore.org\\\/es\\\/cultura\\\/ensenanzas\\\/ecarai-davide-cuidate-y-preparate\\\/#breadcrumb\"},\"inLanguage\":\"es-AR\",\"potentialAction\":[{\"@type\":\"ReadAction\",\"target\":[\"https:\\\/\\\/ayore.org\\\/es\\\/cultura\\\/ensenanzas\\\/ecarai-davide-cuidate-y-preparate\\\/\"]}]},{\"@type\":\"BreadcrumbList\",\"@id\":\"https:\\\/\\\/ayore.org\\\/es\\\/cultura\\\/ensenanzas\\\/ecarai-davide-cuidate-y-preparate\\\/#breadcrumb\",\"itemListElement\":[{\"@type\":\"ListItem\",\"position\":1,\"name\":\"Inicio\",\"item\":\"https:\\\/\\\/ayore.org\\\/es\\\/\"},{\"@type\":\"ListItem\",\"position\":2,\"name\":\"Cultura\",\"item\":\"https:\\\/\\\/ayore.org\\\/es\\\/cultura\\\/\"},{\"@type\":\"ListItem\",\"position\":3,\"name\":\"Ense\u00f1anzas\",\"item\":\"https:\\\/\\\/ayore.org\\\/es\\\/cultura\\\/ensenanzas\\\/\"},{\"@type\":\"ListItem\",\"position\":4,\"name\":\"Ecarai (Davide\u0301) \u2013 Cu\u00eddate y prep\u00e1rate\"}]},{\"@type\":\"WebSite\",\"@id\":\"https:\\\/\\\/ayore.org\\\/#website\",\"url\":\"https:\\\/\\\/ayore.org\\\/\",\"name\":\"AYORE.ORG\",\"description\":\"Idioma, Cultura e Historia de la Tribu Ayor\u00e9\",\"potentialAction\":[{\"@type\":\"SearchAction\",\"target\":{\"@type\":\"EntryPoint\",\"urlTemplate\":\"https:\\\/\\\/ayore.org\\\/?s={search_term_string}\"},\"query-input\":{\"@type\":\"PropertyValueSpecification\",\"valueRequired\":true,\"valueName\":\"search_term_string\"}}],\"inLanguage\":\"es-AR\"}]}<\/script>\n<!-- \/ Yoast SEO plugin. -->","yoast_head_json":{"title":"Ecarai (Davide\u0301) \u2013 Cu\u00eddate y prep\u00e1rate &#8226; AYORE.ORG","robots":{"index":"index","follow":"follow","max-snippet":"max-snippet:-1","max-image-preview":"max-image-preview:large","max-video-preview":"max-video-preview:-1"},"canonical":"https:\/\/ayore.org\/es\/cultura\/ensenanzas\/ecarai-davide-cuidate-y-preparate\/","og_locale":"es_ES","og_type":"article","og_title":"Ecarai (Davide\u0301) \u2013 Cu\u00eddate y prep\u00e1rate &#8226; AYORE.ORG","og_description":"Arij\u00edna\u00f1o uaquejode Mi ense\u00f1anza tiene que ver con aprovechar la oportunidad de ir al cielo:Mi ense\u00f1anza tiene que ver con si quieres ir con nosotros que creemos en Dupade cuando Jes\u00fas regrese, mientras todav\u00eda hay tiempo para decidirlo. No s\u00e9","og_url":"https:\/\/ayore.org\/es\/cultura\/ensenanzas\/ecarai-davide-cuidate-y-preparate\/","og_site_name":"AYORE.ORG","article_modified_time":"2019-05-24T15:29:10+00:00","twitter_card":"summary_large_image","twitter_misc":{"Tiempo de lectura":"4 minutos"},"schema":{"@context":"https:\/\/schema.org","@graph":[{"@type":"WebPage","@id":"https:\/\/ayore.org\/es\/cultura\/ensenanzas\/ecarai-davide-cuidate-y-preparate\/","url":"https:\/\/ayore.org\/es\/cultura\/ensenanzas\/ecarai-davide-cuidate-y-preparate\/","name":"Ecarai (Davide\u0301) \u2013 Cu\u00eddate y prep\u00e1rate &#8226; AYORE.ORG","isPartOf":{"@id":"https:\/\/ayore.org\/#website"},"datePublished":"2019-05-24T15:29:08+00:00","dateModified":"2019-05-24T15:29:10+00:00","breadcrumb":{"@id":"https:\/\/ayore.org\/es\/cultura\/ensenanzas\/ecarai-davide-cuidate-y-preparate\/#breadcrumb"},"inLanguage":"es-AR","potentialAction":[{"@type":"ReadAction","target":["https:\/\/ayore.org\/es\/cultura\/ensenanzas\/ecarai-davide-cuidate-y-preparate\/"]}]},{"@type":"BreadcrumbList","@id":"https:\/\/ayore.org\/es\/cultura\/ensenanzas\/ecarai-davide-cuidate-y-preparate\/#breadcrumb","itemListElement":[{"@type":"ListItem","position":1,"name":"Inicio","item":"https:\/\/ayore.org\/es\/"},{"@type":"ListItem","position":2,"name":"Cultura","item":"https:\/\/ayore.org\/es\/cultura\/"},{"@type":"ListItem","position":3,"name":"Ense\u00f1anzas","item":"https:\/\/ayore.org\/es\/cultura\/ensenanzas\/"},{"@type":"ListItem","position":4,"name":"Ecarai (Davide\u0301) \u2013 Cu\u00eddate y prep\u00e1rate"}]},{"@type":"WebSite","@id":"https:\/\/ayore.org\/#website","url":"https:\/\/ayore.org\/","name":"AYORE.ORG","description":"Idioma, Cultura e Historia de la Tribu Ayor\u00e9","potentialAction":[{"@type":"SearchAction","target":{"@type":"EntryPoint","urlTemplate":"https:\/\/ayore.org\/?s={search_term_string}"},"query-input":{"@type":"PropertyValueSpecification","valueRequired":true,"valueName":"search_term_string"}}],"inLanguage":"es-AR"}]}},"_links":{"self":[{"href":"https:\/\/ayore.org\/es\/wp-json\/wp\/v2\/pages\/4024","targetHints":{"allow":["GET"]}}],"collection":[{"href":"https:\/\/ayore.org\/es\/wp-json\/wp\/v2\/pages"}],"about":[{"href":"https:\/\/ayore.org\/es\/wp-json\/wp\/v2\/types\/page"}],"author":[{"embeddable":true,"href":"https:\/\/ayore.org\/es\/wp-json\/wp\/v2\/users\/5"}],"replies":[{"embeddable":true,"href":"https:\/\/ayore.org\/es\/wp-json\/wp\/v2\/comments?post=4024"}],"version-history":[{"count":3,"href":"https:\/\/ayore.org\/es\/wp-json\/wp\/v2\/pages\/4024\/revisions"}],"predecessor-version":[{"id":4027,"href":"https:\/\/ayore.org\/es\/wp-json\/wp\/v2\/pages\/4024\/revisions\/4027"}],"up":[{"embeddable":true,"href":"https:\/\/ayore.org\/es\/wp-json\/wp\/v2\/pages\/298"}],"wp:attachment":[{"href":"https:\/\/ayore.org\/es\/wp-json\/wp\/v2\/media?parent=4024"}],"curies":[{"name":"wp","href":"https:\/\/api.w.org\/{rel}","templated":true}]}}