{"id":3998,"date":"2019-05-24T01:15:51","date_gmt":"2019-05-24T01:15:51","guid":{"rendered":"https:\/\/ayore.org\/?page_id=3998"},"modified":"2019-05-24T01:15:53","modified_gmt":"2019-05-24T01:15:53","slug":"ecarai-davide-las-noticias-sobre-dupade-llegaran-a-todo-el-mundo","status":"publish","type":"page","link":"https:\/\/ayore.org\/es\/cultura\/ensenanzas\/ecarai-davide-las-noticias-sobre-dupade-llegaran-a-todo-el-mundo\/","title":{"rendered":"Ecarai (Davide\u0301) \u2013 Las noticias sobre Dupade llegar\u00e1n a todo el mundo"},"content":{"rendered":"\n<p><em>Dupade\nujnomei a chise er\u00e1mi jnese<\/em><em> <\/em><strong><em><\/em><\/strong><\/p>\n\n\n\n<p><strong><em>Algunas de las cosas de las que habl\u00f3 Jes\u00fas han sucedido:<\/em><\/strong><br>Jes\u00fas dijo: &#8220;Cuando la noticia de que <em>Dupade<\/em> ya quiere que en todo el mundo se conviertan en sus compatriotas, y cuando todos hayan escuchado sobre mi Padre, entonces voy a volver.&#8221;<em> (Mateo 24:14) <\/em>Se refer\u00edaa <em>coj\u00f1one, ayor\u00e9ode <\/em>ore jnese iji er\u00e1mi \u00fadode jnese.<\/p>\n\n\n\n<p>Ustedes han o\u00eddo que en el mundo\nhay muchas clases de personas que a\u00fan no han escuchado la Palabra de <em>Dupade<\/em>; algunos son como los ayoreos, y otros\ncompletamente diferentes. &nbsp;Pero\nafortunadamente nosotros, los ayoreos, ya tenemos la <em>Palabra de<\/em> <em>Dupade<\/em> en\nnuestra propia lengua. La primera se\u00f1al de la venida de Jes\u00fas fue cuando todas\nlas personas en el mundo escucharon hablar del reino de <em>Dupade<\/em>; nosotros hemos o\u00eddo el mensaje, pero muchos nunca han o\u00eddo\nhablar de que existe una manera para que ellos sean parte del reino de <em>Dupade<\/em>.<\/p>\n\n\n\n<p>Otra se\u00f1al de la venida de Jes\u00fas es que las estrellas caer\u00e1n del cielo.\nHabr\u00e1 terremotos. Estas tambi\u00e9n son se\u00f1ales de su venida. Es exactamente lo que\ndijo. Es lo que les dijo a sus disc\u00edpulos cuando a\u00fan estaba en la tierra. Y le\nhicieron una pregunta. Ellos dijeron: &#8220;Maestro, \u00bfcu\u00e1nto tiempo falta para que\ntodo esto suceda? \u00bfQu\u00e9 otros signos habr\u00e1 de que su venida y el fin de la\ntierra est\u00e1 cerca?&#8221;<\/p>\n\n\n\n<p>&nbsp;Jes\u00fas les dijo: \u201cVendr\u00e1n muchos haci\u00e9ndose pasar por m\u00ed. Dir\u00e1n, \u2018Yo soy el Cristo\u2019, y enga\u00f1ar\u00e1n a mucha gente. Si entonces alguien les dice a ustedes, \u2018Miren aqu\u00ed est\u00e1 el Cristo\u2019, o \u2018Miren, all\u00ed est\u00e1\u2019, no lo crean. Porque como un rel\u00e1mpago que se ve brillar de oriente a occidente, as\u00ed ser\u00e1 cuando regrese yo el que <em>Dupade<\/em> ha mandado al mundo. Pasar\u00e1n d\u00edas de sufrimiento, y el sol se oscurecer\u00e1. La luna tambi\u00e9n dejar\u00e1 de dar su luz. Las estrellas caer\u00e1n del cielo y las fuerzas celestiales temblar\u00e1n. Pero el d\u00eda y la hora de mi regreso no se conocen.\u201d &nbsp;<\/p>\n\n\n\n<p><strong><em>La venida de Jes\u00fas ser\u00e1 como los d\u00edas previos al diluvio:<\/em><\/strong><br>Jesus dijo: \u201cEstos signos son ciertos, pero en cuanto al d\u00eda y la hora de mi venida, nadie lo sabe. Como sucedi\u00f3 en tiempos de No\u00e9 antes del diluvio que vino y se los llev\u00f3 a todos, as\u00ed suceder\u00e1 tambi\u00e9n cuando yo regrese. La gente solamente se preocupaba entonces con ganar dinero \u2013 com\u00eda, beb\u00eda y se casaba. Pero el d\u00eda en que No\u00e9 y su familia entraron en el arca, la lluvia que los iba a destruir comenz\u00f3. As\u00ed suceder\u00e1 cuando yo venga. Mant\u00e9nganse ustedes despiertos, est\u00e9n preparados porque vendr\u00e9 cuando menos me esperen.\u201d<\/p>\n\n\n\n<p><strong><span style=\"text-decoration: underline;\">Clave:<\/span><\/strong><br>Dupade \u2013 Dios<br>Coj\u00f1one \u2013 Gente que no es del tribu ayorea<br>Ayor\u00e9ode \u2013 Gente del tribu ayorea<br><br><em>Ecarai \u2013 Tobit\u00e9, Bolivia \u2013 1970<\/em><br><em>Transcrito y traducido al espa\u00f1ol por: Maxine Morarie<\/em><\/p>\n\n\n<div class=\"navigation\"><div class=\"alignleft\"><a href=\"https:\/\/ayore.org\/es\/cultura\/ensenanzas\/ecarai-davide-no-odiemos-a-los-que-llevan-las-palabras-de-dupade\/\"title=\"Ecarai (Davide\u0301) \u2013 No odiemos a los que llevan las Palabras de Dupade\"><img loading=\"lazy\" decoding=\"async\" src=\"https:\/\/ayore.org\/wp-content\/uploads\/2018\/10\/left-arrow.png\" width=\"50\" height=\"48\" alt=\"left arrow\"><\/a><\/div><div class=\"alignright\"><a href=\"https:\/\/ayore.org\/es\/cultura\/ensenanzas\/ecarai-dijaide-la-gente-llega-trayendo-noticias\/\"title=\"Ecarai (Dijaide\u0301) \u2013 La gente llega trayendo noticias\"><img loading=\"lazy\" decoding=\"async\" src=\"https:\/\/ayore.org\/wp-content\/uploads\/2018\/10\/right-arrow.png\" width=\"50\" height=\"48\" alt=\"right arrow\"><\/a><\/div>\n","protected":false},"excerpt":{"rendered":"<p>Dupade ujnomei a chise er\u00e1mi jnese Algunas de las cosas de las que habl\u00f3 Jes\u00fas han sucedido:Jes\u00fas dijo: &#8220;Cuando la noticia de que Dupade ya quiere que en todo el mundo se conviertan en sus compatriotas, y cuando todos hayan<\/p>\n","protected":false},"author":5,"featured_media":0,"parent":298,"menu_order":0,"comment_status":"closed","ping_status":"closed","template":"","meta":{"footnotes":""},"class_list":["post-3998","page","type-page","status-publish","hentry"],"yoast_head":"<!-- This site is optimized with the Yoast SEO plugin v27.4 - https:\/\/yoast.com\/product\/yoast-seo-wordpress\/ -->\n<title>Ecarai (Davide\u0301) \u2013 Las noticias sobre Dupade llegar\u00e1n a todo el mundo &#8226; AYORE.ORG<\/title>\n<meta name=\"robots\" content=\"index, follow, max-snippet:-1, max-image-preview:large, max-video-preview:-1\" \/>\n<link rel=\"canonical\" href=\"https:\/\/ayore.org\/es\/cultura\/ensenanzas\/ecarai-davide-las-noticias-sobre-dupade-llegaran-a-todo-el-mundo\/\" \/>\n<meta property=\"og:locale\" content=\"es_ES\" \/>\n<meta property=\"og:type\" content=\"article\" \/>\n<meta property=\"og:title\" content=\"Ecarai (Davide\u0301) \u2013 Las noticias sobre Dupade llegar\u00e1n a todo el mundo &#8226; AYORE.ORG\" \/>\n<meta property=\"og:description\" content=\"Dupade ujnomei a chise er\u00e1mi jnese Algunas de las cosas de las que habl\u00f3 Jes\u00fas han sucedido:Jes\u00fas dijo: &#8220;Cuando la noticia de que Dupade ya quiere que en todo el mundo se conviertan en sus compatriotas, y cuando todos hayan\" \/>\n<meta property=\"og:url\" content=\"https:\/\/ayore.org\/es\/cultura\/ensenanzas\/ecarai-davide-las-noticias-sobre-dupade-llegaran-a-todo-el-mundo\/\" \/>\n<meta property=\"og:site_name\" content=\"AYORE.ORG\" \/>\n<meta property=\"article:modified_time\" content=\"2019-05-24T01:15:53+00:00\" \/>\n<meta name=\"twitter:card\" content=\"summary_large_image\" \/>\n<meta name=\"twitter:label1\" content=\"Tiempo de lectura\" \/>\n\t<meta name=\"twitter:data1\" content=\"3 minutos\" \/>\n<script type=\"application\/ld+json\" class=\"yoast-schema-graph\">{\"@context\":\"https:\\\/\\\/schema.org\",\"@graph\":[{\"@type\":\"WebPage\",\"@id\":\"https:\\\/\\\/ayore.org\\\/es\\\/cultura\\\/ensenanzas\\\/ecarai-davide-las-noticias-sobre-dupade-llegaran-a-todo-el-mundo\\\/\",\"url\":\"https:\\\/\\\/ayore.org\\\/es\\\/cultura\\\/ensenanzas\\\/ecarai-davide-las-noticias-sobre-dupade-llegaran-a-todo-el-mundo\\\/\",\"name\":\"Ecarai (Davide\u0301) \u2013 Las noticias sobre Dupade llegar\u00e1n a todo el mundo &#8226; AYORE.ORG\",\"isPartOf\":{\"@id\":\"https:\\\/\\\/ayore.org\\\/#website\"},\"datePublished\":\"2019-05-24T01:15:51+00:00\",\"dateModified\":\"2019-05-24T01:15:53+00:00\",\"breadcrumb\":{\"@id\":\"https:\\\/\\\/ayore.org\\\/es\\\/cultura\\\/ensenanzas\\\/ecarai-davide-las-noticias-sobre-dupade-llegaran-a-todo-el-mundo\\\/#breadcrumb\"},\"inLanguage\":\"es-AR\",\"potentialAction\":[{\"@type\":\"ReadAction\",\"target\":[\"https:\\\/\\\/ayore.org\\\/es\\\/cultura\\\/ensenanzas\\\/ecarai-davide-las-noticias-sobre-dupade-llegaran-a-todo-el-mundo\\\/\"]}]},{\"@type\":\"BreadcrumbList\",\"@id\":\"https:\\\/\\\/ayore.org\\\/es\\\/cultura\\\/ensenanzas\\\/ecarai-davide-las-noticias-sobre-dupade-llegaran-a-todo-el-mundo\\\/#breadcrumb\",\"itemListElement\":[{\"@type\":\"ListItem\",\"position\":1,\"name\":\"Inicio\",\"item\":\"https:\\\/\\\/ayore.org\\\/es\\\/\"},{\"@type\":\"ListItem\",\"position\":2,\"name\":\"Cultura\",\"item\":\"https:\\\/\\\/ayore.org\\\/es\\\/cultura\\\/\"},{\"@type\":\"ListItem\",\"position\":3,\"name\":\"Ense\u00f1anzas\",\"item\":\"https:\\\/\\\/ayore.org\\\/es\\\/cultura\\\/ensenanzas\\\/\"},{\"@type\":\"ListItem\",\"position\":4,\"name\":\"Ecarai (Davide\u0301) \u2013 Las noticias sobre Dupade llegar\u00e1n a todo el mundo\"}]},{\"@type\":\"WebSite\",\"@id\":\"https:\\\/\\\/ayore.org\\\/#website\",\"url\":\"https:\\\/\\\/ayore.org\\\/\",\"name\":\"AYORE.ORG\",\"description\":\"Idioma, Cultura e Historia de la Tribu Ayor\u00e9\",\"potentialAction\":[{\"@type\":\"SearchAction\",\"target\":{\"@type\":\"EntryPoint\",\"urlTemplate\":\"https:\\\/\\\/ayore.org\\\/?s={search_term_string}\"},\"query-input\":{\"@type\":\"PropertyValueSpecification\",\"valueRequired\":true,\"valueName\":\"search_term_string\"}}],\"inLanguage\":\"es-AR\"}]}<\/script>\n<!-- \/ Yoast SEO plugin. -->","yoast_head_json":{"title":"Ecarai (Davide\u0301) \u2013 Las noticias sobre Dupade llegar\u00e1n a todo el mundo &#8226; AYORE.ORG","robots":{"index":"index","follow":"follow","max-snippet":"max-snippet:-1","max-image-preview":"max-image-preview:large","max-video-preview":"max-video-preview:-1"},"canonical":"https:\/\/ayore.org\/es\/cultura\/ensenanzas\/ecarai-davide-las-noticias-sobre-dupade-llegaran-a-todo-el-mundo\/","og_locale":"es_ES","og_type":"article","og_title":"Ecarai (Davide\u0301) \u2013 Las noticias sobre Dupade llegar\u00e1n a todo el mundo &#8226; AYORE.ORG","og_description":"Dupade ujnomei a chise er\u00e1mi jnese Algunas de las cosas de las que habl\u00f3 Jes\u00fas han sucedido:Jes\u00fas dijo: &#8220;Cuando la noticia de que Dupade ya quiere que en todo el mundo se conviertan en sus compatriotas, y cuando todos hayan","og_url":"https:\/\/ayore.org\/es\/cultura\/ensenanzas\/ecarai-davide-las-noticias-sobre-dupade-llegaran-a-todo-el-mundo\/","og_site_name":"AYORE.ORG","article_modified_time":"2019-05-24T01:15:53+00:00","twitter_card":"summary_large_image","twitter_misc":{"Tiempo de lectura":"3 minutos"},"schema":{"@context":"https:\/\/schema.org","@graph":[{"@type":"WebPage","@id":"https:\/\/ayore.org\/es\/cultura\/ensenanzas\/ecarai-davide-las-noticias-sobre-dupade-llegaran-a-todo-el-mundo\/","url":"https:\/\/ayore.org\/es\/cultura\/ensenanzas\/ecarai-davide-las-noticias-sobre-dupade-llegaran-a-todo-el-mundo\/","name":"Ecarai (Davide\u0301) \u2013 Las noticias sobre Dupade llegar\u00e1n a todo el mundo &#8226; AYORE.ORG","isPartOf":{"@id":"https:\/\/ayore.org\/#website"},"datePublished":"2019-05-24T01:15:51+00:00","dateModified":"2019-05-24T01:15:53+00:00","breadcrumb":{"@id":"https:\/\/ayore.org\/es\/cultura\/ensenanzas\/ecarai-davide-las-noticias-sobre-dupade-llegaran-a-todo-el-mundo\/#breadcrumb"},"inLanguage":"es-AR","potentialAction":[{"@type":"ReadAction","target":["https:\/\/ayore.org\/es\/cultura\/ensenanzas\/ecarai-davide-las-noticias-sobre-dupade-llegaran-a-todo-el-mundo\/"]}]},{"@type":"BreadcrumbList","@id":"https:\/\/ayore.org\/es\/cultura\/ensenanzas\/ecarai-davide-las-noticias-sobre-dupade-llegaran-a-todo-el-mundo\/#breadcrumb","itemListElement":[{"@type":"ListItem","position":1,"name":"Inicio","item":"https:\/\/ayore.org\/es\/"},{"@type":"ListItem","position":2,"name":"Cultura","item":"https:\/\/ayore.org\/es\/cultura\/"},{"@type":"ListItem","position":3,"name":"Ense\u00f1anzas","item":"https:\/\/ayore.org\/es\/cultura\/ensenanzas\/"},{"@type":"ListItem","position":4,"name":"Ecarai (Davide\u0301) \u2013 Las noticias sobre Dupade llegar\u00e1n a todo el mundo"}]},{"@type":"WebSite","@id":"https:\/\/ayore.org\/#website","url":"https:\/\/ayore.org\/","name":"AYORE.ORG","description":"Idioma, Cultura e Historia de la Tribu Ayor\u00e9","potentialAction":[{"@type":"SearchAction","target":{"@type":"EntryPoint","urlTemplate":"https:\/\/ayore.org\/?s={search_term_string}"},"query-input":{"@type":"PropertyValueSpecification","valueRequired":true,"valueName":"search_term_string"}}],"inLanguage":"es-AR"}]}},"_links":{"self":[{"href":"https:\/\/ayore.org\/es\/wp-json\/wp\/v2\/pages\/3998","targetHints":{"allow":["GET"]}}],"collection":[{"href":"https:\/\/ayore.org\/es\/wp-json\/wp\/v2\/pages"}],"about":[{"href":"https:\/\/ayore.org\/es\/wp-json\/wp\/v2\/types\/page"}],"author":[{"embeddable":true,"href":"https:\/\/ayore.org\/es\/wp-json\/wp\/v2\/users\/5"}],"replies":[{"embeddable":true,"href":"https:\/\/ayore.org\/es\/wp-json\/wp\/v2\/comments?post=3998"}],"version-history":[{"count":2,"href":"https:\/\/ayore.org\/es\/wp-json\/wp\/v2\/pages\/3998\/revisions"}],"predecessor-version":[{"id":4000,"href":"https:\/\/ayore.org\/es\/wp-json\/wp\/v2\/pages\/3998\/revisions\/4000"}],"up":[{"embeddable":true,"href":"https:\/\/ayore.org\/es\/wp-json\/wp\/v2\/pages\/298"}],"wp:attachment":[{"href":"https:\/\/ayore.org\/es\/wp-json\/wp\/v2\/media?parent=3998"}],"curies":[{"name":"wp","href":"https:\/\/api.w.org\/{rel}","templated":true}]}}