{"id":3992,"date":"2019-05-24T01:04:05","date_gmt":"2019-05-24T01:04:05","guid":{"rendered":"https:\/\/ayore.org\/?page_id=3992"},"modified":"2019-05-24T01:04:06","modified_gmt":"2019-05-24T01:04:06","slug":"ecarai-davide-no-odiemos-a-los-que-llevan-las-palabras-de-dupade","status":"publish","type":"page","link":"https:\/\/ayore.org\/es\/cultura\/ensenanzas\/ecarai-davide-no-odiemos-a-los-que-llevan-las-palabras-de-dupade\/","title":{"rendered":"Ecarai (Davide\u0301) \u2013 No odiemos a los que llevan las Palabras de Dupade"},"content":{"rendered":"\n<p><em>J\u00e9 ca\nyetajo Dupade ujnomei jnung\u00f3rone ore<\/em><\/p>\n\n\n\n<p><strong><em>La ense\u00f1anza de Ecarai:<\/em><\/strong><br>Te estoy diciendo que no debes odiar a los que predican la palabra de <em>Dupade<\/em>. No debemos menospreciar a quienes llevan la palabra de <em>Dupade<\/em> a otros lugares. Y no deber\u00edamos ser como aquellos que vivieron hace mucho tiempo que odiaban a aquellos que cre\u00edan en <em>Dupade<\/em>.<\/p>\n\n\n\n<p><strong><em>El profeta Jerem\u00edas: <\/em><\/strong><em>(Jerem\u00edas 20:1, 2)<\/em><br>Leemos en las Escrituras que pusieron cadenas en los brazos de Jerem\u00edas y se lo llevaron. Hicieron esto porque no les gust\u00f3 lo que Jerem\u00edas les predic\u00f3 de <em>la palabra de<\/em> <em>Dupade<\/em>, porque \u00e9l aplic\u00f3 lo que les dijo personalmente.<\/p>\n\n\n\n<p>Pero no deber\u00edamos ser como las personas en los d\u00edas de Jerem\u00edas y no debemos tratar a nadie como lo hicieron con Jerem\u00edas. Y no debemos odiar a aquellos entre nosotros que creen en <em>Dupade<\/em>.<\/p>\n\n\n\n<p>Sabemos que las personas a\u00fan persiguen al pueblo de <em>Dupade<\/em> por hacer lo que <em>Dupade<\/em> les ordena que hagan. Y no deber\u00edamos ser como aquellos que encadenaron a Jerem\u00edas; nunca debemos maltratar a ninguna de las personas de <em>Dupade<\/em>, a ninguno de los que predican su palabra, ni a los que son misioneros.<\/p>\n\n\n\n<p>La palabra de <em>Dupade<\/em> dice: &#8220;Si alguien maldice a un creyente m\u00edo, tambi\u00e9n maldecir\u00e9 a esa persona&#8221;. Por lo tanto, te estoy diciendo en este momento, que no debemos maldecir a los que creen en <em>Dupade<\/em>, aquellos que llevan su palabra a otros lugares.<\/p>\n\n\n\n<p><strong><em>Los ayoreos sab\u00edan que hab\u00eda un Dupade:<\/em><\/strong><br>Sabes que nuestros antepasados \u200b\u200btem\u00edan a <em>Dupade<\/em> hace mucho tiempo cuando todav\u00eda estaban en el bosque, como lo hac\u00edan todos los dem\u00e1s grupos tribales. Todos sab\u00edamos que hab\u00eda un <em>Dupade<\/em>, pero no ten\u00edamos idea de que hab\u00eda un libro con sus palabras.&nbsp; <\/p>\n\n\n\n<p>Pero nosotros, que somos sus descendientes, ahora sabemos acerca de las cosas de <em>Dupade<\/em>, porque tenemos su palabra. Y en ese Libro que contiene sus palabras se explica estas cosas, se cuenta las cosas que <em>Dupade<\/em> odia. Y al leer ese libro, sabemos que <em>Dupade<\/em> es quien cre\u00f3 todas las cosas.<\/p>\n\n\n\n<p><strong><em>No debemos ignorar lo que otros creyentes dicen:<\/em><\/strong>Que ninguno de nosotros ignore lo que los que creen en <em>Dupade<\/em> nos dicen. Que ninguno de nosotros maldiga a un creyente. Eso es porque esa persona pertenece a <em>Dupade<\/em>. Ahora sabemos que el poder y el amor provienen de <em>Dupade<\/em>, junto con todas las cosas buenas. Sabemos que esto es cierto porque nuestros l\u00edderes nos han contado sobre estas cosas cuando nos han ense\u00f1ado del Libro de <em>Dupade<\/em>.<\/p>\n\n\n\n<p>Lo \u00fanico que sab\u00edamos hace mucho tiempo era que hab\u00eda un <em>Dupade<\/em>, pero no sab\u00edamos nada de sus palabras. Solo hemos aprendido sobre las cosas de <em>Dupade<\/em> porque ahora tenemos su Palabra. Y ahora sabemos algo que nuestros antepasados \u200b\u200bno sab\u00edan, que <em>Dupade<\/em> odia el pecado. \u00c9l odia el disputar y la critica. Odia la desobediencia. Este <em>Dupade<\/em> quiere cosas buenas para nosotros, y quiere que hagamos cosas buenas, y acepta las cosas que hacemos para \u00e9l.<\/p>\n\n\n\n<p><strong><em>Jerem\u00edas sufri\u00f3 por darle a la gente los mensajes de Dupade:<\/em><\/strong><br><em>Dupade<\/em> le dijo a Jerem\u00edas: &#8220;Ve y ense\u00f1a a los hijos de Israel acerca de las cosas que me agradan&#8221;. Entonces, fue a ense\u00f1arles acerca de estas cosas, pero el pueblo de Israel no aceptar\u00eda sus ense\u00f1anzas. Fue entonces cuando lo encadenaron y lo llevaron a una prisi\u00f3n y lo encerraron. Odiaban lo que <em>Dupade<\/em> ten\u00eda que decir, y odiaban al siervo de <em>Dupade<\/em> que les dijo lo que <em>Dupade<\/em> dijo. Pero Jerem\u00edas no estuvo solo en esa prisi\u00f3n hace mucho tiempo, <em>Dupade<\/em> estaba all\u00ed con \u00e9l. Y castig\u00f3 a los hijos de Israel por ignorar la palabra de su Creador y no obedecer lo que les dijo que hicieran. &nbsp;&nbsp;&nbsp;&nbsp;&nbsp;&nbsp;&nbsp;&nbsp;&nbsp;&nbsp;&nbsp;&nbsp; Este es el final de mi mensaje. <em>(<\/em><em>Jerem\u00edas 29:11, 12)\n<\/em><\/p>\n\n\n\n<p><em>Ecarai &#8211; Tobit\u00e9, Bolivia &#8211; a\u00f1os 1970<\/em><br><em>Transcrito y traducido al ingl\u00e9s por: Maxine Morarie<\/em><\/p>\n\n\n<div class=\"navigation\"><div class=\"alignleft\"><a href=\"https:\/\/ayore.org\/es\/cultura\/ensenanzas\/ecarai-davide-pon-tu-mano-sobre-nosotros\/\"title=\"Ecarai (Davide\u0301) \u2013 Pon tu mano sobre nosotros\"><img loading=\"lazy\" decoding=\"async\" src=\"https:\/\/ayore.org\/wp-content\/uploads\/2018\/10\/left-arrow.png\" width=\"50\" height=\"48\" alt=\"left arrow\"><\/a><\/div><div class=\"alignright\"><a href=\"https:\/\/ayore.org\/es\/cultura\/ensenanzas\/ecarai-davide-las-noticias-sobre-dupade-llegaran-a-todo-el-mundo\/\"title=\"Ecarai (Davide\u0301) \u2013 Las noticias sobre Dupade llegar\u00e1n a todo el mundo\"><img loading=\"lazy\" decoding=\"async\" src=\"https:\/\/ayore.org\/wp-content\/uploads\/2018\/10\/right-arrow.png\" width=\"50\" height=\"48\" alt=\"right arrow\"><\/a><\/div>\n","protected":false},"excerpt":{"rendered":"<p>J\u00e9 ca yetajo Dupade ujnomei jnung\u00f3rone ore La ense\u00f1anza de Ecarai:Te estoy diciendo que no debes odiar a los que predican la palabra de Dupade. No debemos menospreciar a quienes llevan la palabra de Dupade a otros lugares. Y no<\/p>\n","protected":false},"author":5,"featured_media":0,"parent":298,"menu_order":0,"comment_status":"closed","ping_status":"closed","template":"","meta":{"footnotes":""},"class_list":["post-3992","page","type-page","status-publish","hentry"],"yoast_head":"<!-- This site is optimized with the Yoast SEO plugin v27.4 - https:\/\/yoast.com\/product\/yoast-seo-wordpress\/ -->\n<title>Ecarai (Davide\u0301) \u2013 No odiemos a los que llevan las Palabras de Dupade &#8226; AYORE.ORG<\/title>\n<meta name=\"robots\" content=\"index, follow, max-snippet:-1, max-image-preview:large, max-video-preview:-1\" \/>\n<link rel=\"canonical\" href=\"https:\/\/ayore.org\/es\/cultura\/ensenanzas\/ecarai-davide-no-odiemos-a-los-que-llevan-las-palabras-de-dupade\/\" \/>\n<meta property=\"og:locale\" content=\"es_ES\" \/>\n<meta property=\"og:type\" content=\"article\" \/>\n<meta property=\"og:title\" content=\"Ecarai (Davide\u0301) \u2013 No odiemos a los que llevan las Palabras de Dupade &#8226; AYORE.ORG\" \/>\n<meta property=\"og:description\" content=\"J\u00e9 ca yetajo Dupade ujnomei jnung\u00f3rone ore La ense\u00f1anza de Ecarai:Te estoy diciendo que no debes odiar a los que predican la palabra de Dupade. No debemos menospreciar a quienes llevan la palabra de Dupade a otros lugares. Y no\" \/>\n<meta property=\"og:url\" content=\"https:\/\/ayore.org\/es\/cultura\/ensenanzas\/ecarai-davide-no-odiemos-a-los-que-llevan-las-palabras-de-dupade\/\" \/>\n<meta property=\"og:site_name\" content=\"AYORE.ORG\" \/>\n<meta property=\"article:modified_time\" content=\"2019-05-24T01:04:06+00:00\" \/>\n<meta name=\"twitter:card\" content=\"summary_large_image\" \/>\n<meta name=\"twitter:label1\" content=\"Tiempo de lectura\" \/>\n\t<meta name=\"twitter:data1\" content=\"3 minutos\" \/>\n<script type=\"application\/ld+json\" class=\"yoast-schema-graph\">{\"@context\":\"https:\\\/\\\/schema.org\",\"@graph\":[{\"@type\":\"WebPage\",\"@id\":\"https:\\\/\\\/ayore.org\\\/es\\\/cultura\\\/ensenanzas\\\/ecarai-davide-no-odiemos-a-los-que-llevan-las-palabras-de-dupade\\\/\",\"url\":\"https:\\\/\\\/ayore.org\\\/es\\\/cultura\\\/ensenanzas\\\/ecarai-davide-no-odiemos-a-los-que-llevan-las-palabras-de-dupade\\\/\",\"name\":\"Ecarai (Davide\u0301) \u2013 No odiemos a los que llevan las Palabras de Dupade &#8226; AYORE.ORG\",\"isPartOf\":{\"@id\":\"https:\\\/\\\/ayore.org\\\/#website\"},\"datePublished\":\"2019-05-24T01:04:05+00:00\",\"dateModified\":\"2019-05-24T01:04:06+00:00\",\"breadcrumb\":{\"@id\":\"https:\\\/\\\/ayore.org\\\/es\\\/cultura\\\/ensenanzas\\\/ecarai-davide-no-odiemos-a-los-que-llevan-las-palabras-de-dupade\\\/#breadcrumb\"},\"inLanguage\":\"es-AR\",\"potentialAction\":[{\"@type\":\"ReadAction\",\"target\":[\"https:\\\/\\\/ayore.org\\\/es\\\/cultura\\\/ensenanzas\\\/ecarai-davide-no-odiemos-a-los-que-llevan-las-palabras-de-dupade\\\/\"]}]},{\"@type\":\"BreadcrumbList\",\"@id\":\"https:\\\/\\\/ayore.org\\\/es\\\/cultura\\\/ensenanzas\\\/ecarai-davide-no-odiemos-a-los-que-llevan-las-palabras-de-dupade\\\/#breadcrumb\",\"itemListElement\":[{\"@type\":\"ListItem\",\"position\":1,\"name\":\"Inicio\",\"item\":\"https:\\\/\\\/ayore.org\\\/es\\\/\"},{\"@type\":\"ListItem\",\"position\":2,\"name\":\"Cultura\",\"item\":\"https:\\\/\\\/ayore.org\\\/es\\\/cultura\\\/\"},{\"@type\":\"ListItem\",\"position\":3,\"name\":\"Ense\u00f1anzas\",\"item\":\"https:\\\/\\\/ayore.org\\\/es\\\/cultura\\\/ensenanzas\\\/\"},{\"@type\":\"ListItem\",\"position\":4,\"name\":\"Ecarai (Davide\u0301) \u2013 No odiemos a los que llevan las Palabras de Dupade\"}]},{\"@type\":\"WebSite\",\"@id\":\"https:\\\/\\\/ayore.org\\\/#website\",\"url\":\"https:\\\/\\\/ayore.org\\\/\",\"name\":\"AYORE.ORG\",\"description\":\"Idioma, Cultura e Historia de la Tribu Ayor\u00e9\",\"potentialAction\":[{\"@type\":\"SearchAction\",\"target\":{\"@type\":\"EntryPoint\",\"urlTemplate\":\"https:\\\/\\\/ayore.org\\\/?s={search_term_string}\"},\"query-input\":{\"@type\":\"PropertyValueSpecification\",\"valueRequired\":true,\"valueName\":\"search_term_string\"}}],\"inLanguage\":\"es-AR\"}]}<\/script>\n<!-- \/ Yoast SEO plugin. -->","yoast_head_json":{"title":"Ecarai (Davide\u0301) \u2013 No odiemos a los que llevan las Palabras de Dupade &#8226; AYORE.ORG","robots":{"index":"index","follow":"follow","max-snippet":"max-snippet:-1","max-image-preview":"max-image-preview:large","max-video-preview":"max-video-preview:-1"},"canonical":"https:\/\/ayore.org\/es\/cultura\/ensenanzas\/ecarai-davide-no-odiemos-a-los-que-llevan-las-palabras-de-dupade\/","og_locale":"es_ES","og_type":"article","og_title":"Ecarai (Davide\u0301) \u2013 No odiemos a los que llevan las Palabras de Dupade &#8226; AYORE.ORG","og_description":"J\u00e9 ca yetajo Dupade ujnomei jnung\u00f3rone ore La ense\u00f1anza de Ecarai:Te estoy diciendo que no debes odiar a los que predican la palabra de Dupade. No debemos menospreciar a quienes llevan la palabra de Dupade a otros lugares. Y no","og_url":"https:\/\/ayore.org\/es\/cultura\/ensenanzas\/ecarai-davide-no-odiemos-a-los-que-llevan-las-palabras-de-dupade\/","og_site_name":"AYORE.ORG","article_modified_time":"2019-05-24T01:04:06+00:00","twitter_card":"summary_large_image","twitter_misc":{"Tiempo de lectura":"3 minutos"},"schema":{"@context":"https:\/\/schema.org","@graph":[{"@type":"WebPage","@id":"https:\/\/ayore.org\/es\/cultura\/ensenanzas\/ecarai-davide-no-odiemos-a-los-que-llevan-las-palabras-de-dupade\/","url":"https:\/\/ayore.org\/es\/cultura\/ensenanzas\/ecarai-davide-no-odiemos-a-los-que-llevan-las-palabras-de-dupade\/","name":"Ecarai (Davide\u0301) \u2013 No odiemos a los que llevan las Palabras de Dupade &#8226; AYORE.ORG","isPartOf":{"@id":"https:\/\/ayore.org\/#website"},"datePublished":"2019-05-24T01:04:05+00:00","dateModified":"2019-05-24T01:04:06+00:00","breadcrumb":{"@id":"https:\/\/ayore.org\/es\/cultura\/ensenanzas\/ecarai-davide-no-odiemos-a-los-que-llevan-las-palabras-de-dupade\/#breadcrumb"},"inLanguage":"es-AR","potentialAction":[{"@type":"ReadAction","target":["https:\/\/ayore.org\/es\/cultura\/ensenanzas\/ecarai-davide-no-odiemos-a-los-que-llevan-las-palabras-de-dupade\/"]}]},{"@type":"BreadcrumbList","@id":"https:\/\/ayore.org\/es\/cultura\/ensenanzas\/ecarai-davide-no-odiemos-a-los-que-llevan-las-palabras-de-dupade\/#breadcrumb","itemListElement":[{"@type":"ListItem","position":1,"name":"Inicio","item":"https:\/\/ayore.org\/es\/"},{"@type":"ListItem","position":2,"name":"Cultura","item":"https:\/\/ayore.org\/es\/cultura\/"},{"@type":"ListItem","position":3,"name":"Ense\u00f1anzas","item":"https:\/\/ayore.org\/es\/cultura\/ensenanzas\/"},{"@type":"ListItem","position":4,"name":"Ecarai (Davide\u0301) \u2013 No odiemos a los que llevan las Palabras de Dupade"}]},{"@type":"WebSite","@id":"https:\/\/ayore.org\/#website","url":"https:\/\/ayore.org\/","name":"AYORE.ORG","description":"Idioma, Cultura e Historia de la Tribu Ayor\u00e9","potentialAction":[{"@type":"SearchAction","target":{"@type":"EntryPoint","urlTemplate":"https:\/\/ayore.org\/?s={search_term_string}"},"query-input":{"@type":"PropertyValueSpecification","valueRequired":true,"valueName":"search_term_string"}}],"inLanguage":"es-AR"}]}},"_links":{"self":[{"href":"https:\/\/ayore.org\/es\/wp-json\/wp\/v2\/pages\/3992","targetHints":{"allow":["GET"]}}],"collection":[{"href":"https:\/\/ayore.org\/es\/wp-json\/wp\/v2\/pages"}],"about":[{"href":"https:\/\/ayore.org\/es\/wp-json\/wp\/v2\/types\/page"}],"author":[{"embeddable":true,"href":"https:\/\/ayore.org\/es\/wp-json\/wp\/v2\/users\/5"}],"replies":[{"embeddable":true,"href":"https:\/\/ayore.org\/es\/wp-json\/wp\/v2\/comments?post=3992"}],"version-history":[{"count":2,"href":"https:\/\/ayore.org\/es\/wp-json\/wp\/v2\/pages\/3992\/revisions"}],"predecessor-version":[{"id":3994,"href":"https:\/\/ayore.org\/es\/wp-json\/wp\/v2\/pages\/3992\/revisions\/3994"}],"up":[{"embeddable":true,"href":"https:\/\/ayore.org\/es\/wp-json\/wp\/v2\/pages\/298"}],"wp:attachment":[{"href":"https:\/\/ayore.org\/es\/wp-json\/wp\/v2\/media?parent=3992"}],"curies":[{"name":"wp","href":"https:\/\/api.w.org\/{rel}","templated":true}]}}