{"id":399,"date":"2018-07-20T03:03:01","date_gmt":"2018-07-20T03:03:01","guid":{"rendered":"https:\/\/ayore.org\/?page_id=399"},"modified":"2019-02-23T03:12:27","modified_gmt":"2019-02-23T03:12:27","slug":"oidabiade-cosas-que-nuestros-padres-temieron","status":"publish","type":"page","link":"https:\/\/ayore.org\/es\/cultura\/creencias\/oidabiade-cosas-que-nuestros-padres-temieron\/","title":{"rendered":"Oid\u00e1biad\u00e9 &#8211; Cosas que nuestros padres temieron"},"content":{"rendered":"<p><em style=\"font-size: 1rem;\">T\u00f3dode Cucha<\/em><\/p>\n<p><strong><em>Estas son las cosas que nuestros padres tem\u00edan cuando todav\u00eda estaban en la selva:<\/em><\/strong><\/p>\n<p><strong>1.\u00a0\u00a0\u00a0\u00a0\u00a0 <em>gui\u0303or\u00e1tudie<\/em><\/strong><strong>:\u00a0 \u00a0<\/strong>Nuestros padres tem\u00edan el fruto de los \u00e1rboles *<em>gui\u0303or\u00e1tudie<\/em>, ya que podr\u00edan causar que te mueras\u00a0 \u2013 se dijo que su fruto era venenoso. Ellos nunca lo comieron cruda. Durante un d\u00eda y medio coc\u00edan la fruta antes de comerla. Cuando hab\u00eda pasado mucho tiempo en el fuego lo com\u00edan, pero nunca se lo comieron cruda.<\/p>\n<p><strong> 2.\u00a0 \u00a0<em><strong>\u00e1rbole<\/strong>s t\u00f3jnanie<\/em><\/strong><strong>:<\/strong>\u00a0\u00a0\u00a0 Tambi\u00e9n debemos mencionar que nuestros padres tem\u00edan los\u00a0 <em>\u00e1rboles t\u00f3jnanie<\/em>. Este es el fruto que nuestras madres utilizaban para te\u00f1ir el hilo; se lavaban bien las manos despu\u00e9s de usarlo, sabiendo que podr\u00eda causarles da\u00f1o.\u00a0 Ellos se frotaban las manos con tierra primero, y luego las lavaban con agua. El \u00e1rbol <em>tojna<\/em> trae sue\u00f1os, de acuerdo a nuestras antepasadas; de acuerdo a nuestras antepasadas, cada vez que uno so\u00f1aba con el \u00e1rbol <em>tojna<\/em>, su sue\u00f1o se har\u00eda realidad.\u00a0 Cuando se ti\u00f1an el hilo con el jugo de la fruta <em>tojna<\/em> trataron de no mancharse con el jugo. Tambi\u00e9n tem\u00edan que si un joven muchacha soltera perforar\u00eda la fruta que comenzar\u00eda r\u00e1pidamente a menstruar.<\/p>\n<p><strong>3.\u00a0 \u00a0<em>\u00e1rboles cani\u00f3jnane<\/em><\/strong><strong>:<\/strong> Las mismas cosas suceden con la fruta de los \u00e1rboles <em>cani\u00f3jnane<\/em>, cuando la muchacha perforaba la fruta comenzaba r\u00e1pidamente su menstruaci\u00f3n y la chica dejar\u00eda de comer.<\/p>\n<p><strong>4.\u00a0 \u00a0<em><strong>cac<\/strong>tus abuedie:\u00a0<\/em><\/strong>Tambi\u00e9n nos tem\u00edamos el cactus <em>abuedie<\/em>. El fruto de este tipo de cactus tiene la piel de color rojo y es muy roja dentro de la fruta tambi\u00e9n. Nuestros padres sol\u00edan decir: &#8220;Yo estoy estre\u00f1ido. He estado comiendo el fruto del cactus <em>abuedie<\/em>.\u201d\u00a0 Sus heces ser\u00edan duras y eso les daba miedo. Tem\u00edan el estre\u00f1imiento y el dolor que los causar\u00eda a ellos. En referencia a las heces duras, ellos agonizaban de tener una evacuaci\u00f3n intestinal. Eso era algo que tem\u00edan cuando estaban en la selva &#8211; la dieta que les causaba estar estre\u00f1ido.<\/p>\n<p><strong>5.\u00a0 \u00a0<em><strong>c<\/strong>actus datuadie<\/em><\/strong><strong>, <em>porade:\u00a0<\/em><\/strong>Estos dos tipos de cactus tambi\u00e9n causaron a la gente a ser estre\u00f1ido<em>.<\/em><\/p>\n<p><strong>6.\u00a0 \u00a0<em>\u00e1rboles esodie<\/em><\/strong><strong>:\u00a0<\/strong>Entre los \u00e1rboles que tem\u00edan,\u00a0 eran los \u00e1rboles <em>es\u00f3die. <\/em>Tem\u00edan la fruta de ese tipo de \u00e1rbol; la fruta era negro en el exterior, y de color blanco lechoso en el interior.\u00a0 Dicen que cuando se ingieren las semillas que les har\u00eda estre\u00f1ido. Las heces duras y el estre\u00f1imiento les causan gran temor, por lo que son cuidadosos de no tragar las semillas de la fruta.<\/p>\n<p><strong> 7.\u00a0<\/strong> \u00a0<strong><em>\u00e1rboles du\u0303janie:<\/em><\/strong><em>\u00a0<\/em>El fruto de los \u00e1rboles <em>du\u0303janie, <\/em>que son rojos en color, tiene el mismo efecto que los de la <em>esodie<\/em>, y por eso lo tem\u00edan tambi\u00e9n. La ingesti\u00f3n de las semillas de esta fruta tambi\u00e9n puede causar estre\u00f1imiento, algo muy temido por los ayoreos.<\/p>\n<p><strong>8.\u00a0 \u00a0<em>semillas de la sand\u00eda<\/em><\/strong><strong>:\u00a0<\/strong>Nuestros padres tambi\u00e9n tem\u00edan las semillas de las sand\u00edas. Es por eso que muelen las semillas de las sand\u00edas y las comen molidas. Cuando nuestros padres quedaron estre\u00f1idos de comer semillas de sand\u00eda ten\u00edan los mismos s\u00edntomas que cuando comieron el fruto del cactus &#8211; heces duras y grandes dificultades para pasarlos.<\/p>\n<p><strong>9.\u00a0 \u00a0\u00a0<em>\u00e1rboles cuyadie<\/em><\/strong><strong>:\u00a0<\/strong>Nuestros padres tambi\u00e9n tem\u00edan la fruta de los \u00e1rboles <em>cuyadie.<\/em>\u00a0 No nos dejaban dormir con la cabeza hacia los \u00e1rboles <em>cuyadie<\/em>, porque dec\u00edan que nuestros abuelos lo hicieron y que so\u00f1aban con el \u00e1rbol y mor\u00edan. Nuestros antepasados \u200b\u200btambi\u00e9n tuvieron gran temor cuando los troncos de este tipo de \u00e1rbol se quemaba; dijeron que el \u00e1rbol podr\u00eda caer sobre alguien o que enviar\u00eda un jaguar a comer a alguien.<\/p>\n<p><strong><em>10.\u00a0 \u00a0 cuya ed\u00f3raque:\u00a0<\/em><\/strong>Una mujer que come la fruta sin c\u00e1scara del \u00e1rbol <em>cuya<\/em> ser\u00e1 abofeteado por su marido.<\/p>\n<p><strong>11.\u00a0 <em><strong>e<\/strong>xcrementos de venados<\/em><\/strong><strong>:\u00a0<\/strong>Nuestros padres tambi\u00e9n tem\u00edan excrementos de venados. El ciervo defeca y deja excrementos y nuestros padres ten\u00edan miedo de dormir con la cabeza apuntando en la direcci\u00f3n de los excrementos. \u00a0Si sus cabezas estaban en la direcci\u00f3n de los excrementos so\u00f1ar\u00edan acerca de los excrementos y el esp\u00edritu de los ciervos vendr\u00eda por ellos. Si un ciervo sopla sobre usted, su est\u00f3mago se hincha y morir\u00e1s.<\/p>\n<p><strong>12.\u00a0<\/strong>\u00a0<strong><em>\u00e1rboles donde los ciervos se frotaron las astas:<\/em><\/strong>\u00a0tambi\u00e9n tem\u00edan los \u00e1rboles donde los ciervos se frotaban las astas ; ciervos hacen frotar los talones de sus peque\u00f1os cuernos en los \u00e1rboles. Ellos prendieron fuego a las ra\u00edces expuestas de los \u00e1rboles donde el ciervo hab\u00eda frotado sus astas para que el \u00e1rbol se quemar\u00eda.<\/p>\n<p><strong>13.\u00a0 <em>marcas de ara\u00f1azos de la variedad m\u00e1s peque\u00f1a de armadillos:\u00a0<\/em><\/strong>Tambi\u00e9n tem\u00edan las marcas de ara\u00f1azos de la variedad m\u00e1s peque\u00f1a de los armadillos cuando los encontraban en la selva. Cuando se acostaron nuestras madres tuvieron cuidado de no dormir con la cabeza en la direcci\u00f3n de las marcas de armadillos.<strong><em>\u00a0\u00a0\u00a0\u00a0\u00a0\u00a0\u00a0\u00a0 <\/em><\/strong><\/p>\n<p><strong>14.\u00a0 <em><strong>marcas<\/strong> de ara\u00f1azos del oso hormiguero<\/em><\/strong><strong>:<\/strong>\u00a0Tambi\u00e9n tem\u00edan las marcas de ara\u00f1azos del <em>oso hormiguero<\/em> en la selva y evitaron dormir con la cabeza hacia las marcas de los ara\u00f1azos. Dijeron que si durmieron con la cabeza en la direcci\u00f3n de las marcas de ara\u00f1azos que ser\u00edan destruidos por el fuego.<\/p>\n<p><strong>15.\u00a0 <em><strong>s<\/strong>enderos de los animales<\/em><\/strong>: Cuando los senderos de los animales se cruzaron, tem\u00edan esto tambi\u00e9n. Tem\u00edan todos los excrementos y se quedaron lejos de ellos. No hicieron sus campamentos donde hab\u00edan senderos de animales, y tem\u00edan seguir el sendero de un animal porque cre\u00edan si lo hicieran, el animal vendr\u00eda por ellos. Rara vez viajaron en uno de los senderos, y nunca dorm\u00edan con las cabezas en la direcci\u00f3n de un sendero.<\/p>\n<p><strong>16.\u00a0\u00a0<em>excrementos de animales: <\/em><\/strong>Ten\u00edan miedo de todo tipo de excrementos, y se quedaron lejos de ellos.<\/p>\n<p><strong>17.\u00a0<\/strong> <strong><em>tortugas<\/em><\/strong><strong>:<\/strong>\u00a0 Tambi\u00e9n tem\u00edan tortugas, los que comimos en la selva. Y siempre nos recordaron a los ni\u00f1os a lavarse las manos despu\u00e9s de comer carne de tortuga. Tem\u00edan que si tendr\u00edamos grasa en las manos nos so\u00f1ar\u00edamos con ellos y ellos vendr\u00edan y nos llevar\u00edan con ellos.<\/p>\n<p><strong> 18.\u00a0 <em><strong>o<\/strong>so hormigueros<\/em><\/strong><strong>:<\/strong>\u00a0Tem\u00edan los <em>osos hormigueros<\/em> y tuvieron cuidado de lavar la grasa de las manos despu\u00e9s de comer su carne. Dijeron que nuestros abuelos no se lavaron las manos, y luego so\u00f1aban con ellos y ellos entraron en ellos y les hizo actuar como ellos. Nuestros abuelos se comportaban como osos hormigueros y rayaron el suelo.\u00a0 La grasa podr\u00eda hacerles so\u00f1ar, y cuando so\u00f1aban con ellos, los osos hormigueros llegaron por ellos. Las cosas que tememos eran las cosas que nuestros abuelos nos hab\u00edan contado.<\/p>\n<p><strong>19.\u00a0 <em><strong>ar<\/strong>madillos<\/em><\/strong><strong>:<\/strong>\u00a0Hab\u00edan muchas cosas que tem\u00edan sobre los armadillos. So\u00f1ar con un armadillo podr\u00eda hacerle morir, o podr\u00eda causar que usted pueda ser atra\u00eddos hacia la selva por los armadillos. Los lagartos e iguanas har\u00edan las mismas cosas. Era tan peligroso para so\u00f1ar con ellos como lo fue a so\u00f1ar con los armadillos. Fue fatal para so\u00f1ar con ellos, y era una cosa terrible para ser tomado por ellos. Nuestros abuelos tem\u00edan todas estas cosas. Hab\u00edan much\u00edsimas cosas que fueron temidos por nuestros abuelos.<\/p>\n<p><strong>20.\u00a0 <em><strong>cer<\/strong>dos salvajes:\u00a0<\/em><\/strong>Tem\u00edan a los <em>cerdos salvajes<\/em> tambi\u00e9n, as\u00ed que nunca durmieron con la grasa de la carne en las manos. Tampoco anduvieron en sus senderos. El peligro fue en so\u00f1ar con ellos,\u00a0 as\u00ed que ten\u00edan miedo dormir con la grasa en las manos, y evitaban sus senderos en la selva. Cuando so\u00f1aban sobre ellos pod\u00edan verles a los cerdos y los cerdos pudieran verlos a ellos tambi\u00e9n. Y es entonces cuando los cerdos salvajes ven\u00edan para llev\u00e1rselos. Y nuestros abuelos tem\u00edan incluso los surcos que hicieron en sus senderos. Hab\u00edan much\u00edsimas cosas que fueron temidos por nuestros abuelos.<\/p>\n<p><strong><em>Estas eran las cosas que nuestros abuelos tem\u00edan hace mucho tiempo cuando vagaban por las selvas:<\/em><\/strong><\/p>\n<p>Tanto nuestras madres como nuestros padres ten\u00edan temores.\u00a0 (As\u00ed digo aunque no se muy bien acerca de los temores de ellos.)\u00a0 Pero lo que s\u00e9 es que ellos procuraron no dormir en la direcci\u00f3n de las cosas temidas por ellos. Adem\u00e1s se que sol\u00edan quemar las cosas de las cuales ten\u00edan miedo. Hab\u00edan much\u00edsimas cosas que fueron temidos por nuestros padres.<\/p>\n<p>S\u00ed, nuestros abuelos tambi\u00e9n tem\u00edan muchas cosas, y por mucho tiempo nosotros, sus descendientes, ten\u00edamos los mismos temores.<\/p>\n<p>Pero en estos d\u00edas ya no tememos estas cosas. Eso es porque hemos observado que los que no son ayoreos no temen estas cosas, porque creen en Dios. Nos vemos m\u00e1s claramente ahora y es por eso que ya no tememos lo que tem\u00edan nuestros abuelos. Pero durante muchos a\u00f1os hemos seguido transmitiendo a otras generaciones los miedos de nuestros abuelos. Eso es debido a que cre\u00edamos lo que nos contaron acerca de los animales que vienen a llevarnos.<\/p>\n<p><strong><em>Oid\u00e1biad\u00e9 cuenta una historia acerca de lo que hizo Dejabi en relaci\u00f3n con uno de nuestros tab\u00faes: <\/em><\/strong><\/p>\n<p>En una ocasi\u00f3n, despu\u00e9s de haber trasladado a Campo Loro, despu\u00e9s de comer carne de cerdo salvaje, Dejabi llam\u00f3 la atenci\u00f3n sobre sus manos y dijo, &#8220;Mira, todo el mundo, voy a demostrar a ustedes que el Se\u00f1or tiene poder sobre nuestros tab\u00faes. Yo no voy a lavarme las manos, y yo no voy a so\u00f1ar y nada va a pasarme a m\u00ed.\u201d<\/p>\n<p>Esto sorprendi\u00f3 a todos. Por la ma\u00f1ana le preguntaron si \u00e9l hab\u00eda so\u00f1ado con los cerdos salvajes. \u00c9l dijo: &#8220;No, y dorm\u00ed muy bien.&#8221;<\/p>\n<p>M\u00e1s tarde unas erupciones aparecieron en sus manos, y dijeron: &#8220;Aj\u00e1, son los cerdos salvajes que causaron la erupci\u00f3n.&#8221;<\/p>\n<p>Pero Dejabi les dijo: \u201cNo es el cerdo salvaje en absoluto. Sin duda esto le sucedi\u00f3 a nuestros abuelos en el principio &#8211; uno de ellos ten\u00eda una erupci\u00f3n en las manos. La grasa irrit\u00f3 a sus manos, y \u00e9l invent\u00f3 la historia de que fueron los cerdos salvajes para que la gente no se olvide de lavarse las manos despu\u00e9s de comer la carne para evitar contraer una erupci\u00f3n.<\/p>\n<p><strong><em>Otras cosas temidas por nuestros abuelos:<\/em><\/strong><\/p>\n<p>Nuestros abuelos tem\u00edan los tapires y sus senderos porque cre\u00edan que pod\u00edan venir y llev\u00e1rselos. Es por eso que cuando mataron a un tapir que hicieron una ceremonia para librarse de la culpa por haber derramado la sangre del tapir. Cre\u00edan que los que so\u00f1aban con el tapir andar\u00edan como un tapir <em>p\u00f5-p\u00f5-p\u00f5. <\/em>Fueron muy cuidadosos de acostarse en la direcci\u00f3n de los excrementos de animales. Hab\u00eda muchas otras cosas que tem\u00edan en la selva,\u00a0 adem\u00e1s de la danta (tapir).<\/p>\n<p><strong><em>Tambi\u00e9n tem\u00edan el ganado de las personas que no eran ayoreos:<\/em><\/strong><\/p>\n<p>Ellos tuvieron el cuidado de los excrementos del ganado para que nada de esto los tocar\u00eda.\u00a0 Evitaron hacer sus campamentos cerca de donde el ganado hab\u00edan estado. Ellos cre\u00edan que el so\u00f1ar de ganado traer\u00eda el ganado para llev\u00e1rselos. Lo que usted so\u00f1aba se convertir\u00eda en su realidad.<\/p>\n<p><strong><em>Tambi\u00e9n tem\u00edan las cosas que hab\u00edan sido abandonados en la selva:<\/em><\/strong><\/p>\n<p>Ellos no se acercaban a los campos despejados en la selva, o a cualquiera de las cosas que la gente abandonaban en la selva. Sab\u00edamos que hab\u00eda un momento en que hab\u00edan luchado en las selvas y que los lugares despejados y los artefactos y caminos eran de esa \u00e9poca. Vimos la posibilidad de que las mismas personas podr\u00edan regresar a matarnos a nosotros, aunque no sab\u00edamos qui\u00e9nes eran o de d\u00f3nde hab\u00edan venido esa gente que vivieron en aquel tiempo. Pero sabemos que lucharon en nuestra tierra porque vimos evidencia de ellos en todas partes. (\u00bfPodr\u00eda haber sido la *Guerra del Chaco?)<\/p>\n<p><em>*La <strong>guerra del Chaco<\/strong>, entre Paraguay y Bolivia, se libr\u00f3 desde el 9 de septiembre del a\u00f1o 1932 hasta el 12 de junio de 1935, por el control del Chaco Boreal.<\/em><\/p>\n<p><em>Oid\u00e1biad\u00e9 \u2013 Campo Loro, Paraguay \u2013 1988.<\/em><\/p>\n<p><em>Transcrito y traducido al espan\u0303ol por: Maxine Morarie.<\/em><\/p>\n<div class=\"navigation\"><div class=\"alignleft\"><a href=\"https:\/\/ayore.org\/es\/cultura\/creencias\/oidabiade-llegaron-al-borde-de-dia\/\"title=\"Oid\u00e1biad\u00e9 &#8211; Llegaron al borde del d\u00eda\"><img loading=\"lazy\" decoding=\"async\" src=\"https:\/\/ayore.org\/wp-content\/uploads\/2018\/10\/left-arrow.png\" width=\"50\" height=\"48\" alt=\"left arrow\"><\/a><\/div><div class=\"alignright\"><a href=\"https:\/\/ayore.org\/es\/cultura\/creencias\/iquide-el-pajaro-podria-matar-o-danar-a-los-ayoreos\/\"title=\"I\u0301quide\u0301 &#8211; El P\u00e1jaro podr\u00eda matar o da\u00f1ar a los ayoreos\"><img loading=\"lazy\" decoding=\"async\" src=\"https:\/\/ayore.org\/wp-content\/uploads\/2018\/10\/right-arrow.png\" width=\"50\" height=\"48\" alt=\"right arrow\"><\/a><\/div>\n","protected":false},"excerpt":{"rendered":"<p>T\u00f3dode Cucha Estas son las cosas que nuestros padres tem\u00edan cuando todav\u00eda estaban en la selva: 1.\u00a0\u00a0\u00a0\u00a0\u00a0 gui\u0303or\u00e1tudie:\u00a0 \u00a0Nuestros padres tem\u00edan el fruto de los \u00e1rboles *gui\u0303or\u00e1tudie, ya que podr\u00edan causar que te mueras\u00a0 \u2013 se dijo que su fruto<\/p>\n","protected":false},"author":2,"featured_media":0,"parent":282,"menu_order":0,"comment_status":"closed","ping_status":"closed","template":"","meta":{"footnotes":""},"class_list":["post-399","page","type-page","status-publish","hentry"],"yoast_head":"<!-- This site is optimized with the Yoast SEO plugin v27.4 - https:\/\/yoast.com\/product\/yoast-seo-wordpress\/ -->\n<title>Ayore\u0301 Creencias: Cosas Que Nuestros Padres Temieron \u2022 Ayore.org<\/title>\n<meta name=\"robots\" content=\"index, follow, max-snippet:-1, max-image-preview:large, max-video-preview:-1\" \/>\n<link rel=\"canonical\" href=\"https:\/\/ayore.org\/es\/cultura\/creencias\/oidabiade-cosas-que-nuestros-padres-temieron\/\" \/>\n<meta property=\"og:locale\" content=\"es_ES\" \/>\n<meta property=\"og:type\" content=\"article\" \/>\n<meta property=\"og:title\" content=\"Ayore\u0301 Creencias: Cosas Que Nuestros Padres Temieron \u2022 Ayore.org\" \/>\n<meta property=\"og:description\" content=\"T\u00f3dode Cucha Estas son las cosas que nuestros padres tem\u00edan cuando todav\u00eda estaban en la selva: 1.\u00a0\u00a0\u00a0\u00a0\u00a0 gui\u0303or\u00e1tudie:\u00a0 \u00a0Nuestros padres tem\u00edan el fruto de los \u00e1rboles *gui\u0303or\u00e1tudie, ya que podr\u00edan causar que te mueras\u00a0 \u2013 se dijo que su fruto\" \/>\n<meta property=\"og:url\" content=\"https:\/\/ayore.org\/es\/cultura\/creencias\/oidabiade-cosas-que-nuestros-padres-temieron\/\" \/>\n<meta property=\"og:site_name\" content=\"AYORE.ORG\" \/>\n<meta property=\"article:modified_time\" content=\"2019-02-23T03:12:27+00:00\" \/>\n<meta name=\"twitter:card\" content=\"summary_large_image\" \/>\n<meta name=\"twitter:label1\" content=\"Tiempo de lectura\" \/>\n\t<meta name=\"twitter:data1\" content=\"11 minutos\" \/>\n<script type=\"application\/ld+json\" class=\"yoast-schema-graph\">{\"@context\":\"https:\\\/\\\/schema.org\",\"@graph\":[{\"@type\":\"WebPage\",\"@id\":\"https:\\\/\\\/ayore.org\\\/es\\\/cultura\\\/creencias\\\/oidabiade-cosas-que-nuestros-padres-temieron\\\/\",\"url\":\"https:\\\/\\\/ayore.org\\\/es\\\/cultura\\\/creencias\\\/oidabiade-cosas-que-nuestros-padres-temieron\\\/\",\"name\":\"Ayore\u0301 Creencias: Cosas Que Nuestros Padres Temieron \u2022 Ayore.org\",\"isPartOf\":{\"@id\":\"https:\\\/\\\/ayore.org\\\/#website\"},\"datePublished\":\"2018-07-20T03:03:01+00:00\",\"dateModified\":\"2019-02-23T03:12:27+00:00\",\"breadcrumb\":{\"@id\":\"https:\\\/\\\/ayore.org\\\/es\\\/cultura\\\/creencias\\\/oidabiade-cosas-que-nuestros-padres-temieron\\\/#breadcrumb\"},\"inLanguage\":\"es-AR\",\"potentialAction\":[{\"@type\":\"ReadAction\",\"target\":[\"https:\\\/\\\/ayore.org\\\/es\\\/cultura\\\/creencias\\\/oidabiade-cosas-que-nuestros-padres-temieron\\\/\"]}]},{\"@type\":\"BreadcrumbList\",\"@id\":\"https:\\\/\\\/ayore.org\\\/es\\\/cultura\\\/creencias\\\/oidabiade-cosas-que-nuestros-padres-temieron\\\/#breadcrumb\",\"itemListElement\":[{\"@type\":\"ListItem\",\"position\":1,\"name\":\"Inicio\",\"item\":\"https:\\\/\\\/ayore.org\\\/es\\\/\"},{\"@type\":\"ListItem\",\"position\":2,\"name\":\"Cultura\",\"item\":\"https:\\\/\\\/ayore.org\\\/es\\\/cultura\\\/\"},{\"@type\":\"ListItem\",\"position\":3,\"name\":\"Creencias\",\"item\":\"https:\\\/\\\/ayore.org\\\/es\\\/cultura\\\/creencias\\\/\"},{\"@type\":\"ListItem\",\"position\":4,\"name\":\"Oid\u00e1biad\u00e9 &#8211; Cosas que nuestros padres temieron\"}]},{\"@type\":\"WebSite\",\"@id\":\"https:\\\/\\\/ayore.org\\\/#website\",\"url\":\"https:\\\/\\\/ayore.org\\\/\",\"name\":\"AYORE.ORG\",\"description\":\"Idioma, Cultura e Historia de la Tribu Ayor\u00e9\",\"potentialAction\":[{\"@type\":\"SearchAction\",\"target\":{\"@type\":\"EntryPoint\",\"urlTemplate\":\"https:\\\/\\\/ayore.org\\\/?s={search_term_string}\"},\"query-input\":{\"@type\":\"PropertyValueSpecification\",\"valueRequired\":true,\"valueName\":\"search_term_string\"}}],\"inLanguage\":\"es-AR\"}]}<\/script>\n<!-- \/ Yoast SEO plugin. -->","yoast_head_json":{"title":"Ayore\u0301 Creencias: Cosas Que Nuestros Padres Temieron \u2022 Ayore.org","robots":{"index":"index","follow":"follow","max-snippet":"max-snippet:-1","max-image-preview":"max-image-preview:large","max-video-preview":"max-video-preview:-1"},"canonical":"https:\/\/ayore.org\/es\/cultura\/creencias\/oidabiade-cosas-que-nuestros-padres-temieron\/","og_locale":"es_ES","og_type":"article","og_title":"Ayore\u0301 Creencias: Cosas Que Nuestros Padres Temieron \u2022 Ayore.org","og_description":"T\u00f3dode Cucha Estas son las cosas que nuestros padres tem\u00edan cuando todav\u00eda estaban en la selva: 1.\u00a0\u00a0\u00a0\u00a0\u00a0 gui\u0303or\u00e1tudie:\u00a0 \u00a0Nuestros padres tem\u00edan el fruto de los \u00e1rboles *gui\u0303or\u00e1tudie, ya que podr\u00edan causar que te mueras\u00a0 \u2013 se dijo que su fruto","og_url":"https:\/\/ayore.org\/es\/cultura\/creencias\/oidabiade-cosas-que-nuestros-padres-temieron\/","og_site_name":"AYORE.ORG","article_modified_time":"2019-02-23T03:12:27+00:00","twitter_card":"summary_large_image","twitter_misc":{"Tiempo de lectura":"11 minutos"},"schema":{"@context":"https:\/\/schema.org","@graph":[{"@type":"WebPage","@id":"https:\/\/ayore.org\/es\/cultura\/creencias\/oidabiade-cosas-que-nuestros-padres-temieron\/","url":"https:\/\/ayore.org\/es\/cultura\/creencias\/oidabiade-cosas-que-nuestros-padres-temieron\/","name":"Ayore\u0301 Creencias: Cosas Que Nuestros Padres Temieron \u2022 Ayore.org","isPartOf":{"@id":"https:\/\/ayore.org\/#website"},"datePublished":"2018-07-20T03:03:01+00:00","dateModified":"2019-02-23T03:12:27+00:00","breadcrumb":{"@id":"https:\/\/ayore.org\/es\/cultura\/creencias\/oidabiade-cosas-que-nuestros-padres-temieron\/#breadcrumb"},"inLanguage":"es-AR","potentialAction":[{"@type":"ReadAction","target":["https:\/\/ayore.org\/es\/cultura\/creencias\/oidabiade-cosas-que-nuestros-padres-temieron\/"]}]},{"@type":"BreadcrumbList","@id":"https:\/\/ayore.org\/es\/cultura\/creencias\/oidabiade-cosas-que-nuestros-padres-temieron\/#breadcrumb","itemListElement":[{"@type":"ListItem","position":1,"name":"Inicio","item":"https:\/\/ayore.org\/es\/"},{"@type":"ListItem","position":2,"name":"Cultura","item":"https:\/\/ayore.org\/es\/cultura\/"},{"@type":"ListItem","position":3,"name":"Creencias","item":"https:\/\/ayore.org\/es\/cultura\/creencias\/"},{"@type":"ListItem","position":4,"name":"Oid\u00e1biad\u00e9 &#8211; Cosas que nuestros padres temieron"}]},{"@type":"WebSite","@id":"https:\/\/ayore.org\/#website","url":"https:\/\/ayore.org\/","name":"AYORE.ORG","description":"Idioma, Cultura e Historia de la Tribu Ayor\u00e9","potentialAction":[{"@type":"SearchAction","target":{"@type":"EntryPoint","urlTemplate":"https:\/\/ayore.org\/?s={search_term_string}"},"query-input":{"@type":"PropertyValueSpecification","valueRequired":true,"valueName":"search_term_string"}}],"inLanguage":"es-AR"}]}},"_links":{"self":[{"href":"https:\/\/ayore.org\/es\/wp-json\/wp\/v2\/pages\/399","targetHints":{"allow":["GET"]}}],"collection":[{"href":"https:\/\/ayore.org\/es\/wp-json\/wp\/v2\/pages"}],"about":[{"href":"https:\/\/ayore.org\/es\/wp-json\/wp\/v2\/types\/page"}],"author":[{"embeddable":true,"href":"https:\/\/ayore.org\/es\/wp-json\/wp\/v2\/users\/2"}],"replies":[{"embeddable":true,"href":"https:\/\/ayore.org\/es\/wp-json\/wp\/v2\/comments?post=399"}],"version-history":[{"count":3,"href":"https:\/\/ayore.org\/es\/wp-json\/wp\/v2\/pages\/399\/revisions"}],"predecessor-version":[{"id":3029,"href":"https:\/\/ayore.org\/es\/wp-json\/wp\/v2\/pages\/399\/revisions\/3029"}],"up":[{"embeddable":true,"href":"https:\/\/ayore.org\/es\/wp-json\/wp\/v2\/pages\/282"}],"wp:attachment":[{"href":"https:\/\/ayore.org\/es\/wp-json\/wp\/v2\/media?parent=399"}],"curies":[{"name":"wp","href":"https:\/\/api.w.org\/{rel}","templated":true}]}}