{"id":3986,"date":"2019-05-23T21:43:39","date_gmt":"2019-05-23T21:43:39","guid":{"rendered":"https:\/\/ayore.org\/?page_id=3986"},"modified":"2019-05-23T21:43:40","modified_gmt":"2019-05-23T21:43:40","slug":"ecarai-davide-pon-tu-mano-sobre-nosotros","status":"publish","type":"page","link":"https:\/\/ayore.org\/es\/cultura\/ensenanzas\/ecarai-davide-pon-tu-mano-sobre-nosotros\/","title":{"rendered":"Ecarai (Davide\u0301) \u2013 Pon tu mano sobre nosotros"},"content":{"rendered":"\n<p><em>Aj\u00e9\nbajmanai tiji yoquibai<\/em><\/p>\n\n\n\n<p><strong><em>Ajei ora a Dupade:<\/em><\/strong><br><em>Yoque Dupade<\/em>, voy a hablar contigo en este momento. Gracias porque podemos presentarnos ante t\u00ed esta tarde. Bend\u00edcenos ahora, <em>Dupade<\/em>. Pon tu mano sobre todos nosotros, <em>Dupade<\/em>, sobre *David\u00e9 y el resto de nosotros, esta tarde. <\/p>\n\n\n\n<p>David\u00e9 nos ense\u00f1ar\u00e1 cosas diferentes, <em>Yoque Dupade<\/em>, y estamos agradecidos por ello. Pon tu mano poderosa ahora mismo, <em>Dupade<\/em>, sobre todos nosotros, todos que estamos en este pueblo. Gracias, <em>Yoque Dupade<\/em>, por las buenas ense\u00f1anzas de David\u00e9 esta tarde. Y estoy agradecido por tu palabra, <em>Dupade<\/em>. Es un privilegio para m\u00ed presentar ante ti todos los que estamos aqu\u00ed esta tarde.<br><br>Sabes que no hay nadie m\u00e1s que podamos encargar, <em>Dupade,<\/em> y t\u00fa eres el \u00fanico que env\u00eda gente a tus recados, <em>Dupade,<\/em> porque eres poderoso. T\u00fa controlas todo, y eres un gran sanador. Est\u00e1s por encima de todo lo que hay, <em>Dupade<\/em>. Pon tu mano sobre nosotros, <em>Dupade<\/em>, en la noche, durante el d\u00eda, todos los d\u00edas, <em>Dupade<\/em>.<br><br>Quita de dolor que tenemos en nuestros cuerpos, <em>Dupade<\/em>. Cura nuestras toses y las otras enfermedades que tenemos, <em>Dupade<\/em>: haz esto por las mujeres, los ni\u00f1os y los hombres, todos ellos. Borra el dolor de todos nuestros cuerpos, <em>Dupade.<\/em> Que seamos fuertes, <em>Dupade<\/em>, para que podamos enfrentarnos cada d\u00eda con buena salud.<br><br>Estaremos escuchando <em>tu Palabra<\/em> de la boca de David\u00e9, ahora. Estoy tan agradecido de poder hacer un llamamiento a t\u00ed, <em>Dupade<\/em>. Tu sabes que yo no soy indeciso acerca de tu Hijo Jes\u00fas y que yo le he pedido a \u00e9l entrar a mi coraz\u00f3n. \u00c9l es el \u00fanico que supera las cosas. No te hemos olvidado, <em>Dupade<\/em>. Y estamos muy agradecidos de poder venir ante ti esta tarde. Estamos listos para recibir <em>tu Palabra<\/em>.<br><br>Velar por todos los que est\u00e1n viajando, <em>Dupade<\/em>. Este con la camioneta para que funciona bien, <em>Dupade<\/em>, mientras viajan a la ciudad de Camiri, para que puedan volver r\u00e1pidamente a nosotros, debido a tu gran ayuda para con ellos.<br><br>Velar por los compatriotas de David\u00e9, en el pueblo de Tobit\u00e9, <em>Dupade<\/em>. Pon tu mano sobre ellos tambi\u00e9n, <em>Dupade<\/em>, esta misma noche. Protegerlos de cualquier da\u00f1o, <em>Dupade<\/em>, y de las enfermedades graves, <em>Dupade<\/em>. No dejes que nada les traen dolor en su pueblo, <em>Dupade<\/em>. Protegerlos de todos los males da\u00f1inos, <em>Dupade<\/em>.<br><br>Cuida a los hombres que han ido a buscarnos comida y que est\u00e1n en camino esta noche. Y te agradecemos por hacer esto, <em>Dupade<\/em>.<br><br>Acerca de Satan\u00e1s, <em>Dupade<\/em>, prot\u00e9genos todos los d\u00edas de \u00e9l; cu\u00e1n agradecido estoy esta tarde por poder pedirte estas cosas. Te hablo en el nombre de tu Hijo Jes\u00fas. Am\u00e9n.<br><br><strong><em>El hombre rico y L\u00e1zaro (Lucas 16: 19-31):<\/em><\/strong><br>Mi ense\u00f1anza ser\u00e1 sobre un hombre pobre llamado L\u00e1zaro que era creyente en <em>Dupade<\/em>, pero que no ten\u00eda comida para comer y que ir\u00eda a la casa de cierto hombre rico para pedir la comida que le hab\u00eda sobrado.&nbsp;&nbsp;&nbsp;&nbsp;&nbsp;&nbsp;&nbsp;&nbsp;&nbsp; <\/p>\n\n\n\n<p>Sabemos que Pablo Wyma en estos d\u00edas se alegra compartir lo que tiene con ustedes. Pero, en cambio, el hombre rico de quien estoy hablando, ten\u00eda un mont\u00f3n de dinero, pero \u00e9l no le prest\u00f3 ninguna atenci\u00f3n al pobre hombre que cre\u00eda en <em>Dupade<\/em> y que sol\u00eda ir a su casa.<br><br>Pero finalmente lleg\u00f3 el d\u00eda en que ambos murieron, el hombre pobre y el hombre rico tambi\u00e9n. El creyente, se dice, se encontr\u00f3 en el cielo con otros creyentes y con nuestro antepasado Abraham.<br><br>El hombre rico que ten\u00eda un mont\u00f3n de comida cuando estaba vivo, se encontr\u00f3 en <em>jnaropi\u00e9 <\/em>(el lugar de los muertos). Pero, como dije, el hombre pobre que crey\u00f3 en <em>Dupade<\/em> fue al lugar donde van los que creen en <em>Dupade<\/em> cuando ellos mueren. Pero los dos lugares estaban cerca uno del otro. Pod\u00edan ver entre s\u00ed, y se dice que el hombre rico vio a los creyentes en <em>Dupade<\/em>.<br><br>Cuando el hombre rico vio a los creyentes en <em>Dupade<\/em>, le dijo a Abraham: \u201c\u00bfPor qu\u00e9 no le manda al mendigo llamado L\u00e1zaro, que est\u00e1 all\u00ed con ustedes, que haga algo por m\u00ed? S\u00f3lo dile a sumergir la mano en un poco de agua y tocar mi lengua con el agua en su dedo&#8221;.<br><br>Pero nuestro padre Abraham le dijo: \u201cNo,\u201d eso es lo que dijo. &#8220;Eso es imposible,\u201d dijo. \u201cUn hombre que cree en <em>Dupade<\/em> no puede ir a <em>jnaropi\u00e9, <\/em>y luego volver al lugar en el que tiene la vida eterna &#8220;.<br><br>Y entonces el hombre rico le dijo a Abraham: &#8220;Bien, entonces, \u00bfpor qu\u00e9 no env\u00edas a L\u00e1zaro a mis parientes a la tierra para contarles a mis hermanos c\u00f3mo es aqu\u00ed en <em>jnaropi\u00e9<\/em>? Que no puedo soportarlo porque estoy tan sediento aqu\u00ed. &#8220;<br><br>Pero Abraham le dijo: \u201cNo, ellos tienen la <em>Palabra de<\/em> <em>Dupade<\/em> y los <em>escritos de Mois\u00e9s<\/em> en la tierra en la que viv\u00edas antes. Si escuchan la <em>Palabra de<\/em> <em>Dupade<\/em> y hacen lo que dice, terminar\u00e1n aqu\u00ed donde estamos los creyentes en <em>Dupade<\/em>,\u201d dijo. \u201cPero si ellos no prestan atenci\u00f3n a las ense\u00f1anzas de <em>la Palabra de<\/em> <em>Dupade<\/em>, entonces ellos tambi\u00e9n ir\u00e1n a donde usted est\u00e1,&#8221; eso es lo que Abraham le dijo al hombre rico.<br><br>Y Abraham le dijo la verdad, y es igual de cierto hoy, porque hay <em>Ayoreos<\/em> y <em>Coj\u00f1one<\/em> que se niegan a escuchar <em>las Palabras de Dupade<\/em>. Y finalmente llegar\u00e1 el d\u00eda en que <em>Dupade<\/em> nos llevar\u00e1 a los que creen al cielo, y, en vano, desearemos que otros estuvieran all\u00ed con nosotros, pero ser\u00e1 demasiado tarde para ellos.<br><br><strong><em>Ecarai explica lo que suceder\u00e1 cuando Jes\u00fas regrese:<\/em><\/strong><br>No ser\u00e1 posible cuando Jes\u00fas regrese para que los no creyentes lo invoquen y digan: &#8216;\u00a1Jes\u00fas! \u00a1Jes\u00fas! \u00a1Detener! Creer\u00e9 en t\u00ed ahora para poder ir contigo.\u2019 No, <em>la Palabra de Dupade<\/em> no dice que esto sea posible en absoluto.<\/p>\n\n\n\n<p>Lo que <em>la Palabra de Dupade<\/em> dice hoy es esta: &#8216;Envi\u00e9 a mis siervos al mundo para predicar <em>mi Palabra<\/em> a todos ustedes, <em>Ayor\u00e9os<\/em> y <em>Coj\u00f1one<\/em>, para que pudieran creer en m\u00ed, y aquellos que creyeron ir\u00edan conmigo al cielo, pero solo ellos.&#8217;<br><br>La <em>Palabra de<\/em> <em>Dupade<\/em> es muy clara al respecto, que, cuando Jes\u00fas regrese, no va a ser posible que el hable con aquellos de nosotros que se quedan atr\u00e1s en la tierra; va a haber un mont\u00f3n de l\u00e1grimas entre nosotros que quedamos en la tierra.<em> (Hebreos 1:1-2)<\/em><br><br>Antes de que se escribiera <em>su Palabra<\/em>, Dupade se aparec\u00eda a los hombres que vivieron hace mucho tiempo y les hablaba. Y ahora que est\u00e1 escrito, env\u00eda a aquellos que conocen <em>su Palabra<\/em> para que nos digan las buenas nuevas de su Hijo Jes\u00fas.<br><br><strong><em>El hombre rico, continu\u00f3 hablando a nuestro padre Abraham:<\/em><\/strong><br>El Hombre Rico le dijo a Abraham: &#8220;\u00a1Oh, por favor, vaya y diles a mis hermanos y a los dem\u00e1s que procuren no llegar a <em>jnaropi\u00e9!\u201d<\/em><br><br>Pero Abraham le dijo: &#8220;No, no har\u00e9 lo que dijiste que hiciera. Aquellos en la tierra que creen <em>la Palabra de<\/em> <em>Dupade<\/em> est\u00e1n dici\u00e9ndoles a la gente lo que dice <em>mi palabra<\/em>, pero la gente no cree lo que ellos dicen acerca de m\u00ed. Mis creyentes son los \u00fanicos que pueden ir a tu hermano.\u201d Esto es lo que dijo Abraham al hombre rico.<br><br>Y es lo mismo hoy. Les digo a algunos de ustedes sobre los caminos de <em>Dupade<\/em>, pero lo mismo pasa con nosotros. Algunos de ustedes se niegan a escuchar <em>la Palabra de<\/em> <em>Dupade<\/em>, y le suceder\u00e1n las mismas cosas que le sucedieron al hombre rico que le gustaba ser rico aqu\u00ed en la tierra. Mientras estaba vivo, no le gustaba <em>la Palabra de<\/em> <em>Dupade<\/em>, y <em>la Palabra de<\/em> <em>Dupade<\/em> no lo afectaba, y \u00e9l no se benefici\u00f3 de ella. \u00c9l lo rechaz\u00f3 por completo.<br><br><strong><em>Ecarai cuenta cuando crey\u00f3 en Jes\u00fas:<\/em><\/strong><br>Hace mucho tiempo, algunos de nosotros, los j\u00f3venes, le dijimos a don Len que quer\u00edamos que <em>Dupade<\/em> perdonara nuestros pecados y dijimos: &#8220;Don Len, queremos ir contigo a la ciudad de <em>Dupade<\/em> cuando Jes\u00fas regrese&#8221;.<br><br>Ha pasado mucho tiempo desde entonces. Probablemente han pasado 20 a\u00f1os desde que escuchamos por primera vez <em>la Palabra de<\/em> <em>Dupade<\/em>, pero las cosas son las mismas, pero no hemos perdido la esperanza de su venida. &nbsp;&nbsp;&nbsp;&nbsp; <br><br>Aquellas primeras personas que creyeron hace mucho tiempo esperaban que Jes\u00fas regresara en cualquier momento, y ahora es 2000 a\u00f1os despu\u00e9s y todav\u00eda estamos esperando que el <em>Hijo de<\/em> <em>Dupade<\/em>, Jes\u00fas, regrese. Y todav\u00eda creemos en <em>Dupade<\/em> y no hemos abandonado nuestra esperanza de su regreso.<em> (Mateo 24:44)<\/em><\/p>\n\n\n\n<p>Hay otro lugar en <em>la Palabra de<\/em> <em>Dupade<\/em> donde Jes\u00fas dice: &#8220;No s\u00e9 cu\u00e1ndo regresar\u00e9, pero cuando lo haga, de repente estar\u00e9 all\u00ed&#8221;.<br><br>Algunos podr\u00edan decirme: \u201cEst\u00e1s mintiendo, Ecarai; jam\u00e1s regresar\u00e1 Jes\u00fas.\u201d <br><br>Pero Jes\u00fas dijo: \u201cLes digo la verdad que voy a volver, y quiero que sean seguros de que su fe en m\u00ed es sincera, para que cuando yo aparezco de repente, ustedes van a estar listos.&#8221;<br><br>Por tanto, yo te estoy diciendo que, si alguno de ustedes quiere poner su fe en <em>Dupade<\/em>, nos dice.<br><br>No s\u00e9 si todos ustedes creen, realmente no lo s\u00e9; tampoco s\u00e9 si todos ustedes se resisten a <em>Dupade<\/em>. Pero <em>Dupade<\/em> nos dir\u00eda: no ser\u00e1 la persona que reza, o el que conoce las canciones sobre m\u00ed, o qui\u00e9n conoce <em>mi Palabra<\/em> que yo la llevar\u00e9 al cielo, sino el que tiene fe en m\u00ed.<br><br>Solo la persona que dice: &#8220;<em>Dupade<\/em>, estoy confiando en tu hijo Jes\u00fas para salvarme. Yo estoy confes\u00e1ndote mis pecados para que puedes perdonarlos y adoptarme como tu hijo. Haz esto por m\u00ed y entonces sabr\u00e9 que ir\u00e9 contigo en las nubes.\u201d<br><br><em>Dupade<\/em> borrar\u00e1 los pecados de esa persona. No vemos el proceso cuando borra los pecados, no sabemos como lo hace, pero sabemos que <em>Dupade<\/em> est\u00e1 en nuestros corazones. Nuestros corazones sienten m\u00e1s ligeros. Las cosas que nos pasan por aqu\u00ed en la tierra parecen m\u00e1s f\u00e1ciles. Tenemos el deseo de leer o escuchar <em>la Palabra de<\/em> <em>Dupade<\/em>. Y es as\u00ed como sabemos que <em>Dupade<\/em> nos ha perdonado.<br><br><strong><em>No es cu\u00e1nto sabemos sobre Dupade y su palabra lo que nos salva:<\/em><\/strong><br>Pero si alguien conoce la voluntad de <em>Dupade<\/em>, lo sabe en vano si no cree en \u00c9l, y ser\u00e1 imposible que <em>Dupade<\/em> lleve a esa persona al cielo con \u00e9l.<em> (Mateo 7:21)<\/em><br><br>La palabra de <em>Dupade<\/em> deja en claro que alguien podr\u00eda conocer <em>su Palabra<\/em>, cantar sus canciones y entender <em>su Palabra<\/em>, pero a\u00fan as\u00ed no confesar sus pecados y pedirle a <em>Dupade<\/em> que lo perdone; <em>Dupade<\/em> no podr\u00e1 llevar a tal persona para estar con \u00e9l.<em> (Efesios 2:1,4,8,9)<\/em><br><br>*Ecarai tiene un hijo llamado David, as\u00ed que muchos se refieren a \u00e9l como David\u00e9 &#8211; Padre de David. <\/p>\n\n\n\n<p>&nbsp;<strong><span style=\"text-decoration: underline;\">Clave:<\/span><\/strong><br>Dupade \u2013 Dios<br>Yoque Dupade \u2013 Nuestro Dios<br>Jnaropi\u00e9 \u2013 Lugar de los muertos<br>Ayoreos \u2013 La gente de la tribu Ayor\u00e9<br>Coj\u00f1one \u2013 La gente que no es de la tribu Ayor\u00e9<em>&nbsp;<\/em><\/p>\n\n\n\n<p><em>Ecarai &#8211; Campamento Ayor\u00e9, Bolivia &#8211; 1971<\/em><br><em>Transcrito por: Faith Wyma<\/em><br><em>Traducido al espa\u00f1ol por: Maxine Morarie<\/em><\/p>\n\n\n<div class=\"navigation\"><div class=\"alignleft\"><a href=\"https:\/\/ayore.org\/es\/cultura\/ensenanzas\/ecarai-davide-lugar-donde-desciende-la-palabra-de-dupade\/\"title=\"Ecarai (Davide\u0301) \u2013 Lugar donde desciende la Palabra de Dupade\"><img loading=\"lazy\" decoding=\"async\" src=\"https:\/\/ayore.org\/wp-content\/uploads\/2018\/10\/left-arrow.png\" width=\"50\" height=\"48\" alt=\"left arrow\"><\/a><\/div><div class=\"alignright\"><a href=\"https:\/\/ayore.org\/es\/cultura\/ensenanzas\/ecarai-davide-no-odiemos-a-los-que-llevan-las-palabras-de-dupade\/\"title=\"Ecarai (Davide\u0301) \u2013 No odiemos a los que llevan las Palabras de Dupade\"><img loading=\"lazy\" decoding=\"async\" src=\"https:\/\/ayore.org\/wp-content\/uploads\/2018\/10\/right-arrow.png\" width=\"50\" height=\"48\" alt=\"right arrow\"><\/a><\/div>\n","protected":false},"excerpt":{"rendered":"<p>Aj\u00e9 bajmanai tiji yoquibai Ajei ora a Dupade:Yoque Dupade, voy a hablar contigo en este momento. Gracias porque podemos presentarnos ante t\u00ed esta tarde. Bend\u00edcenos ahora, Dupade. Pon tu mano sobre todos nosotros, Dupade, sobre *David\u00e9 y el resto de<\/p>\n","protected":false},"author":5,"featured_media":0,"parent":298,"menu_order":0,"comment_status":"closed","ping_status":"closed","template":"","meta":{"footnotes":""},"class_list":["post-3986","page","type-page","status-publish","hentry"],"yoast_head":"<!-- This site is optimized with the Yoast SEO plugin v27.4 - https:\/\/yoast.com\/product\/yoast-seo-wordpress\/ -->\n<title>Ecarai (Davide\u0301) \u2013 Pon tu mano sobre nosotros &#8226; AYORE.ORG<\/title>\n<meta name=\"robots\" content=\"index, follow, max-snippet:-1, max-image-preview:large, max-video-preview:-1\" \/>\n<link rel=\"canonical\" href=\"https:\/\/ayore.org\/es\/cultura\/ensenanzas\/ecarai-davide-pon-tu-mano-sobre-nosotros\/\" \/>\n<meta property=\"og:locale\" content=\"es_ES\" \/>\n<meta property=\"og:type\" content=\"article\" \/>\n<meta property=\"og:title\" content=\"Ecarai (Davide\u0301) \u2013 Pon tu mano sobre nosotros &#8226; AYORE.ORG\" \/>\n<meta property=\"og:description\" content=\"Aj\u00e9 bajmanai tiji yoquibai Ajei ora a Dupade:Yoque Dupade, voy a hablar contigo en este momento. Gracias porque podemos presentarnos ante t\u00ed esta tarde. Bend\u00edcenos ahora, Dupade. Pon tu mano sobre todos nosotros, Dupade, sobre *David\u00e9 y el resto de\" \/>\n<meta property=\"og:url\" content=\"https:\/\/ayore.org\/es\/cultura\/ensenanzas\/ecarai-davide-pon-tu-mano-sobre-nosotros\/\" \/>\n<meta property=\"og:site_name\" content=\"AYORE.ORG\" \/>\n<meta property=\"article:modified_time\" content=\"2019-05-23T21:43:40+00:00\" \/>\n<meta name=\"twitter:card\" content=\"summary_large_image\" \/>\n<meta name=\"twitter:label1\" content=\"Tiempo de lectura\" \/>\n\t<meta name=\"twitter:data1\" content=\"10 minutos\" \/>\n<script type=\"application\/ld+json\" class=\"yoast-schema-graph\">{\"@context\":\"https:\\\/\\\/schema.org\",\"@graph\":[{\"@type\":\"WebPage\",\"@id\":\"https:\\\/\\\/ayore.org\\\/es\\\/cultura\\\/ensenanzas\\\/ecarai-davide-pon-tu-mano-sobre-nosotros\\\/\",\"url\":\"https:\\\/\\\/ayore.org\\\/es\\\/cultura\\\/ensenanzas\\\/ecarai-davide-pon-tu-mano-sobre-nosotros\\\/\",\"name\":\"Ecarai (Davide\u0301) \u2013 Pon tu mano sobre nosotros &#8226; AYORE.ORG\",\"isPartOf\":{\"@id\":\"https:\\\/\\\/ayore.org\\\/#website\"},\"datePublished\":\"2019-05-23T21:43:39+00:00\",\"dateModified\":\"2019-05-23T21:43:40+00:00\",\"breadcrumb\":{\"@id\":\"https:\\\/\\\/ayore.org\\\/es\\\/cultura\\\/ensenanzas\\\/ecarai-davide-pon-tu-mano-sobre-nosotros\\\/#breadcrumb\"},\"inLanguage\":\"es-AR\",\"potentialAction\":[{\"@type\":\"ReadAction\",\"target\":[\"https:\\\/\\\/ayore.org\\\/es\\\/cultura\\\/ensenanzas\\\/ecarai-davide-pon-tu-mano-sobre-nosotros\\\/\"]}]},{\"@type\":\"BreadcrumbList\",\"@id\":\"https:\\\/\\\/ayore.org\\\/es\\\/cultura\\\/ensenanzas\\\/ecarai-davide-pon-tu-mano-sobre-nosotros\\\/#breadcrumb\",\"itemListElement\":[{\"@type\":\"ListItem\",\"position\":1,\"name\":\"Inicio\",\"item\":\"https:\\\/\\\/ayore.org\\\/es\\\/\"},{\"@type\":\"ListItem\",\"position\":2,\"name\":\"Cultura\",\"item\":\"https:\\\/\\\/ayore.org\\\/es\\\/cultura\\\/\"},{\"@type\":\"ListItem\",\"position\":3,\"name\":\"Ense\u00f1anzas\",\"item\":\"https:\\\/\\\/ayore.org\\\/es\\\/cultura\\\/ensenanzas\\\/\"},{\"@type\":\"ListItem\",\"position\":4,\"name\":\"Ecarai (Davide\u0301) \u2013 Pon tu mano sobre nosotros\"}]},{\"@type\":\"WebSite\",\"@id\":\"https:\\\/\\\/ayore.org\\\/#website\",\"url\":\"https:\\\/\\\/ayore.org\\\/\",\"name\":\"AYORE.ORG\",\"description\":\"Idioma, Cultura e Historia de la Tribu Ayor\u00e9\",\"potentialAction\":[{\"@type\":\"SearchAction\",\"target\":{\"@type\":\"EntryPoint\",\"urlTemplate\":\"https:\\\/\\\/ayore.org\\\/?s={search_term_string}\"},\"query-input\":{\"@type\":\"PropertyValueSpecification\",\"valueRequired\":true,\"valueName\":\"search_term_string\"}}],\"inLanguage\":\"es-AR\"}]}<\/script>\n<!-- \/ Yoast SEO plugin. -->","yoast_head_json":{"title":"Ecarai (Davide\u0301) \u2013 Pon tu mano sobre nosotros &#8226; AYORE.ORG","robots":{"index":"index","follow":"follow","max-snippet":"max-snippet:-1","max-image-preview":"max-image-preview:large","max-video-preview":"max-video-preview:-1"},"canonical":"https:\/\/ayore.org\/es\/cultura\/ensenanzas\/ecarai-davide-pon-tu-mano-sobre-nosotros\/","og_locale":"es_ES","og_type":"article","og_title":"Ecarai (Davide\u0301) \u2013 Pon tu mano sobre nosotros &#8226; AYORE.ORG","og_description":"Aj\u00e9 bajmanai tiji yoquibai Ajei ora a Dupade:Yoque Dupade, voy a hablar contigo en este momento. Gracias porque podemos presentarnos ante t\u00ed esta tarde. Bend\u00edcenos ahora, Dupade. Pon tu mano sobre todos nosotros, Dupade, sobre *David\u00e9 y el resto de","og_url":"https:\/\/ayore.org\/es\/cultura\/ensenanzas\/ecarai-davide-pon-tu-mano-sobre-nosotros\/","og_site_name":"AYORE.ORG","article_modified_time":"2019-05-23T21:43:40+00:00","twitter_card":"summary_large_image","twitter_misc":{"Tiempo de lectura":"10 minutos"},"schema":{"@context":"https:\/\/schema.org","@graph":[{"@type":"WebPage","@id":"https:\/\/ayore.org\/es\/cultura\/ensenanzas\/ecarai-davide-pon-tu-mano-sobre-nosotros\/","url":"https:\/\/ayore.org\/es\/cultura\/ensenanzas\/ecarai-davide-pon-tu-mano-sobre-nosotros\/","name":"Ecarai (Davide\u0301) \u2013 Pon tu mano sobre nosotros &#8226; AYORE.ORG","isPartOf":{"@id":"https:\/\/ayore.org\/#website"},"datePublished":"2019-05-23T21:43:39+00:00","dateModified":"2019-05-23T21:43:40+00:00","breadcrumb":{"@id":"https:\/\/ayore.org\/es\/cultura\/ensenanzas\/ecarai-davide-pon-tu-mano-sobre-nosotros\/#breadcrumb"},"inLanguage":"es-AR","potentialAction":[{"@type":"ReadAction","target":["https:\/\/ayore.org\/es\/cultura\/ensenanzas\/ecarai-davide-pon-tu-mano-sobre-nosotros\/"]}]},{"@type":"BreadcrumbList","@id":"https:\/\/ayore.org\/es\/cultura\/ensenanzas\/ecarai-davide-pon-tu-mano-sobre-nosotros\/#breadcrumb","itemListElement":[{"@type":"ListItem","position":1,"name":"Inicio","item":"https:\/\/ayore.org\/es\/"},{"@type":"ListItem","position":2,"name":"Cultura","item":"https:\/\/ayore.org\/es\/cultura\/"},{"@type":"ListItem","position":3,"name":"Ense\u00f1anzas","item":"https:\/\/ayore.org\/es\/cultura\/ensenanzas\/"},{"@type":"ListItem","position":4,"name":"Ecarai (Davide\u0301) \u2013 Pon tu mano sobre nosotros"}]},{"@type":"WebSite","@id":"https:\/\/ayore.org\/#website","url":"https:\/\/ayore.org\/","name":"AYORE.ORG","description":"Idioma, Cultura e Historia de la Tribu Ayor\u00e9","potentialAction":[{"@type":"SearchAction","target":{"@type":"EntryPoint","urlTemplate":"https:\/\/ayore.org\/?s={search_term_string}"},"query-input":{"@type":"PropertyValueSpecification","valueRequired":true,"valueName":"search_term_string"}}],"inLanguage":"es-AR"}]}},"_links":{"self":[{"href":"https:\/\/ayore.org\/es\/wp-json\/wp\/v2\/pages\/3986","targetHints":{"allow":["GET"]}}],"collection":[{"href":"https:\/\/ayore.org\/es\/wp-json\/wp\/v2\/pages"}],"about":[{"href":"https:\/\/ayore.org\/es\/wp-json\/wp\/v2\/types\/page"}],"author":[{"embeddable":true,"href":"https:\/\/ayore.org\/es\/wp-json\/wp\/v2\/users\/5"}],"replies":[{"embeddable":true,"href":"https:\/\/ayore.org\/es\/wp-json\/wp\/v2\/comments?post=3986"}],"version-history":[{"count":2,"href":"https:\/\/ayore.org\/es\/wp-json\/wp\/v2\/pages\/3986\/revisions"}],"predecessor-version":[{"id":3988,"href":"https:\/\/ayore.org\/es\/wp-json\/wp\/v2\/pages\/3986\/revisions\/3988"}],"up":[{"embeddable":true,"href":"https:\/\/ayore.org\/es\/wp-json\/wp\/v2\/pages\/298"}],"wp:attachment":[{"href":"https:\/\/ayore.org\/es\/wp-json\/wp\/v2\/media?parent=3986"}],"curies":[{"name":"wp","href":"https:\/\/api.w.org\/{rel}","templated":true}]}}