{"id":3980,"date":"2019-05-23T21:19:34","date_gmt":"2019-05-23T21:19:34","guid":{"rendered":"https:\/\/ayore.org\/?page_id=3980"},"modified":"2019-05-23T21:19:36","modified_gmt":"2019-05-23T21:19:36","slug":"ecarai-davide-lugar-donde-desciende-la-palabra-de-dupade","status":"publish","type":"page","link":"https:\/\/ayore.org\/es\/cultura\/ensenanzas\/ecarai-davide-lugar-donde-desciende-la-palabra-de-dupade\/","title":{"rendered":"Ecarai (Davide\u0301) \u2013 Lugar donde desciende la Palabra de Dupade"},"content":{"rendered":"\n<p><em>Dupade\nuruode batigade<\/em><\/p>\n\n\n\n<p><strong>Palabras de Ecarai:<\/strong><br>Estas son las palabras de <em>Dupade<\/em> en este libro que nos dej\u00f3 hace mucho tiempo. Las hemos traducido y las compartimos aqu\u00ed donde desciende la Palabra de Dios cuando nos reunimos. Pero antes de estudiarlos, vamos a &#8220;dormir un poco en los cielos&#8221; y le pediremos a <em>Dupade<\/em> que nos ayude y escuche nuestras oraciones para que no haya nada feo entre nosotros. Si hay algo de fealdad, cu\u00e9ntaselo a <em>Dupade<\/em> para que nos acepte y nos perdone. Duerme un poco en los cielos mientras nos presento a <em>Dupade<\/em>.<br><br><strong>Oraci\u00f3n de Ecarai para la congregaci\u00f3n:<\/strong><br><em>Yoque<\/em> <em>Dupade<\/em>, te estoy orando porque estoy muy agradecido por ti, pero no s\u00e9 si todos nuestros compatriotas aqu\u00ed se han presentado a ti, si han venido a ti esta noche, solo t\u00fa lo sabes. Ay\u00fadanos a entender <em>tus Palabras<\/em>. Reconocemos que has dado cosas buenas a tus creyentes. No solo eres bueno para nosotros, <em>Yoque<\/em> <em>Dupade<\/em>, sino que incluyes al mundo entero cuando env\u00edas lluvia a nuestras cosechas de la temporada de lluvias.<br><br>Te pido, en este momento, Se\u00f1or Jes\u00fas, que ayudes realmente a tus creyentes aqu\u00ed <em>donde tu Palabra desciende<\/em>. Tu padre, despu\u00e9s de que \u00c9l hab\u00eda terminado su trabajo, descans\u00f3, y \u00c9l nos ha dado un d\u00eda de descanso, un d\u00eda en que podemos descansar de nuestro trabajo aqu\u00ed en nuestro pueblo. Por esta raz\u00f3n, te pedimos que nos ayudes con buenos ojos este d\u00eda mientras escuchamos <em>tu Palabra<\/em>, que no pensemos en el trabajo, s\u00f3lo en <em>tu Palabra<\/em>. <em>Dupade<\/em>, t\u00fa eres consciente del hecho de que tenemos mucho trabajo que nos espera, pero cuando decidimos servirte a ti primero, tu quedas complacido y nos mantienes a salvo mientras trabajamos. Ayuda a todos los creyentes aqu\u00ed en Tobit\u00e9 a crecer en su fe, para que podamos regocijarnos juntos y ser felices.<br><br>Rezo por los misioneros que viven aqu\u00ed en nuestro pueblo para que podamos aprender m\u00e1s y m\u00e1s de <em>tu Palabra<\/em> de sus labios. Sabemos que ellos entienden muy bien tu <em>Palabra<\/em>, pero les resulta dif\u00edcil hablar nuestro idioma, por lo que te rogamos a ti que les ayudes a aprender hablar mejor nuestro idioma, <em>Yoque Dupade.<\/em><\/p>\n\n\n\n<p>Oramos por nuestros compatriotas Rosad\u00e9 y Sor\u00edan\u00e9, que recientemente han regresado a nosotros. Ellos creen en ti. S\u00e9 que crecemos en nuestra fe aqu\u00ed en nuestro pueblo, pero es por <em>el aterrizaje de sus Palabras<\/em> que cualquiera de nosotros puede irse de aqu\u00ed, y no dejar de estudiar sus Palabras donde sea que vayan, incluso como estos hombres lo han hecho en todas partes donde han ido.<br><br><em>Dupade<\/em>, te pido por todas estas cosas en el nombre de tu hijo Jes\u00fas, Am\u00e9n.<br><br><strong>El mensaje de Ecarai: <\/strong><em>(Juan 16:22)<\/em><br>Quiero compartir con ustedes lo que Jes\u00fas ense\u00f1\u00f3 acerca de su Padre mientras estaba todav\u00eda en la tierra. Esto se encuentra en el Evangelio de San Juan. Les dijo a sus creyentes sobre lo que \u00e9l ten\u00eda que cumplir mientras estuviera todav\u00eda en la tierra. Les dijo que la gente le iba a amenazar. A pesar de ser todopoderoso, Jes\u00fas escuch\u00f3 las amenazas de las personas que lo quer\u00edan matar. Comparti\u00f3 esto con sus creyentes y les ense\u00f1aba diciendo: &#8220;Voy a ir de nuevo al cielo, y cuando lo haga, ser\u00e1 un momento de dolor para ustedes. Pero debe ser un momento de felicidad cuando les digo que me voy.&#8221; Todo esto les dijo estando todav\u00eda con ellos.\u00a0\u00a0\u00a0\u00a0\u00a0 <br><br>Pero sus creyentes no entend\u00edan. Incluso sus disc\u00edpulos no entend\u00edan lo que significaban esas palabras. As\u00ed que susurraban entre s\u00ed, y esto es lo que dec\u00edan, &#8220;\u00bfQu\u00e9 querr\u00e1 decir esto? Una vez dice que va a ser un momento de felicidad, y la otra que ser\u00e1 un momento de dolor.&#8221; Ellos no entendieron en absoluto lo que esta ense\u00f1anza significaba.<br><br>Pero Jes\u00fas los escuch\u00f3. Sab\u00eda incluso sus pensamientos &#8211; pod\u00eda ver en las profundidades de sus mentes. Y dijo, &#8220;Supongo que simplemente no entienden mi ense\u00f1anza, por lo que est\u00e1n hablando entre ustedes&#8221;.\u00a0\u00a0\u00a0\u00a0\u00a0\u00a0\u00a0\u00a0\u00a0\u00a0\u00a0 <br><br>As\u00ed somos hoy en d\u00eda, cuando lo que ense\u00f1amos no se entiende, buscamos ejemplos que podemos usar para ayudar a que la gente entienda. Y eso es lo que hizo Jes\u00fas, les dio un ejemplo. Pero todav\u00eda no entend\u00edan. Ellos dec\u00edan: &#8220;\u00bfQu\u00e9 significan las palabras de Jes\u00fas? \u00bfPor qu\u00e9 dice que se va a ir, y que no vamos a verlo nunca m\u00e1s? No sabemos a d\u00f3nde va; no entendemos esta ense\u00f1anza suya.&#8221; <br><br>Pero Jes\u00fas explic\u00f3 su ense\u00f1anza a sus disc\u00edpulos de esta manera: &#8220;Ustedes saben que cuando una mujer est\u00e1 en labor de parto siente dolor, pero cuando da a luz, olvida todo sobre el dolor. Ella no piensa m\u00e1s en ello. Ella va felizmente por su camino y deja el sufrimiento en el pasado.<br><br>Jes\u00fas dijo: &#8220;As\u00ed va a ser cuando muera. Las personas que me maten van a estar felices de verme muerto. Por otro lado, mis creyentes me extra\u00f1ar\u00e1n, y estar\u00e1n muy tristes, porque no me ver\u00e1n m\u00e1s. Pero voy a volver a la vida, y entonces estar\u00e1n muy felices.&#8221; As\u00ed fue como Jes\u00fas les explic\u00f3 lo que quer\u00eda decir cuando dec\u00eda que estar\u00edan tristes y luego ser\u00edan felices.<br><br><strong>\u00a1Qu\u00e9 gozo ser\u00e1 cuando Jes\u00fas llegue a tomar sus creyentes!<\/strong><br>Y cuando Jes\u00fas regrese ser\u00e1 as\u00ed. Jes\u00fas muri\u00f3 cuando los <em>coj\u00f1one<\/em> lo mataron y se regocijaron de que ya no volver\u00edan a ver a Jes\u00fas. Pero cuando sus creyentes no vieron a Jes\u00fas en forma humana lo echaron de menos. Lo echaron de menos, estaban tristes y lloraron por \u00e9l. No s\u00e9 si todos los creyentes lloraron, pero algunas mujeres <em>lloraron su cercan\u00eda<\/em> (lloraron su muerte) despu\u00e9s de que se muri\u00f3\u0301.<br><br>Ahora cuando Jes\u00fas vuelva de nuevo, ser\u00e1 un momento de dolor otra vez, pero no para todos. No ser\u00e1 para nosotros los que creemos; estaremos muy contentos. Aquellos de nosotros que seamos llevados en las nubes seremos felices porque vamos a acompa\u00f1ar a Jes\u00fas al cielo. Y aquellos que no crean en Jes\u00fas estar\u00e1n tristes, porque sus parientes que son creyentes los dejar\u00e1n para irse con Jes\u00fas, y nunca volver\u00e1n a verlos. Algunos se separar\u00e1n de hermanos o hermanas. As\u00ed es como ser\u00e1 cuando Jes\u00fas regrese de nuevo: algunos ser\u00e1n como los habitantes de la tierra que estaban contentos de ver muerto a Jes\u00fas, pero al hallarse perdidos, su felicidad se convertir\u00e1 en tristeza. \u00c9l va a llevar a sus creyentes a un lugar donde van a estar completamente bien y ser\u00e1n feliz, pero al mismo tiempo, habr\u00e1 gran dolor aqu\u00ed en la tierra entre sus parientes incr\u00e9dulos.<br><br>No es posible que Jes\u00fas lleve los incr\u00e9dulos junto con los creyentes, no dice as\u00ed las Escrituras.\u00a0 No dice, &#8220;Jes\u00fas seguramente se llevar\u00e1 a todos a su ciudad en el cielo.&#8221; Usted no va a encontrar eso en su <em>Palabra.<\/em><br><br>Pero lo que encontrar\u00e1s en la Biblia es esto: las personas en una aldea que han recurrido a la <em>Palabra de Dupade<\/em> y tienen fe en <em>Dupade<\/em>, tambi\u00e9n pueden confiar en su destino final: ser\u00e1 la ciudad de <em>Dupade<\/em>.<br><br><strong>Jes\u00fas contin\u00faa explicando sus ense\u00f1anzas a sus disc\u00edpulos:<\/strong><br>Eso es lo que Jes\u00fas ense\u00f1\u00f3 a sus creyentes y c\u00f3mo les explic\u00f3 lo que quer\u00eda decir. \u00c9l dijo: &#8220;Por ahora ustedes no entienden estas cosas que les he ense\u00f1ado, pero muy pronto, sin duda, entender\u00e1n.&#8221; Y lo que Jes\u00fas dec\u00eda era cierto, porque lleg\u00f3 el d\u00eda en que entendieron; y todo sucedi\u00f3 tal como \u00e9l les dijo. Entonces le dijeron: &#8220;Jes\u00fas, \u00a1ya no diremos m\u00e1s \u2018no entiendo&#8217;!\u201d\u00a0<br><br>Termin\u00f3 su ense\u00f1anza diciendo una vez m\u00e1s que lo matar\u00edan. \u00c9l dijo: &#8220;Muy pronto van a echarme de menos. Pero ustedes me van a ver otra vez. Me ver\u00e1n&#8221;.<br><br><strong>Lo que Jes\u00fas predijo acerca de su muerte, sucedi\u00f3:<\/strong><br>Y Jes\u00fas ten\u00eda raz\u00f3n, porque <em>los coj\u00f1one<\/em> s\u00ed lo mataron &#8211; y fue sepultado &#8211; y no lo vieron m\u00e1s. Pero entonces \u00e9l regres\u00f3 a la vida, y se apareci\u00f3 a algunos de sus disc\u00edpulos dentro de una casa. Y fue entonces cuando los tristes se regocijaron de nuevo.<br><br>Esta es la ense\u00f1anza de Jes\u00fas para nosotros. Bueno, no a nosotros, era realmente para sus disc\u00edpulos, pero nos conviene aplicarla a nosotros y estar recordando lo que pas\u00f3 despu\u00e9s de su muerte: Jes\u00fas se les apareci\u00f3 dentro de la casa, y se alegraron de verlo. Les dijeron a otros creyentes que <em>el Hijo de<\/em> <em>Dupade<\/em> que hab\u00eda muerto, estaba de nuevo entre ellos. No creo que hab\u00eda mucha duda entre estos primeros hombres que creyeron en Jes\u00fas. No s\u00e9 si fueron dos meses que estuvo en su presencia, o si fueron 40 d\u00edas cuando Jes\u00fas iba y ven\u00eda entre sus creyentes en sus casas, en sus reuniones, apareci\u00e9ndose a ellos.<br><br><strong>Jes\u00fas se aparece a dos de los hombres que creyeron en \u00e9l:<\/strong><br>Pero al principio, no siempre lo reconocieron. Al principio, cuando Jes\u00fas se les apareci\u00f3, ellos dec\u00edan: &#8220;\u00bfEs este el Jes\u00fas que conocimos antes? \u00bfPero acaso no lo mataron? \u00bfNo es \u00e9l quien nos hizo?<br><br>Pero Jes\u00fas se les apareci\u00f3 y les pregunt\u00f3: &#8220;\u00bfDe qui\u00e9n est\u00e1n hablando?&#8221;\u00a0\u00a0\u00a0\u00a0\u00a0\u00a0\u00a0\u00a0\u00a0 <br><br>Pero ellos dijeron: \u201c\u00bfNo has o\u00eddo hablar de que mataron a nuestro l\u00edder, el que se llamaba Jes\u00fas? Estamos hablando de \u00e9l y que ya no lo podemos ver, ni ahora ni en el futuro.&#8221;<br>Y Jes\u00fas dijo: &#8220;\u00a1Lo s\u00e9! \u00bfC\u00f3mo puede ser que la gente cre\u00eda que pod\u00eda curar sus enfermedades, y luego se dieron la vuelta y lo mataron?&#8221; \u00c9l habl\u00f3 as\u00ed con ellos, pero ellos no sab\u00edan con quien estaban conversando.<br><br><strong><em>Dupade<\/em> no va a llevar al cielo a aquellos cuyos nombres no se encuentren en su libro: <\/strong><em>(Apocalipsis 21:27)<\/em><br>Algunos de nosotros nos gustan escuchar las <em>Palabras de Dupade<\/em>, y podemos entenderlas. Pero todav\u00eda no hemos puesto nuestra fe en el <em>Hijo de Dupade<\/em>, por lo que no nos ser\u00e1 posible acompa\u00f1arlo al cielo. No estamos seguros de nuestro estado espiritual en los ojos de <em>Dupade<\/em>, ni de cu\u00e1l ser\u00e1 nuestro destino cuando <em>Dupade<\/em> llegue para llevar a sus creyentes; todav\u00eda no lo sabemos.<br><br>Dir\u00edamos: &#8220;<em>Dupade<\/em>, fui a escuchar <em>tu Palabra<\/em>. Escuch\u00e9 cuando fue predicada, y yo sab\u00eda que ibas a volver de nuevo. Yo cantaba los himnos y sab\u00eda todas las canciones. Tom\u00e9 mi Biblia conmigo y le\u00ed y entend\u00ed lo que le\u00eda. Pero no s\u00e9 por qu\u00e9 no me llevaste, tambi\u00e9n.&#8221;<br><br>Pero Jes\u00fas, que es <em>Dupade<\/em>, responder\u00e1: &#8220;Pero tu nombre no aparece en el libro. No llevar\u00e9 a nadie cuyo nombre no est\u00e9 en el libro. Yo s\u00e9 que siempre escuchabas <em>mi Palabra<\/em>. S\u00e9 que cantabas las canciones sobre m\u00ed y sab\u00edas las palabras y las melod\u00edas. Incluso oraste a veces, pero tu confianza estaba m\u00e1s puesta en lo que hiciste t\u00fa y no en lo que yo hice por ti. As\u00ed que yo no escrib\u00ed tu nombre en el cielo y no voy a llevarte conmigo al cielo.&#8221; <em>(Efesios 2:8,9)<\/em><\/p>\n\n\n\n<p><br><strong><span style=\"text-decoration: underline;\">Clave:<\/span><\/strong><br>Lugar donde desciende la Palabra de Dios \u2013 Iglesia, Reuni\u00f3n, Estudio b\u00edblico<br>Dupade \u2013 Dios <br>Palabras de Dupade \u2013 Biblia, la Palabra de Dios <br>Duerma un poco en los cielos \u2013 Cierra los ojos e inclina la cabeza <br>Yoque Dupade &#8211; Nuestro Dios<br>Coj\u00f1one &#8211; Las personas que no son de la tribu Ayor\u00e9<br>Ayoreos &#8211; La gente de la tribu Ayor\u00e9<br>Llorar la cercan\u00eda de uno &#8211; Llorar por alguien<em>\u00a0<\/em><\/p>\n\n\n\n<p>Ecarai &#8211; Tobit\u00e9, Bolivia &#8211; 1960<br>Transcrito y traducido al espa\u00f1ol por: Maxine Morarie<\/p>\n\n\n<div class=\"navigation\"><div class=\"alignleft\"><a href=\"https:\/\/ayore.org\/es\/cultura\/ensenanzas\/ecarai-davide-el-uso-aves-como-un-ejemplo\/\"title=\"Ecarai (Davide\u0301) \u2013 \u00c9l us\u00f3 aves como un ejemplo\"><img loading=\"lazy\" decoding=\"async\" src=\"https:\/\/ayore.org\/wp-content\/uploads\/2018\/10\/left-arrow.png\" width=\"50\" height=\"48\" alt=\"left arrow\"><\/a><\/div><div class=\"alignright\"><a href=\"https:\/\/ayore.org\/es\/cultura\/ensenanzas\/ecarai-davide-pon-tu-mano-sobre-nosotros\/\"title=\"Ecarai (Davide\u0301) \u2013 Pon tu mano sobre nosotros\"><img loading=\"lazy\" decoding=\"async\" src=\"https:\/\/ayore.org\/wp-content\/uploads\/2018\/10\/right-arrow.png\" width=\"50\" height=\"48\" alt=\"right arrow\"><\/a><\/div>\n","protected":false},"excerpt":{"rendered":"<p>Dupade uruode batigade Palabras de Ecarai:Estas son las palabras de Dupade en este libro que nos dej\u00f3 hace mucho tiempo. Las hemos traducido y las compartimos aqu\u00ed donde desciende la Palabra de Dios cuando nos reunimos. Pero antes de estudiarlos,<\/p>\n","protected":false},"author":5,"featured_media":0,"parent":298,"menu_order":0,"comment_status":"closed","ping_status":"closed","template":"","meta":{"footnotes":""},"class_list":["post-3980","page","type-page","status-publish","hentry"],"yoast_head":"<!-- This site is optimized with the Yoast SEO plugin v27.4 - https:\/\/yoast.com\/product\/yoast-seo-wordpress\/ -->\n<title>Ecarai (Davide\u0301) \u2013 Lugar donde desciende la Palabra de Dupade &#8226; AYORE.ORG<\/title>\n<meta name=\"robots\" content=\"index, follow, max-snippet:-1, max-image-preview:large, max-video-preview:-1\" \/>\n<link rel=\"canonical\" href=\"https:\/\/ayore.org\/es\/cultura\/ensenanzas\/ecarai-davide-lugar-donde-desciende-la-palabra-de-dupade\/\" \/>\n<meta property=\"og:locale\" content=\"es_ES\" \/>\n<meta property=\"og:type\" content=\"article\" \/>\n<meta property=\"og:title\" content=\"Ecarai (Davide\u0301) \u2013 Lugar donde desciende la Palabra de Dupade &#8226; AYORE.ORG\" \/>\n<meta property=\"og:description\" content=\"Dupade uruode batigade Palabras de Ecarai:Estas son las palabras de Dupade en este libro que nos dej\u00f3 hace mucho tiempo. Las hemos traducido y las compartimos aqu\u00ed donde desciende la Palabra de Dios cuando nos reunimos. Pero antes de estudiarlos,\" \/>\n<meta property=\"og:url\" content=\"https:\/\/ayore.org\/es\/cultura\/ensenanzas\/ecarai-davide-lugar-donde-desciende-la-palabra-de-dupade\/\" \/>\n<meta property=\"og:site_name\" content=\"AYORE.ORG\" \/>\n<meta property=\"article:modified_time\" content=\"2019-05-23T21:19:36+00:00\" \/>\n<meta name=\"twitter:card\" content=\"summary_large_image\" \/>\n<meta name=\"twitter:label1\" content=\"Tiempo de lectura\" \/>\n\t<meta name=\"twitter:data1\" content=\"10 minutos\" \/>\n<script type=\"application\/ld+json\" class=\"yoast-schema-graph\">{\"@context\":\"https:\\\/\\\/schema.org\",\"@graph\":[{\"@type\":\"WebPage\",\"@id\":\"https:\\\/\\\/ayore.org\\\/es\\\/cultura\\\/ensenanzas\\\/ecarai-davide-lugar-donde-desciende-la-palabra-de-dupade\\\/\",\"url\":\"https:\\\/\\\/ayore.org\\\/es\\\/cultura\\\/ensenanzas\\\/ecarai-davide-lugar-donde-desciende-la-palabra-de-dupade\\\/\",\"name\":\"Ecarai (Davide\u0301) \u2013 Lugar donde desciende la Palabra de Dupade &#8226; AYORE.ORG\",\"isPartOf\":{\"@id\":\"https:\\\/\\\/ayore.org\\\/#website\"},\"datePublished\":\"2019-05-23T21:19:34+00:00\",\"dateModified\":\"2019-05-23T21:19:36+00:00\",\"breadcrumb\":{\"@id\":\"https:\\\/\\\/ayore.org\\\/es\\\/cultura\\\/ensenanzas\\\/ecarai-davide-lugar-donde-desciende-la-palabra-de-dupade\\\/#breadcrumb\"},\"inLanguage\":\"es-AR\",\"potentialAction\":[{\"@type\":\"ReadAction\",\"target\":[\"https:\\\/\\\/ayore.org\\\/es\\\/cultura\\\/ensenanzas\\\/ecarai-davide-lugar-donde-desciende-la-palabra-de-dupade\\\/\"]}]},{\"@type\":\"BreadcrumbList\",\"@id\":\"https:\\\/\\\/ayore.org\\\/es\\\/cultura\\\/ensenanzas\\\/ecarai-davide-lugar-donde-desciende-la-palabra-de-dupade\\\/#breadcrumb\",\"itemListElement\":[{\"@type\":\"ListItem\",\"position\":1,\"name\":\"Inicio\",\"item\":\"https:\\\/\\\/ayore.org\\\/es\\\/\"},{\"@type\":\"ListItem\",\"position\":2,\"name\":\"Cultura\",\"item\":\"https:\\\/\\\/ayore.org\\\/es\\\/cultura\\\/\"},{\"@type\":\"ListItem\",\"position\":3,\"name\":\"Ense\u00f1anzas\",\"item\":\"https:\\\/\\\/ayore.org\\\/es\\\/cultura\\\/ensenanzas\\\/\"},{\"@type\":\"ListItem\",\"position\":4,\"name\":\"Ecarai (Davide\u0301) \u2013 Lugar donde desciende la Palabra de Dupade\"}]},{\"@type\":\"WebSite\",\"@id\":\"https:\\\/\\\/ayore.org\\\/#website\",\"url\":\"https:\\\/\\\/ayore.org\\\/\",\"name\":\"AYORE.ORG\",\"description\":\"Idioma, Cultura e Historia de la Tribu Ayor\u00e9\",\"potentialAction\":[{\"@type\":\"SearchAction\",\"target\":{\"@type\":\"EntryPoint\",\"urlTemplate\":\"https:\\\/\\\/ayore.org\\\/?s={search_term_string}\"},\"query-input\":{\"@type\":\"PropertyValueSpecification\",\"valueRequired\":true,\"valueName\":\"search_term_string\"}}],\"inLanguage\":\"es-AR\"}]}<\/script>\n<!-- \/ Yoast SEO plugin. -->","yoast_head_json":{"title":"Ecarai (Davide\u0301) \u2013 Lugar donde desciende la Palabra de Dupade &#8226; AYORE.ORG","robots":{"index":"index","follow":"follow","max-snippet":"max-snippet:-1","max-image-preview":"max-image-preview:large","max-video-preview":"max-video-preview:-1"},"canonical":"https:\/\/ayore.org\/es\/cultura\/ensenanzas\/ecarai-davide-lugar-donde-desciende-la-palabra-de-dupade\/","og_locale":"es_ES","og_type":"article","og_title":"Ecarai (Davide\u0301) \u2013 Lugar donde desciende la Palabra de Dupade &#8226; AYORE.ORG","og_description":"Dupade uruode batigade Palabras de Ecarai:Estas son las palabras de Dupade en este libro que nos dej\u00f3 hace mucho tiempo. Las hemos traducido y las compartimos aqu\u00ed donde desciende la Palabra de Dios cuando nos reunimos. Pero antes de estudiarlos,","og_url":"https:\/\/ayore.org\/es\/cultura\/ensenanzas\/ecarai-davide-lugar-donde-desciende-la-palabra-de-dupade\/","og_site_name":"AYORE.ORG","article_modified_time":"2019-05-23T21:19:36+00:00","twitter_card":"summary_large_image","twitter_misc":{"Tiempo de lectura":"10 minutos"},"schema":{"@context":"https:\/\/schema.org","@graph":[{"@type":"WebPage","@id":"https:\/\/ayore.org\/es\/cultura\/ensenanzas\/ecarai-davide-lugar-donde-desciende-la-palabra-de-dupade\/","url":"https:\/\/ayore.org\/es\/cultura\/ensenanzas\/ecarai-davide-lugar-donde-desciende-la-palabra-de-dupade\/","name":"Ecarai (Davide\u0301) \u2013 Lugar donde desciende la Palabra de Dupade &#8226; AYORE.ORG","isPartOf":{"@id":"https:\/\/ayore.org\/#website"},"datePublished":"2019-05-23T21:19:34+00:00","dateModified":"2019-05-23T21:19:36+00:00","breadcrumb":{"@id":"https:\/\/ayore.org\/es\/cultura\/ensenanzas\/ecarai-davide-lugar-donde-desciende-la-palabra-de-dupade\/#breadcrumb"},"inLanguage":"es-AR","potentialAction":[{"@type":"ReadAction","target":["https:\/\/ayore.org\/es\/cultura\/ensenanzas\/ecarai-davide-lugar-donde-desciende-la-palabra-de-dupade\/"]}]},{"@type":"BreadcrumbList","@id":"https:\/\/ayore.org\/es\/cultura\/ensenanzas\/ecarai-davide-lugar-donde-desciende-la-palabra-de-dupade\/#breadcrumb","itemListElement":[{"@type":"ListItem","position":1,"name":"Inicio","item":"https:\/\/ayore.org\/es\/"},{"@type":"ListItem","position":2,"name":"Cultura","item":"https:\/\/ayore.org\/es\/cultura\/"},{"@type":"ListItem","position":3,"name":"Ense\u00f1anzas","item":"https:\/\/ayore.org\/es\/cultura\/ensenanzas\/"},{"@type":"ListItem","position":4,"name":"Ecarai (Davide\u0301) \u2013 Lugar donde desciende la Palabra de Dupade"}]},{"@type":"WebSite","@id":"https:\/\/ayore.org\/#website","url":"https:\/\/ayore.org\/","name":"AYORE.ORG","description":"Idioma, Cultura e Historia de la Tribu Ayor\u00e9","potentialAction":[{"@type":"SearchAction","target":{"@type":"EntryPoint","urlTemplate":"https:\/\/ayore.org\/?s={search_term_string}"},"query-input":{"@type":"PropertyValueSpecification","valueRequired":true,"valueName":"search_term_string"}}],"inLanguage":"es-AR"}]}},"_links":{"self":[{"href":"https:\/\/ayore.org\/es\/wp-json\/wp\/v2\/pages\/3980","targetHints":{"allow":["GET"]}}],"collection":[{"href":"https:\/\/ayore.org\/es\/wp-json\/wp\/v2\/pages"}],"about":[{"href":"https:\/\/ayore.org\/es\/wp-json\/wp\/v2\/types\/page"}],"author":[{"embeddable":true,"href":"https:\/\/ayore.org\/es\/wp-json\/wp\/v2\/users\/5"}],"replies":[{"embeddable":true,"href":"https:\/\/ayore.org\/es\/wp-json\/wp\/v2\/comments?post=3980"}],"version-history":[{"count":2,"href":"https:\/\/ayore.org\/es\/wp-json\/wp\/v2\/pages\/3980\/revisions"}],"predecessor-version":[{"id":3982,"href":"https:\/\/ayore.org\/es\/wp-json\/wp\/v2\/pages\/3980\/revisions\/3982"}],"up":[{"embeddable":true,"href":"https:\/\/ayore.org\/es\/wp-json\/wp\/v2\/pages\/298"}],"wp:attachment":[{"href":"https:\/\/ayore.org\/es\/wp-json\/wp\/v2\/media?parent=3980"}],"curies":[{"name":"wp","href":"https:\/\/api.w.org\/{rel}","templated":true}]}}