{"id":3974,"date":"2019-05-23T20:53:02","date_gmt":"2019-05-23T20:53:02","guid":{"rendered":"https:\/\/ayore.org\/?page_id=3974"},"modified":"2019-05-23T20:53:05","modified_gmt":"2019-05-23T20:53:05","slug":"ecarai-davide-el-uso-aves-como-un-ejemplo","status":"publish","type":"page","link":"https:\/\/ayore.org\/es\/cultura\/ensenanzas\/ecarai-davide-el-uso-aves-como-un-ejemplo\/","title":{"rendered":"Ecarai (Davide\u0301) \u2013 \u00c9l us\u00f3 aves como un ejemplo"},"content":{"rendered":"\n<p><em>Chac\u00e3ra\ndacajnaqu\u00e9ode aja chug\u00faperone<\/em><\/p>\n\n\n\n<p><strong><em>Jes\u00fas us\u00f3 los p\u00e1jaros para ilustrar su ense\u00f1anza:<\/em><\/strong><br>Voy a decirnos ahora mismo c\u00f3mo Jes\u00fas ense\u00f1\u00f3 a su pueblo cuando estuvo en la tierra hace mucho tiempo. \u00c9l us\u00f3 las aves como un ejemplo. Y esto es lo que dijo: &#8220;Las aves no siembran semillas, <em>Dupade<\/em> les proporciona comida&#8221;. Obs\u00e9rvelos &#8220;, dijo. &#8220;No siembran semillas, pero comen comida&#8221;. En el que conf\u00edan para proporcionarles es <em>Dupade<\/em>, su creador&#8221;.<br><br><strong><em>Jes\u00fas tambi\u00e9n us\u00f3 flores para ilustrar su ense\u00f1anza:<\/em><\/strong><br>Tambi\u00e9n us\u00f3 flores como ejemplos y esto es lo que le dijo a sus disc\u00edpulos y a sus compatriotas: &#8220;Mira las flores. No usan ropa para que se vean hermosos; es solo c\u00f3mo los hizo <em>Dupade<\/em>. Su belleza es su ropa &#8220;.<\/p>\n\n\n\n<p><strong><em>Jes\u00fas us\u00f3 estas cosas para ense\u00f1arles que no debemos preocuparnos por nosotros mismos:<\/em><\/strong><br>Entonces Jes\u00fas dijo: &#8220;Te digo esto para que dejes de preocuparte por no tener comida o por no tener ropa&#8221;.<\/p>\n\n\n\n<p>Estas cosas que Jes\u00fas ense\u00f1\u00f3 acerca de los p\u00e1jaros y las flores nos muestran cu\u00e1n dispuesto est\u00e1 <em>Dupade<\/em> a proporcionarnos lo que nosotros necesitamos. As\u00ed que conf\u00eda en \u00e9l para lo que necesitas.<br><br><em>Dupade<\/em> nos dice: &#8220;Primero obedece mis \u00f3rdenes&#8221;. No es dif\u00edcil obedecer a <em>Dupade<\/em>, y nunca nos cansar\u00e1. <em>Dupade<\/em> dice que deber\u00edamos estar haciendo cosas buenas. Es algo bueno dejar de pecar y comenzar a hacer lo que Jes\u00fas y nuestro padre <em>Dupade<\/em> nos ense\u00f1an a hacer.<\/p>\n\n\n\n<p>Las cosas que Jes\u00fas ense\u00f1\u00f3 son para nosotros hoy. Lo que \u00c9l nos dice es que no tendremos hambre, y ya no tendremos sed. La raz\u00f3n por la que \u00c9l nos dice esto es para que podamos confiar en \u00e9l y dejar de hacer cosas feas como robar o cualquier otra cosa que odie <em>Dupade<\/em>, y en su lugar, hacer todo lo bueno que podemos hacer.<\/p>\n\n\n\n<p>De eso se tratan estas ense\u00f1anzas de Jes\u00fas. Es por eso\nque dio el ejemplo de las flores y dijo que las flores no ten\u00edan manos para\narreglarse o para hacer hermosas ropas para ellas mismas. Y el ejemplo de las\naves que no tienen manos y no pueden sembrar, pero siempre tienen comida. Eso\nes porque as\u00ed es como fueron creados por <em>Dupade<\/em>,\ny <em>Dupade<\/em> provee para su creaci\u00f3n.\nJes\u00fas quer\u00eda que supi\u00e9ramos esto y es por eso que us\u00f3 estos ejemplos en sus\nense\u00f1anzas.<\/p>\n\n\n\n<p><strong><em>Dupade, nuestro creador, nos ha dado manos y fuerza:<\/em><\/strong><br>Somos a los que se refiere Jesus. \u00c9l quer\u00eda que dejemos de preocuparnos por nuestras necesidades f\u00edsicas. <em>Dupade<\/em> nos ha dado las manos para que podamos tener los medios para arreglarnos y trabajar para proporcionarnos las cosas que necesitamos. Ves c\u00f3mo los p\u00e1jaros y las flores no tienen un medio para proveerse a s\u00ed mismos, porque fueron hechos sin manos. Pero las aves tienen comida, y las flores tienen belleza. Eso es porque <em>Dupade<\/em> es su creador, \u00e9l es sus manos y \u00e9l es quien las hace bellas. <em>Dupade<\/em> nos provee tambi\u00e9n porque fuimos hechos a su imagen desde el principio. (Mateo 6: 31-34)<\/p>\n\n\n\n<p><em>Ecarai \u2013 Tobit\u00e9,Bolivia \u2013 1970\u2019s<\/em><br><em>Transcrito y traducido al espan\u0303ol por: Maxine Morarie<\/em><\/p>\n\n\n<div class=\"navigation\"><div class=\"alignleft\"><a href=\"https:\/\/ayore.org\/es\/cultura\/ensenanzas\/ecarai-davide-la-palabra-de-dupade-se-hizo-hombre\/\"title=\"Ecarai (Davide\u0301) \u2013 La Palabra de Dupade se hizo hombre\"><img loading=\"lazy\" decoding=\"async\" src=\"https:\/\/ayore.org\/wp-content\/uploads\/2018\/10\/left-arrow.png\" width=\"50\" height=\"48\" alt=\"left arrow\"><\/a><\/div><div class=\"alignright\"><a href=\"https:\/\/ayore.org\/es\/cultura\/ensenanzas\/ecarai-davide-lugar-donde-desciende-la-palabra-de-dupade\/\"title=\"Ecarai (Davide\u0301) \u2013 Lugar donde desciende la Palabra de Dupade\"><img loading=\"lazy\" decoding=\"async\" src=\"https:\/\/ayore.org\/wp-content\/uploads\/2018\/10\/right-arrow.png\" width=\"50\" height=\"48\" alt=\"right arrow\"><\/a><\/div>\n","protected":false},"excerpt":{"rendered":"<p>Chac\u00e3ra dacajnaqu\u00e9ode aja chug\u00faperone Jes\u00fas us\u00f3 los p\u00e1jaros para ilustrar su ense\u00f1anza:Voy a decirnos ahora mismo c\u00f3mo Jes\u00fas ense\u00f1\u00f3 a su pueblo cuando estuvo en la tierra hace mucho tiempo. \u00c9l us\u00f3 las aves como un ejemplo. Y esto es<\/p>\n","protected":false},"author":5,"featured_media":0,"parent":298,"menu_order":0,"comment_status":"closed","ping_status":"closed","template":"","meta":{"footnotes":""},"class_list":["post-3974","page","type-page","status-publish","hentry"],"yoast_head":"<!-- This site is optimized with the Yoast SEO plugin v27.4 - https:\/\/yoast.com\/product\/yoast-seo-wordpress\/ -->\n<title>Ecarai (Davide\u0301) \u2013 \u00c9l us\u00f3 aves como un ejemplo &#8226; AYORE.ORG<\/title>\n<meta name=\"robots\" content=\"index, follow, max-snippet:-1, max-image-preview:large, max-video-preview:-1\" \/>\n<link rel=\"canonical\" href=\"https:\/\/ayore.org\/es\/cultura\/ensenanzas\/ecarai-davide-el-uso-aves-como-un-ejemplo\/\" \/>\n<meta property=\"og:locale\" content=\"es_ES\" \/>\n<meta property=\"og:type\" content=\"article\" \/>\n<meta property=\"og:title\" content=\"Ecarai (Davide\u0301) \u2013 \u00c9l us\u00f3 aves como un ejemplo &#8226; AYORE.ORG\" \/>\n<meta property=\"og:description\" content=\"Chac\u00e3ra dacajnaqu\u00e9ode aja chug\u00faperone Jes\u00fas us\u00f3 los p\u00e1jaros para ilustrar su ense\u00f1anza:Voy a decirnos ahora mismo c\u00f3mo Jes\u00fas ense\u00f1\u00f3 a su pueblo cuando estuvo en la tierra hace mucho tiempo. \u00c9l us\u00f3 las aves como un ejemplo. Y esto es\" \/>\n<meta property=\"og:url\" content=\"https:\/\/ayore.org\/es\/cultura\/ensenanzas\/ecarai-davide-el-uso-aves-como-un-ejemplo\/\" \/>\n<meta property=\"og:site_name\" content=\"AYORE.ORG\" \/>\n<meta property=\"article:modified_time\" content=\"2019-05-23T20:53:05+00:00\" \/>\n<meta name=\"twitter:card\" content=\"summary_large_image\" \/>\n<meta name=\"twitter:label1\" content=\"Tiempo de lectura\" \/>\n\t<meta name=\"twitter:data1\" content=\"3 minutos\" \/>\n<script type=\"application\/ld+json\" class=\"yoast-schema-graph\">{\"@context\":\"https:\\\/\\\/schema.org\",\"@graph\":[{\"@type\":\"WebPage\",\"@id\":\"https:\\\/\\\/ayore.org\\\/es\\\/cultura\\\/ensenanzas\\\/ecarai-davide-el-uso-aves-como-un-ejemplo\\\/\",\"url\":\"https:\\\/\\\/ayore.org\\\/es\\\/cultura\\\/ensenanzas\\\/ecarai-davide-el-uso-aves-como-un-ejemplo\\\/\",\"name\":\"Ecarai (Davide\u0301) \u2013 \u00c9l us\u00f3 aves como un ejemplo &#8226; AYORE.ORG\",\"isPartOf\":{\"@id\":\"https:\\\/\\\/ayore.org\\\/#website\"},\"datePublished\":\"2019-05-23T20:53:02+00:00\",\"dateModified\":\"2019-05-23T20:53:05+00:00\",\"breadcrumb\":{\"@id\":\"https:\\\/\\\/ayore.org\\\/es\\\/cultura\\\/ensenanzas\\\/ecarai-davide-el-uso-aves-como-un-ejemplo\\\/#breadcrumb\"},\"inLanguage\":\"es-AR\",\"potentialAction\":[{\"@type\":\"ReadAction\",\"target\":[\"https:\\\/\\\/ayore.org\\\/es\\\/cultura\\\/ensenanzas\\\/ecarai-davide-el-uso-aves-como-un-ejemplo\\\/\"]}]},{\"@type\":\"BreadcrumbList\",\"@id\":\"https:\\\/\\\/ayore.org\\\/es\\\/cultura\\\/ensenanzas\\\/ecarai-davide-el-uso-aves-como-un-ejemplo\\\/#breadcrumb\",\"itemListElement\":[{\"@type\":\"ListItem\",\"position\":1,\"name\":\"Inicio\",\"item\":\"https:\\\/\\\/ayore.org\\\/es\\\/\"},{\"@type\":\"ListItem\",\"position\":2,\"name\":\"Cultura\",\"item\":\"https:\\\/\\\/ayore.org\\\/es\\\/cultura\\\/\"},{\"@type\":\"ListItem\",\"position\":3,\"name\":\"Ense\u00f1anzas\",\"item\":\"https:\\\/\\\/ayore.org\\\/es\\\/cultura\\\/ensenanzas\\\/\"},{\"@type\":\"ListItem\",\"position\":4,\"name\":\"Ecarai (Davide\u0301) \u2013 \u00c9l us\u00f3 aves como un ejemplo\"}]},{\"@type\":\"WebSite\",\"@id\":\"https:\\\/\\\/ayore.org\\\/#website\",\"url\":\"https:\\\/\\\/ayore.org\\\/\",\"name\":\"AYORE.ORG\",\"description\":\"Idioma, Cultura e Historia de la Tribu Ayor\u00e9\",\"potentialAction\":[{\"@type\":\"SearchAction\",\"target\":{\"@type\":\"EntryPoint\",\"urlTemplate\":\"https:\\\/\\\/ayore.org\\\/?s={search_term_string}\"},\"query-input\":{\"@type\":\"PropertyValueSpecification\",\"valueRequired\":true,\"valueName\":\"search_term_string\"}}],\"inLanguage\":\"es-AR\"}]}<\/script>\n<!-- \/ Yoast SEO plugin. -->","yoast_head_json":{"title":"Ecarai (Davide\u0301) \u2013 \u00c9l us\u00f3 aves como un ejemplo &#8226; AYORE.ORG","robots":{"index":"index","follow":"follow","max-snippet":"max-snippet:-1","max-image-preview":"max-image-preview:large","max-video-preview":"max-video-preview:-1"},"canonical":"https:\/\/ayore.org\/es\/cultura\/ensenanzas\/ecarai-davide-el-uso-aves-como-un-ejemplo\/","og_locale":"es_ES","og_type":"article","og_title":"Ecarai (Davide\u0301) \u2013 \u00c9l us\u00f3 aves como un ejemplo &#8226; AYORE.ORG","og_description":"Chac\u00e3ra dacajnaqu\u00e9ode aja chug\u00faperone Jes\u00fas us\u00f3 los p\u00e1jaros para ilustrar su ense\u00f1anza:Voy a decirnos ahora mismo c\u00f3mo Jes\u00fas ense\u00f1\u00f3 a su pueblo cuando estuvo en la tierra hace mucho tiempo. \u00c9l us\u00f3 las aves como un ejemplo. Y esto es","og_url":"https:\/\/ayore.org\/es\/cultura\/ensenanzas\/ecarai-davide-el-uso-aves-como-un-ejemplo\/","og_site_name":"AYORE.ORG","article_modified_time":"2019-05-23T20:53:05+00:00","twitter_card":"summary_large_image","twitter_misc":{"Tiempo de lectura":"3 minutos"},"schema":{"@context":"https:\/\/schema.org","@graph":[{"@type":"WebPage","@id":"https:\/\/ayore.org\/es\/cultura\/ensenanzas\/ecarai-davide-el-uso-aves-como-un-ejemplo\/","url":"https:\/\/ayore.org\/es\/cultura\/ensenanzas\/ecarai-davide-el-uso-aves-como-un-ejemplo\/","name":"Ecarai (Davide\u0301) \u2013 \u00c9l us\u00f3 aves como un ejemplo &#8226; AYORE.ORG","isPartOf":{"@id":"https:\/\/ayore.org\/#website"},"datePublished":"2019-05-23T20:53:02+00:00","dateModified":"2019-05-23T20:53:05+00:00","breadcrumb":{"@id":"https:\/\/ayore.org\/es\/cultura\/ensenanzas\/ecarai-davide-el-uso-aves-como-un-ejemplo\/#breadcrumb"},"inLanguage":"es-AR","potentialAction":[{"@type":"ReadAction","target":["https:\/\/ayore.org\/es\/cultura\/ensenanzas\/ecarai-davide-el-uso-aves-como-un-ejemplo\/"]}]},{"@type":"BreadcrumbList","@id":"https:\/\/ayore.org\/es\/cultura\/ensenanzas\/ecarai-davide-el-uso-aves-como-un-ejemplo\/#breadcrumb","itemListElement":[{"@type":"ListItem","position":1,"name":"Inicio","item":"https:\/\/ayore.org\/es\/"},{"@type":"ListItem","position":2,"name":"Cultura","item":"https:\/\/ayore.org\/es\/cultura\/"},{"@type":"ListItem","position":3,"name":"Ense\u00f1anzas","item":"https:\/\/ayore.org\/es\/cultura\/ensenanzas\/"},{"@type":"ListItem","position":4,"name":"Ecarai (Davide\u0301) \u2013 \u00c9l us\u00f3 aves como un ejemplo"}]},{"@type":"WebSite","@id":"https:\/\/ayore.org\/#website","url":"https:\/\/ayore.org\/","name":"AYORE.ORG","description":"Idioma, Cultura e Historia de la Tribu Ayor\u00e9","potentialAction":[{"@type":"SearchAction","target":{"@type":"EntryPoint","urlTemplate":"https:\/\/ayore.org\/?s={search_term_string}"},"query-input":{"@type":"PropertyValueSpecification","valueRequired":true,"valueName":"search_term_string"}}],"inLanguage":"es-AR"}]}},"_links":{"self":[{"href":"https:\/\/ayore.org\/es\/wp-json\/wp\/v2\/pages\/3974","targetHints":{"allow":["GET"]}}],"collection":[{"href":"https:\/\/ayore.org\/es\/wp-json\/wp\/v2\/pages"}],"about":[{"href":"https:\/\/ayore.org\/es\/wp-json\/wp\/v2\/types\/page"}],"author":[{"embeddable":true,"href":"https:\/\/ayore.org\/es\/wp-json\/wp\/v2\/users\/5"}],"replies":[{"embeddable":true,"href":"https:\/\/ayore.org\/es\/wp-json\/wp\/v2\/comments?post=3974"}],"version-history":[{"count":1,"href":"https:\/\/ayore.org\/es\/wp-json\/wp\/v2\/pages\/3974\/revisions"}],"predecessor-version":[{"id":3975,"href":"https:\/\/ayore.org\/es\/wp-json\/wp\/v2\/pages\/3974\/revisions\/3975"}],"up":[{"embeddable":true,"href":"https:\/\/ayore.org\/es\/wp-json\/wp\/v2\/pages\/298"}],"wp:attachment":[{"href":"https:\/\/ayore.org\/es\/wp-json\/wp\/v2\/media?parent=3974"}],"curies":[{"name":"wp","href":"https:\/\/api.w.org\/{rel}","templated":true}]}}