{"id":3969,"date":"2019-05-23T20:38:53","date_gmt":"2019-05-23T20:38:53","guid":{"rendered":"https:\/\/ayore.org\/?page_id=3969"},"modified":"2019-05-23T20:38:55","modified_gmt":"2019-05-23T20:38:55","slug":"ecarai-davide-la-palabra-de-dupade-se-hizo-hombre","status":"publish","type":"page","link":"https:\/\/ayore.org\/es\/cultura\/ensenanzas\/ecarai-davide-la-palabra-de-dupade-se-hizo-hombre\/","title":{"rendered":"Ecarai (Davide\u0301) \u2013 La Palabra de Dupade se hizo hombre"},"content":{"rendered":"\n<p><strong><em>Te ense\u00f1ar\u00e9 los escritos de uno de los disc\u00edpulos de Jes\u00fas llamado Juan: <\/em><\/strong><em>(Juan 1:14)<\/em><br>Juan nos dice que la <em>Palabra de<\/em> <em>Dupade<\/em> se hizo hombre, al igual que nosotros. <\/p>\n\n\n\n<p><strong><em>El que es la Palabra de Dupade estaba en el principio e hizo todas las cosas:<\/em><\/strong><br>Y la <em>Palabra de<\/em> <em>Dupade<\/em> era Jes\u00fas, el que cre\u00f3 todas las cosas hace tanto tiempo. La <em>Palabra de<\/em> <em>Dupade<\/em> existi\u00f3 antes de que la tierra fuera hecha. Y la <em>Palabra de<\/em> <em>Dupade<\/em> tambi\u00e9n era <em>Dupade<\/em>. Al principio, <em>Dupade<\/em> cre\u00f3 la tierra, y el libro de Juan nos dice acerca de eso. \u00c9l dice: &#8220;Las cosas que est\u00e1n en el mundo no se hicieron solo. La <em>Palabra de<\/em> <em>Dupade<\/em> hizo todo en el mundo. Por lo tanto, te estamos diciendo que cada cosa en la tierra fue hecha por la <em>Palabra de<\/em> <em>Dupade<\/em>. No hay nada que \u00e9l no haya hecho. La <em>Palabra de<\/em> <em>Dupade<\/em> lo hizo todo &#8220;.<\/p>\n\n\n\n<p><em>Dupade<\/em> us\u00f3\n<em>Su Palabra<\/em> que es Jes\u00fas cuando las\ncosas fueron hechas. <em>Dupade<\/em> cre\u00f3 el\nmundo por medio de su agente que \u00e9l envi\u00f3 al mundo. El \u00fanico enviado por <em>Dupade<\/em> para hacer esto fue su Hijo\nJes\u00fas. <em>Dupade<\/em> hizo las cosas y Jes\u00fas termin\u00f3\nlas cosas. Y la vida tambi\u00e9n vino de \u00e9l. Pero la oscuridad y el pecado quer\u00edan\nvencer al enviado de <em>Dupade<\/em>, pero no\nera posible vencerle, porque <em>Dupade<\/em>\nno puede ser vencido ni Jes\u00fas, quien es <em>Dupade<\/em>.\nY el pecado no pudo vencer el poder de <em>Dupade<\/em>\nporque no pudo vencer a <em>Dupade<\/em>. Nada\npuede vencer a <em>Dupade<\/em> porque cre\u00f3\ntodo, y ninguna de sus creaciones puede vencerlo.<\/p>\n\n\n\n<p><strong><em>Dupade envi\u00f3 a otro Juan para decirle a la gente acerca de la Luz Verdadera para que creyeran en \u00e9l:<\/em><\/strong> <br><em>Dupade<\/em> envi\u00f3 a otro Juan al mundo para contarles a las personas del mundo la noticia sobre la luz. Pero John no era la luz real, pero vino a decirle a la gente qui\u00e9n era esa luz. <em>Dupade<\/em> envi\u00f3 al otro Juan para que por medio de \u00e9l los habitantes de la tierra creyeran en Jes\u00fas, quien era la luz, para que fueran salvos.<br><br><strong><em>Pero su propia gente no lo recibi\u00f3:<\/em><\/strong><br>Sin embargo, a pesar de esto, cuando Jes\u00fas se present\u00f3 a sus compatriotas, sus compatriotas no lo aceptaron. Pero aquellos que creyeron en Jes\u00fas, fueron los que <em>Dupade<\/em> adopt\u00f3, y as\u00ed es con nosotros que creemos en \u00e9l hoy. <em>Dupade<\/em> tambi\u00e9n nos adopta cuando creemos en Jes\u00fas. Si uno de ustedes cree en Jes\u00fas, <em>Dupade<\/em> te adopta porque crees en su Hijo. Eso es lo que \u00e9l promete. <em>Dupade<\/em> dice: &#8220;Si alguno cree en mi Hijo, tambi\u00e9n lo considerar\u00e9 hijo m\u00edo&#8221;.&nbsp;<\/p>\n\n\n\n<p><strong><em>Dupade adopta a aquellos que reciben a Jes\u00fas:<\/em><\/strong><br>Estoy muy agradecido con <em>Dupade<\/em> de que algunos de nosotros hayamos cre\u00eddo en el y \u00e9l nos haya hecho sus hijos. Cuando Jes\u00fas regrese, los acompa\u00f1aremos y nos iremos a su gran ciudad en el cielo. Hasta que regrese, Jes\u00fas est\u00e1 ocupado preparando un lugar para nosotros. Iremos con Jes\u00fas al cielo cuando venga por nosotros, todos los que creemos en \u00e9l. <em>(Hebreos 11: 2,3,6)<\/em><\/p>\n\n\n\n<p>&nbsp;<strong><span style=\"text-decoration: underline;\">Clave:<\/span><\/strong><br>Dupade \u2013 Dios <br><br><em>Ecarai \u2013 Tobit\u00e9, Bolivia \u2013 1970<\/em><br><em>Transcrito y traducido al espan\u0303ol por: Maxine Morarie<\/em><\/p>\n\n\n<div class=\"navigation\"><div class=\"alignleft\"><a href=\"https:\/\/ayore.org\/es\/cultura\/ensenanzas\/ecarai-davide-dupade-envio-a-otro-para-ayudarnos\/\"title=\"Ecarai (Davide\u0301) \u2013 Dupade envi\u00f3 a otro para ayudarnos\"><img loading=\"lazy\" decoding=\"async\" src=\"https:\/\/ayore.org\/wp-content\/uploads\/2018\/10\/left-arrow.png\" width=\"50\" height=\"48\" alt=\"left arrow\"><\/a><\/div><div class=\"alignright\"><a href=\"https:\/\/ayore.org\/es\/cultura\/ensenanzas\/ecarai-davide-el-uso-aves-como-un-ejemplo\/\"title=\"Ecarai (Davide\u0301) \u2013 \u00c9l us\u00f3 aves como un ejemplo\"><img loading=\"lazy\" decoding=\"async\" src=\"https:\/\/ayore.org\/wp-content\/uploads\/2018\/10\/right-arrow.png\" width=\"50\" height=\"48\" alt=\"right arrow\"><\/a><\/div>\n","protected":false},"excerpt":{"rendered":"<p>Te ense\u00f1ar\u00e9 los escritos de uno de los disc\u00edpulos de Jes\u00fas llamado Juan: (Juan 1:14)Juan nos dice que la Palabra de Dupade se hizo hombre, al igual que nosotros. El que es la Palabra de Dupade estaba en el principio<\/p>\n","protected":false},"author":5,"featured_media":0,"parent":298,"menu_order":0,"comment_status":"closed","ping_status":"closed","template":"","meta":{"footnotes":""},"class_list":["post-3969","page","type-page","status-publish","hentry"],"yoast_head":"<!-- This site is optimized with the Yoast SEO plugin v27.4 - https:\/\/yoast.com\/product\/yoast-seo-wordpress\/ -->\n<title>Ecarai (Davide\u0301) \u2013 La Palabra de Dupade se hizo hombre &#8226; AYORE.ORG<\/title>\n<meta name=\"robots\" content=\"index, follow, max-snippet:-1, max-image-preview:large, max-video-preview:-1\" \/>\n<link rel=\"canonical\" href=\"https:\/\/ayore.org\/es\/cultura\/ensenanzas\/ecarai-davide-la-palabra-de-dupade-se-hizo-hombre\/\" \/>\n<meta property=\"og:locale\" content=\"es_ES\" \/>\n<meta property=\"og:type\" content=\"article\" \/>\n<meta property=\"og:title\" content=\"Ecarai (Davide\u0301) \u2013 La Palabra de Dupade se hizo hombre &#8226; AYORE.ORG\" \/>\n<meta property=\"og:description\" content=\"Te ense\u00f1ar\u00e9 los escritos de uno de los disc\u00edpulos de Jes\u00fas llamado Juan: (Juan 1:14)Juan nos dice que la Palabra de Dupade se hizo hombre, al igual que nosotros. El que es la Palabra de Dupade estaba en el principio\" \/>\n<meta property=\"og:url\" content=\"https:\/\/ayore.org\/es\/cultura\/ensenanzas\/ecarai-davide-la-palabra-de-dupade-se-hizo-hombre\/\" \/>\n<meta property=\"og:site_name\" content=\"AYORE.ORG\" \/>\n<meta property=\"article:modified_time\" content=\"2019-05-23T20:38:55+00:00\" \/>\n<meta name=\"twitter:card\" content=\"summary_large_image\" \/>\n<meta name=\"twitter:label1\" content=\"Tiempo de lectura\" \/>\n\t<meta name=\"twitter:data1\" content=\"3 minutos\" \/>\n<script type=\"application\/ld+json\" class=\"yoast-schema-graph\">{\"@context\":\"https:\\\/\\\/schema.org\",\"@graph\":[{\"@type\":\"WebPage\",\"@id\":\"https:\\\/\\\/ayore.org\\\/es\\\/cultura\\\/ensenanzas\\\/ecarai-davide-la-palabra-de-dupade-se-hizo-hombre\\\/\",\"url\":\"https:\\\/\\\/ayore.org\\\/es\\\/cultura\\\/ensenanzas\\\/ecarai-davide-la-palabra-de-dupade-se-hizo-hombre\\\/\",\"name\":\"Ecarai (Davide\u0301) \u2013 La Palabra de Dupade se hizo hombre &#8226; AYORE.ORG\",\"isPartOf\":{\"@id\":\"https:\\\/\\\/ayore.org\\\/#website\"},\"datePublished\":\"2019-05-23T20:38:53+00:00\",\"dateModified\":\"2019-05-23T20:38:55+00:00\",\"breadcrumb\":{\"@id\":\"https:\\\/\\\/ayore.org\\\/es\\\/cultura\\\/ensenanzas\\\/ecarai-davide-la-palabra-de-dupade-se-hizo-hombre\\\/#breadcrumb\"},\"inLanguage\":\"es-AR\",\"potentialAction\":[{\"@type\":\"ReadAction\",\"target\":[\"https:\\\/\\\/ayore.org\\\/es\\\/cultura\\\/ensenanzas\\\/ecarai-davide-la-palabra-de-dupade-se-hizo-hombre\\\/\"]}]},{\"@type\":\"BreadcrumbList\",\"@id\":\"https:\\\/\\\/ayore.org\\\/es\\\/cultura\\\/ensenanzas\\\/ecarai-davide-la-palabra-de-dupade-se-hizo-hombre\\\/#breadcrumb\",\"itemListElement\":[{\"@type\":\"ListItem\",\"position\":1,\"name\":\"Inicio\",\"item\":\"https:\\\/\\\/ayore.org\\\/es\\\/\"},{\"@type\":\"ListItem\",\"position\":2,\"name\":\"Cultura\",\"item\":\"https:\\\/\\\/ayore.org\\\/es\\\/cultura\\\/\"},{\"@type\":\"ListItem\",\"position\":3,\"name\":\"Ense\u00f1anzas\",\"item\":\"https:\\\/\\\/ayore.org\\\/es\\\/cultura\\\/ensenanzas\\\/\"},{\"@type\":\"ListItem\",\"position\":4,\"name\":\"Ecarai (Davide\u0301) \u2013 La Palabra de Dupade se hizo hombre\"}]},{\"@type\":\"WebSite\",\"@id\":\"https:\\\/\\\/ayore.org\\\/#website\",\"url\":\"https:\\\/\\\/ayore.org\\\/\",\"name\":\"AYORE.ORG\",\"description\":\"Idioma, Cultura e Historia de la Tribu Ayor\u00e9\",\"potentialAction\":[{\"@type\":\"SearchAction\",\"target\":{\"@type\":\"EntryPoint\",\"urlTemplate\":\"https:\\\/\\\/ayore.org\\\/?s={search_term_string}\"},\"query-input\":{\"@type\":\"PropertyValueSpecification\",\"valueRequired\":true,\"valueName\":\"search_term_string\"}}],\"inLanguage\":\"es-AR\"}]}<\/script>\n<!-- \/ Yoast SEO plugin. -->","yoast_head_json":{"title":"Ecarai (Davide\u0301) \u2013 La Palabra de Dupade se hizo hombre &#8226; AYORE.ORG","robots":{"index":"index","follow":"follow","max-snippet":"max-snippet:-1","max-image-preview":"max-image-preview:large","max-video-preview":"max-video-preview:-1"},"canonical":"https:\/\/ayore.org\/es\/cultura\/ensenanzas\/ecarai-davide-la-palabra-de-dupade-se-hizo-hombre\/","og_locale":"es_ES","og_type":"article","og_title":"Ecarai (Davide\u0301) \u2013 La Palabra de Dupade se hizo hombre &#8226; AYORE.ORG","og_description":"Te ense\u00f1ar\u00e9 los escritos de uno de los disc\u00edpulos de Jes\u00fas llamado Juan: (Juan 1:14)Juan nos dice que la Palabra de Dupade se hizo hombre, al igual que nosotros. El que es la Palabra de Dupade estaba en el principio","og_url":"https:\/\/ayore.org\/es\/cultura\/ensenanzas\/ecarai-davide-la-palabra-de-dupade-se-hizo-hombre\/","og_site_name":"AYORE.ORG","article_modified_time":"2019-05-23T20:38:55+00:00","twitter_card":"summary_large_image","twitter_misc":{"Tiempo de lectura":"3 minutos"},"schema":{"@context":"https:\/\/schema.org","@graph":[{"@type":"WebPage","@id":"https:\/\/ayore.org\/es\/cultura\/ensenanzas\/ecarai-davide-la-palabra-de-dupade-se-hizo-hombre\/","url":"https:\/\/ayore.org\/es\/cultura\/ensenanzas\/ecarai-davide-la-palabra-de-dupade-se-hizo-hombre\/","name":"Ecarai (Davide\u0301) \u2013 La Palabra de Dupade se hizo hombre &#8226; AYORE.ORG","isPartOf":{"@id":"https:\/\/ayore.org\/#website"},"datePublished":"2019-05-23T20:38:53+00:00","dateModified":"2019-05-23T20:38:55+00:00","breadcrumb":{"@id":"https:\/\/ayore.org\/es\/cultura\/ensenanzas\/ecarai-davide-la-palabra-de-dupade-se-hizo-hombre\/#breadcrumb"},"inLanguage":"es-AR","potentialAction":[{"@type":"ReadAction","target":["https:\/\/ayore.org\/es\/cultura\/ensenanzas\/ecarai-davide-la-palabra-de-dupade-se-hizo-hombre\/"]}]},{"@type":"BreadcrumbList","@id":"https:\/\/ayore.org\/es\/cultura\/ensenanzas\/ecarai-davide-la-palabra-de-dupade-se-hizo-hombre\/#breadcrumb","itemListElement":[{"@type":"ListItem","position":1,"name":"Inicio","item":"https:\/\/ayore.org\/es\/"},{"@type":"ListItem","position":2,"name":"Cultura","item":"https:\/\/ayore.org\/es\/cultura\/"},{"@type":"ListItem","position":3,"name":"Ense\u00f1anzas","item":"https:\/\/ayore.org\/es\/cultura\/ensenanzas\/"},{"@type":"ListItem","position":4,"name":"Ecarai (Davide\u0301) \u2013 La Palabra de Dupade se hizo hombre"}]},{"@type":"WebSite","@id":"https:\/\/ayore.org\/#website","url":"https:\/\/ayore.org\/","name":"AYORE.ORG","description":"Idioma, Cultura e Historia de la Tribu Ayor\u00e9","potentialAction":[{"@type":"SearchAction","target":{"@type":"EntryPoint","urlTemplate":"https:\/\/ayore.org\/?s={search_term_string}"},"query-input":{"@type":"PropertyValueSpecification","valueRequired":true,"valueName":"search_term_string"}}],"inLanguage":"es-AR"}]}},"_links":{"self":[{"href":"https:\/\/ayore.org\/es\/wp-json\/wp\/v2\/pages\/3969","targetHints":{"allow":["GET"]}}],"collection":[{"href":"https:\/\/ayore.org\/es\/wp-json\/wp\/v2\/pages"}],"about":[{"href":"https:\/\/ayore.org\/es\/wp-json\/wp\/v2\/types\/page"}],"author":[{"embeddable":true,"href":"https:\/\/ayore.org\/es\/wp-json\/wp\/v2\/users\/5"}],"replies":[{"embeddable":true,"href":"https:\/\/ayore.org\/es\/wp-json\/wp\/v2\/comments?post=3969"}],"version-history":[{"count":2,"href":"https:\/\/ayore.org\/es\/wp-json\/wp\/v2\/pages\/3969\/revisions"}],"predecessor-version":[{"id":3971,"href":"https:\/\/ayore.org\/es\/wp-json\/wp\/v2\/pages\/3969\/revisions\/3971"}],"up":[{"embeddable":true,"href":"https:\/\/ayore.org\/es\/wp-json\/wp\/v2\/pages\/298"}],"wp:attachment":[{"href":"https:\/\/ayore.org\/es\/wp-json\/wp\/v2\/media?parent=3969"}],"curies":[{"name":"wp","href":"https:\/\/api.w.org\/{rel}","templated":true}]}}