{"id":3961,"date":"2019-05-22T22:49:54","date_gmt":"2019-05-22T22:49:54","guid":{"rendered":"https:\/\/ayore.org\/?page_id=3961"},"modified":"2019-05-22T22:49:55","modified_gmt":"2019-05-22T22:49:55","slug":"ecarai-davide-dupade-envio-a-otro-para-ayudarnos","status":"publish","type":"page","link":"https:\/\/ayore.org\/es\/cultura\/ensenanzas\/ecarai-davide-dupade-envio-a-otro-para-ayudarnos\/","title":{"rendered":"Ecarai (Davide\u0301) \u2013 Dupade envi\u00f3 a otro para ayudarnos"},"content":{"rendered":"\n<p><em>Dupade\nchiroque u\u00f1\u00e9ngaja yoque jeta ch\u00e1ta raja yoque<\/em><em> <\/em><em><\/em><\/p>\n\n\n\n<p><strong><em>Dupade envi\u00f3 a otro como \u00e9l para ayudar a los creyentes en Jes\u00fas:<\/em><\/strong><br><em>Dupade<\/em> dijo: &#8220;Mi querido hijo Jes\u00fas est\u00e1 de vuelta conmigo, pero enviar\u00e9 a otro para que los ayude a ustedes&#8221;. Dijo esto porque nos amaba.<\/p>\n\n\n\n<p>Ver\u00e1s, Jes\u00fas se fue y dej\u00f3 esta tierra hace mucho tiempo. Regres\u00f3 al cielo en las nubes. Y est\u00e1bamos solos en la tierra. Ya no ten\u00edamos ninguna parte de <em>Dupade<\/em> dentro de nosotros.<\/p>\n\n\n\n<p>Pero Jes\u00fas antes de ir al cielo les dijo a sus creyentes: &#8220;Me voy a ir pronto&#8221;. Regresar\u00e9 a mi padre. Pero no quiero que sean hu\u00e9rfanos despu\u00e9s de que me vaya. Y enviar\u00e9 a otro de nosotros a la tierra. Mi Padre lo enviar\u00e1, y \u00e9l ser\u00e1 un consolador. (El <em>consolador<\/em> es lo que nosotros, los ayor\u00e9os, llamamos <em>Pos\u00f5ras\u1e4dri<\/em>).<br><br>Jes\u00fas dijo: &#8220;Lo enviar\u00e9 a la tierra&#8221;, dijo. &#8220;Y \u00e9l estar\u00e1 con ustedes para siempre, d\u00eda y noche&#8221;.<\/p>\n\n\n\n<p>Es como si <em>Dupade<\/em> dejara de comunicarse con las primeras personas que vivieron hace mucho tiempo, pero tuvo compasi\u00f3n de nosotros y envi\u00f3 a su hijo Jes\u00fas a la tierra. Pero su hijo Jes\u00fas se fue al cielo hace mucho tiempo, y luego fue que nos envi\u00f3 a otro desde el cielo. Y su nombre era &#8220;Consolador&#8221;. Y, como saben, <em>Dupade<\/em> nos ha mostrado el amor que nos tiene de muchas maneras. Tambi\u00e9n llamamos al que \u00e9l envi\u00f3 &#8220;el poder de <em>Dupade<\/em>, el Esp\u00edritu Santo&#8221;, y \u00e9l es nuestro consolador, y nos consuela y nos ayuda d\u00eda y noche. \u00c9l nos ayuda cuando estamos tristes, y \u00e9l nos da su poder y su fortalece.<\/p>\n\n\n\n<p><strong><em>Ecarai compara su ense\u00f1anza con los nombres de nuestros clanes:<\/em><\/strong>\u00bfHay un hombre o mujer Ayor\u00e9 que no tenga compasi\u00f3n por su hijo? Por supuesto que no, \u00a1es su hijo! Digamos que uno de ustedes que ha cre\u00eddo en Jes\u00fas, deja de creer. Aunque deja de creer no es posible que pierda el nombre del clan que su padre <em>Dupade<\/em> le dio. Su estado de ser un creyente en <em>Dupade<\/em> se queda con \u00e9l. Sabes que, aunque el hijo de alguien est\u00e1 muy lejos de \u00e9l, el nombre de su clan permanece con su hijo y nunca lo abandonar\u00e1. Su hijo sigue siendo su hijo.<br><br>Es lo mismo con cualquiera de ustedes. Podr\u00eda dejar de creer en <em>Dupade<\/em>, pero su estado como creyente de <em>Dupade<\/em> no lo deja para nada, porque tu profesi\u00f3n de fe est\u00e1 intacta en el cielo. Podr\u00eda irme muy lejos. Podr\u00edamos eliminarnos de nuestras familias, pero los nombres de clan que nos dieron hace mucho tiempo seguir\u00edan siendo nuestros nombres de clan. Yo todav\u00eda ser\u00eda su hijo de mis padres.<br><br>Digamos que mi querido hijo David despeg\u00f3. Se fue lejos a otro pa\u00eds como si muriera. O digamos que lo ech\u00e9 porque era desobediente. No hay nadie en ninguna parte que dir\u00eda: \u201cLa relaci\u00f3n que tuviste con ese ni\u00f1o que expulsaste ya no est\u00e1 fuerte. Ahora tiene un nombre de clan diferente al tuyo. <\/p>\n\n\n\n<p>De la misma manera, si me alejo de <em>Dupade<\/em>, sigo siendo el hijo de <em>Dupade<\/em>, y el nombre de su clan permanece conmigo. <em>Dupade<\/em> no me abandonar\u00e1 en absoluto. \u00c9l no dejar\u00e1 de vigilarme donde sea que est\u00e9. Pero yo soy el que se va lejos de <em>Dupade<\/em>.<\/p>\n\n\n\n<p>Y as\u00ed es como puedes saber que no es posible quitar tu nombre, ni tu profesi\u00f3n de fe en <em>Dupade<\/em>. El amor que <em>Dupade<\/em> tiene por ti nunca terminar\u00e1.<\/p>\n\n\n\n<p>Digamos que David regresa, y reconozco que es mi querido hijo, y si lo reconozco como mi hijo, nunca lo repudiar\u00e9. Pero mis parientes, los de mi clan tambi\u00e9n lo reconocen. Y no es posible para \u00e9l perder el nombre de su clan. Y as\u00ed es para nosotros con <em>Dupade<\/em>.<\/p>\n\n\n\n<p><strong><em>No es posible que Dupade abandone a sus creyentes.<\/em><\/strong><br>No es posible que <em>Dupade<\/em> nos abandone. Puedo dejar de obedecer sus \u00f3rdenes. Puedes dejar de creer en el, pero el nunca dejar\u00e1 de creer en ti en absoluto. Podr\u00edas dejar de seguir a <em>Dupade<\/em> y hacer que el Esp\u00edritu Santo se averg\u00fcence de ti. Sabemos c\u00f3mo un hombre o una mujer a veces rega\u00f1a a sus parientes. Y se sienten avergonzados con sus familiares y ya no los visitan. Es muy parecido a eso cuando dejas de seguir a <em>Dupade<\/em>. El Esp\u00edritu Santo de <em>Dupade<\/em> se queda en un rinc\u00f3n de tu coraz\u00f3n y es muy triste. \u00c9l se encoge de hombros por la tristeza.<br><br>&#8220;\u00bfPor qu\u00e9 me ha abandonado?&#8221; dice el Esp\u00edritu Santo. \u00c9l est\u00e1 encorvado en el rinc\u00f3n de tu coraz\u00f3n, avergonzado de las cosas pecaminosas que has hecho. Eso es lo que sucede. El Esp\u00edritu Santo no abandona tu coraz\u00f3n, porque eres el hijo de <em>Dupade<\/em>. \u00c9l est\u00e1 todo encorvado en el rinc\u00f3n de tu coraz\u00f3n, muy triste, pero \u00e9l todav\u00eda est\u00e1 all\u00ed en tu coraz\u00f3n, el poder de <em>Dupade<\/em> que lo llaman el Esp\u00edritu Santo. \u00c9l nunca deja tu coraz\u00f3n en absoluto. Eso es porque eres el hijo de <em>Dupade<\/em>. Y es imposible para ti destruir al Santo Esp\u00edritu que mora en ti. Pero \u00e9l est\u00e1 muy triste y est\u00e1 todo encorvado en ese peque\u00f1o rinc\u00f3n de tu coraz\u00f3n.<\/p>\n\n\n\n<p><strong><em>Nuestra naturaleza pecaminosa y el Esp\u00edritu de Dupade se pelean constantemente dentro de nosotros:<\/em><\/strong><em> (G\u00e1latas 5:13, 16, 17)<\/em><br>Sabes que <em>Dupade<\/em> nos ama, y \u200b\u200bel que est\u00e1 con nosotros aqu\u00ed en la tierra es su poder. Tambi\u00e9n sabes que <em>Dupade<\/em> ama a sus creyentes y quiere que crezcamos en nuestra fe y le sirvamos. Pero sabes que somos humanos y hacemos lo que nuestra carne humana quiere hacer, y nuestra carne est\u00e1 controlada por la parte terrenal de nosotros. Nuestros ojos terrenales solo ven las cosas de este mundo. Nuestra carne quiere el mundo. Y eso es porque vivimos en cuerpos terrenales.<br><br>Por otro lado, el Hijo de <em>Dupade<\/em> regresar\u00e1 y nos dar\u00e1 un nuevo cuerpo, un cuerpo que no se pudrir\u00e1. Y entonces en este cuerpo nuevo no codiciaremos a las mujeres ni le mentiremos a nuestro pr\u00f3jimo, ni tampoco ser atrapados en los deseos carnales nuevamente.<\/p>\n\n\n\n<p>Recuerda que cre\u00edste en <em>Dupade<\/em> y recuerda que nunca m\u00e1s te enojar\u00e1s con nadie.<br><br>Tu cuerpo es una casa para Jes\u00fas, y <em>Dupade<\/em>, y el Esp\u00edritu Santo, as\u00ed que no debes hacer lo que quieras. No debes decir: &#8220;Voy a emborracharme, voy a mentir sobre eso, voy a rega\u00f1ar a ese pr\u00f3jimo m\u00edo&#8221;.<\/p>\n\n\n\n<p>Tu cuerpo terrenal quiere hacer esas cosas,\nporque siempre quiere ser como el mundo. Pero le agradezco a <em>Dupade<\/em>, que <em>Dupade<\/em> nos ama, y \u200b\u200bque envi\u00f3 a su hijo Jes\u00fas a este mundo. Y\nluego, cuando su hijo Jes\u00fas regres\u00f3 al cielo, envi\u00f3 a otro a la tierra, y \u00e9l\nestar\u00e1 con nosotros para siempre.<\/p>\n\n\n\n<p><strong><em>Jes\u00fas regresar\u00e1 para llevarnos al cielo:<\/em><\/strong><br>Cuando regrese Jes\u00fas nos ver\u00e1 por todo el mundo, y nosotros que somos creyentes de <em>Dupade<\/em>, \u00e9l nos llevar\u00e1 para estar con \u00e9l para siempre. Quien quiera ir con nosotros, debe poner su fe en Jes\u00fas. Que Jes\u00fas use nuestros labios mientras todav\u00eda estamos en este mundo. Porque Jes\u00fas dijo que cuando regrese ser\u00e1 r\u00e1pido, como un abrir y cerrar de ojos.<br><br>Que nadie diga: &#8220;\u00a1Espera, y yo ir\u00e9 contigo! \u00a1Madre! \u00a1Espera, y yo ir\u00e9 contigo! \u00a1Padre! \u00a1Espera, ir\u00e9 contigo!<\/p>\n\n\n\n<p>Pero Jes\u00fas no dijo estas palabras. \u00c9l dijo: &#8220;Todav\u00eda hay tiempo para enviar a mis sirvientes al mundo entero&#8221;, dijo, &#8220;para que le digan a la gente que viene el d\u00eda cuando voy a castigar a este mundo&#8221;.<br><br>Usted puede saber acerca de los hombres que vivieron hace mucho tiempo que fueron llamados profetas. Los profetas fueron los que contaron las palabras de <em>Dupade<\/em> sobre el futuro. Fueron enviados por <em>Dupade<\/em>, pero la gente no escuch\u00f3 sus ense\u00f1anzas. Aquellos de nosotros que le contamos la palabra de <em>Dupade<\/em> hoy a nuestros semejantes son como esos profetas. Si quieres acompa\u00f1arnos cuando Jes\u00fas venga, p\u00eddele a <em>Dupade<\/em> que te perdone tus pecados. Si lo haces, \u00e9l pondr\u00e1 la salud espiritual en ti. \u00c9l pondr\u00e1 paz en tus corazones. \u00c9l pondr\u00e1 amor en sus vidas si deciden ir con nosotros al cielo.<br><br><strong><em>Cuando una persona muere, hay mucha tristeza entre sus parientes:<\/em><\/strong><br>Sabemos que cuando una persona, sea quien sea, muere, hay una gran tristeza porque su pariente se ha separado de ellos. Ser\u00e1 as\u00ed cuando llegue <em>Dupade<\/em>, habr\u00e1 familiares que estar\u00e1n muy tristes porque no han cre\u00eddo en <em>Dupade<\/em>. A pesar de su tristeza, no podr\u00e1n vernos nuevamente en nuestro estado de parientes. Sabes que nunca m\u00e1s veremos a los que mueren.<br><br><strong><em>Un d\u00eda, Jes\u00fas despertar\u00e1 a nuestros antepasados \u200b\u200bque murieron y buscar\u00e1 sus nombres en su Libro:<\/em><\/strong><br>Pero cuando Jes\u00fas regrese a la tierra, despertar\u00e1 a nuestros antepasados, los hombres que vivieron hace mucho tiempo. Su prop\u00f3sito al despertarlos era para poder buscar sus nombres. Quer\u00eda ver si sus nombres estaban en el Libro de la Vida. Pero si sus nombres no estaban all\u00ed, si nuestros nombres no est\u00e1n all\u00ed, estaremos muy tristes.<\/p>\n\n\n\n<p>Es por eso por lo que Jes\u00fas les dijo a sus\ndisc\u00edpulos: &#8220;Id a todo el mundo&#8221;, dijo. &#8220;Pero no te lleves mucha\nropa&#8221;, dijo, &#8220;solo tus zapatos&#8221;, dijo. &#8220;No lleves dinero\ncontigo cuando vayas al mundo a llevar las palabras de <em>Dupade<\/em> a la gente del mundo. Solo conf\u00eda en m\u00ed para lo que\nnecesitas &#8221; (Mateo 28: 18-20)<\/p>\n\n\n\n<p>Esto es para que podamos saber si usted\nquiere ir con nosotros, y si lo hace, solo d\u00edgaselo a nuestro padre <em>Dupade<\/em>. \u00c9l perdonar\u00e1 tus pecados. Conf\u00eda\nen <em>Dupade<\/em> mientras te presento a \u00e9l\nmientras a\u00fan est\u00e1s vivo. Por otro lado, podr\u00eda morir yo, y otros creyentes te\ncontar\u00e1n sobre esto. Pero podr\u00edas morir antes de escuchar sus ense\u00f1anzas.<\/p>\n\n\n\n<p>S\u00e9 que todos nosotros moriremos, y nadie en ninguna parte permanecer\u00e1 vivo para siempre. Cuando una persona llega al final de su vida, ese ser\u00e1 el final para \u00e9l, y nunca experimentar\u00e1 otro tipo de vida.<\/p>\n\n\n\n<p>Por lo tanto, la Biblia dice, Jes\u00fas dice: &#8220;El que crea en m\u00ed, yo le dar\u00e9 la vida&#8221;. Un nuevo tipo de vida que es eterno. Un tipo de vida que nunca terminar\u00e1. S\u00e9 que cuando eres joven eres feliz y deseas ir a cazar, o buscar miel, o jugar con las chicas, o comer el producto de tu propio jard\u00edn. Y piensas que tu vida nunca va a terminar. Pero no sabemos cu\u00e1ndo llegar\u00e1 <em>Dupade<\/em>.&nbsp;&nbsp;&nbsp;&nbsp;&nbsp;&nbsp;&nbsp; <br><br>S\u00e9 que, si eres una mujer joven, eres feliz tambi\u00e9n. Usted juega y piensa err\u00f3neamente que eso es todo lo que hay en la vida. Pero hay m\u00e1s en la vida cuando decides confiar en <em>Dupade<\/em>. Si quieres que <em>Dupade<\/em> sea el \u00fanico en el que crees, eso se convertir\u00e1 en tu vida a partir de ese momento.<\/p>\n\n\n\n<p>Por otro lado, otros pensar\u00e1n que todo les\nva bien, pero cuando el Hijo de <em>Dupade<\/em>\nregrese lo castigar\u00e1 porque Satan\u00e1s ha sido su amigo. Cuando elegiste hacer lo\nque Satan\u00e1s quer\u00eda que hicieras, en lugar de creer en <em>Dupade<\/em>, elegiste la tristeza, porque un d\u00eda llegar\u00e1s a la tierra\nque <em>Dupade<\/em> odia. Por lo tanto, tengo\nesto que decirte: si a\u00fan no has puesto tu fe en <em>Dupade<\/em>, hazlo de inmediato mientras a\u00fan haya tiempo.&nbsp;&nbsp;&nbsp;&nbsp;&nbsp;&nbsp;&nbsp;&nbsp;&nbsp; <\/p>\n\n\n\n<p>Has escuchado que Jes\u00fas volver\u00e1 y, cuando\nlo haga, ya no habr\u00e1 m\u00e1s tiempo. Ser\u00e1 como cuando alguien le dice algo a su\ncompa\u00f1ero y esa persona cree lo que dice. Eso es porque \u00e9l ve a quien le dijo\nesto. Estas son las palabras de <em>Dupade<\/em>:\nsi quieres creer en \u00e9l, entonces hazlo de inmediato. Si es de noche o de d\u00eda,\nhazlo bien antes de que nos vayamos. Si estuviera hablando de m\u00ed mismo, de que\na\u00fan no hab\u00eda despegado, no ser\u00eda importante, pero estoy hablando de la llegada\ndel Hijo de <em>Dupade<\/em> porque \u00e9l viene.\nSi \u00e9l no viene ma\u00f1ana, entonces todav\u00eda no nos iremos, no me ir\u00e9 todav\u00eda.\nPodr\u00edamos partir un domingo o un mi\u00e9rcoles. Probablemente sepas cuando es el\nmi\u00e9rcoles. Pero a\u00fan no nos hemos ido. No s\u00e9 cu\u00e1ndo nos vayamos a la ciudad de <em>Dupade<\/em>. Esto es todo lo que tengo que\nense\u00f1arnos. Y ahora hablar\u00e9 con <em>Dupade<\/em>\npor nosotros.<\/p>\n\n\n\n<p><strong><em>Ecarai habla con Dupade:<\/em><\/strong><br><em>Yoqui-Dupade<\/em>, estoy hablando contigo esta noche porque estoy muy feliz de que escuches lo que decimos. Cuando te pedimos lluvia, nos vino encima, <em>Yoqui-Dupade<\/em>, y quiero agradecerte por la lluvia que derramaste. Hiciste eso, por lo que los hombres estar\u00edan felices con sus cultivos y podr\u00edamos estar bien alimentados y saludables, <em>Yoqui-Dupade<\/em>. Lo hiciste para que te hablaran y te agradecieran que nos amas. Nos mostraste tu amor cuando nos trajiste la lluvia. Y ahora est\u00e1n felices de que est\u00e1n comiendo los productos de sus cultivos. Por lo tanto, estoy hablando contigo en este momento y solicit\u00e1ndote que cuides de nosotros, los que estamos aqu\u00ed en Rinc\u00f3n. Ay\u00fadanos ahora y danos salud y fortaleza, <em>Yoqui-Dupade<\/em>. Danos amor, porque te hablamos en el nombre de Jes\u00fas. Am\u00e9n.<\/p>\n\n\n\n<p><strong><span style=\"text-decoration: underline;\">Clave: <\/span><\/strong><br>Dupade \u2013 Dios<br>Yoqui<em>&#8211;<\/em>Dupade \u2013 Nuestro Dios<br><br><em>Ecarai \u2013 Rinc\u00f3n de Tigre, Bolivia \u2013 1960\u2019s<\/em><br><em>Transcrito y traducido por: Maxine Morarie<\/em><\/p>\n\n\n<div class=\"navigation\"><div class=\"alignleft\"><a href=\"https:\/\/ayore.org\/es\/cultura\/ensenanzas\/ecarai-davide-miro-la-tierra-que-habia-hecho-y-era-hermosa\/\"title=\"Ecarai (Davide\u0301) \u2013 Mir\u00f3 la tierra que hab\u00eda hecho y era hermosa\"><img loading=\"lazy\" decoding=\"async\" src=\"https:\/\/ayore.org\/wp-content\/uploads\/2018\/10\/left-arrow.png\" width=\"50\" height=\"48\" alt=\"left arrow\"><\/a><\/div><div class=\"alignright\"><a href=\"https:\/\/ayore.org\/es\/cultura\/ensenanzas\/ecarai-davide-la-palabra-de-dupade-se-hizo-hombre\/\"title=\"Ecarai (Davide\u0301) \u2013 La Palabra de Dupade se hizo hombre\"><img loading=\"lazy\" decoding=\"async\" src=\"https:\/\/ayore.org\/wp-content\/uploads\/2018\/10\/right-arrow.png\" width=\"50\" height=\"48\" alt=\"right arrow\"><\/a><\/div>\n","protected":false},"excerpt":{"rendered":"<p>Dupade chiroque u\u00f1\u00e9ngaja yoque jeta ch\u00e1ta raja yoque Dupade envi\u00f3 a otro como \u00e9l para ayudar a los creyentes en Jes\u00fas:Dupade dijo: &#8220;Mi querido hijo Jes\u00fas est\u00e1 de vuelta conmigo, pero enviar\u00e9 a otro para que los ayude a ustedes&#8221;.<\/p>\n","protected":false},"author":5,"featured_media":0,"parent":298,"menu_order":0,"comment_status":"closed","ping_status":"closed","template":"","meta":{"footnotes":""},"class_list":["post-3961","page","type-page","status-publish","hentry"],"yoast_head":"<!-- This site is optimized with the Yoast SEO plugin v27.4 - https:\/\/yoast.com\/product\/yoast-seo-wordpress\/ -->\n<title>Ecarai (Davide\u0301) \u2013 Dupade envi\u00f3 a otro para ayudarnos &#8226; AYORE.ORG<\/title>\n<meta name=\"robots\" content=\"index, follow, max-snippet:-1, max-image-preview:large, max-video-preview:-1\" \/>\n<link rel=\"canonical\" href=\"https:\/\/ayore.org\/es\/cultura\/ensenanzas\/ecarai-davide-dupade-envio-a-otro-para-ayudarnos\/\" \/>\n<meta property=\"og:locale\" content=\"es_ES\" \/>\n<meta property=\"og:type\" content=\"article\" \/>\n<meta property=\"og:title\" content=\"Ecarai (Davide\u0301) \u2013 Dupade envi\u00f3 a otro para ayudarnos &#8226; AYORE.ORG\" \/>\n<meta property=\"og:description\" content=\"Dupade chiroque u\u00f1\u00e9ngaja yoque jeta ch\u00e1ta raja yoque Dupade envi\u00f3 a otro como \u00e9l para ayudar a los creyentes en Jes\u00fas:Dupade dijo: &#8220;Mi querido hijo Jes\u00fas est\u00e1 de vuelta conmigo, pero enviar\u00e9 a otro para que los ayude a ustedes&#8221;.\" \/>\n<meta property=\"og:url\" content=\"https:\/\/ayore.org\/es\/cultura\/ensenanzas\/ecarai-davide-dupade-envio-a-otro-para-ayudarnos\/\" \/>\n<meta property=\"og:site_name\" content=\"AYORE.ORG\" \/>\n<meta property=\"article:modified_time\" content=\"2019-05-22T22:49:55+00:00\" \/>\n<meta name=\"twitter:card\" content=\"summary_large_image\" \/>\n<meta name=\"twitter:label1\" content=\"Tiempo de lectura\" \/>\n\t<meta name=\"twitter:data1\" content=\"12 minutos\" \/>\n<script type=\"application\/ld+json\" class=\"yoast-schema-graph\">{\"@context\":\"https:\\\/\\\/schema.org\",\"@graph\":[{\"@type\":\"WebPage\",\"@id\":\"https:\\\/\\\/ayore.org\\\/es\\\/cultura\\\/ensenanzas\\\/ecarai-davide-dupade-envio-a-otro-para-ayudarnos\\\/\",\"url\":\"https:\\\/\\\/ayore.org\\\/es\\\/cultura\\\/ensenanzas\\\/ecarai-davide-dupade-envio-a-otro-para-ayudarnos\\\/\",\"name\":\"Ecarai (Davide\u0301) \u2013 Dupade envi\u00f3 a otro para ayudarnos &#8226; AYORE.ORG\",\"isPartOf\":{\"@id\":\"https:\\\/\\\/ayore.org\\\/#website\"},\"datePublished\":\"2019-05-22T22:49:54+00:00\",\"dateModified\":\"2019-05-22T22:49:55+00:00\",\"breadcrumb\":{\"@id\":\"https:\\\/\\\/ayore.org\\\/es\\\/cultura\\\/ensenanzas\\\/ecarai-davide-dupade-envio-a-otro-para-ayudarnos\\\/#breadcrumb\"},\"inLanguage\":\"es-AR\",\"potentialAction\":[{\"@type\":\"ReadAction\",\"target\":[\"https:\\\/\\\/ayore.org\\\/es\\\/cultura\\\/ensenanzas\\\/ecarai-davide-dupade-envio-a-otro-para-ayudarnos\\\/\"]}]},{\"@type\":\"BreadcrumbList\",\"@id\":\"https:\\\/\\\/ayore.org\\\/es\\\/cultura\\\/ensenanzas\\\/ecarai-davide-dupade-envio-a-otro-para-ayudarnos\\\/#breadcrumb\",\"itemListElement\":[{\"@type\":\"ListItem\",\"position\":1,\"name\":\"Inicio\",\"item\":\"https:\\\/\\\/ayore.org\\\/es\\\/\"},{\"@type\":\"ListItem\",\"position\":2,\"name\":\"Cultura\",\"item\":\"https:\\\/\\\/ayore.org\\\/es\\\/cultura\\\/\"},{\"@type\":\"ListItem\",\"position\":3,\"name\":\"Ense\u00f1anzas\",\"item\":\"https:\\\/\\\/ayore.org\\\/es\\\/cultura\\\/ensenanzas\\\/\"},{\"@type\":\"ListItem\",\"position\":4,\"name\":\"Ecarai (Davide\u0301) \u2013 Dupade envi\u00f3 a otro para ayudarnos\"}]},{\"@type\":\"WebSite\",\"@id\":\"https:\\\/\\\/ayore.org\\\/#website\",\"url\":\"https:\\\/\\\/ayore.org\\\/\",\"name\":\"AYORE.ORG\",\"description\":\"Idioma, Cultura e Historia de la Tribu Ayor\u00e9\",\"potentialAction\":[{\"@type\":\"SearchAction\",\"target\":{\"@type\":\"EntryPoint\",\"urlTemplate\":\"https:\\\/\\\/ayore.org\\\/?s={search_term_string}\"},\"query-input\":{\"@type\":\"PropertyValueSpecification\",\"valueRequired\":true,\"valueName\":\"search_term_string\"}}],\"inLanguage\":\"es-AR\"}]}<\/script>\n<!-- \/ Yoast SEO plugin. -->","yoast_head_json":{"title":"Ecarai (Davide\u0301) \u2013 Dupade envi\u00f3 a otro para ayudarnos &#8226; AYORE.ORG","robots":{"index":"index","follow":"follow","max-snippet":"max-snippet:-1","max-image-preview":"max-image-preview:large","max-video-preview":"max-video-preview:-1"},"canonical":"https:\/\/ayore.org\/es\/cultura\/ensenanzas\/ecarai-davide-dupade-envio-a-otro-para-ayudarnos\/","og_locale":"es_ES","og_type":"article","og_title":"Ecarai (Davide\u0301) \u2013 Dupade envi\u00f3 a otro para ayudarnos &#8226; AYORE.ORG","og_description":"Dupade chiroque u\u00f1\u00e9ngaja yoque jeta ch\u00e1ta raja yoque Dupade envi\u00f3 a otro como \u00e9l para ayudar a los creyentes en Jes\u00fas:Dupade dijo: &#8220;Mi querido hijo Jes\u00fas est\u00e1 de vuelta conmigo, pero enviar\u00e9 a otro para que los ayude a ustedes&#8221;.","og_url":"https:\/\/ayore.org\/es\/cultura\/ensenanzas\/ecarai-davide-dupade-envio-a-otro-para-ayudarnos\/","og_site_name":"AYORE.ORG","article_modified_time":"2019-05-22T22:49:55+00:00","twitter_card":"summary_large_image","twitter_misc":{"Tiempo de lectura":"12 minutos"},"schema":{"@context":"https:\/\/schema.org","@graph":[{"@type":"WebPage","@id":"https:\/\/ayore.org\/es\/cultura\/ensenanzas\/ecarai-davide-dupade-envio-a-otro-para-ayudarnos\/","url":"https:\/\/ayore.org\/es\/cultura\/ensenanzas\/ecarai-davide-dupade-envio-a-otro-para-ayudarnos\/","name":"Ecarai (Davide\u0301) \u2013 Dupade envi\u00f3 a otro para ayudarnos &#8226; AYORE.ORG","isPartOf":{"@id":"https:\/\/ayore.org\/#website"},"datePublished":"2019-05-22T22:49:54+00:00","dateModified":"2019-05-22T22:49:55+00:00","breadcrumb":{"@id":"https:\/\/ayore.org\/es\/cultura\/ensenanzas\/ecarai-davide-dupade-envio-a-otro-para-ayudarnos\/#breadcrumb"},"inLanguage":"es-AR","potentialAction":[{"@type":"ReadAction","target":["https:\/\/ayore.org\/es\/cultura\/ensenanzas\/ecarai-davide-dupade-envio-a-otro-para-ayudarnos\/"]}]},{"@type":"BreadcrumbList","@id":"https:\/\/ayore.org\/es\/cultura\/ensenanzas\/ecarai-davide-dupade-envio-a-otro-para-ayudarnos\/#breadcrumb","itemListElement":[{"@type":"ListItem","position":1,"name":"Inicio","item":"https:\/\/ayore.org\/es\/"},{"@type":"ListItem","position":2,"name":"Cultura","item":"https:\/\/ayore.org\/es\/cultura\/"},{"@type":"ListItem","position":3,"name":"Ense\u00f1anzas","item":"https:\/\/ayore.org\/es\/cultura\/ensenanzas\/"},{"@type":"ListItem","position":4,"name":"Ecarai (Davide\u0301) \u2013 Dupade envi\u00f3 a otro para ayudarnos"}]},{"@type":"WebSite","@id":"https:\/\/ayore.org\/#website","url":"https:\/\/ayore.org\/","name":"AYORE.ORG","description":"Idioma, Cultura e Historia de la Tribu Ayor\u00e9","potentialAction":[{"@type":"SearchAction","target":{"@type":"EntryPoint","urlTemplate":"https:\/\/ayore.org\/?s={search_term_string}"},"query-input":{"@type":"PropertyValueSpecification","valueRequired":true,"valueName":"search_term_string"}}],"inLanguage":"es-AR"}]}},"_links":{"self":[{"href":"https:\/\/ayore.org\/es\/wp-json\/wp\/v2\/pages\/3961","targetHints":{"allow":["GET"]}}],"collection":[{"href":"https:\/\/ayore.org\/es\/wp-json\/wp\/v2\/pages"}],"about":[{"href":"https:\/\/ayore.org\/es\/wp-json\/wp\/v2\/types\/page"}],"author":[{"embeddable":true,"href":"https:\/\/ayore.org\/es\/wp-json\/wp\/v2\/users\/5"}],"replies":[{"embeddable":true,"href":"https:\/\/ayore.org\/es\/wp-json\/wp\/v2\/comments?post=3961"}],"version-history":[{"count":2,"href":"https:\/\/ayore.org\/es\/wp-json\/wp\/v2\/pages\/3961\/revisions"}],"predecessor-version":[{"id":3963,"href":"https:\/\/ayore.org\/es\/wp-json\/wp\/v2\/pages\/3961\/revisions\/3963"}],"up":[{"embeddable":true,"href":"https:\/\/ayore.org\/es\/wp-json\/wp\/v2\/pages\/298"}],"wp:attachment":[{"href":"https:\/\/ayore.org\/es\/wp-json\/wp\/v2\/media?parent=3961"}],"curies":[{"name":"wp","href":"https:\/\/api.w.org\/{rel}","templated":true}]}}