{"id":396,"date":"2018-07-20T02:48:21","date_gmt":"2018-07-20T02:48:21","guid":{"rendered":"https:\/\/ayore.org\/?page_id=396"},"modified":"2019-02-22T23:25:34","modified_gmt":"2019-02-22T23:25:34","slug":"oidabiade-llegaron-al-borde-de-dia","status":"publish","type":"page","link":"https:\/\/ayore.org\/es\/cultura\/creencias\/oidabiade-llegaron-al-borde-de-dia\/","title":{"rendered":"Oid\u00e1biad\u00e9 &#8211; Llegaron al borde del d\u00eda"},"content":{"rendered":"<p><em>Pedopasade<\/em><\/p>\n<p><strong style=\"font-size: 1rem;\">Descubrimientos de las posesiones del Clan<\/strong><\/p>\n<p><em>Ajatiguei \u00c9tac\u00f5ri<\/em> y <em>Jesai Chiquenoi<\/em> descubrieron las cosas en el mundo. Y se fueron a lugares muy lejanos antes de que ellos llegaran a la orilla del \u2018d\u00eda.\u2019\u00a0 Eso sucedi\u00f3 cuando <em>Jesai Chiquenoi<\/em> se adelant\u00f3 y entr\u00f3 al \u2018d\u00eda.\u2019 \u00c9l se fue y entr\u00f3 en ella. Y fue de esa manera que los <em>Chiquenoi<\/em> descubrieron el \u2018d\u00eda.\u2019<\/p>\n<p>Los <em>\u00c9tacorone<\/em> alcanzaron la orilla de la noche. <em>Ajatiguei<\/em>, miembro de los <em>\u00c9tacorone,<\/em> cruz\u00f3 a trav\u00e9s de la noche. <em>Jicai <\/em>cruz\u00f3 a trav\u00e9s de la obscuridad, tambi\u00e9n. Pero<em> Ajatiguei <\/em>segu\u00eda cruzando a trav\u00e9s de la noche hasta alcanzar la \u2018luz del d\u00eda\u2019 en el otro lado de la obscuridad. Y es por eso que \u2018la luz del d\u00eda\u2019 pertenece al Clan <em>\u00c9tac\u00f5ri.<\/em><\/p>\n<p>Los <em>Chiquenone <\/em>encontraron hierro, y es por eso que el hierro les pertenece como un \u2018posesion del clan.\u2019<\/p>\n<p><strong><em>Explicaciones de las \u2018posesiones del clan\u2019:<\/em><\/strong><\/p>\n<p>Lo que era descubierto por un clan se convert\u00eda en su <strong><em>edopasai<\/em><\/strong>\u00a0(la \u2018posesi\u00f3n del clan\u2019)<\/p>\n<p>Miembros del clan prohib\u00edan a otros usar lo que se consideraba las \u2018posesiones de su clan.\u2019<\/p>\n<p><strong><em>La sal<\/em><\/strong><strong> siendo una \u2018posesi\u00f3n de clan\u2019 pertenece: <\/strong>al\u2018Clan Picanerai\u2019 en Paraguay y\u00a0al \u2018Clan Chiquenoi\u2019 en Bolivia.<\/p>\n<p><strong>Como llego a existir la sal<\/strong><\/p>\n<p>Se dice que una mujer cocinaba calabazas. Y ella les puso un \u2018moco\u2019, y despu\u00e9s de esto las calabazas se hicieron m\u00e1s sabrosas al cocerlas. Pero sus amigas no sab\u00edan porque su comida sal\u00eda tan buena.<\/p>\n<p>Sus nietos dijeron, \u201cVamos a observar a <em>Cod\u00e9 (<\/em>la abuela). Vamos a ver qu\u00e9 es lo que hace con la comida y porque est\u00e1 tan buena.\u201d<\/p>\n<p>Mientras sus nietos la estaban observando, ella puso un \u2018moco\u2019 en las calabazas cuando las estaba cocinando. La comida que ella estaba cocinando sal\u00eda muy buena, pero \u00fanicamente ellos sab\u00edan lo que hizo para que la comida estuviera tan buena.<\/p>\n<p>Dicen que cuando la abuela muri\u00f3 y la enterraron, fue ella quien trajo la sal a la existencia en area donde la enterraron.<\/p>\n<p>Al siguiente d\u00eda algunos de las personas que vivieron en esa \u00e9poca cuyos nombres eran \u00a0Ducaraj\u00e1men\u00e9 y Sug\u00e1cad\u00e9 fueron a buscar la sal y la encontraron. Ellos llevaron la sal a los dem\u00e1s y les dijeron, \u201cNosotros hemos encontrado algo para chupar o para cocinar.\u201d<\/p>\n<p>Una de las esposas cocin\u00f3 calabazas y la sazon\u00f3 con la sal y estas calabazas estaban muy buenas.<\/p>\n<p>Y sus hermanas dijeron: \u201cDucaraj\u00e1medat\u00e9, danos \u00a0algo y nosotras sazonaremos la comida que cocinamos.\u201d<\/p>\n<p>As\u00ed fu\u00e9 como el Clan de los Picanerane \u00a0ten\u00edan la sal como una de sus \u2018posesiones del clan\u2019 debido a que fue una de las mujeres Picaner\u00e9 quien la descubri\u00f3. A ellos realmente les gustaba la sal.<\/p>\n<p><strong><em>Ig\u00e1bi era el pueblo en que los Ayoreos viv\u00edan antes de separarse<\/em><\/strong><\/p>\n<p>Fue en el pueblo de <em>Ig\u00e1bi<\/em> donde los Ayoreos Bolivianos y Paraguayos viv\u00edan juntos.\u00a0 Luego empezaron a pelear entre ellos. Fue en ese momento cuando se separaron y algunos se fueron a Paraguay.<\/p>\n<p>Cuando les cuentan a sus descendientes lo que sucedi\u00f3 les dicen: \u201cPero todos tus abuelos estaban juntos como familia en Ig\u00e1bi.\u201d<\/p>\n<p><strong><em>Los nombres de los grandes jefes fueron:<\/em><\/strong><\/p>\n<p>El nombre del jefe m\u00e1s famoso de los Ayoreos en Bolivia era <em>Aj\u00fagorocuch\u00e1tique<\/em>.<\/p>\n<p>El l\u00edder m\u00e1s famoso de los Ayor\u00e9os en Paraguay era <em>Sug\u00e1cad\u00e9 Picanerai<\/em>. \u00c9l era casi como un presidente.<\/p>\n<p><em>Yacamaque<\/em> fue el l\u00edder despu\u00e9s de <em>Ducaraj\u00e1men\u00e9<\/em>. Yacamaque era del clan Chiquenoi. (En ayore se dice:<em>\u00a0El que se sent\u00f3 en la espalda de Ducaraj\u00e1men\u00e9 fue Yacamaque<\/em>.)<\/p>\n<p><strong><em>Vocabulario:<\/em><\/strong><\/p>\n<p><em>ped\u00f3pasade \u2013 <\/em>t\u00e9rmino general para \u2018posesiones del clan\u2019<\/p>\n<p><em>ed\u00f3pasai \u2013<\/em>posesion del clan (m)<\/p>\n<p><em>ed\u00f3pasa \u2013 <\/em>posesion del clan (f)<\/p>\n<p><em>Oid\u00e1biad\u00e9 \u2013 Campo Loro, Paraguay \u2013 1988.<\/em><\/p>\n<p><em>Transcrito por: Maxine Morarie .<\/em><\/p>\n<p><em>Traducido al espa\u00f1ol por: Julia Morarie.<\/em><\/p>\n<div class=\"navigation\"><div class=\"alignleft\"><a href=\"https:\/\/ayore.org\/es\/cultura\/creencias\/oidabiade-el-armadillo-era-un-portador-de-armas\/\"title=\"Oid\u00e1biade\u0301 &#8211; El armadillo era un Portador De Armas\"><img loading=\"lazy\" decoding=\"async\" src=\"https:\/\/ayore.org\/wp-content\/uploads\/2018\/10\/left-arrow.png\" width=\"50\" height=\"48\" alt=\"left arrow\"><\/a><\/div><div class=\"alignright\"><a href=\"https:\/\/ayore.org\/es\/cultura\/creencias\/oidabiade-cosas-que-nuestros-padres-temieron\/\"title=\"Oid\u00e1biad\u00e9 &#8211; Cosas que nuestros padres temieron\"><img loading=\"lazy\" decoding=\"async\" src=\"https:\/\/ayore.org\/wp-content\/uploads\/2018\/10\/right-arrow.png\" width=\"50\" height=\"48\" alt=\"right arrow\"><\/a><\/div>\n","protected":false},"excerpt":{"rendered":"<p>Pedopasade Descubrimientos de las posesiones del Clan Ajatiguei \u00c9tac\u00f5ri y Jesai Chiquenoi descubrieron las cosas en el mundo. Y se fueron a lugares muy lejanos antes de que ellos llegaran a la orilla del \u2018d\u00eda.\u2019\u00a0 Eso sucedi\u00f3 cuando Jesai Chiquenoi<\/p>\n","protected":false},"author":2,"featured_media":0,"parent":282,"menu_order":0,"comment_status":"closed","ping_status":"closed","template":"","meta":{"footnotes":""},"class_list":["post-396","page","type-page","status-publish","hentry"],"yoast_head":"<!-- This site is optimized with the Yoast SEO plugin v27.4 - https:\/\/yoast.com\/product\/yoast-seo-wordpress\/ -->\n<title>Ayore\u0301 Creencias: Llegaron Al Borde De D\u00eda \u2022 Ayore.org<\/title>\n<meta name=\"robots\" content=\"index, follow, max-snippet:-1, max-image-preview:large, max-video-preview:-1\" \/>\n<link rel=\"canonical\" href=\"https:\/\/ayore.org\/es\/cultura\/creencias\/oidabiade-llegaron-al-borde-de-dia\/\" \/>\n<meta property=\"og:locale\" content=\"es_ES\" \/>\n<meta property=\"og:type\" content=\"article\" \/>\n<meta property=\"og:title\" content=\"Ayore\u0301 Creencias: Llegaron Al Borde De D\u00eda \u2022 Ayore.org\" \/>\n<meta property=\"og:description\" content=\"Pedopasade Descubrimientos de las posesiones del Clan Ajatiguei \u00c9tac\u00f5ri y Jesai Chiquenoi descubrieron las cosas en el mundo. Y se fueron a lugares muy lejanos antes de que ellos llegaran a la orilla del \u2018d\u00eda.\u2019\u00a0 Eso sucedi\u00f3 cuando Jesai Chiquenoi\" \/>\n<meta property=\"og:url\" content=\"https:\/\/ayore.org\/es\/cultura\/creencias\/oidabiade-llegaron-al-borde-de-dia\/\" \/>\n<meta property=\"og:site_name\" content=\"AYORE.ORG\" \/>\n<meta property=\"article:modified_time\" content=\"2019-02-22T23:25:34+00:00\" \/>\n<meta name=\"twitter:card\" content=\"summary_large_image\" \/>\n<meta name=\"twitter:label1\" content=\"Tiempo de lectura\" \/>\n\t<meta name=\"twitter:data1\" content=\"3 minutos\" \/>\n<script type=\"application\/ld+json\" class=\"yoast-schema-graph\">{\"@context\":\"https:\\\/\\\/schema.org\",\"@graph\":[{\"@type\":\"WebPage\",\"@id\":\"https:\\\/\\\/ayore.org\\\/es\\\/cultura\\\/creencias\\\/oidabiade-llegaron-al-borde-de-dia\\\/\",\"url\":\"https:\\\/\\\/ayore.org\\\/es\\\/cultura\\\/creencias\\\/oidabiade-llegaron-al-borde-de-dia\\\/\",\"name\":\"Ayore\u0301 Creencias: Llegaron Al Borde De D\u00eda \u2022 Ayore.org\",\"isPartOf\":{\"@id\":\"https:\\\/\\\/ayore.org\\\/#website\"},\"datePublished\":\"2018-07-20T02:48:21+00:00\",\"dateModified\":\"2019-02-22T23:25:34+00:00\",\"breadcrumb\":{\"@id\":\"https:\\\/\\\/ayore.org\\\/es\\\/cultura\\\/creencias\\\/oidabiade-llegaron-al-borde-de-dia\\\/#breadcrumb\"},\"inLanguage\":\"es-AR\",\"potentialAction\":[{\"@type\":\"ReadAction\",\"target\":[\"https:\\\/\\\/ayore.org\\\/es\\\/cultura\\\/creencias\\\/oidabiade-llegaron-al-borde-de-dia\\\/\"]}]},{\"@type\":\"BreadcrumbList\",\"@id\":\"https:\\\/\\\/ayore.org\\\/es\\\/cultura\\\/creencias\\\/oidabiade-llegaron-al-borde-de-dia\\\/#breadcrumb\",\"itemListElement\":[{\"@type\":\"ListItem\",\"position\":1,\"name\":\"Inicio\",\"item\":\"https:\\\/\\\/ayore.org\\\/es\\\/\"},{\"@type\":\"ListItem\",\"position\":2,\"name\":\"Cultura\",\"item\":\"https:\\\/\\\/ayore.org\\\/es\\\/cultura\\\/\"},{\"@type\":\"ListItem\",\"position\":3,\"name\":\"Creencias\",\"item\":\"https:\\\/\\\/ayore.org\\\/es\\\/cultura\\\/creencias\\\/\"},{\"@type\":\"ListItem\",\"position\":4,\"name\":\"Oid\u00e1biad\u00e9 &#8211; Llegaron al borde del d\u00eda\"}]},{\"@type\":\"WebSite\",\"@id\":\"https:\\\/\\\/ayore.org\\\/#website\",\"url\":\"https:\\\/\\\/ayore.org\\\/\",\"name\":\"AYORE.ORG\",\"description\":\"Idioma, Cultura e Historia de la Tribu Ayor\u00e9\",\"potentialAction\":[{\"@type\":\"SearchAction\",\"target\":{\"@type\":\"EntryPoint\",\"urlTemplate\":\"https:\\\/\\\/ayore.org\\\/?s={search_term_string}\"},\"query-input\":{\"@type\":\"PropertyValueSpecification\",\"valueRequired\":true,\"valueName\":\"search_term_string\"}}],\"inLanguage\":\"es-AR\"}]}<\/script>\n<!-- \/ Yoast SEO plugin. -->","yoast_head_json":{"title":"Ayore\u0301 Creencias: Llegaron Al Borde De D\u00eda \u2022 Ayore.org","robots":{"index":"index","follow":"follow","max-snippet":"max-snippet:-1","max-image-preview":"max-image-preview:large","max-video-preview":"max-video-preview:-1"},"canonical":"https:\/\/ayore.org\/es\/cultura\/creencias\/oidabiade-llegaron-al-borde-de-dia\/","og_locale":"es_ES","og_type":"article","og_title":"Ayore\u0301 Creencias: Llegaron Al Borde De D\u00eda \u2022 Ayore.org","og_description":"Pedopasade Descubrimientos de las posesiones del Clan Ajatiguei \u00c9tac\u00f5ri y Jesai Chiquenoi descubrieron las cosas en el mundo. Y se fueron a lugares muy lejanos antes de que ellos llegaran a la orilla del \u2018d\u00eda.\u2019\u00a0 Eso sucedi\u00f3 cuando Jesai Chiquenoi","og_url":"https:\/\/ayore.org\/es\/cultura\/creencias\/oidabiade-llegaron-al-borde-de-dia\/","og_site_name":"AYORE.ORG","article_modified_time":"2019-02-22T23:25:34+00:00","twitter_card":"summary_large_image","twitter_misc":{"Tiempo de lectura":"3 minutos"},"schema":{"@context":"https:\/\/schema.org","@graph":[{"@type":"WebPage","@id":"https:\/\/ayore.org\/es\/cultura\/creencias\/oidabiade-llegaron-al-borde-de-dia\/","url":"https:\/\/ayore.org\/es\/cultura\/creencias\/oidabiade-llegaron-al-borde-de-dia\/","name":"Ayore\u0301 Creencias: Llegaron Al Borde De D\u00eda \u2022 Ayore.org","isPartOf":{"@id":"https:\/\/ayore.org\/#website"},"datePublished":"2018-07-20T02:48:21+00:00","dateModified":"2019-02-22T23:25:34+00:00","breadcrumb":{"@id":"https:\/\/ayore.org\/es\/cultura\/creencias\/oidabiade-llegaron-al-borde-de-dia\/#breadcrumb"},"inLanguage":"es-AR","potentialAction":[{"@type":"ReadAction","target":["https:\/\/ayore.org\/es\/cultura\/creencias\/oidabiade-llegaron-al-borde-de-dia\/"]}]},{"@type":"BreadcrumbList","@id":"https:\/\/ayore.org\/es\/cultura\/creencias\/oidabiade-llegaron-al-borde-de-dia\/#breadcrumb","itemListElement":[{"@type":"ListItem","position":1,"name":"Inicio","item":"https:\/\/ayore.org\/es\/"},{"@type":"ListItem","position":2,"name":"Cultura","item":"https:\/\/ayore.org\/es\/cultura\/"},{"@type":"ListItem","position":3,"name":"Creencias","item":"https:\/\/ayore.org\/es\/cultura\/creencias\/"},{"@type":"ListItem","position":4,"name":"Oid\u00e1biad\u00e9 &#8211; Llegaron al borde del d\u00eda"}]},{"@type":"WebSite","@id":"https:\/\/ayore.org\/#website","url":"https:\/\/ayore.org\/","name":"AYORE.ORG","description":"Idioma, Cultura e Historia de la Tribu Ayor\u00e9","potentialAction":[{"@type":"SearchAction","target":{"@type":"EntryPoint","urlTemplate":"https:\/\/ayore.org\/?s={search_term_string}"},"query-input":{"@type":"PropertyValueSpecification","valueRequired":true,"valueName":"search_term_string"}}],"inLanguage":"es-AR"}]}},"_links":{"self":[{"href":"https:\/\/ayore.org\/es\/wp-json\/wp\/v2\/pages\/396","targetHints":{"allow":["GET"]}}],"collection":[{"href":"https:\/\/ayore.org\/es\/wp-json\/wp\/v2\/pages"}],"about":[{"href":"https:\/\/ayore.org\/es\/wp-json\/wp\/v2\/types\/page"}],"author":[{"embeddable":true,"href":"https:\/\/ayore.org\/es\/wp-json\/wp\/v2\/users\/2"}],"replies":[{"embeddable":true,"href":"https:\/\/ayore.org\/es\/wp-json\/wp\/v2\/comments?post=396"}],"version-history":[{"count":3,"href":"https:\/\/ayore.org\/es\/wp-json\/wp\/v2\/pages\/396\/revisions"}],"predecessor-version":[{"id":3022,"href":"https:\/\/ayore.org\/es\/wp-json\/wp\/v2\/pages\/396\/revisions\/3022"}],"up":[{"embeddable":true,"href":"https:\/\/ayore.org\/es\/wp-json\/wp\/v2\/pages\/282"}],"wp:attachment":[{"href":"https:\/\/ayore.org\/es\/wp-json\/wp\/v2\/media?parent=396"}],"curies":[{"name":"wp","href":"https:\/\/api.w.org\/{rel}","templated":true}]}}