{"id":3956,"date":"2019-05-22T21:54:48","date_gmt":"2019-05-22T21:54:48","guid":{"rendered":"https:\/\/ayore.org\/?page_id=3956"},"modified":"2019-05-22T21:54:49","modified_gmt":"2019-05-22T21:54:49","slug":"ecarai-davide-miro-la-tierra-que-habia-hecho-y-era-hermosa","status":"publish","type":"page","link":"https:\/\/ayore.org\/es\/cultura\/ensenanzas\/ecarai-davide-miro-la-tierra-que-habia-hecho-y-era-hermosa\/","title":{"rendered":"Ecarai (Davide\u0301) \u2013 Mir\u00f3 la tierra que hab\u00eda hecho y era hermosa"},"content":{"rendered":"\n<p><em>Dupade\nchajire dapesudi er\u00e3pe ga uerad\u00e9jna<\/em><em> <\/em><em><\/em><\/p>\n\n\n\n<p><strong><em>La creaci\u00f3n del mundo:<\/em><\/strong><br><em>Dupade<\/em> mir\u00f3 la tierra que hab\u00eda hecho, y era hermosa. As\u00ed es como t\u00fa y yo tambi\u00e9n lo somos. Cuando alguien hace un jard\u00edn, despu\u00e9s de que termina, lo mira y lo encuentra hermoso.<\/p>\n\n\n\n<p>Pero <em>Dupade<\/em> dijo: &#8220;No he plantado un jard\u00edn todav\u00eda&#8221;. Entonces, plant\u00f3 cosas. \u00c9l plant\u00f3 los \u00e1rboles <em>picad\u00e9ode<\/em>. \u00c9l plant\u00f3 los \u00e1rboles <em>esodie<\/em>. \u00c9l plant\u00f3 cosas para la comida en todo el mundo. Y mir\u00f3 su jard\u00edn y vio que las plantas sub\u00edan y produc\u00edan frutos. Pero se dijo a s\u00ed mismo: &#8220;He terminado de plantar las cosas en mi jard\u00edn, \u00a1pero lo que falta es que no hay gente para que lo coma!&#8221;<\/p>\n\n\n\n<p><strong><em>Los animales fueron creados primero:<\/em><\/strong><br>Pero ya sabes c\u00f3mo fue realmente, <em>Dupade<\/em> hizo su jard\u00edn para nosotros, los humanos que habitamos la tierra, <em>ayoreos<\/em> y <em>coj\u00f1one<\/em>. \u00c9l dijo: &#8220;Har\u00e9 los animales&#8221;. \u00c9l los hizo, pero estos animales que \u00e9l hizo no eran m\u00e1s que animales y no pod\u00edan hablar. No pudieron razonar.<\/p>\n\n\n\n<p><strong><em>Luego se hizo una criatura como el ayor\u00e9:<\/em><\/strong><br>Pero luego <em>Dupade<\/em> se decidi\u00f3 a hacer otra cosa. Tom\u00f3 parte de la tierra y la form\u00f3 e hizo una cosa especial en forma de un hombre, como probablemente ya hayas escuchado de don Juan y otros. Sigui\u00f3 perfeccion\u00e1ndolo: form\u00f3 un lugar para sus ojos, o\u00eddos y manos. Y luego dijo: &#8220;Ahora ser\u00eda bueno si tuviera vida&#8221;. Entonces, lo sopl\u00f3. Y la figura hecha de tierra se transform\u00f3 en un ser humano. Pero sabes que <em>Dupade<\/em> cre\u00f3 a este ser humano para que hiciera lo que le ped\u00eda y que lo obedecer\u00eda.<\/p>\n\n\n\n<p><strong><em>No fue bueno para Dios que el ayor\u00e9 estuviera solo, as\u00ed que lo hizo una esposa:<\/em><\/strong><br>Cuando termin\u00f3, dijo: &#8220;No ser\u00eda bueno que esta persona est\u00e9 sola y no tenga el beneficio de un compa\u00f1ero&#8221;. Sab\u00eda que ninguno de los animales podr\u00eda ser una esposa para el hombre que \u00e9l hab\u00eda creado. Pero luego, <em>Dupade<\/em> puso al hombre a dormir, ese primer hombre, Ad\u00e1n, y pronto estuvo profundamente dormido. <em>Dupade<\/em> tom\u00f3 un pedazo de su costilla y de ella hizo una mujer. Y luego le dijo a nuestro padre, el primer hombre: &#8220;Acabo de hacerte esposa&#8221;. No, \u00e9l no la llam\u00f3 esposa, pero dijo: &#8220;Acabo de hacerte una compa\u00f1era, alguien qui\u00e9n se quedar\u00e1 con usted y se ayudar\u00e1n mutuamente con su trabajo\u201d. Es verdad que las mujeres fueron hechas para ayudar a sus maridos.<br><br><strong><em>La desobediencia entr\u00f3 al mundo:<\/em><\/strong><br>Pero debes saber que luego despu\u00e9s la desobediencia entr\u00f3 al mundo, y la gente no escuchaba a <em>Dupade<\/em>.<br><br>Despu\u00e9s de que se hicieron, <em>Dupade<\/em> los llev\u00f3 a su jard\u00edn y les dijo: &#8220;Este es mi jard\u00edn. Come lo que quieras de \u00e9l. Aqu\u00ed est\u00e1 el fruto <em>esodie<\/em> que plant\u00e9 &#8220;, dijo. &#8220;Aqu\u00ed est\u00e1 la fruta de la palma llamada <em>ijnaque qued\u00e9jnanie<\/em>&#8220;, dijo. &#8220;Come algo de esta fruta de los \u00e1rboles <em>picad\u00e9ode<\/em>&#8220;, dijo. &#8220;Pero no comas esta otra fruta, te proh\u00edbo que la comas&#8221;.<br><br>Pero no sabemos el nombre de la fruta que <em>Dupade<\/em> les dijo que no comieran; la fruta que, si los humanos la comi\u00e9ramos, morir\u00edamos. <em>Dupade<\/em> les dijo: &#8220;Coman. Pero no comas esta fruta que est\u00e1 en el medio de mi jard\u00edn. &nbsp;<\/p>\n\n\n\n<p><strong><em>Una de las frutas en el jard\u00edn de Dupade estaba prohibida:<\/em><\/strong><br>Pero sabes que nuestra madre, la primera mujer, comi\u00f3 la fruta prohibida, y as\u00ed es como la desobediencia entr\u00f3 en nosotros los humanos. La muerte tambi\u00e9n entr\u00f3 en nosotros cuando comi\u00f3 la fruta.<\/p>\n\n\n\n<p>Escuchaste las ense\u00f1anzas de don Carlos cuando dijo: &#8220;La muerte desea a los humanos y quiere que la sigamos hasta nuestra muerte&#8221;.<\/p>\n\n\n\n<p>Entonces,\ncomieron la fruta que <em>Dupade<\/em> les dio\ny se sintieron felices. Estaban felices hasta que Satan\u00e1s entr\u00f3 en la serpiente\ny se transform\u00f3 en un hombre guapo, como te dije ayer. Y esa joven no le tem\u00eda,\nporque era un joven guapo.<\/p>\n\n\n\n<p><strong><em>Satan\u00e1s tienta a Eva:<\/em><\/strong><br>Ahora Satan\u00e1s le habla y le dice: &#8220;Eva, estas son algunas de las cosas que <em>Dupade<\/em> te dio para que comas&#8221;.<\/p>\n\n\n\n<p>Pero ella dijo: &#8220;Hay una fruta que <em>Dupade<\/em> nos ha prohibido comer. <em>Dupade<\/em> lo ha prohibido y es por eso que no podemos comerlo &#8220;.<\/p>\n\n\n\n<p>Pero Satan\u00e1s dijo: &#8220;Eva, creo que <em>Dupade<\/em> te est\u00e1 mintiendo. Es porque no quiere que sepas todo. Es por eso que te dijo que no te lo comas. Te lo est\u00e1 prohibiendo, para que no sepas las cosas al comerlo &#8220;.<\/p>\n\n\n\n<p>Y luego le dijo a nuestra madre, la primera mujer: &#8220;\u00bfPor qu\u00e9 no te lo comes?&#8221;<\/p>\n\n\n\n<p>Pero ella dijo: &#8220;No voy a comerlo&#8221;. <em>Dupade<\/em> me dijo que no me lo coma &#8220;.<\/p>\n\n\n\n<p>Pero no pod\u00eda seguir resistiendo la tentaci\u00f3n de comer la fruta prohibida. Es obvio que sus antojos la conduc\u00edan hacia la fruta.<\/p>\n\n\n\n<p>Y Satan\u00e1s dijo: &#8220;\u00bfPor qu\u00e9 tienes tanto miedo todo el tiempo? Esa fruta no te hace nada, y es sabrosa. Ahora, cuando la fruta est\u00e1 madura, \u00a1se vuelve muy atractiva!\u201d<\/p>\n\n\n\n<p>La fruta simplemente estaba colgando all\u00ed, tentando a nuestra madre Eva.<\/p>\n\n\n\n<p>Ella dijo: &#8220;Aqu\u00ed est\u00e1n las frutas. Y los voy a comer &#8220;. Pero luego dijo: &#8220;Pero si comemos esta fruta, moriremos como dijo <em>Dupade<\/em> &#8220;.<br><br><strong><em>Satan\u00e1s llama a Dupade un gran mentiroso:<\/em><\/strong><br>Pero Satan\u00e1s dijo: &#8220;<em>Dupade<\/em> es un mentiroso. \u00bfNo ves que te retiene la fruta porque si la comas sabr\u00e1s cosas como \u00e9l las sabe?<br><br>En un sentido dijo la verdad, porque Dupade lo dijo tambi\u00e9n. Si no hubi\u00e9ramos comido ese fruto, no nos hubi\u00e9ramos sentido avergonzados. Estar\u00edamos felices el uno con el otro. No nos enojar\u00edamos. No nos hubi\u00e9ramos avergonzado de estar desnudos. Pero cuando lo comimos, Satan\u00e1s encontr\u00f3\u0301 una manera de entrar en nosotros y aprendimos a pecar.&nbsp; <br><br>Y Eva dijo: &#8220;Bien. Voy a comerlo.&#8221; Ella recogi\u00f3 la fruta. Ella lo prob\u00f3 y fue delicioso. Pero luego le dijo a su esposo, nuestro padre, el primer hombre, &#8220;Ven aqu\u00ed. Come algo de esto. Es cierto que es sabroso, y <em>Dupade<\/em> debe habernos enga\u00f1ado cuando nos prohibi\u00f3 comerlo &#8220;.<br><br><strong><em>Cuando comieron la fruta prohibida, supieron que estaban desnudos:<\/em><\/strong><br>Comieron. Entonces dijeron: &#8220;\u00a1Estamos desnudos!&#8221;<\/p>\n\n\n\n<p>Entonces su esposo se mir\u00f3 y dijo: &#8220;As\u00ed es, estamos desnudos&#8221;. <\/p>\n\n\n\n<p>La fruta que comieron les hizo saber que estaban desnudos; y de inmediato se avergonzaron. Y el hombre le dijo a su esposa: &#8220;Vamos. Vamos a hacer algunas faldas &#8220;.<\/p>\n\n\n\n<p>Encontraron algunas hojas muy grandes y se hicieron faldas para ellos. Probablemente usaron hojas como las de una planta de banano, porque eran muy grandes. Los cosieron juntos y se hicieron faldas.<\/p>\n\n\n\n<p>Era tarde cuando oyeron a <em>Dupade<\/em> llamando. \u00c9l dijo: &#8220;\u00a1Ad\u00e1n, he venido a verte!&#8221;<\/p>\n\n\n\n<p>Pero Ad\u00e1n le dijo a su esposa: &#8220;Ven aqu\u00ed. V\u00e1monos. <em>Dupade<\/em> ha llegado &#8220;.<\/p>\n\n\n\n<p>Se escondieron al otro lado de los \u00e1rboles. Y dijeron: &#8220;<em>Dupade<\/em> no nos ver\u00e1 aqu\u00ed. Estamos bien escondidos &#8220;.<\/p>\n\n\n\n<p>Sabes que si me escondo detr\u00e1s de un \u00e1rbol grande nadie me ver\u00e1. \u00a1Como si <em>Dupade<\/em>, no pudiera ver a una persona escondida entre los \u00e1rboles! Es lo mismo con nosotros, si alguien esconde su pecado, <em>Dupade<\/em> lo ve todo, incluso las cosas que est\u00e1n ocultas.<\/p>\n\n\n\n<p><strong><em>Dupade los sigui\u00f3 a su escondite:<\/em><\/strong><br>Se mantuvieron ocultos, pero <em>Dupade<\/em> los sigui\u00f3 y los encontr\u00f3.<\/p>\n\n\n\n<p>Ad\u00e1n dijo: &#8220;\u00bfSer\u00e1 que <em>Dupade<\/em> nos minti\u00f3? Oye, alguien viene, \u00a1es probable que sea <em>Dupade<\/em>! \u00a1S\u00ed, es <em>Dupade<\/em>!\u201d<\/p>\n\n\n\n<p>&#8220;Aqu\u00ed estamos&#8221;, dijeron, pero era solo algo que decir. Intentaban evitar que <em>Dupade<\/em> supiera lo que hab\u00edan hecho, su desobediencia. <em>Dupade<\/em> los sorprendi\u00f3.<\/p>\n\n\n\n<p>Entonces, dijeron: &#8220;\u00a1Bueno, aqu\u00ed est\u00e1 <em>Dupade<\/em>!&#8221;<\/p>\n\n\n\n<p>Dijeron: &#8220;\u00a1Estamos aqu\u00ed!&#8221;<\/p>\n\n\n\n<p>Sabemos c\u00f3mo actuamos cuando estamos avergonzados, cuando tememos que alguien descubra que hemos estado pecando.<\/p>\n\n\n\n<p>Dijeron: &#8220;Aqu\u00ed estamos. Pero nos escondimos porque estamos desnudos.&#8221;<\/p>\n\n\n\n<p>Pero <em>Dupade<\/em> dijo: &#8220;Creo que debes haber comido la fruta prohibida. Y esa es la verdadera raz\u00f3n por la que te estabas escondiendo &#8220;.<br><br>Pero entonces Ad\u00e1n le dijo a <em>Dupade<\/em>: &#8220;<em>Dupade<\/em>, s\u00ed, lo comimos. La mujer que hiciste para m\u00ed me la dio y me la com\u00ed. Ella me dijo: &#8216;Ad\u00e1n, c\u00f3mete esto&#8217; &#8220;.&nbsp;&nbsp;&nbsp;&nbsp;&nbsp; <br><br>Y es verdad que cuando tu esposa no cree en <em>Dupade<\/em>, no deber\u00edas hacer las cosas que ella hace, si eres un creyente. Si tu esposa no cree en <em>Dupade<\/em>, no imites las cosas malas que ella hace.<br><br>Si este primer hombre no hubiera escuchado a su esposa, entonces <em>Dupade<\/em> no le hubiera dado la muerte.<br><br>Por otro lado, si tu esposa cree en <em>Dupade<\/em>, no trates de evitar que ella sea creyente de <em>Dupade<\/em>. Y si eres un creyente, entonces no te unas a las cosas malas que hace tu marido desobedeciendo a <em>Dupade<\/em>.<br><br>Y as\u00ed fue como le dijeron a <em>Dupade<\/em>: &#8220;Comimos la fruta que nos prohibiste comer. Y es por eso que nos escondimos de ti &#8220;.<\/p>\n\n\n\n<p><strong><em>Dupade los envi\u00f3 fuera de su jard\u00edn:<\/em><\/strong><br><em>Dupade<\/em> dijo: &#8220;Lo s\u00e9. Ustedes lo comieron. Vete, vayan lejos de mi jard\u00edn. Y no lo vuelvas a ingresar &#8220;.<\/p>\n\n\n\n<p>Se fueron y estaban muy tristes cuando se fueron. Hubo l\u00e1grimas cuando se marcharon porque <em>Dupade<\/em> hab\u00eda terminado con ellos.<\/p>\n\n\n\n<p>Pero <em>Dupade<\/em> no hab\u00eda terminado con ellos en absoluto, y ten\u00eda un plan para ellos, una forma de regresar a su pa\u00eds. \u00c9l dijo: &#8220;Incluso si no tuvieras que irte&#8221;, dijo, &#8220;no se te permitir\u00eda comer libremente sin trabajar&#8221;.<\/p>\n\n\n\n<p>Comprendes\nque, hasta este momento, <em>Dupade<\/em> les\nhab\u00eda permitido comida de su jard\u00edn para la que no hab\u00edan trabajado para que\npudieran adaptarse a su nueva vida, a comer y a dormir.<\/p>\n\n\n\n<p><strong><em>Dupade los maldijo con la muerte y el trabajo dif\u00edcil:<\/em><\/strong><br>Pero ahora maldijo al primer hombre con la muerte, y es por eso que todos morimos, porque <em>Dupade<\/em> dijo que lo har\u00edamos.<\/p>\n\n\n\n<p>\u00c9l dijo: &#8220;Seguir\u00e1s comiendo, pero primero debes esforzarte por tu comida&#8221;.<\/p>\n\n\n\n<p>Y <em>Dupade<\/em> les dijo la verdad, porque desde ese momento, nadie come sin\ntrabajar. Creo que todos entienden que lo que los Ayoreos sol\u00edamos comer en el\nbosque no era gratis, trabajamos para ello, cazando. Esto fue porque <em>Dupade<\/em> nos maldijo. \u00c9l no nos dio comida\npara que siguiera viniendo a nosotros de forma gratuita.<\/p>\n\n\n\n<p>Las tortugas nos proporcionan comida. Los cerdos salvajes saben que los matamos, y huyen de nosotros y no se quedan en ning\u00fan lugar cerca de los humanos. Si no hubi\u00e9ramos pecado contra <em>Dupade<\/em>, el cerdo salvaje y las tortugas se quedar\u00edan cerca de nosotros, entonces podr\u00edamos comerlos. Y nuestra gente sol\u00eda cazar miel, y cuando no pod\u00edan encontrar miel de inmediato, y no hab\u00eda nada para comer, estaban hambrientos y se desanimaban mucho en el bosque.<\/p>\n\n\n\n<p>Fue lo mismo con los Coj\u00f1one. Ni los Coj\u00f1one ni los Ayoreos pueden comer sin trabajar. Y trabajan duro para sus empleadores antes de que puedan comer.<\/p>\n\n\n\n<p><strong><em>Todo esto se debe a que Dupade maldijo al primer hombre con estas palabras:<\/em><\/strong><br>&#8220;Trabajar\u00e1s duro y el sudor se derramar\u00e1 de tus cuerpos antes de que puedas tener comida para comer&#8221;.<br><br><strong><em>Dupade maldijo a la primera mujer Eva:<\/em><\/strong><br>Y tambi\u00e9n maldijo a la primera mujer, de quien todos descendimos.<br><br>&#8220;Lo s\u00e9 como es contigo&#8221;, le dijo, &#8220;que piense y desee a su esposo&#8221;, dijo, &#8220;tiene un deseo sexual por su esposo&#8221;, dijo. &#8220;Pero luego tendr\u00e1s hijos&#8221;, dijo.&nbsp;&nbsp;&nbsp;&nbsp;&nbsp;&nbsp;&nbsp;&nbsp;&nbsp;&nbsp;&nbsp; <br><br>Continu\u00f3 con su maldici\u00f3n por la primera mujer. &#8220;Tendr\u00e1s hijos, pero experimentar\u00e1s dolor&#8221;, dijo. &#8220;Tendr\u00e1s dolor y tus hijos no saldr\u00e1n de ti sin dolor&#8221;.<br><br>De esto sabemos que <em>Dupade<\/em> trajo dificultades a nuestros antepasados \u200b\u200bcuando los maldijo.<br><br><strong><em>Dupade maldijo a la tierra:<\/em><\/strong><br>Luego maldijo a la tierra. \u00c9l dijo a la tierra: &#8220;Tendr\u00e1s espinas&#8221;, dijo. El \u00fanico lugar que no ten\u00eda espinas era el jard\u00edn de <em>Dupade<\/em>. No hab\u00eda espinas en ella. Pero los jardines de los Ayoreos tienen espinas y pegatinas. Pero <em>Dupade<\/em> maldijo la tierra y dijo: &#8220;Tendr\u00e1s espinas&#8221;, dijo. &#8220;Habr\u00e1 parches espinosos&#8221;, dijo.<br><br>Y desde ese momento, has visto c\u00f3mo ninguno de los jardines Ayoreos est\u00e1 libre de pegatinas. No hay lugar que no tenga parches espinosos. Los parches espinosos est\u00e1n por toda la tierra desde que <em>Dupade<\/em> maldijo el suelo.<br><br>Y sabemos que estas cosas negativas vinieron sobre nosotros, porque <em>Dupade<\/em> desaprobaba a nuestros antepasados, las primeras personas, a causa de su desobediencia.<br><br><strong><em>Dupade los maldijo, pero no dej\u00f3 de amarlos:<\/em><\/strong><br>Pero despu\u00e9s de que <em>Dupade<\/em> los hubiera maldecido, continu\u00f3 pensando en ellos en el cielo. \u00c9l dijo: &#8220;La gente que hice, que maldije, la amo y la quiero mucho&#8221;, dijo. &#8220;Los amo y quiero que me sigan y est\u00e9n conmigo&#8221;, dijo.&nbsp;&nbsp;&nbsp;&nbsp;&nbsp;&nbsp;&nbsp;&nbsp;&nbsp;&nbsp;&nbsp; <br><br>\u00c9l dijo: &#8220;Esto es lo que har\u00e9, enviar\u00e9 a mi Hijo Jes\u00fas al mundo para decirles que realmente los amo&#8221;, dijo.<br><br>Y eso es lo que realmente sucedi\u00f3; Jes\u00fas lleg\u00f3 al mundo hace mucho tiempo, pero nuestro pecado lo arroj\u00f3 al suelo. Y fue por nuestro pecado, que la gente lo clav\u00f3 en la cruz. Y eso demostr\u00f3 que <em>Dupade<\/em> y nosotros todav\u00eda \u00e9ramos enemigos. Y fue nuestro pecado tambi\u00e9n, el pecado de nosotros que vivimos hoy, que estuvo presente cuando Jes\u00fas fue crucificado con los hombres que fueron crucificados con \u00e9l. Pero despu\u00e9s Jes\u00fas resucit\u00f3 de entre los muertos, y por eso puedes saber que <em>Dupade<\/em> no ha terminado con nosotros y que a\u00fan nos ama.<\/p>\n\n\n\n<p><strong><span style=\"text-decoration: underline;\">Clave: <\/span><\/strong><br>Dupade \u2013 Dios<br>Ayoreos \u2013 El pueblo ayor\u00e9<br>Coj\u00f1one \u2013 Personas que no son ayoreos<br>Picad\u00e9ode \u2013 \u00c1rbol que produce este tipo de fruta<br>Esodie &#8211; \u00c1rbol que produce este tipo de fruta<\/p>\n\n\n\n<p><em>Ecarai \u2013 Rinc\u00f3n de Tigre, Bolivia \u2013 1960<\/em><br><em>Transcrito and traducido por: Maxine Morarie<\/em><\/p>\n\n\n<div class=\"navigation\"><div class=\"alignleft\"><a href=\"https:\/\/ayore.org\/es\/cultura\/ensenanzas\/ecarai-davide-dupade-contesta-nuestras-oraciones\/\"title=\"Ecarai (Davide\u0301) \u2013 Dupade contesta nuestras oraciones\"><img loading=\"lazy\" decoding=\"async\" src=\"https:\/\/ayore.org\/wp-content\/uploads\/2018\/10\/left-arrow.png\" width=\"50\" height=\"48\" alt=\"left arrow\"><\/a><\/div><div class=\"alignright\"><a href=\"https:\/\/ayore.org\/es\/cultura\/ensenanzas\/ecarai-davide-dupade-envio-a-otro-para-ayudarnos\/\"title=\"Ecarai (Davide\u0301) \u2013 Dupade envi\u00f3 a otro para ayudarnos\"><img loading=\"lazy\" decoding=\"async\" src=\"https:\/\/ayore.org\/wp-content\/uploads\/2018\/10\/right-arrow.png\" width=\"50\" height=\"48\" alt=\"right arrow\"><\/a><\/div>\n","protected":false},"excerpt":{"rendered":"<p>Dupade chajire dapesudi er\u00e3pe ga uerad\u00e9jna La creaci\u00f3n del mundo:Dupade mir\u00f3 la tierra que hab\u00eda hecho, y era hermosa. As\u00ed es como t\u00fa y yo tambi\u00e9n lo somos. Cuando alguien hace un jard\u00edn, despu\u00e9s de que termina, lo mira y<\/p>\n","protected":false},"author":5,"featured_media":0,"parent":298,"menu_order":0,"comment_status":"closed","ping_status":"closed","template":"","meta":{"footnotes":""},"class_list":["post-3956","page","type-page","status-publish","hentry"],"yoast_head":"<!-- This site is optimized with the Yoast SEO plugin v27.4 - https:\/\/yoast.com\/product\/yoast-seo-wordpress\/ -->\n<title>Ecarai (Davide\u0301) \u2013 Mir\u00f3 la tierra que hab\u00eda hecho y era hermosa &#8226; AYORE.ORG<\/title>\n<meta name=\"robots\" content=\"index, follow, max-snippet:-1, max-image-preview:large, max-video-preview:-1\" \/>\n<link rel=\"canonical\" href=\"https:\/\/ayore.org\/es\/cultura\/ensenanzas\/ecarai-davide-miro-la-tierra-que-habia-hecho-y-era-hermosa\/\" \/>\n<meta property=\"og:locale\" content=\"es_ES\" \/>\n<meta property=\"og:type\" content=\"article\" \/>\n<meta property=\"og:title\" content=\"Ecarai (Davide\u0301) \u2013 Mir\u00f3 la tierra que hab\u00eda hecho y era hermosa &#8226; AYORE.ORG\" \/>\n<meta property=\"og:description\" content=\"Dupade chajire dapesudi er\u00e3pe ga uerad\u00e9jna La creaci\u00f3n del mundo:Dupade mir\u00f3 la tierra que hab\u00eda hecho, y era hermosa. As\u00ed es como t\u00fa y yo tambi\u00e9n lo somos. Cuando alguien hace un jard\u00edn, despu\u00e9s de que termina, lo mira y\" \/>\n<meta property=\"og:url\" content=\"https:\/\/ayore.org\/es\/cultura\/ensenanzas\/ecarai-davide-miro-la-tierra-que-habia-hecho-y-era-hermosa\/\" \/>\n<meta property=\"og:site_name\" content=\"AYORE.ORG\" \/>\n<meta property=\"article:modified_time\" content=\"2019-05-22T21:54:49+00:00\" \/>\n<meta name=\"twitter:card\" content=\"summary_large_image\" \/>\n<meta name=\"twitter:label1\" content=\"Tiempo de lectura\" \/>\n\t<meta name=\"twitter:data1\" content=\"12 minutos\" \/>\n<script type=\"application\/ld+json\" class=\"yoast-schema-graph\">{\"@context\":\"https:\\\/\\\/schema.org\",\"@graph\":[{\"@type\":\"WebPage\",\"@id\":\"https:\\\/\\\/ayore.org\\\/es\\\/cultura\\\/ensenanzas\\\/ecarai-davide-miro-la-tierra-que-habia-hecho-y-era-hermosa\\\/\",\"url\":\"https:\\\/\\\/ayore.org\\\/es\\\/cultura\\\/ensenanzas\\\/ecarai-davide-miro-la-tierra-que-habia-hecho-y-era-hermosa\\\/\",\"name\":\"Ecarai (Davide\u0301) \u2013 Mir\u00f3 la tierra que hab\u00eda hecho y era hermosa &#8226; AYORE.ORG\",\"isPartOf\":{\"@id\":\"https:\\\/\\\/ayore.org\\\/#website\"},\"datePublished\":\"2019-05-22T21:54:48+00:00\",\"dateModified\":\"2019-05-22T21:54:49+00:00\",\"breadcrumb\":{\"@id\":\"https:\\\/\\\/ayore.org\\\/es\\\/cultura\\\/ensenanzas\\\/ecarai-davide-miro-la-tierra-que-habia-hecho-y-era-hermosa\\\/#breadcrumb\"},\"inLanguage\":\"es-AR\",\"potentialAction\":[{\"@type\":\"ReadAction\",\"target\":[\"https:\\\/\\\/ayore.org\\\/es\\\/cultura\\\/ensenanzas\\\/ecarai-davide-miro-la-tierra-que-habia-hecho-y-era-hermosa\\\/\"]}]},{\"@type\":\"BreadcrumbList\",\"@id\":\"https:\\\/\\\/ayore.org\\\/es\\\/cultura\\\/ensenanzas\\\/ecarai-davide-miro-la-tierra-que-habia-hecho-y-era-hermosa\\\/#breadcrumb\",\"itemListElement\":[{\"@type\":\"ListItem\",\"position\":1,\"name\":\"Inicio\",\"item\":\"https:\\\/\\\/ayore.org\\\/es\\\/\"},{\"@type\":\"ListItem\",\"position\":2,\"name\":\"Cultura\",\"item\":\"https:\\\/\\\/ayore.org\\\/es\\\/cultura\\\/\"},{\"@type\":\"ListItem\",\"position\":3,\"name\":\"Ense\u00f1anzas\",\"item\":\"https:\\\/\\\/ayore.org\\\/es\\\/cultura\\\/ensenanzas\\\/\"},{\"@type\":\"ListItem\",\"position\":4,\"name\":\"Ecarai (Davide\u0301) \u2013 Mir\u00f3 la tierra que hab\u00eda hecho y era hermosa\"}]},{\"@type\":\"WebSite\",\"@id\":\"https:\\\/\\\/ayore.org\\\/#website\",\"url\":\"https:\\\/\\\/ayore.org\\\/\",\"name\":\"AYORE.ORG\",\"description\":\"Idioma, Cultura e Historia de la Tribu Ayor\u00e9\",\"potentialAction\":[{\"@type\":\"SearchAction\",\"target\":{\"@type\":\"EntryPoint\",\"urlTemplate\":\"https:\\\/\\\/ayore.org\\\/?s={search_term_string}\"},\"query-input\":{\"@type\":\"PropertyValueSpecification\",\"valueRequired\":true,\"valueName\":\"search_term_string\"}}],\"inLanguage\":\"es-AR\"}]}<\/script>\n<!-- \/ Yoast SEO plugin. -->","yoast_head_json":{"title":"Ecarai (Davide\u0301) \u2013 Mir\u00f3 la tierra que hab\u00eda hecho y era hermosa &#8226; AYORE.ORG","robots":{"index":"index","follow":"follow","max-snippet":"max-snippet:-1","max-image-preview":"max-image-preview:large","max-video-preview":"max-video-preview:-1"},"canonical":"https:\/\/ayore.org\/es\/cultura\/ensenanzas\/ecarai-davide-miro-la-tierra-que-habia-hecho-y-era-hermosa\/","og_locale":"es_ES","og_type":"article","og_title":"Ecarai (Davide\u0301) \u2013 Mir\u00f3 la tierra que hab\u00eda hecho y era hermosa &#8226; AYORE.ORG","og_description":"Dupade chajire dapesudi er\u00e3pe ga uerad\u00e9jna La creaci\u00f3n del mundo:Dupade mir\u00f3 la tierra que hab\u00eda hecho, y era hermosa. As\u00ed es como t\u00fa y yo tambi\u00e9n lo somos. Cuando alguien hace un jard\u00edn, despu\u00e9s de que termina, lo mira y","og_url":"https:\/\/ayore.org\/es\/cultura\/ensenanzas\/ecarai-davide-miro-la-tierra-que-habia-hecho-y-era-hermosa\/","og_site_name":"AYORE.ORG","article_modified_time":"2019-05-22T21:54:49+00:00","twitter_card":"summary_large_image","twitter_misc":{"Tiempo de lectura":"12 minutos"},"schema":{"@context":"https:\/\/schema.org","@graph":[{"@type":"WebPage","@id":"https:\/\/ayore.org\/es\/cultura\/ensenanzas\/ecarai-davide-miro-la-tierra-que-habia-hecho-y-era-hermosa\/","url":"https:\/\/ayore.org\/es\/cultura\/ensenanzas\/ecarai-davide-miro-la-tierra-que-habia-hecho-y-era-hermosa\/","name":"Ecarai (Davide\u0301) \u2013 Mir\u00f3 la tierra que hab\u00eda hecho y era hermosa &#8226; AYORE.ORG","isPartOf":{"@id":"https:\/\/ayore.org\/#website"},"datePublished":"2019-05-22T21:54:48+00:00","dateModified":"2019-05-22T21:54:49+00:00","breadcrumb":{"@id":"https:\/\/ayore.org\/es\/cultura\/ensenanzas\/ecarai-davide-miro-la-tierra-que-habia-hecho-y-era-hermosa\/#breadcrumb"},"inLanguage":"es-AR","potentialAction":[{"@type":"ReadAction","target":["https:\/\/ayore.org\/es\/cultura\/ensenanzas\/ecarai-davide-miro-la-tierra-que-habia-hecho-y-era-hermosa\/"]}]},{"@type":"BreadcrumbList","@id":"https:\/\/ayore.org\/es\/cultura\/ensenanzas\/ecarai-davide-miro-la-tierra-que-habia-hecho-y-era-hermosa\/#breadcrumb","itemListElement":[{"@type":"ListItem","position":1,"name":"Inicio","item":"https:\/\/ayore.org\/es\/"},{"@type":"ListItem","position":2,"name":"Cultura","item":"https:\/\/ayore.org\/es\/cultura\/"},{"@type":"ListItem","position":3,"name":"Ense\u00f1anzas","item":"https:\/\/ayore.org\/es\/cultura\/ensenanzas\/"},{"@type":"ListItem","position":4,"name":"Ecarai (Davide\u0301) \u2013 Mir\u00f3 la tierra que hab\u00eda hecho y era hermosa"}]},{"@type":"WebSite","@id":"https:\/\/ayore.org\/#website","url":"https:\/\/ayore.org\/","name":"AYORE.ORG","description":"Idioma, Cultura e Historia de la Tribu Ayor\u00e9","potentialAction":[{"@type":"SearchAction","target":{"@type":"EntryPoint","urlTemplate":"https:\/\/ayore.org\/?s={search_term_string}"},"query-input":{"@type":"PropertyValueSpecification","valueRequired":true,"valueName":"search_term_string"}}],"inLanguage":"es-AR"}]}},"_links":{"self":[{"href":"https:\/\/ayore.org\/es\/wp-json\/wp\/v2\/pages\/3956","targetHints":{"allow":["GET"]}}],"collection":[{"href":"https:\/\/ayore.org\/es\/wp-json\/wp\/v2\/pages"}],"about":[{"href":"https:\/\/ayore.org\/es\/wp-json\/wp\/v2\/types\/page"}],"author":[{"embeddable":true,"href":"https:\/\/ayore.org\/es\/wp-json\/wp\/v2\/users\/5"}],"replies":[{"embeddable":true,"href":"https:\/\/ayore.org\/es\/wp-json\/wp\/v2\/comments?post=3956"}],"version-history":[{"count":2,"href":"https:\/\/ayore.org\/es\/wp-json\/wp\/v2\/pages\/3956\/revisions"}],"predecessor-version":[{"id":3958,"href":"https:\/\/ayore.org\/es\/wp-json\/wp\/v2\/pages\/3956\/revisions\/3958"}],"up":[{"embeddable":true,"href":"https:\/\/ayore.org\/es\/wp-json\/wp\/v2\/pages\/298"}],"wp:attachment":[{"href":"https:\/\/ayore.org\/es\/wp-json\/wp\/v2\/media?parent=3956"}],"curies":[{"name":"wp","href":"https:\/\/api.w.org\/{rel}","templated":true}]}}