{"id":3949,"date":"2019-05-22T21:17:03","date_gmt":"2019-05-22T21:17:03","guid":{"rendered":"https:\/\/ayore.org\/?page_id=3949"},"modified":"2019-05-22T21:17:05","modified_gmt":"2019-05-22T21:17:05","slug":"ecarai-davide-dupade-contesta-nuestras-oraciones","status":"publish","type":"page","link":"https:\/\/ayore.org\/es\/cultura\/ensenanzas\/ecarai-davide-dupade-contesta-nuestras-oraciones\/","title":{"rendered":"Ecarai (Davide\u0301) \u2013 Dupade contesta nuestras oraciones"},"content":{"rendered":"\n<p><em>Dupade\ndoi yoquicatec\u00e3raitigade<\/em><em><\/em><\/p>\n\n\n\n<p><strong><em>Ana le pidi\u00f3 a Dupade que le diera un hijo:<\/em><\/strong><br>Es realmente cierto que <em>Dupade<\/em> responde a nuestras oraciones, y nos da las cosas que pedimos de \u00e9l. Por lo tanto, tenemos que seguir pidiendo a <em>Dupade<\/em> por las cosas que necesitamos.<\/p>\n\n\n\n<p>As\u00ed\nhizo Ana, una mujer que vivi\u00f3 hace mucho tiempo. Ella deseaba tener hijos, pero\nno pod\u00eda, porque ella era est\u00e9ril. Pero Ana continuamente ped\u00eda que <em>Dupade<\/em> le diera un hijo.<em> <\/em>Se dice que <em>Dupade<\/em> escuchaba sus peticiones cada vez que ella oraba, pero \u00e9l no\nle dio un hijo de inmediato. Finalmente, a su debido tiempo, <em>Dupade<\/em> le dio un hijo. Y le puso por\nnombre Samuel.<\/p>\n\n\n\n<p>Esto\nes lo que sucedi\u00f3: Ana fue con su esposo a la casa de <em>Dupade <\/em>para adorar a <em>Dupade<\/em>.\nY tomaron regalos para el siervo de <em>Dupade\n<\/em>que ense\u00f1aba a la gente sobre <em>la\npalabra de Dupade<\/em> y vigil\u00f3 <em>la casa de\nDupade<\/em>. Pero Ana se qued\u00f3 en la casa de <em>Dupade<\/em>\ny estaba orando cuando el siervo de <em>Dupade\n<\/em>la vio. El siervo de <em>Dupade <\/em>crey\u00f3\nen <em>Dupade<\/em>, y \u00e9l le habl\u00f3 a Ana y le\npregunt\u00f3: &#8220;Ana, \u00bfest\u00e1s orando a <em>Dupade<\/em>?\n<em>Dupade<\/em> escuchar\u00e1 tus oraciones hoy, y\n\u00e9l te dar\u00e1 lo que est\u00e1s pidiendo &#8220;.<\/p>\n\n\n\n<p>Y\nhemos o\u00eddo como <em>Dupade<\/em> le dio a Ana\nun ni\u00f1o. Y es lo mismo con nosotros. Le pedimos a <em>Dupade<\/em> por las cosas que deseamos y <em>Dupade<\/em> nos da lo que pedimos.<strong><em><\/em><\/strong>&nbsp;<\/p>\n\n\n\n<p><strong><em>Le pidieron a Dupade que sacara a Pedro de la casa donde lo hab\u00edan encerrado:<\/em><\/strong><br>Fue de la misma manera muchos a\u00f1os despu\u00e9s. Hubo un hombre de un nuevo generaci\u00f3n llamado Pedro a quien hab\u00edan encerrado los enemigos de los creyentes de Jes\u00fas. Y los creyentes de <em>Dupade<\/em> se reunieron para orar por \u00e9l. Le pidieron a <em>Dupade <\/em>que hiciera algo por Pedro en la casa donde estaba encerrado.<\/p>\n\n\n\n<p>Y luego, cuando menos lo esperaban, Pedro estaba en la puerta de la casa donde se encontraban los creyentes orando. <em>Dupade<\/em> escuch\u00f3 sus oraciones y les concedi\u00f3 lo que deseaban. Pasa lo mismo con nosotros cuando tenemos fe en <em>Dupade<\/em> y le pedimos cosas de \u00e9l. Se nos dice que se sorprendieron cuando Pedro llam\u00f3 a la puerta. <em>Dupade<\/em> hab\u00eda enviado a un \u00e1ngel para liberarlo de las cadenas en los brazos y en las piernas, y milagrosamente se hab\u00eda abierto las puertas de la prisi\u00f3n para que Pedro saliera.<\/p>\n\n\n\n<p><strong><em>A veces Dupade no nos da lo que pedimos: (Santiago 4: 3)<\/em><\/strong><br>Usted sabe que el hijo de una persona puede pedirle algo. Y si su padre aprueba sus peticiones, entonces le da al ni\u00f1o lo que quiere. Por otro lado, a veces un ni\u00f1o pregunta en vano porque su padre no aprueba su pedido y no se lo da. Y as\u00ed es Dupade. Pedimos cosas, pero si lo que pedimos no es su voluntad, no nos da las cosas que queremos.<\/p>\n\n\n\n<p><strong><em>Las oraciones de Abraham por los miembros de su familia:<\/em><\/strong><br>Dicen que fue as\u00ed con un hombre llamado Abraham que vivi\u00f3 hace mucho tiempo. Se nos dice que rez\u00f3 a Dupade por sus parientes que viv\u00edan en Sodoma y Gomorra. Esto es lo que Abraham or\u00f3: &#8220;Si es tu voluntad salvar a mis parientes que viven en las grandes ciudades llamadas Sodoma y Gomorra, entonces no los destruyas&#8221;. Y Dupade hizo lo que se le pidi\u00f3 y no destruy\u00f3 a los parientes de Abraham. Lot y sus hijas sobrevivieron, pero Dupade destruy\u00f3 a las otras personas que viv\u00edan en Sodoma y Gomorra debido a sus formas de vivir muy feas.<\/p>\n\n\n\n<p><strong><em>Ester intercedi\u00f3 con Dupade por sus compatriotas:<\/em><\/strong><br>Dicen que fue lo mismo con una mujer que se llamaba Ester. Rez\u00f3 a <em>Dupade <\/em>por sus compatriotas para que los salvara de sus enemigos. Y se dice que <em>Dupade <\/em>hizo lo que ella pidi\u00f3 y, en respuesta a sus oraciones, impidi\u00f3 la destrucci\u00f3n de sus compatriotas, los jud\u00edos. Sus enemigos no terminaron con ellos en absoluto. Puede ser lo mismo para nosotros que vivimos hoy, muchos a\u00f1os despu\u00e9s, si creemos en Dupade.<\/p>\n\n\n\n<p><strong><em>Dupade puede responder a nuestras oraciones cuando nos rindamos a \u00e9l: (Salmo 37: 4)<\/em><\/strong><br>Dupade nos da nuestras solicitudes hoy. \u00c9l nos da las cosas que pedimos, porque somos hijos de Dupade y \u00e9l tiene compasi\u00f3n de nosotros. \u00c9l nos hizo, y le importa lo que nos pase. Cuando est\u00e1 satisfecho con lo que hacemos, nos da lo que pedimos.<\/p>\n\n\n\n<p>Si usted cree en <em>Dupade<\/em> y no conf\u00eda en otras cosas, cuando le pida por las cosas que necesita, entonces <em>Dupade<\/em> se lo conceder\u00e1.<\/p>\n\n\n\n<p><strong><em>La madre de Jes\u00fas le pidi\u00f3 vino para una boda:<\/em><\/strong><br>Especialmente Jes\u00fas escuch\u00f3 a su madre. Ella vino a su querido hijo acerca de proporcionar vino para una boda. Ella le dijo: &#8220;\u00bfHas notado que se est\u00e1n quedando sin vino?&#8221; Se dice que Jes\u00fas hizo lo que su madre deseaba e hizo la semejanza del vino. Lo que hizo fue muy bueno. Solo hab\u00eda grandes jarras de agua, pero hizo que el agua se convirtiera en delicioso jugo de fruta, mejor que el primer jugo de fruta que serv\u00edan. En toda la tierra, solo el querido Jes\u00fas pod\u00eda cumplir las palabras de su madre.<br><br>Incluso ahora es lo mismo cuando le pedimos cosas de Jes\u00fas y de su Padre. Nos dan las cosas que pedimos sin dudar. <em>(Santiago 1:7)<\/em><em>&nbsp;<\/em><\/p>\n\n\n\n<p><strong><span style=\"text-decoration: underline;\">Clave:<\/span><\/strong><br>Dupade &#8211; Dios<br>La casa de Dupade &#8211; Templo<br>El siervo de Dios que ense\u00f1\u00f3 a la gente acerca de Dupade &#8211; Sacerdote, Profeta<br><br>Ecarai &#8211; Tobit\u00e9, Bolivia &#8211; 1970<br>Transcrito y traducido al espa\u00f1ol por: Maxine Morarie<\/p>\n\n\n<div class=\"navigation\"><div class=\"alignleft\"><a href=\"https:\/\/ayore.org\/es\/cultura\/ensenanzas\/ecarai-davide-el-rey-david-se-quedo-en-jerusalen\/\"title=\"Ecarai (Davide\u0301) \u2013 El Rey David se qued\u00f3 en Jerusal\u00e9n\"><img loading=\"lazy\" decoding=\"async\" src=\"https:\/\/ayore.org\/wp-content\/uploads\/2018\/10\/left-arrow.png\" width=\"50\" height=\"48\" alt=\"left arrow\"><\/a><\/div><div class=\"alignright\"><a href=\"https:\/\/ayore.org\/es\/cultura\/ensenanzas\/ecarai-davide-miro-la-tierra-que-habia-hecho-y-era-hermosa\/\"title=\"Ecarai (Davide\u0301) \u2013 Mir\u00f3 la tierra que hab\u00eda hecho y era hermosa\"><img loading=\"lazy\" decoding=\"async\" src=\"https:\/\/ayore.org\/wp-content\/uploads\/2018\/10\/right-arrow.png\" width=\"50\" height=\"48\" alt=\"right arrow\"><\/a><\/div>\n","protected":false},"excerpt":{"rendered":"<p>Dupade doi yoquicatec\u00e3raitigade Ana le pidi\u00f3 a Dupade que le diera un hijo:Es realmente cierto que Dupade responde a nuestras oraciones, y nos da las cosas que pedimos de \u00e9l. Por lo tanto, tenemos que seguir pidiendo a Dupade por<\/p>\n","protected":false},"author":5,"featured_media":0,"parent":298,"menu_order":0,"comment_status":"closed","ping_status":"closed","template":"","meta":{"footnotes":""},"class_list":["post-3949","page","type-page","status-publish","hentry"],"yoast_head":"<!-- This site is optimized with the Yoast SEO plugin v27.4 - https:\/\/yoast.com\/product\/yoast-seo-wordpress\/ -->\n<title>Ecarai (Davide\u0301) \u2013 Dupade contesta nuestras oraciones &#8226; AYORE.ORG<\/title>\n<meta name=\"robots\" content=\"index, follow, max-snippet:-1, max-image-preview:large, max-video-preview:-1\" \/>\n<link rel=\"canonical\" href=\"https:\/\/ayore.org\/es\/cultura\/ensenanzas\/ecarai-davide-dupade-contesta-nuestras-oraciones\/\" \/>\n<meta property=\"og:locale\" content=\"es_ES\" \/>\n<meta property=\"og:type\" content=\"article\" \/>\n<meta property=\"og:title\" content=\"Ecarai (Davide\u0301) \u2013 Dupade contesta nuestras oraciones &#8226; AYORE.ORG\" \/>\n<meta property=\"og:description\" content=\"Dupade doi yoquicatec\u00e3raitigade Ana le pidi\u00f3 a Dupade que le diera un hijo:Es realmente cierto que Dupade responde a nuestras oraciones, y nos da las cosas que pedimos de \u00e9l. Por lo tanto, tenemos que seguir pidiendo a Dupade por\" \/>\n<meta property=\"og:url\" content=\"https:\/\/ayore.org\/es\/cultura\/ensenanzas\/ecarai-davide-dupade-contesta-nuestras-oraciones\/\" \/>\n<meta property=\"og:site_name\" content=\"AYORE.ORG\" \/>\n<meta property=\"article:modified_time\" content=\"2019-05-22T21:17:05+00:00\" \/>\n<meta name=\"twitter:card\" content=\"summary_large_image\" \/>\n<meta name=\"twitter:label1\" content=\"Tiempo de lectura\" \/>\n\t<meta name=\"twitter:data1\" content=\"5 minutos\" \/>\n<script type=\"application\/ld+json\" class=\"yoast-schema-graph\">{\"@context\":\"https:\\\/\\\/schema.org\",\"@graph\":[{\"@type\":\"WebPage\",\"@id\":\"https:\\\/\\\/ayore.org\\\/es\\\/cultura\\\/ensenanzas\\\/ecarai-davide-dupade-contesta-nuestras-oraciones\\\/\",\"url\":\"https:\\\/\\\/ayore.org\\\/es\\\/cultura\\\/ensenanzas\\\/ecarai-davide-dupade-contesta-nuestras-oraciones\\\/\",\"name\":\"Ecarai (Davide\u0301) \u2013 Dupade contesta nuestras oraciones &#8226; AYORE.ORG\",\"isPartOf\":{\"@id\":\"https:\\\/\\\/ayore.org\\\/#website\"},\"datePublished\":\"2019-05-22T21:17:03+00:00\",\"dateModified\":\"2019-05-22T21:17:05+00:00\",\"breadcrumb\":{\"@id\":\"https:\\\/\\\/ayore.org\\\/es\\\/cultura\\\/ensenanzas\\\/ecarai-davide-dupade-contesta-nuestras-oraciones\\\/#breadcrumb\"},\"inLanguage\":\"es-AR\",\"potentialAction\":[{\"@type\":\"ReadAction\",\"target\":[\"https:\\\/\\\/ayore.org\\\/es\\\/cultura\\\/ensenanzas\\\/ecarai-davide-dupade-contesta-nuestras-oraciones\\\/\"]}]},{\"@type\":\"BreadcrumbList\",\"@id\":\"https:\\\/\\\/ayore.org\\\/es\\\/cultura\\\/ensenanzas\\\/ecarai-davide-dupade-contesta-nuestras-oraciones\\\/#breadcrumb\",\"itemListElement\":[{\"@type\":\"ListItem\",\"position\":1,\"name\":\"Inicio\",\"item\":\"https:\\\/\\\/ayore.org\\\/es\\\/\"},{\"@type\":\"ListItem\",\"position\":2,\"name\":\"Cultura\",\"item\":\"https:\\\/\\\/ayore.org\\\/es\\\/cultura\\\/\"},{\"@type\":\"ListItem\",\"position\":3,\"name\":\"Ense\u00f1anzas\",\"item\":\"https:\\\/\\\/ayore.org\\\/es\\\/cultura\\\/ensenanzas\\\/\"},{\"@type\":\"ListItem\",\"position\":4,\"name\":\"Ecarai (Davide\u0301) \u2013 Dupade contesta nuestras oraciones\"}]},{\"@type\":\"WebSite\",\"@id\":\"https:\\\/\\\/ayore.org\\\/#website\",\"url\":\"https:\\\/\\\/ayore.org\\\/\",\"name\":\"AYORE.ORG\",\"description\":\"Idioma, Cultura e Historia de la Tribu Ayor\u00e9\",\"potentialAction\":[{\"@type\":\"SearchAction\",\"target\":{\"@type\":\"EntryPoint\",\"urlTemplate\":\"https:\\\/\\\/ayore.org\\\/?s={search_term_string}\"},\"query-input\":{\"@type\":\"PropertyValueSpecification\",\"valueRequired\":true,\"valueName\":\"search_term_string\"}}],\"inLanguage\":\"es-AR\"}]}<\/script>\n<!-- \/ Yoast SEO plugin. -->","yoast_head_json":{"title":"Ecarai (Davide\u0301) \u2013 Dupade contesta nuestras oraciones &#8226; AYORE.ORG","robots":{"index":"index","follow":"follow","max-snippet":"max-snippet:-1","max-image-preview":"max-image-preview:large","max-video-preview":"max-video-preview:-1"},"canonical":"https:\/\/ayore.org\/es\/cultura\/ensenanzas\/ecarai-davide-dupade-contesta-nuestras-oraciones\/","og_locale":"es_ES","og_type":"article","og_title":"Ecarai (Davide\u0301) \u2013 Dupade contesta nuestras oraciones &#8226; AYORE.ORG","og_description":"Dupade doi yoquicatec\u00e3raitigade Ana le pidi\u00f3 a Dupade que le diera un hijo:Es realmente cierto que Dupade responde a nuestras oraciones, y nos da las cosas que pedimos de \u00e9l. Por lo tanto, tenemos que seguir pidiendo a Dupade por","og_url":"https:\/\/ayore.org\/es\/cultura\/ensenanzas\/ecarai-davide-dupade-contesta-nuestras-oraciones\/","og_site_name":"AYORE.ORG","article_modified_time":"2019-05-22T21:17:05+00:00","twitter_card":"summary_large_image","twitter_misc":{"Tiempo de lectura":"5 minutos"},"schema":{"@context":"https:\/\/schema.org","@graph":[{"@type":"WebPage","@id":"https:\/\/ayore.org\/es\/cultura\/ensenanzas\/ecarai-davide-dupade-contesta-nuestras-oraciones\/","url":"https:\/\/ayore.org\/es\/cultura\/ensenanzas\/ecarai-davide-dupade-contesta-nuestras-oraciones\/","name":"Ecarai (Davide\u0301) \u2013 Dupade contesta nuestras oraciones &#8226; AYORE.ORG","isPartOf":{"@id":"https:\/\/ayore.org\/#website"},"datePublished":"2019-05-22T21:17:03+00:00","dateModified":"2019-05-22T21:17:05+00:00","breadcrumb":{"@id":"https:\/\/ayore.org\/es\/cultura\/ensenanzas\/ecarai-davide-dupade-contesta-nuestras-oraciones\/#breadcrumb"},"inLanguage":"es-AR","potentialAction":[{"@type":"ReadAction","target":["https:\/\/ayore.org\/es\/cultura\/ensenanzas\/ecarai-davide-dupade-contesta-nuestras-oraciones\/"]}]},{"@type":"BreadcrumbList","@id":"https:\/\/ayore.org\/es\/cultura\/ensenanzas\/ecarai-davide-dupade-contesta-nuestras-oraciones\/#breadcrumb","itemListElement":[{"@type":"ListItem","position":1,"name":"Inicio","item":"https:\/\/ayore.org\/es\/"},{"@type":"ListItem","position":2,"name":"Cultura","item":"https:\/\/ayore.org\/es\/cultura\/"},{"@type":"ListItem","position":3,"name":"Ense\u00f1anzas","item":"https:\/\/ayore.org\/es\/cultura\/ensenanzas\/"},{"@type":"ListItem","position":4,"name":"Ecarai (Davide\u0301) \u2013 Dupade contesta nuestras oraciones"}]},{"@type":"WebSite","@id":"https:\/\/ayore.org\/#website","url":"https:\/\/ayore.org\/","name":"AYORE.ORG","description":"Idioma, Cultura e Historia de la Tribu Ayor\u00e9","potentialAction":[{"@type":"SearchAction","target":{"@type":"EntryPoint","urlTemplate":"https:\/\/ayore.org\/?s={search_term_string}"},"query-input":{"@type":"PropertyValueSpecification","valueRequired":true,"valueName":"search_term_string"}}],"inLanguage":"es-AR"}]}},"_links":{"self":[{"href":"https:\/\/ayore.org\/es\/wp-json\/wp\/v2\/pages\/3949","targetHints":{"allow":["GET"]}}],"collection":[{"href":"https:\/\/ayore.org\/es\/wp-json\/wp\/v2\/pages"}],"about":[{"href":"https:\/\/ayore.org\/es\/wp-json\/wp\/v2\/types\/page"}],"author":[{"embeddable":true,"href":"https:\/\/ayore.org\/es\/wp-json\/wp\/v2\/users\/5"}],"replies":[{"embeddable":true,"href":"https:\/\/ayore.org\/es\/wp-json\/wp\/v2\/comments?post=3949"}],"version-history":[{"count":1,"href":"https:\/\/ayore.org\/es\/wp-json\/wp\/v2\/pages\/3949\/revisions"}],"predecessor-version":[{"id":3950,"href":"https:\/\/ayore.org\/es\/wp-json\/wp\/v2\/pages\/3949\/revisions\/3950"}],"up":[{"embeddable":true,"href":"https:\/\/ayore.org\/es\/wp-json\/wp\/v2\/pages\/298"}],"wp:attachment":[{"href":"https:\/\/ayore.org\/es\/wp-json\/wp\/v2\/media?parent=3949"}],"curies":[{"name":"wp","href":"https:\/\/api.w.org\/{rel}","templated":true}]}}