{"id":3940,"date":"2019-05-22T02:56:50","date_gmt":"2019-05-22T02:56:50","guid":{"rendered":"https:\/\/ayore.org\/?page_id=3940"},"modified":"2019-05-22T02:56:51","modified_gmt":"2019-05-22T02:56:51","slug":"ecarai-davide-el-rey-david-se-quedo-en-jerusalen","status":"publish","type":"page","link":"https:\/\/ayore.org\/es\/cultura\/ensenanzas\/ecarai-davide-el-rey-david-se-quedo-en-jerusalen\/","title":{"rendered":"Ecarai (Davide\u0301) \u2013 El Rey David se qued\u00f3 en Jerusal\u00e9n"},"content":{"rendered":"\n<p><em>Edugu\u00e9jnai David ch\u00e1care iji Jerusal\u00e9n<\/em><br><br><strong><em>Los pecados del Rey David:<\/em><\/strong><br>En la primavera, los reyes sal\u00edan a la batalla, pero una primavera David envi\u00f3 a su ej\u00e9rcito a luchar, pero \u00e9l se qued\u00f3 en Jerusal\u00e9n.<br><br>Una noche, David no pudo dormir, por lo que se levant\u00f3 de la cama y camin\u00f3 por el techo de la casa, y desde el techo vio a una mujer. \u00c9l envi\u00f3 un sirviente para averiguar el nombre de su esposo. <br><br>El sirviente regres\u00f3 y dijo: &#8220;La mujer se llama Betsab\u00e9, y ella es la esposa de Ur\u00edas el heteo&#8221;.<\/p>\n\n\n\n<p>David sab\u00eda que su marido estaba lejos en la guerra. Por lo tanto, le dijo a su siervo: &#8220;Ve y tr\u00e1eme aqu\u00ed a la mujer&#8221;. Cuando trajeron a la mujer, David se acost\u00f3 con ella y luego ella regres\u00f3 a su casa.<\/p>\n\n\n\n<p>La mujer concibi\u00f3 a su hijo, y ella le envi\u00f3 un mensaje y le dijo a David: &#8220;Estoy embarazada de tu hijo&#8221;.<br><br>David escribi\u00f3 una carta a Joab, el l\u00edder de los soldados, y esto es lo que dec\u00eda la carta: &#8220;Coloca a Ur\u00edas en la primera l\u00ednea de la batalla y se lo dejar\u00e1 solo all\u00ed para que lo maten en la guerra &#8220;.<br><br>Cuando supo que Ur\u00edas hab\u00eda sido asesinado, trajo a su esposa a su casa y se cas\u00f3 con ella. \u00c9l ocult\u00f3 su pecado, pero <em>Dupade<\/em> sab\u00eda lo que hab\u00eda hecho.&nbsp;<\/p>\n\n\n\n<p><strong><em>Dupade envi\u00f3 un profeta para hablarle a David llamado Nat\u00e1n:<\/em><\/strong><br>Du<em>pade<\/em> envi\u00f3 a Nat\u00e1n a ver c\u00f3mo estaba David. Cuando lleg\u00f3 all\u00ed, habl\u00f3 con David y le dijo: &#8220;Escucha lo que tengo que decir, David. Voy a contarte acerca de dos hombres que viven en la misma ciudad. Uno es rico, y uno es pobre. El hombre rico tiene muchas ovejas, pero quer\u00eda el corderito que era la mascota del pobre. Se lo quit\u00f3, lo mat\u00f3 y se lo comi\u00f3.\u201d<br><br>Esto hizo enojar al rey David. Y \u00e9l pregunt\u00f3 el nombre del hombre rico.&nbsp;<br><br>Nat\u00e1n le dijo: &#8220;T\u00fa eres ese hombre&#8221;.<br><br>Entonces, David supo que <em>Dupade<\/em> sab\u00eda acerca de su pecado y luego confes\u00f3 su pecado a <em>Dupade<\/em>.<em> (2 Samuel 12:1-13)<\/em><br><br><strong><em>Nat\u00e1n sac\u00f3 a la luz el pecado de David:<\/em><\/strong><br>Nat\u00e1n vino a David hace mucho tiempo y le habl\u00f3 acerca de un corderito que pertenec\u00eda a un hombre pobre. Le dijo que un hombre rico mat\u00f3 a la peque\u00f1a mascota del hombre pobre, y se lo comi\u00f3. Pero \u00e9l cont\u00f3 esta historia para que el pecado de David salga a la luz, as\u00ed como sus mentiras. Y David, que vivi\u00f3 hace mucho tiempo, se arrepinti\u00f3 y pronunci\u00f3 las palabras que se encuentran en la Palabra de Dios. <em>(Salmos 51)<\/em><br><br><strong><em>David se arrepinti\u00f3 de su pecado y or\u00f3 por el perd\u00f3n de Dupade:<\/em><\/strong>&nbsp;<br>David habl\u00f3 con <em>Dupade<\/em> y dijo: &#8220;Oh, ahora s\u00e9 que estos pecados que he cometido est\u00e1n en tu contra, <em>Dupade<\/em>. Ten piedad de m\u00ed, <em>Dupade<\/em>, y borra mis feos hechos. Quiero estar limpio de nuevo. Lo siento mucho, devu\u00e9lveme mi alegr\u00eda &#8220;. (Salmo 51)<br><br><strong><em>Quien escuche las Palabras de Dupade, deber\u00eda prestarle atenci\u00f3n:<\/em><\/strong><br>Me gustar\u00eda compartir con ustedes lo que he le\u00eddo en la <em>Palabra de<\/em> <em>Dupade;<\/em> que es m\u00e1s o menos esto: \u2018Si escucha lo que dice <em>la Palabra de Dupade,<\/em> prestar atenci\u00f3n a lo que se oye.\u2019 <br><br>No sabemos si alguna vez escuchamos la voz de <em>Dupade,<\/em> pero est\u00e1 claro que s\u00ed, porque las <em>Palabras de Dupade<\/em> comunican con nuestros corazones. Y recordamos el estado de <em>Dupade<\/em> de ser un Salvador. Nuestro Salvador dijo: &#8220;No cierren sus o\u00eddos hacia m\u00ed, en cambio obedezcan mis palabras, esc\u00fachenlos.\u201d<br><br>\u201cLas palabras no siempre se oyen de manera audible &#8220;, dijo, &#8220;as\u00ed que no cierres los o\u00eddos &#8220;, dijo. &#8220;Obedece <em>las Palabras de Dupade,<\/em> esc\u00fachalas&#8221;, dijo.<\/p>\n\n\n\n<p>S\u00e9 que o\u00edmos las <em>Palabras de<\/em> <em>Dupade<\/em> todos los d\u00edas aqu\u00ed en nuestro pueblo cuando nos reunimos para estudiarlas, pero no siempre las escuchamos. Ah\u00ed es cuando el pecado nos encuentra, porque Satan\u00e1s nos tienta para que no escuchemos y sigamos las <em>Palabras de<\/em> <em>Dupade<\/em>.<\/p>\n\n\n\n<p>Las <em>Palabras de<\/em> <em>Dupade<\/em> nos hablan de David, el hombre de anta\u00f1o que pens\u00f3 en matar al marido de una mujer joven y termin\u00f3 haci\u00e9ndolo. Pero en vano trat\u00f3 de ocultar lo feo que hab\u00eda hecho. Las <em>Palabras de<\/em> <em>Dupade<\/em> nos dicen que cuando su pr\u00f3jimo le revel\u00f3 las cosas feas que hab\u00eda hecho, solo entonces sinti\u00f3 pena por lo que hab\u00eda hecho.<br><br>Pero el Rey David regres\u00f3 a <em>Dupade<\/em> ese mismo d\u00eda y estas fueron sus palabras: &#8220;Ten piedad de m\u00ed, <em>Dupade<\/em>, porque esto es lo que voy a hacer, voy a responder a tu misericordia&#8221;.<br><br>Sabemos que una persona puede sentir pena por su pr\u00f3jimo, pero solo para darle algo como comida. Pero <em>Dupade<\/em> no solo nos proporciona comida, sino que tambi\u00e9n nos da fuerza. Por lo tanto, David, que vivi\u00f3 hace mucho tiempo, dijo: &#8220;<em>Dupade<\/em>, s\u00e9 compasivo conmigo porque esto es lo que haces&#8221;. Eres misericordioso con nosotros, gente en la tierra, as\u00ed que por favor borra mis pecados ahora mismo &#8220;. <br><br>Pero esos pecados que \u00e9l hab\u00eda hecho se originaron en pensamientos equivocados. Y entonces las cosas feas que David hizo fueron tres. Conoc\u00eda las <em>Palabras de Dupade<\/em>, pero no las escuch\u00f3. Durmi\u00f3 en presencia de una mujer joven que ya ten\u00eda un marido. Pero cuando supo que estaba embarazada, envi\u00f3 a su marido a la lucha para que sus enemigos lo mataran.<br><br>Pero David rog\u00f3 a <em>Dupade<\/em> y le dijo: &#8220;<em>Dupade<\/em>, recuerda que la compasi\u00f3n se origin\u00f3 contigo&#8221;, esto es lo que dijo. &#8220;Entonces, s\u00e9 compasivo y borra mis pecados en este momento&#8221;.<\/p>\n\n\n\n<p><strong><em>La Palabra de Dupade explica c\u00f3mo debemos cerrar nuestros o\u00eddos a las palabras de Satan\u00e1s:<\/em><\/strong><br>Estas palabras de David fueron muy largas cuando se las present\u00f3 a <em>Dupade<\/em> y le dijo que sus pecados estaban contra \u00e9l. Voy a leer lo que dijo <em>Dupade <\/em>en respuesta. Esto es lo que le dijo a ese hombre que vivi\u00f3 hace mucho tiempo: &#8220;Escucha las <em>Palabras de Dupade<\/em>&#8220;, dijo, &#8220;no cierres tus o\u00eddos&#8221;, dijo.<\/p>\n\n\n\n<p>S\u00e9 que escuchamos las <em>Palabras de<\/em> <em>Dupade<\/em> todos los d\u00edas, e incluso por la noche. Pero si uno de nosotros no escucha las <em>Palabras de<\/em> <em>Dupade<\/em>, entonces Satan\u00e1s lo tentar\u00e1. Lo confundir\u00e1 y le dir\u00e1: &#8220;Eso no es lo que significan las <em>Palabras de<\/em> <em>Dupade<\/em>&#8220;. Pero lo que significan las <em>Palabras de<\/em> <em>Dupade<\/em> es lo siguiente: &#8220;Cierra los o\u00eddos a las palabras de Satan\u00e1s cuando te hable&#8221;.<\/p>\n\n\n\n<p><strong><em>Dupade sabe exactamente lo que hay en nuestros corazones:<\/em><\/strong><br>Sabemos que <em>Dupade<\/em> nos aconseja con sus palabras. \u00c9l dice: &#8220;Si tu padre <em>Dupade<\/em> te habla, no lo rechaces&#8221;. \u00c9l dice: &#8220;Si tu pr\u00f3jimo conf\u00eda en ti cuando est\u00e1 pasando por cosas dolorosas, no lo decepciones&#8221;. Entonces, cuando est\u00e1s del otro lado de la gran prueba en la que tu pr\u00f3jimo confi\u00f3, es muy cierto que te elogiar\u00e1. Y as\u00ed es con las <em>Palabras de<\/em> <em>Dupade<\/em> que dicen: &#8220;<em>Dupade<\/em> nos levanta&#8221;. Si <em>Dupade<\/em> ha confiado en que lo servir\u00e1s y ser fuerte en sus palabras, entonces <em>Dupade<\/em> te levantar\u00e1. Esta fe tuya, no vino de ti, sino de sus palabras. (Romanos 10:17)<\/p>\n\n\n\n<p>Si escuchas <em>las Palabras de<\/em> <em>Dupade<\/em>, entonces <em>Dupade<\/em> trabajar\u00e1 contigo y ya no te ver\u00e1s tentado a hacer cosas feas. No tendr\u00e1s a\u00f1os secos con pocos cultivos. No s\u00e9 en qu\u00e9 parte de <em>las Palabras de Dupade<\/em> dice esto, pero est\u00e1 en el Antiguo Testamento, probablemente en Deuteronomio, donde Mois\u00e9s dice: &#8220;Ser\u00e1s bendecido en tu tierra y no ver\u00e1s ning\u00fan a\u00f1o malo&#8221;.<\/p>\n\n\n\n<p>Y <em>las Palabras de<\/em> <em>Dupade<\/em> significan esto: &#8220;Ser\u00e1s bendecido y, en tu tierra, no experimentar\u00e1s ning\u00fan a\u00f1o seco en absoluto. \u00c9l te bendecir\u00e1 y no ver\u00e1s ning\u00fan aborto involuntario entre tu gente. &#8221; Esto es lo que dice. &#8220;\u00c9l bendecir\u00e1 al ganado y no ver\u00e1s a ninguno de ellos abortar&#8221;. Eso es lo que dice. &#8220;Pero ser\u00e1 as\u00ed solo si escuchas <em>las Palabras de<\/em> <em>Dupade<\/em>&#8220;.<br><br>Luego nos dice lo que <em>Dupade<\/em> desaprueba y dice: &#8220;Si <em>Dupade<\/em> desaprueba lo que haces, no tendr\u00e1s buenos cultivos en absoluto&#8221;, dice. &#8220;No tendr\u00e1s partos seguros&#8221;, dice. &#8220;No tendr\u00e1s buen ganado. Y tus reba\u00f1os no llevar\u00e1n a sus bebes hasta el t\u00e9rmino completo.<br><br>Y lo que se cuenta se aplica a nosotros. Cuando pecamos despu\u00e9s de escuchar <em>las Palabras de<\/em> <em>Dupade<\/em>, entonces <em>Dupade<\/em> no nos aprobar\u00e1 y no nos dar\u00e1 buenas cosechas.<br><br> Sabes, creo que <em>Dupade<\/em> debe haber escuchado nuestras oraciones aqu\u00ed en Tobit\u00e9 en los a\u00f1os pasados. En aquel entonces nunca tuvimos malos a\u00f1os, ni siquiera un poco malo. Pero eso fue porque <em>Dupade<\/em> nos estaba ayudando en Tobit\u00e9 para que no tuvi\u00e9ramos a\u00f1os secos. Y eso fue porque escuchamos y prestamos atenci\u00f3n a sus palabras. No sab\u00edamos mucho sobre nuestro estado de creyentes en aquel entonces, pero <em>Dupade<\/em> conoc\u00eda nuestros corazones y sab\u00eda que realmente cre\u00edamos en \u00e9l. Y dijo, por eso, \u00e9l nos bendecir\u00eda, y no tendr\u00edamos malas cosechas, ni nuestras mujeres sufrir\u00edan abortos espont\u00e1neos. Ni siquiera tendr\u00edamos problemas para criar pollos. Eso es lo <em>Dupade<\/em> dijo.&nbsp;<\/p>\n\n\n\n<p><strong><em>Si odiamos lo que hemos hecho contra Dupade, deber\u00edamos hacer lo que hizo David:<\/em><\/strong><br>Sabes que David, que vivi\u00f3 hace mucho tiempo, se present\u00f3 a <em>Dupade<\/em> y le dijo: &#8220;<em>Dupade<\/em>, ten piedad de m\u00ed, ten piedad de m\u00ed por tu gracia y luego seguir\u00e9 tu camino&#8221;. Luego dijo: &#8220;Borra mis pecados Borre mis feos caminos &#8220;, dijo. &#8220;Si borras lo que hay en mi coraz\u00f3n, mi coraz\u00f3n estar\u00e1 muy limpio&#8221;, dijo. &#8220;Borra por completo mis pecados y mi suspiro no volver\u00e1 a desanimarme nuevamente&#8221;.<br><br>Y es verdad que cuando escuchamos <em>las Palabras de<\/em> <em>Dupade<\/em> y odiamos lo que hemos hecho en su contra, estamos haciendo lo que el Rey David hizo cuando le dijo a <em>Dupade:<\/em> &nbsp;&#8220;Agita ante mis ojos todos mis pecados y entonces no tendr\u00e9 para verlos de nuevo y no tendr\u00e9 que soportar tu desaprobaci\u00f3n m\u00e1s &#8220;.<br><br>Y estas cosas que dijo son sobre escuchar <em>las Palabras de Dupade<\/em> y no rehusarse a hacerlas. Porque si rechazamos <em>las Palabras de<\/em> <em>Dupade<\/em> y seguimos pecando como hicieron los hombres de anta\u00f1o, entonces <em>Dupade<\/em> nos dar\u00e1 a\u00f1os feos sin buenas cosechas. \u00c9l nos dar\u00e1 hambre. \u00c9l nos dar\u00e1 la enfermedad.<br><br>Pero David le dijo a <em>Dupade:<\/em> &#8220;<em>Dupade<\/em>, la misericordia viene de ti. As\u00ed que ten piedad de m\u00ed. Borra mi pecado y con tu hisopo limpia mi coraz\u00f3n, y ser\u00e1 m\u00e1s blanco que el granizo. Solo tu hisopo puede lavarme. Pon la felicidad en mi coraz\u00f3n. Causa que mis huesos sean fuertes de nuevo.\u201d &nbsp;&nbsp;&nbsp;&nbsp;&nbsp;&nbsp;&nbsp;&nbsp;&nbsp;&nbsp;&nbsp;&nbsp; <\/p>\n\n\n\n<p><strong><em>El consejo de Guillermo Gill a Ecarai:<\/em><\/strong><br>Mi mensaje fue para ti, pero tambi\u00e9n se aplica a m\u00ed. Porque he pecado.<br><br>Es por eso que los misioneros en estos d\u00edas me han estado diciendo que lea el Salmo 51, que fue escrito por ese hombre antiguo llamado David. Cuando Guillermo me aconsej\u00f3, el que fue quemado hace mucho tiempo aqu\u00ed en Tobit\u00e9, dijo: &#8220;Padre de David, otros pueblos tribales han pecado. Eso es porque no saben que <em>Dupade<\/em> odia el pecado &#8220;, me dijo. &#8220;Una de esas personas tribales, una mujer, nos dijo que podemos obedecer <em>las Palabras de<\/em> <em>Dupade<\/em> en nuestros corazones, y dejar que nuestra carne haga lo que desea, eso es lo que ella dijo. Pero ella no sab\u00eda el significado <em>de las Palabras de<\/em> <em>Dupade<\/em>. Porque nuestra carne siempre quiere hacer cosas feas &#8220;(G\u00e1latas 5:19)<br><br>Pero Guillermo, el quemado por el fuego, explic\u00f3 estas cosas: &#8220;Si has hecho cosas feas, debes hacer lo que hizo David, el hombre de anta\u00f1o&#8221;. <br><br>\u00c9l dijo: &#8220;<em>Dupade<\/em>, t\u00fa eres el creador de la misericordia, as\u00ed que por favor borra mis pecados, y aplica tu hisopo al lugar en m\u00ed en el que est\u00e1n escondidos mis pecados para que vuelva a estar limpio y blanco&#8221;.<br><br>No s\u00e9 si <em>Dupade<\/em> tiene un hisopo literal, pero \u00e9l nos dice que puede lavar todos nuestros pecados. El rey David sab\u00eda que el sacerdote en esos d\u00edas ten\u00eda hisopos. Y sumerg\u00edan el hisopo en la sangre de los animales y lo rociaban sobre las cosas para quitarles el estado de impureza, y despu\u00e9s eran puras. El rey David quer\u00eda su estado de rectitud, y es por eso que mencion\u00f3 el hisopo. Pero Cristo se sacrific\u00f3 a s\u00ed mismo y su sangre es lo que borra nuestros pecados. (1 Juan 1:8-9)<br><br><em>Dupade<\/em> perdon\u00f3 los pecados del Rey David porque \u00e9l los confes\u00f3. <br><br>Guillermo me dijo: &#8220;S\u00e9 como David, el hombre que vivi\u00f3 hace mucho tiempo, fue limpiado. <em>Dupade<\/em> aplic\u00f3 el hisopo al lugar donde se ocultaron sus pecados y lo dej\u00f3 m\u00e1s blanco que el granizo. El granizo cubre el suelo y el suelo es blanco. Y cuando <em>Dupade<\/em> borra el pecado de alguien, hace que el lugar donde se escondi\u00f3 el pecado vuelva a ser blanco.&nbsp;<br><br>Por lo tanto, todos ustedes, hermanos creyentes, escuchen lo que Guillermo me dijo: &#8220;S\u00e9 que todas las personas en la tierra siempre est\u00e1n buscando formas de pecar. Y Satan\u00e1s viene a nosotros y nos tienta. Lo que \u00e9l quiere es que no prestemos atenci\u00f3n a <em>las Palabras de<\/em> <em>Dupade<\/em>, &#8221; esto es lo que dijo Guillermo. Y luego dijo: &#8220;Ven y deja de pecar y vete lejos del pecado&#8221;.<br><br>Continu\u00f3 exhort\u00e1ndonos y dijo: &#8220;Nosotros los creyentes tenemos derecho a ser sinceros y querer seguir <em>las Palabras de<\/em> <em>Dupade<\/em> como lo hizo David&#8221;, dijo Guillermo. &#8220;David le dijo a <em>Dupade<\/em>, \u2018Borra mis pecados. Lava mis pecados con tu hisopo, el lugar donde est\u00e1n ser\u00e1 limpio y blanco\u2019 &#8220;.<\/p>\n\n\n\n<p>Y esto tambi\u00e9n es lo que \u2018don Guillermo\u2019 me dijo: &#8220;Recuerda que hace mucho tiempo <em>Dupade<\/em> quer\u00eda usarte y enviarte a predicar sus palabras. Entonces, vuelve a <em>Dupade<\/em> si quieres predicar sus palabras en este mundo. Eso es lo que hicieron los hombres de la antig\u00fcedad, fueron a todas partes predicando solos a lo largo de este mundo. Aquellos que los odiaban y los atacaban que predicaban <em>las Palabras de<\/em> <em>Dupade <\/em>en aquel entonces, nos odian y tambi\u00e9n nos atacan hoy en d\u00eda &#8220;.<\/p>\n\n\n\n<p>Es por eso que les dije lo que dijo Guillermo y lo que nos ense\u00f1\u00f3. Quer\u00eda que nos di\u00e9ramos cuenta de que a pesar de que no es para todos nosotros, s\u00e9 que se aplica a m\u00ed, y es por eso que nos dice esto.<\/p>\n\n\n\n<p>David, el hombre de hace mucho tiempo, realmente quer\u00eda a la joven mujer llamada Betsab\u00e9. Y no solo eso, \u00e9l mat\u00f3 a su esposo y ocult\u00f3 su pecado de adulterio: se acost\u00f3 con ella sin casarse con ella y ella qued\u00f3 embarazada. Pero luego <em>Dupade<\/em> envi\u00f3 a su profeta Nat\u00e1n para revelarle a David que hab\u00eda pecado. Cuando \u00e9l le dijo esto, David se compadeci\u00f3 de s\u00ed mismo. Y \u00e9l regres\u00f3 a <em>Dupade<\/em>.<br><br>Y es por eso que \u2018don Guillermo\u2019 me exhort\u00f3 y me dijo: &#8220;Siente pena por tus compa\u00f1eros ayoreos por quienes has orado, y no te averg\u00fcences ante los sanos y fuertes creyentes de <em>Dupade<\/em>. <em>Dupade<\/em> aplicar\u00e1 su hisopo a tus pecados y te sanar\u00e1 &#8220;. Eso es lo que Guillermo me cont\u00f3.<\/p>\n\n\n\n<p>&nbsp;<strong>Clave:<\/strong><br>Dupade \u2013 Dios<br>Palabra de Dupade \u2013 Palabra de Dios<\/p>\n\n\n\n<p><em>Ecarai \u2013 Tobit\u00e9, Bolivia \u2013 1970<\/em><br><em>Transcrito y traducido al espa\u00f1ol por: Maxine Morarie<\/em><\/p>\n\n\n<div class=\"navigation\"><div class=\"alignleft\"><a href=\"https:\/\/ayore.org\/es\/cultura\/ensenanzas\/ecarai-davide-un-joven-queria-encontrar-la-vida-eterna\/\"title=\"Ecarai (Davide\u0301) \u2013 Un joven quer\u00eda encontrar la vida eterna\"><img loading=\"lazy\" decoding=\"async\" src=\"https:\/\/ayore.org\/wp-content\/uploads\/2018\/10\/left-arrow.png\" width=\"50\" height=\"48\" alt=\"left arrow\"><\/a><\/div><div class=\"alignright\"><a href=\"https:\/\/ayore.org\/es\/cultura\/ensenanzas\/ecarai-davide-dupade-contesta-nuestras-oraciones\/\"title=\"Ecarai (Davide\u0301) \u2013 Dupade contesta nuestras oraciones\"><img loading=\"lazy\" decoding=\"async\" src=\"https:\/\/ayore.org\/wp-content\/uploads\/2018\/10\/right-arrow.png\" width=\"50\" height=\"48\" alt=\"right arrow\"><\/a><\/div>\n","protected":false},"excerpt":{"rendered":"<p>Edugu\u00e9jnai David ch\u00e1care iji Jerusal\u00e9n Los pecados del Rey David:En la primavera, los reyes sal\u00edan a la batalla, pero una primavera David envi\u00f3 a su ej\u00e9rcito a luchar, pero \u00e9l se qued\u00f3 en Jerusal\u00e9n. Una noche, David no pudo dormir,<\/p>\n","protected":false},"author":5,"featured_media":0,"parent":298,"menu_order":0,"comment_status":"closed","ping_status":"closed","template":"","meta":{"footnotes":""},"class_list":["post-3940","page","type-page","status-publish","hentry"],"yoast_head":"<!-- This site is optimized with the Yoast SEO plugin v27.4 - https:\/\/yoast.com\/product\/yoast-seo-wordpress\/ -->\n<title>Ecarai (Davide\u0301) \u2013 El Rey David se qued\u00f3 en Jerusal\u00e9n &#8226; AYORE.ORG<\/title>\n<meta name=\"robots\" content=\"index, follow, max-snippet:-1, max-image-preview:large, max-video-preview:-1\" \/>\n<link rel=\"canonical\" href=\"https:\/\/ayore.org\/es\/cultura\/ensenanzas\/ecarai-davide-el-rey-david-se-quedo-en-jerusalen\/\" \/>\n<meta property=\"og:locale\" content=\"es_ES\" \/>\n<meta property=\"og:type\" content=\"article\" \/>\n<meta property=\"og:title\" content=\"Ecarai (Davide\u0301) \u2013 El Rey David se qued\u00f3 en Jerusal\u00e9n &#8226; AYORE.ORG\" \/>\n<meta property=\"og:description\" content=\"Edugu\u00e9jnai David ch\u00e1care iji Jerusal\u00e9n Los pecados del Rey David:En la primavera, los reyes sal\u00edan a la batalla, pero una primavera David envi\u00f3 a su ej\u00e9rcito a luchar, pero \u00e9l se qued\u00f3 en Jerusal\u00e9n. Una noche, David no pudo dormir,\" \/>\n<meta property=\"og:url\" content=\"https:\/\/ayore.org\/es\/cultura\/ensenanzas\/ecarai-davide-el-rey-david-se-quedo-en-jerusalen\/\" \/>\n<meta property=\"og:site_name\" content=\"AYORE.ORG\" \/>\n<meta property=\"article:modified_time\" content=\"2019-05-22T02:56:51+00:00\" \/>\n<meta name=\"twitter:card\" content=\"summary_large_image\" \/>\n<meta name=\"twitter:label1\" content=\"Tiempo de lectura\" \/>\n\t<meta name=\"twitter:data1\" content=\"13 minutos\" \/>\n<script type=\"application\/ld+json\" class=\"yoast-schema-graph\">{\"@context\":\"https:\\\/\\\/schema.org\",\"@graph\":[{\"@type\":\"WebPage\",\"@id\":\"https:\\\/\\\/ayore.org\\\/es\\\/cultura\\\/ensenanzas\\\/ecarai-davide-el-rey-david-se-quedo-en-jerusalen\\\/\",\"url\":\"https:\\\/\\\/ayore.org\\\/es\\\/cultura\\\/ensenanzas\\\/ecarai-davide-el-rey-david-se-quedo-en-jerusalen\\\/\",\"name\":\"Ecarai (Davide\u0301) \u2013 El Rey David se qued\u00f3 en Jerusal\u00e9n &#8226; AYORE.ORG\",\"isPartOf\":{\"@id\":\"https:\\\/\\\/ayore.org\\\/#website\"},\"datePublished\":\"2019-05-22T02:56:50+00:00\",\"dateModified\":\"2019-05-22T02:56:51+00:00\",\"breadcrumb\":{\"@id\":\"https:\\\/\\\/ayore.org\\\/es\\\/cultura\\\/ensenanzas\\\/ecarai-davide-el-rey-david-se-quedo-en-jerusalen\\\/#breadcrumb\"},\"inLanguage\":\"es-AR\",\"potentialAction\":[{\"@type\":\"ReadAction\",\"target\":[\"https:\\\/\\\/ayore.org\\\/es\\\/cultura\\\/ensenanzas\\\/ecarai-davide-el-rey-david-se-quedo-en-jerusalen\\\/\"]}]},{\"@type\":\"BreadcrumbList\",\"@id\":\"https:\\\/\\\/ayore.org\\\/es\\\/cultura\\\/ensenanzas\\\/ecarai-davide-el-rey-david-se-quedo-en-jerusalen\\\/#breadcrumb\",\"itemListElement\":[{\"@type\":\"ListItem\",\"position\":1,\"name\":\"Inicio\",\"item\":\"https:\\\/\\\/ayore.org\\\/es\\\/\"},{\"@type\":\"ListItem\",\"position\":2,\"name\":\"Cultura\",\"item\":\"https:\\\/\\\/ayore.org\\\/es\\\/cultura\\\/\"},{\"@type\":\"ListItem\",\"position\":3,\"name\":\"Ense\u00f1anzas\",\"item\":\"https:\\\/\\\/ayore.org\\\/es\\\/cultura\\\/ensenanzas\\\/\"},{\"@type\":\"ListItem\",\"position\":4,\"name\":\"Ecarai (Davide\u0301) \u2013 El Rey David se qued\u00f3 en Jerusal\u00e9n\"}]},{\"@type\":\"WebSite\",\"@id\":\"https:\\\/\\\/ayore.org\\\/#website\",\"url\":\"https:\\\/\\\/ayore.org\\\/\",\"name\":\"AYORE.ORG\",\"description\":\"Idioma, Cultura e Historia de la Tribu Ayor\u00e9\",\"potentialAction\":[{\"@type\":\"SearchAction\",\"target\":{\"@type\":\"EntryPoint\",\"urlTemplate\":\"https:\\\/\\\/ayore.org\\\/?s={search_term_string}\"},\"query-input\":{\"@type\":\"PropertyValueSpecification\",\"valueRequired\":true,\"valueName\":\"search_term_string\"}}],\"inLanguage\":\"es-AR\"}]}<\/script>\n<!-- \/ Yoast SEO plugin. -->","yoast_head_json":{"title":"Ecarai (Davide\u0301) \u2013 El Rey David se qued\u00f3 en Jerusal\u00e9n &#8226; AYORE.ORG","robots":{"index":"index","follow":"follow","max-snippet":"max-snippet:-1","max-image-preview":"max-image-preview:large","max-video-preview":"max-video-preview:-1"},"canonical":"https:\/\/ayore.org\/es\/cultura\/ensenanzas\/ecarai-davide-el-rey-david-se-quedo-en-jerusalen\/","og_locale":"es_ES","og_type":"article","og_title":"Ecarai (Davide\u0301) \u2013 El Rey David se qued\u00f3 en Jerusal\u00e9n &#8226; AYORE.ORG","og_description":"Edugu\u00e9jnai David ch\u00e1care iji Jerusal\u00e9n Los pecados del Rey David:En la primavera, los reyes sal\u00edan a la batalla, pero una primavera David envi\u00f3 a su ej\u00e9rcito a luchar, pero \u00e9l se qued\u00f3 en Jerusal\u00e9n. Una noche, David no pudo dormir,","og_url":"https:\/\/ayore.org\/es\/cultura\/ensenanzas\/ecarai-davide-el-rey-david-se-quedo-en-jerusalen\/","og_site_name":"AYORE.ORG","article_modified_time":"2019-05-22T02:56:51+00:00","twitter_card":"summary_large_image","twitter_misc":{"Tiempo de lectura":"13 minutos"},"schema":{"@context":"https:\/\/schema.org","@graph":[{"@type":"WebPage","@id":"https:\/\/ayore.org\/es\/cultura\/ensenanzas\/ecarai-davide-el-rey-david-se-quedo-en-jerusalen\/","url":"https:\/\/ayore.org\/es\/cultura\/ensenanzas\/ecarai-davide-el-rey-david-se-quedo-en-jerusalen\/","name":"Ecarai (Davide\u0301) \u2013 El Rey David se qued\u00f3 en Jerusal\u00e9n &#8226; AYORE.ORG","isPartOf":{"@id":"https:\/\/ayore.org\/#website"},"datePublished":"2019-05-22T02:56:50+00:00","dateModified":"2019-05-22T02:56:51+00:00","breadcrumb":{"@id":"https:\/\/ayore.org\/es\/cultura\/ensenanzas\/ecarai-davide-el-rey-david-se-quedo-en-jerusalen\/#breadcrumb"},"inLanguage":"es-AR","potentialAction":[{"@type":"ReadAction","target":["https:\/\/ayore.org\/es\/cultura\/ensenanzas\/ecarai-davide-el-rey-david-se-quedo-en-jerusalen\/"]}]},{"@type":"BreadcrumbList","@id":"https:\/\/ayore.org\/es\/cultura\/ensenanzas\/ecarai-davide-el-rey-david-se-quedo-en-jerusalen\/#breadcrumb","itemListElement":[{"@type":"ListItem","position":1,"name":"Inicio","item":"https:\/\/ayore.org\/es\/"},{"@type":"ListItem","position":2,"name":"Cultura","item":"https:\/\/ayore.org\/es\/cultura\/"},{"@type":"ListItem","position":3,"name":"Ense\u00f1anzas","item":"https:\/\/ayore.org\/es\/cultura\/ensenanzas\/"},{"@type":"ListItem","position":4,"name":"Ecarai (Davide\u0301) \u2013 El Rey David se qued\u00f3 en Jerusal\u00e9n"}]},{"@type":"WebSite","@id":"https:\/\/ayore.org\/#website","url":"https:\/\/ayore.org\/","name":"AYORE.ORG","description":"Idioma, Cultura e Historia de la Tribu Ayor\u00e9","potentialAction":[{"@type":"SearchAction","target":{"@type":"EntryPoint","urlTemplate":"https:\/\/ayore.org\/?s={search_term_string}"},"query-input":{"@type":"PropertyValueSpecification","valueRequired":true,"valueName":"search_term_string"}}],"inLanguage":"es-AR"}]}},"_links":{"self":[{"href":"https:\/\/ayore.org\/es\/wp-json\/wp\/v2\/pages\/3940","targetHints":{"allow":["GET"]}}],"collection":[{"href":"https:\/\/ayore.org\/es\/wp-json\/wp\/v2\/pages"}],"about":[{"href":"https:\/\/ayore.org\/es\/wp-json\/wp\/v2\/types\/page"}],"author":[{"embeddable":true,"href":"https:\/\/ayore.org\/es\/wp-json\/wp\/v2\/users\/5"}],"replies":[{"embeddable":true,"href":"https:\/\/ayore.org\/es\/wp-json\/wp\/v2\/comments?post=3940"}],"version-history":[{"count":2,"href":"https:\/\/ayore.org\/es\/wp-json\/wp\/v2\/pages\/3940\/revisions"}],"predecessor-version":[{"id":3944,"href":"https:\/\/ayore.org\/es\/wp-json\/wp\/v2\/pages\/3940\/revisions\/3944"}],"up":[{"embeddable":true,"href":"https:\/\/ayore.org\/es\/wp-json\/wp\/v2\/pages\/298"}],"wp:attachment":[{"href":"https:\/\/ayore.org\/es\/wp-json\/wp\/v2\/media?parent=3940"}],"curies":[{"name":"wp","href":"https:\/\/api.w.org\/{rel}","templated":true}]}}