{"id":3935,"date":"2019-05-22T02:29:22","date_gmt":"2019-05-22T02:29:22","guid":{"rendered":"https:\/\/ayore.org\/?page_id=3935"},"modified":"2019-05-22T02:29:24","modified_gmt":"2019-05-22T02:29:24","slug":"ecarai-davide-un-joven-queria-encontrar-la-vida-eterna","status":"publish","type":"page","link":"https:\/\/ayore.org\/es\/cultura\/ensenanzas\/ecarai-davide-un-joven-queria-encontrar-la-vida-eterna\/","title":{"rendered":"Ecarai (Davide\u0301) \u2013 Un joven quer\u00eda encontrar la vida eterna"},"content":{"rendered":"\n<p><em>Jnacari pota\nchise dacuecaringu\u00e9 ey\u00fagojmai<\/em><em> <\/em><\/p>\n\n\n\n<p><strong><em>Un joven quer\u00eda saber qu\u00e9 pod\u00eda hacer para tener vida eterna: <\/em><\/strong><em>(Marcos 10:17)<\/em><br>Un joven una vez le pregunt\u00f3 a Jes\u00fas: \u201cJes\u00fas, \u00bfqu\u00e9 puedo hacer para tener vida eterna?&#8221;&nbsp; <\/p>\n\n\n\n<p>\u00c9l\ncontinu\u00f3 diciendo: \u201cNunca he matado a nadie, nunca he mentido, nunca he hecho\nnada malo desde que era un ni\u00f1o peque\u00f1o\u201d.<\/p>\n\n\n\n<p>Pero Jes\u00fas le contest\u00f3: &#8220;Todav\u00eda hay algo que tienes que hacer. Da todo lo que tienes a los pobres, deja que ellos tomen todo eso, y luego ven y s\u00edgueme.&#8221; <\/p>\n\n\n\n<p>Pero al joven le gustaba ser rico, por lo que era muy dif\u00edcil para \u00e9l agradar a <em>Dupade<\/em> regalando sus cosas.<br><br>As\u00ed que, como ves, una persona podr\u00eda no haber matado a nadie, ni haber hecho nada malo, y a\u00fan as\u00ed, no haber cre\u00eddo verdaderamente en <em>Dupade<\/em>. As\u00ed que <em>Dupade<\/em> no lo llevar\u00e1 al cielo con \u00e9l. El joven rico estaba disfrutando el ser rico. As\u00ed que en realidad no entendi\u00f3 el significado de lo que Jes\u00fas le dijo. S\u00f3lo cuando por fin \u00e9l se encontr\u00f3 en <em>el lago de fuego<\/em> se arrepinti\u00f3\u0301 de aferrarse a sus cosas materiales. Se acord\u00f3 de lo lleno que era su est\u00f3mago y que nunca tuvo hambre, pero estando ya en la segunda muerte que es interminable, esto nunca suceder\u00eda de nuevo.<br><br><strong><em>Hay una manera de no tener que experimentar la segunda muerte: <\/em><\/strong><em>(San Juan 3:16-18)<\/em><br>Pero para los creyentes de <em>Dupade<\/em> est\u00e1 escrito en las escrituras que quien crea en <em>Dupade<\/em> no experimentar\u00e1 el castigo de <em>Dupade<\/em>, el hambre, ni el calor del sol, ya que estar\u00e1 en la ciudad de Dupade. <br><br>Y sabemos que <em>Dupade<\/em> ama a sus creyentes y se har\u00e1 cargo de ellos y les proporcionar\u00e1 abundante alimento a d\u00f3nde van. <em>Dupade<\/em> nos habla de los \u00e1rboles frutales de su jard\u00edn en el cielo. No s\u00e9 cu\u00e1ntos tipos existen, pero s\u00e9 que cada mes habr\u00e1 fruta madura. En la Escritura, leemos acerca de los alimentos que vamos a comer, pero no s\u00e9 qu\u00e9 tipo de comida habr\u00e1 en la ciudad de <em>Dupade<\/em>, pero su <em>Palabra<\/em> nos dice que nunca vamos a tener hambre. No vamos a tener sue\u00f1o &#8211; la somnolencia es una cosa terrenal. El cansancio va junto a la somnolencia. Y la enfermedad con el cansancio. Todo esto es terrenal, pues sucedi\u00f3 cuando en el principio Ad\u00e1n y Eva desobedecieron a <em>Dupade<\/em> y \u00e9l maldijo a la tierra.<br><br><strong><em>Hoy es el d\u00eda para creer en Dupade:<\/em><\/strong><br>As\u00ed que por eso te digo: si est\u00e1s listo para creer en <em>Dupade<\/em>, d\u00ednoslo. Y si no nos lo informa ahora, no espere otro a\u00f1o. Porque la <em>Palabra de<\/em> <em>Dupade<\/em> dice que si escuchas su <em>Palabra<\/em> no digas, \u201cYo podr\u00eda creer en Jes\u00fas el pr\u00f3ximo a\u00f1o o en alg\u00fan momento en el futuro.\u201d Hoy es el d\u00eda para creer en <em>Dupade<\/em> y si lo haces, sentir\u00e1s alegr\u00eda al escuchar su <em>Palabra.<\/em> Vendr\u00e1 un d\u00eda en que, si no pones tu fe en <em>Dupade<\/em>, nos extra\u00f1ar\u00e1s, o quiz\u00e1 extra\u00f1ar\u00e1s a tu madre o padre, porque no podr\u00e1s ir a donde nosotros iremos.<br><br>Digamos que un par de hombres ayor\u00e9 est\u00e1n buscando miel en el bosque, uno de ellos tiene fe en <em>Dupade<\/em>, pero el otro no. Uno podr\u00eda ser tomado, y el otro ser\u00e1 dejado. No podr\u00e1 acompa\u00f1ar a su amigo al cielo porque no hab\u00eda puesto su fe en <em>Dupade<\/em>. El otro crey\u00f3 y se fue con los dem\u00e1s creyentes. Nosotros los ayoreos, aqu\u00ed en la tierra, permanecemos juntos \u2013 nos acompa\u00f1amos en viajes juntos y salimos a cazar juntos, y pasamos el rato juntos, incluso cuando regresemos al campamento. Pero cuando <em>Dupade<\/em> venga a tomar sus creyentes, podr\u00eda encontrarnos en un viaje de caza juntos en el bosque, y \u00e9ltomar\u00eda s\u00f3lo a la persona que crea en el. Por lo que <em>Dupade<\/em> habla de c\u00f3mo todos nosotros en la tierra debemos creer en el hoy sin demorar, debemos hacerle caso.&nbsp;<\/p>\n\n\n\n<p><em>Ecarai \u2013 Camp Ayor\u00e9, Bolivia \u2013 1971<\/em><br><em>Transcrito por: Faith Wyma<\/em><br><em>Traducido al espa\u00f1ol por: Maxine Morarie.<\/em><\/p>\n\n\n<div class=\"navigation\"><div class=\"alignleft\"><a href=\"https:\/\/ayore.org\/es\/cultura\/ensenanzas\/ecarai-davide-iremos-al-cielo-cuando-regreses\/\"title=\"Ecarai (Davide\u0301) \u2013 Iremos al cielo cuando regreses\"><img loading=\"lazy\" decoding=\"async\" src=\"https:\/\/ayore.org\/wp-content\/uploads\/2018\/10\/left-arrow.png\" width=\"50\" height=\"48\" alt=\"left arrow\"><\/a><\/div><div class=\"alignright\"><a href=\"https:\/\/ayore.org\/es\/cultura\/ensenanzas\/ecarai-davide-el-rey-david-se-quedo-en-jerusalen\/\"title=\"Ecarai (Davide\u0301) \u2013 El Rey David se qued\u00f3 en Jerusal\u00e9n\"><img loading=\"lazy\" decoding=\"async\" src=\"https:\/\/ayore.org\/wp-content\/uploads\/2018\/10\/right-arrow.png\" width=\"50\" height=\"48\" alt=\"right arrow\"><\/a><\/div>\n","protected":false},"excerpt":{"rendered":"<p>Jnacari pota chise dacuecaringu\u00e9 ey\u00fagojmai Un joven quer\u00eda saber qu\u00e9 pod\u00eda hacer para tener vida eterna: (Marcos 10:17)Un joven una vez le pregunt\u00f3 a Jes\u00fas: \u201cJes\u00fas, \u00bfqu\u00e9 puedo hacer para tener vida eterna?&#8221;&nbsp; \u00c9l continu\u00f3 diciendo: \u201cNunca he matado a<\/p>\n","protected":false},"author":5,"featured_media":0,"parent":298,"menu_order":0,"comment_status":"closed","ping_status":"closed","template":"","meta":{"footnotes":""},"class_list":["post-3935","page","type-page","status-publish","hentry"],"yoast_head":"<!-- This site is optimized with the Yoast SEO plugin v27.4 - https:\/\/yoast.com\/product\/yoast-seo-wordpress\/ -->\n<title>Ecarai (Davide\u0301) \u2013 Un joven quer\u00eda encontrar la vida eterna &#8226; AYORE.ORG<\/title>\n<meta name=\"robots\" content=\"index, follow, max-snippet:-1, max-image-preview:large, max-video-preview:-1\" \/>\n<link rel=\"canonical\" href=\"https:\/\/ayore.org\/es\/cultura\/ensenanzas\/ecarai-davide-un-joven-queria-encontrar-la-vida-eterna\/\" \/>\n<meta property=\"og:locale\" content=\"es_ES\" \/>\n<meta property=\"og:type\" content=\"article\" \/>\n<meta property=\"og:title\" content=\"Ecarai (Davide\u0301) \u2013 Un joven quer\u00eda encontrar la vida eterna &#8226; AYORE.ORG\" \/>\n<meta property=\"og:description\" content=\"Jnacari pota chise dacuecaringu\u00e9 ey\u00fagojmai Un joven quer\u00eda saber qu\u00e9 pod\u00eda hacer para tener vida eterna: (Marcos 10:17)Un joven una vez le pregunt\u00f3 a Jes\u00fas: \u201cJes\u00fas, \u00bfqu\u00e9 puedo hacer para tener vida eterna?&#8221;&nbsp; \u00c9l continu\u00f3 diciendo: \u201cNunca he matado a\" \/>\n<meta property=\"og:url\" content=\"https:\/\/ayore.org\/es\/cultura\/ensenanzas\/ecarai-davide-un-joven-queria-encontrar-la-vida-eterna\/\" \/>\n<meta property=\"og:site_name\" content=\"AYORE.ORG\" \/>\n<meta property=\"article:modified_time\" content=\"2019-05-22T02:29:24+00:00\" \/>\n<meta name=\"twitter:card\" content=\"summary_large_image\" \/>\n<meta name=\"twitter:label1\" content=\"Tiempo de lectura\" \/>\n\t<meta name=\"twitter:data1\" content=\"4 minutos\" \/>\n<script type=\"application\/ld+json\" class=\"yoast-schema-graph\">{\"@context\":\"https:\\\/\\\/schema.org\",\"@graph\":[{\"@type\":\"WebPage\",\"@id\":\"https:\\\/\\\/ayore.org\\\/es\\\/cultura\\\/ensenanzas\\\/ecarai-davide-un-joven-queria-encontrar-la-vida-eterna\\\/\",\"url\":\"https:\\\/\\\/ayore.org\\\/es\\\/cultura\\\/ensenanzas\\\/ecarai-davide-un-joven-queria-encontrar-la-vida-eterna\\\/\",\"name\":\"Ecarai (Davide\u0301) \u2013 Un joven quer\u00eda encontrar la vida eterna &#8226; AYORE.ORG\",\"isPartOf\":{\"@id\":\"https:\\\/\\\/ayore.org\\\/#website\"},\"datePublished\":\"2019-05-22T02:29:22+00:00\",\"dateModified\":\"2019-05-22T02:29:24+00:00\",\"breadcrumb\":{\"@id\":\"https:\\\/\\\/ayore.org\\\/es\\\/cultura\\\/ensenanzas\\\/ecarai-davide-un-joven-queria-encontrar-la-vida-eterna\\\/#breadcrumb\"},\"inLanguage\":\"es-AR\",\"potentialAction\":[{\"@type\":\"ReadAction\",\"target\":[\"https:\\\/\\\/ayore.org\\\/es\\\/cultura\\\/ensenanzas\\\/ecarai-davide-un-joven-queria-encontrar-la-vida-eterna\\\/\"]}]},{\"@type\":\"BreadcrumbList\",\"@id\":\"https:\\\/\\\/ayore.org\\\/es\\\/cultura\\\/ensenanzas\\\/ecarai-davide-un-joven-queria-encontrar-la-vida-eterna\\\/#breadcrumb\",\"itemListElement\":[{\"@type\":\"ListItem\",\"position\":1,\"name\":\"Inicio\",\"item\":\"https:\\\/\\\/ayore.org\\\/es\\\/\"},{\"@type\":\"ListItem\",\"position\":2,\"name\":\"Cultura\",\"item\":\"https:\\\/\\\/ayore.org\\\/es\\\/cultura\\\/\"},{\"@type\":\"ListItem\",\"position\":3,\"name\":\"Ense\u00f1anzas\",\"item\":\"https:\\\/\\\/ayore.org\\\/es\\\/cultura\\\/ensenanzas\\\/\"},{\"@type\":\"ListItem\",\"position\":4,\"name\":\"Ecarai (Davide\u0301) \u2013 Un joven quer\u00eda encontrar la vida eterna\"}]},{\"@type\":\"WebSite\",\"@id\":\"https:\\\/\\\/ayore.org\\\/#website\",\"url\":\"https:\\\/\\\/ayore.org\\\/\",\"name\":\"AYORE.ORG\",\"description\":\"Idioma, Cultura e Historia de la Tribu Ayor\u00e9\",\"potentialAction\":[{\"@type\":\"SearchAction\",\"target\":{\"@type\":\"EntryPoint\",\"urlTemplate\":\"https:\\\/\\\/ayore.org\\\/?s={search_term_string}\"},\"query-input\":{\"@type\":\"PropertyValueSpecification\",\"valueRequired\":true,\"valueName\":\"search_term_string\"}}],\"inLanguage\":\"es-AR\"}]}<\/script>\n<!-- \/ Yoast SEO plugin. -->","yoast_head_json":{"title":"Ecarai (Davide\u0301) \u2013 Un joven quer\u00eda encontrar la vida eterna &#8226; AYORE.ORG","robots":{"index":"index","follow":"follow","max-snippet":"max-snippet:-1","max-image-preview":"max-image-preview:large","max-video-preview":"max-video-preview:-1"},"canonical":"https:\/\/ayore.org\/es\/cultura\/ensenanzas\/ecarai-davide-un-joven-queria-encontrar-la-vida-eterna\/","og_locale":"es_ES","og_type":"article","og_title":"Ecarai (Davide\u0301) \u2013 Un joven quer\u00eda encontrar la vida eterna &#8226; AYORE.ORG","og_description":"Jnacari pota chise dacuecaringu\u00e9 ey\u00fagojmai Un joven quer\u00eda saber qu\u00e9 pod\u00eda hacer para tener vida eterna: (Marcos 10:17)Un joven una vez le pregunt\u00f3 a Jes\u00fas: \u201cJes\u00fas, \u00bfqu\u00e9 puedo hacer para tener vida eterna?&#8221;&nbsp; \u00c9l continu\u00f3 diciendo: \u201cNunca he matado a","og_url":"https:\/\/ayore.org\/es\/cultura\/ensenanzas\/ecarai-davide-un-joven-queria-encontrar-la-vida-eterna\/","og_site_name":"AYORE.ORG","article_modified_time":"2019-05-22T02:29:24+00:00","twitter_card":"summary_large_image","twitter_misc":{"Tiempo de lectura":"4 minutos"},"schema":{"@context":"https:\/\/schema.org","@graph":[{"@type":"WebPage","@id":"https:\/\/ayore.org\/es\/cultura\/ensenanzas\/ecarai-davide-un-joven-queria-encontrar-la-vida-eterna\/","url":"https:\/\/ayore.org\/es\/cultura\/ensenanzas\/ecarai-davide-un-joven-queria-encontrar-la-vida-eterna\/","name":"Ecarai (Davide\u0301) \u2013 Un joven quer\u00eda encontrar la vida eterna &#8226; AYORE.ORG","isPartOf":{"@id":"https:\/\/ayore.org\/#website"},"datePublished":"2019-05-22T02:29:22+00:00","dateModified":"2019-05-22T02:29:24+00:00","breadcrumb":{"@id":"https:\/\/ayore.org\/es\/cultura\/ensenanzas\/ecarai-davide-un-joven-queria-encontrar-la-vida-eterna\/#breadcrumb"},"inLanguage":"es-AR","potentialAction":[{"@type":"ReadAction","target":["https:\/\/ayore.org\/es\/cultura\/ensenanzas\/ecarai-davide-un-joven-queria-encontrar-la-vida-eterna\/"]}]},{"@type":"BreadcrumbList","@id":"https:\/\/ayore.org\/es\/cultura\/ensenanzas\/ecarai-davide-un-joven-queria-encontrar-la-vida-eterna\/#breadcrumb","itemListElement":[{"@type":"ListItem","position":1,"name":"Inicio","item":"https:\/\/ayore.org\/es\/"},{"@type":"ListItem","position":2,"name":"Cultura","item":"https:\/\/ayore.org\/es\/cultura\/"},{"@type":"ListItem","position":3,"name":"Ense\u00f1anzas","item":"https:\/\/ayore.org\/es\/cultura\/ensenanzas\/"},{"@type":"ListItem","position":4,"name":"Ecarai (Davide\u0301) \u2013 Un joven quer\u00eda encontrar la vida eterna"}]},{"@type":"WebSite","@id":"https:\/\/ayore.org\/#website","url":"https:\/\/ayore.org\/","name":"AYORE.ORG","description":"Idioma, Cultura e Historia de la Tribu Ayor\u00e9","potentialAction":[{"@type":"SearchAction","target":{"@type":"EntryPoint","urlTemplate":"https:\/\/ayore.org\/?s={search_term_string}"},"query-input":{"@type":"PropertyValueSpecification","valueRequired":true,"valueName":"search_term_string"}}],"inLanguage":"es-AR"}]}},"_links":{"self":[{"href":"https:\/\/ayore.org\/es\/wp-json\/wp\/v2\/pages\/3935","targetHints":{"allow":["GET"]}}],"collection":[{"href":"https:\/\/ayore.org\/es\/wp-json\/wp\/v2\/pages"}],"about":[{"href":"https:\/\/ayore.org\/es\/wp-json\/wp\/v2\/types\/page"}],"author":[{"embeddable":true,"href":"https:\/\/ayore.org\/es\/wp-json\/wp\/v2\/users\/5"}],"replies":[{"embeddable":true,"href":"https:\/\/ayore.org\/es\/wp-json\/wp\/v2\/comments?post=3935"}],"version-history":[{"count":2,"href":"https:\/\/ayore.org\/es\/wp-json\/wp\/v2\/pages\/3935\/revisions"}],"predecessor-version":[{"id":3937,"href":"https:\/\/ayore.org\/es\/wp-json\/wp\/v2\/pages\/3935\/revisions\/3937"}],"up":[{"embeddable":true,"href":"https:\/\/ayore.org\/es\/wp-json\/wp\/v2\/pages\/298"}],"wp:attachment":[{"href":"https:\/\/ayore.org\/es\/wp-json\/wp\/v2\/media?parent=3935"}],"curies":[{"name":"wp","href":"https:\/\/api.w.org\/{rel}","templated":true}]}}