{"id":393,"date":"2018-07-20T02:39:08","date_gmt":"2018-07-20T02:39:08","guid":{"rendered":"https:\/\/ayore.org\/?page_id=393"},"modified":"2019-02-22T03:55:33","modified_gmt":"2019-02-22T03:55:33","slug":"oidabiade-el-armadillo-era-un-portador-de-armas","status":"publish","type":"page","link":"https:\/\/ayore.org\/es\/cultura\/creencias\/oidabiade-el-armadillo-era-un-portador-de-armas\/","title":{"rendered":"Oid\u00e1biade\u0301 &#8211; El armadillo era un Portador De Armas"},"content":{"rendered":"<p><em style=\"font-size: 1rem;\">Ed\u00f3pasade U\u00f1ane<\/em><\/p>\n<p><strong>Posesiones de los clanes ayoreos<\/strong><\/p>\n<p><strong><em>El portador de armas es la posesi\u00f3n del clan ayor\u00e9 Chiquenoi:<\/em><\/strong><\/p>\n<p>Los ayoreos del clan Chiquenoi consideran \u2018el portador de armas\u2019 como uno de sus instrumentos \u00a0m\u00e1s importantes. En la antig\u00fcedad cuando los animales eran humanos, el armadillo grande era un portador de armas. Cuando el clan Chiquenoi tom\u00f3 el armadillo grande como una posesi\u00f3n de su clan, trataron de imitar las cosas que los armadillos hacen.<\/p>\n<p>Dec\u00edan: \u2018Yo voy a ser igual que el armadillo y portar armas .\u2019 Fue cuando los guerreros se agitaron en gran manera para ganar el coraje para ir a la batalla que se comparaban a s\u00ed mismos con el armadillo. Eso es porque los armadillos sab\u00edan c\u00f3mo protegerse al hacer agujeros en la tierra para esconderse. Dicen que en la antig\u00fcedad los Chiquenone dec\u00edan, el armadillo grande es nuestra posesi\u00f3n, y nos conviene compararnos a \u00e9l.<\/p>\n<p><em>\u00a0<\/em>No todos los Chiquenone se compararon al armadillo grande, sino solamente los guerreros que portaron armas; ellos se comparaban al armadillo grande. Los Chiquenone comunes no lo hac\u00edan.<\/p>\n<p>Otra de sus posesiones del clan era &#8220;el ser uno de los primeros en atacar al enemigo en una batalla.\u201d Y as\u00ed fue, que cuando tomaban sobre s\u00ed mismos ser primero en atacar, dir\u00edan: \u2018Yo soy como los \u2018portadores de armas\u2019 de la antig\u00fcedad.&#8221;<\/p>\n<p>Sus armas eran muy afectivas porque se hab\u00edan comparado a s\u00ed mismos a su posesi\u00f3n de clan, los armadillos grandes de la antig\u00fcedad, y cuando iban a atacar a un pueblo eran poderosos y lucharon valientemente, matando a los habitantes. Sus enemigos fueron: los jaguares, otros animales bravos, y la gente no-ayor\u00e9os. Los guerreros se hicieron dif\u00edciles de matar por compararse al armadillo. Pero eran capaces de matar a sus enemigos f\u00e1cilmente. Los Chiquenone tuvieron \u00e9xito en la batalla debido a compararse con su posesi\u00f3n de clan, el armadillo.<\/p>\n<p>Se agitaron hasta que finalmente estaban llenos de rabia con el fin de tener el valor de enfrentar a los animales feroces mientras segu\u00edan el ejemplo del armadillo de la antig\u00fcedad.<\/p>\n<p><strong><em>Nuestros abuelos se comparaban a s\u00ed mismos a muchas cosas:<\/em><\/strong><\/p>\n<p>Y eso es lo que nuestros abuelos hicieron para obtener poder y habilidad: mencionaron los animales y las cosas que ten\u00edan las cualidades que ellos deseaban tener. Por eso se refer\u00edan a s\u00ed mismos por los nombres de sus posesiones del clan, y as\u00ed obten\u00edan las mismas cualidades.<\/p>\n<p>Tambi\u00e9n llamaron a s\u00ed mismos por la posesi\u00f3n de otros clanes para obtener el mismo resultado. Y dec\u00edan: \u201cEsta es la portadora de armas de mi compa\u00f1ero ayor\u00e9,\u201d y en mencionarlo,\u00a0 la cualidad de la portadora de armas ven\u00eda sobre ellos.<\/p>\n<p>Las posesiones del clan eran sus instrumentos de guerra cuando estaban lejos de sus campamentos. As\u00ed que cuando reconocieron una posesi\u00f3n de su clan, lo reconocieron como un instrumento \u00fatil.<\/p>\n<p>Aunque \u2018<em>el portador de armas\u2019 <\/em>pertenec\u00eda a los Chiquenone, sus compa\u00f1eros ayoreos lo utilizaban tambi\u00e9n. Antes de entrar en la lucha, sent\u00edan la necesidad de llegar a un estado de rabia, y se agitaban a s\u00ed mismos hasta llegar a este estado. Y una de las cosas que hac\u00edan fue mencionar la posesi\u00f3n del clan y decir: \u201c\u00a1Me comparo con \u00e9l en este momento, y es mi arma en este momento!\u201d<\/p>\n<p>Ellos quer\u00edan experimentarlo igual que su posesi\u00f3n de clan, por lo que se dec\u00edan a s\u00ed mismos: &#8220;Voy a ser como \u00e9l.&#8221;<\/p>\n<p>Y para tener m\u00e1s poder y capacidad har\u00edan uso de las posesiones del clan de su madre. Los hijos de las mujeres al descubrir las posesiones de los clanes de sus madres se comparaban con ellos. En el pasado nosotros prestamos los instrumentos del clan de nuestras madres, y a sus posesiones de clan tambi\u00e9n, y los utilizamos para nosotros mismos.<\/p>\n<p>Su arma de guerra era hacer lo que hizo el &#8220;portador de armas.\u201d Hicieron uso de las posesiones del Clan Chiquenoi.\u00a0 Los cuchillos y las cosas hechas de hierro, como ejes (hachas), se incluyeron en los posesiones del clan Chiquenoi. Todas las cosas hechas de hierro pertenecen al Chiquenone, y de acuerdo a nuestros abuelos, los Chiquenone ten\u00edan muchas posesiones del clan.<\/p>\n<p>Los hombres ayoreos ataban su pelo largo en una cola de caballo, y cuando ellos lo doblaban hacia arriba se ten\u00eda una importancia, y llegaba a ser una posesi\u00f3n del clan Chiquenoi. (En el pasado para referirse a los hombres las mujeres dec\u00edan, \u2018esos que tienen colas de caballos.\u2019)<\/p>\n<p>El hierro pertenec\u00eda al Chiquenone como su posesi\u00f3n de clan. Lo encontraron mientras viajaban a trav\u00e9s de la selva. (Probablemente estos art\u00edculos hechos de hierro fueron artefactos de *la guerra entre los paraguayos y los bolivianos \u2013 art\u00edculos como hachas, partes de veh\u00edculos, etc\u00e9tera.)<\/p>\n<p><strong><em>Posesiones de clan de los Picanerane:<\/em><\/strong><\/p>\n<p>De acuerdo con nuestros abuelos, los techos de las viviendas de los que no son ayoreos son posesiones de los Picanerane.\u00a0 Dec\u00edan: \u201cLos posesiones de clan de los Picanerane son los techos de las casas grandes de los <em>coj\u00f1one<\/em> (la gente blanca que no son ayoreos). As\u00ed dicen porque se sabe que en la antig\u00fcedad los Picanerane pusieron techos en las casas. Y es por eso que los techos son su posesi\u00f3n de clan.<\/p>\n<p>Las marcas que pertenecen a los clanes se llaman <em>pajojo<\/em>. Antes los ayoreos no ten\u00edan un alfabeto, pero hab\u00edan once marcas diferentes que sab\u00edan poner en sus cosas que indicaban a cual clan una cosa pertenec\u00eda.<\/p>\n<p>El tocado hecho de las plumas de un p\u00e1jaro llamado <em>sioti<\/em> pertenece al clan Picanerai cuando se lo usan m\u00e1s baja en la frente.<\/p>\n<p>Otro posesi\u00f3n del clan Picanerai es el p\u00e1jaro llamado <em>cuqu\u00e9bi. <\/em><\/p>\n<p>(Usando\u00a0 mi hija Patricia como un ejemplo, Oidabiade explic\u00f3 el significado del ave <em>cuqu\u00e9bi<\/em>. El dijo:\u00a0\u201cDigamos que Patricia era una chica ayor\u00e9 y ella quer\u00eda a un hombre ayor\u00e9 . Entonces yo dir\u00eda: \u2018\u00a1\u00c9l es el esposo de Noemia!\u2019 \u00a0Entonces me quejar\u00eda a los padres de Patricia y despu\u00e9s de un rato Patricia lo renunciar\u00eda su intenci\u00f3n.\u00a0 Lo llamar\u00edamos a Patricia <em>\u2018cugu\u00e9bi.\u2019<\/em> El p\u00e1jaro <em>cugu\u00e9b<\/em>i revolotea alrededor, as\u00ed que llamamos una coqueta al ave <em>cugu\u00e9bi.\u00a0\u00a0<\/em>Cuando un ni\u00f1o habla y habla, y su madre se cansa de escucharlo le dice: \u2018Deja de parlotear, <em>Cugu\u00e9bi.<\/em>\u00a0 Tu eres un p\u00e1jaro coqueta.\u2019 Pero si el ni\u00f1o sigue parloteando entonces la madre le dice: \u2018T\u00fa eres coqueta!\u2019\u201d)<\/p>\n<p><strong><em>Posesiones de otros clanes:<\/em><\/strong><\/p>\n<p>Otro posesi\u00f3n de nuestro clan es el ave llamado <em>coyid\u00e9<\/em>. Su nombre proviene del sonido que hace, es decir : \u2018<em>Coyi , coyi , coyi<\/em>.\u2019<\/p>\n<p>No le puedo decir las posesiones de todos los clanes. Lo sab\u00eda antes, pero los he olvidado.<\/p>\n<p><em>La muerte<\/em>, que va a pasar a todos, es la posesi\u00f3n del clan Jnuruminone. Pero no s\u00e9 los dem\u00e1s posesiones de los Jnuruminone.<\/p>\n<p>Si la esposa de alguien muere, su marido podr\u00eda decir de ella: \u2018S\u00f3lo puedo imaginar esa esposa m\u00eda. Ella estaba formada perfectamente. Tan perfecta era que ten\u00eda la forma de las hermosas casas en que viven los <em>coj\u00f1one<\/em> (la gente blanca).\u2019\u00a0 Queriendo mostrar lo mucho que amaba a su esposa, \u00e9l utiliza la m\u00e1s hermosa de sus posesiones del clan para describirla.<\/p>\n<p>*La Guerra del Chaco (1928-1935) fue el resultado de una disputa territorio entre Paraguay y Bolivia. Ambos pa\u00edses sin litoral buscaron una expansi\u00f3n del territorio, en un esfuerzo para tener un mejor acceso al r\u00edo Paraguay. Este r\u00edo corre a trav\u00e9s de un tramo de territorio entre Bolivia y Paraguay conocida como el Chaco Boreal.<\/p>\n<p><em>Relatado por Oid\u00e1biade en Campo Loro, Paraguay (1988).<\/em><\/p>\n<p><em>Transcrito y traducido al espa\u00f1ol por: Maxine Morarie.<\/em><\/p>\n<div class=\"navigation\"><div class=\"alignleft\"><a href=\"https:\/\/ayore.org\/es\/cultura\/creencias\/oidabiade-hace-mucho-tiempo-rezamos-al-sol\/\"title=\"Oid\u00e1biad\u00e9 &#8211; Hace mucho tiempo rezamos al sol\"><img loading=\"lazy\" decoding=\"async\" src=\"https:\/\/ayore.org\/wp-content\/uploads\/2018\/10\/left-arrow.png\" width=\"50\" height=\"48\" alt=\"left arrow\"><\/a><\/div><div class=\"alignright\"><a href=\"https:\/\/ayore.org\/es\/cultura\/creencias\/oidabiade-llegaron-al-borde-de-dia\/\"title=\"Oid\u00e1biad\u00e9 &#8211; Llegaron al borde del d\u00eda\"><img loading=\"lazy\" decoding=\"async\" src=\"https:\/\/ayore.org\/wp-content\/uploads\/2018\/10\/right-arrow.png\" width=\"50\" height=\"48\" alt=\"right arrow\"><\/a><\/div>\n<p><strong><em>\u00a0<\/em><\/strong><\/p>\n","protected":false},"excerpt":{"rendered":"<p>Ed\u00f3pasade U\u00f1ane Posesiones de los clanes ayoreos El portador de armas es la posesi\u00f3n del clan ayor\u00e9 Chiquenoi: Los ayoreos del clan Chiquenoi consideran \u2018el portador de armas\u2019 como uno de sus instrumentos \u00a0m\u00e1s importantes. En la antig\u00fcedad cuando los<\/p>\n","protected":false},"author":2,"featured_media":0,"parent":282,"menu_order":0,"comment_status":"closed","ping_status":"closed","template":"","meta":{"footnotes":""},"class_list":["post-393","page","type-page","status-publish","hentry"],"yoast_head":"<!-- This site is optimized with the Yoast SEO plugin v27.4 - https:\/\/yoast.com\/product\/yoast-seo-wordpress\/ -->\n<title>Ayore\u0301 Creencias: El Armadillo Era Un Portador De Armas \u2022 Ayore.org<\/title>\n<meta name=\"robots\" content=\"index, follow, max-snippet:-1, max-image-preview:large, max-video-preview:-1\" \/>\n<link rel=\"canonical\" href=\"https:\/\/ayore.org\/es\/cultura\/creencias\/oidabiade-el-armadillo-era-un-portador-de-armas\/\" \/>\n<meta property=\"og:locale\" content=\"es_ES\" \/>\n<meta property=\"og:type\" content=\"article\" \/>\n<meta property=\"og:title\" content=\"Ayore\u0301 Creencias: El Armadillo Era Un Portador De Armas \u2022 Ayore.org\" \/>\n<meta property=\"og:description\" content=\"Ed\u00f3pasade U\u00f1ane Posesiones de los clanes ayoreos El portador de armas es la posesi\u00f3n del clan ayor\u00e9 Chiquenoi: Los ayoreos del clan Chiquenoi consideran \u2018el portador de armas\u2019 como uno de sus instrumentos \u00a0m\u00e1s importantes. En la antig\u00fcedad cuando los\" \/>\n<meta property=\"og:url\" content=\"https:\/\/ayore.org\/es\/cultura\/creencias\/oidabiade-el-armadillo-era-un-portador-de-armas\/\" \/>\n<meta property=\"og:site_name\" content=\"AYORE.ORG\" \/>\n<meta property=\"article:modified_time\" content=\"2019-02-22T03:55:33+00:00\" \/>\n<meta name=\"twitter:card\" content=\"summary_large_image\" \/>\n<meta name=\"twitter:label1\" content=\"Tiempo de lectura\" \/>\n\t<meta name=\"twitter:data1\" content=\"7 minutos\" \/>\n<script type=\"application\/ld+json\" class=\"yoast-schema-graph\">{\"@context\":\"https:\\\/\\\/schema.org\",\"@graph\":[{\"@type\":\"WebPage\",\"@id\":\"https:\\\/\\\/ayore.org\\\/es\\\/cultura\\\/creencias\\\/oidabiade-el-armadillo-era-un-portador-de-armas\\\/\",\"url\":\"https:\\\/\\\/ayore.org\\\/es\\\/cultura\\\/creencias\\\/oidabiade-el-armadillo-era-un-portador-de-armas\\\/\",\"name\":\"Ayore\u0301 Creencias: El Armadillo Era Un Portador De Armas \u2022 Ayore.org\",\"isPartOf\":{\"@id\":\"https:\\\/\\\/ayore.org\\\/#website\"},\"datePublished\":\"2018-07-20T02:39:08+00:00\",\"dateModified\":\"2019-02-22T03:55:33+00:00\",\"breadcrumb\":{\"@id\":\"https:\\\/\\\/ayore.org\\\/es\\\/cultura\\\/creencias\\\/oidabiade-el-armadillo-era-un-portador-de-armas\\\/#breadcrumb\"},\"inLanguage\":\"es-AR\",\"potentialAction\":[{\"@type\":\"ReadAction\",\"target\":[\"https:\\\/\\\/ayore.org\\\/es\\\/cultura\\\/creencias\\\/oidabiade-el-armadillo-era-un-portador-de-armas\\\/\"]}]},{\"@type\":\"BreadcrumbList\",\"@id\":\"https:\\\/\\\/ayore.org\\\/es\\\/cultura\\\/creencias\\\/oidabiade-el-armadillo-era-un-portador-de-armas\\\/#breadcrumb\",\"itemListElement\":[{\"@type\":\"ListItem\",\"position\":1,\"name\":\"Inicio\",\"item\":\"https:\\\/\\\/ayore.org\\\/es\\\/\"},{\"@type\":\"ListItem\",\"position\":2,\"name\":\"Cultura\",\"item\":\"https:\\\/\\\/ayore.org\\\/es\\\/cultura\\\/\"},{\"@type\":\"ListItem\",\"position\":3,\"name\":\"Creencias\",\"item\":\"https:\\\/\\\/ayore.org\\\/es\\\/cultura\\\/creencias\\\/\"},{\"@type\":\"ListItem\",\"position\":4,\"name\":\"Oid\u00e1biade\u0301 &#8211; El armadillo era un Portador De Armas\"}]},{\"@type\":\"WebSite\",\"@id\":\"https:\\\/\\\/ayore.org\\\/#website\",\"url\":\"https:\\\/\\\/ayore.org\\\/\",\"name\":\"AYORE.ORG\",\"description\":\"Idioma, Cultura e Historia de la Tribu Ayor\u00e9\",\"potentialAction\":[{\"@type\":\"SearchAction\",\"target\":{\"@type\":\"EntryPoint\",\"urlTemplate\":\"https:\\\/\\\/ayore.org\\\/?s={search_term_string}\"},\"query-input\":{\"@type\":\"PropertyValueSpecification\",\"valueRequired\":true,\"valueName\":\"search_term_string\"}}],\"inLanguage\":\"es-AR\"}]}<\/script>\n<!-- \/ Yoast SEO plugin. -->","yoast_head_json":{"title":"Ayore\u0301 Creencias: El Armadillo Era Un Portador De Armas \u2022 Ayore.org","robots":{"index":"index","follow":"follow","max-snippet":"max-snippet:-1","max-image-preview":"max-image-preview:large","max-video-preview":"max-video-preview:-1"},"canonical":"https:\/\/ayore.org\/es\/cultura\/creencias\/oidabiade-el-armadillo-era-un-portador-de-armas\/","og_locale":"es_ES","og_type":"article","og_title":"Ayore\u0301 Creencias: El Armadillo Era Un Portador De Armas \u2022 Ayore.org","og_description":"Ed\u00f3pasade U\u00f1ane Posesiones de los clanes ayoreos El portador de armas es la posesi\u00f3n del clan ayor\u00e9 Chiquenoi: Los ayoreos del clan Chiquenoi consideran \u2018el portador de armas\u2019 como uno de sus instrumentos \u00a0m\u00e1s importantes. En la antig\u00fcedad cuando los","og_url":"https:\/\/ayore.org\/es\/cultura\/creencias\/oidabiade-el-armadillo-era-un-portador-de-armas\/","og_site_name":"AYORE.ORG","article_modified_time":"2019-02-22T03:55:33+00:00","twitter_card":"summary_large_image","twitter_misc":{"Tiempo de lectura":"7 minutos"},"schema":{"@context":"https:\/\/schema.org","@graph":[{"@type":"WebPage","@id":"https:\/\/ayore.org\/es\/cultura\/creencias\/oidabiade-el-armadillo-era-un-portador-de-armas\/","url":"https:\/\/ayore.org\/es\/cultura\/creencias\/oidabiade-el-armadillo-era-un-portador-de-armas\/","name":"Ayore\u0301 Creencias: El Armadillo Era Un Portador De Armas \u2022 Ayore.org","isPartOf":{"@id":"https:\/\/ayore.org\/#website"},"datePublished":"2018-07-20T02:39:08+00:00","dateModified":"2019-02-22T03:55:33+00:00","breadcrumb":{"@id":"https:\/\/ayore.org\/es\/cultura\/creencias\/oidabiade-el-armadillo-era-un-portador-de-armas\/#breadcrumb"},"inLanguage":"es-AR","potentialAction":[{"@type":"ReadAction","target":["https:\/\/ayore.org\/es\/cultura\/creencias\/oidabiade-el-armadillo-era-un-portador-de-armas\/"]}]},{"@type":"BreadcrumbList","@id":"https:\/\/ayore.org\/es\/cultura\/creencias\/oidabiade-el-armadillo-era-un-portador-de-armas\/#breadcrumb","itemListElement":[{"@type":"ListItem","position":1,"name":"Inicio","item":"https:\/\/ayore.org\/es\/"},{"@type":"ListItem","position":2,"name":"Cultura","item":"https:\/\/ayore.org\/es\/cultura\/"},{"@type":"ListItem","position":3,"name":"Creencias","item":"https:\/\/ayore.org\/es\/cultura\/creencias\/"},{"@type":"ListItem","position":4,"name":"Oid\u00e1biade\u0301 &#8211; El armadillo era un Portador De Armas"}]},{"@type":"WebSite","@id":"https:\/\/ayore.org\/#website","url":"https:\/\/ayore.org\/","name":"AYORE.ORG","description":"Idioma, Cultura e Historia de la Tribu Ayor\u00e9","potentialAction":[{"@type":"SearchAction","target":{"@type":"EntryPoint","urlTemplate":"https:\/\/ayore.org\/?s={search_term_string}"},"query-input":{"@type":"PropertyValueSpecification","valueRequired":true,"valueName":"search_term_string"}}],"inLanguage":"es-AR"}]}},"_links":{"self":[{"href":"https:\/\/ayore.org\/es\/wp-json\/wp\/v2\/pages\/393","targetHints":{"allow":["GET"]}}],"collection":[{"href":"https:\/\/ayore.org\/es\/wp-json\/wp\/v2\/pages"}],"about":[{"href":"https:\/\/ayore.org\/es\/wp-json\/wp\/v2\/types\/page"}],"author":[{"embeddable":true,"href":"https:\/\/ayore.org\/es\/wp-json\/wp\/v2\/users\/2"}],"replies":[{"embeddable":true,"href":"https:\/\/ayore.org\/es\/wp-json\/wp\/v2\/comments?post=393"}],"version-history":[{"count":4,"href":"https:\/\/ayore.org\/es\/wp-json\/wp\/v2\/pages\/393\/revisions"}],"predecessor-version":[{"id":3016,"href":"https:\/\/ayore.org\/es\/wp-json\/wp\/v2\/pages\/393\/revisions\/3016"}],"up":[{"embeddable":true,"href":"https:\/\/ayore.org\/es\/wp-json\/wp\/v2\/pages\/282"}],"wp:attachment":[{"href":"https:\/\/ayore.org\/es\/wp-json\/wp\/v2\/media?parent=393"}],"curies":[{"name":"wp","href":"https:\/\/api.w.org\/{rel}","templated":true}]}}