{"id":3929,"date":"2019-05-22T02:11:31","date_gmt":"2019-05-22T02:11:31","guid":{"rendered":"https:\/\/ayore.org\/?page_id=3929"},"modified":"2019-05-22T02:11:32","modified_gmt":"2019-05-22T02:11:32","slug":"ecarai-davide-iremos-al-cielo-cuando-regreses","status":"publish","type":"page","link":"https:\/\/ayore.org\/es\/cultura\/ensenanzas\/ecarai-davide-iremos-al-cielo-cuando-regreses\/","title":{"rendered":"Ecarai (Davide\u0301) \u2013 Iremos al cielo cuando regreses"},"content":{"rendered":"\n<p><em>Yij\u00ednango\nua aja gat\u00e9 ujetiga \u00e3ri<\/em><\/p>\n\n\n\n<p><strong><em>Ecarai ora:<\/em><\/strong><br><em>Yoque Dupade<\/em>, hoy estamos muy agradecidos por sus ense\u00f1anzas que nos dicen acerca de c\u00f3mo iremos al cielo cuando regreses. <em>Yoque Dupade<\/em>, te rezamos por esto hoy. Estamos muy agradecidos de que nos digas qu\u00e9 significan tus Palabras: y tambi\u00e9n te agradecimos por tus escrituras que nos dicen sobre las cosas que tu odias. Ay\u00fadanos hoy a entender tus Palabras. Dupade. Te pedimos todo esto en el nombre de tu Hijo Jes\u00fas. Am\u00e9n.&nbsp;<\/p>\n\n\n\n<p><strong><em>Ecarai nos ense\u00f1a acerca de las cosas buenas que Dupade hace por nosotros:<\/em><\/strong><br><em>La palabra de<\/em> <em>Dupade<\/em> nos dice acerca de las cosas buenas que <em>Dupade<\/em> hace por nosotros. Nos dice c\u00f3mo Jes\u00fas nos llevar\u00e1 alg\u00fan d\u00eda, \u00e9l que es como nuestra &#8216;cabeza&#8217;. Y que, as\u00ed como Jes\u00fas es la cabeza de sus creyentes, su Padre es la cabeza de Jes\u00fas. Para mostrarnos qui\u00e9n es <em>Dupade<\/em>, Jes\u00fas dijo: &#8220;Mi cabeza es mi padre&#8221;, y tambi\u00e9n dijo: &#8220;Yo soy tu &#8220;cabeza&#8221;.<br><br>Esto es lo que Pablo les dijo a sus hermanos creyentes: &#8220;Les dije que fueran como yo y que creyeran en Dupade. As\u00ed que no vuelvan a c\u00f3mo eran antes &#8220;.<\/p>\n\n\n\n<p>Y lo que les estoy ense\u00f1ando es que lo que Jes\u00fas hizo por nosotros es lo que nos salva, eso es lo que quiero que ustedes entiendan. Y es lo mismo para nosotros hoy. Nos ense\u00f1amos unos a otros sobre lo que hizo Jes\u00fas porque sabemos que Jes\u00fas es nuestro \u00fanico Salvador. Jes\u00fas es nuestro hermano, nuestro amigo. Esto es lo que Pablo ense\u00f1\u00f3 a sus compatriotas hace mucho tiempo sobre lo que hizo Jes\u00fas. Es lo mismo con nosotros hoy, porque nos ense\u00f1amos unos a otros sobre lo que <em>Dupade<\/em> ha hecho, sabemos que <em>Dupade<\/em> es nuestro creador.<\/p>\n\n\n\n<p><em>Dupade<\/em> es nuestro ayudante No podemos ver el dedo de <em>Dupade<\/em> porque \u00e9l nos ayuda de otra forma, pero sabemos que nos da nuestra vida. Nos da nuestras mentes y nuestra salud a nosotros. Por lo tanto, decimos: &#8220;<em>Dupade<\/em> nos ayuda&#8221;.<\/p>\n\n\n\n<p>Si alguien no entiende la forma en que nos ayuda Dupade, si no ve el dedo de <em>Dupade<\/em> ayud\u00e1ndolo con su trabajo, es como si no supiera nada. La persona que percibe que Jes\u00fas, <em>Dupade,<\/em> es quien le dio la vida, la salud y la fortaleza, sabe estas cosas porque Jes\u00fas le ha dado este conocimiento.<\/p>\n\n\n\n<p>Aunque no vemos su mano, es la mano de <em>Dupade<\/em> que nos ayuda con nuestros trabajos, y decimos: &#8220;Por ser mi creador, sabemos que el me ayudar\u00eda; Jes\u00fas es el creador de las cosas que me ayudan.&#8221; Por lo tanto, nos contamos sobre estas cosas, acerca de que Jes\u00fas nos provee las cosas que necesitamos. \u00c9l nos da la vida. \u00c9l nos da salud.<br><br><strong><em>Un hombre dijo: &#8220;Estoy esperando que Dupade empiece a ayudarme&#8221;.<\/em><\/strong>&nbsp;<br>Porque hubo un hombre que una vez dijo: &#8220;Azadono mi huerto, y sigo esperando ver si <em>Dupade<\/em> me ayudar\u00e1 con eso&#8221;. <\/p>\n\n\n\n<p>Entonces, \u00e9l deja su hacha. Y \u00e9l va de visita. Luego vuelve y dice: &#8220;\u00bfPor qu\u00e9 es que no veo en ninguna parte que <em>Dupade<\/em> ha estado trabajando en mi huerto? <em>Dupade<\/em> no me ha ayudado&#8221;. Pero ese hombre crey\u00f3 err\u00f3neamente que <em>Dupade<\/em> lo ayudar\u00eda con su jard\u00edn y literalmente estar\u00eda ar\u00e1ndolo.<\/p>\n\n\n\n<p>Pero <em>Dupade<\/em> ayuda en la forma en que lo expliqu\u00e9. Sabemos que Jes\u00fas nos da vida. Y de esa manera, es que Jes\u00fas nos ayuda con las cosas. Ese hombre, quienquiera que fuese, dijo: &#8220;<em>Dupade<\/em> no me ayud\u00f3 en absoluto, con mi azad\u00f3n. <em>Dupade<\/em> no avent\u00f3 mi jard\u00edn&#8221;. Pero \u00e9l no reconoci\u00f3\u0301 la manera en que Jes\u00fas le estaba ayudando. Las cosas que Jes\u00fas hizo por \u00e9l fueron: le dio vida, y fortaleza. Pero lo que \u00e9l quer\u00eda era que \u00e9l rastrillara su campo para \u00e9l. \u00c9l no entendi\u00f3 completamente la palabra de <em>Dupade<\/em>. Por lo tanto, dijo: &#8220;<em>Dupade<\/em> no hizo nada por m\u00ed&#8221;.<\/p>\n\n\n\n<p>Ese\nno le agradeci\u00f3 a <em>Dupade<\/em> por su vida,\nsu fortaleza y su salud. Pens\u00f3 en <em>Dupade<\/em>\ncomo simplemente otro ser humano, en lugar de reconocerlo como nuestro creador.\n<\/p>\n\n\n\n<p>Vamos, no debemos\nconsiderar a <em>Dupade<\/em> como nuestro\nempleado, pero, en cambio, ser\u00eda bueno considerarlo nuestro jefe. Hagamos las\ncosas que nuestro jefe tiene para que hagamos, y le agradezcamos por las cosas\nque siempre nos est\u00e1 dando. <em>(Hechos 17:26-27)<\/em><\/p>\n\n\n\n<p><strong><span style=\"text-decoration: underline;\">Clave:<\/span><\/strong><br>Dupade \u2013 Dios<br>Yoque Dupade \u2013 Nuestro Dios<br>Palabra de Dupade \u2013 Palabra de Dios <br><br><em>Ecarai \u2013 Tobit\u00e9, Bolivia \u2013 1960<\/em><br><em>Transcrito y traducido a espa\u00f1ol por: Maxine Morarie<\/em><\/p>\n\n\n<div class=\"navigation\"><div class=\"alignleft\"><a href=\"https:\/\/ayore.org\/es\/cultura\/ensenanzas\/ecarai-davide-eramos-como-esclavos-hace-mucho-tiempo\/\"title=\"Ecarai (Davide\u0301) \u2013 \u00c9ramos como esclavos hace mucho tiempo\"><img loading=\"lazy\" decoding=\"async\" src=\"https:\/\/ayore.org\/wp-content\/uploads\/2018\/10\/left-arrow.png\" width=\"50\" height=\"48\" alt=\"left arrow\"><\/a><\/div><div class=\"alignright\"><a href=\"https:\/\/ayore.org\/es\/cultura\/ensenanzas\/ecarai-davide-un-joven-queria-encontrar-la-vida-eterna\/\"title=\"Ecarai (Davide\u0301) \u2013 Un joven quer\u00eda encontrar la vida eterna\"><img loading=\"lazy\" decoding=\"async\" src=\"https:\/\/ayore.org\/wp-content\/uploads\/2018\/10\/right-arrow.png\" width=\"50\" height=\"48\" alt=\"right arrow\"><\/a><\/div>\n","protected":false},"excerpt":{"rendered":"<p>Yij\u00ednango ua aja gat\u00e9 ujetiga \u00e3ri Ecarai ora:Yoque Dupade, hoy estamos muy agradecidos por sus ense\u00f1anzas que nos dicen acerca de c\u00f3mo iremos al cielo cuando regreses. Yoque Dupade, te rezamos por esto hoy. Estamos muy agradecidos de que nos<\/p>\n","protected":false},"author":5,"featured_media":0,"parent":298,"menu_order":0,"comment_status":"closed","ping_status":"closed","template":"","meta":{"footnotes":""},"class_list":["post-3929","page","type-page","status-publish","hentry"],"yoast_head":"<!-- This site is optimized with the Yoast SEO plugin v27.4 - https:\/\/yoast.com\/product\/yoast-seo-wordpress\/ -->\n<title>Ecarai (Davide\u0301) \u2013 Iremos al cielo cuando regreses &#8226; AYORE.ORG<\/title>\n<meta name=\"robots\" content=\"index, follow, max-snippet:-1, max-image-preview:large, max-video-preview:-1\" \/>\n<link rel=\"canonical\" href=\"https:\/\/ayore.org\/es\/cultura\/ensenanzas\/ecarai-davide-iremos-al-cielo-cuando-regreses\/\" \/>\n<meta property=\"og:locale\" content=\"es_ES\" \/>\n<meta property=\"og:type\" content=\"article\" \/>\n<meta property=\"og:title\" content=\"Ecarai (Davide\u0301) \u2013 Iremos al cielo cuando regreses &#8226; AYORE.ORG\" \/>\n<meta property=\"og:description\" content=\"Yij\u00ednango ua aja gat\u00e9 ujetiga \u00e3ri Ecarai ora:Yoque Dupade, hoy estamos muy agradecidos por sus ense\u00f1anzas que nos dicen acerca de c\u00f3mo iremos al cielo cuando regreses. Yoque Dupade, te rezamos por esto hoy. Estamos muy agradecidos de que nos\" \/>\n<meta property=\"og:url\" content=\"https:\/\/ayore.org\/es\/cultura\/ensenanzas\/ecarai-davide-iremos-al-cielo-cuando-regreses\/\" \/>\n<meta property=\"og:site_name\" content=\"AYORE.ORG\" \/>\n<meta property=\"article:modified_time\" content=\"2019-05-22T02:11:32+00:00\" \/>\n<meta name=\"twitter:card\" content=\"summary_large_image\" \/>\n<meta name=\"twitter:label1\" content=\"Tiempo de lectura\" \/>\n\t<meta name=\"twitter:data1\" content=\"4 minutos\" \/>\n<script type=\"application\/ld+json\" class=\"yoast-schema-graph\">{\"@context\":\"https:\\\/\\\/schema.org\",\"@graph\":[{\"@type\":\"WebPage\",\"@id\":\"https:\\\/\\\/ayore.org\\\/es\\\/cultura\\\/ensenanzas\\\/ecarai-davide-iremos-al-cielo-cuando-regreses\\\/\",\"url\":\"https:\\\/\\\/ayore.org\\\/es\\\/cultura\\\/ensenanzas\\\/ecarai-davide-iremos-al-cielo-cuando-regreses\\\/\",\"name\":\"Ecarai (Davide\u0301) \u2013 Iremos al cielo cuando regreses &#8226; AYORE.ORG\",\"isPartOf\":{\"@id\":\"https:\\\/\\\/ayore.org\\\/#website\"},\"datePublished\":\"2019-05-22T02:11:31+00:00\",\"dateModified\":\"2019-05-22T02:11:32+00:00\",\"breadcrumb\":{\"@id\":\"https:\\\/\\\/ayore.org\\\/es\\\/cultura\\\/ensenanzas\\\/ecarai-davide-iremos-al-cielo-cuando-regreses\\\/#breadcrumb\"},\"inLanguage\":\"es-AR\",\"potentialAction\":[{\"@type\":\"ReadAction\",\"target\":[\"https:\\\/\\\/ayore.org\\\/es\\\/cultura\\\/ensenanzas\\\/ecarai-davide-iremos-al-cielo-cuando-regreses\\\/\"]}]},{\"@type\":\"BreadcrumbList\",\"@id\":\"https:\\\/\\\/ayore.org\\\/es\\\/cultura\\\/ensenanzas\\\/ecarai-davide-iremos-al-cielo-cuando-regreses\\\/#breadcrumb\",\"itemListElement\":[{\"@type\":\"ListItem\",\"position\":1,\"name\":\"Inicio\",\"item\":\"https:\\\/\\\/ayore.org\\\/es\\\/\"},{\"@type\":\"ListItem\",\"position\":2,\"name\":\"Cultura\",\"item\":\"https:\\\/\\\/ayore.org\\\/es\\\/cultura\\\/\"},{\"@type\":\"ListItem\",\"position\":3,\"name\":\"Ense\u00f1anzas\",\"item\":\"https:\\\/\\\/ayore.org\\\/es\\\/cultura\\\/ensenanzas\\\/\"},{\"@type\":\"ListItem\",\"position\":4,\"name\":\"Ecarai (Davide\u0301) \u2013 Iremos al cielo cuando regreses\"}]},{\"@type\":\"WebSite\",\"@id\":\"https:\\\/\\\/ayore.org\\\/#website\",\"url\":\"https:\\\/\\\/ayore.org\\\/\",\"name\":\"AYORE.ORG\",\"description\":\"Idioma, Cultura e Historia de la Tribu Ayor\u00e9\",\"potentialAction\":[{\"@type\":\"SearchAction\",\"target\":{\"@type\":\"EntryPoint\",\"urlTemplate\":\"https:\\\/\\\/ayore.org\\\/?s={search_term_string}\"},\"query-input\":{\"@type\":\"PropertyValueSpecification\",\"valueRequired\":true,\"valueName\":\"search_term_string\"}}],\"inLanguage\":\"es-AR\"}]}<\/script>\n<!-- \/ Yoast SEO plugin. -->","yoast_head_json":{"title":"Ecarai (Davide\u0301) \u2013 Iremos al cielo cuando regreses &#8226; AYORE.ORG","robots":{"index":"index","follow":"follow","max-snippet":"max-snippet:-1","max-image-preview":"max-image-preview:large","max-video-preview":"max-video-preview:-1"},"canonical":"https:\/\/ayore.org\/es\/cultura\/ensenanzas\/ecarai-davide-iremos-al-cielo-cuando-regreses\/","og_locale":"es_ES","og_type":"article","og_title":"Ecarai (Davide\u0301) \u2013 Iremos al cielo cuando regreses &#8226; AYORE.ORG","og_description":"Yij\u00ednango ua aja gat\u00e9 ujetiga \u00e3ri Ecarai ora:Yoque Dupade, hoy estamos muy agradecidos por sus ense\u00f1anzas que nos dicen acerca de c\u00f3mo iremos al cielo cuando regreses. Yoque Dupade, te rezamos por esto hoy. Estamos muy agradecidos de que nos","og_url":"https:\/\/ayore.org\/es\/cultura\/ensenanzas\/ecarai-davide-iremos-al-cielo-cuando-regreses\/","og_site_name":"AYORE.ORG","article_modified_time":"2019-05-22T02:11:32+00:00","twitter_card":"summary_large_image","twitter_misc":{"Tiempo de lectura":"4 minutos"},"schema":{"@context":"https:\/\/schema.org","@graph":[{"@type":"WebPage","@id":"https:\/\/ayore.org\/es\/cultura\/ensenanzas\/ecarai-davide-iremos-al-cielo-cuando-regreses\/","url":"https:\/\/ayore.org\/es\/cultura\/ensenanzas\/ecarai-davide-iremos-al-cielo-cuando-regreses\/","name":"Ecarai (Davide\u0301) \u2013 Iremos al cielo cuando regreses &#8226; AYORE.ORG","isPartOf":{"@id":"https:\/\/ayore.org\/#website"},"datePublished":"2019-05-22T02:11:31+00:00","dateModified":"2019-05-22T02:11:32+00:00","breadcrumb":{"@id":"https:\/\/ayore.org\/es\/cultura\/ensenanzas\/ecarai-davide-iremos-al-cielo-cuando-regreses\/#breadcrumb"},"inLanguage":"es-AR","potentialAction":[{"@type":"ReadAction","target":["https:\/\/ayore.org\/es\/cultura\/ensenanzas\/ecarai-davide-iremos-al-cielo-cuando-regreses\/"]}]},{"@type":"BreadcrumbList","@id":"https:\/\/ayore.org\/es\/cultura\/ensenanzas\/ecarai-davide-iremos-al-cielo-cuando-regreses\/#breadcrumb","itemListElement":[{"@type":"ListItem","position":1,"name":"Inicio","item":"https:\/\/ayore.org\/es\/"},{"@type":"ListItem","position":2,"name":"Cultura","item":"https:\/\/ayore.org\/es\/cultura\/"},{"@type":"ListItem","position":3,"name":"Ense\u00f1anzas","item":"https:\/\/ayore.org\/es\/cultura\/ensenanzas\/"},{"@type":"ListItem","position":4,"name":"Ecarai (Davide\u0301) \u2013 Iremos al cielo cuando regreses"}]},{"@type":"WebSite","@id":"https:\/\/ayore.org\/#website","url":"https:\/\/ayore.org\/","name":"AYORE.ORG","description":"Idioma, Cultura e Historia de la Tribu Ayor\u00e9","potentialAction":[{"@type":"SearchAction","target":{"@type":"EntryPoint","urlTemplate":"https:\/\/ayore.org\/?s={search_term_string}"},"query-input":{"@type":"PropertyValueSpecification","valueRequired":true,"valueName":"search_term_string"}}],"inLanguage":"es-AR"}]}},"_links":{"self":[{"href":"https:\/\/ayore.org\/es\/wp-json\/wp\/v2\/pages\/3929","targetHints":{"allow":["GET"]}}],"collection":[{"href":"https:\/\/ayore.org\/es\/wp-json\/wp\/v2\/pages"}],"about":[{"href":"https:\/\/ayore.org\/es\/wp-json\/wp\/v2\/types\/page"}],"author":[{"embeddable":true,"href":"https:\/\/ayore.org\/es\/wp-json\/wp\/v2\/users\/5"}],"replies":[{"embeddable":true,"href":"https:\/\/ayore.org\/es\/wp-json\/wp\/v2\/comments?post=3929"}],"version-history":[{"count":2,"href":"https:\/\/ayore.org\/es\/wp-json\/wp\/v2\/pages\/3929\/revisions"}],"predecessor-version":[{"id":3931,"href":"https:\/\/ayore.org\/es\/wp-json\/wp\/v2\/pages\/3929\/revisions\/3931"}],"up":[{"embeddable":true,"href":"https:\/\/ayore.org\/es\/wp-json\/wp\/v2\/pages\/298"}],"wp:attachment":[{"href":"https:\/\/ayore.org\/es\/wp-json\/wp\/v2\/media?parent=3929"}],"curies":[{"name":"wp","href":"https:\/\/api.w.org\/{rel}","templated":true}]}}