{"id":3923,"date":"2019-05-22T01:46:55","date_gmt":"2019-05-22T01:46:55","guid":{"rendered":"https:\/\/ayore.org\/?page_id=3923"},"modified":"2019-05-22T01:46:57","modified_gmt":"2019-05-22T01:46:57","slug":"ecarai-davide-eramos-como-esclavos-hace-mucho-tiempo","status":"publish","type":"page","link":"https:\/\/ayore.org\/es\/cultura\/ensenanzas\/ecarai-davide-eramos-como-esclavos-hace-mucho-tiempo\/","title":{"rendered":"Ecarai (Davide\u0301) \u2013 \u00c9ramos como esclavos hace mucho tiempo"},"content":{"rendered":"\n<p><em>Yocajnui tu piroque bisidei nanique<\/em><br><br><strong><em>Antes de conocer a Dupade, \u00e9ramos como esclavos de Satan\u00e1s, un maestro necio:<\/em><\/strong> <em>(G\u00e1latas 1:6,7)<\/em><br>El ap\u00f3stol Pablo ense\u00f1\u00f3 acerca de c\u00f3mo viv\u00edamos antes de conocer al <em>Gran L\u00edder Dupade<\/em>. \u00c9l habla sobre el tipo de cosas que sol\u00edamos hacer. Antes de conocer al <em>Gran L\u00edder<\/em>, \u00e9ramos como esclavos de un maestro diferente: personas necias que serv\u00edan a un maestro necio. Pero cuando conocimos al <em>Gran L\u00edder<\/em>, las cosas cambiaron para nosotros. Ya no \u00e9ramos esclavos de un maestro tonto, pero de repente pertenec\u00edamos a un Padre que nos trataba como ni\u00f1os, a sus propios hijos.<\/p>\n\n\n\n<p><strong><em>Cuando pusimos nuestra fe en Jes\u00fas, Dupade nos reconoci\u00f3 y nos cuid\u00f3:<\/em><\/strong><br>Por lo tanto, Pablo dijo: &#8220;Pero despu\u00e9s, cuando conociste a <em>Dupade<\/em>, entonces el <em>Gran L\u00edder<\/em> tambi\u00e9n te conoci\u00f3 y te cuid\u00f3. Entonces, \u00bfpor qu\u00e9 has vuelto a la forma en que estabas al principio? \u00bfNo recuerdas c\u00f3mo son las personas que odian a <em>Dupade<\/em>? Odian a <em>Dupade<\/em>, y odian sus maneras. Son como personas ignorantes que no saben nada.<\/p>\n\n\n\n<p>Pero\nPablo nos dice que cuando ponemos nuestra fe en Jes\u00fas, es cuando <em>Dupade<\/em> nos reconoce y nos cuida, y\ntenemos comuni\u00f3n con \u00c9l y con los dem\u00e1s. Eso es lo que Pablo ense\u00f1\u00f3.<\/p>\n\n\n\n<p><strong><em>Hacemos cosas buenas para los dem\u00e1s porque conocemos a Dupade:<\/em><\/strong><br>Pablo conoc\u00eda a <em>Dupade<\/em> y por eso se acerc\u00f3 a otros. Y de la misma manera, hacemos cosas buenas para los dem\u00e1s porque conocemos a <em>Dupade;<\/em> y nos ense\u00f1amos unos a otros sobre su Palabra. Y servimos a <em>Dupade<\/em> haciendo cosas buenas el uno para el otro. Cuando nos ense\u00f1amos unos a otros sobre las cosas del <em>Gran L\u00edder<\/em>, <em>Dupade<\/em> nota lo que estamos haciendo. \u00c9l sabe que no sabemos todo acerca de su Palabra y que necesitamos que se nos ense\u00f1e, y es por eso por lo que a \u00c9l mismo le complace ense\u00f1arnos a trav\u00e9s de su Esp\u00edritu Santo.<\/p>\n\n\n\n<p><strong><em>Ahora que Jes\u00fas es nuestro amigo, su Padre es nuestro Padre, tambi\u00e9n:<\/em><\/strong><br>Por lo tanto, quiero decirles ahora mismo que Jes\u00fas es nuestro hermano, y que su Padre es nuestro Padre, tambi\u00e9n, el propio <em>Dupade<\/em>. Por lo tanto, nos ense\u00f1amos unos a otros acerca de c\u00f3mo Jes\u00fas es como nuestra cabeza, y estamos unidos a \u00e9l como su cuerpo. Y cuando Jes\u00fas venga a llevarnos con \u00e9l, iremos con Jes\u00fas en el cielo, a todo nuestro grupo (los creyentes que constituyen la iglesia) o al cuerpo del cual Jes\u00fas es la cabeza. Por lo tanto, Pablo nos explic\u00f3 esta ense\u00f1anza para que pudi\u00e9ramos ense\u00f1arnos los unos a los otros acerca de las cosas de Jes\u00fas. Y entonces, sirvamos a <em>Dupade<\/em> hoy, comenzando ahora mismo.<br><br><strong><em>No volveremos a vivir como sol\u00edamos vivir antes de conocer a Jes\u00fas:<\/em><\/strong>&nbsp;&nbsp; Pablo les hizo esta pregunta: &#8220;\u00bfPor qu\u00e9 es que tienes que volver a c\u00f3mo sol\u00edas vivir?&#8221;<br><br>Jes\u00fas sab\u00eda que estar\u00edamos tentados a dar marcha atr\u00e1s y dudar de sus verdaderas palabras.<\/p>\n\n\n\n<p><strong><span style=\"text-decoration: underline;\">Clave: <\/span><\/strong><br>Dupade \u2013 Dios <br>Gran L\u00edder \u2013 Se\u00f1or<br><br><em>Ecarai \u2013 Tobite\u0301, Bolivia \u2013 1970<\/em><br><em>Transcrito y traducido por: Maxine Morarie<\/em><\/p>\n\n\n<div class=\"navigation\"><div class=\"alignleft\"><a href=\"https:\/\/ayore.org\/es\/cultura\/ensenanzas\/ecarai-davide-nos-amamos-profundamente\/\"title=\"Ecarai (Davide\u0301) \u2013 Nos amamos profundamente\"><img loading=\"lazy\" decoding=\"async\" src=\"https:\/\/ayore.org\/wp-content\/uploads\/2018\/10\/left-arrow.png\" width=\"50\" height=\"48\" alt=\"left arrow\"><\/a><\/div><div class=\"alignright\"><a href=\"https:\/\/ayore.org\/es\/cultura\/ensenanzas\/ecarai-davide-iremos-al-cielo-cuando-regreses\/\"title=\"Ecarai (Davide\u0301) \u2013 Iremos al cielo cuando regreses\"><img loading=\"lazy\" decoding=\"async\" src=\"https:\/\/ayore.org\/wp-content\/uploads\/2018\/10\/right-arrow.png\" width=\"50\" height=\"48\" alt=\"right arrow\"><\/a><\/div>\n","protected":false},"excerpt":{"rendered":"<p>Yocajnui tu piroque bisidei nanique Antes de conocer a Dupade, \u00e9ramos como esclavos de Satan\u00e1s, un maestro necio: (G\u00e1latas 1:6,7)El ap\u00f3stol Pablo ense\u00f1\u00f3 acerca de c\u00f3mo viv\u00edamos antes de conocer al Gran L\u00edder Dupade. \u00c9l habla sobre el tipo de<\/p>\n","protected":false},"author":5,"featured_media":0,"parent":298,"menu_order":0,"comment_status":"closed","ping_status":"closed","template":"","meta":{"footnotes":""},"class_list":["post-3923","page","type-page","status-publish","hentry"],"yoast_head":"<!-- This site is optimized with the Yoast SEO plugin v27.4 - https:\/\/yoast.com\/product\/yoast-seo-wordpress\/ -->\n<title>Ecarai (Davide\u0301) \u2013 \u00c9ramos como esclavos hace mucho tiempo &#8226; AYORE.ORG<\/title>\n<meta name=\"robots\" content=\"index, follow, max-snippet:-1, max-image-preview:large, max-video-preview:-1\" \/>\n<link rel=\"canonical\" href=\"https:\/\/ayore.org\/es\/cultura\/ensenanzas\/ecarai-davide-eramos-como-esclavos-hace-mucho-tiempo\/\" \/>\n<meta property=\"og:locale\" content=\"es_ES\" \/>\n<meta property=\"og:type\" content=\"article\" \/>\n<meta property=\"og:title\" content=\"Ecarai (Davide\u0301) \u2013 \u00c9ramos como esclavos hace mucho tiempo &#8226; AYORE.ORG\" \/>\n<meta property=\"og:description\" content=\"Yocajnui tu piroque bisidei nanique Antes de conocer a Dupade, \u00e9ramos como esclavos de Satan\u00e1s, un maestro necio: (G\u00e1latas 1:6,7)El ap\u00f3stol Pablo ense\u00f1\u00f3 acerca de c\u00f3mo viv\u00edamos antes de conocer al Gran L\u00edder Dupade. \u00c9l habla sobre el tipo de\" \/>\n<meta property=\"og:url\" content=\"https:\/\/ayore.org\/es\/cultura\/ensenanzas\/ecarai-davide-eramos-como-esclavos-hace-mucho-tiempo\/\" \/>\n<meta property=\"og:site_name\" content=\"AYORE.ORG\" \/>\n<meta property=\"article:modified_time\" content=\"2019-05-22T01:46:57+00:00\" \/>\n<meta name=\"twitter:card\" content=\"summary_large_image\" \/>\n<meta name=\"twitter:label1\" content=\"Tiempo de lectura\" \/>\n\t<meta name=\"twitter:data1\" content=\"3 minutos\" \/>\n<script type=\"application\/ld+json\" class=\"yoast-schema-graph\">{\"@context\":\"https:\\\/\\\/schema.org\",\"@graph\":[{\"@type\":\"WebPage\",\"@id\":\"https:\\\/\\\/ayore.org\\\/es\\\/cultura\\\/ensenanzas\\\/ecarai-davide-eramos-como-esclavos-hace-mucho-tiempo\\\/\",\"url\":\"https:\\\/\\\/ayore.org\\\/es\\\/cultura\\\/ensenanzas\\\/ecarai-davide-eramos-como-esclavos-hace-mucho-tiempo\\\/\",\"name\":\"Ecarai (Davide\u0301) \u2013 \u00c9ramos como esclavos hace mucho tiempo &#8226; AYORE.ORG\",\"isPartOf\":{\"@id\":\"https:\\\/\\\/ayore.org\\\/#website\"},\"datePublished\":\"2019-05-22T01:46:55+00:00\",\"dateModified\":\"2019-05-22T01:46:57+00:00\",\"breadcrumb\":{\"@id\":\"https:\\\/\\\/ayore.org\\\/es\\\/cultura\\\/ensenanzas\\\/ecarai-davide-eramos-como-esclavos-hace-mucho-tiempo\\\/#breadcrumb\"},\"inLanguage\":\"es-AR\",\"potentialAction\":[{\"@type\":\"ReadAction\",\"target\":[\"https:\\\/\\\/ayore.org\\\/es\\\/cultura\\\/ensenanzas\\\/ecarai-davide-eramos-como-esclavos-hace-mucho-tiempo\\\/\"]}]},{\"@type\":\"BreadcrumbList\",\"@id\":\"https:\\\/\\\/ayore.org\\\/es\\\/cultura\\\/ensenanzas\\\/ecarai-davide-eramos-como-esclavos-hace-mucho-tiempo\\\/#breadcrumb\",\"itemListElement\":[{\"@type\":\"ListItem\",\"position\":1,\"name\":\"Inicio\",\"item\":\"https:\\\/\\\/ayore.org\\\/es\\\/\"},{\"@type\":\"ListItem\",\"position\":2,\"name\":\"Cultura\",\"item\":\"https:\\\/\\\/ayore.org\\\/es\\\/cultura\\\/\"},{\"@type\":\"ListItem\",\"position\":3,\"name\":\"Ense\u00f1anzas\",\"item\":\"https:\\\/\\\/ayore.org\\\/es\\\/cultura\\\/ensenanzas\\\/\"},{\"@type\":\"ListItem\",\"position\":4,\"name\":\"Ecarai (Davide\u0301) \u2013 \u00c9ramos como esclavos hace mucho tiempo\"}]},{\"@type\":\"WebSite\",\"@id\":\"https:\\\/\\\/ayore.org\\\/#website\",\"url\":\"https:\\\/\\\/ayore.org\\\/\",\"name\":\"AYORE.ORG\",\"description\":\"Idioma, Cultura e Historia de la Tribu Ayor\u00e9\",\"potentialAction\":[{\"@type\":\"SearchAction\",\"target\":{\"@type\":\"EntryPoint\",\"urlTemplate\":\"https:\\\/\\\/ayore.org\\\/?s={search_term_string}\"},\"query-input\":{\"@type\":\"PropertyValueSpecification\",\"valueRequired\":true,\"valueName\":\"search_term_string\"}}],\"inLanguage\":\"es-AR\"}]}<\/script>\n<!-- \/ Yoast SEO plugin. -->","yoast_head_json":{"title":"Ecarai (Davide\u0301) \u2013 \u00c9ramos como esclavos hace mucho tiempo &#8226; AYORE.ORG","robots":{"index":"index","follow":"follow","max-snippet":"max-snippet:-1","max-image-preview":"max-image-preview:large","max-video-preview":"max-video-preview:-1"},"canonical":"https:\/\/ayore.org\/es\/cultura\/ensenanzas\/ecarai-davide-eramos-como-esclavos-hace-mucho-tiempo\/","og_locale":"es_ES","og_type":"article","og_title":"Ecarai (Davide\u0301) \u2013 \u00c9ramos como esclavos hace mucho tiempo &#8226; AYORE.ORG","og_description":"Yocajnui tu piroque bisidei nanique Antes de conocer a Dupade, \u00e9ramos como esclavos de Satan\u00e1s, un maestro necio: (G\u00e1latas 1:6,7)El ap\u00f3stol Pablo ense\u00f1\u00f3 acerca de c\u00f3mo viv\u00edamos antes de conocer al Gran L\u00edder Dupade. \u00c9l habla sobre el tipo de","og_url":"https:\/\/ayore.org\/es\/cultura\/ensenanzas\/ecarai-davide-eramos-como-esclavos-hace-mucho-tiempo\/","og_site_name":"AYORE.ORG","article_modified_time":"2019-05-22T01:46:57+00:00","twitter_card":"summary_large_image","twitter_misc":{"Tiempo de lectura":"3 minutos"},"schema":{"@context":"https:\/\/schema.org","@graph":[{"@type":"WebPage","@id":"https:\/\/ayore.org\/es\/cultura\/ensenanzas\/ecarai-davide-eramos-como-esclavos-hace-mucho-tiempo\/","url":"https:\/\/ayore.org\/es\/cultura\/ensenanzas\/ecarai-davide-eramos-como-esclavos-hace-mucho-tiempo\/","name":"Ecarai (Davide\u0301) \u2013 \u00c9ramos como esclavos hace mucho tiempo &#8226; AYORE.ORG","isPartOf":{"@id":"https:\/\/ayore.org\/#website"},"datePublished":"2019-05-22T01:46:55+00:00","dateModified":"2019-05-22T01:46:57+00:00","breadcrumb":{"@id":"https:\/\/ayore.org\/es\/cultura\/ensenanzas\/ecarai-davide-eramos-como-esclavos-hace-mucho-tiempo\/#breadcrumb"},"inLanguage":"es-AR","potentialAction":[{"@type":"ReadAction","target":["https:\/\/ayore.org\/es\/cultura\/ensenanzas\/ecarai-davide-eramos-como-esclavos-hace-mucho-tiempo\/"]}]},{"@type":"BreadcrumbList","@id":"https:\/\/ayore.org\/es\/cultura\/ensenanzas\/ecarai-davide-eramos-como-esclavos-hace-mucho-tiempo\/#breadcrumb","itemListElement":[{"@type":"ListItem","position":1,"name":"Inicio","item":"https:\/\/ayore.org\/es\/"},{"@type":"ListItem","position":2,"name":"Cultura","item":"https:\/\/ayore.org\/es\/cultura\/"},{"@type":"ListItem","position":3,"name":"Ense\u00f1anzas","item":"https:\/\/ayore.org\/es\/cultura\/ensenanzas\/"},{"@type":"ListItem","position":4,"name":"Ecarai (Davide\u0301) \u2013 \u00c9ramos como esclavos hace mucho tiempo"}]},{"@type":"WebSite","@id":"https:\/\/ayore.org\/#website","url":"https:\/\/ayore.org\/","name":"AYORE.ORG","description":"Idioma, Cultura e Historia de la Tribu Ayor\u00e9","potentialAction":[{"@type":"SearchAction","target":{"@type":"EntryPoint","urlTemplate":"https:\/\/ayore.org\/?s={search_term_string}"},"query-input":{"@type":"PropertyValueSpecification","valueRequired":true,"valueName":"search_term_string"}}],"inLanguage":"es-AR"}]}},"_links":{"self":[{"href":"https:\/\/ayore.org\/es\/wp-json\/wp\/v2\/pages\/3923","targetHints":{"allow":["GET"]}}],"collection":[{"href":"https:\/\/ayore.org\/es\/wp-json\/wp\/v2\/pages"}],"about":[{"href":"https:\/\/ayore.org\/es\/wp-json\/wp\/v2\/types\/page"}],"author":[{"embeddable":true,"href":"https:\/\/ayore.org\/es\/wp-json\/wp\/v2\/users\/5"}],"replies":[{"embeddable":true,"href":"https:\/\/ayore.org\/es\/wp-json\/wp\/v2\/comments?post=3923"}],"version-history":[{"count":2,"href":"https:\/\/ayore.org\/es\/wp-json\/wp\/v2\/pages\/3923\/revisions"}],"predecessor-version":[{"id":3925,"href":"https:\/\/ayore.org\/es\/wp-json\/wp\/v2\/pages\/3923\/revisions\/3925"}],"up":[{"embeddable":true,"href":"https:\/\/ayore.org\/es\/wp-json\/wp\/v2\/pages\/298"}],"wp:attachment":[{"href":"https:\/\/ayore.org\/es\/wp-json\/wp\/v2\/media?parent=3923"}],"curies":[{"name":"wp","href":"https:\/\/api.w.org\/{rel}","templated":true}]}}