{"id":3919,"date":"2019-05-22T01:22:06","date_gmt":"2019-05-22T01:22:06","guid":{"rendered":"https:\/\/ayore.org\/?page_id=3919"},"modified":"2019-05-22T01:22:08","modified_gmt":"2019-05-22T01:22:08","slug":"ecarai-davide-nos-amamos-profundamente","status":"publish","type":"page","link":"https:\/\/ayore.org\/es\/cultura\/ensenanzas\/ecarai-davide-nos-amamos-profundamente\/","title":{"rendered":"Ecarai (Davide\u0301) \u2013 Nos amamos profundamente"},"content":{"rendered":"\n<p><em>Yijn\u00f3rango\n\u00f1ane iji jnumi<\/em><\/p>\n\n\n\n<p><strong><em>Ecarai conversa con Dupade:<\/em><\/strong><br>Ay\u00fadanos a amarnos profundamente y a no enojarnos, <em>Yoqui-Dupade<\/em>, mientras vivimos en la tierra. Te pido que deseches a los demonios feos de Satan\u00e1s de entre nosotros que creemos en ti, <em>Yoqui-Dupade<\/em>. Y lava nuestros corazones en este momento, los corazones de tus creyentes, que sean puros, <em>Yoqui-Dupade<\/em>. S\u00e9 que Satan\u00e1s es fuerte y tambi\u00e9n sus demonios, pero, <em>Yoqui-Dupade<\/em>, te pido que nos fortalezcas, <em>Yoqui-Dupade<\/em>. Y que no caigamos en manos de Satan\u00e1s y seamos tentados por \u00e9l.<\/p>\n\n\n\n<p><em>Yoqui-Dupade<\/em>, ayuda a las j\u00f3venes que creen en ti ahora mismo. Ayuda a las mujeres ahora que creen en ti, y en los hombres que creen en ti, y prot\u00e9gelas ahora mismo, para que ninguno de ellos se aparte de tu Palabra, <em>Yoqui-Dupade<\/em>, para que te obedezcan.<br><br>Pido por Iguijnam\u00fain\u00e9 y su familia y amigos para que crean en ti, y quieran amarte profundamente, <em>Yoqui-Dupade<\/em>, y amar a su gente con tu amor, <em>Yoqui-Dupade<\/em>, y amarse el uno al otro. <br><br>Pido por nuestra gente en Tobit\u00e9 porque no s\u00e9 si alguien tiene reuniones para ellos, solo t\u00fa lo sabes, <em>Yoqui-Dupade<\/em>. Rezo para que ayudes a alguien a ense\u00f1arles en nuestro pueblo. Que todos sean fuertes espiritualmente en este momento, <em>Yoqui-Dupade<\/em>.<br><br>Bend\u00edcenos a todos aqu\u00ed esta noche. Coloque sus manos y su poder sobre todos nosotros, mientras enfrentamos un nuevo d\u00eda juntos, <em>Yoqui-Dupade<\/em>. Por lo tanto, rezo por todas estas cosas en el nombre de tu Hijo Jes\u00fas. Am\u00e9n.<\/p>\n\n\n\n<p><strong><em>Ecarai dice lo que significa &#8216;am\u00e9n&#8217;:<\/em><\/strong><br>\u00bfSabes lo que queremos decir cuando decimos &#8216;am\u00e9n&#8217;? No s\u00e9 si entiendes lo que significa cuando decimos &#8216;am\u00e9n&#8217;. &#8216;Am\u00e9n&#8217; se usa cuando aceptamos las oraciones de los dem\u00e1s y decimos \u2018<em>Yiraja<\/em>, entiendo\u2019. Es lo que decimos cuando escuchamos lo que dice otro: decimos &#8220;entiendo&#8221;. Sabemos que cuando todos estamos de acuerdo, decimos \u2018<em>Yiraja<\/em>.\u2019 Y tambi\u00e9n es por eso que decimos &#8220;am\u00e9n&#8221;. Eso significa que usted est\u00e1 de acuerdo. No s\u00e9 qu\u00e9 m\u00e1s decir, excepto que cuando est\u00e1s de acuerdo o aceptas algo que se dice, dices &#8216;am\u00e9n&#8217;. Es como cuando dices &#8216;eso es correcto&#8217;. Y es entonces cuando decimos &#8216;AMEN&#8217;.<\/p>\n\n\n\n<p><strong><span style=\"text-decoration: underline;\">Clave:<\/span><\/strong><br>Dupade &#8211; Dios<br>Yoqui-Dupade &#8211; Nuestro Dios<br>Yiraja &#8211; Entiendo<\/p>\n\n\n\n<p>Ecarai &#8211; Rinc\u00f3n de Tigre, Bolivia &#8211; 1970<br>Transcrito y traducido al espa\u00f1ol por: Maxine Morarie<\/p>\n\n\n<div class=\"navigation\"><div class=\"alignleft\"><a href=\"https:\/\/ayore.org\/es\/cultura\/ensenanzas\/ecarai-davide-ellos-querian-ayudarles\/\"title=\"Ecarai (Davide\u0301) \u2013 Ellos queri\u0301an ayudarles\"><img loading=\"lazy\" decoding=\"async\" src=\"https:\/\/ayore.org\/wp-content\/uploads\/2018\/10\/left-arrow.png\" width=\"50\" height=\"48\" alt=\"left arrow\"><\/a><\/div><div class=\"alignright\"><a href=\"https:\/\/ayore.org\/es\/cultura\/ensenanzas\/ecarai-davide-eramos-como-esclavos-hace-mucho-tiempo\/\"title=\"Ecarai (Davide\u0301) \u2013 \u00c9ramos como esclavos hace mucho tiempo\"><img loading=\"lazy\" decoding=\"async\" src=\"https:\/\/ayore.org\/wp-content\/uploads\/2018\/10\/right-arrow.png\" width=\"50\" height=\"48\" alt=\"right arrow\"><\/a><\/div>\n","protected":false},"excerpt":{"rendered":"<p>Yijn\u00f3rango \u00f1ane iji jnumi Ecarai conversa con Dupade:Ay\u00fadanos a amarnos profundamente y a no enojarnos, Yoqui-Dupade, mientras vivimos en la tierra. Te pido que deseches a los demonios feos de Satan\u00e1s de entre nosotros que creemos en ti, Yoqui-Dupade. Y<\/p>\n","protected":false},"author":5,"featured_media":0,"parent":298,"menu_order":0,"comment_status":"closed","ping_status":"closed","template":"","meta":{"footnotes":""},"class_list":["post-3919","page","type-page","status-publish","hentry"],"yoast_head":"<!-- This site is optimized with the Yoast SEO plugin v27.4 - https:\/\/yoast.com\/product\/yoast-seo-wordpress\/ -->\n<title>Ecarai (Davide\u0301) \u2013 Nos amamos profundamente &#8226; AYORE.ORG<\/title>\n<meta name=\"robots\" content=\"index, follow, max-snippet:-1, max-image-preview:large, max-video-preview:-1\" \/>\n<link rel=\"canonical\" href=\"https:\/\/ayore.org\/es\/cultura\/ensenanzas\/ecarai-davide-nos-amamos-profundamente\/\" \/>\n<meta property=\"og:locale\" content=\"es_ES\" \/>\n<meta property=\"og:type\" content=\"article\" \/>\n<meta property=\"og:title\" content=\"Ecarai (Davide\u0301) \u2013 Nos amamos profundamente &#8226; AYORE.ORG\" \/>\n<meta property=\"og:description\" content=\"Yijn\u00f3rango \u00f1ane iji jnumi Ecarai conversa con Dupade:Ay\u00fadanos a amarnos profundamente y a no enojarnos, Yoqui-Dupade, mientras vivimos en la tierra. Te pido que deseches a los demonios feos de Satan\u00e1s de entre nosotros que creemos en ti, Yoqui-Dupade. Y\" \/>\n<meta property=\"og:url\" content=\"https:\/\/ayore.org\/es\/cultura\/ensenanzas\/ecarai-davide-nos-amamos-profundamente\/\" \/>\n<meta property=\"og:site_name\" content=\"AYORE.ORG\" \/>\n<meta property=\"article:modified_time\" content=\"2019-05-22T01:22:08+00:00\" \/>\n<meta name=\"twitter:card\" content=\"summary_large_image\" \/>\n<meta name=\"twitter:label1\" content=\"Tiempo de lectura\" \/>\n\t<meta name=\"twitter:data1\" content=\"2 minutos\" \/>\n<script type=\"application\/ld+json\" class=\"yoast-schema-graph\">{\"@context\":\"https:\\\/\\\/schema.org\",\"@graph\":[{\"@type\":\"WebPage\",\"@id\":\"https:\\\/\\\/ayore.org\\\/es\\\/cultura\\\/ensenanzas\\\/ecarai-davide-nos-amamos-profundamente\\\/\",\"url\":\"https:\\\/\\\/ayore.org\\\/es\\\/cultura\\\/ensenanzas\\\/ecarai-davide-nos-amamos-profundamente\\\/\",\"name\":\"Ecarai (Davide\u0301) \u2013 Nos amamos profundamente &#8226; AYORE.ORG\",\"isPartOf\":{\"@id\":\"https:\\\/\\\/ayore.org\\\/#website\"},\"datePublished\":\"2019-05-22T01:22:06+00:00\",\"dateModified\":\"2019-05-22T01:22:08+00:00\",\"breadcrumb\":{\"@id\":\"https:\\\/\\\/ayore.org\\\/es\\\/cultura\\\/ensenanzas\\\/ecarai-davide-nos-amamos-profundamente\\\/#breadcrumb\"},\"inLanguage\":\"es-AR\",\"potentialAction\":[{\"@type\":\"ReadAction\",\"target\":[\"https:\\\/\\\/ayore.org\\\/es\\\/cultura\\\/ensenanzas\\\/ecarai-davide-nos-amamos-profundamente\\\/\"]}]},{\"@type\":\"BreadcrumbList\",\"@id\":\"https:\\\/\\\/ayore.org\\\/es\\\/cultura\\\/ensenanzas\\\/ecarai-davide-nos-amamos-profundamente\\\/#breadcrumb\",\"itemListElement\":[{\"@type\":\"ListItem\",\"position\":1,\"name\":\"Inicio\",\"item\":\"https:\\\/\\\/ayore.org\\\/es\\\/\"},{\"@type\":\"ListItem\",\"position\":2,\"name\":\"Cultura\",\"item\":\"https:\\\/\\\/ayore.org\\\/es\\\/cultura\\\/\"},{\"@type\":\"ListItem\",\"position\":3,\"name\":\"Ense\u00f1anzas\",\"item\":\"https:\\\/\\\/ayore.org\\\/es\\\/cultura\\\/ensenanzas\\\/\"},{\"@type\":\"ListItem\",\"position\":4,\"name\":\"Ecarai (Davide\u0301) \u2013 Nos amamos profundamente\"}]},{\"@type\":\"WebSite\",\"@id\":\"https:\\\/\\\/ayore.org\\\/#website\",\"url\":\"https:\\\/\\\/ayore.org\\\/\",\"name\":\"AYORE.ORG\",\"description\":\"Idioma, Cultura e Historia de la Tribu Ayor\u00e9\",\"potentialAction\":[{\"@type\":\"SearchAction\",\"target\":{\"@type\":\"EntryPoint\",\"urlTemplate\":\"https:\\\/\\\/ayore.org\\\/?s={search_term_string}\"},\"query-input\":{\"@type\":\"PropertyValueSpecification\",\"valueRequired\":true,\"valueName\":\"search_term_string\"}}],\"inLanguage\":\"es-AR\"}]}<\/script>\n<!-- \/ Yoast SEO plugin. -->","yoast_head_json":{"title":"Ecarai (Davide\u0301) \u2013 Nos amamos profundamente &#8226; AYORE.ORG","robots":{"index":"index","follow":"follow","max-snippet":"max-snippet:-1","max-image-preview":"max-image-preview:large","max-video-preview":"max-video-preview:-1"},"canonical":"https:\/\/ayore.org\/es\/cultura\/ensenanzas\/ecarai-davide-nos-amamos-profundamente\/","og_locale":"es_ES","og_type":"article","og_title":"Ecarai (Davide\u0301) \u2013 Nos amamos profundamente &#8226; AYORE.ORG","og_description":"Yijn\u00f3rango \u00f1ane iji jnumi Ecarai conversa con Dupade:Ay\u00fadanos a amarnos profundamente y a no enojarnos, Yoqui-Dupade, mientras vivimos en la tierra. Te pido que deseches a los demonios feos de Satan\u00e1s de entre nosotros que creemos en ti, Yoqui-Dupade. Y","og_url":"https:\/\/ayore.org\/es\/cultura\/ensenanzas\/ecarai-davide-nos-amamos-profundamente\/","og_site_name":"AYORE.ORG","article_modified_time":"2019-05-22T01:22:08+00:00","twitter_card":"summary_large_image","twitter_misc":{"Tiempo de lectura":"2 minutos"},"schema":{"@context":"https:\/\/schema.org","@graph":[{"@type":"WebPage","@id":"https:\/\/ayore.org\/es\/cultura\/ensenanzas\/ecarai-davide-nos-amamos-profundamente\/","url":"https:\/\/ayore.org\/es\/cultura\/ensenanzas\/ecarai-davide-nos-amamos-profundamente\/","name":"Ecarai (Davide\u0301) \u2013 Nos amamos profundamente &#8226; AYORE.ORG","isPartOf":{"@id":"https:\/\/ayore.org\/#website"},"datePublished":"2019-05-22T01:22:06+00:00","dateModified":"2019-05-22T01:22:08+00:00","breadcrumb":{"@id":"https:\/\/ayore.org\/es\/cultura\/ensenanzas\/ecarai-davide-nos-amamos-profundamente\/#breadcrumb"},"inLanguage":"es-AR","potentialAction":[{"@type":"ReadAction","target":["https:\/\/ayore.org\/es\/cultura\/ensenanzas\/ecarai-davide-nos-amamos-profundamente\/"]}]},{"@type":"BreadcrumbList","@id":"https:\/\/ayore.org\/es\/cultura\/ensenanzas\/ecarai-davide-nos-amamos-profundamente\/#breadcrumb","itemListElement":[{"@type":"ListItem","position":1,"name":"Inicio","item":"https:\/\/ayore.org\/es\/"},{"@type":"ListItem","position":2,"name":"Cultura","item":"https:\/\/ayore.org\/es\/cultura\/"},{"@type":"ListItem","position":3,"name":"Ense\u00f1anzas","item":"https:\/\/ayore.org\/es\/cultura\/ensenanzas\/"},{"@type":"ListItem","position":4,"name":"Ecarai (Davide\u0301) \u2013 Nos amamos profundamente"}]},{"@type":"WebSite","@id":"https:\/\/ayore.org\/#website","url":"https:\/\/ayore.org\/","name":"AYORE.ORG","description":"Idioma, Cultura e Historia de la Tribu Ayor\u00e9","potentialAction":[{"@type":"SearchAction","target":{"@type":"EntryPoint","urlTemplate":"https:\/\/ayore.org\/?s={search_term_string}"},"query-input":{"@type":"PropertyValueSpecification","valueRequired":true,"valueName":"search_term_string"}}],"inLanguage":"es-AR"}]}},"_links":{"self":[{"href":"https:\/\/ayore.org\/es\/wp-json\/wp\/v2\/pages\/3919","targetHints":{"allow":["GET"]}}],"collection":[{"href":"https:\/\/ayore.org\/es\/wp-json\/wp\/v2\/pages"}],"about":[{"href":"https:\/\/ayore.org\/es\/wp-json\/wp\/v2\/types\/page"}],"author":[{"embeddable":true,"href":"https:\/\/ayore.org\/es\/wp-json\/wp\/v2\/users\/5"}],"replies":[{"embeddable":true,"href":"https:\/\/ayore.org\/es\/wp-json\/wp\/v2\/comments?post=3919"}],"version-history":[{"count":1,"href":"https:\/\/ayore.org\/es\/wp-json\/wp\/v2\/pages\/3919\/revisions"}],"predecessor-version":[{"id":3920,"href":"https:\/\/ayore.org\/es\/wp-json\/wp\/v2\/pages\/3919\/revisions\/3920"}],"up":[{"embeddable":true,"href":"https:\/\/ayore.org\/es\/wp-json\/wp\/v2\/pages\/298"}],"wp:attachment":[{"href":"https:\/\/ayore.org\/es\/wp-json\/wp\/v2\/media?parent=3919"}],"curies":[{"name":"wp","href":"https:\/\/api.w.org\/{rel}","templated":true}]}}