{"id":3907,"date":"2019-05-21T17:10:20","date_gmt":"2019-05-21T17:10:20","guid":{"rendered":"https:\/\/ayore.org\/?page_id=3907"},"modified":"2019-05-21T17:10:22","modified_gmt":"2019-05-21T17:10:22","slug":"ecarai-davide-ellos-querian-ayudarles","status":"publish","type":"page","link":"https:\/\/ayore.org\/es\/cultura\/ensenanzas\/ecarai-davide-ellos-querian-ayudarles\/","title":{"rendered":"Ecarai (Davide\u0301) \u2013 Ellos queri\u0301an ayudarles"},"content":{"rendered":"\n<p><em>Ore pota jeta\nore ch\u00e1ta cuch\u00e1de aja uhuaque<\/em><\/p>\n\n\n\n<p>Han\nescuchado c\u00f3mo nuestro amigo Pablo y otros fueron a buscarlos, y les encontraron\ny les ense\u00f1aron sobre las <em>Palabras de Dupade<\/em>,\na pesar de que no sab\u00edan muy bien nuestro idioma. Pero ellos quer\u00edan ayudarles.\nY es por eso que avisaron a la gente que ustedes necesitaban comida. Sintieron\npena por ustedes. Y no eran como el hombre rico de la Biblia que no compartir\u00eda\nsu comida con el pobre L\u00e1zaro, sino que lo guard\u00f3 todo para s\u00ed mismo y no lo\nregalar\u00eda. La bondad de <em>Dupade<\/em> no\nestaba en ese hombre rico en absoluto. El amor de <em>Dupade<\/em> no estaba en \u00e9l, por lo que no estaba preocupado por su\npr\u00f3jimo. Pero nuestro compatriota Pablo y sus compa\u00f1eros los amaron a ustedes y\nbuscaron la manera de ayudarles.<\/p>\n\n\n\n<p><strong>O\u00edmos que ten\u00edan hambre:<\/strong><br>En Tobit\u00e9 nos enteramos de ustedes a trav\u00e9s de Pablo. \u00c9l nos dijo: &#8220;Siento mucho que los ayoreos en Campo Ayor\u00e9 no tengan nada de comida&#8221;, nos dijo.<br><br>Entonces le pedimos a <em>Dupade<\/em> que los ayudara. \u00bfEscuchaste mi oraci\u00f3n por ustedes en la radio cuando le ped\u00ed a <em>Dupade<\/em> que encontrara una manera de proporcionarles comida? Y <em>Dupade<\/em> debe haber escuchado mis oraciones, por lo tanto, toc\u00f3 los corazones de la gente en Tobit\u00e9, y recolect\u00f3 comida para ustedes. Y ahora la comida que enviaron est\u00e1 aqu\u00ed. Y eso es porque <em>Dupade<\/em> siente pena por sus creyentes cuando tienen hambre. Tambi\u00e9n siente l\u00e1stima cuando los habitantes de la tierra estamos enfermos y \u00e9l faculta a sus creyentes a orar por los enfermos, para que sean sanados. Pero las \u00fanicas oraciones que <em>Dupade<\/em> puede escuchar son cuando la persona que reza cree en \u00c9l y conf\u00eda en que haga lo que le pide.<br><br>Si alguno de ustedes quiere orar, crea en <em>Dupade<\/em> y d\u00edgale: &#8220;<em>Dupade<\/em>, te pido que perdones mis pecados y que respondas a mi oraci\u00f3n y que me salves&#8221;. <br><br>Si oras por otras personas, <em>Dupade<\/em> contestar\u00e1 a tus oraciones por ellos. Pero no podemos orar a <em>Dupade<\/em> para aquellos que ya est\u00e1n en <em>jnaropi\u00e9 (<\/em>el lugar de los muertos). Ya han dejado su estado de ser humano detr\u00e1s. &nbsp;<\/p>\n\n\n\n<p><strong><em>Vamos a ser como nuestro Se\u00f1or Jes\u00fas y tendremos un cuerpo como su cuerpo celestial: <\/em><\/strong><br>Ellos se han cambiado y Satan\u00e1s ha tomado sus cuerpos y han perdido todo contacto con <em>Dupade<\/em>. Ya no son humanos, ni tampoco se hallan sus esp\u00edritus en la tierra.<\/p>\n\n\n\n<p>No sabemos, pero debe ser <em>Dupade<\/em> quien nos hace humanos. <em>(I Corintios 15:48,49)<\/em><\/p>\n\n\n\n<p>Una persona no cambiar\u00e1 como \u00e9l es cuando estamos juntos en el cielo. No hay nada que cambiar cuando nos hemos convertido en nuestro ser real.<\/p>\n\n\n\n<p><strong><em>Dupade quiere que compartamos sus ense\u00f1anzas con nuestros compatriotas:<\/em><\/strong><br>Si crees en <em>Dupade<\/em>, recordar\u00e1s lo que te ense\u00f1\u00e9, pero los dem\u00e1s lo olvidar\u00e1n por completo. Por lo tanto, cuando ellos quieren ense\u00f1ar a sus compatriotas, no podr\u00e1n, porque no recordar\u00e1n lo que les he ense\u00f1ado. No se concentraron en mis ense\u00f1anzas y no les fue interesante para ellos. Pero me gustar\u00eda que prestaran m\u00e1s atenci\u00f3n a mis ense\u00f1anzas, y luego, posiblemente, podr\u00eda yo viajar m\u00e1s y dejarlos a ellos en el pueblo, y podr\u00edan seguir ense\u00f1ando a nuestros compatriotas en mi lugar.<br><br>No s\u00e9 si deber\u00eda llevar las <em>Palabras de Dupade<\/em> a otros lugares, o si deber\u00eda quedarme en nuestra aldea para ense\u00f1ar. Pero si llevo las <em>Palabras de Dupade<\/em> a otros lugares, entonces <em>Dupade<\/em> debe proporcionar a alguien m\u00e1s para que ense\u00f1e a nuestros compatriotas aqu\u00ed en Tobit\u00e9. Sin embargo, algunos de nosotros debemos llevar las <em>Palabras de Dupade<\/em> a ustedes que est\u00e1n en otros lugares, para que escuchen las <em>Palabras de Dupade<\/em> de nuestras bocas. Entonces podemos regocijarnos juntos de que <em>Dupade<\/em> ha perdonado los pecados de muchos m\u00e1s en este mundo.<br><br><strong><em>M\u00e1s importante ser\u00eda que todos los ayoreos creyeran en Dupade.<\/em><\/strong><br>Creo que nuestras oraciones a <em>Dupade<\/em> pueden alcanzar a todo el mundo. Y es por eso que or\u00e9 por ustedes para que salgan de la selva y se relacionaran con los <em>coj\u00f1one<\/em>, con el fin de que alg\u00fan d\u00eda todos los <em>ayoreos <\/em>pudi\u00e9ramos vivir en paz con ellos. Sin embargo, m\u00e1s importante ser\u00eda que todos los <em>ayoreos<\/em> creyeran en <em>Dupade<\/em>. Cuando todos recurramos a <em>Dupade,<\/em> estaremos muy felices juntos. Ir\u00edamos a las casas de los dem\u00e1s y nos comer\u00edamos juntos. &nbsp;<em>(Romanos 12:13)<\/em><br><br><strong><em>Solo aquellos cuyos pecados Dupade ha perdonado llegar\u00e1n al cielo:&nbsp;&nbsp;&nbsp;&nbsp; <\/em><\/strong>Ninguna persona puede entrar al cielo tal como \u00e9l es. Solo aquellos a quienes <em>Dupade<\/em> ha perdonado, aquellos que son contados como suyos, estos, s\u00ed, \u00e9l los llevar\u00e1 al cielo. Quiz\u00e1s conozcas la Biblia muy bien; puedes hablar con <em>Dupade<\/em>; es posible que conozca las canciones sobre <em>Dupade<\/em>, pero nada de esto importar\u00e1. Lo que las palabras de <em>Dupade<\/em> dicen es esto: que si alguien cree en Jes\u00fas el Hijo de <em>Dupade<\/em> y se presenta a \u00e9l y le pide que perdone sus pecados, solo entonces <em>Dupade<\/em> aceptar\u00e1 a esa persona en el cielo. \u00c9l no te llevar\u00e1 al cielo porque sabes todo sobre su Palabra. \u00c9l no te llevar\u00e1 porque conoces las canciones sobre \u00e9l. Incluso si cantas canciones sobre \u00c9l a donde sea que vayas, eso no har\u00e1 que te lleve con \u00e9l. Solo hay una manera de ir al cielo y es creer en Jes\u00fas el Hijo de <em>Dupade<\/em>, que muri\u00f3 en la cruz y derram\u00f3 su sangre por nosotros. Es su sangre que es la medicina que nos salva de nuestro pecado. Jes\u00fas entreg\u00f3 su vida por nosotros para que \u00e9l pudiera pagar la pena por nuestro pecado. As\u00ed que ven ahora y entr\u00e9gate a \u00e9l.<br><br><strong><em>Cuando alguien se recupera de una enfermedad, se siente aliviado:<\/em><\/strong>&nbsp;&nbsp;&nbsp;&nbsp; Cuando un ayor\u00e9 est\u00e1 enfermo, espera mejorarse. Creo que todos esperamos estar bien y que estoy diciendo la verdad sobre eso. Pero tambi\u00e9n esperamos estar con <em>Dupade<\/em> en su ciudad celestial, porque all\u00ed estaremos realmente bien. Y all\u00ed, ser\u00e1 como si se hubiera recuperado de una enfermedad, y estuviera bien nuevamente, y en paz. Pero mientras estamos enfermos en nuestros cuerpos terrenales, la vida es pesada para nosotros y es entonces cuando una persona espera con ansias ir al cielo y recibir la nueva vida que <em>Dupade<\/em> tiene para nosotros all\u00ed y donde las cosas permanecen pac\u00edficas para siempre porque all\u00ed estaremos completamente sanos.<br><br>Pero quien vaya <em>a jnaropi\u00e9<\/em>, ser\u00e1 como si estuviera en la tierra de las enfermedades, y se cansar\u00e1 de sus enfermedades. Se cansar\u00e1 de los gusanos que lo muerden. Se cansar\u00e1 de tener sed. Estas cosas le suceder\u00e1n a t\u00ed si no conf\u00edas en <em>Dupade<\/em>, ya que <em>jnaropi\u00e9<\/em> ser\u00e1 su destino. Por otro lado, cuando conf\u00edas en <em>Dupade<\/em> para salvarte, tu destino seguro ser\u00e1 la ciudad de <em>Dupade<\/em>.&nbsp;<\/p>\n\n\n\n<p><strong><em>Ecarai explica c\u00f3mo ser\u00e1 en la nueva tierra:<\/em><\/strong><br>Se dice que <em>Dupade<\/em> llevar\u00e1 a sus creyentes y cambiar\u00e1 su morada de la tierra al cielo. \u00c9l va a descartar esta tierra presente, pero har\u00e1 una nueva tierra hermosa y luego traer\u00e1 a sus creyentes de regreso a esa nueva tierra. Y considerar\u00e1n esta tierra nueva como su morada, donde ya no habr\u00e1 m\u00e1s enfermedades ni m\u00e1s ira.<\/p>\n\n\n\n<p>No lo sabemos, pero parece que las Palabras de <em>Dupade<\/em> nos ense\u00f1an que primero los creyentes ir\u00e1n al cielo mientras <em>Dupade<\/em> se ocupe de las cosas en la tierra. Y luego construir\u00e1 la nueva tierra y el nuevo cielo para que pueda reasentarnos en nuestra nueva tierra. No s\u00e9 si volveremos a donde vivimos una vez en esta tierra. Pero las Palabras de <em>Dupade<\/em> explican estas cosas. Si \u00e9l nos devuelve a nuestra ubicaci\u00f3n anterior, tal vez nos devuelva a Tobit\u00e9. Pero no experimentaremos ning\u00fan tipo de enfermedad donde sea que est\u00e9<em>. (Isa\u00edas 65:17)<\/em><\/p>\n\n\n\n<p>Sabes de las primeras personas, de las que descendimos, Adam y su esposa Eva. Se dice que <em>Dupade<\/em> les proporcion\u00f3 un hermoso jard\u00edn donde comieron fruta. Pero hicieron cosas feas, y <em>Dupade<\/em> los hizo abandonar su jard\u00edn. Los dej\u00f3 afuera y vivieron en otra tierra cercana. Y ah\u00ed es donde nos ubicaron, y consideramos que sus tierras tambi\u00e9n son nuestras, y ahora \u00e9l nos va a devolver una vez m\u00e1s al jard\u00edn donde no habr\u00e1 ninguna enfermedad. Y no m\u00e1s ira. Esto es lo que dicen las Palabras de <em>Dupade<\/em>, as\u00ed que preste atenci\u00f3n a ellas si quiere creer en <em>Dupade<\/em>, y si lo desea, se convertir\u00e1 en una persona sana tambi\u00e9n como creyente de <em>Dupade<\/em>.<br><br><strong><em>Dupade no escuchar\u00e1 a nadie si esconde el pecado en su coraz\u00f3n: <\/em><\/strong><em>(Salmo 66:18)<\/em><br>He escuchado c\u00f3mo todos ustedes oran a <em>Dupade<\/em>, pero sus oraciones no tienen ning\u00fan valor si esconden el pecado en sus corazones. Lo \u00fanico que pueden hacer es humillarse y admitir sus pecados para que <em>Dupade<\/em> los perdone. Y solamente de esta manera conseguir\u00e1n ser aceptados por <em>Dupade<\/em>. Y entonces \u00e9l oir\u00e1 sus peticiones.<br><br><strong><em>Jes\u00fas dijo: &#8220;Bautiza a mis creyentes&#8221;.<\/em><\/strong><br>Jes\u00fas dijo a sus creyentes cuando los exhortaba: &#8220;Id a todo el mundo&#8221;. Dijo: &#8220;Diles a los <em>ayoreos <\/em>y a los <em>coj\u00f1one<\/em> en todo el mundo que crean en m\u00ed&#8221;. \u00c9l dijo: &#8220;Y <em>t\u00edralos al agua<\/em>&#8220;. Esto ser\u00e1 como enterrar sus pecados &#8220;.<br><br>Entonces, si quieres poner tu fe en <em>Dupade<\/em> tambi\u00e9n, \u00e9l enterrar\u00e1 tus pecados. No somos nosotros que los enterramos, pero <em>te tiramos al agua<\/em>, y ser\u00e1 como si la tumba de tus pecados fuera esa agua. Y cuando salgas del agua, eso te mostrar\u00e1 que ahora eres nuevo, un nuevo creyente de <em>Dupade<\/em>. <em>(Romanos 6: 3,4,5,11)<\/em>&nbsp;<\/p>\n\n\n\n<p><strong><span style=\"text-decoration: underline;\">Clave:<\/span><\/strong><br>Dupade &#8211; Dios<br>Palabras de Dupade &#8211; Biblia, la Palabra de Dios<br>Ayoreos &#8211; Gente de la tribu Ayor\u00e9<br>Coj\u00f1one &#8211; Gente que no es de la tribu Ayor\u00e9<br>Jnaropi\u00e9 &#8211; Lugar de los muertos<br>Arrojar a alguien al agua &#8211; Bautizar a alguien<\/p>\n\n\n\n<p><em>Ecarai \u2013 Camp Ayor\u00e9, Bolivia \u2013 1971<\/em><br><em>Transcrito por: Faith Wyma<\/em><br><em>Traducido al espa\u00f1ol por: Maxine Morarie<\/em><\/p>\n\n\n<div class=\"navigation\"><div class=\"alignleft\"><a href=\"https:\/\/ayore.org\/es\/cultura\/ensenanzas\/ecarai-davide-saulo-persiguio-a-los-que-creyeron-en-jesus\/\"title=\"Ecarai (Davide\u0301) \u2013 Saulo persigui\u00f3 a los que creyeron en Jes\u00fas\"><img loading=\"lazy\" decoding=\"async\" src=\"https:\/\/ayore.org\/wp-content\/uploads\/2018\/10\/left-arrow.png\" width=\"50\" height=\"48\" alt=\"left arrow\"><\/a><\/div><div class=\"alignright\"><a href=\"https:\/\/ayore.org\/es\/cultura\/ensenanzas\/ecarai-davide-nos-amamos-profundamente\/\"title=\"Ecarai (Davide\u0301) \u2013 Nos amamos profundamente\"><img loading=\"lazy\" decoding=\"async\" src=\"https:\/\/ayore.org\/wp-content\/uploads\/2018\/10\/right-arrow.png\" width=\"50\" height=\"48\" alt=\"right arrow\"><\/a><\/div>\n","protected":false},"excerpt":{"rendered":"<p>Ore pota jeta ore ch\u00e1ta cuch\u00e1de aja uhuaque Han escuchado c\u00f3mo nuestro amigo Pablo y otros fueron a buscarlos, y les encontraron y les ense\u00f1aron sobre las Palabras de Dupade, a pesar de que no sab\u00edan muy bien nuestro idioma.<\/p>\n","protected":false},"author":5,"featured_media":0,"parent":298,"menu_order":0,"comment_status":"closed","ping_status":"closed","template":"","meta":{"footnotes":""},"class_list":["post-3907","page","type-page","status-publish","hentry"],"yoast_head":"<!-- This site is optimized with the Yoast SEO plugin v27.4 - https:\/\/yoast.com\/product\/yoast-seo-wordpress\/ -->\n<title>Ecarai (Davide\u0301) \u2013 Ellos queri\u0301an ayudarles &#8226; AYORE.ORG<\/title>\n<meta name=\"robots\" content=\"index, follow, max-snippet:-1, max-image-preview:large, max-video-preview:-1\" \/>\n<link rel=\"canonical\" href=\"https:\/\/ayore.org\/es\/cultura\/ensenanzas\/ecarai-davide-ellos-querian-ayudarles\/\" \/>\n<meta property=\"og:locale\" content=\"es_ES\" \/>\n<meta property=\"og:type\" content=\"article\" \/>\n<meta property=\"og:title\" content=\"Ecarai (Davide\u0301) \u2013 Ellos queri\u0301an ayudarles &#8226; AYORE.ORG\" \/>\n<meta property=\"og:description\" content=\"Ore pota jeta ore ch\u00e1ta cuch\u00e1de aja uhuaque Han escuchado c\u00f3mo nuestro amigo Pablo y otros fueron a buscarlos, y les encontraron y les ense\u00f1aron sobre las Palabras de Dupade, a pesar de que no sab\u00edan muy bien nuestro idioma.\" \/>\n<meta property=\"og:url\" content=\"https:\/\/ayore.org\/es\/cultura\/ensenanzas\/ecarai-davide-ellos-querian-ayudarles\/\" \/>\n<meta property=\"og:site_name\" content=\"AYORE.ORG\" \/>\n<meta property=\"article:modified_time\" content=\"2019-05-21T17:10:22+00:00\" \/>\n<meta name=\"twitter:card\" content=\"summary_large_image\" \/>\n<meta name=\"twitter:label1\" content=\"Tiempo de lectura\" \/>\n\t<meta name=\"twitter:data1\" content=\"9 minutos\" \/>\n<script type=\"application\/ld+json\" class=\"yoast-schema-graph\">{\"@context\":\"https:\\\/\\\/schema.org\",\"@graph\":[{\"@type\":\"WebPage\",\"@id\":\"https:\\\/\\\/ayore.org\\\/es\\\/cultura\\\/ensenanzas\\\/ecarai-davide-ellos-querian-ayudarles\\\/\",\"url\":\"https:\\\/\\\/ayore.org\\\/es\\\/cultura\\\/ensenanzas\\\/ecarai-davide-ellos-querian-ayudarles\\\/\",\"name\":\"Ecarai (Davide\u0301) \u2013 Ellos queri\u0301an ayudarles &#8226; AYORE.ORG\",\"isPartOf\":{\"@id\":\"https:\\\/\\\/ayore.org\\\/#website\"},\"datePublished\":\"2019-05-21T17:10:20+00:00\",\"dateModified\":\"2019-05-21T17:10:22+00:00\",\"breadcrumb\":{\"@id\":\"https:\\\/\\\/ayore.org\\\/es\\\/cultura\\\/ensenanzas\\\/ecarai-davide-ellos-querian-ayudarles\\\/#breadcrumb\"},\"inLanguage\":\"es-AR\",\"potentialAction\":[{\"@type\":\"ReadAction\",\"target\":[\"https:\\\/\\\/ayore.org\\\/es\\\/cultura\\\/ensenanzas\\\/ecarai-davide-ellos-querian-ayudarles\\\/\"]}]},{\"@type\":\"BreadcrumbList\",\"@id\":\"https:\\\/\\\/ayore.org\\\/es\\\/cultura\\\/ensenanzas\\\/ecarai-davide-ellos-querian-ayudarles\\\/#breadcrumb\",\"itemListElement\":[{\"@type\":\"ListItem\",\"position\":1,\"name\":\"Inicio\",\"item\":\"https:\\\/\\\/ayore.org\\\/es\\\/\"},{\"@type\":\"ListItem\",\"position\":2,\"name\":\"Cultura\",\"item\":\"https:\\\/\\\/ayore.org\\\/es\\\/cultura\\\/\"},{\"@type\":\"ListItem\",\"position\":3,\"name\":\"Ense\u00f1anzas\",\"item\":\"https:\\\/\\\/ayore.org\\\/es\\\/cultura\\\/ensenanzas\\\/\"},{\"@type\":\"ListItem\",\"position\":4,\"name\":\"Ecarai (Davide\u0301) \u2013 Ellos queri\u0301an ayudarles\"}]},{\"@type\":\"WebSite\",\"@id\":\"https:\\\/\\\/ayore.org\\\/#website\",\"url\":\"https:\\\/\\\/ayore.org\\\/\",\"name\":\"AYORE.ORG\",\"description\":\"Idioma, Cultura e Historia de la Tribu Ayor\u00e9\",\"potentialAction\":[{\"@type\":\"SearchAction\",\"target\":{\"@type\":\"EntryPoint\",\"urlTemplate\":\"https:\\\/\\\/ayore.org\\\/?s={search_term_string}\"},\"query-input\":{\"@type\":\"PropertyValueSpecification\",\"valueRequired\":true,\"valueName\":\"search_term_string\"}}],\"inLanguage\":\"es-AR\"}]}<\/script>\n<!-- \/ Yoast SEO plugin. -->","yoast_head_json":{"title":"Ecarai (Davide\u0301) \u2013 Ellos queri\u0301an ayudarles &#8226; AYORE.ORG","robots":{"index":"index","follow":"follow","max-snippet":"max-snippet:-1","max-image-preview":"max-image-preview:large","max-video-preview":"max-video-preview:-1"},"canonical":"https:\/\/ayore.org\/es\/cultura\/ensenanzas\/ecarai-davide-ellos-querian-ayudarles\/","og_locale":"es_ES","og_type":"article","og_title":"Ecarai (Davide\u0301) \u2013 Ellos queri\u0301an ayudarles &#8226; AYORE.ORG","og_description":"Ore pota jeta ore ch\u00e1ta cuch\u00e1de aja uhuaque Han escuchado c\u00f3mo nuestro amigo Pablo y otros fueron a buscarlos, y les encontraron y les ense\u00f1aron sobre las Palabras de Dupade, a pesar de que no sab\u00edan muy bien nuestro idioma.","og_url":"https:\/\/ayore.org\/es\/cultura\/ensenanzas\/ecarai-davide-ellos-querian-ayudarles\/","og_site_name":"AYORE.ORG","article_modified_time":"2019-05-21T17:10:22+00:00","twitter_card":"summary_large_image","twitter_misc":{"Tiempo de lectura":"9 minutos"},"schema":{"@context":"https:\/\/schema.org","@graph":[{"@type":"WebPage","@id":"https:\/\/ayore.org\/es\/cultura\/ensenanzas\/ecarai-davide-ellos-querian-ayudarles\/","url":"https:\/\/ayore.org\/es\/cultura\/ensenanzas\/ecarai-davide-ellos-querian-ayudarles\/","name":"Ecarai (Davide\u0301) \u2013 Ellos queri\u0301an ayudarles &#8226; AYORE.ORG","isPartOf":{"@id":"https:\/\/ayore.org\/#website"},"datePublished":"2019-05-21T17:10:20+00:00","dateModified":"2019-05-21T17:10:22+00:00","breadcrumb":{"@id":"https:\/\/ayore.org\/es\/cultura\/ensenanzas\/ecarai-davide-ellos-querian-ayudarles\/#breadcrumb"},"inLanguage":"es-AR","potentialAction":[{"@type":"ReadAction","target":["https:\/\/ayore.org\/es\/cultura\/ensenanzas\/ecarai-davide-ellos-querian-ayudarles\/"]}]},{"@type":"BreadcrumbList","@id":"https:\/\/ayore.org\/es\/cultura\/ensenanzas\/ecarai-davide-ellos-querian-ayudarles\/#breadcrumb","itemListElement":[{"@type":"ListItem","position":1,"name":"Inicio","item":"https:\/\/ayore.org\/es\/"},{"@type":"ListItem","position":2,"name":"Cultura","item":"https:\/\/ayore.org\/es\/cultura\/"},{"@type":"ListItem","position":3,"name":"Ense\u00f1anzas","item":"https:\/\/ayore.org\/es\/cultura\/ensenanzas\/"},{"@type":"ListItem","position":4,"name":"Ecarai (Davide\u0301) \u2013 Ellos queri\u0301an ayudarles"}]},{"@type":"WebSite","@id":"https:\/\/ayore.org\/#website","url":"https:\/\/ayore.org\/","name":"AYORE.ORG","description":"Idioma, Cultura e Historia de la Tribu Ayor\u00e9","potentialAction":[{"@type":"SearchAction","target":{"@type":"EntryPoint","urlTemplate":"https:\/\/ayore.org\/?s={search_term_string}"},"query-input":{"@type":"PropertyValueSpecification","valueRequired":true,"valueName":"search_term_string"}}],"inLanguage":"es-AR"}]}},"_links":{"self":[{"href":"https:\/\/ayore.org\/es\/wp-json\/wp\/v2\/pages\/3907","targetHints":{"allow":["GET"]}}],"collection":[{"href":"https:\/\/ayore.org\/es\/wp-json\/wp\/v2\/pages"}],"about":[{"href":"https:\/\/ayore.org\/es\/wp-json\/wp\/v2\/types\/page"}],"author":[{"embeddable":true,"href":"https:\/\/ayore.org\/es\/wp-json\/wp\/v2\/users\/5"}],"replies":[{"embeddable":true,"href":"https:\/\/ayore.org\/es\/wp-json\/wp\/v2\/comments?post=3907"}],"version-history":[{"count":2,"href":"https:\/\/ayore.org\/es\/wp-json\/wp\/v2\/pages\/3907\/revisions"}],"predecessor-version":[{"id":3909,"href":"https:\/\/ayore.org\/es\/wp-json\/wp\/v2\/pages\/3907\/revisions\/3909"}],"up":[{"embeddable":true,"href":"https:\/\/ayore.org\/es\/wp-json\/wp\/v2\/pages\/298"}],"wp:attachment":[{"href":"https:\/\/ayore.org\/es\/wp-json\/wp\/v2\/media?parent=3907"}],"curies":[{"name":"wp","href":"https:\/\/api.w.org\/{rel}","templated":true}]}}