{"id":3896,"date":"2019-05-21T16:34:45","date_gmt":"2019-05-21T16:34:45","guid":{"rendered":"https:\/\/ayore.org\/?page_id=3896"},"modified":"2019-05-21T16:36:18","modified_gmt":"2019-05-21T16:36:18","slug":"ecarai-davide-saulo-persiguio-a-los-que-creyeron-en-jesus","status":"publish","type":"page","link":"https:\/\/ayore.org\/es\/cultura\/ensenanzas\/ecarai-davide-saulo-persiguio-a-los-que-creyeron-en-jesus\/","title":{"rendered":"Ecarai (Davide\u0301) \u2013 Saulo persigui\u00f3 a los que creyeron en Jes\u00fas"},"content":{"rendered":"\n<p><em>Saulo\numajo Jesus angures\u00f3rone ore<\/em><\/p>\n\n\n\n<p><strong><em>Te hablar\u00e9 acerca de\nalguien que persigui\u00f3 a los creyentes de Jes\u00fas.:<br>\n<\/em><\/strong>El\nenemigo de los creyentes de Jes\u00fas se llamaba Saulo. Todav\u00eda no cre\u00eda en Jes\u00fas.\nY persigui\u00f3 a los que creyeron en Jes\u00fas. Se dirigi\u00f3 a sus l\u00edderes y les dijo:\n&#8220;Denme permiso por escrito y yo ir\u00e9 a Damasco para arrestar a los que son\ncreyentes en Jes\u00fas. Matar\u00e9 a algunos y encarcelar\u00e9 a otros&#8221;.<\/p>\n\n\n\n<p>Sus l\u00edderes le dieron el permiso por escrito, y de inmediato se fue a Damasco para arrestar a los creyentes en Jes\u00fas. <\/p>\n\n\n\n<p><strong><em>Cuando se acercaba a Damasco, Jes\u00fas se le apareci\u00f3:<\/em><\/strong><br>Cuando se estaba acercando a la ciudad de Damasco, Jes\u00fas se le apareci\u00f3 y lo hizo quedar ciego. <\/p>\n\n\n\n<p>As\u00ed es con una persona que oye de Jes\u00fas, pero no cree que \u00e9l es <em>Dupade<\/em>. <em>Dupade<\/em> le quita la vista.<br><br>Los hombres que fueron con Saulo no vieron a Jes\u00fas. Solo escucharon una voz que ven\u00eda de arriba. <em>\u00a1Separ\u00f3 su ves\u00edcula biliar! <\/em>&nbsp;Pero solo Saulo entendi\u00f3 las palabras que hablaba Jes\u00fas y le pregunt\u00f3: &#8220;\u00bfQui\u00e9n eres?&#8221;<\/p>\n\n\n\n<p>Jes\u00fas le dijo: &#8220;Yo soy Jes\u00fas. Yo soy a quien est\u00e1s persiguiendo&#8221;. Dijo esto porque era como si cuando Saulo persegu\u00eda a sus creyentes, \u00e9l estaba persiguiendo a Jes\u00fas mismo. Por lo tanto, consider\u00f3 a Saulo su propio perseguidor.<\/p>\n\n\n\n<p>Saulo estaba asustado y dijo: &#8220;Se\u00f1or, \u00bfqu\u00e9 quieres que haga?&#8221;<\/p>\n\n\n\n<p><strong><em>Jes\u00fas envi\u00f3 a Saulo a la ciudad:<\/em><\/strong><br>Pero Jes\u00fas dijo: &#8220;Sal de aqu\u00ed y ve a la ciudad de Damasco, y cuando est\u00e9s all\u00ed, te dir\u00e9 lo que quiero que hagas&#8221;.<\/p>\n\n\n\n<p>Los hombres guiaron a Saulo, y Saulo se agarr\u00f3 de sus brazos porque no pod\u00eda ver. Jes\u00fas hab\u00eda cegado a Saulo.<\/p>\n\n\n\n<p>Jes\u00fas\nse apareci\u00f3 a uno de sus fieles creyentes llamado Anan\u00edas. \u00c9l le dijo: &#8220;Ve\nal centro de la ciudad y busca a un hombre llamado Saulo&#8221;.<\/p>\n\n\n\n<p><strong><em>Dupade cambi\u00f3 su nombre de Saulo:<\/em><\/strong><br>Saulo era su nombre al principio, pero cuando crey\u00f3 en Jes\u00fas, <em>Dupade<\/em> cambi\u00f3 su nombre por el de Pablo. As\u00ed es tambi\u00e9n con nosotros en estos d\u00edas. Porque Jes\u00fas cambia nuestros nombres tambi\u00e9n, y somos llamados Cristianos. Los verdaderos creyentes en <em>Dupade<\/em> son llamados Cristianos. Si quieres, tambi\u00e9n puedes creer en Jes\u00fas. El camino a Jes\u00fas est\u00e1 abierto para ti. Nada se interpone en su camino. Jes\u00fas dijo: &#8220;Vengan a m\u00ed, todos los que quieran. La puerta a mi casa siempre est\u00e1 abierta, pero es la puerta tuya la que est\u00e1 cerrada para m\u00ed&#8221;.<\/p>\n\n\n\n<p>A lo que Jes\u00fas se refiere no es a la puerta\nde nuestras casas, sino a la puerta de nuestros corazones. Si quieres a Jes\u00fas\nen tu vida, debes abrir la puerta a tu coraz\u00f3n. Si abres tu coraz\u00f3n, Jes\u00fas\nentrar\u00e1, y t\u00fa y Jes\u00fas estar\u00e1n en comuni\u00f3n juntos. Jes\u00fas estar\u00e1 contigo en tu\ncasa terrenal y dondequiera que vayas, porque \u00e9l estar\u00e1 contigo en esp\u00edritu; su\nEsp\u00edritu Santo estar\u00e1 presente en tu coraz\u00f3n. (<em>Apocalipsis\n3:20)<\/em><\/p>\n\n\n\n<p><strong><em>Pablo comenz\u00f3 a contarles a otros sobre el camino a Dupade:<\/em><\/strong><br>Ser\u00e1s como el ap\u00f3stol Pablo. Cuando puso su fe en Jes\u00fas, de inmediato comenz\u00f3 a contarles a otros sobre el camino a <em>Dupade<\/em>. Al principio, sin embargo, todav\u00eda le ten\u00eda miedo a la gente. Ten\u00eda miedo de compartir su fe reci\u00e9n descubierta, pero <em>Dupade<\/em> quer\u00eda usarlo de todos modos. \u00c9l sigui\u00f3 aprendiendo m\u00e1s y m\u00e1s. Es as\u00ed contigo cuando primero crees. Eres t\u00edmido al compartir tu fe en Jes\u00fas, pero luego pierdes esa timidez. Eso es porque Jes\u00fas es tu ayudante. Es realmente Jes\u00fas quien est\u00e1 ense\u00f1ando a los dem\u00e1s, pero \u00e9l est\u00e1 usando tu boca para ense\u00f1ar. Entonces, entr\u00e9gate a Jes\u00fas y deja que \u00e9l use tu boca. D\u00edgale: &#8220;Jes\u00fas, toma mi boca y ens\u00e9\u00f1ale a mi pr\u00f3jimo&#8221;. Ora al respecto cuando vengas a tu Padre en oraci\u00f3n.<\/p>\n\n\n\n<p><strong><em>Pablo le pregunt\u00f3 a Jes\u00fas qu\u00e9 quer\u00eda que hiciera:<\/em><\/strong><br>Le pregunt\u00f3 a Jes\u00fas: &#8220;\u00bfQu\u00e9 quieres que haga?&#8221;<\/p>\n\n\n\n<p>Jes\u00fas le respondi\u00f3 y le dijo: &#8220;Ve a la ciudad y luego te dir\u00e9 lo que quiero que hagas&#8221;.<\/p>\n\n\n\n<p>&nbsp;As\u00ed es con nosotros ahora mismo. Si queremos servir a Jes\u00fas, decimos: &#8220;Se\u00f1or, \u00bfqu\u00e9 quieres que haga?&#8221; Ora a <em>Dupade<\/em> si esto es lo que quieres hacer y preg\u00fantale: &#8220;<em>Mi L\u00edder<\/em> <em>Dupade<\/em>, \u00bfqu\u00e9 quieres que yo haga?&#8221;<\/p>\n\n\n\n<p>Oramos para conocer la voluntad de <em>Dupade<\/em> para nosotros. Oramos por nuestra salud y nuestras otras necesidades. Como <em>Dupade<\/em> es nuestro <em>Padre<\/em>, \u00e9l quiere suplir nuestras necesidades. Somos sus hijos y \u00e9l es bueno con nosotros. Y dado que somos sus hijos, \u00e9l siempre nos est\u00e1 dando las cosas que necesitamos.<\/p>\n\n\n\n<p>Si crees en Jes\u00fas, debes buscar siempre las\ncosas que est\u00e1n arriba donde \u00e9l est\u00e1, y luego las cosas en la tierra. Porque\nJes\u00fas dijo: &#8220;Busca primero las cosas del cielo. No busques primero las\ncosas en la tierra &#8220;. Esta es una de las primeras cosas que Jes\u00fas nos\nense\u00f1a a hacer cuando creemos en \u00e9l. \u00c9l es ahora nuestro Padre y nosotros somos\nsus hijos. \u00c9l es nuestro Creador, pero tambi\u00e9n debe ser en qui\u00e9n creemos y a\nqui\u00e9n servimos.<\/p>\n\n\n\n<p><strong><em>Jes\u00fas envi\u00f3 a su fiel creyente Anan\u00edas a sanar a Saulo:<\/em><\/strong><br>Jes\u00fas envi\u00f3 a su fiel creyente Anan\u00edas a Saulo para que lo sanara y as\u00ed pudiera volver a ver. Jes\u00fas le dijo a Anan\u00edas: &#8220;He elegido a Saulo para contarles a los que no son jud\u00edos acerca de m\u00ed, y a los reyes y al pueblo jud\u00edo, tambi\u00e9n. Le dir\u00e9 a Saulo lo que va a sufrir cuando \u00e9l me sirva <em>&#8220;. (Hechos 9: 15-18)<\/em><br><br><strong><span style=\"text-decoration: underline;\">Clave:<\/span><\/strong><br>Dupade \u2013 Dios<br>Mi L\u00edder Dupade \u2013 Mi Se\u00f1or Dios <br>Separar la ves\u00edcula biliar \u2013 Asustar <br><br><em>Ecarai &#8211; Tobit\u00e9, Bolivia &#8211; 1970<\/em><br><em>Transcrito y traducido por: Maxine Morarie<\/em><\/p>\n\n\n<div class=\"navigation\"><div class=\"alignleft\"><a href=\"https:\/\/ayore.org\/es\/cultura\/ensenanzas\/ecarai-davide-nuestros-antepasados-temian-a-dupade\/\"title=\"Ecarai (Davide\u0301) \u2013 Nuestros antepasados tem\u00edan a Dupade\"><img loading=\"lazy\" decoding=\"async\" src=\"https:\/\/ayore.org\/wp-content\/uploads\/2018\/10\/left-arrow.png\" width=\"50\" height=\"48\" alt=\"left arrow\"><\/a><\/div><div class=\"alignright\"><a href=\"https:\/\/ayore.org\/es\/cultura\/ensenanzas\/ecarai-davide-ellos-querian-ayudarles\/\"title=\"Ecarai (Davide\u0301) \u2013 Ellos queri\u0301an ayudarles\"><img loading=\"lazy\" decoding=\"async\" src=\"https:\/\/ayore.org\/wp-content\/uploads\/2018\/10\/right-arrow.png\" width=\"50\" height=\"48\" alt=\"right arrow\"><\/a><\/div>\n","protected":false},"excerpt":{"rendered":"<p>Saulo umajo Jesus angures\u00f3rone ore Te hablar\u00e9 acerca de alguien que persigui\u00f3 a los creyentes de Jes\u00fas.: El enemigo de los creyentes de Jes\u00fas se llamaba Saulo. Todav\u00eda no cre\u00eda en Jes\u00fas. Y persigui\u00f3 a los que creyeron en Jes\u00fas.<\/p>\n","protected":false},"author":5,"featured_media":0,"parent":298,"menu_order":0,"comment_status":"closed","ping_status":"closed","template":"","meta":{"footnotes":""},"class_list":["post-3896","page","type-page","status-publish","hentry"],"yoast_head":"<!-- This site is optimized with the Yoast SEO plugin v27.4 - https:\/\/yoast.com\/product\/yoast-seo-wordpress\/ -->\n<title>Ecarai (Davide\u0301) \u2013 Saulo persigui\u00f3 a los que creyeron en Jes\u00fas &#8226; AYORE.ORG<\/title>\n<meta name=\"robots\" content=\"index, follow, max-snippet:-1, max-image-preview:large, max-video-preview:-1\" \/>\n<link rel=\"canonical\" href=\"https:\/\/ayore.org\/es\/cultura\/ensenanzas\/ecarai-davide-saulo-persiguio-a-los-que-creyeron-en-jesus\/\" \/>\n<meta property=\"og:locale\" content=\"es_ES\" \/>\n<meta property=\"og:type\" content=\"article\" \/>\n<meta property=\"og:title\" content=\"Ecarai (Davide\u0301) \u2013 Saulo persigui\u00f3 a los que creyeron en Jes\u00fas &#8226; AYORE.ORG\" \/>\n<meta property=\"og:description\" content=\"Saulo umajo Jesus angures\u00f3rone ore Te hablar\u00e9 acerca de alguien que persigui\u00f3 a los creyentes de Jes\u00fas.: El enemigo de los creyentes de Jes\u00fas se llamaba Saulo. Todav\u00eda no cre\u00eda en Jes\u00fas. Y persigui\u00f3 a los que creyeron en Jes\u00fas.\" \/>\n<meta property=\"og:url\" content=\"https:\/\/ayore.org\/es\/cultura\/ensenanzas\/ecarai-davide-saulo-persiguio-a-los-que-creyeron-en-jesus\/\" \/>\n<meta property=\"og:site_name\" content=\"AYORE.ORG\" \/>\n<meta property=\"article:modified_time\" content=\"2019-05-21T16:36:18+00:00\" \/>\n<meta name=\"twitter:card\" content=\"summary_large_image\" \/>\n<meta name=\"twitter:label1\" content=\"Tiempo de lectura\" \/>\n\t<meta name=\"twitter:data1\" content=\"5 minutos\" \/>\n<script type=\"application\/ld+json\" class=\"yoast-schema-graph\">{\"@context\":\"https:\\\/\\\/schema.org\",\"@graph\":[{\"@type\":\"WebPage\",\"@id\":\"https:\\\/\\\/ayore.org\\\/es\\\/cultura\\\/ensenanzas\\\/ecarai-davide-saulo-persiguio-a-los-que-creyeron-en-jesus\\\/\",\"url\":\"https:\\\/\\\/ayore.org\\\/es\\\/cultura\\\/ensenanzas\\\/ecarai-davide-saulo-persiguio-a-los-que-creyeron-en-jesus\\\/\",\"name\":\"Ecarai (Davide\u0301) \u2013 Saulo persigui\u00f3 a los que creyeron en Jes\u00fas &#8226; AYORE.ORG\",\"isPartOf\":{\"@id\":\"https:\\\/\\\/ayore.org\\\/#website\"},\"datePublished\":\"2019-05-21T16:34:45+00:00\",\"dateModified\":\"2019-05-21T16:36:18+00:00\",\"breadcrumb\":{\"@id\":\"https:\\\/\\\/ayore.org\\\/es\\\/cultura\\\/ensenanzas\\\/ecarai-davide-saulo-persiguio-a-los-que-creyeron-en-jesus\\\/#breadcrumb\"},\"inLanguage\":\"es-AR\",\"potentialAction\":[{\"@type\":\"ReadAction\",\"target\":[\"https:\\\/\\\/ayore.org\\\/es\\\/cultura\\\/ensenanzas\\\/ecarai-davide-saulo-persiguio-a-los-que-creyeron-en-jesus\\\/\"]}]},{\"@type\":\"BreadcrumbList\",\"@id\":\"https:\\\/\\\/ayore.org\\\/es\\\/cultura\\\/ensenanzas\\\/ecarai-davide-saulo-persiguio-a-los-que-creyeron-en-jesus\\\/#breadcrumb\",\"itemListElement\":[{\"@type\":\"ListItem\",\"position\":1,\"name\":\"Inicio\",\"item\":\"https:\\\/\\\/ayore.org\\\/es\\\/\"},{\"@type\":\"ListItem\",\"position\":2,\"name\":\"Cultura\",\"item\":\"https:\\\/\\\/ayore.org\\\/es\\\/cultura\\\/\"},{\"@type\":\"ListItem\",\"position\":3,\"name\":\"Ense\u00f1anzas\",\"item\":\"https:\\\/\\\/ayore.org\\\/es\\\/cultura\\\/ensenanzas\\\/\"},{\"@type\":\"ListItem\",\"position\":4,\"name\":\"Ecarai (Davide\u0301) \u2013 Saulo persigui\u00f3 a los que creyeron en Jes\u00fas\"}]},{\"@type\":\"WebSite\",\"@id\":\"https:\\\/\\\/ayore.org\\\/#website\",\"url\":\"https:\\\/\\\/ayore.org\\\/\",\"name\":\"AYORE.ORG\",\"description\":\"Idioma, Cultura e Historia de la Tribu Ayor\u00e9\",\"potentialAction\":[{\"@type\":\"SearchAction\",\"target\":{\"@type\":\"EntryPoint\",\"urlTemplate\":\"https:\\\/\\\/ayore.org\\\/?s={search_term_string}\"},\"query-input\":{\"@type\":\"PropertyValueSpecification\",\"valueRequired\":true,\"valueName\":\"search_term_string\"}}],\"inLanguage\":\"es-AR\"}]}<\/script>\n<!-- \/ Yoast SEO plugin. -->","yoast_head_json":{"title":"Ecarai (Davide\u0301) \u2013 Saulo persigui\u00f3 a los que creyeron en Jes\u00fas &#8226; AYORE.ORG","robots":{"index":"index","follow":"follow","max-snippet":"max-snippet:-1","max-image-preview":"max-image-preview:large","max-video-preview":"max-video-preview:-1"},"canonical":"https:\/\/ayore.org\/es\/cultura\/ensenanzas\/ecarai-davide-saulo-persiguio-a-los-que-creyeron-en-jesus\/","og_locale":"es_ES","og_type":"article","og_title":"Ecarai (Davide\u0301) \u2013 Saulo persigui\u00f3 a los que creyeron en Jes\u00fas &#8226; AYORE.ORG","og_description":"Saulo umajo Jesus angures\u00f3rone ore Te hablar\u00e9 acerca de alguien que persigui\u00f3 a los creyentes de Jes\u00fas.: El enemigo de los creyentes de Jes\u00fas se llamaba Saulo. Todav\u00eda no cre\u00eda en Jes\u00fas. Y persigui\u00f3 a los que creyeron en Jes\u00fas.","og_url":"https:\/\/ayore.org\/es\/cultura\/ensenanzas\/ecarai-davide-saulo-persiguio-a-los-que-creyeron-en-jesus\/","og_site_name":"AYORE.ORG","article_modified_time":"2019-05-21T16:36:18+00:00","twitter_card":"summary_large_image","twitter_misc":{"Tiempo de lectura":"5 minutos"},"schema":{"@context":"https:\/\/schema.org","@graph":[{"@type":"WebPage","@id":"https:\/\/ayore.org\/es\/cultura\/ensenanzas\/ecarai-davide-saulo-persiguio-a-los-que-creyeron-en-jesus\/","url":"https:\/\/ayore.org\/es\/cultura\/ensenanzas\/ecarai-davide-saulo-persiguio-a-los-que-creyeron-en-jesus\/","name":"Ecarai (Davide\u0301) \u2013 Saulo persigui\u00f3 a los que creyeron en Jes\u00fas &#8226; AYORE.ORG","isPartOf":{"@id":"https:\/\/ayore.org\/#website"},"datePublished":"2019-05-21T16:34:45+00:00","dateModified":"2019-05-21T16:36:18+00:00","breadcrumb":{"@id":"https:\/\/ayore.org\/es\/cultura\/ensenanzas\/ecarai-davide-saulo-persiguio-a-los-que-creyeron-en-jesus\/#breadcrumb"},"inLanguage":"es-AR","potentialAction":[{"@type":"ReadAction","target":["https:\/\/ayore.org\/es\/cultura\/ensenanzas\/ecarai-davide-saulo-persiguio-a-los-que-creyeron-en-jesus\/"]}]},{"@type":"BreadcrumbList","@id":"https:\/\/ayore.org\/es\/cultura\/ensenanzas\/ecarai-davide-saulo-persiguio-a-los-que-creyeron-en-jesus\/#breadcrumb","itemListElement":[{"@type":"ListItem","position":1,"name":"Inicio","item":"https:\/\/ayore.org\/es\/"},{"@type":"ListItem","position":2,"name":"Cultura","item":"https:\/\/ayore.org\/es\/cultura\/"},{"@type":"ListItem","position":3,"name":"Ense\u00f1anzas","item":"https:\/\/ayore.org\/es\/cultura\/ensenanzas\/"},{"@type":"ListItem","position":4,"name":"Ecarai (Davide\u0301) \u2013 Saulo persigui\u00f3 a los que creyeron en Jes\u00fas"}]},{"@type":"WebSite","@id":"https:\/\/ayore.org\/#website","url":"https:\/\/ayore.org\/","name":"AYORE.ORG","description":"Idioma, Cultura e Historia de la Tribu Ayor\u00e9","potentialAction":[{"@type":"SearchAction","target":{"@type":"EntryPoint","urlTemplate":"https:\/\/ayore.org\/?s={search_term_string}"},"query-input":{"@type":"PropertyValueSpecification","valueRequired":true,"valueName":"search_term_string"}}],"inLanguage":"es-AR"}]}},"_links":{"self":[{"href":"https:\/\/ayore.org\/es\/wp-json\/wp\/v2\/pages\/3896","targetHints":{"allow":["GET"]}}],"collection":[{"href":"https:\/\/ayore.org\/es\/wp-json\/wp\/v2\/pages"}],"about":[{"href":"https:\/\/ayore.org\/es\/wp-json\/wp\/v2\/types\/page"}],"author":[{"embeddable":true,"href":"https:\/\/ayore.org\/es\/wp-json\/wp\/v2\/users\/5"}],"replies":[{"embeddable":true,"href":"https:\/\/ayore.org\/es\/wp-json\/wp\/v2\/comments?post=3896"}],"version-history":[{"count":4,"href":"https:\/\/ayore.org\/es\/wp-json\/wp\/v2\/pages\/3896\/revisions"}],"predecessor-version":[{"id":3900,"href":"https:\/\/ayore.org\/es\/wp-json\/wp\/v2\/pages\/3896\/revisions\/3900"}],"up":[{"embeddable":true,"href":"https:\/\/ayore.org\/es\/wp-json\/wp\/v2\/pages\/298"}],"wp:attachment":[{"href":"https:\/\/ayore.org\/es\/wp-json\/wp\/v2\/media?parent=3896"}],"curies":[{"name":"wp","href":"https:\/\/api.w.org\/{rel}","templated":true}]}}