{"id":3888,"date":"2019-05-21T15:56:58","date_gmt":"2019-05-21T15:56:58","guid":{"rendered":"https:\/\/ayore.org\/?page_id=3888"},"modified":"2019-05-21T15:57:00","modified_gmt":"2019-05-21T15:57:00","slug":"ecarai-davide-nuestros-antepasados-temian-a-dupade","status":"publish","type":"page","link":"https:\/\/ayore.org\/es\/cultura\/ensenanzas\/ecarai-davide-nuestros-antepasados-temian-a-dupade\/","title":{"rendered":"Ecarai (Davide\u0301) \u2013 Nuestros antepasados tem\u00edan a Dupade"},"content":{"rendered":"\n<p><em>Yocai\nayor\u00e9, jnani bajade, ore todo Dupade <\/em><\/p>\n\n\n\n<p><strong><em>Ecarai habla con Dupade:<\/em><\/strong><br>Te pido que nos hagas atentos a tu <em>Palabra. <\/em>Pero nuestros antepasados de ayor\u00e9 te tem\u00edan porque sab\u00edan que eres muy poderoso, <em>Yoque<\/em> <em>Dupade<\/em>. Pero aqu\u00ed estoy hablando confiadamente contigo. Estoy muy agradecido de que nosotros que somos sus descendientes ya sabemos que tu nos quieres, <em>Yoque<\/em> <em>Dupade<\/em>. Por lo tanto, puedo hablar contigo y pedirte que nos ayude ahora mismo mientras escuchamos sus Palabras, <em>Yoque<\/em> <em>Dupade<\/em>. Estoy tan contento de que nuestros compatriotas est\u00e9n con don Jaime, y que escuchen muy bien las ense\u00f1anzas de Jaime, <em>Yoque<\/em> <em>Dupade<\/em>. Y ahora saben que eres misericordioso, <em>Yoque<\/em> <em>Dupade<\/em>. Por lo tanto, pido para que realmente los ayudes, los vigile y les d\u00e9 fuerza. Deles tu poder para que puedan estar sanos todos los d\u00edas, <em>Yoque<\/em> <em>Dupade<\/em>. Y rezo por m\u00ed en este momento, <em>Yoque<\/em> <em>Dupade<\/em>, que me cuides cuando regrese a nuestro pueblo. <em>Yoque<\/em> <em>Dupade<\/em>, pido tambi\u00e9n por todas estas cosas, sabiendo que t\u00fa eres el que cre\u00f3 todo: la comida que comemos para que podamos trabajar para ti y hacer las cosas que nos pides que hagamos, <em>Dupade<\/em>. Te pido todas estas cosas en el nombre de tu Hijo Jes\u00fas. Am\u00e9n.<\/p>\n\n\n\n<p><strong><em>Juan el Bautista dijo: &#8220;Cambia tus pensamientos.&#8221; <\/em><\/strong><em>(Mateo 3: 2)<\/em><br>Quiero contarte sobre lo que Juan el Bautista nos dijo a las personas en el mundo. \u00c9l dijo: &#8220;Cambia la forma en que piensas&#8221;. Juan citaba a otro escriba de la <em>Palabra de<\/em> <em>Dupade. <\/em>Lo que escribi\u00f3 este escriba ten\u00eda que ver con el <em>Hijo de<\/em> <em>Dupade<\/em>, Jes\u00fas, mucho antes de que \u00e9l naciera.<br><br><strong><em>Jaime los busc\u00f3 y les trajo a aquellos que les ense\u00f1ar\u00edan la palabra de Dupade:<\/em><\/strong><br>Jaime les sac\u00f3 de la selva a ustedes y les coloc\u00f3 con los <em>coj\u00f1one<\/em> para que pudieran escuchar de ellos las <em>Palabras de Dupade<\/em>. Sin duda, han escuchado de don Jaime sobre el hijo de Dios, llamado Jes\u00fas, y c\u00f3mo \u00e9l ense\u00f1\u00f3 a sus compatriotas, y les dijo que examinaran sus caminos. Pensar en lo que sol\u00edan hacer y ver qu\u00e9 dec\u00eda la <em>Palabra de Dupade<\/em> al respecto. Si desaprobaba esas cosas, entonces deber\u00eda desaprobarlas tambi\u00e9n.<br><br>Y as\u00ed es como deber\u00eda ser hoy con aquellos de nosotros que ya tenemos las <em>Palabras de Dupade<\/em>. Nosotros, que Jaime ha colocado con los <em>coj\u00f1one<\/em> para que podamos escuchar las <em>Palabras de Dupade<\/em>, dejamos de hacer las cosas que sol\u00edamos hacer. Es lo mismo en Tobit\u00e9 donde ense\u00f1o a los <em>ayor\u00e9os <\/em>sobre las <em>Palabras de Dupade<\/em>. Les digo: &#8220;Fueron los misioneros entre los <em>coj\u00f1one<\/em> quienes nos sacaron de la gente cuando todav\u00eda est\u00e1bamos desnudos hace mucho tiempo.\u201d Pero despu\u00e9s comenzamos a usar ropa ya que entend\u00edamos m\u00e1s sobre las maneras de <em>Dupade<\/em>, y quer\u00edamos hacer las cosas que a el le agrada. Empezamos a servir a <em>Dupade<\/em> y a hacer las cosas que nos pidi\u00f3 que hici\u00e9ramos. Cuando nuestros compa\u00f1eros <em>ayor\u00e9os<\/em> no tienen nada, tenemos compasi\u00f3n de ellos y le damos cosas. Y escuchamos lo que <em>Dupade<\/em> nos cuenta sobre lo que Jes\u00fas dijo a sus compatriotas. \u00c9l dijo: &#8220;Det\u00e9n tu primera forma de hacer las cosas&#8221;, dijo, &#8220;y haz lo que <em>Dupade<\/em> te dice que hagas. Eso es porque yo, el <em>Hijo de Dupade<\/em>, voy a venir, y voy a castigar a esta tierra &#8220;, eso es lo que les dijo.<\/p>\n\n\n\n<p><strong><em>El Hijo de Dupade vino a la tierra para decirnos las Palabras de su Padre:<\/em><\/strong><br>Pero lo que uno de los primeros hombres llamado Isa\u00edas escribi\u00f3 no fue sobre el castigo de <em>Dupade<\/em>. Esto es lo que escribi\u00f3: &#8220;El <em>hijo de Dupade<\/em> llegar\u00e1. <em>Dupade<\/em> tiene un hijo &#8220;, dijo. Y esto sucedi\u00f3, como se predijo, acerca de Jes\u00fas que vino a la tierra. Ya lo has escuchado porque don Jaime te lo ha contado. \u00c9l le cont\u00f3 c\u00f3mo el poder de <em>Dupade<\/em> llen\u00f3 a una mujer joven, y el <em>Hijo de Dupade<\/em> estaba dentro de ella. Ella estaba embarazada, esa mujer joven. Y cuando <em>cay\u00f3<\/em> su hijo, como se hab\u00eda predicho, cont\u00f3 a la gente de la tierra las cosas que su Padre dijo. Y es por eso que te estoy hablando de esto, para que te des cuenta de esto, y te unes a nosotros que queremos hacer las cosas que <em>Dupade<\/em> nos dice que hagamos, porque <em>Dupade<\/em> nos cuenta sobre el amor suyo y que debemos amarnos unos a otros, y amar a otros en todo el mundo. \u00c9l nos dice que no tengamos nada que ver con enojarnos. S\u00e9 que los <em>ayor\u00e9os<\/em> ten\u00edamos un tipo de amor por los dem\u00e1s en la selva donde viv\u00edamos una vez, pero eso no era lo mismo que el amor de <em>Dupade.<\/em> Nosotros los <em>ayor\u00e9os<\/em> respondemos al amor de <em>Dupade <\/em>y deseamos hacer lo que <em>Dupade<\/em> nos dice que hagamos; \u00e9l quiere que estemos agradecidos por todas las cosas que \u00e9l hace por nosotros. Y, por lo tanto, quer\u00eda decirte la raz\u00f3n por la que don Jaime les trajo a los <em>coj\u00f1one<\/em>, fue para que ustedes escucharan sus ense\u00f1anzas. Le ense\u00f1ar\u00e1n a leer y cuando una persona aprenda a leer, podr\u00e1 leer libros, y \u00e9l sabr\u00e1 lo que dice en estos libros, y luego esa persona podr\u00e1 ense\u00f1ar a sus propios compatriotas.<\/p>\n\n\n\n<p>&nbsp;S\u00e9 que no hay nadie en ninguna parte\nque aprenda las cosas sin que se las ense\u00f1e. Tome <em>s\u00e1rode<\/em>, por ejemplo. \u00bfAlguna vez has o\u00eddo hablar de alguien que\naprenda <em>s\u00e1rode<\/em> por su cuenta? Por\nsupuesto no. Los hombres que conocen nuestra medicina les ense\u00f1an a otros sobre\nella, y luego esas personas tambi\u00e9n ense\u00f1an a otros. Es de esta manera que don\nJaime te ense\u00f1a sobre las <em>Palabras de Dupade<\/em>,\ny si alguien realmente escucha conocer\u00e1 las <em>Palabras\nde Dupade<\/em> porque ten\u00eda un maestro.<\/p>\n\n\n\n<p><strong><em>Dupade dice: &#8220;Escucha a mi Hijo y te tratar\u00e9 como trato a mi Hijo&#8221;.<\/em><\/strong><br>Y as\u00ed es cuando alguien no sabe algo. Si \u00e9l no sabe <em>s\u00e1rode<\/em>. Pero si tiene un maestro que le muestre todo sobre <em>s\u00e1rode<\/em>, entonces lo sabr\u00e1. Y cuando \u00e9l lo sepa, tratar\u00e1 de usarlo. Y esa es la forma en que es. Si alguien intenta usar las <em>Palabras de Dupade<\/em>, esa persona estar\u00e1 contenta con las <em>Palabras de Dupade<\/em> porque <em>Dupade <\/em>ayudar\u00e1 a esa persona y le dar\u00e1 sabidur\u00eda. Y ya no se callar\u00e1 sobre las cosas. Puedes ver lo que <em>Dupade<\/em> dijo en su <em>Palabra<\/em> a los hombres que fueron nuestros antepasados: &#8220;Escucha&#8221;, les dijo. &#8220;Escucha a mi Hijo. Escucha a mis profetas.\u201d Se refiere a los hombres que vivieron hace mucho tiempo que escribieron sus <em>Palabras.<\/em> &#8220;Escucha a mis siervos&#8221;, les dijo a estos compatriotas hace mucho tiempo, &#8220;y te tratar\u00e9 muy bien&#8221;.<br><br><strong><em>Dupade castig\u00f3 a aquellos que se negaron a hacer lo que su Palabra les dijo que hicieran:<\/em><\/strong><br>Has escuchado por los labios de don Jaime c\u00f3mo la gente de anta\u00f1o se neg\u00f3 a hacer lo que <em>Dupade<\/em> les dijo que hicieran, y <em>Dupade <\/em>los castig\u00f3. \u00c9l los castig\u00f3 y envi\u00f3 un diluvio para acabar con ellos y solo ocho se salvaron porque cre\u00edan en <em>Dupade.<\/em><br><br>Y esto fue lo que dijo <em>Dupade<\/em> por medio de Juan el Bautista. Juan el Bautista dijo: &#8220;Cambia la manera en que piensas y luego <em>Dupade<\/em> te ayudar\u00e1&#8221;.<br><br>Y es cierto que <em>Dupade<\/em> odiaba las costumbres de los primeros hombres. \u00c9l odiaba su pecado. Odiaba que siempre estuvieran peleando entre ellos. Odiaba que siempre se emborracharan. Y es por eso que los castig\u00f3. Y habl\u00f3 con nuestro antepasado de hace mucho tiempo, cuyo nombre era No\u00e9, el que hizo el bote, y le dijo: &#8220;Haz un bote y ser\u00e1 para ti y tus hijos. Entrar\u00e1s en \u00e9l &#8220;, dijo. \u201cDebido a que sus compatriotas, los <em>coj\u00f1one<\/em>, no los escucharon, los castigar\u00e9&#8221;, dijo <em>Dupade<\/em>.<br><br>Pero ya has o\u00eddo hablar de No\u00e9 y de c\u00f3mo hizo un barco porque cre\u00eda en <em>Dupade<\/em>, y no dudaba de lo que <em>Dupade<\/em> dijo sobre la construcci\u00f3n de un bote, porque tem\u00eda el castigo que <em>Dupade<\/em> dijo que iba a llegar.<br><br>Si No\u00e9 no hubiera construido el bote, No\u00e9 habr\u00eda perecido junto con los enemigos de <em>Dupade<\/em> que no escucharon sus <em>Palabras<\/em>. Pero No\u00e9 cre\u00eda, e hizo el bote. Lleg\u00f3 el d\u00eda, como estaba previsto, cuando lleg\u00f3 el diluvio, y <em>Dupade<\/em> envi\u00f3 a No\u00e9, a su esposa, a sus hijos y a sus esposas dentro del bote y ellos entraron y sobrevivieron al castigo que <em>Dupade<\/em> envi\u00f3 al mundo. Por lo tanto, esto es lo que sucede cuando las personas no escuchan las <em>Palabras de Dupade<\/em> de nuestras bocas, porque un d\u00eda <em>Dupade<\/em> nos sacar\u00e1, y ser\u00e1 como cuando salv\u00f3 a No\u00e9 y su familia del castigo cuando se cans\u00f3 de los <em>o\u00eddos sordos <\/em>de los compatriotas de No\u00e9, y envi\u00f3 el diluvio sobre ellos para castigarlos.<br><br>Pero <em>Dupade<\/em> va a castigar a esta tierra tambi\u00e9n cuando se harta del pecado de los <em>ayor\u00e9os<\/em> y los <em>coj\u00f1one<\/em>, cuando no obedecemos las instrucciones de <em>Dupade<\/em> y no escuchamos las cosas que \u00e9l nos dice.<br><br>Por lo tanto, es bueno para nosotros <em>abrir nuestros o\u00eddos<\/em> a las <em>Palabras de<\/em> <em>Dupade<\/em> y confiar en <em>Dupade<\/em> por lo que escuchamos en su <em>Palabra<\/em>. Leemos que <em>Dupade<\/em> castig\u00f3 a los hombres de la antig\u00fcedad y les mand\u00f3 mucha lluvia. \u00c9l trajo manantiales de agua de la tierra abajo y el agua se derram\u00f3 en la tierra. Estaban angustiados, pero en vano pidieron ayuda a No\u00e9, pidi\u00e9ndole que abriera el barco y los dejaran entrar. Pero No\u00e9 les dijo: &#8220;Los abrir\u00eda, pero no puedo. <em>Dupade<\/em> nos ha encerrado. No hay forma de que pueda abrirlo &#8220;.<br><br>Gritaron, pero en vano, en manos del diluvio. Y ser\u00e1 as\u00ed cuando <em>Dupade<\/em> regrese a la tierra nuevamente. Algunos de nosotros, algunos de nuestros compatriotas, los <em>coj\u00f1one,<\/em> en vano gritaremos y lloraremos en las manos del castigo de <em>Dupade<\/em> cuando castigue al mundo.<\/p>\n\n\n\n<p><strong><em>La gente de la \u00e9poca de No\u00e9 se burlaba del bote que estaba haciendo:<\/em><\/strong>&nbsp;&nbsp;&nbsp; &#8220;\u00a1De todas las cosas! No\u00e9 est\u00e1 haciendo un bote. \u00bfHa llovido siquiera? Est\u00e1 haciendo el barco por nada,&#8221; dijeron.<br><br>Pero no observaron el cielo cuando <em>Dupade<\/em> envi\u00f3 a su sirviente No\u00e9 al bote que \u00e9l hizo. No\u00e9 les hab\u00eda dicho a sus compatriotas que dejaran de hacer cosas feas, ya que, si dejaban de comportarse de forma fea, <em>Dupade<\/em> no les traer\u00eda problemas. <em>Dupade<\/em> no los castigar\u00eda si las cosas que hac\u00edan fueran aceptables para \u00e9l. Pero las cosas siguieron como estaba planeado para No\u00e9 y \u00e9l sigui\u00f3 cont\u00e1ndoles las <em>Palabras de<\/em> <em>Dupade<\/em> y dici\u00e9ndoles: &#8220;Detengan sus feos caminos&#8221;, dijo. &#8220;Si no lo haces, <em>Dupade<\/em> nos castigar\u00e1 si no detenemos lo que estamos haciendo&#8221;.<\/p>\n\n\n\n<p><strong><em>Es lo mismo hoy, los coj\u00f1one y los ayor\u00e9os, todos se burlan de las Palabras de Dupade:<\/em><\/strong><br>Es a\u00fan peor c\u00f3mo se est\u00e1n burlando de <em>Dupade<\/em> ahora. Como en aquel entonces, los <em>coj\u00f1one<\/em> en el mundo, y los <em>ayor\u00e9os <\/em>en el mundo, todos se re\u00edan de las <em>Palabras de<\/em> <em>Dupade<\/em>. Dicen cosas al respecto: &#8220;Los predicadores de las <em>Palabras de<\/em> <em>Dupade<\/em> lo est\u00e1n inventando&#8221;. Pero no lo estamos inventando. Estamos diciendo la verdad, y los hombres de hoy son como los que vivieron hace mucho tiempo, y solo cuando <em>Dupade<\/em> comience a castigarlos comenzar\u00e1n a buscar a <em>Dupade<\/em> y creer\u00e1n en \u00e9l. \u00a1Pero no le quedar\u00e1 m\u00e1s tiempo a <em>Dupade<\/em> para abrir el barco y dejarlos entrar!<br><br>Y como fue entonces, los <em>ayor\u00e9os<\/em> y los <em>coj\u00f1one<\/em> querr\u00e1n ir en vano con nosotros, y dir\u00e1n: &#8220;\u00a1Jes\u00fas, esp\u00e9rame, quiero ir contigo!&#8221;<\/p>\n\n\n\n<p><strong><em>\u00a1Pero eso no est\u00e1 en la Palabra de Dupade en absoluto!<\/em><\/strong><br><em>Dupade<\/em> dice: &#8220;Estoy hablando a trav\u00e9s de los labios de mis siervos mientras todav\u00eda hay tiempo para creer antes de volver&#8221;. Y es cierto que en este momento una persona todav\u00eda puede buscar nuestras ense\u00f1anzas sobre los caminos de <em>Dupade<\/em> y poner su fe en <em>Dupade<\/em> antes de que <em>Dupade<\/em> venga para castigar a la tierra. <em>(2 Pedro 2:5)<\/em><br><br>As\u00ed que hoy les ruego que recuerden las palabras de Juan el Bautista cuando dijo: &#8220;Cambie su forma de pensar&#8221;. Juan el Bautista vio a Jes\u00fas y le dijo a los que lo rodeaban: &#8220;Miren a ese joven de all\u00ed. \u00c9l es quien morir\u00e1 por los pecados de las personas en toda la tierra. \u00c9l es como el cordero que nuestros padres sacrificaron a <em>Dupade<\/em> por sus pecados. Y <em>Dupade<\/em> mismo le est\u00e1 dando a su Hijo a morir por nosotros &#8220;.<br><br>Por lo tanto, dejemos que las <em>Palabras de<\/em> <em>Dupade<\/em> nos hablen, que digan: &#8220;Escucha a mi Hijo, y te tratar\u00e9 tan bien como lo trato a el&#8221;. Eso es todo.<\/p>\n\n\n\n<p><strong><span style=\"text-decoration: underline;\">Clave:<\/span><\/strong><br>Dupade \u2013 Dios <br>Yoque Dupade \u2013 Nuestro Dios <br>Jaime \u2013 Herschel Dunn quien contact\u00f3 a los ayor\u00e9os cerca de Rinc\u00f3n de <br>Tigre<br>Palabras de Dupade \u2013 Palabra de Dios, Biblia<br>Coj\u00f1one \u2013 Gente que no es Ayor\u00e9<br>Ayoreos \u2013 Gente de tribu Ayor\u00e9<br>Cay\u00f3 \u2013 Naci\u00f3<br>S\u00e1rode \u2013 Medicina tribal<br>O\u00eddos sordos \u2013 Desobedientes<br>O\u00eddos abiertos \u2013 Obedientes<\/p>\n\n\n\n<p><em>Ecarai \u2013 Rinc\u00f3n de Tigre \u2013 1960<\/em><br><em>Transcrito y traducido por: Maxine Morarie<\/em><\/p>\n\n\n<div class=\"navigation\"><div class=\"alignleft\"><a href=\"https:\/\/ayore.org\/es\/cultura\/ensenanzas\/ecarai-davide-de-la-palabra-de-dupade-no-nos-falta-nada\/\"title=\"Ecarai (Davide\u0301) \u2013 De la Palabra de Dupade no nos falta nada\"><img loading=\"lazy\" decoding=\"async\" src=\"https:\/\/ayore.org\/wp-content\/uploads\/2018\/10\/left-arrow.png\" width=\"50\" height=\"48\" alt=\"left arrow\"><\/a><\/div><div class=\"alignright\"><a href=\"https:\/\/ayore.org\/es\/cultura\/ensenanzas\/ecarai-davide-saulo-persiguio-a-los-que-creyeron-en-jesus\/\"title=\"Ecarai (Davide\u0301) \u2013 Saulo persigui\u00f3 a los que creyeron en Jes\u00fas\"><img loading=\"lazy\" decoding=\"async\" src=\"https:\/\/ayore.org\/wp-content\/uploads\/2018\/10\/right-arrow.png\" width=\"50\" height=\"48\" alt=\"right arrow\"><\/a><\/div>\n","protected":false},"excerpt":{"rendered":"<p>Yocai ayor\u00e9, jnani bajade, ore todo Dupade Ecarai habla con Dupade:Te pido que nos hagas atentos a tu Palabra. Pero nuestros antepasados de ayor\u00e9 te tem\u00edan porque sab\u00edan que eres muy poderoso, Yoque Dupade. Pero aqu\u00ed estoy hablando confiadamente contigo.<\/p>\n","protected":false},"author":5,"featured_media":0,"parent":298,"menu_order":0,"comment_status":"closed","ping_status":"closed","template":"","meta":{"footnotes":""},"class_list":["post-3888","page","type-page","status-publish","hentry"],"yoast_head":"<!-- This site is optimized with the Yoast SEO plugin v27.4 - https:\/\/yoast.com\/product\/yoast-seo-wordpress\/ -->\n<title>Ecarai (Davide\u0301) \u2013 Nuestros antepasados tem\u00edan a Dupade &#8226; AYORE.ORG<\/title>\n<meta name=\"robots\" content=\"index, follow, max-snippet:-1, max-image-preview:large, max-video-preview:-1\" \/>\n<link rel=\"canonical\" href=\"https:\/\/ayore.org\/es\/cultura\/ensenanzas\/ecarai-davide-nuestros-antepasados-temian-a-dupade\/\" \/>\n<meta property=\"og:locale\" content=\"es_ES\" \/>\n<meta property=\"og:type\" content=\"article\" \/>\n<meta property=\"og:title\" content=\"Ecarai (Davide\u0301) \u2013 Nuestros antepasados tem\u00edan a Dupade &#8226; AYORE.ORG\" \/>\n<meta property=\"og:description\" content=\"Yocai ayor\u00e9, jnani bajade, ore todo Dupade Ecarai habla con Dupade:Te pido que nos hagas atentos a tu Palabra. Pero nuestros antepasados de ayor\u00e9 te tem\u00edan porque sab\u00edan que eres muy poderoso, Yoque Dupade. Pero aqu\u00ed estoy hablando confiadamente contigo.\" \/>\n<meta property=\"og:url\" content=\"https:\/\/ayore.org\/es\/cultura\/ensenanzas\/ecarai-davide-nuestros-antepasados-temian-a-dupade\/\" \/>\n<meta property=\"og:site_name\" content=\"AYORE.ORG\" \/>\n<meta property=\"article:modified_time\" content=\"2019-05-21T15:57:00+00:00\" \/>\n<meta name=\"twitter:card\" content=\"summary_large_image\" \/>\n<meta name=\"twitter:label1\" content=\"Tiempo de lectura\" \/>\n\t<meta name=\"twitter:data1\" content=\"11 minutos\" \/>\n<script type=\"application\/ld+json\" class=\"yoast-schema-graph\">{\"@context\":\"https:\\\/\\\/schema.org\",\"@graph\":[{\"@type\":\"WebPage\",\"@id\":\"https:\\\/\\\/ayore.org\\\/es\\\/cultura\\\/ensenanzas\\\/ecarai-davide-nuestros-antepasados-temian-a-dupade\\\/\",\"url\":\"https:\\\/\\\/ayore.org\\\/es\\\/cultura\\\/ensenanzas\\\/ecarai-davide-nuestros-antepasados-temian-a-dupade\\\/\",\"name\":\"Ecarai (Davide\u0301) \u2013 Nuestros antepasados tem\u00edan a Dupade &#8226; AYORE.ORG\",\"isPartOf\":{\"@id\":\"https:\\\/\\\/ayore.org\\\/#website\"},\"datePublished\":\"2019-05-21T15:56:58+00:00\",\"dateModified\":\"2019-05-21T15:57:00+00:00\",\"breadcrumb\":{\"@id\":\"https:\\\/\\\/ayore.org\\\/es\\\/cultura\\\/ensenanzas\\\/ecarai-davide-nuestros-antepasados-temian-a-dupade\\\/#breadcrumb\"},\"inLanguage\":\"es-AR\",\"potentialAction\":[{\"@type\":\"ReadAction\",\"target\":[\"https:\\\/\\\/ayore.org\\\/es\\\/cultura\\\/ensenanzas\\\/ecarai-davide-nuestros-antepasados-temian-a-dupade\\\/\"]}]},{\"@type\":\"BreadcrumbList\",\"@id\":\"https:\\\/\\\/ayore.org\\\/es\\\/cultura\\\/ensenanzas\\\/ecarai-davide-nuestros-antepasados-temian-a-dupade\\\/#breadcrumb\",\"itemListElement\":[{\"@type\":\"ListItem\",\"position\":1,\"name\":\"Inicio\",\"item\":\"https:\\\/\\\/ayore.org\\\/es\\\/\"},{\"@type\":\"ListItem\",\"position\":2,\"name\":\"Cultura\",\"item\":\"https:\\\/\\\/ayore.org\\\/es\\\/cultura\\\/\"},{\"@type\":\"ListItem\",\"position\":3,\"name\":\"Ense\u00f1anzas\",\"item\":\"https:\\\/\\\/ayore.org\\\/es\\\/cultura\\\/ensenanzas\\\/\"},{\"@type\":\"ListItem\",\"position\":4,\"name\":\"Ecarai (Davide\u0301) \u2013 Nuestros antepasados tem\u00edan a Dupade\"}]},{\"@type\":\"WebSite\",\"@id\":\"https:\\\/\\\/ayore.org\\\/#website\",\"url\":\"https:\\\/\\\/ayore.org\\\/\",\"name\":\"AYORE.ORG\",\"description\":\"Idioma, Cultura e Historia de la Tribu Ayor\u00e9\",\"potentialAction\":[{\"@type\":\"SearchAction\",\"target\":{\"@type\":\"EntryPoint\",\"urlTemplate\":\"https:\\\/\\\/ayore.org\\\/?s={search_term_string}\"},\"query-input\":{\"@type\":\"PropertyValueSpecification\",\"valueRequired\":true,\"valueName\":\"search_term_string\"}}],\"inLanguage\":\"es-AR\"}]}<\/script>\n<!-- \/ Yoast SEO plugin. -->","yoast_head_json":{"title":"Ecarai (Davide\u0301) \u2013 Nuestros antepasados tem\u00edan a Dupade &#8226; AYORE.ORG","robots":{"index":"index","follow":"follow","max-snippet":"max-snippet:-1","max-image-preview":"max-image-preview:large","max-video-preview":"max-video-preview:-1"},"canonical":"https:\/\/ayore.org\/es\/cultura\/ensenanzas\/ecarai-davide-nuestros-antepasados-temian-a-dupade\/","og_locale":"es_ES","og_type":"article","og_title":"Ecarai (Davide\u0301) \u2013 Nuestros antepasados tem\u00edan a Dupade &#8226; AYORE.ORG","og_description":"Yocai ayor\u00e9, jnani bajade, ore todo Dupade Ecarai habla con Dupade:Te pido que nos hagas atentos a tu Palabra. Pero nuestros antepasados de ayor\u00e9 te tem\u00edan porque sab\u00edan que eres muy poderoso, Yoque Dupade. Pero aqu\u00ed estoy hablando confiadamente contigo.","og_url":"https:\/\/ayore.org\/es\/cultura\/ensenanzas\/ecarai-davide-nuestros-antepasados-temian-a-dupade\/","og_site_name":"AYORE.ORG","article_modified_time":"2019-05-21T15:57:00+00:00","twitter_card":"summary_large_image","twitter_misc":{"Tiempo de lectura":"11 minutos"},"schema":{"@context":"https:\/\/schema.org","@graph":[{"@type":"WebPage","@id":"https:\/\/ayore.org\/es\/cultura\/ensenanzas\/ecarai-davide-nuestros-antepasados-temian-a-dupade\/","url":"https:\/\/ayore.org\/es\/cultura\/ensenanzas\/ecarai-davide-nuestros-antepasados-temian-a-dupade\/","name":"Ecarai (Davide\u0301) \u2013 Nuestros antepasados tem\u00edan a Dupade &#8226; AYORE.ORG","isPartOf":{"@id":"https:\/\/ayore.org\/#website"},"datePublished":"2019-05-21T15:56:58+00:00","dateModified":"2019-05-21T15:57:00+00:00","breadcrumb":{"@id":"https:\/\/ayore.org\/es\/cultura\/ensenanzas\/ecarai-davide-nuestros-antepasados-temian-a-dupade\/#breadcrumb"},"inLanguage":"es-AR","potentialAction":[{"@type":"ReadAction","target":["https:\/\/ayore.org\/es\/cultura\/ensenanzas\/ecarai-davide-nuestros-antepasados-temian-a-dupade\/"]}]},{"@type":"BreadcrumbList","@id":"https:\/\/ayore.org\/es\/cultura\/ensenanzas\/ecarai-davide-nuestros-antepasados-temian-a-dupade\/#breadcrumb","itemListElement":[{"@type":"ListItem","position":1,"name":"Inicio","item":"https:\/\/ayore.org\/es\/"},{"@type":"ListItem","position":2,"name":"Cultura","item":"https:\/\/ayore.org\/es\/cultura\/"},{"@type":"ListItem","position":3,"name":"Ense\u00f1anzas","item":"https:\/\/ayore.org\/es\/cultura\/ensenanzas\/"},{"@type":"ListItem","position":4,"name":"Ecarai (Davide\u0301) \u2013 Nuestros antepasados tem\u00edan a Dupade"}]},{"@type":"WebSite","@id":"https:\/\/ayore.org\/#website","url":"https:\/\/ayore.org\/","name":"AYORE.ORG","description":"Idioma, Cultura e Historia de la Tribu Ayor\u00e9","potentialAction":[{"@type":"SearchAction","target":{"@type":"EntryPoint","urlTemplate":"https:\/\/ayore.org\/?s={search_term_string}"},"query-input":{"@type":"PropertyValueSpecification","valueRequired":true,"valueName":"search_term_string"}}],"inLanguage":"es-AR"}]}},"_links":{"self":[{"href":"https:\/\/ayore.org\/es\/wp-json\/wp\/v2\/pages\/3888","targetHints":{"allow":["GET"]}}],"collection":[{"href":"https:\/\/ayore.org\/es\/wp-json\/wp\/v2\/pages"}],"about":[{"href":"https:\/\/ayore.org\/es\/wp-json\/wp\/v2\/types\/page"}],"author":[{"embeddable":true,"href":"https:\/\/ayore.org\/es\/wp-json\/wp\/v2\/users\/5"}],"replies":[{"embeddable":true,"href":"https:\/\/ayore.org\/es\/wp-json\/wp\/v2\/comments?post=3888"}],"version-history":[{"count":2,"href":"https:\/\/ayore.org\/es\/wp-json\/wp\/v2\/pages\/3888\/revisions"}],"predecessor-version":[{"id":3890,"href":"https:\/\/ayore.org\/es\/wp-json\/wp\/v2\/pages\/3888\/revisions\/3890"}],"up":[{"embeddable":true,"href":"https:\/\/ayore.org\/es\/wp-json\/wp\/v2\/pages\/298"}],"wp:attachment":[{"href":"https:\/\/ayore.org\/es\/wp-json\/wp\/v2\/media?parent=3888"}],"curies":[{"name":"wp","href":"https:\/\/api.w.org\/{rel}","templated":true}]}}