{"id":3882,"date":"2019-05-21T15:29:38","date_gmt":"2019-05-21T15:29:38","guid":{"rendered":"https:\/\/ayore.org\/?page_id=3882"},"modified":"2019-05-21T15:29:40","modified_gmt":"2019-05-21T15:29:40","slug":"ecarai-davide-de-la-palabra-de-dupade-no-nos-falta-nada","status":"publish","type":"page","link":"https:\/\/ayore.org\/es\/cultura\/ensenanzas\/ecarai-davide-de-la-palabra-de-dupade-no-nos-falta-nada\/","title":{"rendered":"Ecarai (Davide\u0301) \u2013 De la Palabra de Dupade no nos falta nada"},"content":{"rendered":"\n<p><strong><em>No solo debemos leer, sino escuchar la Palabra de Dupade:<\/em><\/strong><br>Estoy muy agradecido por la <em>Palabra de<\/em> <em>Dupade<\/em> porque no nos falta nada. Hay cosas que faltan en otros libros en el mundo. Pero no de la <em>Palabra de<\/em> <em>Dupade<\/em>, nada falta en absoluto.<\/p>\n\n\n\n<p>\u00bfHay alguien en alg\u00fan lado que pueda decir:\n&#8216;La <em>Palabra de<\/em> <em>Dupade<\/em> se hizo de repente\u2019? \u00bfHay personas en alg\u00fan lado que, despu\u00e9s\nde ver que son pecadores, pueden hacer algo para deshacerse de su pecado? Por\nsupuesto, no, solo la <em>Palabra de<\/em> <em>Dupade<\/em> nos dice c\u00f3mo hacer eso, ya que\ncontiene las respuestas a todo.<\/p>\n\n\n\n<p>En las Escrituras se nos dice que la <em>Palabra de<\/em> <em>Dupade<\/em> es como un espejo, y creo que este es un ejemplo bueno y\npreciso, porque todos tienen un espejo en su casa. Mira su rostro en el espejo\ny ve que tiene algo en un lado de la cara; un lado est\u00e1 sucio, pero el otro\nlado est\u00e1 limpio. Y eso es lo que la <em>Palabra\nde<\/em> <em>Dupade<\/em> hace por nosotros\nmientras lo leemos: nos muestra toda la negrura que tenemos en nuestros\ncorazones. Cuando una persona no se mira en el espejo, no puede estar seguro de\nsi su rostro est\u00e1 limpio o no. Y as\u00ed es con la <em>Palabra de<\/em> <em>Dupade<\/em>, y\ncuando lo leemos, nos muestra cosas sobre nosotros mismos. Cuando le contamos a\n<em>Dupade<\/em> sobre las cosas malas que\nhemos hecho, nuestras mentiras, las cosas que hemos robado, es como lo que\nsucede cuando nos miramos en un espejo y vemos que tenemos una cara sucia.\nCuando lavamos nuestras caras en agua, la pr\u00f3xima vez que nos miramos en el\nespejo vemos que la suciedad se ha ido.<\/p>\n\n\n\n<p>Por lo tanto, la <em>Palabra de<\/em> <em>Dupade<\/em> explica estas cosas. Si alguien se mira en un espejo, podr\u00eda decir: &#8220;Estoy tan agradecido de que no haya suciedad&#8221;, dice. Y cuando alguien se mira a s\u00ed mismo en la <em>Palabra de<\/em> <em>Dupade<\/em> dice: &#8220;Estoy tan agradecido por las Palabras de <em>Dupade<\/em>, porque ahora no tengo nada de feo porque <em>Dupade<\/em> lo ha borrado&#8221;.<br><br><strong><em>Leer la Palabra de Dupade tambi\u00e9n nos impide pecar:<\/em><\/strong><br>Una persona podr\u00eda decirse a s\u00ed misma, &#8220;S\u00e9 que tiendo a mentir, pero cuando sigo leyendo la <em>Palabra de<\/em> <em>Dupade<\/em>, esto me impide mentir.\u201d Cuando esa persona siga leyendo la <em>Palabra de<\/em> <em>Dupade<\/em>, tambi\u00e9n podr\u00eda decir: &#8220;Tampoco coqueteo y juego ahora&#8221;.<\/p>\n\n\n\n<p>Cuando una persona lee algo sobre\n&#8220;mentir&#8221; en la <em>Palabra de<\/em> <em>Dupade<\/em>, \u00e9l puede decir: &#8220;No hay\nninguna mentira en m\u00ed en absoluto debido a este libro.\u201d Las Palabras de <em>Dupade<\/em> le muestran lo que es la mentira\ny lo que est\u00e1 en su coraz\u00f3n, y \u00e9l dice: &#8220;Estoy tan agradecido de que la\ntentaci\u00f3n de mentir todav\u00eda no me haya llegado, porque he superado la mentira\nporque estoy leyendo la <em>Palabra de<\/em> <em>Dupade<\/em> &#8220;.<\/p>\n\n\n\n<p><strong><em>Daniel tuvo un tipo de espejo hace mucho tiempo porque conoc\u00eda la Palabra de Dupade:<\/em><\/strong><br>Sabes que hace mucho tiempo hab\u00eda reyes poderosos que capturaron a Daniel y sus compatriotas, y Daniel les dijo a sus amigos: &#8220;Resistan las malas costumbres de esta gente, y no imitemos lo que hacen&#8221;.<br><br>Y <em>Dupade<\/em> nos dej\u00f3 en la tierra y todos somos como aquellos que se resistieron a este mundo como lo hicieron Dani\u00e9l y sus amigos. Los captores de Daniel dieron su comida a sus cautivos. Quer\u00edan que Daniel y sus compa\u00f1eros comieran su comida, que era una comida deliciosa. Les trajeron su comida, pero fue en vano. Los alcanzaron y les pusieron la comida delante de ellos, y les pidieron que la comieran, pero no la mirar\u00edan.<br><br>Daniel les dijo a sus compatriotas: &#8220;Resistan haciendo lo que quieren que hagan. No comamos su comida, porque la ofrecen primero a sus \u00eddolos antes de que la coman. Los \u00eddolos que ellos adoran son diferentes a el en quien nosotros creemos, as\u00ed que no los adoremos &#8220;. Daniel dijo: &#8220;El que creemos es <em>Dupade<\/em>, y \u00e9l es el \u00fanico a quien adoramos. \u00c9l mira todo lo que hacemos. No se pierde nada, porque est\u00e1 con nosotros donde sea que estemos &#8220;.<br><br>Deber\u00edamos ser como Daniel. Si una persona tiene un espejo, entonces no echar\u00e1 de menos ver lo que tiene en la cara. Por la ma\u00f1ana se mira a s\u00ed mismo. Y se mira a s\u00ed mismo al mediod\u00eda. Lo que \u00e9l quiere es no tener suciedad en su rostro.<br><br>Ahora, si esa persona no quiere nada feo en \u00e9l, lee las Palabras de <em>Dupade<\/em>. Y se dice a s\u00ed mismo: &#8220;Veo que <em>Dupade<\/em> proh\u00edbe las mentiras y otras cosas como robar&#8221;. Eso es lo que dice.<br><br>Esto explica la funci\u00f3n de un espejo. Por lo tanto, les digo que observen que, si alguien quiere una cara limpia, su espejo no se perder\u00e1 nada. Se lavar\u00e1 la cara y se mirar\u00e1 al espejo nuevamente y dir\u00e1: &#8220;Ahora est\u00e1 limpio. Estoy muy agradecido &#8220;.<\/p>\n\n\n\n<p>Y\ncuando se ponga el sol, y alguien abra la <em>Palabra\nde<\/em> <em>Dupade<\/em>, dir\u00e1: &#8220;Estoy\nagradecido por lo que me dice la <em>Palabra\nde<\/em> <em>Dupade<\/em>. Todav\u00eda no he mentido\nporque la <em>Palabra de<\/em> <em>Dupade<\/em> me lo impidi\u00f3. &#8221; (Salmos\n119: 11).<\/p>\n\n\n\n<p><strong><em>Dupade no quiere que abandonemos su palabra o que caiga de nuestras manos:<\/em><\/strong><br>Esto es lo que hace alguien que estudia los caminos de <em>Dupade<\/em>. \u00c9l no se pierde un d\u00eda sin leer la <em>Palabra de<\/em> <em>Dupade<\/em>. Y se dice a s\u00ed mismo: &#8220;Uno se entera de los caminos de <em>Dupade<\/em> al leer sus palabras. Y eso es lo que hace feliz a una persona. <em>Dupade<\/em> no quiere que su palabra caiga de nuestras manos porque son sus palabras las que nos hacen felices &#8220;.<br><br>Sabes que siempre te estoy hablando de un hombre que se fue al cielo. \u00c9l subi\u00f3 a una monta\u00f1a. Sus compa\u00f1eros creyentes le dijeron: &#8220;No te vayas a dormir en el camino hacia arriba&#8221;. Pero sigui\u00f3 y llev\u00f3 la <em>Palabra de<\/em> <em>Dupade<\/em> con \u00e9l. El <em>sue\u00f1o lo mat\u00f3<\/em> y, mientras dorm\u00eda, la <em>Palabra de<\/em> <em>Dupade<\/em> se le fue de las manos.<br><br>La <em>Palabra de<\/em> <em>Dupade<\/em> tambi\u00e9n dice esto: &#8220;Si no bajas la <em>Palabra de<\/em> <em>Dupade<\/em>, no saldr\u00e1 de tu cabeza. Podr\u00edamos pensar que ya conocemos las Palabras de <em>Dupade<\/em>, pero si las descuidamos, pueden alejarse de nosotros &#8220;.<br><br>El hombre que subi\u00f3 a la monta\u00f1a sab\u00eda que era la <em>Palabra de<\/em> <em>Dupade<\/em> lo que llevaba. Pero cuando se despert\u00f3, comenz\u00f3 a escalar de nuevo y descubri\u00f3 que la <em>Palabra de<\/em> <em>Dupade<\/em> no estaba en sus manos. Volvi\u00f3 a buscarlo, pero no pudo encontrarlo. La <em>Palabra de<\/em> <em>Dupade<\/em> no es algo para soltar, o caer\u00e1 de nuestras manos. No permitamos que el sue\u00f1o nos mate.&nbsp;<\/p>\n\n\n\n<p>Esto es todo lo que debo ense\u00f1arnos. Pero no olvidemos obedecer las ense\u00f1anzas que encontramos en la <em>Palabra de<\/em> <em>Dupade<\/em>.<br><br><strong><em>La Palabra de Dupade nos dice c\u00f3mo debemos dar regalos y c\u00f3mo debemos orar:<\/em><\/strong> (Mateo 6:4-6)<br>Si crees en <em>Dupade<\/em>, no presumas de ello. Es as\u00ed tambi\u00e9n cuando hablas con <em>Dupade<\/em>. Ora a tu padre <em>Dupade<\/em> dentro de tu casa, y solo <em>Dupade<\/em> te ver\u00e1. Es agradable para <em>Dupade<\/em> cuando alguien cree en \u00e9l y su fe no es algo que les muestra a todos para que lo elogien.<br><br>Es as\u00ed tambi\u00e9n cuando una persona le da algo a alguien. Cuando quiere jactarse de su generosidad, lo hace saber a todos. \u00c9l quiere que sus compatriotas lo alaben y digan cu\u00e1n generoso es. Por otro lado, aquellos de ustedes que no buscan la alabanza de los hombres, solo quieren que su Padre <em>Dupade<\/em> sea elogiado.<br><br>Esto me hace pensar en un momento en que est\u00e1bamos trabajando para cortar \u00e1rboles y dec\u00edan: &#8220;No est\u00e1n orando&#8221;. Pero la <em>Palabra de<\/em> <em>Dupade<\/em> nos dice que no debemos decirles a todos que estamos rezando. Entonces, cuando no anunciamos el hecho de que estamos orando en nuestras casas, nuestras oraciones se llevan a <em>Dupade<\/em> en el cielo.<br><br>Esta es mi ense\u00f1anza para nosotros. No s\u00e9 si a don Len u otra persona le gustar\u00eda decir algo. Tal vez alguien tiene un testimonio para compartir o quiere confesar su fe en el Hijo de <em>Dupade<\/em>. La <em>Palabra de<\/em> <em>Dupade<\/em> dice: &#8220;Dile a los dem\u00e1s si crees en Jes\u00fas. Tambi\u00e9n dice que confesemos nuestro pecado y pidamos a quienes hemos ofendido que nos perdonen. Entonces las cosas que han estado sosteniendo en sus corazones contra ti se ir\u00e1n, y estar\u00e1s en paz otra vez con ellos. &#8220;(Santiago 5:16)<\/p>\n\n\n\n<p><strong><em>Ecarai ora a Dupade:<\/em><\/strong><br>Su Palabra nos ha llegado como les hemos ense\u00f1ado a nuestros semejantes, y no nos hemos olvidado de ti, Yoqui-<em>Dupade<\/em>. Te agradezco por lo que tu palabra nos dice sobre lo que hacemos mal. Les decimos a ti y a tus creyentes acerca de estas cosas para que puedan perdonarnos. Pero especialmente que t\u00fa, Yoqui-<em>Dupade<\/em>, nos perdones nuestras mentiras y las cosas feas que hacemos, para que no nos dejes.<br><br>Por lo tanto, te pido esta tarde y te pido que nos cuides para que Satan\u00e1s no pueda tentarnos. Sabemos que la tierra de Satan\u00e1s es el pozo donde podr\u00edamos ir, Yoqui-<em>Dupade<\/em>. Pero si no nos olvidamos de ti, nos acompa\u00f1ar\u00e1s a donde quiera que vayamos, y Satan\u00e1s no podr\u00e1 quitarnos tu poder.<br><br>Yoqui-<em>Dupade<\/em>, ayuda a los hombres hoy en d\u00eda a ir a trabajar para ser fuertes en sus trabajos, y regocijarse de tener fuerza y \u200b\u200bsalud.<br><br>Yoqui-<em>Dupade<\/em>, tambi\u00e9n oro para que todas las mujeres sean felices. Y que se regocijar\u00e1n en tu Palabra.<br><br>Te pido que nos ayudes a detener nuestras viejas costumbres. S\u00e9 que los Ayoreos nos sentimos c\u00f3modos de ser como siempre lo hemos sido, pero les pido que coloquen su nueva vida en nuestros corazones, Yoqui-<em>Dupade<\/em>.<br><br>Yoqui-<em>Dupade<\/em>, ruego por todos los hombres en el bosque, que los ayudes ahora mismo, que nada les pase y que solo te querr\u00e1n. Puede ayudarlos a estar contentos con lo que ganar\u00e1n. Tambi\u00e9n esperamos alcanzarte en el cielo, cuando te acompa\u00f1amos all\u00ed, Yoqui-<em>Dupade<\/em>. Ay\u00fadenos a todos aqu\u00ed en nuestro pueblo, a no ponerte excusas y decirte: &#8220;No voy a la iglesia porque no me hablaron de la reuni\u00f3n&#8221;.<br><br>Pero nuestras ense\u00f1anzas sobre tu Hijo Jes\u00fas han llegado a toda la tierra. Cuando vuelvas, castigar\u00e1s a la tierra. Es por eso que estamos hablando contigo en este momento para que responda nuestras oraciones si creemos en ti. Borra la ira en nuestro pueblo, Yoqui-<em>Dupade<\/em>. Borra a los sordos de la gente de nuestro pueblo aqu\u00ed en Tobit\u00e9. Por lo tanto, te pido todas estas cosas en el nombre de tu Hijo Jes\u00fas. Am\u00e9n.<\/p>\n\n\n\n<p><strong><span style=\"text-decoration: underline;\">Clave:<\/span><\/strong><br>Dupade &#8211; Dios<br>La Palabra de Dupade &#8211; La Palabra de Dios<br>El sue\u00f1o mata a uno \u2013 Tener sue\u00f1o<br>Yoqui-Dupade &#8211; Nuestro Dios<br>Cuando se saca el d\u00eda &#8211; Amanecer<br>O\u00eddos sordos \u2013 Los que son desobediente<\/p>\n\n\n\n<p><a><em>Ecarai \u2013 Tobit\u00e9, Bolivia -1970<\/em><\/a><br><em>Transcrito y traducido por Maxine Morarie<\/em><\/p>\n\n\n<div class=\"navigation\"><div class=\"alignleft\"><a href=\"https:\/\/ayore.org\/es\/cultura\/ensenanzas\/ecarai-davide-jesus-oro-a-su-padre-por-sus-discipulos\/\"title=\"Ecarai (Davide\u0301) \u2013 Jes\u00fas or\u00f3 a su Padre por sus disc\u00edpulos\"><img loading=\"lazy\" decoding=\"async\" src=\"https:\/\/ayore.org\/wp-content\/uploads\/2018\/10\/left-arrow.png\" width=\"50\" height=\"48\" alt=\"left arrow\"><\/a><\/div><div class=\"alignright\"><a href=\"https:\/\/ayore.org\/es\/cultura\/ensenanzas\/ecarai-davide-nuestros-antepasados-temian-a-dupade\/\"title=\"Ecarai (Davide\u0301) \u2013 Nuestros antepasados tem\u00edan a Dupade\"><img loading=\"lazy\" decoding=\"async\" src=\"https:\/\/ayore.org\/wp-content\/uploads\/2018\/10\/right-arrow.png\" width=\"50\" height=\"48\" alt=\"right arrow\"><\/a><\/div>\n","protected":false},"excerpt":{"rendered":"<p>No solo debemos leer, sino escuchar la Palabra de Dupade:Estoy muy agradecido por la Palabra de Dupade porque no nos falta nada. Hay cosas que faltan en otros libros en el mundo. Pero no de la Palabra de Dupade, nada<\/p>\n","protected":false},"author":5,"featured_media":0,"parent":298,"menu_order":0,"comment_status":"closed","ping_status":"closed","template":"","meta":{"footnotes":""},"class_list":["post-3882","page","type-page","status-publish","hentry"],"yoast_head":"<!-- This site is optimized with the Yoast SEO plugin v27.4 - https:\/\/yoast.com\/product\/yoast-seo-wordpress\/ -->\n<title>Ecarai (Davide\u0301) \u2013 De la Palabra de Dupade no nos falta nada &#8226; AYORE.ORG<\/title>\n<meta name=\"robots\" content=\"index, follow, max-snippet:-1, max-image-preview:large, max-video-preview:-1\" \/>\n<link rel=\"canonical\" href=\"https:\/\/ayore.org\/es\/cultura\/ensenanzas\/ecarai-davide-de-la-palabra-de-dupade-no-nos-falta-nada\/\" \/>\n<meta property=\"og:locale\" content=\"es_ES\" \/>\n<meta property=\"og:type\" content=\"article\" \/>\n<meta property=\"og:title\" content=\"Ecarai (Davide\u0301) \u2013 De la Palabra de Dupade no nos falta nada &#8226; AYORE.ORG\" \/>\n<meta property=\"og:description\" content=\"No solo debemos leer, sino escuchar la Palabra de Dupade:Estoy muy agradecido por la Palabra de Dupade porque no nos falta nada. Hay cosas que faltan en otros libros en el mundo. Pero no de la Palabra de Dupade, nada\" \/>\n<meta property=\"og:url\" content=\"https:\/\/ayore.org\/es\/cultura\/ensenanzas\/ecarai-davide-de-la-palabra-de-dupade-no-nos-falta-nada\/\" \/>\n<meta property=\"og:site_name\" content=\"AYORE.ORG\" \/>\n<meta property=\"article:modified_time\" content=\"2019-05-21T15:29:40+00:00\" \/>\n<meta name=\"twitter:card\" content=\"summary_large_image\" \/>\n<meta name=\"twitter:label1\" content=\"Tiempo de lectura\" \/>\n\t<meta name=\"twitter:data1\" content=\"9 minutos\" \/>\n<script type=\"application\/ld+json\" class=\"yoast-schema-graph\">{\"@context\":\"https:\\\/\\\/schema.org\",\"@graph\":[{\"@type\":\"WebPage\",\"@id\":\"https:\\\/\\\/ayore.org\\\/es\\\/cultura\\\/ensenanzas\\\/ecarai-davide-de-la-palabra-de-dupade-no-nos-falta-nada\\\/\",\"url\":\"https:\\\/\\\/ayore.org\\\/es\\\/cultura\\\/ensenanzas\\\/ecarai-davide-de-la-palabra-de-dupade-no-nos-falta-nada\\\/\",\"name\":\"Ecarai (Davide\u0301) \u2013 De la Palabra de Dupade no nos falta nada &#8226; AYORE.ORG\",\"isPartOf\":{\"@id\":\"https:\\\/\\\/ayore.org\\\/#website\"},\"datePublished\":\"2019-05-21T15:29:38+00:00\",\"dateModified\":\"2019-05-21T15:29:40+00:00\",\"breadcrumb\":{\"@id\":\"https:\\\/\\\/ayore.org\\\/es\\\/cultura\\\/ensenanzas\\\/ecarai-davide-de-la-palabra-de-dupade-no-nos-falta-nada\\\/#breadcrumb\"},\"inLanguage\":\"es-AR\",\"potentialAction\":[{\"@type\":\"ReadAction\",\"target\":[\"https:\\\/\\\/ayore.org\\\/es\\\/cultura\\\/ensenanzas\\\/ecarai-davide-de-la-palabra-de-dupade-no-nos-falta-nada\\\/\"]}]},{\"@type\":\"BreadcrumbList\",\"@id\":\"https:\\\/\\\/ayore.org\\\/es\\\/cultura\\\/ensenanzas\\\/ecarai-davide-de-la-palabra-de-dupade-no-nos-falta-nada\\\/#breadcrumb\",\"itemListElement\":[{\"@type\":\"ListItem\",\"position\":1,\"name\":\"Inicio\",\"item\":\"https:\\\/\\\/ayore.org\\\/es\\\/\"},{\"@type\":\"ListItem\",\"position\":2,\"name\":\"Cultura\",\"item\":\"https:\\\/\\\/ayore.org\\\/es\\\/cultura\\\/\"},{\"@type\":\"ListItem\",\"position\":3,\"name\":\"Ense\u00f1anzas\",\"item\":\"https:\\\/\\\/ayore.org\\\/es\\\/cultura\\\/ensenanzas\\\/\"},{\"@type\":\"ListItem\",\"position\":4,\"name\":\"Ecarai (Davide\u0301) \u2013 De la Palabra de Dupade no nos falta nada\"}]},{\"@type\":\"WebSite\",\"@id\":\"https:\\\/\\\/ayore.org\\\/#website\",\"url\":\"https:\\\/\\\/ayore.org\\\/\",\"name\":\"AYORE.ORG\",\"description\":\"Idioma, Cultura e Historia de la Tribu Ayor\u00e9\",\"potentialAction\":[{\"@type\":\"SearchAction\",\"target\":{\"@type\":\"EntryPoint\",\"urlTemplate\":\"https:\\\/\\\/ayore.org\\\/?s={search_term_string}\"},\"query-input\":{\"@type\":\"PropertyValueSpecification\",\"valueRequired\":true,\"valueName\":\"search_term_string\"}}],\"inLanguage\":\"es-AR\"}]}<\/script>\n<!-- \/ Yoast SEO plugin. -->","yoast_head_json":{"title":"Ecarai (Davide\u0301) \u2013 De la Palabra de Dupade no nos falta nada &#8226; AYORE.ORG","robots":{"index":"index","follow":"follow","max-snippet":"max-snippet:-1","max-image-preview":"max-image-preview:large","max-video-preview":"max-video-preview:-1"},"canonical":"https:\/\/ayore.org\/es\/cultura\/ensenanzas\/ecarai-davide-de-la-palabra-de-dupade-no-nos-falta-nada\/","og_locale":"es_ES","og_type":"article","og_title":"Ecarai (Davide\u0301) \u2013 De la Palabra de Dupade no nos falta nada &#8226; AYORE.ORG","og_description":"No solo debemos leer, sino escuchar la Palabra de Dupade:Estoy muy agradecido por la Palabra de Dupade porque no nos falta nada. Hay cosas que faltan en otros libros en el mundo. Pero no de la Palabra de Dupade, nada","og_url":"https:\/\/ayore.org\/es\/cultura\/ensenanzas\/ecarai-davide-de-la-palabra-de-dupade-no-nos-falta-nada\/","og_site_name":"AYORE.ORG","article_modified_time":"2019-05-21T15:29:40+00:00","twitter_card":"summary_large_image","twitter_misc":{"Tiempo de lectura":"9 minutos"},"schema":{"@context":"https:\/\/schema.org","@graph":[{"@type":"WebPage","@id":"https:\/\/ayore.org\/es\/cultura\/ensenanzas\/ecarai-davide-de-la-palabra-de-dupade-no-nos-falta-nada\/","url":"https:\/\/ayore.org\/es\/cultura\/ensenanzas\/ecarai-davide-de-la-palabra-de-dupade-no-nos-falta-nada\/","name":"Ecarai (Davide\u0301) \u2013 De la Palabra de Dupade no nos falta nada &#8226; AYORE.ORG","isPartOf":{"@id":"https:\/\/ayore.org\/#website"},"datePublished":"2019-05-21T15:29:38+00:00","dateModified":"2019-05-21T15:29:40+00:00","breadcrumb":{"@id":"https:\/\/ayore.org\/es\/cultura\/ensenanzas\/ecarai-davide-de-la-palabra-de-dupade-no-nos-falta-nada\/#breadcrumb"},"inLanguage":"es-AR","potentialAction":[{"@type":"ReadAction","target":["https:\/\/ayore.org\/es\/cultura\/ensenanzas\/ecarai-davide-de-la-palabra-de-dupade-no-nos-falta-nada\/"]}]},{"@type":"BreadcrumbList","@id":"https:\/\/ayore.org\/es\/cultura\/ensenanzas\/ecarai-davide-de-la-palabra-de-dupade-no-nos-falta-nada\/#breadcrumb","itemListElement":[{"@type":"ListItem","position":1,"name":"Inicio","item":"https:\/\/ayore.org\/es\/"},{"@type":"ListItem","position":2,"name":"Cultura","item":"https:\/\/ayore.org\/es\/cultura\/"},{"@type":"ListItem","position":3,"name":"Ense\u00f1anzas","item":"https:\/\/ayore.org\/es\/cultura\/ensenanzas\/"},{"@type":"ListItem","position":4,"name":"Ecarai (Davide\u0301) \u2013 De la Palabra de Dupade no nos falta nada"}]},{"@type":"WebSite","@id":"https:\/\/ayore.org\/#website","url":"https:\/\/ayore.org\/","name":"AYORE.ORG","description":"Idioma, Cultura e Historia de la Tribu Ayor\u00e9","potentialAction":[{"@type":"SearchAction","target":{"@type":"EntryPoint","urlTemplate":"https:\/\/ayore.org\/?s={search_term_string}"},"query-input":{"@type":"PropertyValueSpecification","valueRequired":true,"valueName":"search_term_string"}}],"inLanguage":"es-AR"}]}},"_links":{"self":[{"href":"https:\/\/ayore.org\/es\/wp-json\/wp\/v2\/pages\/3882","targetHints":{"allow":["GET"]}}],"collection":[{"href":"https:\/\/ayore.org\/es\/wp-json\/wp\/v2\/pages"}],"about":[{"href":"https:\/\/ayore.org\/es\/wp-json\/wp\/v2\/types\/page"}],"author":[{"embeddable":true,"href":"https:\/\/ayore.org\/es\/wp-json\/wp\/v2\/users\/5"}],"replies":[{"embeddable":true,"href":"https:\/\/ayore.org\/es\/wp-json\/wp\/v2\/comments?post=3882"}],"version-history":[{"count":2,"href":"https:\/\/ayore.org\/es\/wp-json\/wp\/v2\/pages\/3882\/revisions"}],"predecessor-version":[{"id":3884,"href":"https:\/\/ayore.org\/es\/wp-json\/wp\/v2\/pages\/3882\/revisions\/3884"}],"up":[{"embeddable":true,"href":"https:\/\/ayore.org\/es\/wp-json\/wp\/v2\/pages\/298"}],"wp:attachment":[{"href":"https:\/\/ayore.org\/es\/wp-json\/wp\/v2\/media?parent=3882"}],"curies":[{"name":"wp","href":"https:\/\/api.w.org\/{rel}","templated":true}]}}