{"id":3874,"date":"2019-05-21T00:45:20","date_gmt":"2019-05-21T00:45:20","guid":{"rendered":"https:\/\/ayore.org\/?page_id=3874"},"modified":"2019-05-21T00:45:22","modified_gmt":"2019-05-21T00:45:22","slug":"ecarai-davide-jesus-oro-a-su-padre-por-sus-discipulos","status":"publish","type":"page","link":"https:\/\/ayore.org\/es\/cultura\/ensenanzas\/ecarai-davide-jesus-oro-a-su-padre-por-sus-discipulos\/","title":{"rendered":"Ecarai (Davide\u0301) \u2013 Jes\u00fas or\u00f3 a su Padre por sus disc\u00edpulos"},"content":{"rendered":"\n<p><em>Jes\u00fas catec\u00e3\u0301ri Day\u00e9 ome dacadigode<\/em><br><br><em>J<\/em><strong><em>es\u00fas or\u00f3 por sus disc\u00edpulos cuando estaba por irse al cielo:<\/em><\/strong><br>Estas son las palabras de Jes\u00fas de las que nos habla en <em>Juan 17<\/em> cuando pronto regresar\u00eda al cielo; mientras a\u00fan estaba en la tierra, or\u00f3 a su Padre por sus disc\u00edpulos. Or\u00f3 as\u00ed: \u201cPadre, voy a dejar a nuestros compatriotas aqu\u00ed en la tierra, estos moradores de la tierra. Vela por ellos cuando me vaya, as\u00ed como yo he cuidado de ellos estando aqu\u00ed. Les ense\u00f1\u00e9 acerca de tu Palabra y ellos han estado haciendo todas las cosas que les pediste que hicieran. He acabado la obra que me diste que hiciera aqu\u00ed en la tierra, as\u00ed que ahora estoy volviendo a ti. Mantenlos a salvo y no dejes que nada malo le suceda a ninguno de ellos.\u201d<\/p>\n\n\n\n<p><strong><em>Jes\u00fas explic\u00f3 que lo que su Padre dijo acerca de Judas suceder\u00eda: (Juan 17:12)<\/em><\/strong><br>\u00bfPor qu\u00e9 es que Jes\u00fas no dijo, &#8216;\u00bfNo perderemos ninguno de ellos, de acuerdo con las profec\u00edas en tu Palabra\u2019? Cuando Jes\u00fas estaba en la tierra, ten\u00eda doce disc\u00edpulos, y ninguno de ellos se perdi\u00f3. Pero despu\u00e9s dijo: \u201cAunque tengo doce disc\u00edpulos, uno se va a perder. Vamos a perder uno de ellos&#8221;.<br><br>Y \u00e9l dijo: \u201cPadre, yo todav\u00eda no he perdido ni uno de ellos. Pero Satan\u00e1s ha tomado uno de nosotros. Tu Palabra predijo que esto suceder\u00eda.\u201d<br><br>Creo que ustedes saben a quien se refer\u00eda Jes\u00fas cuando dijo que Satan\u00e1s tomar\u00eda a uno de los disc\u00edpulos y que le causar\u00eda su muerte. Ese disc\u00edpulo se arrojar\u00eda desde una alta monta\u00f1a, y sus intestinos estallar\u00edan de \u00e9l. (Hechos 1:18)<br>No es que <em>Dupade<\/em> odie a ninguno de sus creyentes si alguno de ellos falla. Pero posiblemente \u00e9l pruebe su fe. (Hebreos 12:11)<br><br>Lo que Judas hizo es diferente de cuando se cae en el pecado. Judas parec\u00eda amar mucho a Jes\u00fas, porque fue a todas partes con \u00e9l. Sirvi\u00f3 junto a Jes\u00fas. Se lo pudo ver comiendo con Jes\u00fas. Pero \u00e9l traicion\u00f3 a su maestro y trajo la condenaci\u00f3n sobre s\u00ed mismo. Y termin\u00f3 arroj\u00e1ndose desde un lugar alto y sus intestinos estallaron.<\/p>\n\n\n\n<p>Jes\u00fas no dijo: \u201cPadre, yo voy a dejar a mis disc\u00edpulos en la tierra porque ya termin\u00e9 con ellos.&#8221; No dijo esto, pero lo que dijo fue: \u201cPadre, yo voy ahora porque he completado todo lo que tu quer\u00edas que yo hiciera, no porque quiero dejar a los que creen en m\u00ed. As\u00ed que te ruego que cuides bien de ellos aqu\u00ed en la tierra&#8221;.<br><br>Pero Jes\u00fas dijo la verdad acerca de lo que la Palabra de <em>Dupade<\/em> dice de los creyentes que dan todo para predicar la Palabra de <em>Dupade<\/em>. Dice que aquellas personas no estar\u00e1n tristes cuando <em>Dupade<\/em> regrese. Y Jes\u00fas tambi\u00e9n dijo: \u201cNo hemos perdido a ninguno de los que me diste aqu\u00ed en la tierra, s\u00f3lo aquel que seg\u00fan tu Palabra que se perder\u00eda, solamente ese.&#8221;<br><br><strong><em>Jes\u00fas le dijo a su Padre Dupade que dejar\u00eda su Palabra con sus disc\u00edpulos:<\/em><\/strong><br>Es cierto lo que la Palabra de <em>Dupade<\/em> dice acerca de esto. En la oraci\u00f3n de Jes\u00fas, \u00e9l le dijo: \u201cPadre, t\u00fa me diste a estos creyentes, pero estoy a punto de irme y dejarlos atr\u00e1s, pero estoy dejando mis ense\u00f1anzas con ellos, las que se hallan en tu Palabra&#8221;.<br><br>Y sabemos que estas ense\u00f1anzas que Jes\u00fas les dej\u00f3 ir\u00edan con ellos cuando se fueran para llevar la Palabra de <em>Dupade<\/em> a otros lugares.<\/p>\n\n\n\n<p><strong><em>Dupade invita a todos en la tierra a venir a \u00e9l: <\/em><\/strong><em>(Mateo 22:14)<\/em><br>Y de la misma manera, nos est\u00e1 llamando a todos. \u00c9l incluye a todos los que ha colocado en este pueblo. Pero si una persona no presta atenci\u00f3n a la Palabra de <em>Dupade<\/em> y no escucha su llamado, llegar\u00e1 el d\u00eda en que esa persona dir\u00e1: &#8216;<em>Dupade<\/em>, \u00bfpor qu\u00e9 no has tenido piedad de m\u00ed y me has llamado a ti mismo?&#8217; <br><br>Pero la Palabra de Dupade lo explica de esta manera: &#8220;Los llam\u00e9 a todos ustedes para que vinieran a m\u00ed. Les hice saber que quer\u00eda llevarlos a todos ustedes a mi pueblo en el cielo, pero ustedes fueron los que se rehusaron a venir a m\u00ed. No estabas interesado en m\u00ed, &#8221; esto es lo que dice.<br><br>Es como lo que dijo Jes\u00fas cuando or\u00f3 a su Padre <em>Dupade<\/em>. \u00c9l dijo: &#8220;Les dije a ellos lo que dijiste, y ellos te obedecieron cuidadosamente. Y no perdimos a ninguno de nuestros disc\u00edpulos. Solo el que dijiste en tu Palabra, se perdi\u00f3. Porque ninguna de tus profec\u00edas falla en alcanzar el cumplimiento &#8220;.&nbsp;&nbsp;&nbsp;&nbsp;&nbsp;&nbsp;&nbsp;&nbsp;&nbsp;&nbsp;&nbsp;&nbsp; <br><br>Y eso es lo que nos dice en <em>Juan 17<\/em> acerca de lo que Jes\u00fas or\u00f3 a su Padre. \u00c9l dijo: &#8220;Padre, voy a dejar aquellos que me diste aqu\u00ed en la tierra, pero realmente no los voy a dejar, porque voy a dejar tu Palabra con ellos&#8221;.<\/p>\n\n\n\n<p><strong><em>Jes\u00fas tambi\u00e9n or\u00f3 por aquellos de nosotros que creer\u00edamos en \u00e9l en el futuro:<\/em><\/strong><br>Y es por eso que los misioneros vinieron a nosotros. Y aunque se han ido, han dejado la Palabra de Dupade aqu\u00ed con nosotros para que podamos ense\u00f1arnos el uno al otro. Y es como lo que dijo Jes\u00fas: &#8220;Dejo tu Palabra con ellos que contiene nuestras ense\u00f1anzas. Y aquellos que nos han recibido en sus corazones compartir\u00e1n estas ense\u00f1anzas el uno con el otro. &#8221; <em>(Juan 17:20-21)<\/em><br><br><strong><em>Los misioneros se han ido, pero han dejado la Palabra de Dupade con nosotros:<\/em><\/strong><br>Jes\u00fas dijo: &#8220;No voy a dejar a mis disc\u00edpulos con las manos vac\u00edas&#8221;. Y ha sido as\u00ed con los misioneros que se han ido de nuestras aldeas. No nos dejaron con las manos vac\u00edas. Nos dieron la Palabra de Dupade, y siguen pidiendo por nosotros para que Dupade nos cuide aqu\u00ed en nuestro pueblo ahora que se han ido. Y esto es lo que quiso decir Jes\u00fas cuando dijo: &#8220;Hay muchos a quienes he llamado, y siempre estoy orando por ellos, y les pido que me acompa\u00f1en al cielo&#8221;. <br><br><strong><em>Ecarai compara a la gente a ollas de barro:<\/em><\/strong><br>Es como una mujer que hace vasijas de barro; ella los forma muy bien. Luego ella hornea las ollas. Y luego los llena con agua, aunque todos se parecen, el agua se escapa de algunos de ellos. Los que tienen grietas no son buenos para nada.&nbsp;<br><br>Es as\u00ed con nosotros, porque todos tenemos la Palabra de Dupade, pero a algunos de nosotros no nos gusta, y somos como la olla con goteras que no retiene agua para que podamos beber de ella. Sin embargo, cuando alguien quiere la Palabra de Dupade, es como una hermosa olla de agua que est\u00e1 bien hecha y contiene agua. Es como una persona a quien el misionero le ha ense\u00f1ado las Palabras de Dupade, y lleva la Palabra de Dupade a otros lugares y les ense\u00f1a a nuestros compa\u00f1eros ayoreos acerca de Jes\u00fas y les dice: &#8220;Jes\u00fas nos cont\u00f3 todo sobre su pueblo en el cielo para que todos podamos ir a estar con \u00e9l &#8220;.<br><br> Pero la persona que no le gusta las palabras de <em>Dupade<\/em> podr\u00eda decir: &#8220;La idea de ir al cielo no es nada atractiva para m\u00ed&#8221;. Y las personas como esas son como ollas con goteras. Y esa persona dir\u00e1: &#8220;Voy a dejar que el agua me corra por el suelo a donde quiera ir, porque si se queda dentro de m\u00ed me enfriar\u00e1&#8221;. Y a pesar de que est\u00e1 lleno de agua potable, se derrama en el suelo. As\u00ed es con la Palabra de Dupade: cuando se ense\u00f1a, entra en una persona, pero si no encuentra un lugar en el coraz\u00f3n de esa persona, se sale de \u00e9l. <br><br><strong><em>Jes\u00fas se ir\u00eda, pero la palabra de su Padre permanecer\u00eda para que otros puedan ser ense\u00f1ados:<\/em><\/strong><br>Por lo tanto, Jes\u00fas le dijo esto a su Padre: &#8220;Ahora voy a dejar a nuestros semejantes, pero tu Palabra todav\u00eda estar\u00e1 con ellos y muchos m\u00e1s creer\u00e1n en nosotros debido a mis ense\u00f1anzas. Y los sanar\u00e9. Y creer\u00e1n en ti cuando quite su pecado y su enfermedad &#8220;.<br><br>Jes\u00fas le dijo a su Padre: &#8220;Padre, te estoy pidiendo que no los saques del mundo, pero mientras est\u00e9n en el mundo, prot\u00e9gelos de Satan\u00e1s por tu poder y entonces un d\u00eda todos estaremos juntos en tu ciudad en el cielo cuando nos llevas all\u00ed &#8220;. Esta fue la oraci\u00f3n de Jes\u00fas. <em>(Juan 17:15)<\/em> Es todo.&nbsp;<\/p>\n\n\n\n<p><em>Ecarai &#8211; Tobit\u00e9, Bolivia &#8211; 1970<\/em><br><em>Transcrito y traducido por: Maxine Morarie<\/em><\/p>\n\n\n<div class=\"navigation\"><div class=\"alignleft\"><a href=\"https:\/\/ayore.org\/es\/cultura\/ensenanzas\/ecarai-davide-jesus-ilustraba-sus-lecciones\/\"title=\"Ecarai (Davide\u0301) \u2013 Jesus ilustraba sus lecciones\"><img loading=\"lazy\" decoding=\"async\" src=\"https:\/\/ayore.org\/wp-content\/uploads\/2018\/10\/left-arrow.png\" width=\"50\" height=\"48\" alt=\"left arrow\"><\/a><\/div><div class=\"alignright\"><a href=\"https:\/\/ayore.org\/es\/cultura\/ensenanzas\/ecarai-davide-de-la-palabra-de-dupade-no-nos-falta-nada\/\"title=\"Ecarai (Davide\u0301) \u2013 De la Palabra de Dupade no nos falta nada\"><img loading=\"lazy\" decoding=\"async\" src=\"https:\/\/ayore.org\/wp-content\/uploads\/2018\/10\/right-arrow.png\" width=\"50\" height=\"48\" alt=\"right arrow\"><\/a><\/div>\n","protected":false},"excerpt":{"rendered":"<p>Jes\u00fas catec\u00e3\u0301ri Day\u00e9 ome dacadigode Jes\u00fas or\u00f3 por sus disc\u00edpulos cuando estaba por irse al cielo:Estas son las palabras de Jes\u00fas de las que nos habla en Juan 17 cuando pronto regresar\u00eda al cielo; mientras a\u00fan estaba en la tierra,<\/p>\n","protected":false},"author":5,"featured_media":0,"parent":298,"menu_order":0,"comment_status":"closed","ping_status":"closed","template":"","meta":{"footnotes":""},"class_list":["post-3874","page","type-page","status-publish","hentry"],"yoast_head":"<!-- This site is optimized with the Yoast SEO plugin v27.4 - https:\/\/yoast.com\/product\/yoast-seo-wordpress\/ -->\n<title>Ecarai (Davide\u0301) \u2013 Jes\u00fas or\u00f3 a su Padre por sus disc\u00edpulos &#8226; AYORE.ORG<\/title>\n<meta name=\"robots\" content=\"index, follow, max-snippet:-1, max-image-preview:large, max-video-preview:-1\" \/>\n<link rel=\"canonical\" href=\"https:\/\/ayore.org\/es\/cultura\/ensenanzas\/ecarai-davide-jesus-oro-a-su-padre-por-sus-discipulos\/\" \/>\n<meta property=\"og:locale\" content=\"es_ES\" \/>\n<meta property=\"og:type\" content=\"article\" \/>\n<meta property=\"og:title\" content=\"Ecarai (Davide\u0301) \u2013 Jes\u00fas or\u00f3 a su Padre por sus disc\u00edpulos &#8226; AYORE.ORG\" \/>\n<meta property=\"og:description\" content=\"Jes\u00fas catec\u00e3\u0301ri Day\u00e9 ome dacadigode Jes\u00fas or\u00f3 por sus disc\u00edpulos cuando estaba por irse al cielo:Estas son las palabras de Jes\u00fas de las que nos habla en Juan 17 cuando pronto regresar\u00eda al cielo; mientras a\u00fan estaba en la tierra,\" \/>\n<meta property=\"og:url\" content=\"https:\/\/ayore.org\/es\/cultura\/ensenanzas\/ecarai-davide-jesus-oro-a-su-padre-por-sus-discipulos\/\" \/>\n<meta property=\"og:site_name\" content=\"AYORE.ORG\" \/>\n<meta property=\"article:modified_time\" content=\"2019-05-21T00:45:22+00:00\" \/>\n<meta name=\"twitter:card\" content=\"summary_large_image\" \/>\n<meta name=\"twitter:label1\" content=\"Tiempo de lectura\" \/>\n\t<meta name=\"twitter:data1\" content=\"8 minutos\" \/>\n<script type=\"application\/ld+json\" class=\"yoast-schema-graph\">{\"@context\":\"https:\\\/\\\/schema.org\",\"@graph\":[{\"@type\":\"WebPage\",\"@id\":\"https:\\\/\\\/ayore.org\\\/es\\\/cultura\\\/ensenanzas\\\/ecarai-davide-jesus-oro-a-su-padre-por-sus-discipulos\\\/\",\"url\":\"https:\\\/\\\/ayore.org\\\/es\\\/cultura\\\/ensenanzas\\\/ecarai-davide-jesus-oro-a-su-padre-por-sus-discipulos\\\/\",\"name\":\"Ecarai (Davide\u0301) \u2013 Jes\u00fas or\u00f3 a su Padre por sus disc\u00edpulos &#8226; AYORE.ORG\",\"isPartOf\":{\"@id\":\"https:\\\/\\\/ayore.org\\\/#website\"},\"datePublished\":\"2019-05-21T00:45:20+00:00\",\"dateModified\":\"2019-05-21T00:45:22+00:00\",\"breadcrumb\":{\"@id\":\"https:\\\/\\\/ayore.org\\\/es\\\/cultura\\\/ensenanzas\\\/ecarai-davide-jesus-oro-a-su-padre-por-sus-discipulos\\\/#breadcrumb\"},\"inLanguage\":\"es-AR\",\"potentialAction\":[{\"@type\":\"ReadAction\",\"target\":[\"https:\\\/\\\/ayore.org\\\/es\\\/cultura\\\/ensenanzas\\\/ecarai-davide-jesus-oro-a-su-padre-por-sus-discipulos\\\/\"]}]},{\"@type\":\"BreadcrumbList\",\"@id\":\"https:\\\/\\\/ayore.org\\\/es\\\/cultura\\\/ensenanzas\\\/ecarai-davide-jesus-oro-a-su-padre-por-sus-discipulos\\\/#breadcrumb\",\"itemListElement\":[{\"@type\":\"ListItem\",\"position\":1,\"name\":\"Inicio\",\"item\":\"https:\\\/\\\/ayore.org\\\/es\\\/\"},{\"@type\":\"ListItem\",\"position\":2,\"name\":\"Cultura\",\"item\":\"https:\\\/\\\/ayore.org\\\/es\\\/cultura\\\/\"},{\"@type\":\"ListItem\",\"position\":3,\"name\":\"Ense\u00f1anzas\",\"item\":\"https:\\\/\\\/ayore.org\\\/es\\\/cultura\\\/ensenanzas\\\/\"},{\"@type\":\"ListItem\",\"position\":4,\"name\":\"Ecarai (Davide\u0301) \u2013 Jes\u00fas or\u00f3 a su Padre por sus disc\u00edpulos\"}]},{\"@type\":\"WebSite\",\"@id\":\"https:\\\/\\\/ayore.org\\\/#website\",\"url\":\"https:\\\/\\\/ayore.org\\\/\",\"name\":\"AYORE.ORG\",\"description\":\"Idioma, Cultura e Historia de la Tribu Ayor\u00e9\",\"potentialAction\":[{\"@type\":\"SearchAction\",\"target\":{\"@type\":\"EntryPoint\",\"urlTemplate\":\"https:\\\/\\\/ayore.org\\\/?s={search_term_string}\"},\"query-input\":{\"@type\":\"PropertyValueSpecification\",\"valueRequired\":true,\"valueName\":\"search_term_string\"}}],\"inLanguage\":\"es-AR\"}]}<\/script>\n<!-- \/ Yoast SEO plugin. -->","yoast_head_json":{"title":"Ecarai (Davide\u0301) \u2013 Jes\u00fas or\u00f3 a su Padre por sus disc\u00edpulos &#8226; AYORE.ORG","robots":{"index":"index","follow":"follow","max-snippet":"max-snippet:-1","max-image-preview":"max-image-preview:large","max-video-preview":"max-video-preview:-1"},"canonical":"https:\/\/ayore.org\/es\/cultura\/ensenanzas\/ecarai-davide-jesus-oro-a-su-padre-por-sus-discipulos\/","og_locale":"es_ES","og_type":"article","og_title":"Ecarai (Davide\u0301) \u2013 Jes\u00fas or\u00f3 a su Padre por sus disc\u00edpulos &#8226; AYORE.ORG","og_description":"Jes\u00fas catec\u00e3\u0301ri Day\u00e9 ome dacadigode Jes\u00fas or\u00f3 por sus disc\u00edpulos cuando estaba por irse al cielo:Estas son las palabras de Jes\u00fas de las que nos habla en Juan 17 cuando pronto regresar\u00eda al cielo; mientras a\u00fan estaba en la tierra,","og_url":"https:\/\/ayore.org\/es\/cultura\/ensenanzas\/ecarai-davide-jesus-oro-a-su-padre-por-sus-discipulos\/","og_site_name":"AYORE.ORG","article_modified_time":"2019-05-21T00:45:22+00:00","twitter_card":"summary_large_image","twitter_misc":{"Tiempo de lectura":"8 minutos"},"schema":{"@context":"https:\/\/schema.org","@graph":[{"@type":"WebPage","@id":"https:\/\/ayore.org\/es\/cultura\/ensenanzas\/ecarai-davide-jesus-oro-a-su-padre-por-sus-discipulos\/","url":"https:\/\/ayore.org\/es\/cultura\/ensenanzas\/ecarai-davide-jesus-oro-a-su-padre-por-sus-discipulos\/","name":"Ecarai (Davide\u0301) \u2013 Jes\u00fas or\u00f3 a su Padre por sus disc\u00edpulos &#8226; AYORE.ORG","isPartOf":{"@id":"https:\/\/ayore.org\/#website"},"datePublished":"2019-05-21T00:45:20+00:00","dateModified":"2019-05-21T00:45:22+00:00","breadcrumb":{"@id":"https:\/\/ayore.org\/es\/cultura\/ensenanzas\/ecarai-davide-jesus-oro-a-su-padre-por-sus-discipulos\/#breadcrumb"},"inLanguage":"es-AR","potentialAction":[{"@type":"ReadAction","target":["https:\/\/ayore.org\/es\/cultura\/ensenanzas\/ecarai-davide-jesus-oro-a-su-padre-por-sus-discipulos\/"]}]},{"@type":"BreadcrumbList","@id":"https:\/\/ayore.org\/es\/cultura\/ensenanzas\/ecarai-davide-jesus-oro-a-su-padre-por-sus-discipulos\/#breadcrumb","itemListElement":[{"@type":"ListItem","position":1,"name":"Inicio","item":"https:\/\/ayore.org\/es\/"},{"@type":"ListItem","position":2,"name":"Cultura","item":"https:\/\/ayore.org\/es\/cultura\/"},{"@type":"ListItem","position":3,"name":"Ense\u00f1anzas","item":"https:\/\/ayore.org\/es\/cultura\/ensenanzas\/"},{"@type":"ListItem","position":4,"name":"Ecarai (Davide\u0301) \u2013 Jes\u00fas or\u00f3 a su Padre por sus disc\u00edpulos"}]},{"@type":"WebSite","@id":"https:\/\/ayore.org\/#website","url":"https:\/\/ayore.org\/","name":"AYORE.ORG","description":"Idioma, Cultura e Historia de la Tribu Ayor\u00e9","potentialAction":[{"@type":"SearchAction","target":{"@type":"EntryPoint","urlTemplate":"https:\/\/ayore.org\/?s={search_term_string}"},"query-input":{"@type":"PropertyValueSpecification","valueRequired":true,"valueName":"search_term_string"}}],"inLanguage":"es-AR"}]}},"_links":{"self":[{"href":"https:\/\/ayore.org\/es\/wp-json\/wp\/v2\/pages\/3874","targetHints":{"allow":["GET"]}}],"collection":[{"href":"https:\/\/ayore.org\/es\/wp-json\/wp\/v2\/pages"}],"about":[{"href":"https:\/\/ayore.org\/es\/wp-json\/wp\/v2\/types\/page"}],"author":[{"embeddable":true,"href":"https:\/\/ayore.org\/es\/wp-json\/wp\/v2\/users\/5"}],"replies":[{"embeddable":true,"href":"https:\/\/ayore.org\/es\/wp-json\/wp\/v2\/comments?post=3874"}],"version-history":[{"count":2,"href":"https:\/\/ayore.org\/es\/wp-json\/wp\/v2\/pages\/3874\/revisions"}],"predecessor-version":[{"id":3876,"href":"https:\/\/ayore.org\/es\/wp-json\/wp\/v2\/pages\/3874\/revisions\/3876"}],"up":[{"embeddable":true,"href":"https:\/\/ayore.org\/es\/wp-json\/wp\/v2\/pages\/298"}],"wp:attachment":[{"href":"https:\/\/ayore.org\/es\/wp-json\/wp\/v2\/media?parent=3874"}],"curies":[{"name":"wp","href":"https:\/\/api.w.org\/{rel}","templated":true}]}}