{"id":3867,"date":"2019-05-20T23:54:18","date_gmt":"2019-05-20T23:54:18","guid":{"rendered":"https:\/\/ayore.org\/?page_id=3867"},"modified":"2019-05-20T23:54:19","modified_gmt":"2019-05-20T23:54:19","slug":"ecarai-davide-jesus-ilustraba-sus-lecciones","status":"publish","type":"page","link":"https:\/\/ayore.org\/es\/cultura\/ensenanzas\/ecarai-davide-jesus-ilustraba-sus-lecciones\/","title":{"rendered":"Ecarai (Davide\u0301) \u2013 Jesus ilustraba sus lecciones"},"content":{"rendered":"\n<p><em>Jes\u00fas\nchac\u00e3ra dacajnaqu\u00e9ode aja cuchade<\/em><\/p>\n\n\n\n<p><strong><em>Las ilustraciones que Jes\u00fas us\u00f3 en sus ense\u00f1anzas fueron llamadas \u2018par\u00e1bolas\u2019:<\/em><\/strong><br>Hace mucho tiempo, cuando Jes\u00fas ense\u00f1aba a la gente, usaba <em>par\u00e1bolas<\/em> en sus ense\u00f1anzas, historias simples para ilustrar una lecci\u00f3n espiritual. Pero la gente no entend\u00eda las par\u00e1bolas. Por lo tanto, ellos dec\u00edan a Jes\u00fas: \u201c\u00bfQu\u00e9 significan tus ense\u00f1anzas? No entendemos.\u201d<\/p>\n\n\n\n<p>Un d\u00eda Jes\u00fas us\u00f3 una <em>par\u00e1bola<\/em> como \u00e9sta: \u201cUn agricultor plant\u00f3 semillas. Pero los p\u00e1jaros vinieron y se comieron las semillas tan pronto como el agricultor las sembr\u00f3.\u201d Pero la gente no entend\u00eda el significado de la <em>par\u00e1bola.<\/em> <em>(Mateo 13:14,15)<\/em><br><br>Y as\u00ed fue como Jes\u00fas continu\u00f3 ense\u00f1ando con <em>par\u00e1bolas<\/em>. Era la forma en que Jes\u00fas dijo las cosas para que algunos no entendieran. No s\u00e9 si fue de esa manera, pero creo que s\u00ed, porque Jes\u00fas dijo: \u201cDadles <em>par\u00e1bolas<\/em>, y si las descifran, entender\u00e1n r\u00e1pidamente lo que estamos ense\u00f1ando. Si ignoran mis ense\u00f1anzas como tonter\u00edas, entonces sabremos que ellos tambi\u00e9n piensan que no soy alguien a quien prestarle atenci\u00f3n, y de personas as\u00ed ocultar\u00e9 el significado de mis mensajes\u201d. <br><br><strong><em>Entonces Jes\u00fas explic\u00f3 su ense\u00f1anza a sus disc\u00edpulos:<\/em><\/strong><br>Les dijo: \u201cEl agricultor es el que lleva la <em>Palabra de<\/em> <em>Dupade<\/em> a los pueblos del mundo, y predica la <em>Palabra de<\/em> <em>Dupade<\/em> para ellos. Pero las aves son Satan\u00e1s y sus demonios que van a donde la <em>Palabra de<\/em> <em>Dupade<\/em> ha sido plantada en los corazones de la gente &#8211; ayoreos y <em>coj\u00f1one<\/em> (los que no son ayoreos). Satan\u00e1s y sus demonios arrancan la <em>Palabra de Dupade <\/em>de los corazones de la gente. (Ellos no literalmente comen, pero le ponen un disgusto por la Palabra para que no crean las ense\u00f1anzas.) Las semillas representan la <em>Palabra de<\/em> <em>Dupade<\/em> que Satan\u00e1s y sus demonios arrancan de los corazones de las personas\u201d.<br><br>Jes\u00fas continu\u00f3 explicando la par\u00e1bola y dijo: \u201cNotar\u00e1n que, en la par\u00e1bola que di, un agricultor sembr\u00f3 semillas y algunas cayeron en la maleza, y a medida que las malezas crec\u00edan, vencieron a las plantas que surgieron y todos murieron. Esto es como la persona que escucha la <em>Palabra de<\/em> <em>Dupade<\/em>, pero su mente siempre est\u00e1 centrada en las cosas mundanas, y as\u00ed es como olvida por completo mi Palabra\u201d. <br><br>Y as\u00ed es como Satan\u00e1s borra la <em>Palabra de<\/em> <em>Dupade<\/em> de nuestros corazones, ya sea que seamos ayoreos o <em>coj\u00f1one<\/em>. Y cuando nos hace olvidar la <em>Palabra de<\/em> <em>Dupade<\/em>, solo pensamos en las cosas de este mundo; es como lo que les sucedi\u00f3 a las plantas del agricultor \u2013 las malas hierbas las vencieron y causaron su muerte.&nbsp;<\/p>\n\n\n\n<p><strong><em>Jes\u00fas quiere que la Palabra de Dupade encuentre un lugar en nuestros corazones:<\/em><\/strong><em>&nbsp;<\/em><br>Y Jes\u00fas dijo: \u201cYa que yo he plantado mis ense\u00f1anzas en los corazones de mis creyentes, ahora puedo dejarlos, sabiendo que no les faltar\u00e1n mi Palabra y que puede sostenerles aqu\u00ed en este mundo.\u201d <br><br>Cuando Jes\u00fas dej\u00f3 a su Padre en el cielo hace mucho tiempo para venir a la tierra, estoy seguro de que estaba triste. Y cuando se iba de nuevo al cielo, estoy seguro de que sus creyentes estaban tristes de verlo partir. Pero habr\u00e1 otro momento de tristeza cuando regrese para llevar a sus creyentes con \u00e9l al cielo, porque los incr\u00e9dulos los ver\u00e1n partir y estar\u00e1n tristes porque se han quedado atr\u00e1s.<br><br><strong><em>Jes\u00fas les dijo a sus creyentes, llevan el evangelio a todo el mundo:&nbsp;&nbsp;&nbsp;&nbsp;&nbsp;&nbsp;&nbsp;&nbsp;&nbsp;&nbsp; <\/em><\/strong>El d\u00eda en que los dej\u00f3, Jes\u00fas les dijo que obedecieran la <em>Palabra de<\/em> <em>Dupade<\/em> y que llevaran las noticias sobre \u00e9l al mundo entero. Y lo que \u00e9l les dijo que hicieran se aplica a nosotros hoy. \u00c9l quiere que prediquemos las buenas nuevas a personas como nosotros en todo el mundo y les haga saber que \u00e9l va a regresar de nuevo. Debemos aprovechar cada oportunidad para predicar la <em>Palabra de<\/em> <em>Dupade<\/em>. No creo que esto signifique que solo ense\u00f1emos a algunas personas, aqu\u00ed y all\u00e1, cuando sea conveniente. Es algo que tenemos que hacer con todos nuestros corazones. <em>(Hechos 1:8)<\/em><br><br>Y despu\u00e9s de haber dicho estas cosas, fue levantado mientras miraban, y una nube lo recibi\u00f3 fuera de su vista. Y mientras miraban fijamente el cielo mientras \u00c9l iba, he aqu\u00ed, dos hombres vestidos de blanco estaban junto a ellos. Ellos dijeron: \u201cGalileos, \u00bfpor qu\u00e9 se han quedado mirando al cielo? Este mismo Jes\u00fas que estuvo entre ustedes y que ha sido llevado al cielo, vendr\u00e1 otra vez de la misma manera que lo han visto irse all\u00e1.\u201d<em> (Hechos 1:10-11)<\/em><br><br><strong><em>El Esp\u00edritu Santo nos ayuda a decirles a otros sobre Jes\u00fas y su Palabra:<\/em><\/strong><br>Despu\u00e9s de que Jes\u00fas se fue al cielo, lo echaron de menos, y se dieron cuenta de que realmente se hab\u00eda ido de ellos y que no pod\u00edan hacer nada al respecto. Se reunieron dentro de una casa. Y ellos oraron. Pero mientras estaban orando, de repente el <em>Poder de<\/em> <em>Dupade<\/em> el Esp\u00edritu Santo vino sobre ellos y ellos sab\u00edan c\u00f3mo hablar, y comenzaron a hablarle a la gente, incluso en otros idiomas, acerca de Jes\u00fas. Y la gente se sorprendi\u00f3 de que pudieran hablar en todos sus diferentes idiomas, a pesar de que no eran sus propios idiomas.<\/p>\n\n\n\n<p><strong><em>Cuando Jes\u00fas regrese, las personas que se queden atr\u00e1s estar\u00e1n muy tristes:<\/em><\/strong><br>Por lo tanto, Jes\u00fas podr\u00eda decirnos: \u201cCuando regrese, podr\u00eda encontrar a algunas personas durmiendo durante la noche en las selvas para cazar miel. Podr\u00eda encontrar a dos personas viajando en la jungla cuando de repente tome uno de ellos. Puede que encuentre una pareja casada durmiendo. La joven esposa cree en m\u00ed, pero su esposo no cree en m\u00ed. Y dejar\u00e9 al marido en su cama, pero tomar\u00e9 a su esposa que cree en <em>Dupade<\/em>\u201d.<\/p>\n\n\n\n<p>Ser\u00e1\nun momento triste para algunas personas cuando Jes\u00fas regrese. Si un esposo o\nuna esposa se queda atr\u00e1s, ser\u00e1n separados eternamente. Tambi\u00e9n ser\u00e1 muy triste\npara quienes han pensado que sus buenas obras podr\u00edan salvarlos. Descubrir\u00e1n\nque se han enga\u00f1ado a s\u00ed mismos, porque solo Jes\u00fas puede salvar a las personas,\nno sus buenas obras.<em>\n(Efesios 2:8-9)<\/em><strong><em><\/em><\/strong><\/p>\n\n\n\n<p>Lo que Jes\u00fas quiso decir fue esto: \u201cTuvieron la oportunidad de venir a m\u00ed para que yo pudiera perdonar sus pecados, pero eran demasiado orgullosos y se jactaban de todas las cosas que hab\u00edan hecho. Pensaron que pod\u00edan ocultar sus pecados y se negaron a venir a m\u00ed para perdonarlos\u201d. Por eso Jes\u00fas les dir\u00e1: \u201cAl\u00e9jate de m\u00ed, no te conozco. Tus pecados todav\u00eda est\u00e1n contigo, porque no me has pedido que los perdone\u201d.<\/p>\n\n\n\n<p><strong><em>Sabemos que solo la sangre de Jes\u00fas puede quitar el pecado:<\/em><\/strong><br>Por lo tanto, cuando la gente oculta su pecado, permanece en ellos. Por lo tanto, Jes\u00fas les dir\u00e1 a todos los que son orgullosos: \u201cNo te conozco. Vete y d\u00e9jame porque todav\u00eda est\u00e1s en tus pecados\u201d.<em> (Romanos 1:18-21)<\/em><\/p>\n\n\n\n<p><strong><em>Algunas personas sienten que las cosas que han hecho son tan malas que Jes\u00fas no las puede perdonar:<\/em><\/strong><br>Que ninguna persona, ayor\u00e9 o <em>coj\u00f1oi<\/em>, diga esto: \u201cNo he puesto mi fe en Jes\u00fas, y eso es porque soy un asesino. Jes\u00fas dice que perdonar\u00e1 todos los pecados, pero no creo que eso incluya los tipos de pecados que yo he cometido; son muy malos\u201d.<br><br>Si alguien piensa de esta manera, esa persona est\u00e1 equivocada. Digamos que le debemos a <em>Dupade<\/em> por ignorar sus mandamientos. Y estamos enfrentando un castigo. Pero debido a que Jes\u00fas pag\u00f3 la deuda que ten\u00edamos por nuestros pecados cuando muri\u00f3 en la cruz por nosotros, <em>Dupade<\/em> puede perdonar nuestra deuda y no le debemos nada m\u00e1s.<em> (Romanos 3:25-26)<\/em><br><br><strong><em>Jes\u00fas es todopoderoso, y ha vencido todo en este mundo: <\/em><\/strong><br>Jes\u00fas nos ha dicho que todo el poder le ha sido dado en el cielo y en la tierra, por lo que tiene poder sobre los mares. Has o\u00eddo hablar de eso, estoy seguro, de c\u00f3mo incluso camin\u00f3 sobre las aguas de un gran mar. Y us\u00f3 el poder de <em>Dupade<\/em> cuando viaj\u00f3 milagrosamente a trav\u00e9s del mar y lleg\u00f3 a sus disc\u00edpulos que estaban en su bote. Y eso no es todo, Jes\u00fas incluso venci\u00f3 a la muerte.<\/p>\n\n\n\n<p>Sabemos que las ense\u00f1anzas de Jes\u00fas han recorrido todo el mundo. Entonces nadie puede decir: &#8216;No sabemos nada de <em>Dupade<\/em> ni de lo que ha dicho, por lo que no hemos cre\u00eddo en \u00e9l&#8217;.<\/p>\n\n\n\n<p>&nbsp;&nbsp;&nbsp;&nbsp;&nbsp;&nbsp;&nbsp;&nbsp;&nbsp;&nbsp;&nbsp;&nbsp; Pero estos dichos de\nJes\u00fas no son dif\u00edciles de entender. Somos ayoreos y nuestras palabras son\nconocidas. Las ense\u00f1anzas de Jes\u00fas son conocidas por nosotros en nuestro propio\nidioma. Entonces, si alguno de nosotros a\u00fan no ha cre\u00eddo en <em>Dupade<\/em>, pero ahora quiere creer, todav\u00eda\nhay tiempo para que usted diga: \u201cVengo ante ti, Jes\u00fas, y quiero que te lleves\ntodos mis pecados y los arrojes en las profundidades del mar para que cuando\nregreses pueda ir con el resto de los creyentes\u201d.<\/p>\n\n\n\n<p><strong><em>La gente en el infierno est\u00e1 preocupada por sus seres queridos en la tierra:<\/em><\/strong><br>Muchas veces les he dicho que ya sea usted un ayor\u00e9, una mujer, un coj\u00f1oi o cualquier otra persona, todos somos como el hombre rico que muri\u00f3 hace mucho tiempo. Fue a <em>jnaropi\u00e9<\/em>, el lugar de los muertos. Vio a Abraham muy lejos, y le suplic\u00f3 que salvara a sus hermanos en la tierra. \u00c9l dijo: &#8220;Abraham, diles a mis hermanos qu\u00e9 hacer para que nunca tengan que ir al <em>lago de fuego<\/em> donde estoy, porque nunca volver\u00e9 a estar bien&#8221;. \u00c9l dijo: &#8220;Aquellos de nosotros aqu\u00ed en este lugar que odiaba a <em>Dupade<\/em> cuando viv\u00edamos, ni siquiera puede orar por nuestros seres queridos en la tierra, porque nuestras palabras est\u00e1n &#8220;podridas&#8221; para Dupade, entonces, env\u00eda a uno de los creyentes a la Tierra para ense\u00f1ar a mis hermanos&#8221;.<br><br>Sabemos que Abraham hab\u00eda muerto muchos a\u00f1os antes de esto, pero sigui\u00f3 viviendo en el lugar adonde van los creyentes cuando mueren. Nuestro antepasado Abraham le respondi\u00f3 al hombre rico y le dijo: \u201cLa <em>Palabra de<\/em> <em>Dupade<\/em> est\u00e1 en la tierra, para cualquier que quiera aceptarla y creerla. Tus hermanos tienen las escrituras de Mois\u00e9s, donde encontrar\u00e1n las <em>Palabras de<\/em> <em>Dupade<\/em> para instruirlos&#8221;.<\/p>\n\n\n\n<p>Digamos que alguien llega al cielo y ve que sus amigos no est\u00e1n all\u00ed, y que algunos ya se han ido al <em>jnaropi\u00e9<\/em> en <em>el lago de fuego,<\/em> \u00e9l podr\u00eda decir: \u201c<em>Dupade<\/em>, \u00bfpor qu\u00e9 no les dices en Tobit\u00e9 sobre el infierno, para que no tengan que irse all\u00ed?&#8221;<\/p>\n\n\n\n<p>Pero <em>Dupade<\/em> le dir\u00eda a esa persona: \u201cEllos tienen mi Palabra en Tobit\u00e9&#8221;. Si lo escuchan y lo creen, se unir\u00e1n a nosotros aqu\u00ed. No rechazo que nadie venga aqu\u00ed. De hecho, quiero que todos vengan aqu\u00ed. Ser\u00eda maravilloso tener a todos aqu\u00ed con nosotros&#8221;.<\/p>\n\n\n\n<p>Pero podr\u00eda decir esto a los que est\u00e1n en <em>el lago de fuego<\/em>: \u201cPero si la gente me odia, te seguir\u00e1n. Pero si aceptan lo que he hecho por ellos y ponen su fe en m\u00ed, no ir\u00e1n a donde est\u00e1s. En vano intentas que la gente venga a m\u00ed\u201d. Esto es lo que <em>Dupade<\/em> podr\u00eda decirles.<\/p>\n\n\n\n<p>Sabemos que el <em>Hijo de<\/em> <em>Dupade<\/em> regresar\u00e1 nuevamente. Por lo tanto, si quieres que tus amigos vayan al cielo, entonces procura contarles lo que Jes\u00fas hizo por ellos y suplicarles que crean en \u00e9l. Posiblemente entonces, tus amigos, hombres o mujeres, creer\u00e1n e ir\u00e1n contigo al cielo cuando Jes\u00fas regrese por nosotros que creemos en \u00e9l. Este es todo mi mensaje.<\/p>\n\n\n\n<p><strong>Cla<span style=\"text-decoration: underline;\">ve:<\/span><\/strong><br>Dupade \u2013 Dios<br>Palabra de Dupade \u2013 La Palabra de Dios<br>Hijo de Dupade \u2013 Hijo de Dios<br>Coj\u00f1oi \u2013 Persona que no es del tribu ayor\u00e9<br>Coj\u00f1one \u2013 Gente que no es del tribu ayor\u00e9<\/p>\n\n\n\n<p><em>Ecarai &#8211; Tobit\u00e9, Bolivia &#8211; 1960<\/em><br><em>Transcrito y traducido por: Maxine Morarie<\/em><\/p>\n\n\n<div class=\"navigation\"><div class=\"alignleft\"><a href=\"https:\/\/ayore.org\/es\/cultura\/ensenanzas\/ecarai-davide-jesus-se-aparecio-a-dos-de-sus-discipulos\/\"title=\"Ecarai (Davide\u0301) \u2013 Jes\u00fas se apareci\u00f3 a dos de sus disc\u00edpulos\"><img loading=\"lazy\" decoding=\"async\" src=\"https:\/\/ayore.org\/wp-content\/uploads\/2018\/10\/left-arrow.png\" width=\"50\" height=\"48\" alt=\"left arrow\"><\/a><\/div><div class=\"alignright\"><a href=\"https:\/\/ayore.org\/es\/cultura\/ensenanzas\/ecarai-davide-jesus-oro-a-su-padre-por-sus-discipulos\/\"title=\"Ecarai (Davide\u0301) \u2013 Jes\u00fas or\u00f3 a su Padre por sus disc\u00edpulos\"><img loading=\"lazy\" decoding=\"async\" src=\"https:\/\/ayore.org\/wp-content\/uploads\/2018\/10\/right-arrow.png\" width=\"50\" height=\"48\" alt=\"right arrow\"><\/a><\/div>\n","protected":false},"excerpt":{"rendered":"<p>Jes\u00fas chac\u00e3ra dacajnaqu\u00e9ode aja cuchade Las ilustraciones que Jes\u00fas us\u00f3 en sus ense\u00f1anzas fueron llamadas \u2018par\u00e1bolas\u2019:Hace mucho tiempo, cuando Jes\u00fas ense\u00f1aba a la gente, usaba par\u00e1bolas en sus ense\u00f1anzas, historias simples para ilustrar una lecci\u00f3n espiritual. Pero la gente no<\/p>\n","protected":false},"author":5,"featured_media":0,"parent":298,"menu_order":0,"comment_status":"closed","ping_status":"closed","template":"","meta":{"footnotes":""},"class_list":["post-3867","page","type-page","status-publish","hentry"],"yoast_head":"<!-- This site is optimized with the Yoast SEO plugin v27.4 - https:\/\/yoast.com\/product\/yoast-seo-wordpress\/ -->\n<title>Ecarai (Davide\u0301) \u2013 Jesus ilustraba sus lecciones &#8226; AYORE.ORG<\/title>\n<meta name=\"robots\" content=\"index, follow, max-snippet:-1, max-image-preview:large, max-video-preview:-1\" \/>\n<link rel=\"canonical\" href=\"https:\/\/ayore.org\/es\/cultura\/ensenanzas\/ecarai-davide-jesus-ilustraba-sus-lecciones\/\" \/>\n<meta property=\"og:locale\" content=\"es_ES\" \/>\n<meta property=\"og:type\" content=\"article\" \/>\n<meta property=\"og:title\" content=\"Ecarai (Davide\u0301) \u2013 Jesus ilustraba sus lecciones &#8226; AYORE.ORG\" \/>\n<meta property=\"og:description\" content=\"Jes\u00fas chac\u00e3ra dacajnaqu\u00e9ode aja cuchade Las ilustraciones que Jes\u00fas us\u00f3 en sus ense\u00f1anzas fueron llamadas \u2018par\u00e1bolas\u2019:Hace mucho tiempo, cuando Jes\u00fas ense\u00f1aba a la gente, usaba par\u00e1bolas en sus ense\u00f1anzas, historias simples para ilustrar una lecci\u00f3n espiritual. Pero la gente no\" \/>\n<meta property=\"og:url\" content=\"https:\/\/ayore.org\/es\/cultura\/ensenanzas\/ecarai-davide-jesus-ilustraba-sus-lecciones\/\" \/>\n<meta property=\"og:site_name\" content=\"AYORE.ORG\" \/>\n<meta property=\"article:modified_time\" content=\"2019-05-20T23:54:19+00:00\" \/>\n<meta name=\"twitter:card\" content=\"summary_large_image\" \/>\n<meta name=\"twitter:label1\" content=\"Tiempo de lectura\" \/>\n\t<meta name=\"twitter:data1\" content=\"10 minutos\" \/>\n<script type=\"application\/ld+json\" class=\"yoast-schema-graph\">{\"@context\":\"https:\\\/\\\/schema.org\",\"@graph\":[{\"@type\":\"WebPage\",\"@id\":\"https:\\\/\\\/ayore.org\\\/es\\\/cultura\\\/ensenanzas\\\/ecarai-davide-jesus-ilustraba-sus-lecciones\\\/\",\"url\":\"https:\\\/\\\/ayore.org\\\/es\\\/cultura\\\/ensenanzas\\\/ecarai-davide-jesus-ilustraba-sus-lecciones\\\/\",\"name\":\"Ecarai (Davide\u0301) \u2013 Jesus ilustraba sus lecciones &#8226; AYORE.ORG\",\"isPartOf\":{\"@id\":\"https:\\\/\\\/ayore.org\\\/#website\"},\"datePublished\":\"2019-05-20T23:54:18+00:00\",\"dateModified\":\"2019-05-20T23:54:19+00:00\",\"breadcrumb\":{\"@id\":\"https:\\\/\\\/ayore.org\\\/es\\\/cultura\\\/ensenanzas\\\/ecarai-davide-jesus-ilustraba-sus-lecciones\\\/#breadcrumb\"},\"inLanguage\":\"es-AR\",\"potentialAction\":[{\"@type\":\"ReadAction\",\"target\":[\"https:\\\/\\\/ayore.org\\\/es\\\/cultura\\\/ensenanzas\\\/ecarai-davide-jesus-ilustraba-sus-lecciones\\\/\"]}]},{\"@type\":\"BreadcrumbList\",\"@id\":\"https:\\\/\\\/ayore.org\\\/es\\\/cultura\\\/ensenanzas\\\/ecarai-davide-jesus-ilustraba-sus-lecciones\\\/#breadcrumb\",\"itemListElement\":[{\"@type\":\"ListItem\",\"position\":1,\"name\":\"Inicio\",\"item\":\"https:\\\/\\\/ayore.org\\\/es\\\/\"},{\"@type\":\"ListItem\",\"position\":2,\"name\":\"Cultura\",\"item\":\"https:\\\/\\\/ayore.org\\\/es\\\/cultura\\\/\"},{\"@type\":\"ListItem\",\"position\":3,\"name\":\"Ense\u00f1anzas\",\"item\":\"https:\\\/\\\/ayore.org\\\/es\\\/cultura\\\/ensenanzas\\\/\"},{\"@type\":\"ListItem\",\"position\":4,\"name\":\"Ecarai (Davide\u0301) \u2013 Jesus ilustraba sus lecciones\"}]},{\"@type\":\"WebSite\",\"@id\":\"https:\\\/\\\/ayore.org\\\/#website\",\"url\":\"https:\\\/\\\/ayore.org\\\/\",\"name\":\"AYORE.ORG\",\"description\":\"Idioma, Cultura e Historia de la Tribu Ayor\u00e9\",\"potentialAction\":[{\"@type\":\"SearchAction\",\"target\":{\"@type\":\"EntryPoint\",\"urlTemplate\":\"https:\\\/\\\/ayore.org\\\/?s={search_term_string}\"},\"query-input\":{\"@type\":\"PropertyValueSpecification\",\"valueRequired\":true,\"valueName\":\"search_term_string\"}}],\"inLanguage\":\"es-AR\"}]}<\/script>\n<!-- \/ Yoast SEO plugin. -->","yoast_head_json":{"title":"Ecarai (Davide\u0301) \u2013 Jesus ilustraba sus lecciones &#8226; AYORE.ORG","robots":{"index":"index","follow":"follow","max-snippet":"max-snippet:-1","max-image-preview":"max-image-preview:large","max-video-preview":"max-video-preview:-1"},"canonical":"https:\/\/ayore.org\/es\/cultura\/ensenanzas\/ecarai-davide-jesus-ilustraba-sus-lecciones\/","og_locale":"es_ES","og_type":"article","og_title":"Ecarai (Davide\u0301) \u2013 Jesus ilustraba sus lecciones &#8226; AYORE.ORG","og_description":"Jes\u00fas chac\u00e3ra dacajnaqu\u00e9ode aja cuchade Las ilustraciones que Jes\u00fas us\u00f3 en sus ense\u00f1anzas fueron llamadas \u2018par\u00e1bolas\u2019:Hace mucho tiempo, cuando Jes\u00fas ense\u00f1aba a la gente, usaba par\u00e1bolas en sus ense\u00f1anzas, historias simples para ilustrar una lecci\u00f3n espiritual. Pero la gente no","og_url":"https:\/\/ayore.org\/es\/cultura\/ensenanzas\/ecarai-davide-jesus-ilustraba-sus-lecciones\/","og_site_name":"AYORE.ORG","article_modified_time":"2019-05-20T23:54:19+00:00","twitter_card":"summary_large_image","twitter_misc":{"Tiempo de lectura":"10 minutos"},"schema":{"@context":"https:\/\/schema.org","@graph":[{"@type":"WebPage","@id":"https:\/\/ayore.org\/es\/cultura\/ensenanzas\/ecarai-davide-jesus-ilustraba-sus-lecciones\/","url":"https:\/\/ayore.org\/es\/cultura\/ensenanzas\/ecarai-davide-jesus-ilustraba-sus-lecciones\/","name":"Ecarai (Davide\u0301) \u2013 Jesus ilustraba sus lecciones &#8226; AYORE.ORG","isPartOf":{"@id":"https:\/\/ayore.org\/#website"},"datePublished":"2019-05-20T23:54:18+00:00","dateModified":"2019-05-20T23:54:19+00:00","breadcrumb":{"@id":"https:\/\/ayore.org\/es\/cultura\/ensenanzas\/ecarai-davide-jesus-ilustraba-sus-lecciones\/#breadcrumb"},"inLanguage":"es-AR","potentialAction":[{"@type":"ReadAction","target":["https:\/\/ayore.org\/es\/cultura\/ensenanzas\/ecarai-davide-jesus-ilustraba-sus-lecciones\/"]}]},{"@type":"BreadcrumbList","@id":"https:\/\/ayore.org\/es\/cultura\/ensenanzas\/ecarai-davide-jesus-ilustraba-sus-lecciones\/#breadcrumb","itemListElement":[{"@type":"ListItem","position":1,"name":"Inicio","item":"https:\/\/ayore.org\/es\/"},{"@type":"ListItem","position":2,"name":"Cultura","item":"https:\/\/ayore.org\/es\/cultura\/"},{"@type":"ListItem","position":3,"name":"Ense\u00f1anzas","item":"https:\/\/ayore.org\/es\/cultura\/ensenanzas\/"},{"@type":"ListItem","position":4,"name":"Ecarai (Davide\u0301) \u2013 Jesus ilustraba sus lecciones"}]},{"@type":"WebSite","@id":"https:\/\/ayore.org\/#website","url":"https:\/\/ayore.org\/","name":"AYORE.ORG","description":"Idioma, Cultura e Historia de la Tribu Ayor\u00e9","potentialAction":[{"@type":"SearchAction","target":{"@type":"EntryPoint","urlTemplate":"https:\/\/ayore.org\/?s={search_term_string}"},"query-input":{"@type":"PropertyValueSpecification","valueRequired":true,"valueName":"search_term_string"}}],"inLanguage":"es-AR"}]}},"_links":{"self":[{"href":"https:\/\/ayore.org\/es\/wp-json\/wp\/v2\/pages\/3867","targetHints":{"allow":["GET"]}}],"collection":[{"href":"https:\/\/ayore.org\/es\/wp-json\/wp\/v2\/pages"}],"about":[{"href":"https:\/\/ayore.org\/es\/wp-json\/wp\/v2\/types\/page"}],"author":[{"embeddable":true,"href":"https:\/\/ayore.org\/es\/wp-json\/wp\/v2\/users\/5"}],"replies":[{"embeddable":true,"href":"https:\/\/ayore.org\/es\/wp-json\/wp\/v2\/comments?post=3867"}],"version-history":[{"count":2,"href":"https:\/\/ayore.org\/es\/wp-json\/wp\/v2\/pages\/3867\/revisions"}],"predecessor-version":[{"id":3869,"href":"https:\/\/ayore.org\/es\/wp-json\/wp\/v2\/pages\/3867\/revisions\/3869"}],"up":[{"embeddable":true,"href":"https:\/\/ayore.org\/es\/wp-json\/wp\/v2\/pages\/298"}],"wp:attachment":[{"href":"https:\/\/ayore.org\/es\/wp-json\/wp\/v2\/media?parent=3867"}],"curies":[{"name":"wp","href":"https:\/\/api.w.org\/{rel}","templated":true}]}}