{"id":3861,"date":"2019-05-20T23:35:42","date_gmt":"2019-05-20T23:35:42","guid":{"rendered":"https:\/\/ayore.org\/?page_id=3861"},"modified":"2019-05-20T23:35:44","modified_gmt":"2019-05-20T23:35:44","slug":"ecarai-davide-jesus-se-aparecio-a-dos-de-sus-discipulos","status":"publish","type":"page","link":"https:\/\/ayore.org\/es\/cultura\/ensenanzas\/ecarai-davide-jesus-se-aparecio-a-dos-de-sus-discipulos\/","title":{"rendered":"Ecarai (Davide\u0301) \u2013 Jes\u00fas se apareci\u00f3 a dos de sus disc\u00edpulos"},"content":{"rendered":"\n<p><em>Jes\u00fas chiqueta raja dacadique g\u00e1rerigo<\/em><\/p>\n\n\n\n<p><strong><em>Dos de los disc\u00edpulos se encontraron con Jes\u00fas:<\/em><\/strong><br>Dos de los disc\u00edpulos de Jes\u00fas iban a la ciudad de Ema\u00fas y mientras a\u00fan estaban en el camino estaban discutiendo lo que hab\u00eda sucedido a Jes\u00fas. Jes\u00fas se acerc\u00f3 a ellos, pero no sab\u00edan que era Jes\u00fas. Ellos le dijeron: &#8220;La gente lo han matado a Jes\u00fas, y ellos lo han enterrado, y nunca lo vamos a ver otra vez.\u201d Se refirieron a Jes\u00fas con estos t\u00e9rminos: el maestro, el l\u00edder de nosotros, el Hijo de <em>Dupade<\/em>; se hablaron de esta manera.<\/p>\n\n\n\n<p>Pero cuando llegaba a su pueblo, Jes\u00fas les dijo: &#8220;Voy a seguir adelante, voy m\u00e1s all\u00e1 de ustedes. &#8220;<\/p>\n\n\n\n<p>Pero ellos dijeron: &#8220;\u00a1Oh, qu\u00e9date un rato! Come nuestra comida.&#8221;<\/p>\n\n\n\n<p>Por lo tanto, Jes\u00fas entr\u00f3 en el lugar donde se alojaban. Pero cuando estaban reunidos alrededor de la mesa a comer, Jes\u00fas tom\u00f3 el pan, pero or\u00f3 a su <em>Padre Dupade<\/em> primero. Luego lo parti\u00f3 y lo dio a sus compa\u00f1eros. Y fue entonces que sab\u00edan que \u00e9l era realmente Jes\u00fas, pero en seguida desapareci\u00f3.<\/p>\n\n\n\n<p>Pero cuando sab\u00edan que era verdad que Jes\u00fas estaba vivo otra vez, salieron de inmediato, y r\u00e1pidamente se volvieron a Jerusal\u00e9n con el fin de decirle a los otros disc\u00edpulos de que Jes\u00fas estaba vivo. Y aquellos hombres dec\u00edan: &#8220;Hemos visto a nuestro querido Jes\u00fas y est\u00e1 vivo otra vez, y lo que \u00e9l nos cont\u00f3 sobre resucitarse de los muertos era la pura verdad.&#8221;&nbsp;<\/p>\n\n\n\n<p><strong><em>Tom\u00e1s ahora sab\u00eda que Jes\u00fas estaba vivo:<\/em><\/strong><br>Tom\u00e1s no estaba con los dem\u00e1s disc\u00edpulos las veces que Jes\u00fas se les apareci\u00f3, pero se le dijeron que su Se\u00f1or estaba vivo otra vez. Pero Tom\u00e1s no crey\u00f3 lo que le dijeron, y les dijo: &#8220;Yo tengo mis dudas. Si no veo las marcas de los clavos en las palmas de sus manos no puedo creer que est\u00e1 vivo&#8221;.<\/p>\n\n\n\n<p>Tres d\u00edas despu\u00e9s, Jes\u00fas se apareci\u00f3 de nuevo a ellos y Tom\u00e1s estaba all\u00ed. Vio que era realmente su amado Jes\u00fas y que las se\u00f1ales de los clavos estaban todav\u00eda all\u00ed en sus manos y pies. Por lo tanto, Tom\u00e1s dijo a Jes\u00fas: &#8220;T\u00fa eres mi Se\u00f1or. Y t\u00fa tambi\u00e9n eres mi <em>Dupade<\/em>.\u201d&nbsp;<\/p>\n\n\n\n<p><strong><em>Solo saber sobre Dupade no salva a una persona:<\/em><\/strong><br>Hoy hay personas que saben que <em>Dupade<\/em> es m\u00e1s grande que todos, pero que no creen en Jes\u00fas. Se dependen por su propia comprensi\u00f3n sobre qui\u00e9n es <em>Dupade<\/em> y lo que \u00e9l hace, y buscan otras formas para que sus almas se salven sin confiar en el <em>Hijo de<\/em> <em>Dupade<\/em> para salvarlas. Est\u00e1n atrapados en las cosas de este mundo y no saben a d\u00f3nde recurrir. Solo aquellos que realmente quieren a <em>Dupade<\/em>, resuelven las cosas. Solo ellos est\u00e1n seguros en el Se\u00f1or. Ellos saben con certeza que est\u00e1n en paz con <em>Dupade<\/em> a trav\u00e9s de la fe en su Hijo Jes\u00fas que muri\u00f3 por ellos. (Santiago 2:19,20)&nbsp;<\/p>\n\n\n\n<p><strong><em>Dupade no toma la gente al cielo sin una buena raz\u00f3n:<\/em><\/strong><br><em>Los coj\u00f1one<\/em> siempre nos hablaban cuando est\u00e1bamos trabajando en el aserradero. Uno de los trabajadores me dijo: &#8220;Mi padre y su familia son creyentes&#8221;.<\/p>\n\n\n\n<p>Yo le dije: &#8220;Querido amigo, si Jes\u00fas regres\u00f3 en este momento, \u00bfqu\u00e9 har\u00edas? &#8220;<\/p>\n\n\n\n<p>\u00c9l dijo: &#8220;Si fuera la voluntad de <em>Dupade<\/em>, me llevar\u00eda, pero si me negaba, entonces \u00e9l no me llevar\u00eda.&#8221;<\/p>\n\n\n\n<p>Pero dije: &#8220;Eso es correcto, porque Dupade nunca lleva a la gente al cielo, ayoreos o coj\u00f1one sin una buena raz\u00f3n. Incluso si eres amable, amable con tus semejantes, \u00e9l no te tomar\u00eda por eso, porque Dupade no salva a una persona solo porque es amable. Lo que est\u00e1 buscando es si tiene fe en que Dupade perdonar\u00e1 su ira y sus otros pecados; esa es la raz\u00f3n por la que Dupade lleva a una persona al cielo: sus pecados deben ser perdonados &#8220;.<\/p>\n\n\n\n<p>\u00c9l respondi\u00f3: &#8220;Probablemente tienes raz\u00f3n, pero creo que le toca a <em>Dupade<\/em> &#8211; para que me llevara o me dejara. Voy a tener que esperar y ver &#8220;.<\/p>\n\n\n\n<p>Sin embargo, las gentes de todo el mundo en general creen que <em>Dupade<\/em> va a llevarlos al cielo, no importa qu\u00e9. Ellos no ven lo que les falta.&nbsp;<\/p>\n\n\n\n<p><strong><em>El camino estrecho:<\/em><\/strong><em> (Mateo 7:13,14)<\/em><br>Has escuchado lo que la Palabra de Dupade ense\u00f1a acerca de ir al cielo. &#8220;El camino de Dupade al cielo es un camino angosto&#8221;. Es demasiado tarde para seguir ese camino despu\u00e9s de que Jes\u00fas regrese por sus creyentes &#8220;.<br><br>Sabemos que hay dos caminos que las personas pueden elegir seguir mientras viven. Pero el angosto camino de Dupade no se puede seguir si tratas de llevar las cosas del mundo contigo: no puedes seguir las dos carreteras al mismo tiempo. Cuando est\u00e1s en el camino de Dupade, no hay salidas. Eso es porque es muy estrecho. Pero el otro camino, por el que viajan las personas del mundo, es muy amplio, pero despu\u00e9s de que mueran ya no pueden seguir viajando. El odio que ten\u00edan por Dupade cuando estaban vivos era inmenso; estaban contentos con ellos mismos y pensaban que eran m\u00e1s sabios que Dupade, por lo que fueron bailando alegremente en su camino pensando que hab\u00edan vencido a Dupade. Apostaron ir al cielo mientras segu\u00edan el camino ancho, pero descubrieron que, al final, no iba a ninguna parte.<\/p>\n\n\n\n<p>&nbsp;<strong><em>La gente de la tierra estar\u00e1 angustiada cuando Jes\u00fas regrese:<\/em><\/strong><br>Habr\u00e1 un momento de angustia para la gente del mundo. Van a pedir a gritos a Jes\u00fas que los salve, pero despu\u00e9s de que Jes\u00fas regrese ser\u00e1 demasiado tarde para salvarlos. Pero aquellos que creen en Dupade ser\u00e1n felices, porque el Hijo de Dupade los llevar\u00e1 a estar con \u00e9l. Esto es lo que Jes\u00fas nos dice antes de tiempo, para que podamos estar preparados.&nbsp;<\/p>\n\n\n\n<p><strong><em>La gente de la tierra no sab\u00eda la importancia de la muerte de Jes\u00fas:<\/em><\/strong>&nbsp;&nbsp;&nbsp;&nbsp;&nbsp;&nbsp; Ni los <em>coj\u00f1one<\/em> ni los <em>ayoreos<\/em> <em>lloraron la cercan\u00eda<\/em> del Hijo de Dupade cuando se estaba muriendo hace mucho tiempo. Solo hubo dos que <em>lloraron la cercan\u00eda<\/em> de Jes\u00fas. Pero no eran seres humanos. El Sol dej\u00f3 de brillar cuando a\u00fan era de d\u00eda; como si fuera una persona, as\u00ed es como llor\u00f3 por Jes\u00fas. Todo estaba tan oscuro como la noche. Y la Tierra tembl\u00f3, y esas fueron las l\u00e1grimas de la Tierra cuando <em>lloraba la cercan\u00eda<\/em> de Jes\u00fas. El Sol y la Tierra se dieron cuenta de que su creador, Aquel que los hab\u00eda creado, Jes\u00fas, estaba siendo asesinado en una cruz.<br><br>No s\u00e9 lo que la gente entendi\u00f3 sobre la crucifixi\u00f3n de Jes\u00fas. Pero la voluntad de Dupade para su Hijo Jes\u00fas estaba siendo lograda por su gran poder. Fue su voluntad que Jes\u00fas muriera. Pero cuando Jes\u00fas regrese, esas mismas personas que lo mataron finalmente lo entender\u00e1n la importancia de su muerte y lo llorar\u00e1n, pero ser\u00e1 demasiado tarde. <em>(Apocalipsis 1: 7)<\/em><br><br><strong><em>Jes\u00fas muri\u00f3 y sus creyentes lamentaron:<\/em><\/strong><br>Los habitantes de la tierra, los otros, se regocijaron de haber matado al que odiaban. Por otro lado, los creyentes de <em>Dupade<\/em> se regocijar\u00e1n cuando Jes\u00fas les dar\u00e1 a sus enemigos su merecido.<br><br>Por lo tanto, habi\u00e9ndote dicho esto, mi ense\u00f1anza ha terminado, pero sabemos que no est\u00e1 terminada. Por lo que cada tarde los domingos nos encontramos nuevamente reunidos para escuchar <em>la Palabra de Dupade<\/em>. Todos los d\u00edas, sin embargo, es un buen momento para que una persona ponga su fe en Jes\u00fas, el Hijo de Dupade, si eso es lo que quieres hacer. Simplemente av\u00edseles a sus l\u00edderes y d\u00edgales que deseas confiar en que Jes\u00fas lo salvar\u00e1; h\u00e1galo r\u00e1pidamente antes de que Jes\u00fas regrese.<br><br>Porque cuando viene, nadie puede decirles a los creyentes: &#8220;Dile que se detenga. Hazle un consejo para que espere un momento y luego ir\u00e9 con ustedes. Estoy pensando en pedirle que perdone mis pecados uno de estos d\u00edas&#8221;.<br><br>Pero eso no es lo que ense\u00f1a <em>la Palabra de<\/em> <em>Dupade<\/em>. M\u00e1s bien dice: \u201cSi escucha mi <em>Palabra<\/em>, no lo dudes y no endurezcas tu coraz\u00f3n. Cree en <em>Dupade<\/em> y <em>Dupade<\/em> te perdonar\u00e1 y enterrar\u00e1 tus pecados. <em>(Hebreos 3:15)<\/em><br><br>\u00bfRecuerdas c\u00f3mo fue cuando el la selva hubo una epidemia y tuvimos que enterrar a los que estaban muriendo? Bueno, Jes\u00fas es mucho m\u00e1s grande que nuestras enfermedades y nuestro pecado, y cuando creemos en \u00e9l, y somos bautizados, demuestra el poder de Jes\u00fas que vence nuestro pecado. El agua se puede comparar con la tierra pesada que cubre a una persona muerta en su tumba, por lo que no puede salir de ella. De esa manera, el agua lleva nuestros pecados al fondo y nunca volver\u00e1n a surgir de all\u00ed.<br><br><strong><em>Jes\u00fas viene pronto:<\/em><\/strong><br>Mi ense\u00f1anza ha terminado, pero yo siempre quiero que sepas que hay oportunidad para que usted cree en <em>Dupade<\/em>. La oportunidad de creer es s\u00f3lo mientras <em>la Palabra de<\/em> <em>Dupade<\/em> est\u00e1 en este mundo. Pero alguien podr\u00eda decir: &#8220;Voy a creer en Jes\u00fas alg\u00fan d\u00eda, tal vez el pr\u00f3ximo a\u00f1o.\u201d Pero no sabemos cuando Jes\u00fas va a regresar. Pero Jes\u00fas viene pronto, as\u00ed que mejor no piensas en creer en un a\u00f1o. Su venida es casi aqu\u00ed y \u00e9l tomar\u00e1 sus creyentes al cielo. Y luego viene la tribulaci\u00f3n con la lucha y los problemas. Y todo el pueblo dejado atr\u00e1s sufrir\u00e1n grandes tribulaciones. <em>(Mateo 24:21)<\/em>&nbsp;&nbsp; <br><br>Mi ense\u00f1anza ha terminado. Pero R\u00f3sad\u00e9, si quieres, llevarnos a <em>Dupade<\/em>, y vamos a esperar la bendici\u00f3n de <em>Dupade<\/em>.<br><br><strong><em>Oraci\u00f3n de R\u00f3sad\u00e9:<\/em><\/strong><br><em>Duermen un poco en el cielo<\/em> mientras le pido a Dupade por nosotros. &#8220;Estoy muy agradecido por lo que Ecarai nos ha ense\u00f1ado sobre <em>la Palabra de Dupade<\/em>. <em>Yoque Dupade Dios<\/em>, te alabamos. Mientras te hablo ahora, estoy muy agradecido por tu Hijo Jes\u00fas que vino a estar con nosotros aqu\u00ed en esta tierra. Tambi\u00e9n estoy agradecido de que estemos reconciliados contigo, <em>Dupade<\/em>. Has sido tan bueno con nosotros y nos has mantenido lejos de las enfermedades, <em>Yoque Dupade<\/em>. Expulsa los demonios de Satan\u00e1s de <em>nuestra cercan\u00eda<\/em>, para que solo <em>tu Palabra<\/em> est\u00e9 aqu\u00ed en nuestra aldea. Te lo pedimos en el nombre de tu Hijo Jesucristo. Am\u00e9n.&#8221;&nbsp;<\/p>\n\n\n\n<p><strong>Clave:<\/strong><br>Dupade \u2013 Dios<br>Coj\u00f1one \u2013 Gente que no son de la tribu ayor\u00e9<br>Ayoreos \u2013 Gente de la tribu ayor\u00e9<br>Duermen un poco en el cielo &#8211; Cierra los ojos e inclina la cabeza<br>Yoque Dupade Dios \u2013 Nuestro Padre Dios<br>Llorar la cercan\u00eda de \u2013 Llorar por<em>&nbsp;<\/em><\/p>\n\n\n\n<p>Ecarai &#8211; Tobit\u00e9, Bolivia &#8211; 1960<br>Transcrito y traducido al espa\u00f1ol por: Maxine Morarie<\/p>\n\n\n<div class=\"navigation\"><div class=\"alignleft\"><a href=\"https:\/\/ayore.org\/es\/cultura\/ensenanzas\/ecarai-davide-estoy-agradecido-por-tu-palabra\/\"title=\"Ecarai (Davide\u0301) \u2013 Estoy agradecido por tu Palabra\"><img loading=\"lazy\" decoding=\"async\" src=\"https:\/\/ayore.org\/wp-content\/uploads\/2018\/10\/left-arrow.png\" width=\"50\" height=\"48\" alt=\"left arrow\"><\/a><\/div><div class=\"alignright\"><a href=\"https:\/\/ayore.org\/es\/cultura\/ensenanzas\/ecarai-davide-jesus-ilustraba-sus-lecciones\/\"title=\"Ecarai (Davide\u0301) \u2013 Jesus ilustraba sus lecciones\"><img loading=\"lazy\" decoding=\"async\" src=\"https:\/\/ayore.org\/wp-content\/uploads\/2018\/10\/right-arrow.png\" width=\"50\" height=\"48\" alt=\"right arrow\"><\/a><\/div>\n","protected":false},"excerpt":{"rendered":"<p>Jes\u00fas chiqueta raja dacadique g\u00e1rerigo Dos de los disc\u00edpulos se encontraron con Jes\u00fas:Dos de los disc\u00edpulos de Jes\u00fas iban a la ciudad de Ema\u00fas y mientras a\u00fan estaban en el camino estaban discutiendo lo que hab\u00eda sucedido a Jes\u00fas. Jes\u00fas<\/p>\n","protected":false},"author":5,"featured_media":0,"parent":298,"menu_order":0,"comment_status":"closed","ping_status":"closed","template":"","meta":{"footnotes":""},"class_list":["post-3861","page","type-page","status-publish","hentry"],"yoast_head":"<!-- This site is optimized with the Yoast SEO plugin v27.4 - https:\/\/yoast.com\/product\/yoast-seo-wordpress\/ -->\n<title>Ecarai (Davide\u0301) \u2013 Jes\u00fas se apareci\u00f3 a dos de sus disc\u00edpulos &#8226; AYORE.ORG<\/title>\n<meta name=\"robots\" content=\"index, follow, max-snippet:-1, max-image-preview:large, max-video-preview:-1\" \/>\n<link rel=\"canonical\" href=\"https:\/\/ayore.org\/es\/cultura\/ensenanzas\/ecarai-davide-jesus-se-aparecio-a-dos-de-sus-discipulos\/\" \/>\n<meta property=\"og:locale\" content=\"es_ES\" \/>\n<meta property=\"og:type\" content=\"article\" \/>\n<meta property=\"og:title\" content=\"Ecarai (Davide\u0301) \u2013 Jes\u00fas se apareci\u00f3 a dos de sus disc\u00edpulos &#8226; AYORE.ORG\" \/>\n<meta property=\"og:description\" content=\"Jes\u00fas chiqueta raja dacadique g\u00e1rerigo Dos de los disc\u00edpulos se encontraron con Jes\u00fas:Dos de los disc\u00edpulos de Jes\u00fas iban a la ciudad de Ema\u00fas y mientras a\u00fan estaban en el camino estaban discutiendo lo que hab\u00eda sucedido a Jes\u00fas. Jes\u00fas\" \/>\n<meta property=\"og:url\" content=\"https:\/\/ayore.org\/es\/cultura\/ensenanzas\/ecarai-davide-jesus-se-aparecio-a-dos-de-sus-discipulos\/\" \/>\n<meta property=\"og:site_name\" content=\"AYORE.ORG\" \/>\n<meta property=\"article:modified_time\" content=\"2019-05-20T23:35:44+00:00\" \/>\n<meta name=\"twitter:card\" content=\"summary_large_image\" \/>\n<meta name=\"twitter:label1\" content=\"Tiempo de lectura\" \/>\n\t<meta name=\"twitter:data1\" content=\"9 minutos\" \/>\n<script type=\"application\/ld+json\" class=\"yoast-schema-graph\">{\"@context\":\"https:\\\/\\\/schema.org\",\"@graph\":[{\"@type\":\"WebPage\",\"@id\":\"https:\\\/\\\/ayore.org\\\/es\\\/cultura\\\/ensenanzas\\\/ecarai-davide-jesus-se-aparecio-a-dos-de-sus-discipulos\\\/\",\"url\":\"https:\\\/\\\/ayore.org\\\/es\\\/cultura\\\/ensenanzas\\\/ecarai-davide-jesus-se-aparecio-a-dos-de-sus-discipulos\\\/\",\"name\":\"Ecarai (Davide\u0301) \u2013 Jes\u00fas se apareci\u00f3 a dos de sus disc\u00edpulos &#8226; AYORE.ORG\",\"isPartOf\":{\"@id\":\"https:\\\/\\\/ayore.org\\\/#website\"},\"datePublished\":\"2019-05-20T23:35:42+00:00\",\"dateModified\":\"2019-05-20T23:35:44+00:00\",\"breadcrumb\":{\"@id\":\"https:\\\/\\\/ayore.org\\\/es\\\/cultura\\\/ensenanzas\\\/ecarai-davide-jesus-se-aparecio-a-dos-de-sus-discipulos\\\/#breadcrumb\"},\"inLanguage\":\"es-AR\",\"potentialAction\":[{\"@type\":\"ReadAction\",\"target\":[\"https:\\\/\\\/ayore.org\\\/es\\\/cultura\\\/ensenanzas\\\/ecarai-davide-jesus-se-aparecio-a-dos-de-sus-discipulos\\\/\"]}]},{\"@type\":\"BreadcrumbList\",\"@id\":\"https:\\\/\\\/ayore.org\\\/es\\\/cultura\\\/ensenanzas\\\/ecarai-davide-jesus-se-aparecio-a-dos-de-sus-discipulos\\\/#breadcrumb\",\"itemListElement\":[{\"@type\":\"ListItem\",\"position\":1,\"name\":\"Inicio\",\"item\":\"https:\\\/\\\/ayore.org\\\/es\\\/\"},{\"@type\":\"ListItem\",\"position\":2,\"name\":\"Cultura\",\"item\":\"https:\\\/\\\/ayore.org\\\/es\\\/cultura\\\/\"},{\"@type\":\"ListItem\",\"position\":3,\"name\":\"Ense\u00f1anzas\",\"item\":\"https:\\\/\\\/ayore.org\\\/es\\\/cultura\\\/ensenanzas\\\/\"},{\"@type\":\"ListItem\",\"position\":4,\"name\":\"Ecarai (Davide\u0301) \u2013 Jes\u00fas se apareci\u00f3 a dos de sus disc\u00edpulos\"}]},{\"@type\":\"WebSite\",\"@id\":\"https:\\\/\\\/ayore.org\\\/#website\",\"url\":\"https:\\\/\\\/ayore.org\\\/\",\"name\":\"AYORE.ORG\",\"description\":\"Idioma, Cultura e Historia de la Tribu Ayor\u00e9\",\"potentialAction\":[{\"@type\":\"SearchAction\",\"target\":{\"@type\":\"EntryPoint\",\"urlTemplate\":\"https:\\\/\\\/ayore.org\\\/?s={search_term_string}\"},\"query-input\":{\"@type\":\"PropertyValueSpecification\",\"valueRequired\":true,\"valueName\":\"search_term_string\"}}],\"inLanguage\":\"es-AR\"}]}<\/script>\n<!-- \/ Yoast SEO plugin. -->","yoast_head_json":{"title":"Ecarai (Davide\u0301) \u2013 Jes\u00fas se apareci\u00f3 a dos de sus disc\u00edpulos &#8226; AYORE.ORG","robots":{"index":"index","follow":"follow","max-snippet":"max-snippet:-1","max-image-preview":"max-image-preview:large","max-video-preview":"max-video-preview:-1"},"canonical":"https:\/\/ayore.org\/es\/cultura\/ensenanzas\/ecarai-davide-jesus-se-aparecio-a-dos-de-sus-discipulos\/","og_locale":"es_ES","og_type":"article","og_title":"Ecarai (Davide\u0301) \u2013 Jes\u00fas se apareci\u00f3 a dos de sus disc\u00edpulos &#8226; AYORE.ORG","og_description":"Jes\u00fas chiqueta raja dacadique g\u00e1rerigo Dos de los disc\u00edpulos se encontraron con Jes\u00fas:Dos de los disc\u00edpulos de Jes\u00fas iban a la ciudad de Ema\u00fas y mientras a\u00fan estaban en el camino estaban discutiendo lo que hab\u00eda sucedido a Jes\u00fas. Jes\u00fas","og_url":"https:\/\/ayore.org\/es\/cultura\/ensenanzas\/ecarai-davide-jesus-se-aparecio-a-dos-de-sus-discipulos\/","og_site_name":"AYORE.ORG","article_modified_time":"2019-05-20T23:35:44+00:00","twitter_card":"summary_large_image","twitter_misc":{"Tiempo de lectura":"9 minutos"},"schema":{"@context":"https:\/\/schema.org","@graph":[{"@type":"WebPage","@id":"https:\/\/ayore.org\/es\/cultura\/ensenanzas\/ecarai-davide-jesus-se-aparecio-a-dos-de-sus-discipulos\/","url":"https:\/\/ayore.org\/es\/cultura\/ensenanzas\/ecarai-davide-jesus-se-aparecio-a-dos-de-sus-discipulos\/","name":"Ecarai (Davide\u0301) \u2013 Jes\u00fas se apareci\u00f3 a dos de sus disc\u00edpulos &#8226; AYORE.ORG","isPartOf":{"@id":"https:\/\/ayore.org\/#website"},"datePublished":"2019-05-20T23:35:42+00:00","dateModified":"2019-05-20T23:35:44+00:00","breadcrumb":{"@id":"https:\/\/ayore.org\/es\/cultura\/ensenanzas\/ecarai-davide-jesus-se-aparecio-a-dos-de-sus-discipulos\/#breadcrumb"},"inLanguage":"es-AR","potentialAction":[{"@type":"ReadAction","target":["https:\/\/ayore.org\/es\/cultura\/ensenanzas\/ecarai-davide-jesus-se-aparecio-a-dos-de-sus-discipulos\/"]}]},{"@type":"BreadcrumbList","@id":"https:\/\/ayore.org\/es\/cultura\/ensenanzas\/ecarai-davide-jesus-se-aparecio-a-dos-de-sus-discipulos\/#breadcrumb","itemListElement":[{"@type":"ListItem","position":1,"name":"Inicio","item":"https:\/\/ayore.org\/es\/"},{"@type":"ListItem","position":2,"name":"Cultura","item":"https:\/\/ayore.org\/es\/cultura\/"},{"@type":"ListItem","position":3,"name":"Ense\u00f1anzas","item":"https:\/\/ayore.org\/es\/cultura\/ensenanzas\/"},{"@type":"ListItem","position":4,"name":"Ecarai (Davide\u0301) \u2013 Jes\u00fas se apareci\u00f3 a dos de sus disc\u00edpulos"}]},{"@type":"WebSite","@id":"https:\/\/ayore.org\/#website","url":"https:\/\/ayore.org\/","name":"AYORE.ORG","description":"Idioma, Cultura e Historia de la Tribu Ayor\u00e9","potentialAction":[{"@type":"SearchAction","target":{"@type":"EntryPoint","urlTemplate":"https:\/\/ayore.org\/?s={search_term_string}"},"query-input":{"@type":"PropertyValueSpecification","valueRequired":true,"valueName":"search_term_string"}}],"inLanguage":"es-AR"}]}},"_links":{"self":[{"href":"https:\/\/ayore.org\/es\/wp-json\/wp\/v2\/pages\/3861","targetHints":{"allow":["GET"]}}],"collection":[{"href":"https:\/\/ayore.org\/es\/wp-json\/wp\/v2\/pages"}],"about":[{"href":"https:\/\/ayore.org\/es\/wp-json\/wp\/v2\/types\/page"}],"author":[{"embeddable":true,"href":"https:\/\/ayore.org\/es\/wp-json\/wp\/v2\/users\/5"}],"replies":[{"embeddable":true,"href":"https:\/\/ayore.org\/es\/wp-json\/wp\/v2\/comments?post=3861"}],"version-history":[{"count":2,"href":"https:\/\/ayore.org\/es\/wp-json\/wp\/v2\/pages\/3861\/revisions"}],"predecessor-version":[{"id":3863,"href":"https:\/\/ayore.org\/es\/wp-json\/wp\/v2\/pages\/3861\/revisions\/3863"}],"up":[{"embeddable":true,"href":"https:\/\/ayore.org\/es\/wp-json\/wp\/v2\/pages\/298"}],"wp:attachment":[{"href":"https:\/\/ayore.org\/es\/wp-json\/wp\/v2\/media?parent=3861"}],"curies":[{"name":"wp","href":"https:\/\/api.w.org\/{rel}","templated":true}]}}