{"id":3837,"date":"2019-05-18T23:33:14","date_gmt":"2019-05-18T23:33:14","guid":{"rendered":"https:\/\/ayore.org\/?page_id=3837"},"modified":"2019-05-18T23:33:15","modified_gmt":"2019-05-18T23:33:15","slug":"dijaide-josuede-solo-un-poco-de-las-palabras-de-dupade-leere","status":"publish","type":"page","link":"https:\/\/ayore.org\/es\/cultura\/ensenanzas\/dijaide-josuede-solo-un-poco-de-las-palabras-de-dupade-leere\/","title":{"rendered":"Dijaide (Josue\u0301de\u0301) \u2013 Solo un poco de las palabras de Dupade leer\u00e9"},"content":{"rendered":"\n<p><em>Gar\u00f3si uje yajire Dupade Uruode to <\/em><\/p>\n\n\n\n<p><strong><em>Dijaide ley\u00f3 la misma escritura que Uroi (Danieln\u00e9):<\/em><\/strong><br>Solo un poco de las palabras de <em>Dupade<\/em> leer\u00e9, las mismas escrituras que Dani\u00e9ln\u00e9 ley\u00f3 esta ma\u00f1ana. Leemos los mismos pasajes de las palabras de <em>Dupade<\/em>, pero obtuvimos diferentes significados de ellos.&nbsp;<\/p>\n\n\n\n<p><strong><em>Aunque somos pocos, Dupade est\u00e1 en nuestra presencia:<\/em><\/strong><br>Aunque nuestro conocimiento es peque\u00f1o, es correcto que te ense\u00f1emos porque las palabras de <em>Dupade<\/em> dicen que, aunque somos pocos, <em>Dupade<\/em> est\u00e1 en nuestra presencia. Aunque nuestro entendimiento es limitado, le damos a nuestros semejantes lo que entendemos, y lo poco se convierte en mucho. <em>Dupade<\/em> no quiere que ignoremos las reuniones en las que se ense\u00f1an sus palabras, porque cuando nos juntamos para escuchar sus palabras nos da <em>sabidur\u00eda<\/em>. \u00c9l nos dio nuestros labios, nuestras cabezas, nuestro entendimiento, nuestros o\u00eddos, nuestras manos, nuestra fuerza, y nuestra alegr\u00eda. Y nos dio estas cosas buenas para usarlas cuando compartimos su Palabra. \u00c9l no nos los dio sin un prop\u00f3sito. Pero Satan\u00e1s tambi\u00e9n est\u00e1 aqu\u00ed entre nosotros para borrar las palabras de <em>Dupade<\/em>.<\/p>\n\n\n\n<p><strong><em>Usaremos los dones que Dupade nos ha dado:<\/em><\/strong><br>Pero le agradecemos a <em>Dupade<\/em> que podemos usar los dones de \u00e9l para que no pierda lo que nos ha dado a los humanos que \u00e9l cre\u00f3. Quiz\u00e1s \u00e9l nos bendiga ahora y haga que su poder, el Esp\u00edritu Santo, venga sobre nosotros. \u00c9l nos dijo que su poder vendr\u00eda y dijo: &#8220;El Esp\u00edritu Santo es el que te ayudar\u00e1 y te dar\u00e1 conocimiento y comprensi\u00f3n&#8221;.<\/p>\n\n\n\n<p>Por lo tanto, \u00e9l est\u00e1 con nosotros, el Esp\u00edritu Santo, el que nos da entendimiento. Con nuestras cabezas, sabemos todas las cosas y tenemos comprensi\u00f3n por el Esp\u00edritu Santo. Sin embargo, hay personas que tienen los dones del Esp\u00edritu Santo, pero no los usan. <em>Dupade<\/em> les dio entendimiento en vano. Y nada proviene de sus regalos para ellos en absoluto. Mas bien, usan sus dones para lograr lo que Satan\u00e1s quiere, cosas que <em>Dupade<\/em> no quiere. Satan\u00e1s no usa los dones de <em>Dupade<\/em>, pero algunos de nosotros s\u00ed, y los usamos para <em>Dupade<\/em>.<\/p>\n\n\n\n<p><em>Dupade<\/em> est\u00e1 feliz cuando sus dones no se pierden. Est\u00e1 muy satisfecho con nosotros cuando usamos su don de comprensi\u00f3n, y eso significa que no ha perdido los regalos que nos ha dado.&nbsp;<\/p>\n\n\n\n<p><strong><em>Dupade est\u00e1 feliz cuando sus dones no se dan en vano:<\/em><\/strong><br><em>Dupade<\/em> est\u00e1 feliz cuando estas cosas que \u00e9l otorga no se pierden. <em>Dupade<\/em> le ha dicho a la gente cuando los ha bendecido: &#8220;Te voy a dar una gran comprensi\u00f3n&#8221;. Pero se llama <em>conciencia<\/em> y <em>Dupade<\/em> nos la da. Pero hay algo similar pero diferente, que tambi\u00e9n es un regalo de <em>Dupade<\/em> y se llama <em>sabidur\u00eda<\/em>, y nos la da para que podamos ser sabios. Cuando <em>Dupade<\/em> nos da sabidur\u00eda, entonces nos llaman personas sabias. Gente conocedora. Cuando decidimos seguir a <em>Dupade<\/em> somos sabios. <em>Dupade<\/em> quiere que todos tengamos <em>conciencia<\/em>, y eso viene de \u00e9l. Sabes que hay personas m\u00e1s inteligentes que nosotros, pero no son mejores de lo que somos en absoluto. Hay cosas que podemos hacer que ellos no pueden.<\/p>\n\n\n\n<p>Si queremos que lo haga, <em>Dupade<\/em> nos dar\u00e1 <em>conciencias<\/em>. Hay una diferencia entre &#8220;<em>conciencia<\/em>&#8221; y &#8220;<em>ciencia<\/em>&#8220;. La ciencia es el conocimiento que <em>Dupade<\/em> les da a algunas personas para hacer y descubrir grandes cosas. <em>Dupade<\/em> nos bendecir\u00e1 con estos regalos si los queremos. Cuando los queremos, los usaremos. Agradecemos a <em>Dupade<\/em> esta tarde que, a pesar de que mis palabras son pocas, <em>Dupade<\/em> est\u00e1 satisfecho con ellas.<br><br>Aunque somos pocos en asistencia, sabemos que el est\u00e1 satisfecho con nosotros. Su palabra dice: &#8220;Aunque una persona puede estar sola en la cama, o sola en un viaje, ayudar\u00e9 a esa persona. Lo ayudar\u00e9 si me escucha &#8220;.<\/p>\n\n\n\n<p>Estamos muy agradecidos por estas cosas, que, aunque\nmi conocimiento es peque\u00f1o, <em>Dupade<\/em> no\nha perdido el conocimiento y la comprensi\u00f3n que \u00e9l me dio porque los uso. Cuando\ncompartimos el peque\u00f1o conocimiento que tenemos con nuestros compa\u00f1eros-<em>ayoreos,<\/em> <em>Dupade<\/em> est\u00e1 muy contento con nosotros. El nos dir\u00eda: &#8220;Aunque\ntu conocimiento es peque\u00f1o, has compartido lo que crees con tus compa\u00f1eros <em>ayoreos&#8221;<\/em>.<\/p>\n\n\n\n<p><strong><em>No pienses que eres un gran maestro:<\/em><\/strong><br>Por otro lado, alguien puede tener un gran conocimiento, pero no logra nada si no lo usa para ense\u00f1ar a otros. Si \u00e9l no cree en <em>Dupade<\/em>, su conocimiento tampoco tiene valor. Alguien podr\u00eda ser inteligente, pero nada sale de eso. Hoy, podr\u00eda ser aclamado como inteligente, pero <em>Dupade<\/em> mira hacia otro lado. <em>Dupade<\/em> no tiene nada que ver con \u00e9l porque esa persona no cree en \u00e9l.<br><br>Las palabras de <em>Dupade<\/em> dicen: &#8220;No pienses que eres un gran maestro&#8221;. Esta es una actitud incorrecta, seg\u00fan <em>Dupade<\/em>. \u201cNo se ense\u00f1oree de las personas,\u201d nos dicen las palabras de <em>Dupade<\/em>. Sabes que cuando alguien es un verdadero l\u00edder, no se jacta de ser un gran maestro. \u00c9l sabe lo que dice la palabra de <em>Dupade<\/em> sobre querer ser el gran jefe, y entiende que es algo que no deber\u00edamos hacer. Y como creyentes, debemos obedecer a <em>Dupade<\/em>. No deber\u00edamos querer ser m\u00e1s grandes que otros. Deber\u00edamos ser un maestro, no un jefe de aquellos a quienes ense\u00f1amos.<\/p>\n\n\n\n<p>Estamos agradecidos por esta peque\u00f1a ense\u00f1anza de las\npalabras de <em>Dupade<\/em>. Esto es todo lo\nque tengo que decirnos esta tarde. Pero tal vez haya alguien m\u00e1s que quiera\ncompartir con nosotros algunas de las palabras de <em>Dupade<\/em>, y si es as\u00ed, que lo haga.<\/p>\n\n\n\n<p><strong><u>Clave:<\/u><\/strong><br>Dupade \u2013 Dios<br>Dupade Ujopi\u00e9 Esp\u00edritu Santo \u2013 El poder de Dios, el Esp\u00edritu Santo<br>Palabras de Dupade \u2013 La Palabra de Dios<\/p>\n\n\n\n<p><em>Dijaide \u2013 Tobit\u00e9, Bolivia \u2013 1970<\/em><br><em>Transcrito y traducido por: Maxine Morarie<\/em><\/p>\n\n\n<div class=\"navigation\"><div class=\"alignleft\"><a href=\"https:\/\/ayore.org\/es\/cultura\/ensenanzas\/dijaide-josuede-no-he-olvidado-a-dupade\/\"title=\"Dijaide (Josue\u0301de\u0301) \u2013 No he olvidado a Dupade\"><img loading=\"lazy\" decoding=\"async\" src=\"https:\/\/ayore.org\/wp-content\/uploads\/2018\/10\/left-arrow.png\" width=\"50\" height=\"48\" alt=\"left arrow\"><\/a><\/div><div class=\"alignright\"><a href=\"https:\/\/ayore.org\/es\/cultura\/ensenanzas\/ecarai-davide-que-tu-palabra-sea-caliente-dentro-de-mi\/\"title=\"Ecarai (Davide\u0301) \u2013 Que tu palabra sea caliente dentro de m\u00ed\"><img loading=\"lazy\" decoding=\"async\" src=\"https:\/\/ayore.org\/wp-content\/uploads\/2018\/10\/right-arrow.png\" width=\"50\" height=\"48\" alt=\"right arrow\"><\/a><\/div>\n","protected":false},"excerpt":{"rendered":"<p>Gar\u00f3si uje yajire Dupade Uruode to Dijaide ley\u00f3 la misma escritura que Uroi (Danieln\u00e9):Solo un poco de las palabras de Dupade leer\u00e9, las mismas escrituras que Dani\u00e9ln\u00e9 ley\u00f3 esta ma\u00f1ana. Leemos los mismos pasajes de las palabras de Dupade, pero<\/p>\n","protected":false},"author":5,"featured_media":0,"parent":298,"menu_order":0,"comment_status":"closed","ping_status":"closed","template":"","meta":{"footnotes":""},"class_list":["post-3837","page","type-page","status-publish","hentry"],"yoast_head":"<!-- This site is optimized with the Yoast SEO plugin v27.4 - https:\/\/yoast.com\/product\/yoast-seo-wordpress\/ -->\n<title>Dijaide (Josue\u0301de\u0301) \u2013 Solo un poco de las palabras de Dupade leer\u00e9 &#8226; AYORE.ORG<\/title>\n<meta name=\"robots\" content=\"index, follow, max-snippet:-1, max-image-preview:large, max-video-preview:-1\" \/>\n<link rel=\"canonical\" href=\"https:\/\/ayore.org\/es\/cultura\/ensenanzas\/dijaide-josuede-solo-un-poco-de-las-palabras-de-dupade-leere\/\" \/>\n<meta property=\"og:locale\" content=\"es_ES\" \/>\n<meta property=\"og:type\" content=\"article\" \/>\n<meta property=\"og:title\" content=\"Dijaide (Josue\u0301de\u0301) \u2013 Solo un poco de las palabras de Dupade leer\u00e9 &#8226; AYORE.ORG\" \/>\n<meta property=\"og:description\" content=\"Gar\u00f3si uje yajire Dupade Uruode to Dijaide ley\u00f3 la misma escritura que Uroi (Danieln\u00e9):Solo un poco de las palabras de Dupade leer\u00e9, las mismas escrituras que Dani\u00e9ln\u00e9 ley\u00f3 esta ma\u00f1ana. Leemos los mismos pasajes de las palabras de Dupade, pero\" \/>\n<meta property=\"og:url\" content=\"https:\/\/ayore.org\/es\/cultura\/ensenanzas\/dijaide-josuede-solo-un-poco-de-las-palabras-de-dupade-leere\/\" \/>\n<meta property=\"og:site_name\" content=\"AYORE.ORG\" \/>\n<meta property=\"article:modified_time\" content=\"2019-05-18T23:33:15+00:00\" \/>\n<meta name=\"twitter:card\" content=\"summary_large_image\" \/>\n<meta name=\"twitter:label1\" content=\"Tiempo de lectura\" \/>\n\t<meta name=\"twitter:data1\" content=\"5 minutos\" \/>\n<script type=\"application\/ld+json\" class=\"yoast-schema-graph\">{\"@context\":\"https:\\\/\\\/schema.org\",\"@graph\":[{\"@type\":\"WebPage\",\"@id\":\"https:\\\/\\\/ayore.org\\\/es\\\/cultura\\\/ensenanzas\\\/dijaide-josuede-solo-un-poco-de-las-palabras-de-dupade-leere\\\/\",\"url\":\"https:\\\/\\\/ayore.org\\\/es\\\/cultura\\\/ensenanzas\\\/dijaide-josuede-solo-un-poco-de-las-palabras-de-dupade-leere\\\/\",\"name\":\"Dijaide (Josue\u0301de\u0301) \u2013 Solo un poco de las palabras de Dupade leer\u00e9 &#8226; AYORE.ORG\",\"isPartOf\":{\"@id\":\"https:\\\/\\\/ayore.org\\\/#website\"},\"datePublished\":\"2019-05-18T23:33:14+00:00\",\"dateModified\":\"2019-05-18T23:33:15+00:00\",\"breadcrumb\":{\"@id\":\"https:\\\/\\\/ayore.org\\\/es\\\/cultura\\\/ensenanzas\\\/dijaide-josuede-solo-un-poco-de-las-palabras-de-dupade-leere\\\/#breadcrumb\"},\"inLanguage\":\"es-AR\",\"potentialAction\":[{\"@type\":\"ReadAction\",\"target\":[\"https:\\\/\\\/ayore.org\\\/es\\\/cultura\\\/ensenanzas\\\/dijaide-josuede-solo-un-poco-de-las-palabras-de-dupade-leere\\\/\"]}]},{\"@type\":\"BreadcrumbList\",\"@id\":\"https:\\\/\\\/ayore.org\\\/es\\\/cultura\\\/ensenanzas\\\/dijaide-josuede-solo-un-poco-de-las-palabras-de-dupade-leere\\\/#breadcrumb\",\"itemListElement\":[{\"@type\":\"ListItem\",\"position\":1,\"name\":\"Inicio\",\"item\":\"https:\\\/\\\/ayore.org\\\/es\\\/\"},{\"@type\":\"ListItem\",\"position\":2,\"name\":\"Cultura\",\"item\":\"https:\\\/\\\/ayore.org\\\/es\\\/cultura\\\/\"},{\"@type\":\"ListItem\",\"position\":3,\"name\":\"Ense\u00f1anzas\",\"item\":\"https:\\\/\\\/ayore.org\\\/es\\\/cultura\\\/ensenanzas\\\/\"},{\"@type\":\"ListItem\",\"position\":4,\"name\":\"Dijaide (Josue\u0301de\u0301) \u2013 Solo un poco de las palabras de Dupade leer\u00e9\"}]},{\"@type\":\"WebSite\",\"@id\":\"https:\\\/\\\/ayore.org\\\/#website\",\"url\":\"https:\\\/\\\/ayore.org\\\/\",\"name\":\"AYORE.ORG\",\"description\":\"Idioma, Cultura e Historia de la Tribu Ayor\u00e9\",\"potentialAction\":[{\"@type\":\"SearchAction\",\"target\":{\"@type\":\"EntryPoint\",\"urlTemplate\":\"https:\\\/\\\/ayore.org\\\/?s={search_term_string}\"},\"query-input\":{\"@type\":\"PropertyValueSpecification\",\"valueRequired\":true,\"valueName\":\"search_term_string\"}}],\"inLanguage\":\"es-AR\"}]}<\/script>\n<!-- \/ Yoast SEO plugin. -->","yoast_head_json":{"title":"Dijaide (Josue\u0301de\u0301) \u2013 Solo un poco de las palabras de Dupade leer\u00e9 &#8226; AYORE.ORG","robots":{"index":"index","follow":"follow","max-snippet":"max-snippet:-1","max-image-preview":"max-image-preview:large","max-video-preview":"max-video-preview:-1"},"canonical":"https:\/\/ayore.org\/es\/cultura\/ensenanzas\/dijaide-josuede-solo-un-poco-de-las-palabras-de-dupade-leere\/","og_locale":"es_ES","og_type":"article","og_title":"Dijaide (Josue\u0301de\u0301) \u2013 Solo un poco de las palabras de Dupade leer\u00e9 &#8226; AYORE.ORG","og_description":"Gar\u00f3si uje yajire Dupade Uruode to Dijaide ley\u00f3 la misma escritura que Uroi (Danieln\u00e9):Solo un poco de las palabras de Dupade leer\u00e9, las mismas escrituras que Dani\u00e9ln\u00e9 ley\u00f3 esta ma\u00f1ana. Leemos los mismos pasajes de las palabras de Dupade, pero","og_url":"https:\/\/ayore.org\/es\/cultura\/ensenanzas\/dijaide-josuede-solo-un-poco-de-las-palabras-de-dupade-leere\/","og_site_name":"AYORE.ORG","article_modified_time":"2019-05-18T23:33:15+00:00","twitter_card":"summary_large_image","twitter_misc":{"Tiempo de lectura":"5 minutos"},"schema":{"@context":"https:\/\/schema.org","@graph":[{"@type":"WebPage","@id":"https:\/\/ayore.org\/es\/cultura\/ensenanzas\/dijaide-josuede-solo-un-poco-de-las-palabras-de-dupade-leere\/","url":"https:\/\/ayore.org\/es\/cultura\/ensenanzas\/dijaide-josuede-solo-un-poco-de-las-palabras-de-dupade-leere\/","name":"Dijaide (Josue\u0301de\u0301) \u2013 Solo un poco de las palabras de Dupade leer\u00e9 &#8226; AYORE.ORG","isPartOf":{"@id":"https:\/\/ayore.org\/#website"},"datePublished":"2019-05-18T23:33:14+00:00","dateModified":"2019-05-18T23:33:15+00:00","breadcrumb":{"@id":"https:\/\/ayore.org\/es\/cultura\/ensenanzas\/dijaide-josuede-solo-un-poco-de-las-palabras-de-dupade-leere\/#breadcrumb"},"inLanguage":"es-AR","potentialAction":[{"@type":"ReadAction","target":["https:\/\/ayore.org\/es\/cultura\/ensenanzas\/dijaide-josuede-solo-un-poco-de-las-palabras-de-dupade-leere\/"]}]},{"@type":"BreadcrumbList","@id":"https:\/\/ayore.org\/es\/cultura\/ensenanzas\/dijaide-josuede-solo-un-poco-de-las-palabras-de-dupade-leere\/#breadcrumb","itemListElement":[{"@type":"ListItem","position":1,"name":"Inicio","item":"https:\/\/ayore.org\/es\/"},{"@type":"ListItem","position":2,"name":"Cultura","item":"https:\/\/ayore.org\/es\/cultura\/"},{"@type":"ListItem","position":3,"name":"Ense\u00f1anzas","item":"https:\/\/ayore.org\/es\/cultura\/ensenanzas\/"},{"@type":"ListItem","position":4,"name":"Dijaide (Josue\u0301de\u0301) \u2013 Solo un poco de las palabras de Dupade leer\u00e9"}]},{"@type":"WebSite","@id":"https:\/\/ayore.org\/#website","url":"https:\/\/ayore.org\/","name":"AYORE.ORG","description":"Idioma, Cultura e Historia de la Tribu Ayor\u00e9","potentialAction":[{"@type":"SearchAction","target":{"@type":"EntryPoint","urlTemplate":"https:\/\/ayore.org\/?s={search_term_string}"},"query-input":{"@type":"PropertyValueSpecification","valueRequired":true,"valueName":"search_term_string"}}],"inLanguage":"es-AR"}]}},"_links":{"self":[{"href":"https:\/\/ayore.org\/es\/wp-json\/wp\/v2\/pages\/3837","targetHints":{"allow":["GET"]}}],"collection":[{"href":"https:\/\/ayore.org\/es\/wp-json\/wp\/v2\/pages"}],"about":[{"href":"https:\/\/ayore.org\/es\/wp-json\/wp\/v2\/types\/page"}],"author":[{"embeddable":true,"href":"https:\/\/ayore.org\/es\/wp-json\/wp\/v2\/users\/5"}],"replies":[{"embeddable":true,"href":"https:\/\/ayore.org\/es\/wp-json\/wp\/v2\/comments?post=3837"}],"version-history":[{"count":1,"href":"https:\/\/ayore.org\/es\/wp-json\/wp\/v2\/pages\/3837\/revisions"}],"predecessor-version":[{"id":3838,"href":"https:\/\/ayore.org\/es\/wp-json\/wp\/v2\/pages\/3837\/revisions\/3838"}],"up":[{"embeddable":true,"href":"https:\/\/ayore.org\/es\/wp-json\/wp\/v2\/pages\/298"}],"wp:attachment":[{"href":"https:\/\/ayore.org\/es\/wp-json\/wp\/v2\/media?parent=3837"}],"curies":[{"name":"wp","href":"https:\/\/api.w.org\/{rel}","templated":true}]}}