{"id":3833,"date":"2019-05-18T20:33:31","date_gmt":"2019-05-18T20:33:31","guid":{"rendered":"https:\/\/ayore.org\/?page_id=3833"},"modified":"2019-05-18T20:33:33","modified_gmt":"2019-05-18T20:33:33","slug":"dijaide-josuede-no-he-olvidado-a-dupade","status":"publish","type":"page","link":"https:\/\/ayore.org\/es\/cultura\/ensenanzas\/dijaide-josuede-no-he-olvidado-a-dupade\/","title":{"rendered":"Dijaide (Josue\u0301de\u0301) \u2013 No he olvidado a Dupade"},"content":{"rendered":"\n<p>Que yicadiguip\u00edse <em>Dupade<\/em><\/p>\n\n\n\n<p><strong><em>No he olvidado a Dupade:<\/em><\/strong><br>Estoy tan agradecido de poder estar aqu\u00ed en Cochabamba con otros creyentes en <em>Dupade<\/em> como ustedes. Pero lo que me alegra m\u00e1s es que no he olvidado a <em>Dupade<\/em>. Que no lo he sacado de mi mente o de mi coraz\u00f3n. Le agradezco a <em>Dupade<\/em> que me trajo a Cochabamba para que pudiera regocijarme con ustedes y adorar a Su Hijo Jesucristo.<\/p>\n\n\n\n<p><strong><em>Estoy tan feliz de poder ayudar a la Se\u00f1ora Marina:<\/em><\/strong><br>Estoy seguro de que <em>Dupade<\/em> me ha enviado aqu\u00ed y me ha mantenido a salvo mientras viajaba. Le agradezco que, en respuesta a mis oraciones, mi esposa est\u00e1 mejorando. <em>Dupade<\/em> me ha ayudado de muchas maneras, ya que le he estado orando fervientemente.<\/p>\n\n\n\n<p>Hablo con \u00c9l todos los d\u00edas y tambi\u00e9n todas las noches, en mi casa, y ahora, aqu\u00ed tambi\u00e9n en Cochabamba. Estoy tan agradecido ahora que mi esposa se est\u00e1 recuperando. No hay forma de que abandone a <em>Dupade<\/em> o lo saque de mi vida, ni ahora ni en el futuro, nunca.<\/p>\n\n\n\n<p><strong><em>Estoy traduciendo las Palabras de Dupade al lenguaje de mi gente:<\/em><\/strong><br>Tambi\u00e9n estoy muy agradecido de que <em>Dupade<\/em> me haya dado sabidur\u00eda para traducir su Palabra, \u00a1como si tuviera suficiente educaci\u00f3n para esa tarea! S\u00e9 que es solo por <em>Dupade<\/em> que s\u00e9 c\u00f3mo hacer lo que hago; es <em>Dupade<\/em> quien me da sabidur\u00eda e inspiraci\u00f3n. As\u00ed es como puedo entender estas cosas de <em>Dupade<\/em> que debo traducir. Realmente le agradezco que la sabidur\u00eda que tengo permanece en m\u00ed y nunca me abandona. Tambi\u00e9n estoy agradecido de que me haya dado un amor por la Palabra de <em>Dupade<\/em>.<\/p>\n\n\n\n<p><strong><em>Mi pasado:<\/em><\/strong><br>Hice algunas cosas realmente malas en el pasado, pero fue porque Satan\u00e1s estaba trabajando en m\u00ed vida; pero cuando recuerdo a <em>Dupade<\/em> y le hablo, <em>Dupade<\/em> responde y hace lo que le pido que hiciera. \u00c9l va conmigo a todas partes, y ahora Satan\u00e1s no puede hacer las cosas horribles que alguna vez hizo. \u00c9l no puede enga\u00f1arme. <em>Dupade<\/em> siempre me est\u00e1 devolviendo a si mismo porque sabe que no lo he olvidado.<\/p>\n\n\n\n<p>&nbsp;&nbsp;&nbsp;&nbsp;&nbsp;&nbsp;&nbsp;&nbsp;&nbsp;&nbsp;&nbsp;&nbsp; Y \u00e9l arroja los demonios de Satan\u00e1s de mi coraz\u00f3n. El Esp\u00edritu Santo de <em>Dupade<\/em> es quien arroja los demonios de Satan\u00e1s fuera de m\u00ed. Y luego, mi mente vuelve a agarrar la presencia de <em>Dupade<\/em>, ya que Satan\u00e1s no est\u00e1 dentro de m\u00ed. Oh, qu\u00e9 feliz estoy de haber perdido toda la fealdad que hab\u00eda dentro de m\u00ed, y s\u00e9 que es porque el Esp\u00edritu Santo me ha encontrado.<\/p>\n\n\n\n<p><strong><em>Mi mente nunca m\u00e1s puede dejar a Dupade:<\/em><\/strong><br>Y ahora no hay tiempo cuando no estoy pensando en las cosas de <em>Dupade<\/em>. Y cuando tengo la tentaci\u00f3n de pecar, le cuento r\u00e1pidamente a <em>Dupade<\/em>. Eso es porque mis pensamientos nunca m\u00e1s pueden irse de <em>Dupade<\/em>. No me es posible volver a hacer lo que Satan\u00e1s quiere que haga. Le agradezco a <em>Dupade<\/em> que puedo reconocer que las cosas bellas con las que Satan\u00e1s me tent\u00f3 provinieron de \u00e9l.<\/p>\n\n\n\n<p>A veces, Satan\u00e1s todav\u00eda me los muestra. \u00c9l dice: &#8220;\u00a1Hazlo! \u00a1Hazlo! \u00a1Es bonito! \u00a1Estar\u00e1s bien!&#8221; o, \u00e9l me dir\u00e1:&#8221; \u00a1Ser\u00e1s rico! &#8220;<\/p>\n\n\n\n<p>Pero reconozco que es Satan\u00e1s quien me habla, y entonces, me niego a hacer lo que el quiere que haga. Digo acerca de esas cosas: &#8220;No, no me har\u00e1 rico en absoluto. Nada que Satan\u00e1s quiera que haga en este mundo me har\u00e1 rico. No har\u00e9 lo que Satan\u00e1s quiere que haga. Seguir\u00e9 buscando conocer m\u00e1s de la Palabra de <em>Dupade<\/em>&#8220;.<\/p>\n\n\n\n<p>&#8220;Esas cosas no son hermosas&#8221;, me digo, y luego el Esp\u00edritu Santo viene a m\u00ed y, a veces, lo siento dentro de m\u00ed. Eso es lo que sucede cuando rechazo las cosas que Satan\u00e1s quiere darme.<\/p>\n\n\n\n<p><strong><em>Dupade me ha cuidado desde mi infancia:<\/em><\/strong><br>Siempre fui consciente de c\u00f3mo era cuando era un ni\u00f1o peque\u00f1o hace mucho tiempo y <em>Dupade<\/em> me estaba cuidando. Yo era un hu\u00e9rfano y no ten\u00eda comida para comer. Hubo d\u00edas en que no tuve suficiente para comer. No ten\u00eda ropa. No com\u00ed. No ten\u00eda dinero. Pero, sol\u00eda orar a <em>Dupade<\/em> en mi estado de hu\u00e9rfano.<\/p>\n\n\n\n<p>Oraba fervientemente a <em>Dupade<\/em>, y \u00e9l vino a mi coraz\u00f3n. Y \u00e9l me ayud\u00f3. No solo en mi estado de ser hu\u00e9rfano, sino tambi\u00e9n ahora. Examino mi coraz\u00f3n y veo que mi fe ya no es tan peque\u00f1a, sino mucho m\u00e1s grande.<\/p>\n\n\n\n<p><strong><em>C\u00f3mo hablo con Dupade:<\/em><\/strong><br>As\u00ed es como le hablo a <em>Dupade<\/em> sobre las cosas que me son demasiado grandes para m\u00ed. Algunas pruebas son tan grandes que no puedo superar esas cosas feas que Satan\u00e1s me trae. Pero recuerdo que <em>Dupade<\/em> dijo que nada es demasiado dif\u00edcil para \u00e9l y luego le hablo y le digo: &#8220;<em>Dupade<\/em>, ves que soy una persona d\u00e9bil y com\u00fan y no, de todos modos, un <em>*daijnai<\/em> poderoso&#8221;. Nunca he hecho algo poderoso en mi vida. No valgo nada. Pero, por otro lado, eres tu m\u00e1s grande que todo lo dem\u00e1s. Por lo tanto, te estoy pidiendo tu ayuda con *<em>estas cosas de las que no puedo sacar la carne<\/em>. No hay nadie en este mundo que pueda *<em>sacarles la carne<\/em>. No hay un *<em>coj\u00f1oi<\/em> en el mundo que pueda hacerlo. Entonces, qu\u00edtame esa prueba, sac\u00e1rmela de mi coraz\u00f3n.<\/p>\n\n\n\n<p><strong><em>Dupade arroja a Satan\u00e1s fuera de mi coraz\u00f3n:<\/em><\/strong><br>As\u00ed es como van mis oraciones, y luego el Esp\u00edritu Santo se apodera de mi coraz\u00f3n. Y estoy tan feliz despu\u00e9s cuando siento que estas cosas feas ya no est\u00e1n en mi coraz\u00f3n ahora que el Esp\u00edritu Santo me ha alcanzado. \u00c9l ha expulsado a Satan\u00e1s de mis entra\u00f1as. Y mi mente est\u00e1 en paz y estoy libre de esas desagradables tentaciones.<\/p>\n\n\n\n<p><strong><em>Orando en la voluntad de Dupade:<\/em><\/strong><br>Estaba orando ayer cuando record\u00e9 que deber\u00eda a\u00f1adir esto a mis oraciones: &#8220;Si es tu voluntad, <em>Dupade<\/em>.\u201d<\/p>\n\n\n\n<p>No deseo que <em>Dupade<\/em> conteste conforme mi propia\nvoluntad humana, por que es para nada. La voluntad del Esp\u00edritu Santo est\u00e1\ndentro de m\u00ed, como tambi\u00e9n la del Hijo de <em>Dupade<\/em>.\nEntonces as\u00ed debo orar: \u201c<em>Dupade<\/em>, te\npido que se sane mi esposa, si es tu voluntad. Puedes ver cu\u00e1nto extra\u00f1o a mis\nhijos mientras hablo contigo y te pido que los ayudes con las cosas mientras\nestoy lejos de ellos.\u201d<\/p>\n\n\n\n<p><strong><em>Jes\u00fas dijo a sus disc\u00edpulos: &#8216;Ve, tr\u00e1eme a todo el pueblo y ens\u00e9\u00f1ales&#8217;.<\/em><\/strong><br>Nunca olvidar\u00e9 las Palabras de <em>Dupade<\/em> que \u00e9l ense\u00f1\u00f3 a sus disc\u00edpulos y les dijo: &#8220;Id y traed a toda la gente, toda clase de pueblos tribales, y ens\u00e9\u00f1enles&#8221;. <\/p>\n\n\n\n<p>Y sus disc\u00edpulos lo\nobedecieron. Despegaron y salieron al mundo. Tambi\u00e9n les dijo algo m\u00e1s a sus\ndisc\u00edpulos, y lo escucharon. Realmente escucharon las lecciones de su maestro\nporque quer\u00edan escuchar lo que \u00e9l ten\u00eda que decir. \u00c9l les dijo: &#8220;Ve ahora\nmismo, ve al mundo&#8221;. Y se fueron, y le ense\u00f1aron a la gente en el mundo.\nEllos les explicaron las cosas. Les dijeron que no prestaran atenci\u00f3n a las\npersonas que los odiaban.<\/p>\n\n\n\n<p>\u00c9l dijo: &#8220;Ve, ve al mundo, ense\u00f1a a <em>los Coj\u00f1one, los Ayor\u00e9os, los Menen\u00e9ngone<\/em>, todos en todo el mundo. Y si consideran que <em>mi Palabra<\/em> es el pago de su servicio en este mundo, cuando lleguen a la ciudad de mi Padre en el cielo, recibir\u00e1n una recompensa &#8220;.<br><\/p>\n\n\n\n<p>Y este era su plan para sus disc\u00edpulos. Y se dispersaron y fueron a buscar a la gente en el mundo. \u00c9l les dijo que el Esp\u00edritu Santo los acompa\u00f1ar\u00eda en el mundo. Y que no les faltar\u00eda nada. \u00c9l les dijo que la gente los gritar\u00eda, los azotar\u00edan, pero que no deber\u00edan prestar atenci\u00f3n a lo que les hicieron. M\u00e1s bien, deber\u00eda buscar hacer la voluntad de su maestro, sin importarles lo que sucediera.<\/p>\n\n\n\n<p><strong><em>Estos primeros j\u00f3venes no prestaron atenci\u00f3n a las cosas malas que les sucedieron:<\/em><\/strong><br>Y no puedo dejar de pensar en esto: c\u00f3mo debemos seguir el ejemplo de aquellos primeros disc\u00edpulos que no prestaron ninguna atenci\u00f3n a las cosas feas que sufrieron. Entonces, sigamos su ejemplo, incluso cuando nuestros compa\u00f1eros nos odien cuando asistimos a la iglesia. A pesar de que nos odian y se r\u00eden de nosotros, vamos a dejar que se burlen de nosotros. Pero, oramos por ellos. A\u00fan no saben lo que est\u00e1n haciendo. Siempre tenemos reuniones en nuestra aldea, y los ni\u00f1os se r\u00eden durante las reuniones. Pero a\u00fan no conocen a <em>Dupade<\/em>, por lo que no son respetuosos. Es bueno para nosotros orar por aquellos que a\u00fan no saben qu\u00e9 comportamiento es apropiado.<\/p>\n\n\n\n<p><strong><em>Satan\u00e1s es el que hace que las relaciones entre humanos est\u00e9n turbadas:<\/em><\/strong><br>Los planes de <em>Dupade<\/em> son siempre redentores. Pero a los humanos no nos gusta cuando las cosas nos duelen: el rega\u00f1o nos duele, las preocupaciones nos duelen, ser maltratados nos duele. Nosotros los humanos sentimos las cosas que nos suceden. Pero si nos duele, cu\u00e1nto m\u00e1s le duele a <em>Dupade<\/em> que es tan bueno. Se siente mal por nuestras malas maneras, y aunque no quiere que lo hagamos, hacemos cosas malas. \u00c9l quiere que nos amemos unos a otros aqu\u00ed en la tierra, pero no le obedecemos. Pero Satan\u00e1s es el que hace que las relaciones entre humanos est\u00e9n turbadas.<\/p>\n\n\n\n<p><strong><em>No imitemos a los que no creen:<\/em><\/strong><br>Pero, solo podemos continuar haciendo las cosas correctas cuando escuchamos los consejos de la Palabra de <em>Dupade<\/em>. Debemos ser firmes en nuestra fe. Pero cuando comenzamos a imitar a aquellos que no tienen fe, aquellos que buscan formas de influenciar a otras personas, err\u00f3neamente pensamos que seremos importantes si cedemos a ellos.<\/p>\n\n\n\n<p>Y no consideramos el hecho de que <em>Dupade<\/em> no quiere que nos consideremos superiores a los dem\u00e1s, y el no quiere que nos neguemos a ayudar a otros. \u00c9l no quiere que estemos enojados con los dem\u00e1s y pensemos que somos mejores de lo que son.<\/p>\n\n\n\n<p>Esta no es la voluntad de <em>Dupade<\/em> para nosotros en absoluto. Su voluntad es que nunca dejemos de pensar en \u00e9l. \u00c9l quiere que hagamos lo que \u00e9l quiere. No nos permitamos olvidarle a el, porque <em>Dupade<\/em> es el m\u00e1s importante en estos d\u00edas en que vivimos.<\/p>\n\n\n\n<p><strong><em>Vamos a orar a Dupade cuando Satan\u00e1s procura vencernos:<\/em><\/strong>&nbsp;&nbsp;&nbsp;&nbsp;&nbsp;&nbsp;&nbsp;&nbsp;&nbsp;&nbsp;&nbsp;&nbsp; Cuando Satan\u00e1s intenta\ncontrolarnos, \u00a1comencemos en seguida a orar a <em>Dupade<\/em>! Si le decimos que creemos en \u00e9l, <em>Dupade<\/em> expulsar\u00e1 a Satan\u00e1s de nuestras vidas. Y Satan\u00e1s tendr\u00e1 que\ndejarnos en paz. Sabemos que Satan\u00e1s siempre nos est\u00e1 molestando en todo lo que\npuede. \u00c9l nos muestra cosas terrenales para que las deseemos y olvidemos lo que\n<em>Dupade<\/em> nos ha dado. Satan\u00e1s tambi\u00e9n\nes poderoso, pero el poder de <em>Dupade<\/em>\nes mucho mayor que el suyo. Entonces, es bueno servir solo a <em>Dupade<\/em>. \u00c9l nunca nos har\u00e1 nada malo.<\/p>\n\n\n\n<p>Estoy muy agradecido por todas las formas en que <em>Dupade<\/em> me ha ayudado aqu\u00ed en este mundo. \u00c9l nunca me ha olvidado. Y no he olvidado su Palabra que dice: &#8220;Ir\u00e9 contigo hasta el fin del mundo. Tus semejantes pueden perseguirte, la gente del mundo puede hacerte mal, pero yo estar\u00e9 contigo siempre &#8220;.<\/p>\n\n\n\n<p><strong><em>Solo el Hijo de Dupade puede cambiar nuestra forma de pensar:<\/em><\/strong>&nbsp;&nbsp;&nbsp;&nbsp;&nbsp;&nbsp;&nbsp;&nbsp;&nbsp;&nbsp;&nbsp;&nbsp; No hay forma de que pueda\nyo olvidarlo nunca. Mi voluntad es no dejar a <em>Dupade<\/em> a un lado nunca. Quiero orarle todas las noches. No lo\ndejar\u00e9 de lado cuando est\u00e9 entre <em>los\nCoj\u00f1one<\/em>, ni cuando est\u00e9 entre <em>los\nAyoreos<\/em>. Cuando estoy con la gente en el mundo, lo siento por ellos, pero\nseg\u00fan la Palabra de <em>Dupade<\/em>, no me es\nposible cambiarlos. Solo el hijo de <em>Dupade<\/em>\npuede cambiar la direcci\u00f3n de sus corazones. Cuando se entregan a Jesucristo,\n\u00e9l lava las cosas feas que han hecho. Y luego, est\u00e1n unidos a \u00c9l.<\/p>\n\n\n\n<p>Eso es todo lo que\ntengo que decir esta noche, pero nunca olvidemos a <em>Dupade<\/em> cuando estemos juntos, ya sea <em>Ayoreos o Coj\u00f1one<\/em>, todos los que creemos en \u00c9l. Mantengamos\nnuestras mentes sobre \u00c9l todo el tiempo, recordando estar en comuni\u00f3n con el.\nEso es todo lo que tengo que decir.<\/p>\n\n\n\n<p><strong><u>Clave:<\/u><\/strong><br>Daijnai &#8211; Brujo, curandero, m\u00e9dico<br>Dupade &#8211; Dios<br>Palabras de Dupade &#8211; Palabras de Dios<br>Coj\u00f1one \u2013 Gente que no son ayoreos<br>Ayoreos \u2013 Gente del pueblo ayoreo<br>Menen\u00e9ngone &#8211; Todos los otros pueblos tribales como los Ayor\u00e9os<br>Cosas de las que no se puede sacar la carne \u2013 Problemas que uno no puede superar<\/p>\n\n\n\n<p>Dijaide &#8211; Cochabamba, Bolivia &#8211; 1970<br><em>Transcrito y traducido por: Maxine Morarie<\/em><\/p>\n\n\n<div class=\"navigation\"><div class=\"alignleft\"><a href=\"https:\/\/ayore.org\/es\/cultura\/ensenanzas\/dijaide-josuede-me-siento-atraido-a-la-palabra-de-dupade\/\"title=\"Dijaide (Josue\u0301de\u0301) \u2013 Me siento atra\u00eddo a la Palabra de Dupade\"><img loading=\"lazy\" decoding=\"async\" src=\"https:\/\/ayore.org\/wp-content\/uploads\/2018\/10\/left-arrow.png\" width=\"50\" height=\"48\" alt=\"left arrow\"><\/a><\/div><div class=\"alignright\"><a href=\"https:\/\/ayore.org\/es\/cultura\/ensenanzas\/dijaide-josuede-solo-un-poco-de-las-palabras-de-dupade-leere\/\"title=\"Dijaide (Josue\u0301de\u0301) \u2013 Solo un poco de las palabras de Dupade leer\u00e9\"><img loading=\"lazy\" decoding=\"async\" src=\"https:\/\/ayore.org\/wp-content\/uploads\/2018\/10\/right-arrow.png\" width=\"50\" height=\"48\" alt=\"right arrow\"><\/a><\/div>\n","protected":false},"excerpt":{"rendered":"<p>Que yicadiguip\u00edse Dupade No he olvidado a Dupade:Estoy tan agradecido de poder estar aqu\u00ed en Cochabamba con otros creyentes en Dupade como ustedes. Pero lo que me alegra m\u00e1s es que no he olvidado a Dupade. Que no lo he<\/p>\n","protected":false},"author":5,"featured_media":0,"parent":298,"menu_order":0,"comment_status":"closed","ping_status":"closed","template":"","meta":{"footnotes":""},"class_list":["post-3833","page","type-page","status-publish","hentry"],"yoast_head":"<!-- This site is optimized with the Yoast SEO plugin v27.4 - https:\/\/yoast.com\/product\/yoast-seo-wordpress\/ -->\n<title>Dijaide (Josue\u0301de\u0301) \u2013 No he olvidado a Dupade &#8226; AYORE.ORG<\/title>\n<meta name=\"robots\" content=\"index, follow, max-snippet:-1, max-image-preview:large, max-video-preview:-1\" \/>\n<link rel=\"canonical\" href=\"https:\/\/ayore.org\/es\/cultura\/ensenanzas\/dijaide-josuede-no-he-olvidado-a-dupade\/\" \/>\n<meta property=\"og:locale\" content=\"es_ES\" \/>\n<meta property=\"og:type\" content=\"article\" \/>\n<meta property=\"og:title\" content=\"Dijaide (Josue\u0301de\u0301) \u2013 No he olvidado a Dupade &#8226; AYORE.ORG\" \/>\n<meta property=\"og:description\" content=\"Que yicadiguip\u00edse Dupade No he olvidado a Dupade:Estoy tan agradecido de poder estar aqu\u00ed en Cochabamba con otros creyentes en Dupade como ustedes. Pero lo que me alegra m\u00e1s es que no he olvidado a Dupade. Que no lo he\" \/>\n<meta property=\"og:url\" content=\"https:\/\/ayore.org\/es\/cultura\/ensenanzas\/dijaide-josuede-no-he-olvidado-a-dupade\/\" \/>\n<meta property=\"og:site_name\" content=\"AYORE.ORG\" \/>\n<meta property=\"article:modified_time\" content=\"2019-05-18T20:33:33+00:00\" \/>\n<meta name=\"twitter:card\" content=\"summary_large_image\" \/>\n<meta name=\"twitter:label1\" content=\"Tiempo de lectura\" \/>\n\t<meta name=\"twitter:data1\" content=\"11 minutos\" \/>\n<script type=\"application\/ld+json\" class=\"yoast-schema-graph\">{\"@context\":\"https:\\\/\\\/schema.org\",\"@graph\":[{\"@type\":\"WebPage\",\"@id\":\"https:\\\/\\\/ayore.org\\\/es\\\/cultura\\\/ensenanzas\\\/dijaide-josuede-no-he-olvidado-a-dupade\\\/\",\"url\":\"https:\\\/\\\/ayore.org\\\/es\\\/cultura\\\/ensenanzas\\\/dijaide-josuede-no-he-olvidado-a-dupade\\\/\",\"name\":\"Dijaide (Josue\u0301de\u0301) \u2013 No he olvidado a Dupade &#8226; AYORE.ORG\",\"isPartOf\":{\"@id\":\"https:\\\/\\\/ayore.org\\\/#website\"},\"datePublished\":\"2019-05-18T20:33:31+00:00\",\"dateModified\":\"2019-05-18T20:33:33+00:00\",\"breadcrumb\":{\"@id\":\"https:\\\/\\\/ayore.org\\\/es\\\/cultura\\\/ensenanzas\\\/dijaide-josuede-no-he-olvidado-a-dupade\\\/#breadcrumb\"},\"inLanguage\":\"es-AR\",\"potentialAction\":[{\"@type\":\"ReadAction\",\"target\":[\"https:\\\/\\\/ayore.org\\\/es\\\/cultura\\\/ensenanzas\\\/dijaide-josuede-no-he-olvidado-a-dupade\\\/\"]}]},{\"@type\":\"BreadcrumbList\",\"@id\":\"https:\\\/\\\/ayore.org\\\/es\\\/cultura\\\/ensenanzas\\\/dijaide-josuede-no-he-olvidado-a-dupade\\\/#breadcrumb\",\"itemListElement\":[{\"@type\":\"ListItem\",\"position\":1,\"name\":\"Inicio\",\"item\":\"https:\\\/\\\/ayore.org\\\/es\\\/\"},{\"@type\":\"ListItem\",\"position\":2,\"name\":\"Cultura\",\"item\":\"https:\\\/\\\/ayore.org\\\/es\\\/cultura\\\/\"},{\"@type\":\"ListItem\",\"position\":3,\"name\":\"Ense\u00f1anzas\",\"item\":\"https:\\\/\\\/ayore.org\\\/es\\\/cultura\\\/ensenanzas\\\/\"},{\"@type\":\"ListItem\",\"position\":4,\"name\":\"Dijaide (Josue\u0301de\u0301) \u2013 No he olvidado a Dupade\"}]},{\"@type\":\"WebSite\",\"@id\":\"https:\\\/\\\/ayore.org\\\/#website\",\"url\":\"https:\\\/\\\/ayore.org\\\/\",\"name\":\"AYORE.ORG\",\"description\":\"Idioma, Cultura e Historia de la Tribu Ayor\u00e9\",\"potentialAction\":[{\"@type\":\"SearchAction\",\"target\":{\"@type\":\"EntryPoint\",\"urlTemplate\":\"https:\\\/\\\/ayore.org\\\/?s={search_term_string}\"},\"query-input\":{\"@type\":\"PropertyValueSpecification\",\"valueRequired\":true,\"valueName\":\"search_term_string\"}}],\"inLanguage\":\"es-AR\"}]}<\/script>\n<!-- \/ Yoast SEO plugin. -->","yoast_head_json":{"title":"Dijaide (Josue\u0301de\u0301) \u2013 No he olvidado a Dupade &#8226; AYORE.ORG","robots":{"index":"index","follow":"follow","max-snippet":"max-snippet:-1","max-image-preview":"max-image-preview:large","max-video-preview":"max-video-preview:-1"},"canonical":"https:\/\/ayore.org\/es\/cultura\/ensenanzas\/dijaide-josuede-no-he-olvidado-a-dupade\/","og_locale":"es_ES","og_type":"article","og_title":"Dijaide (Josue\u0301de\u0301) \u2013 No he olvidado a Dupade &#8226; AYORE.ORG","og_description":"Que yicadiguip\u00edse Dupade No he olvidado a Dupade:Estoy tan agradecido de poder estar aqu\u00ed en Cochabamba con otros creyentes en Dupade como ustedes. Pero lo que me alegra m\u00e1s es que no he olvidado a Dupade. Que no lo he","og_url":"https:\/\/ayore.org\/es\/cultura\/ensenanzas\/dijaide-josuede-no-he-olvidado-a-dupade\/","og_site_name":"AYORE.ORG","article_modified_time":"2019-05-18T20:33:33+00:00","twitter_card":"summary_large_image","twitter_misc":{"Tiempo de lectura":"11 minutos"},"schema":{"@context":"https:\/\/schema.org","@graph":[{"@type":"WebPage","@id":"https:\/\/ayore.org\/es\/cultura\/ensenanzas\/dijaide-josuede-no-he-olvidado-a-dupade\/","url":"https:\/\/ayore.org\/es\/cultura\/ensenanzas\/dijaide-josuede-no-he-olvidado-a-dupade\/","name":"Dijaide (Josue\u0301de\u0301) \u2013 No he olvidado a Dupade &#8226; AYORE.ORG","isPartOf":{"@id":"https:\/\/ayore.org\/#website"},"datePublished":"2019-05-18T20:33:31+00:00","dateModified":"2019-05-18T20:33:33+00:00","breadcrumb":{"@id":"https:\/\/ayore.org\/es\/cultura\/ensenanzas\/dijaide-josuede-no-he-olvidado-a-dupade\/#breadcrumb"},"inLanguage":"es-AR","potentialAction":[{"@type":"ReadAction","target":["https:\/\/ayore.org\/es\/cultura\/ensenanzas\/dijaide-josuede-no-he-olvidado-a-dupade\/"]}]},{"@type":"BreadcrumbList","@id":"https:\/\/ayore.org\/es\/cultura\/ensenanzas\/dijaide-josuede-no-he-olvidado-a-dupade\/#breadcrumb","itemListElement":[{"@type":"ListItem","position":1,"name":"Inicio","item":"https:\/\/ayore.org\/es\/"},{"@type":"ListItem","position":2,"name":"Cultura","item":"https:\/\/ayore.org\/es\/cultura\/"},{"@type":"ListItem","position":3,"name":"Ense\u00f1anzas","item":"https:\/\/ayore.org\/es\/cultura\/ensenanzas\/"},{"@type":"ListItem","position":4,"name":"Dijaide (Josue\u0301de\u0301) \u2013 No he olvidado a Dupade"}]},{"@type":"WebSite","@id":"https:\/\/ayore.org\/#website","url":"https:\/\/ayore.org\/","name":"AYORE.ORG","description":"Idioma, Cultura e Historia de la Tribu Ayor\u00e9","potentialAction":[{"@type":"SearchAction","target":{"@type":"EntryPoint","urlTemplate":"https:\/\/ayore.org\/?s={search_term_string}"},"query-input":{"@type":"PropertyValueSpecification","valueRequired":true,"valueName":"search_term_string"}}],"inLanguage":"es-AR"}]}},"_links":{"self":[{"href":"https:\/\/ayore.org\/es\/wp-json\/wp\/v2\/pages\/3833","targetHints":{"allow":["GET"]}}],"collection":[{"href":"https:\/\/ayore.org\/es\/wp-json\/wp\/v2\/pages"}],"about":[{"href":"https:\/\/ayore.org\/es\/wp-json\/wp\/v2\/types\/page"}],"author":[{"embeddable":true,"href":"https:\/\/ayore.org\/es\/wp-json\/wp\/v2\/users\/5"}],"replies":[{"embeddable":true,"href":"https:\/\/ayore.org\/es\/wp-json\/wp\/v2\/comments?post=3833"}],"version-history":[{"count":1,"href":"https:\/\/ayore.org\/es\/wp-json\/wp\/v2\/pages\/3833\/revisions"}],"predecessor-version":[{"id":3834,"href":"https:\/\/ayore.org\/es\/wp-json\/wp\/v2\/pages\/3833\/revisions\/3834"}],"up":[{"embeddable":true,"href":"https:\/\/ayore.org\/es\/wp-json\/wp\/v2\/pages\/298"}],"wp:attachment":[{"href":"https:\/\/ayore.org\/es\/wp-json\/wp\/v2\/media?parent=3833"}],"curies":[{"name":"wp","href":"https:\/\/api.w.org\/{rel}","templated":true}]}}