{"id":3826,"date":"2019-05-18T02:35:11","date_gmt":"2019-05-18T02:35:11","guid":{"rendered":"https:\/\/ayore.org\/?page_id=3826"},"modified":"2019-05-18T02:35:12","modified_gmt":"2019-05-18T02:35:12","slug":"dijaide-josuede-me-siento-atraido-a-la-palabra-de-dupade","status":"publish","type":"page","link":"https:\/\/ayore.org\/es\/cultura\/ensenanzas\/dijaide-josuede-me-siento-atraido-a-la-palabra-de-dupade\/","title":{"rendered":"Dijaide (Josue\u0301de\u0301) \u2013 Me siento atra\u00eddo a la Palabra de Dupade"},"content":{"rendered":"\n<p><em>Unerip\u00edsi\nDupade Uruode ome yu<\/em><\/p>\n\n\n\n<p><strong><em>El Esp\u00edritu Santo y nuestra carne est\u00e1n siempre en conflicto:<\/em><\/strong><br>Esta ha sido mi experiencia: cuando Satan\u00e1s est\u00e1 invadiendo mi mente, entonces la Palabra de Dupade no es tan atractiva para m\u00ed. Pero cuando el Esp\u00edritu Santo est\u00e1 en control, me hace querer realmente la Palabra de Dupade. \u00a1Lo encuentro muy lindo! Me encuentro deseando compartirla con otros. Estoy tan agradecido al Se\u00f1or cuando siento que el Esp\u00edritu Santo est\u00e1 activo en m\u00ed, pues entonces, me siento atra\u00eddo a la Palabra de Dupade. <em>(1 Juan 1:4 aja 10)<\/em><\/p>\n\n\n\n<p><strong><em>Dupade sabe cuando no estamos verdaderamente caminando con \u00c9l:<\/em><\/strong>&nbsp;&nbsp;&nbsp;&nbsp;&nbsp;&nbsp;&nbsp; <br>Puedo decirle a la gente que soy un creyente, pero recuerde que no es s\u00f3lo una cuesti\u00f3n de lo que decimos. Podemos enga\u00f1arnos a nosotros mismos. Puedo enga\u00f1arme a m\u00ed mismo.<\/p>\n\n\n\n<p>Si realmente no conf\u00edo en Jes\u00fas para mi salvaci\u00f3n, Jes\u00fas, que es Dupade, puede decirme en el futuro: &#8216;Has ense\u00f1ado a la gente, pero no cuenta para nada. Tu nombre no est\u00e1 en el <em>Libro de la Vida<\/em>. Ninguna de las cosas que dijiste que hiciste por m\u00ed est\u00e1 en mi libro.&#8217;<\/p>\n\n\n\n<p>Si ese es mi caso en el futuro, y \u00e9l me dice \u2018Te estoy enviando al lago de fuego,\u2019 tendr\u00e9 mucho miedo. Cuando confiaba en mis propias buenas obras para salvarme en lugar de confiar en Jes\u00fas, yo mismo estaba determinando d\u00f3nde pasar\u00eda la eternidad. No s\u00f3lo enga\u00f1\u00e9 a otros acerca de ser un creyente, yo me hab\u00eda enga\u00f1ado a m\u00ed mismo tambi\u00e9n. Voy a gemir y decir: \u00a1Qu\u00e9 terrible destino! <\/p>\n\n\n\n<p>En ese d\u00eda futuro todos escucharemos lo que Jes\u00fas tiene que decir. Si mi nombre no est\u00e1 en su libro lo lamentar\u00e9, pero no podr\u00e9 hacer nada al respecto. En vano, desear\u00eda haberlo encontrado. Pero ya no habr\u00e1 m\u00e1s tiempo para arrepentirme de mi pecado, y poner mi fe en Jes\u00fas.<\/p>\n\n\n\n<p><strong><em>Vamos a rendirnos a Dupade hoy mismo:<\/em><\/strong><br>Mis queridos hermanos y hermanas, decidamos hoy ser reales y dejar de enga\u00f1ar a nosotros mismos y a los dem\u00e1s sobre nuestra condici\u00f3n espiritual. No podemos enga\u00f1ar a Jes\u00fas ni a su Padre. Entreguemos todo a Dupade hoy y en el futuro. Y no s\u00f3lo pretender creer en \u00e9l.<\/p>\n\n\n\n<p>Entregu\u00e9monos\ncompletamente a Dios poniendo nuestra fe en Cristo Jes\u00fas. No permitamos que\nnada malo entre en nuestras mentes.<\/p>\n\n\n\n<p>Si alguno de ustedes tiene pensamientos impuros, no esconder esto a Dios, porque Dupade ya sabe de ellos. El d\u00eda vendr\u00e1 cuando \u00e9l buscar\u00e1 nuestros nombres, y si no est\u00e1n all\u00ed en su libro, significa que ninguno de nuestros pecados anteriores ha sido perdonado. Eso es porque esa persona, quienquiera que sea, nunca hab\u00eda orado para que Dupade perdonara los pecados de su pasado.<\/p>\n\n\n\n<p><strong><em>Hay un remedio para el pecado:<\/em><\/strong><br>En este momento, sin embargo, podemos estar agradecidos de que hay un remedio para nuestro pecado, y ese remedio es la sangre de Jes\u00fas. Llamemos a Jes\u00fas para que perdone nuestros pecados, que nos purifica con su sangre. Y no escondemos ninguno de nuestros pecados, y no nos enga\u00f1emos a nosotros mismos.<\/p>\n\n\n\n<p><strong><em>Jes\u00fas dijo que debemos perdonar a los dema\u0301s:<\/em><\/strong><br>Creo que fue Pedro quien le habl\u00f3 a Jes\u00fas de estas cosas y le pregunt\u00f3: &#8216;Se\u00f1or, \u00bfqu\u00e9 haremos cuando un pr\u00f3jimo peca contra nosotros? \u00bfDeber\u00edamos dejar de ser amigos con \u00e9l, o debemos perdonarlo?&#8217;<\/p>\n\n\n\n<p>Pero Jes\u00fas le dijo: &#8216;No importa cu\u00e1ntas veces \u00e9l peca contra ti, recuerda c\u00f3mo en el pasado te he perdonado siempre. Ser como yo. Pi\u00e9nsalo de la misma manera que yo.&#8217; Eso es lo que Jes\u00fas dijo a sus disc\u00edpulos.<\/p>\n\n\n\n<p>No hay tiempo en el futuro, amigos m\u00edos, como hoy. Pon tu fe en Dupade hoy. Dejemos de enga\u00f1arnos a nosotros mismos.<\/p>\n\n\n\n<p>Quien sea que haya ocultado sus pecados en el pasado, mientras afirmaba ser creyente en Dupade, se estaba enga\u00f1ando a s\u00ed mismo de eso. Pero no estaba enga\u00f1ando a Dupade. Tenga en cuenta que podemos enga\u00f1arnos a nosotros mismos. Puedo ir enga\u00f1\u00e1ndome a m\u00ed mismo y llegar al final de mi vida, s\u00f3lo para encontrarme en el lago de fuego.<\/p>\n\n\n\n<p> Pero nuestro Se\u00f1or Jes\u00fas est\u00e1 lleno de gracia y quiere salvarnos y nos dir\u00eda: &#8220;Si est\u00e1s cansado de este mundo, y cansado de pecar y servir a Satan\u00e1s, ven a m\u00ed. Levantar\u00e9 las cargas de tu espalda.\u201d <\/p>\n\n\n\n<p>Nuestros pecados no perdonados son tan pesados. \u201cVen a mi,&#8221;  dijo, &#8220;y te quitar\u00e9 esa gran carga que llevas.\u201d Eso es lo que Jes\u00fas nos est\u00e1 diciendo. \u00c9l puede ayudarnos con nuestra carga de pecado.<\/p>\n\n\n\n<p><strong><em>Pero no debemos contar con creer en Jes\u00fas en un tiempo futuro:<\/em><\/strong><br>\u00a1No hay ma\u00f1ana cuando se trata de creer! Solamente hay hoy. Cuando Jes\u00fas regrese, la oportunidad de creer en \u00e9l ha terminado. El lago de fuego ser\u00e1 el siguiente paso, y ser\u00e1 terrible. El malestar y el dolor ser\u00e1n incesantes all\u00ed. Los gusanos estar\u00e1n all\u00ed con toda su inmundicia. Har\u00e1 olor malo all\u00ed. Un olor extra\u00f1o. El fuego arder\u00e1, pero no matar\u00e1 a la gente. La gente estar\u00e1 llorando. La gente rechinar\u00e1 los dientes. La gente gemir\u00e1 sin que nadie venga en su ayuda. Oh, qu\u00e9 terrible sufrimiento. La esencia misma del dolor continuamente.<\/p>\n\n\n\n<p><strong><em>\u00bfPor qu\u00e9 crees que la gente no teme a Dupade?<\/em><\/strong><br>\u00bfPor qu\u00e9 no tememos a Dupade? No le tememos porque hemos dejado de escucharlo. Pero, d\u00e9jenme decirles, en el futuro todos lo temeremos. Pero no podremos dirigirnos a \u00e9l porque el tiempo se habr\u00e1 agotado. No le queda tiempo para confiar en El. Por lo tanto, valdr\u00eda la pena no seguir endureciendo nuestros corazones y escucharlo hoy.  <em>(Hebreos 3:15)<\/em><br><\/p>\n\n\n\n<p>Este no es un mensaje largo, y se trata de s\u00f3lo una persona \u2013 el hombre Cristo Jes\u00fas. Y s\u00f3lo tengo una audiencia y eso es usted. Nadie en ning\u00fan lugar puede cambiar lo que Dupade dice. Hay una persona a la que vamos a ser responsables, y somos responsables ante \u00e9l hoy. \u00c9l es hermoso, amable, bueno, encantador; la \u00fanica fuente de paz; la \u00fanica fuente de sabidur\u00eda.<\/p>\n\n\n\n<p><strong><em>Dudar de Dupade es lo mismo que decirle: &#8220;Soy mayor que t\u00fa&#8221;:<\/em><\/strong><br>Dupade dice: &#8220;Tus pensamientos no son mis pensamientos en absoluto. Lo que piensas no es lo que yo pienso. S\u00f3lo tu puedes pensar un poco m\u00e1s adelante. Mientras yo puedo hacer planes hasta el fin de los tiempos.\u201d Esto es lo que Dupade nos dice. Por lo tanto, Dupade es m\u00e1s poderoso que nosotros y m\u00e1s sabio tambi\u00e9n.<em> (Isa\u00edas 55:8)<\/em><br><\/p>\n\n\n\n<p>Cuando decidimos no creer en Dupade, estamos diciendo: &#8220;Soy m\u00e1s grande que Dupade&#8221;. Qu\u00e9 arrogante e incorrecto pensar que somos m\u00e1s grandes que Dupade. Y a\u00fan peor para decirlo: &#8220;Yo dependo de m\u00ed mismo, porque soy mayor que Dupade&#8221;.<\/p>\n\n\n\n<p>En comparaci\u00f3n con Dupade que sabe todo desde el principio hasta el fin de los tiempos, no sabemos nada en absoluto.<em>)<\/em><\/p>\n\n\n\n<p>Dupade no tiene fin. Y es lo mismo ayer, hoy y siempre. Porque Dupade nunca cambia. Nunca envejece. Somos nosotros los que envejecemos. Y algunos envejecen, ignorando a Dupade. Qu\u00e9 triste condici\u00f3n.<\/p>\n\n\n\n<p><strong><em>Jes\u00fas nos explica las cosas, y todo acerca de las cosas buenas que vendr\u00e1n en el futuro:<\/em><\/strong><br>Este es el final de mi mensaje de hoy, pero record\u00e9moslo. No fue un mensaje largo, ni dif\u00edcil de entender. No fue dif\u00edcil. Principalmente porque soy igual que t\u00fa. Lo entendiste muy bien y sabes lo que Dupade quiere que hagas. Quiero que entiendas que Jes\u00fas te est\u00e1 diciendo: \u201cSi eres verdaderamente mi creyente, s\u00edgueme.\u201d <\/p>\n\n\n\n<p>Dijo a sus disc\u00edpulos: \u201cAma a tu pr\u00f3jimo de la misma manera que te amas a ti mismo\u201d. As\u00ed es como amar a tu pr\u00f3jimo: si alguien te pide algo, d\u00e1selo a \u00e9l si lo tienes. Y no le pidas que lo devuelva. Jes\u00fas nos dice: \u201cDar sin esperar que la persona le pague de vuelta.\u201d<\/p>\n\n\n\n<p>Estamos muy agradecidos hoy por estar aqu\u00ed con los dem\u00e1s, aprendiendo acerca de lo que Jes\u00fas dice acerca de tantas cosas buenas. No endurezcamos nuestros corazones a lo que tiene que decir, porque Jes\u00fas es nuestro Se\u00f1or. \u00c9l es consejero y tiene muchas cosas que compartir con nosotros. &nbsp;&nbsp;&nbsp;&nbsp;&nbsp;&nbsp;&nbsp;&nbsp;&nbsp;&nbsp;&nbsp; <\/p>\n\n\n\n<p><strong><em>Si somos verdaderos creyentes, esta ense\u00f1anza m\u00eda no nos ofender\u00e1:<\/em><\/strong><br>Estamos muy contentos esta ma\u00f1ana por haber entendido este peque\u00f1o mensaje. Creo que no fue dif\u00edcil de entender, pero no s\u00e9 si pudo haber ofendido a alguien, pero vino de la Palabra de Dupade. Dupade dice: \u201cSi alguien no cree en m\u00ed, si endurece su coraz\u00f3n contra m\u00ed, es porque todav\u00eda mucho ama este mundo. Y si s\u00f3lo piensa en este mundo presente, entonces \u00e9l no piensa que el cielo es un lugar real.\u201d Ser de este mundo significa que a\u00fan no eres del cielo. Nuestros mensajes de la Palabra de Dupade te ofenden por que eres defensivo del punto de vista mundano. <\/p>\n\n\n\n<p>\u201cEllos te odiar\u00e1n\ncuando ense\u00f1es acerca de m\u00ed\u201d, dijo Jes\u00fas, \u201cpero eso es lo que es\u201d.&nbsp;<\/p>\n\n\n\n<p><strong><em>La Palabra de Dupade ten\u00eda esto que decir al respecto:<\/em><\/strong><br><em>\u201c<\/em>Si somos verdaderos creyentes no nos ofendan las ense\u00f1anzas de la Palabra de Dios. Pero los que no creen en Dios se ofenden. Ellos piensan que estamos rega\u00f1\u00e1ndolos, pero la verdad es, que lo que ense\u00f1amos no viene de nosotros, sino de Jes\u00fas \u2013 es su palabra que predicamos. Pero eso es porque todav\u00eda no han puesto su fe en nada, no han cre\u00eddo en Jes\u00fas. Ellos aman las cosas del mundo que ven y s\u00f3lo esas cosas les atraen.<em> <\/em> <em>(Santiago 4:4)<\/em> <\/p>\n\n\n\n<p>Pero a ustedes, los que creen en \u00e9l, Dupade dice: \u201cNo te preocupes por lo que la gente de la tierra te diga. Esas personas no saben de qu\u00e9 est\u00e1n hablando porque no creen en m\u00ed, y todo funcionar\u00e1 para el bien en el futuro para los que confian en mi\u0301.\u201d Esto es tambi\u00e9n lo que Dios te di: \u201cPor muy mal que te traten ahora, al final es as\u00ed como ser\u00e1n tratados ellos.\u201d<\/p>\n\n\n\n<p>Es bueno que recordemos que tampoco debemos causar problemas a nuestros hermanos, ya que Dios defende a sus creyentes. Esto es porque son santos y separados para Dios que es santo. Cualquiera que los ofenda pagar\u00e1 por ello al final.<\/p>\n\n\n\n<p>\u00c9l nos dice: &#8220;Cree en m\u00ed. S\u00e9 verdadero y ten fe en m\u00ed, y si alguien habla mal de ti, no responda de la misma manera. Deja que me encargue de ello, conf\u00eda en m\u00ed. Habr\u00e1 un d\u00eda de recuento m\u00e1s tarde. Si persisten en sus feos caminos, los avergonzar\u00e9.\u201d<br><br> As\u00ed que, cuando alguien te odia, ora por \u00e9l. Perd\u00f3nalo, no importa lo que ha hecho en tu contra. De esa manera estaremos obedeciendo las palabras de Jes\u00fas que nos dijo que oremos al Se\u00f1or por nuestros enemigos. Qui\u00e9n sabe, esa persona puede llegar a conocer a Jes\u00fas tambi\u00e9n y estar unido con usted y con los dem\u00e1s que creen cuando Jes\u00fas regrese para llevarles al cielo con \u00e9l. <\/p>\n\n\n\n<p>Esto es todo lo que tengo que decir esta ma\u00f1ana. Gracias, mis amigos por ser tan tranquilo mientras yo ense\u00f1aba. Eso es todo.<\/p>\n\n\n\n<p><strong>Clave:<\/strong><br>Dupade &#8211; Dios<br>Palabra de Dupade &#8211; Palabra de Dios<\/p>\n\n\n\n<p><em>Dijaide \u2013 Rinc\u00f3n de Tigre \u2013 1975<\/em><br><em>Transcrito y traducido al espa\u00f1ol por: Maxine Morarie<\/em><br><em>Las porciones de la Escritura son agregadas al discurso<\/em><\/p>\n\n\n<div class=\"navigation\"><div class=\"alignleft\"><a href=\"https:\/\/ayore.org\/es\/cultura\/ensenanzas\/dijaide-josuede-no-tengan-miedo-de-presentarse-a-dupade\/\"title=\"Dijaide (Josue\u0301de\u0301) \u2013 No tengan miedo de presentarse a Dupade\"><img loading=\"lazy\" decoding=\"async\" src=\"https:\/\/ayore.org\/wp-content\/uploads\/2018\/10\/left-arrow.png\" width=\"50\" height=\"48\" alt=\"left arrow\"><\/a><\/div><div class=\"alignright\"><a href=\"https:\/\/ayore.org\/es\/cultura\/ensenanzas\/dijaide-josuede-no-he-olvidado-a-dupade\/\"title=\"Dijaide (Josue\u0301de\u0301) \u2013 No he olvidado a Dupade\"><img loading=\"lazy\" decoding=\"async\" src=\"https:\/\/ayore.org\/wp-content\/uploads\/2018\/10\/right-arrow.png\" width=\"50\" height=\"48\" alt=\"right arrow\"><\/a><\/div>\n","protected":false},"excerpt":{"rendered":"<p>Unerip\u00edsi Dupade Uruode ome yu El Esp\u00edritu Santo y nuestra carne est\u00e1n siempre en conflicto:Esta ha sido mi experiencia: cuando Satan\u00e1s est\u00e1 invadiendo mi mente, entonces la Palabra de Dupade no es tan atractiva para m\u00ed. Pero cuando el Esp\u00edritu<\/p>\n","protected":false},"author":5,"featured_media":0,"parent":298,"menu_order":0,"comment_status":"closed","ping_status":"closed","template":"","meta":{"footnotes":""},"class_list":["post-3826","page","type-page","status-publish","hentry"],"yoast_head":"<!-- This site is optimized with the Yoast SEO plugin v27.4 - https:\/\/yoast.com\/product\/yoast-seo-wordpress\/ -->\n<title>Dijaide (Josue\u0301de\u0301) \u2013 Me siento atra\u00eddo a la Palabra de Dupade &#8226; AYORE.ORG<\/title>\n<meta name=\"robots\" content=\"index, follow, max-snippet:-1, max-image-preview:large, max-video-preview:-1\" \/>\n<link rel=\"canonical\" href=\"https:\/\/ayore.org\/es\/cultura\/ensenanzas\/dijaide-josuede-me-siento-atraido-a-la-palabra-de-dupade\/\" \/>\n<meta property=\"og:locale\" content=\"es_ES\" \/>\n<meta property=\"og:type\" content=\"article\" \/>\n<meta property=\"og:title\" content=\"Dijaide (Josue\u0301de\u0301) \u2013 Me siento atra\u00eddo a la Palabra de Dupade &#8226; AYORE.ORG\" \/>\n<meta property=\"og:description\" content=\"Unerip\u00edsi Dupade Uruode ome yu El Esp\u00edritu Santo y nuestra carne est\u00e1n siempre en conflicto:Esta ha sido mi experiencia: cuando Satan\u00e1s est\u00e1 invadiendo mi mente, entonces la Palabra de Dupade no es tan atractiva para m\u00ed. Pero cuando el Esp\u00edritu\" \/>\n<meta property=\"og:url\" content=\"https:\/\/ayore.org\/es\/cultura\/ensenanzas\/dijaide-josuede-me-siento-atraido-a-la-palabra-de-dupade\/\" \/>\n<meta property=\"og:site_name\" content=\"AYORE.ORG\" \/>\n<meta property=\"article:modified_time\" content=\"2019-05-18T02:35:12+00:00\" \/>\n<meta name=\"twitter:card\" content=\"summary_large_image\" \/>\n<meta name=\"twitter:label1\" content=\"Tiempo de lectura\" \/>\n\t<meta name=\"twitter:data1\" content=\"10 minutos\" \/>\n<script type=\"application\/ld+json\" class=\"yoast-schema-graph\">{\"@context\":\"https:\\\/\\\/schema.org\",\"@graph\":[{\"@type\":\"WebPage\",\"@id\":\"https:\\\/\\\/ayore.org\\\/es\\\/cultura\\\/ensenanzas\\\/dijaide-josuede-me-siento-atraido-a-la-palabra-de-dupade\\\/\",\"url\":\"https:\\\/\\\/ayore.org\\\/es\\\/cultura\\\/ensenanzas\\\/dijaide-josuede-me-siento-atraido-a-la-palabra-de-dupade\\\/\",\"name\":\"Dijaide (Josue\u0301de\u0301) \u2013 Me siento atra\u00eddo a la Palabra de Dupade &#8226; AYORE.ORG\",\"isPartOf\":{\"@id\":\"https:\\\/\\\/ayore.org\\\/#website\"},\"datePublished\":\"2019-05-18T02:35:11+00:00\",\"dateModified\":\"2019-05-18T02:35:12+00:00\",\"breadcrumb\":{\"@id\":\"https:\\\/\\\/ayore.org\\\/es\\\/cultura\\\/ensenanzas\\\/dijaide-josuede-me-siento-atraido-a-la-palabra-de-dupade\\\/#breadcrumb\"},\"inLanguage\":\"es-AR\",\"potentialAction\":[{\"@type\":\"ReadAction\",\"target\":[\"https:\\\/\\\/ayore.org\\\/es\\\/cultura\\\/ensenanzas\\\/dijaide-josuede-me-siento-atraido-a-la-palabra-de-dupade\\\/\"]}]},{\"@type\":\"BreadcrumbList\",\"@id\":\"https:\\\/\\\/ayore.org\\\/es\\\/cultura\\\/ensenanzas\\\/dijaide-josuede-me-siento-atraido-a-la-palabra-de-dupade\\\/#breadcrumb\",\"itemListElement\":[{\"@type\":\"ListItem\",\"position\":1,\"name\":\"Inicio\",\"item\":\"https:\\\/\\\/ayore.org\\\/es\\\/\"},{\"@type\":\"ListItem\",\"position\":2,\"name\":\"Cultura\",\"item\":\"https:\\\/\\\/ayore.org\\\/es\\\/cultura\\\/\"},{\"@type\":\"ListItem\",\"position\":3,\"name\":\"Ense\u00f1anzas\",\"item\":\"https:\\\/\\\/ayore.org\\\/es\\\/cultura\\\/ensenanzas\\\/\"},{\"@type\":\"ListItem\",\"position\":4,\"name\":\"Dijaide (Josue\u0301de\u0301) \u2013 Me siento atra\u00eddo a la Palabra de Dupade\"}]},{\"@type\":\"WebSite\",\"@id\":\"https:\\\/\\\/ayore.org\\\/#website\",\"url\":\"https:\\\/\\\/ayore.org\\\/\",\"name\":\"AYORE.ORG\",\"description\":\"Idioma, Cultura e Historia de la Tribu Ayor\u00e9\",\"potentialAction\":[{\"@type\":\"SearchAction\",\"target\":{\"@type\":\"EntryPoint\",\"urlTemplate\":\"https:\\\/\\\/ayore.org\\\/?s={search_term_string}\"},\"query-input\":{\"@type\":\"PropertyValueSpecification\",\"valueRequired\":true,\"valueName\":\"search_term_string\"}}],\"inLanguage\":\"es-AR\"}]}<\/script>\n<!-- \/ Yoast SEO plugin. -->","yoast_head_json":{"title":"Dijaide (Josue\u0301de\u0301) \u2013 Me siento atra\u00eddo a la Palabra de Dupade &#8226; AYORE.ORG","robots":{"index":"index","follow":"follow","max-snippet":"max-snippet:-1","max-image-preview":"max-image-preview:large","max-video-preview":"max-video-preview:-1"},"canonical":"https:\/\/ayore.org\/es\/cultura\/ensenanzas\/dijaide-josuede-me-siento-atraido-a-la-palabra-de-dupade\/","og_locale":"es_ES","og_type":"article","og_title":"Dijaide (Josue\u0301de\u0301) \u2013 Me siento atra\u00eddo a la Palabra de Dupade &#8226; AYORE.ORG","og_description":"Unerip\u00edsi Dupade Uruode ome yu El Esp\u00edritu Santo y nuestra carne est\u00e1n siempre en conflicto:Esta ha sido mi experiencia: cuando Satan\u00e1s est\u00e1 invadiendo mi mente, entonces la Palabra de Dupade no es tan atractiva para m\u00ed. Pero cuando el Esp\u00edritu","og_url":"https:\/\/ayore.org\/es\/cultura\/ensenanzas\/dijaide-josuede-me-siento-atraido-a-la-palabra-de-dupade\/","og_site_name":"AYORE.ORG","article_modified_time":"2019-05-18T02:35:12+00:00","twitter_card":"summary_large_image","twitter_misc":{"Tiempo de lectura":"10 minutos"},"schema":{"@context":"https:\/\/schema.org","@graph":[{"@type":"WebPage","@id":"https:\/\/ayore.org\/es\/cultura\/ensenanzas\/dijaide-josuede-me-siento-atraido-a-la-palabra-de-dupade\/","url":"https:\/\/ayore.org\/es\/cultura\/ensenanzas\/dijaide-josuede-me-siento-atraido-a-la-palabra-de-dupade\/","name":"Dijaide (Josue\u0301de\u0301) \u2013 Me siento atra\u00eddo a la Palabra de Dupade &#8226; AYORE.ORG","isPartOf":{"@id":"https:\/\/ayore.org\/#website"},"datePublished":"2019-05-18T02:35:11+00:00","dateModified":"2019-05-18T02:35:12+00:00","breadcrumb":{"@id":"https:\/\/ayore.org\/es\/cultura\/ensenanzas\/dijaide-josuede-me-siento-atraido-a-la-palabra-de-dupade\/#breadcrumb"},"inLanguage":"es-AR","potentialAction":[{"@type":"ReadAction","target":["https:\/\/ayore.org\/es\/cultura\/ensenanzas\/dijaide-josuede-me-siento-atraido-a-la-palabra-de-dupade\/"]}]},{"@type":"BreadcrumbList","@id":"https:\/\/ayore.org\/es\/cultura\/ensenanzas\/dijaide-josuede-me-siento-atraido-a-la-palabra-de-dupade\/#breadcrumb","itemListElement":[{"@type":"ListItem","position":1,"name":"Inicio","item":"https:\/\/ayore.org\/es\/"},{"@type":"ListItem","position":2,"name":"Cultura","item":"https:\/\/ayore.org\/es\/cultura\/"},{"@type":"ListItem","position":3,"name":"Ense\u00f1anzas","item":"https:\/\/ayore.org\/es\/cultura\/ensenanzas\/"},{"@type":"ListItem","position":4,"name":"Dijaide (Josue\u0301de\u0301) \u2013 Me siento atra\u00eddo a la Palabra de Dupade"}]},{"@type":"WebSite","@id":"https:\/\/ayore.org\/#website","url":"https:\/\/ayore.org\/","name":"AYORE.ORG","description":"Idioma, Cultura e Historia de la Tribu Ayor\u00e9","potentialAction":[{"@type":"SearchAction","target":{"@type":"EntryPoint","urlTemplate":"https:\/\/ayore.org\/?s={search_term_string}"},"query-input":{"@type":"PropertyValueSpecification","valueRequired":true,"valueName":"search_term_string"}}],"inLanguage":"es-AR"}]}},"_links":{"self":[{"href":"https:\/\/ayore.org\/es\/wp-json\/wp\/v2\/pages\/3826","targetHints":{"allow":["GET"]}}],"collection":[{"href":"https:\/\/ayore.org\/es\/wp-json\/wp\/v2\/pages"}],"about":[{"href":"https:\/\/ayore.org\/es\/wp-json\/wp\/v2\/types\/page"}],"author":[{"embeddable":true,"href":"https:\/\/ayore.org\/es\/wp-json\/wp\/v2\/users\/5"}],"replies":[{"embeddable":true,"href":"https:\/\/ayore.org\/es\/wp-json\/wp\/v2\/comments?post=3826"}],"version-history":[{"count":3,"href":"https:\/\/ayore.org\/es\/wp-json\/wp\/v2\/pages\/3826\/revisions"}],"predecessor-version":[{"id":3829,"href":"https:\/\/ayore.org\/es\/wp-json\/wp\/v2\/pages\/3826\/revisions\/3829"}],"up":[{"embeddable":true,"href":"https:\/\/ayore.org\/es\/wp-json\/wp\/v2\/pages\/298"}],"wp:attachment":[{"href":"https:\/\/ayore.org\/es\/wp-json\/wp\/v2\/media?parent=3826"}],"curies":[{"name":"wp","href":"https:\/\/api.w.org\/{rel}","templated":true}]}}