{"id":381,"date":"2018-07-20T01:26:19","date_gmt":"2018-07-20T01:26:19","guid":{"rendered":"https:\/\/ayore.org\/?page_id=381"},"modified":"2019-02-21T02:53:28","modified_gmt":"2019-02-21T02:53:28","slug":"dejabi-asojna-el-pajaro-dios-era-nuestro-enemigo","status":"publish","type":"page","link":"https:\/\/ayore.org\/es\/cultura\/creencias\/dejabi-asojna-el-pajaro-dios-era-nuestro-enemigo\/","title":{"rendered":"Dejabi &#8211; Asojna el p\u00e1jaro-dios era nuestro enemigo"},"content":{"rendered":"<p><em>Chug\u00fape\u0303re Poringai Adode<\/em><\/p>\n<p><strong>El festival para el p\u00e1jaro que fue temido\u00a0<\/strong><\/p>\n<p><strong><em>Asojna, el p\u00e1jaro que los ayoreos ador\u00e1bamos, lo consider\u00e1bamos nuestro enemigo:<\/em><\/strong><\/p>\n<p>Pensamos que cuando nos detuvimos en un sitio para comer miel que el, en ese lugar, nos pod\u00eda matar. Todo lo que ten\u00eda que hacer era maldecirnos y con eso ser\u00eda el final de nosotros. O si un ayor\u00e9 comer\u00eda comida y luego afilaba una herramienta que morir\u00eda.<\/p>\n<p><strong><em>Los hombres mayores se despertaban a los m\u00e1s j\u00f3venes cuando llegaba el momento para el festival del p\u00e1jaro Asojna:<\/em><\/strong><\/p>\n<p>Los hombres maduros les dec\u00edan a los j\u00f3venes, &#8220;Despiertan , salgan del campamento y s\u00edguenle a Asojna en las selvas.\u201d<\/p>\n<p>Y nosotros, los hombres j\u00f3venes, obedecimos y salimos del campamento, en direcci\u00f3n oeste. Temprano en la ma\u00f1ana cuando todav\u00eda estaba obscuro los hombres maduros soplaron el pito ayoreo hecho de madera. Nosotros llevamos collares hechas de plumas blancas y largas, y en nuestras cabezas llevamos tocados hechos de piel de jaguar. Tambi\u00e9n llevamos collares de pitos en miniatura al salir del campamento y estos significaban los silbidos de Asojna.<\/p>\n<p>Cuando terminamos de adornarnos, los muchachos nos esperaban en las afueras del campamento con las cosas que llevar\u00edamos en la selva: calabazas para guardar miel, sogas que usamos para subir los \u00e1rboles en busca de miel, nuestras bolsas ayoreas, y nuestras hachas. Todo eso llevamos con nosotros cuando fuimos en busca de miel. Nos separamos y todos nosotros estar\u00edamos ayunando.<\/p>\n<p>Cuando llegamos con miel, los hombres maduros nos esperaban y nos azotaban. Entonces pod\u00edamos tomar agua de los fuentes hechas de madera, o de los canales de madera, o de las calabazas donde hab\u00edan guardado agua. Nos bebemos, pero escupimos el primer bocado de agua que mojaba la boca seca. R\u00e1pido escupimos ese primer bocado de agua, para ya tomar despu\u00e9s toda el agua que quer\u00edamos.<\/p>\n<p>Y cominos tambi\u00e9n la fruta \u2018<em>doridie\u2019<\/em> en la misma manera que se come las alcachofas, raspando las ojos sobre los dientes inferiores. Las mujeres se levantaban muy temprano en la ma\u00f1ana para ir\u00a0 a la selva en busca de la fruta &#8216;<em>doridie&#8217;<\/em>. Las cocinaban para tenerlas listas para cuando los hombres j\u00f3venes hab\u00edan regresado con la miel. Dec\u00edan a sus hijos, \u201cEsta fruta es para tu pap\u00e1 cuando llega.\u201d Algunas de ellas ya hubieran raspado adelante las partes blancas en las hojas para sus maridos.<\/p>\n<p>Los j\u00f3venes comimos miel junto con otras comidas durante la ceremonia. <em>\u00a0 \u00a0<\/em><\/p>\n<p>Llegamos al campamento cuando el sol hab\u00eda pasado el medio d\u00eda. Hicimos cruces y les pusimos de pie a lo largo del camino delante de nosotros a medida que entramos en el campamento. (La raz\u00f3n por la que ponen las cruces en frente de ellos era para que Asojna no pod\u00eda superarlos y hacer da\u00f1o a las mujeres en el campamento.)<\/p>\n<p>Llegando al campamento nos ba\u00f1amos y nos arreglamos bien.<\/p>\n<p>Y las mujeres tambi\u00e9n hac\u00edan cruces y los pusieron de pie entre ellos y los hombres.\u00a0 Los hombres de la antig\u00fcedad creyeron que Asojna tem\u00eda a las cruces.<\/p>\n<p>Tan pronto que estamos todos congregados en el campamento alg\u00fan cantante agarraba su maraca y empezaba a cantar. Pero a media noche el cantante se detendr\u00eda, y todo el mundo iba a dormir. Los cantantes m\u00e1s buenos cantaban acompa\u00f1ados de sus maracas, pues de acuerdo con los antiguos ayoreos, la maraca pertenece a Asojna.<\/p>\n<p>Pero durante los festivales las mujeres dir\u00edan a sus hijos, \u2018No mires a los hombres. Ellos son sagrados, y es tab\u00fa para mirarlos.\u2019 Tanto las mujeres como los ni\u00f1os estrictamente evitaron mirarlos.<\/p>\n<p>Algunos de los ni\u00f1itos se unir\u00edan a los hombres, pero las mujeres no se les permit\u00eda estar entre ellos.<\/p>\n<p><em>Dejabi (Sabiad\u00e9) \u2013 Campo Loro, Paraguay \u2013 1988.<\/em><\/p>\n<p><em>Transcrito y traducido al espa\u00f1ol por: Maxine Morarie.<\/em><\/p>\n<div class=\"navigation\"><div class=\"alignleft\"><a href=\"https:\/\/ayore.org\/es\/cultura\/creencias\/cajoide-cuando-un-jaguar-es-matado\/\"title=\"Cajoid\u00e9 &#8211; Cuando un Jaguar es matado\"><img loading=\"lazy\" decoding=\"async\" src=\"https:\/\/ayore.org\/wp-content\/uploads\/2018\/10\/left-arrow.png\" width=\"50\" height=\"48\" alt=\"left arrow\"><\/a><\/div><div class=\"alignright\"><a href=\"https:\/\/ayore.org\/es\/cultura\/creencias\/iquede-victimas-del-pajaro-dios\/\"title=\"Iquede\u0301 &#8211; Victimas del P\u00e1jaro-Dios\"><img loading=\"lazy\" decoding=\"async\" src=\"https:\/\/ayore.org\/wp-content\/uploads\/2018\/10\/right-arrow.png\" width=\"50\" height=\"48\" alt=\"right arrow\"><\/a><\/div>\n","protected":false},"excerpt":{"rendered":"<p>Chug\u00fape\u0303re Poringai Adode El festival para el p\u00e1jaro que fue temido\u00a0 Asojna, el p\u00e1jaro que los ayoreos ador\u00e1bamos, lo consider\u00e1bamos nuestro enemigo: Pensamos que cuando nos detuvimos en un sitio para comer miel que el, en ese lugar, nos pod\u00eda<\/p>\n","protected":false},"author":2,"featured_media":0,"parent":282,"menu_order":0,"comment_status":"closed","ping_status":"closed","template":"","meta":{"footnotes":""},"class_list":["post-381","page","type-page","status-publish","hentry"],"yoast_head":"<!-- This site is optimized with the Yoast SEO plugin v27.4 - https:\/\/yoast.com\/product\/yoast-seo-wordpress\/ -->\n<title>Ayore\u0301 Creencias: Asojna El P\u00e1jaro-Dios Era Nuestro Enemigo \u2022 Ayore.org<\/title>\n<meta name=\"robots\" content=\"index, follow, max-snippet:-1, max-image-preview:large, max-video-preview:-1\" \/>\n<link rel=\"canonical\" href=\"https:\/\/ayore.org\/es\/cultura\/creencias\/dejabi-asojna-el-pajaro-dios-era-nuestro-enemigo\/\" \/>\n<meta property=\"og:locale\" content=\"es_ES\" \/>\n<meta property=\"og:type\" content=\"article\" \/>\n<meta property=\"og:title\" content=\"Ayore\u0301 Creencias: Asojna El P\u00e1jaro-Dios Era Nuestro Enemigo \u2022 Ayore.org\" \/>\n<meta property=\"og:description\" content=\"Chug\u00fape\u0303re Poringai Adode El festival para el p\u00e1jaro que fue temido\u00a0 Asojna, el p\u00e1jaro que los ayoreos ador\u00e1bamos, lo consider\u00e1bamos nuestro enemigo: Pensamos que cuando nos detuvimos en un sitio para comer miel que el, en ese lugar, nos pod\u00eda\" \/>\n<meta property=\"og:url\" content=\"https:\/\/ayore.org\/es\/cultura\/creencias\/dejabi-asojna-el-pajaro-dios-era-nuestro-enemigo\/\" \/>\n<meta property=\"og:site_name\" content=\"AYORE.ORG\" \/>\n<meta property=\"article:modified_time\" content=\"2019-02-21T02:53:28+00:00\" \/>\n<meta name=\"twitter:card\" content=\"summary_large_image\" \/>\n<meta name=\"twitter:label1\" content=\"Tiempo de lectura\" \/>\n\t<meta name=\"twitter:data1\" content=\"3 minutos\" \/>\n<script type=\"application\/ld+json\" class=\"yoast-schema-graph\">{\"@context\":\"https:\\\/\\\/schema.org\",\"@graph\":[{\"@type\":\"WebPage\",\"@id\":\"https:\\\/\\\/ayore.org\\\/es\\\/cultura\\\/creencias\\\/dejabi-asojna-el-pajaro-dios-era-nuestro-enemigo\\\/\",\"url\":\"https:\\\/\\\/ayore.org\\\/es\\\/cultura\\\/creencias\\\/dejabi-asojna-el-pajaro-dios-era-nuestro-enemigo\\\/\",\"name\":\"Ayore\u0301 Creencias: Asojna El P\u00e1jaro-Dios Era Nuestro Enemigo \u2022 Ayore.org\",\"isPartOf\":{\"@id\":\"https:\\\/\\\/ayore.org\\\/#website\"},\"datePublished\":\"2018-07-20T01:26:19+00:00\",\"dateModified\":\"2019-02-21T02:53:28+00:00\",\"breadcrumb\":{\"@id\":\"https:\\\/\\\/ayore.org\\\/es\\\/cultura\\\/creencias\\\/dejabi-asojna-el-pajaro-dios-era-nuestro-enemigo\\\/#breadcrumb\"},\"inLanguage\":\"es-AR\",\"potentialAction\":[{\"@type\":\"ReadAction\",\"target\":[\"https:\\\/\\\/ayore.org\\\/es\\\/cultura\\\/creencias\\\/dejabi-asojna-el-pajaro-dios-era-nuestro-enemigo\\\/\"]}]},{\"@type\":\"BreadcrumbList\",\"@id\":\"https:\\\/\\\/ayore.org\\\/es\\\/cultura\\\/creencias\\\/dejabi-asojna-el-pajaro-dios-era-nuestro-enemigo\\\/#breadcrumb\",\"itemListElement\":[{\"@type\":\"ListItem\",\"position\":1,\"name\":\"Inicio\",\"item\":\"https:\\\/\\\/ayore.org\\\/es\\\/\"},{\"@type\":\"ListItem\",\"position\":2,\"name\":\"Cultura\",\"item\":\"https:\\\/\\\/ayore.org\\\/es\\\/cultura\\\/\"},{\"@type\":\"ListItem\",\"position\":3,\"name\":\"Creencias\",\"item\":\"https:\\\/\\\/ayore.org\\\/es\\\/cultura\\\/creencias\\\/\"},{\"@type\":\"ListItem\",\"position\":4,\"name\":\"Dejabi &#8211; Asojna el p\u00e1jaro-dios era nuestro enemigo\"}]},{\"@type\":\"WebSite\",\"@id\":\"https:\\\/\\\/ayore.org\\\/#website\",\"url\":\"https:\\\/\\\/ayore.org\\\/\",\"name\":\"AYORE.ORG\",\"description\":\"Idioma, Cultura e Historia de la Tribu Ayor\u00e9\",\"potentialAction\":[{\"@type\":\"SearchAction\",\"target\":{\"@type\":\"EntryPoint\",\"urlTemplate\":\"https:\\\/\\\/ayore.org\\\/?s={search_term_string}\"},\"query-input\":{\"@type\":\"PropertyValueSpecification\",\"valueRequired\":true,\"valueName\":\"search_term_string\"}}],\"inLanguage\":\"es-AR\"}]}<\/script>\n<!-- \/ Yoast SEO plugin. -->","yoast_head_json":{"title":"Ayore\u0301 Creencias: Asojna El P\u00e1jaro-Dios Era Nuestro Enemigo \u2022 Ayore.org","robots":{"index":"index","follow":"follow","max-snippet":"max-snippet:-1","max-image-preview":"max-image-preview:large","max-video-preview":"max-video-preview:-1"},"canonical":"https:\/\/ayore.org\/es\/cultura\/creencias\/dejabi-asojna-el-pajaro-dios-era-nuestro-enemigo\/","og_locale":"es_ES","og_type":"article","og_title":"Ayore\u0301 Creencias: Asojna El P\u00e1jaro-Dios Era Nuestro Enemigo \u2022 Ayore.org","og_description":"Chug\u00fape\u0303re Poringai Adode El festival para el p\u00e1jaro que fue temido\u00a0 Asojna, el p\u00e1jaro que los ayoreos ador\u00e1bamos, lo consider\u00e1bamos nuestro enemigo: Pensamos que cuando nos detuvimos en un sitio para comer miel que el, en ese lugar, nos pod\u00eda","og_url":"https:\/\/ayore.org\/es\/cultura\/creencias\/dejabi-asojna-el-pajaro-dios-era-nuestro-enemigo\/","og_site_name":"AYORE.ORG","article_modified_time":"2019-02-21T02:53:28+00:00","twitter_card":"summary_large_image","twitter_misc":{"Tiempo de lectura":"3 minutos"},"schema":{"@context":"https:\/\/schema.org","@graph":[{"@type":"WebPage","@id":"https:\/\/ayore.org\/es\/cultura\/creencias\/dejabi-asojna-el-pajaro-dios-era-nuestro-enemigo\/","url":"https:\/\/ayore.org\/es\/cultura\/creencias\/dejabi-asojna-el-pajaro-dios-era-nuestro-enemigo\/","name":"Ayore\u0301 Creencias: Asojna El P\u00e1jaro-Dios Era Nuestro Enemigo \u2022 Ayore.org","isPartOf":{"@id":"https:\/\/ayore.org\/#website"},"datePublished":"2018-07-20T01:26:19+00:00","dateModified":"2019-02-21T02:53:28+00:00","breadcrumb":{"@id":"https:\/\/ayore.org\/es\/cultura\/creencias\/dejabi-asojna-el-pajaro-dios-era-nuestro-enemigo\/#breadcrumb"},"inLanguage":"es-AR","potentialAction":[{"@type":"ReadAction","target":["https:\/\/ayore.org\/es\/cultura\/creencias\/dejabi-asojna-el-pajaro-dios-era-nuestro-enemigo\/"]}]},{"@type":"BreadcrumbList","@id":"https:\/\/ayore.org\/es\/cultura\/creencias\/dejabi-asojna-el-pajaro-dios-era-nuestro-enemigo\/#breadcrumb","itemListElement":[{"@type":"ListItem","position":1,"name":"Inicio","item":"https:\/\/ayore.org\/es\/"},{"@type":"ListItem","position":2,"name":"Cultura","item":"https:\/\/ayore.org\/es\/cultura\/"},{"@type":"ListItem","position":3,"name":"Creencias","item":"https:\/\/ayore.org\/es\/cultura\/creencias\/"},{"@type":"ListItem","position":4,"name":"Dejabi &#8211; Asojna el p\u00e1jaro-dios era nuestro enemigo"}]},{"@type":"WebSite","@id":"https:\/\/ayore.org\/#website","url":"https:\/\/ayore.org\/","name":"AYORE.ORG","description":"Idioma, Cultura e Historia de la Tribu Ayor\u00e9","potentialAction":[{"@type":"SearchAction","target":{"@type":"EntryPoint","urlTemplate":"https:\/\/ayore.org\/?s={search_term_string}"},"query-input":{"@type":"PropertyValueSpecification","valueRequired":true,"valueName":"search_term_string"}}],"inLanguage":"es-AR"}]}},"_links":{"self":[{"href":"https:\/\/ayore.org\/es\/wp-json\/wp\/v2\/pages\/381","targetHints":{"allow":["GET"]}}],"collection":[{"href":"https:\/\/ayore.org\/es\/wp-json\/wp\/v2\/pages"}],"about":[{"href":"https:\/\/ayore.org\/es\/wp-json\/wp\/v2\/types\/page"}],"author":[{"embeddable":true,"href":"https:\/\/ayore.org\/es\/wp-json\/wp\/v2\/users\/2"}],"replies":[{"embeddable":true,"href":"https:\/\/ayore.org\/es\/wp-json\/wp\/v2\/comments?post=381"}],"version-history":[{"count":3,"href":"https:\/\/ayore.org\/es\/wp-json\/wp\/v2\/pages\/381\/revisions"}],"predecessor-version":[{"id":3004,"href":"https:\/\/ayore.org\/es\/wp-json\/wp\/v2\/pages\/381\/revisions\/3004"}],"up":[{"embeddable":true,"href":"https:\/\/ayore.org\/es\/wp-json\/wp\/v2\/pages\/282"}],"wp:attachment":[{"href":"https:\/\/ayore.org\/es\/wp-json\/wp\/v2\/media?parent=381"}],"curies":[{"name":"wp","href":"https:\/\/api.w.org\/{rel}","templated":true}]}}