{"id":3801,"date":"2019-05-17T01:19:25","date_gmt":"2019-05-17T01:19:25","guid":{"rendered":"https:\/\/ayore.org\/?page_id=3801"},"modified":"2019-05-17T01:19:26","modified_gmt":"2019-05-17T01:19:26","slug":"pablo-dye-ayoreode-chuje-yai-nanique","status":"publish","type":"page","link":"https:\/\/ayore.org\/es\/cultura\/historia-oral\/pablo-dye-ayoreode-chuje-yai-nanique\/","title":{"rendered":"Pablo Dye \u2013 Ayore\u0301ode chuje\u0301 yai nanique"},"content":{"rendered":"\n<p><strong><em>Pablo Dye chatata dadode ome Campo\nLoro Gosode:<br>\n<\/em><\/strong>Yirasique yu uje\nyug\u00fasi uacajade iji de Campo Loro. Yacot\u00e9 i tu Patricia, ga uat\u00e9 pota jeta\naraj\u00e1yo uje chi unere uaqu\u00e9ode ome uat\u00e9. <\/p>\n\n\n\n<p><strong><em>Ayor\u00e9ode chuj\u00e9 Pablo dai nanique:<br>\n<\/em><\/strong>Yij\u00f5rai Cadui a e\nchingome uaque uje ayor\u00e9ode chuj\u00e9 yai nanique iji 1.943 uje qu\u00e9 disape yu\nnanique. Jecute que yujnusina yai gotique enga que yujn\u00fasi to go. Yidai u\nTobit\u00e9 nanique uje qu\u00e9 disi yu enga yirasiguipise yidai ut\u00e9 nanique.\nAyor\u00e9ode u uje ore chuj\u00e9 yai, mu que gusu yai, mu ore chuje yai u\u00f1ai to uje\ni tu Roberto, j\u00e9 aja udore ore jorane uje ore \u00edode u David, Jorge, Eldon ore.<\/p>\n\n\n\n<p><strong><em>Yuj\u00e9go y\u00f3gaja bu\u00e9yode g\u00e1yode uje yicag\u00f3ji Tobit\u00e9 nanique:<br> <\/em><\/strong>Uje quene yicag\u00f3ji Tobit\u00e9 nanique iji taningai enga it\u00e9, yinanie, uyoque yuj\u00e9go yogaja bu\u00e9yode g\u00e1yode. Uje yir\u00f5co Tobit\u00e9 yui, mu yai yus\u1e4drone ore chachai yoque. Uje ore chudute uje chi ore yui acot\u00e9 chic\u00e1ji Tobit\u00e9 enga ore pota jeta ore chachai uat\u00e9. Uje y\u0129r\u00edngo enga ore chojningame it\u00e9: \u201cYoco yoc\u00e1yugu uje yip\u00e9co bajnusi\u00e9tigade nanique. Ujetiga yiraj\u00e1gorase uje ueradei babai ore \u00e1yipiedie nanique enga, a ca yuj\u00e9gorase ore.\u201d<\/p>\n\n\n\n<p>It\u00e9 chajnai ore uruode ga chojninga: \u201cJ\u00e9 arec. Yimo uje\ne aj\u00e9ques\u00e9 uaque gu.\u201d<\/p>\n\n\n\n<p><strong><em>Jiei mision\u00e9rone uje ore tibagui ayor\u00e9ode uaqued\u00e1yode:<br>\n<\/em><\/strong>Jiei mision\u00e9rone uje\nore tib\u00e1gui ayor\u00e9ode uaqued\u00e1yode uje udore ore chiraja Dupade. Yipota jeta\nuac\u00e1yipiedie d\u00e9ji uje cuchade e ch\u00e9c\u00e3re re ome uaque enga aj\u00e9ques\u00e9 uaque gu\nuje udore chise uaque nanique enga ore chacate uagome Dupade Uruode. Mu gose\nDupade ijnoraqu\u00e9i. <\/p>\n\n\n\n<p>Chojninga:<br><em>\u201cYababode uaque a, yoquijnoraquei j\u00e9 ca u cuchade uje cachi gar\u00e3te yoquibijnanone. Mu j\u00e9 \u0169repise yoquijnoraquei enga pij\u00f3guiji yocadode ome \u00f1ane.\u201d (1 Juan 3:18)<\/em><\/p>\n\n\n\n<p>Jiei ore uje ore chojninga: \u201cYijn\u00f3ra yujode ayor\u00e9o\nar\u0129a.\u201d Mu cachi ore ur\u00fao. Mu Dupade uruode chojninga: \u2018Yoquijnoraquei j\u00e9 ca u\ncuchade uje cachi gar\u00e3te yoquibijnanone.\u2019 Cucha ibiraque jeta yojn\u00edjo, \u2018yijn\u00f3ra\nore,\u2019 mu cucha amiri d\u00e9ji ome yoque ujetiga yip\u00e9co, enga u ujetiga yujus\u00e9jo\nyocujode ayor\u00e9o to.<\/p>\n\n\n\n<p><em>\u201cMu j\u00e9\n\u0169repise yoquijnoraquei enga pij\u00f3guiji yocadode ome \u00f1ane,\u201d chojninga.<\/em><\/p>\n\n\n\n<p>Quene yoquijnoraquei pijoque uje yoco \u00f1ane quique, jeoga\nyip\u00e9co udore gajn\u00faone, enga j\u00e9 u uje ore chojninga: a yij\u00f5rai ut\u00e9 chijnora\ndojoi ayor\u00e9 uje cho quique gu.<\/p>\n\n\n\n<p>Que cachi Dupade ur\u00fao uje chijn\u00f3ra yoque, mu yim\u00f3ngo\nijnoraqu\u00e9dat\u00e9i ome yoque uje chiroque dajnacari aja jnumi nanique ujetiga\ntoji curesei gai ome yoque, ujetiga diga yanguret\u00e1go enga dai Dupade cho\ndabode iji yoque to.<\/p>\n\n\n\n<p><strong><em>Yai, jorane ore, ore chic\u00e1ji Bolivia nanique:<br>\n<\/em><\/strong>Yai, ut\u00e9 jorane ore,\nore chic\u00e1ji ore uniri Bolivia nanique. Que cachi ore ur\u00fao uje ore chijn\u00f3ra\nayor\u00e9ode ore. Mu ore t\u1ebdra re ome ayor\u00e9ode uje ore chucu\u00e9 ore nanique.\nYirajago uje \u0169r\u00e9 ore ijnoraquei gu uje ore chucu\u00e9 ore nanique enga ore t\u1ebdra\nre ome ore.<\/p>\n\n\n\n<p>Dupade Uruode chatata uje tadipise Dupade ijnoraquei ome yoque.&nbsp; Chojninga:<br><em>\u201cQue pijnoraquei pijoque gu yoquijnoraquei ome Dupade. Mu pijoque gu Dupade ijnoraquei ome yoque. Uje chingo yoque dajnoraqu\u00e9dat\u00e9i uje chiroque dabi aja er\u00e1mone nanique ujetiga cho yoquisijnaringu\u00e9one or\u00e9 ome datoringai.\u201d (1 Juan 4:10)<\/em><\/p>\n\n\n\n<p>Uje Dupade p\u00e9su cuchade mu que p\u00e9su dat\u00edgo bisideque.&nbsp; Mu p\u00e9su gu dajnoraquei. Uruode chojninga:<br><em>\u201cYiraj\u00e1go uje uacajn\u00f3ra\u00f1o Jesucr\u00edsto uje que am\u00f3\u00f1o ome uaquedodie. Que am\u00f3\u00f1o mar\u00ednga, j\u00e9 uacanguret\u00e1yo. Jecute uacarasiguipise uaque. Enga que uacar\u00farigo cus ome uacaninaquei ut\u00e9 uje uacarasiguipise uaque gu.\u201d (1 Pedro 1:8)<\/em><\/p>\n\n\n\n<p>Que yim\u00f3ngo Dupade ome yoquedodie, mu yijn\u00f3rango ut\u00e9. <\/p>\n\n\n\n<p><strong><em>Jnani chigocab\u00e9ode iji Colombia ore chisa yu:<\/em><\/strong><br>Sequer\u00e9 baj\u00e9 u dir\u00edca uje chigocab\u00e9ode iji Colombia ore chisa yu. Uje qu\u00e9 yug\u00fasi ore gare enga yicatec\u00e3\u0301ri ore enga yingome ore uje Dupade chijn\u00f3ra ore to, mu ore chojningame yu dir\u00edca: \u201cQue Dup\u00e1rique cusipise go.\u201d<\/p>\n\n\n\n<p>Mu yojningame ore: \u201cYingome uaque uje que yimo Dupade ome\nyedodie, mu yajire Dupade Uruode enga yir\u00e3r\u00e1ja gai. Enga uruode u uje\nchingome yu uje chijn\u00f3ra yoque. Dupa uecai u ut\u00e9. Ujetiga ca Dup\u00e1rique cuse\nenga a ca er\u00e1mi, gat\u00e9 cuse to, uje ut\u00e9 u gu uje ipesute ore nanique.\u201d<\/p>\n\n\n\n<p>Yojninga: \u201cOme uaque enga ujetiga ca pimo cuch\u00e1rique, enga\n\u00edjnoque. Jecute a ca \u1ebdtique cuse uje que pimo emi gu, \u00bfjec \u0169r\u00e9 yu a? A\nuacab\u00e9royop\u00edse uaquedodie iji jeta amo\u00f1o emi ome uaquedodie, mu a ca am\u00f3\u00f1o\njne. Mu uacaraj\u00e1yo uje d\u00e9ji uje uacam\u00f3\u00f1o adode gu uje chub\u00fachu cuchade.\u201d<\/p>\n\n\n\n<p>Ore cho paraque, uje que ore chiraja daru quit\u00edgome yu.\nMu quigade enga ore chojninga: \u201cYim\u00f3ngo adode ga yiraj\u00e1go uje emi cuse.\u201d<\/p>\n\n\n\n<p>Yojninga: \u201cJ\u00e9 \u0169r\u00e9 uaque. J\u00e9 cho Dupade to. Yim\u00f3ngo\nut\u00e9 adode to ga j\u00e9 u uje yiraj\u00e1go uje Dupade cuse. Cajicho poridie to, pore\numarip\u00edsedie ore. Uacaquec\u00e1yo, \u00bfj\u00e9 \u0169r\u00e9 yu a? Jecute uje yimo uaquedodie\nenga yiraja uje uacapesus\u1e4dri Dupade a eca to.\u201d<\/p>\n\n\n\n<p><strong><em>Dire gag\u00e1jnione u uje ug\u00fasi yisas\u1e4drone ore gari ica:<br>\n<\/em><\/strong>\u00bfAma ad\u00facho\nyisoc\u00e1ringome y\u00faringai juseque ica ya?&nbsp;\nDejaque ica enga yi guesi, mu yisas\u1e4drone ore mo jnese enga que ore\nchimo yu. Dejaque mu yise yachidi cuchabasuc. Yurugusiji yachidi aja dajei, mu\njesi cuse ga que yimopise yajiritique. Mu yac\u00e1ja cuchabasui ajei, enga\nyijocase enga j\u0129raque cuchabasui d\u00e9ji gat\u00e9. Mu yajire jeta <em>gasolina<\/em> cuse, mu yimo uje gar\u00f3si.\nYojninga: \u201cA <em>una hora<\/em> enga e \u00edjnoque\n<em>gasolina<\/em> j\u00f5.\u201d<\/p>\n\n\n\n<p>Enga j\u00e9c \u0169r\u00e9 yu uje <em>hora chojmarai<\/em> enga \u00edjnoque. Cuchabasui doi jnumi mu Dupade p\u00e9su\nga yico jnumi enga que cuch\u00e1rique d\u00e9ji yoquiquei. Uje dire enga yimo uje\ncuchabasui d\u00e9ji pore umarenie ujai, mu que cuch\u00e1rique chosi ti iji yoc. Yijos\neti uyu u ijocayas\u1e4dri, mu a Dupade u cuchabasui ijocayas\u1e4drip\u00edsi dir\u00edca\nj\u00f5.<\/p>\n\n\n\n<p><strong><em>Jiei ore uje ore catec\u00e3\u0301ri Dupade ome yu:<\/em><\/strong><br>U gu uje jiei ore uje ore catec\u00e3\u0301ri Dupade ome yu ica, uje ore chudute yujnomei gu uje chi chigocab\u00e9ode ore chisa yu. Coj\u00f1one iji er\u00e1mone jnese chiroque darusarane ome yu jeta ore chingome yu uje ore catec\u00e3\u0301rip\u00edsi Dupade ome yu ica. Ore jnese chojninga: \u2018Uje bag\u00fasi basas\u1e4drone ore josipiedie jmainie dir\u00edca enga que yib\u00e9rogo yogome yoquicatecaraitigade ome ua.\u2019<\/p>\n\n\n\n<p>Yiraja uje ayor\u00e9ode ore catec\u00e3\u0301ri Dupade ome yu iji\nTobit\u00e9 to. Chiese ore catec\u00e3\u0301ri misionerone iji dirode jnese enga ore\nchojningame ore: \u2018\u00bfPablo d\u00e9ji rique a?\u2019 Enga uje ore chudute uje juseque yu,\nenga ore ninap\u00fasu raque.<\/p>\n\n\n\n<p><strong><em>J\u00e9 ti\u00f3gara yoquicotaqu\u00e9ode ome Yocangureni Dupa:<\/em><\/strong><br>Yoquipesus\u1e4dri u gu. Cuchade jnese ipesus\u1e4dre ut\u00e9. Yiraj\u00e1go ijnoraquedat\u00e9i gu ipesudode cucha, cuchiyi tup\u00fasu uje chiroque dajnacari Jesucristo aja jnumi ome yoque ujetiga cho daba yoquisijnaringu\u00e9one. <\/p>\n\n\n\n<p>Yacaranguipis ome Campo Loro gosode uaque uje chi uacacatec\u00e3choi\nDupade ome yu to ica.<\/p>\n\n\n\n<p><em>Pablo Dye \u2013 Campo Loro, Paraguay \u2013 1985<\/em><\/p>\n\n\n<div class=\"navigation\"><div class=\"alignleft\"><a href=\"https:\/\/ayore.org\/es\/cultura\/historia-oral\/ijmai-caratabide-estaba-en-su-granja-limpiando-entre-las-plantas\/\"title=\"Ijmai \u2013 Carat\u00e1bid\u00e9 estaba en su granja, limpiando entre las plantas\"><img loading=\"lazy\" decoding=\"async\" src=\"https:\/\/ayore.org\/wp-content\/uploads\/2018\/10\/left-arrow.png\" width=\"50\" height=\"48\" alt=\"left arrow\"><\/a><\/div><div class=\"alignright\"><a href=\"https:\/\/ayore.org\/es\/cultura\/tradiciones-orales\/\"title=\"Tradiciones Orales\"><img loading=\"lazy\" decoding=\"async\" src=\"https:\/\/ayore.org\/wp-content\/uploads\/2018\/10\/right-arrow.png\" width=\"50\" height=\"48\" alt=\"right arrow\"><\/a><\/div>\n","protected":false},"excerpt":{"rendered":"<p>Pablo Dye chatata dadode ome Campo Loro Gosode: Yirasique yu uje yug\u00fasi uacajade iji de Campo Loro. Yacot\u00e9 i tu Patricia, ga uat\u00e9 pota jeta araj\u00e1yo uje chi unere uaqu\u00e9ode ome uat\u00e9. Ayor\u00e9ode chuj\u00e9 Pablo dai nanique: Yij\u00f5rai Cadui a<\/p>\n","protected":false},"author":5,"featured_media":0,"parent":294,"menu_order":0,"comment_status":"closed","ping_status":"closed","template":"","meta":{"footnotes":""},"class_list":["post-3801","page","type-page","status-publish","hentry"],"yoast_head":"<!-- This site is optimized with the Yoast SEO plugin v27.4 - https:\/\/yoast.com\/product\/yoast-seo-wordpress\/ -->\n<title>Pablo Dye \u2013 Ayore\u0301ode chuje\u0301 yai nanique &#8226; AYORE.ORG<\/title>\n<meta name=\"robots\" content=\"index, follow, max-snippet:-1, max-image-preview:large, max-video-preview:-1\" \/>\n<link rel=\"canonical\" href=\"https:\/\/ayore.org\/es\/cultura\/historia-oral\/pablo-dye-ayoreode-chuje-yai-nanique\/\" \/>\n<meta property=\"og:locale\" content=\"es_ES\" \/>\n<meta property=\"og:type\" content=\"article\" \/>\n<meta property=\"og:title\" content=\"Pablo Dye \u2013 Ayore\u0301ode chuje\u0301 yai nanique &#8226; AYORE.ORG\" \/>\n<meta property=\"og:description\" content=\"Pablo Dye chatata dadode ome Campo Loro Gosode: Yirasique yu uje yug\u00fasi uacajade iji de Campo Loro. Yacot\u00e9 i tu Patricia, ga uat\u00e9 pota jeta araj\u00e1yo uje chi unere uaqu\u00e9ode ome uat\u00e9. Ayor\u00e9ode chuj\u00e9 Pablo dai nanique: Yij\u00f5rai Cadui a\" \/>\n<meta property=\"og:url\" content=\"https:\/\/ayore.org\/es\/cultura\/historia-oral\/pablo-dye-ayoreode-chuje-yai-nanique\/\" \/>\n<meta property=\"og:site_name\" content=\"AYORE.ORG\" \/>\n<meta property=\"article:modified_time\" content=\"2019-05-17T01:19:26+00:00\" \/>\n<meta name=\"twitter:card\" content=\"summary_large_image\" \/>\n<meta name=\"twitter:label1\" content=\"Tiempo de lectura\" \/>\n\t<meta name=\"twitter:data1\" content=\"6 minutos\" \/>\n<script type=\"application\/ld+json\" class=\"yoast-schema-graph\">{\"@context\":\"https:\\\/\\\/schema.org\",\"@graph\":[{\"@type\":\"WebPage\",\"@id\":\"https:\\\/\\\/ayore.org\\\/es\\\/cultura\\\/historia-oral\\\/pablo-dye-ayoreode-chuje-yai-nanique\\\/\",\"url\":\"https:\\\/\\\/ayore.org\\\/es\\\/cultura\\\/historia-oral\\\/pablo-dye-ayoreode-chuje-yai-nanique\\\/\",\"name\":\"Pablo Dye \u2013 Ayore\u0301ode chuje\u0301 yai nanique &#8226; AYORE.ORG\",\"isPartOf\":{\"@id\":\"https:\\\/\\\/ayore.org\\\/#website\"},\"datePublished\":\"2019-05-17T01:19:25+00:00\",\"dateModified\":\"2019-05-17T01:19:26+00:00\",\"breadcrumb\":{\"@id\":\"https:\\\/\\\/ayore.org\\\/es\\\/cultura\\\/historia-oral\\\/pablo-dye-ayoreode-chuje-yai-nanique\\\/#breadcrumb\"},\"inLanguage\":\"es-AR\",\"potentialAction\":[{\"@type\":\"ReadAction\",\"target\":[\"https:\\\/\\\/ayore.org\\\/es\\\/cultura\\\/historia-oral\\\/pablo-dye-ayoreode-chuje-yai-nanique\\\/\"]}]},{\"@type\":\"BreadcrumbList\",\"@id\":\"https:\\\/\\\/ayore.org\\\/es\\\/cultura\\\/historia-oral\\\/pablo-dye-ayoreode-chuje-yai-nanique\\\/#breadcrumb\",\"itemListElement\":[{\"@type\":\"ListItem\",\"position\":1,\"name\":\"Inicio\",\"item\":\"https:\\\/\\\/ayore.org\\\/es\\\/\"},{\"@type\":\"ListItem\",\"position\":2,\"name\":\"Cultura\",\"item\":\"https:\\\/\\\/ayore.org\\\/es\\\/cultura\\\/\"},{\"@type\":\"ListItem\",\"position\":3,\"name\":\"Historia Oral\",\"item\":\"https:\\\/\\\/ayore.org\\\/es\\\/cultura\\\/historia-oral\\\/\"},{\"@type\":\"ListItem\",\"position\":4,\"name\":\"Pablo Dye \u2013 Ayore\u0301ode chuje\u0301 yai nanique\"}]},{\"@type\":\"WebSite\",\"@id\":\"https:\\\/\\\/ayore.org\\\/#website\",\"url\":\"https:\\\/\\\/ayore.org\\\/\",\"name\":\"AYORE.ORG\",\"description\":\"Idioma, Cultura e Historia de la Tribu Ayor\u00e9\",\"potentialAction\":[{\"@type\":\"SearchAction\",\"target\":{\"@type\":\"EntryPoint\",\"urlTemplate\":\"https:\\\/\\\/ayore.org\\\/?s={search_term_string}\"},\"query-input\":{\"@type\":\"PropertyValueSpecification\",\"valueRequired\":true,\"valueName\":\"search_term_string\"}}],\"inLanguage\":\"es-AR\"}]}<\/script>\n<!-- \/ Yoast SEO plugin. -->","yoast_head_json":{"title":"Pablo Dye \u2013 Ayore\u0301ode chuje\u0301 yai nanique &#8226; AYORE.ORG","robots":{"index":"index","follow":"follow","max-snippet":"max-snippet:-1","max-image-preview":"max-image-preview:large","max-video-preview":"max-video-preview:-1"},"canonical":"https:\/\/ayore.org\/es\/cultura\/historia-oral\/pablo-dye-ayoreode-chuje-yai-nanique\/","og_locale":"es_ES","og_type":"article","og_title":"Pablo Dye \u2013 Ayore\u0301ode chuje\u0301 yai nanique &#8226; AYORE.ORG","og_description":"Pablo Dye chatata dadode ome Campo Loro Gosode: Yirasique yu uje yug\u00fasi uacajade iji de Campo Loro. Yacot\u00e9 i tu Patricia, ga uat\u00e9 pota jeta araj\u00e1yo uje chi unere uaqu\u00e9ode ome uat\u00e9. Ayor\u00e9ode chuj\u00e9 Pablo dai nanique: Yij\u00f5rai Cadui a","og_url":"https:\/\/ayore.org\/es\/cultura\/historia-oral\/pablo-dye-ayoreode-chuje-yai-nanique\/","og_site_name":"AYORE.ORG","article_modified_time":"2019-05-17T01:19:26+00:00","twitter_card":"summary_large_image","twitter_misc":{"Tiempo de lectura":"6 minutos"},"schema":{"@context":"https:\/\/schema.org","@graph":[{"@type":"WebPage","@id":"https:\/\/ayore.org\/es\/cultura\/historia-oral\/pablo-dye-ayoreode-chuje-yai-nanique\/","url":"https:\/\/ayore.org\/es\/cultura\/historia-oral\/pablo-dye-ayoreode-chuje-yai-nanique\/","name":"Pablo Dye \u2013 Ayore\u0301ode chuje\u0301 yai nanique &#8226; AYORE.ORG","isPartOf":{"@id":"https:\/\/ayore.org\/#website"},"datePublished":"2019-05-17T01:19:25+00:00","dateModified":"2019-05-17T01:19:26+00:00","breadcrumb":{"@id":"https:\/\/ayore.org\/es\/cultura\/historia-oral\/pablo-dye-ayoreode-chuje-yai-nanique\/#breadcrumb"},"inLanguage":"es-AR","potentialAction":[{"@type":"ReadAction","target":["https:\/\/ayore.org\/es\/cultura\/historia-oral\/pablo-dye-ayoreode-chuje-yai-nanique\/"]}]},{"@type":"BreadcrumbList","@id":"https:\/\/ayore.org\/es\/cultura\/historia-oral\/pablo-dye-ayoreode-chuje-yai-nanique\/#breadcrumb","itemListElement":[{"@type":"ListItem","position":1,"name":"Inicio","item":"https:\/\/ayore.org\/es\/"},{"@type":"ListItem","position":2,"name":"Cultura","item":"https:\/\/ayore.org\/es\/cultura\/"},{"@type":"ListItem","position":3,"name":"Historia Oral","item":"https:\/\/ayore.org\/es\/cultura\/historia-oral\/"},{"@type":"ListItem","position":4,"name":"Pablo Dye \u2013 Ayore\u0301ode chuje\u0301 yai nanique"}]},{"@type":"WebSite","@id":"https:\/\/ayore.org\/#website","url":"https:\/\/ayore.org\/","name":"AYORE.ORG","description":"Idioma, Cultura e Historia de la Tribu Ayor\u00e9","potentialAction":[{"@type":"SearchAction","target":{"@type":"EntryPoint","urlTemplate":"https:\/\/ayore.org\/?s={search_term_string}"},"query-input":{"@type":"PropertyValueSpecification","valueRequired":true,"valueName":"search_term_string"}}],"inLanguage":"es-AR"}]}},"_links":{"self":[{"href":"https:\/\/ayore.org\/es\/wp-json\/wp\/v2\/pages\/3801","targetHints":{"allow":["GET"]}}],"collection":[{"href":"https:\/\/ayore.org\/es\/wp-json\/wp\/v2\/pages"}],"about":[{"href":"https:\/\/ayore.org\/es\/wp-json\/wp\/v2\/types\/page"}],"author":[{"embeddable":true,"href":"https:\/\/ayore.org\/es\/wp-json\/wp\/v2\/users\/5"}],"replies":[{"embeddable":true,"href":"https:\/\/ayore.org\/es\/wp-json\/wp\/v2\/comments?post=3801"}],"version-history":[{"count":2,"href":"https:\/\/ayore.org\/es\/wp-json\/wp\/v2\/pages\/3801\/revisions"}],"predecessor-version":[{"id":3803,"href":"https:\/\/ayore.org\/es\/wp-json\/wp\/v2\/pages\/3801\/revisions\/3803"}],"up":[{"embeddable":true,"href":"https:\/\/ayore.org\/es\/wp-json\/wp\/v2\/pages\/294"}],"wp:attachment":[{"href":"https:\/\/ayore.org\/es\/wp-json\/wp\/v2\/media?parent=3801"}],"curies":[{"name":"wp","href":"https:\/\/api.w.org\/{rel}","templated":true}]}}