{"id":3784,"date":"2019-05-15T00:45:22","date_gmt":"2019-05-15T00:45:22","guid":{"rendered":"https:\/\/ayore.org\/?page_id=3784"},"modified":"2019-05-15T00:45:23","modified_gmt":"2019-05-15T00:45:23","slug":"jomone-no-habiamos-visto-la-piel-de-los-blancos","status":"publish","type":"page","link":"https:\/\/ayore.org\/es\/cultura\/ensenanzas\/jomone-no-habiamos-visto-la-piel-de-los-blancos\/","title":{"rendered":"Jo\u0301mone \u2013 No hab\u00edamos visto la piel de los blancos"},"content":{"rendered":"\n<p><em>Que\nyim\u00f3ngo coj\u00f1otique a\u00f3rique<\/em><em> <\/em><em><\/em><\/p>\n\n\n\n<p><strong><em>Cinco misioneros buscaron a los ayor\u00e9os:<\/em><\/strong><strong><em><\/em><\/strong><\/p>\n\n\n\n<p>&nbsp;&nbsp;&nbsp;&nbsp;&nbsp;&nbsp;&nbsp;&nbsp;&nbsp;&nbsp;&nbsp;&nbsp; Se nos dice que cinco misioneros llegaron a Bolivia antes de que los ayoreos ten\u00edan contacto con personas fuera de su tribu. Ni siquiera hab\u00edamos visto el color de su piel. Pero cuando esos hombres se enteraron de la tribu ayorea que estaban en la selva, tuvieron compasi\u00f3n de ellos. Oyeron c\u00f3mo las personas estaban caz\u00e1ndoles, y los misioneros quer\u00edan intervenir y llevarlos a un lugar seguro.<\/p>\n\n\n\n<p>Seguro aquellos hombres dijeron:\n&#8220;Vamos. Vamos a ir en busca de esas personas ayoreas.\u201d<\/p>\n\n\n\n<p>Pero los misioneros no tomaron\nen cuenta la ferocidad de los ayoreos y la manera en que trataban a los que no\nles pertenec\u00eda. &nbsp;Pero nada los detuvo, y\nsiguieron con sus planes.&nbsp; Oyeron la\nnoticia de que hab\u00edan encontrado se\u00f1as de un grupo de ayoreos en la selva cerca\nal pueblo Santiago de Chiquitos. Se encontraron con unas personas, tambi\u00e9n, que\nlos hab\u00edan visto, y ellos les informaron de eso a los misioneros. Pero les\ndijeron que los ayoreos, de miedo, se hab\u00edan huido de ellos, pensando,\nseguramente, que los quer\u00edan matar.&nbsp; Y\nera despu\u00e9s de encontrarse con estas personas que los misioneros decidieron ir\nen busca de los ayoreos. Pero o\u00edmos decir que antes de entrar a la selva,\nregresaron a su pueblo para despedirse de sus familias. Ambos grupos se prepararon\nde ir en busca de los ayoreos, pero los misioneros entraron primeramente en la\nselva. As\u00ed que lleg\u00f3 el d\u00eda en que sus planes se realizaron y fueron en serio\nen su b\u00fasqueda.<\/p>\n\n\n\n<p><strong><em>Tuvimos\nmiedo cuando escuchamos la noticia de que cinco misioneros nos estaban\nbuscando:<\/em><\/strong><\/p>\n\n\n\n<p>&nbsp;&nbsp;&nbsp;&nbsp;&nbsp;&nbsp;&nbsp;&nbsp;&nbsp;&nbsp;&nbsp;&nbsp; Durante mucho tiempo los ayoreos hab\u00edamos estado oyendo acerca de personas en busca de nosotros. Ninguno de nosotros sab\u00eda en ese momento que hab\u00eda personas entre los civilizados que ser\u00edan compasivos con nosotros. Y as\u00ed nos asustamos cuando nos enteramos de que la gente hab\u00eda estado busc\u00e1ndonos. <\/p>\n\n\n\n<p>&nbsp;&nbsp;&nbsp;&nbsp;&nbsp;&nbsp;&nbsp;&nbsp;&nbsp;&nbsp;&nbsp;&nbsp; Fue porque quer\u00edan ser amables con nosotros que los misioneros continuaron haciendo sus viajes en busca de nosotros. Y hallaron nuestros campamentos abandonados y otras se\u00f1ales en la selva, evidencias que los ayoreos hab\u00edan estado all\u00ed. Esto los anim\u00f3 a los misioneros y no dejaban su b\u00fasqueda, dando poca importancia al hecho de que podr\u00edamos matarlos. Estaban confiando en <em>Dupade<\/em> y convencidos de que \u00c9l pod\u00eda salvarlos a\u00fan en territorio ayoreo.<\/p>\n\n\n\n<p>&nbsp;&nbsp;&nbsp;&nbsp;&nbsp;&nbsp;&nbsp;&nbsp;&nbsp;&nbsp;&nbsp;&nbsp; Llevaron suficientes provisiones consigo, y cuando dijeron adi\u00f3s a sus esposas no prometieron volver pronto. Estaban decididos a seguir buscando hasta que nos encontraron para que podr\u00edan decirnos acerca de Jes\u00fas. Han pasado muchos a\u00f1os desde que todo esto ocurri\u00f3, y ahora los ayoreos sabemos que Jes\u00fas es el Se\u00f1or. Los misioneros han ido por todo el mundo, y aqu\u00ed, en nuestro pa\u00eds nos han dicho c\u00f3mo nuestros pecados pueden ser perdonados.&nbsp;<\/p>\n\n\n\n<p><strong><em>Los cinco misioneros se encontraron con uno de nuestros campamentos:<\/em><\/strong><strong><em><\/em><\/strong><\/p>\n\n\n\n<p>&nbsp;&nbsp;&nbsp;&nbsp;&nbsp;&nbsp;&nbsp;&nbsp;&nbsp; \u00a1Y\nentonces fue que los cinco misioneros encontraron un campamento ayoreo con m\u00e1s los\nhabitantes! Uno de los l\u00edderes quer\u00eda protegerlos, pero no le hicieron caso\nporque \u00e9l fue solamente una voz mientras que hab\u00eda muchos que no hablaban en\nfavor de los misioneros.&nbsp; No le hicieron\nnada en seguida, pero m\u00e1s tarde unos guerreros ayoreos llegaron y ellos los\nconfrontaron. Los misioneros hab\u00edan dejado el pueblo y estaban en camino cuando\nunos guerreros, regresando a su campamento, vinieron sobre ellos. Rodearon a\nlos cinco hombres para poder dispararles con sus flechas. Uno dispar\u00f3 primero,\ny luego los dem\u00e1s siguieron su ejemplo. Ellos no sab\u00edan al matarlos que aquellos\ngringos, aquellos cinco misioneros, les habr\u00edan ayudado a hacer la paz con la\ngente civilizada que a menudo lucharon con ellos.<\/p>\n\n\n\n<p>&nbsp;&nbsp;&nbsp;&nbsp;&nbsp;&nbsp;&nbsp;&nbsp;&nbsp;&nbsp;&nbsp;&nbsp; Se nos dice que los ayoreos animaban a sus jefes para matar a los hombres que hab\u00edan entrado en su campamento. Pero ahora sabemos que los hombres s\u00f3lo quer\u00edan hacer la paz con los ayoreos. <\/p>\n\n\n\n<p>&nbsp;&nbsp;&nbsp;&nbsp;&nbsp;&nbsp;&nbsp;&nbsp;&nbsp;&nbsp;&nbsp;&nbsp; Generalmente los jefes ayoreos eran generosos con la gente de su grupo, y quer\u00edan ser reconocido por tener esta calidad. Ellos ten\u00edan compasi\u00f3n de los enfermos, y soplaban sobre ellos para sanarlos. Pero ahora sabemos que la gente que no son ayoreos tiene otras costumbres que los de nosotros. Otra cosa que hemos aprendido es que no hay nada gratis en este mundo. Ahora sabemos, tambi\u00e9n, que el \u00fanico que tiene verdadera compasi\u00f3n de los enfermos es Jes\u00fas. Si \u00e9l quiere salvarnos o sanarnos \u00e9l puede. Por otro lado, si \u00e9l lo quiere \u00e9l puede permitir que nos maten. Sabemos que los cinco misioneros murieron a manos de los ayoreos, pero <em>Dupade<\/em> sab\u00eda antes de que ocurriera que los matar\u00edan.&nbsp;<\/p>\n\n\n\n<p><strong><em>Los\nayoreos no sab\u00edamos que sus intenciones eran buenas:<\/em><\/strong><strong><em><\/em><\/strong><\/p>\n\n\n\n<p>&nbsp;&nbsp;&nbsp;&nbsp;&nbsp;&nbsp;&nbsp;&nbsp;&nbsp;&nbsp;&nbsp;&nbsp; Sabemos que los misioneros llegaron a nosotros porque tuvieron compasi\u00f3n de nosotros, pero nunca tuvieron la oportunidad de mostrarnos c\u00f3mo ir al cielo. Pero los ayoreos que los mataron no sab\u00edan que hab\u00edan venido con el prop\u00f3sito a mostrarnos c\u00f3mo ir al cielo.&nbsp; Es por eso que nadie habl\u00f3 en favor de los hombres cuando sus vidas fueron amenazadas. Y es por eso que los mataron. Despu\u00e9s de que fueron asesinados, agarraron sus cosas. Pero, afortunadamente, los enterraron.&nbsp;<\/p>\n\n\n\n<p><strong><em>Los\nhabitantes de la ciudad de Santiago decidieron buscar a los cinco misioneros:<\/em><\/strong><strong><em><\/em><\/strong><\/p>\n\n\n\n<p>&nbsp;&nbsp;&nbsp;&nbsp;&nbsp;&nbsp;&nbsp;&nbsp;&nbsp;&nbsp;&nbsp;&nbsp; Alg\u00fan tiempo despu\u00e9s, la gente en Santiago de Chiquitos se enter\u00f3 de que los misioneros hab\u00edan desaparecido. Se nos dice que su l\u00edder les dijo: &#8221; Vamos. Vamos a buscar esos misioneros desaparecidos. Probablemente los ayoreos los han llevado.&#8221;<\/p>\n\n\n\n<p>As\u00ed formaron una expedici\u00f3n y\nfueron en busca de ellos, pero no los encontraron. Encontraron algunas de sus\ncosas &#8211; parafernalia de sus c\u00e1maras y otras cosas &#8211; pero nada m\u00e1s. Y en esto\nestaban seguros de que hab\u00edan sido asesinados y enterrados; pues sab\u00edan que era\nla costumbre de los ayoreos para enterrar a sus v\u00edctimas en sus campamentos.<\/p>\n\n\n\n<p><strong><em>M\u00e1s tarde supimos que los cinco misioneros\nse compadec\u00edan de nosotros:<\/em><\/strong><strong><em><\/em><\/strong><\/p>\n\n\n\n<p>Pero, poco a poco, la noticia se\ndifundi\u00f3 entre otros grupos de ayoreos, en otras partes de la selva, que hab\u00edan\nsido asesinados algunos hombres no-ayoreos.<\/p>\n\n\n\n<p>&nbsp;&nbsp;&nbsp;&nbsp;&nbsp;&nbsp;&nbsp;&nbsp;&nbsp;&nbsp;&nbsp;&nbsp; Los cinco misioneros hab\u00edan compadecido de nosotros. Se sent\u00edan l\u00e1stima por nosotros a causa de nuestro pecado y el tipo de vida que viv\u00edamos. Y es por ellos que nosotros, los ayoreos, ahora sabemos que hay alguien, en alg\u00fan lugar, que ama a los ayoreos. \u00a1<em>Dupade<\/em> nos ama! Hemos visto la bondad de <em>Dupade<\/em> en algunas de las personas no-ayoreas, tambi\u00e9n, porque han sido amable con nosotros. Hay gente afluente y tambi\u00e9n muy pobres que se han unido para ayudar a las personas ayoreas.<\/p>\n\n\n\n<p>&nbsp;&nbsp;&nbsp;&nbsp;&nbsp;&nbsp;&nbsp;&nbsp;&nbsp;&nbsp;&nbsp;&nbsp; Lo que ha ocurrido entre la tribu ayorea es muy parecido a lo que hizo Jes\u00fas para el mundo. \u00c9l tuvo compasi\u00f3n de la gente de esta tierra y quer\u00eda cuidar de nosotros. \u00c9l quer\u00eda mostrarnos su gracia. Sinceramente puedo decir que antes de que los cinco misioneros comenzaron a buscarnos, los ayoreos ten\u00edamos pocos amigos en este mundo. Te lo he dicho otras cosas sobre c\u00f3mo los ayoreos viv\u00edamos en la selva, y todo ello es verdad. E incluso dentro de nuestra tribu hab\u00eda poca amabilidad mostrada entre nosotros mismos.<\/p>\n\n\n\n<p>\u00a1S\u00f3lo Jes\u00fas hace la diferencia!\nFue por sus ense\u00f1anzas que supimos claramente que existe solo UNO que es\ncompasivo para todos &#8211; ayoreos y los de otras nacionalidades. Todos tenemos el\nmismo Se\u00f1or compasivo.<\/p>\n\n\n\n<p><strong><em>Los\ncoj\u00f1one capturaron a una de las mujeres de nuestra tribu llamada Gutodat\u00e9:<\/em><\/strong><\/p>\n\n\n\n<p>&nbsp;&nbsp;&nbsp;&nbsp;&nbsp;&nbsp;&nbsp;&nbsp;&nbsp;&nbsp;&nbsp;&nbsp; Es muy cierto lo que hemos o\u00eddo sobre <em>Gutodat\u00e9<\/em>, una mujer ayorea que fue llevado cautivo por los bolivianos civilizados. Fue ella que primero ense\u00f1\u00f3 a los misioneros sobre nuestro idioma cuando a\u00fan era un siervo de los civilizados. Al principio, los ayoreos y los misioneros no pod\u00edan comunicarse entre s\u00ed, porque no pod\u00edan entenderse entre s\u00ed. Pero estamos muy agradecidos de que en estos tiempos la gente \u2013 ayoreos y los que no son ayoreos \u2013 pueden conversar libremente en todas partes. No s\u00f3lo los misioneros saben nuestro idioma, pero incluso el m\u00e1s humilde de la gente civilizada sabe algunas de nuestras palabras, y podemos conversar y expresarnos libremente entre nosotros. <\/p>\n\n\n\n<p>&nbsp;&nbsp;&nbsp;&nbsp;&nbsp;&nbsp;&nbsp;&nbsp;&nbsp;&nbsp;&nbsp;&nbsp; Y hay una raz\u00f3n para ello. Y eso es, si usted quiere aprender otro idioma, tiene que escucharlo. Y ahora hay libros que ense\u00f1an a la gente a hablar nuestro idioma. Es muy bueno en estos d\u00edas la forma en que interactuamos entre nosotros \u2013 ayoreos y los que no son ayoreos.&nbsp; Somos cada vez m\u00e1s unidos en estos d\u00edas.<\/p>\n\n\n\n<p>&nbsp;&nbsp;&nbsp;&nbsp;&nbsp;&nbsp;&nbsp;&nbsp;&nbsp;&nbsp;&nbsp;&nbsp; Es realmente cierto, a pesar de que pensamos que <em>Dupade<\/em> est\u00e1 lejos de nosotros, que <em>Dupade<\/em> sabe lo que est\u00e1 en nuestros corazones. \u00c9l sabe lo que pensamos acerca de su Hijo Jes\u00fas; \u00e9l sabe cuando nuestros pensamientos son buenos y cuando son malos. Porque <em>Dupade<\/em> no est\u00e1 lejos; \u00e9l est\u00e1 aqu\u00ed junto a nosotros dondequiera que estemos en este mundo.<\/p>\n\n\n\n<p>&nbsp;&nbsp;&nbsp;&nbsp;&nbsp;&nbsp;&nbsp;&nbsp;&nbsp;&nbsp;&nbsp;&nbsp; El fin.<\/p>\n\n\n\n<p><strong>Clave:<\/strong><br>Dupade &#8211; Dios&nbsp;<\/p>\n\n\n\n<p><em>J\u00f3mone \u2013 Puesto Paz, Bolivia \u2013 1970.<\/em><br><em>Transcrito por: Faith Wyma.<\/em><br><em>Traducido al espa\u00f1ol por: Maxine Morarie.<\/em><\/p>\n\n\n<div class=\"navigation\"><div class=\"alignleft\"><a href=\"https:\/\/ayore.org\/es\/cultura\/ensenanzas\/dijaide-josuede-nos-ves-a-todos-aqui-en-esta-tierra\/\"title=\"Dijaide (Josued\u00e9\u0301)  &#8211; Nos ves a todos aqui en esta tierra\"><img loading=\"lazy\" decoding=\"async\" src=\"https:\/\/ayore.org\/wp-content\/uploads\/2018\/10\/left-arrow.png\" width=\"50\" height=\"48\" alt=\"left arrow\"><\/a><\/div><div class=\"alignright\"><a href=\"https:\/\/ayore.org\/es\/cultura\/ensenanzas\/dijaide-josuede-no-tengan-miedo-de-presentarse-a-dupade\/\"title=\"Dijaide (Josue\u0301de\u0301) \u2013 No tengan miedo de presentarse a Dupade\"><img loading=\"lazy\" decoding=\"async\" src=\"https:\/\/ayore.org\/wp-content\/uploads\/2018\/10\/right-arrow.png\" width=\"50\" height=\"48\" alt=\"right arrow\"><\/a><\/div>\n","protected":false},"excerpt":{"rendered":"<p>Que yim\u00f3ngo coj\u00f1otique a\u00f3rique Cinco misioneros buscaron a los ayor\u00e9os: &nbsp;&nbsp;&nbsp;&nbsp;&nbsp;&nbsp;&nbsp;&nbsp;&nbsp;&nbsp;&nbsp;&nbsp; Se nos dice que cinco misioneros llegaron a Bolivia antes de que los ayoreos ten\u00edan contacto con personas fuera de su tribu. Ni siquiera hab\u00edamos visto el color de<\/p>\n","protected":false},"author":5,"featured_media":0,"parent":298,"menu_order":0,"comment_status":"closed","ping_status":"closed","template":"","meta":{"footnotes":""},"class_list":["post-3784","page","type-page","status-publish","hentry"],"yoast_head":"<!-- This site is optimized with the Yoast SEO plugin v27.4 - https:\/\/yoast.com\/product\/yoast-seo-wordpress\/ -->\n<title>Jo\u0301mone \u2013 No hab\u00edamos visto la piel de los blancos &#8226; AYORE.ORG<\/title>\n<meta name=\"robots\" content=\"index, follow, max-snippet:-1, max-image-preview:large, max-video-preview:-1\" \/>\n<link rel=\"canonical\" href=\"https:\/\/ayore.org\/es\/cultura\/ensenanzas\/jomone-no-habiamos-visto-la-piel-de-los-blancos\/\" \/>\n<meta property=\"og:locale\" content=\"es_ES\" \/>\n<meta property=\"og:type\" content=\"article\" \/>\n<meta property=\"og:title\" content=\"Jo\u0301mone \u2013 No hab\u00edamos visto la piel de los blancos &#8226; AYORE.ORG\" \/>\n<meta property=\"og:description\" content=\"Que yim\u00f3ngo coj\u00f1otique a\u00f3rique Cinco misioneros buscaron a los ayor\u00e9os: &nbsp;&nbsp;&nbsp;&nbsp;&nbsp;&nbsp;&nbsp;&nbsp;&nbsp;&nbsp;&nbsp;&nbsp; Se nos dice que cinco misioneros llegaron a Bolivia antes de que los ayoreos ten\u00edan contacto con personas fuera de su tribu. Ni siquiera hab\u00edamos visto el color de\" \/>\n<meta property=\"og:url\" content=\"https:\/\/ayore.org\/es\/cultura\/ensenanzas\/jomone-no-habiamos-visto-la-piel-de-los-blancos\/\" \/>\n<meta property=\"og:site_name\" content=\"AYORE.ORG\" \/>\n<meta property=\"article:modified_time\" content=\"2019-05-15T00:45:23+00:00\" \/>\n<meta name=\"twitter:card\" content=\"summary_large_image\" \/>\n<meta name=\"twitter:label1\" content=\"Tiempo de lectura\" \/>\n\t<meta name=\"twitter:data1\" content=\"9 minutos\" \/>\n<script type=\"application\/ld+json\" class=\"yoast-schema-graph\">{\"@context\":\"https:\\\/\\\/schema.org\",\"@graph\":[{\"@type\":\"WebPage\",\"@id\":\"https:\\\/\\\/ayore.org\\\/es\\\/cultura\\\/ensenanzas\\\/jomone-no-habiamos-visto-la-piel-de-los-blancos\\\/\",\"url\":\"https:\\\/\\\/ayore.org\\\/es\\\/cultura\\\/ensenanzas\\\/jomone-no-habiamos-visto-la-piel-de-los-blancos\\\/\",\"name\":\"Jo\u0301mone \u2013 No hab\u00edamos visto la piel de los blancos &#8226; AYORE.ORG\",\"isPartOf\":{\"@id\":\"https:\\\/\\\/ayore.org\\\/#website\"},\"datePublished\":\"2019-05-15T00:45:22+00:00\",\"dateModified\":\"2019-05-15T00:45:23+00:00\",\"breadcrumb\":{\"@id\":\"https:\\\/\\\/ayore.org\\\/es\\\/cultura\\\/ensenanzas\\\/jomone-no-habiamos-visto-la-piel-de-los-blancos\\\/#breadcrumb\"},\"inLanguage\":\"es-AR\",\"potentialAction\":[{\"@type\":\"ReadAction\",\"target\":[\"https:\\\/\\\/ayore.org\\\/es\\\/cultura\\\/ensenanzas\\\/jomone-no-habiamos-visto-la-piel-de-los-blancos\\\/\"]}]},{\"@type\":\"BreadcrumbList\",\"@id\":\"https:\\\/\\\/ayore.org\\\/es\\\/cultura\\\/ensenanzas\\\/jomone-no-habiamos-visto-la-piel-de-los-blancos\\\/#breadcrumb\",\"itemListElement\":[{\"@type\":\"ListItem\",\"position\":1,\"name\":\"Inicio\",\"item\":\"https:\\\/\\\/ayore.org\\\/es\\\/\"},{\"@type\":\"ListItem\",\"position\":2,\"name\":\"Cultura\",\"item\":\"https:\\\/\\\/ayore.org\\\/es\\\/cultura\\\/\"},{\"@type\":\"ListItem\",\"position\":3,\"name\":\"Ense\u00f1anzas\",\"item\":\"https:\\\/\\\/ayore.org\\\/es\\\/cultura\\\/ensenanzas\\\/\"},{\"@type\":\"ListItem\",\"position\":4,\"name\":\"Jo\u0301mone \u2013 No hab\u00edamos visto la piel de los blancos\"}]},{\"@type\":\"WebSite\",\"@id\":\"https:\\\/\\\/ayore.org\\\/#website\",\"url\":\"https:\\\/\\\/ayore.org\\\/\",\"name\":\"AYORE.ORG\",\"description\":\"Idioma, Cultura e Historia de la Tribu Ayor\u00e9\",\"potentialAction\":[{\"@type\":\"SearchAction\",\"target\":{\"@type\":\"EntryPoint\",\"urlTemplate\":\"https:\\\/\\\/ayore.org\\\/?s={search_term_string}\"},\"query-input\":{\"@type\":\"PropertyValueSpecification\",\"valueRequired\":true,\"valueName\":\"search_term_string\"}}],\"inLanguage\":\"es-AR\"}]}<\/script>\n<!-- \/ Yoast SEO plugin. -->","yoast_head_json":{"title":"Jo\u0301mone \u2013 No hab\u00edamos visto la piel de los blancos &#8226; AYORE.ORG","robots":{"index":"index","follow":"follow","max-snippet":"max-snippet:-1","max-image-preview":"max-image-preview:large","max-video-preview":"max-video-preview:-1"},"canonical":"https:\/\/ayore.org\/es\/cultura\/ensenanzas\/jomone-no-habiamos-visto-la-piel-de-los-blancos\/","og_locale":"es_ES","og_type":"article","og_title":"Jo\u0301mone \u2013 No hab\u00edamos visto la piel de los blancos &#8226; AYORE.ORG","og_description":"Que yim\u00f3ngo coj\u00f1otique a\u00f3rique Cinco misioneros buscaron a los ayor\u00e9os: &nbsp;&nbsp;&nbsp;&nbsp;&nbsp;&nbsp;&nbsp;&nbsp;&nbsp;&nbsp;&nbsp;&nbsp; Se nos dice que cinco misioneros llegaron a Bolivia antes de que los ayoreos ten\u00edan contacto con personas fuera de su tribu. Ni siquiera hab\u00edamos visto el color de","og_url":"https:\/\/ayore.org\/es\/cultura\/ensenanzas\/jomone-no-habiamos-visto-la-piel-de-los-blancos\/","og_site_name":"AYORE.ORG","article_modified_time":"2019-05-15T00:45:23+00:00","twitter_card":"summary_large_image","twitter_misc":{"Tiempo de lectura":"9 minutos"},"schema":{"@context":"https:\/\/schema.org","@graph":[{"@type":"WebPage","@id":"https:\/\/ayore.org\/es\/cultura\/ensenanzas\/jomone-no-habiamos-visto-la-piel-de-los-blancos\/","url":"https:\/\/ayore.org\/es\/cultura\/ensenanzas\/jomone-no-habiamos-visto-la-piel-de-los-blancos\/","name":"Jo\u0301mone \u2013 No hab\u00edamos visto la piel de los blancos &#8226; AYORE.ORG","isPartOf":{"@id":"https:\/\/ayore.org\/#website"},"datePublished":"2019-05-15T00:45:22+00:00","dateModified":"2019-05-15T00:45:23+00:00","breadcrumb":{"@id":"https:\/\/ayore.org\/es\/cultura\/ensenanzas\/jomone-no-habiamos-visto-la-piel-de-los-blancos\/#breadcrumb"},"inLanguage":"es-AR","potentialAction":[{"@type":"ReadAction","target":["https:\/\/ayore.org\/es\/cultura\/ensenanzas\/jomone-no-habiamos-visto-la-piel-de-los-blancos\/"]}]},{"@type":"BreadcrumbList","@id":"https:\/\/ayore.org\/es\/cultura\/ensenanzas\/jomone-no-habiamos-visto-la-piel-de-los-blancos\/#breadcrumb","itemListElement":[{"@type":"ListItem","position":1,"name":"Inicio","item":"https:\/\/ayore.org\/es\/"},{"@type":"ListItem","position":2,"name":"Cultura","item":"https:\/\/ayore.org\/es\/cultura\/"},{"@type":"ListItem","position":3,"name":"Ense\u00f1anzas","item":"https:\/\/ayore.org\/es\/cultura\/ensenanzas\/"},{"@type":"ListItem","position":4,"name":"Jo\u0301mone \u2013 No hab\u00edamos visto la piel de los blancos"}]},{"@type":"WebSite","@id":"https:\/\/ayore.org\/#website","url":"https:\/\/ayore.org\/","name":"AYORE.ORG","description":"Idioma, Cultura e Historia de la Tribu Ayor\u00e9","potentialAction":[{"@type":"SearchAction","target":{"@type":"EntryPoint","urlTemplate":"https:\/\/ayore.org\/?s={search_term_string}"},"query-input":{"@type":"PropertyValueSpecification","valueRequired":true,"valueName":"search_term_string"}}],"inLanguage":"es-AR"}]}},"_links":{"self":[{"href":"https:\/\/ayore.org\/es\/wp-json\/wp\/v2\/pages\/3784","targetHints":{"allow":["GET"]}}],"collection":[{"href":"https:\/\/ayore.org\/es\/wp-json\/wp\/v2\/pages"}],"about":[{"href":"https:\/\/ayore.org\/es\/wp-json\/wp\/v2\/types\/page"}],"author":[{"embeddable":true,"href":"https:\/\/ayore.org\/es\/wp-json\/wp\/v2\/users\/5"}],"replies":[{"embeddable":true,"href":"https:\/\/ayore.org\/es\/wp-json\/wp\/v2\/comments?post=3784"}],"version-history":[{"count":2,"href":"https:\/\/ayore.org\/es\/wp-json\/wp\/v2\/pages\/3784\/revisions"}],"predecessor-version":[{"id":3786,"href":"https:\/\/ayore.org\/es\/wp-json\/wp\/v2\/pages\/3784\/revisions\/3786"}],"up":[{"embeddable":true,"href":"https:\/\/ayore.org\/es\/wp-json\/wp\/v2\/pages\/298"}],"wp:attachment":[{"href":"https:\/\/ayore.org\/es\/wp-json\/wp\/v2\/media?parent=3784"}],"curies":[{"name":"wp","href":"https:\/\/api.w.org\/{rel}","templated":true}]}}