{"id":3769,"date":"2019-05-14T17:46:18","date_gmt":"2019-05-14T17:46:18","guid":{"rendered":"https:\/\/ayore.org\/?page_id=3769"},"modified":"2019-05-14T17:46:19","modified_gmt":"2019-05-14T17:46:19","slug":"ucuetodacode-a-la-medianoche-algo-se-me-aparecio","status":"publish","type":"page","link":"https:\/\/ayore.org\/es\/cultura\/relatos-personales\/ucuetodacode-a-la-medianoche-algo-se-me-aparecio\/","title":{"rendered":"Ucuet\u00f3dac\u00f3de \u2013 A la medianoche algo se me apareci\u00f3"},"content":{"rendered":"\n<p><em>Dejn\u00ednga ga\ncuch\u00e1rique a chiqueta raja yu<\/em><\/p>\n\n\n\n<p><strong><em>No pude dormir toda la noche:<\/em><\/strong><br>Nos acostamos anoche y estaba oscuro. Antes de dormir, or\u00e9 a <em>Dupade, <\/em>estando muy oscuro. Pero no pude dormir toda la noche. Mi cuerpo me dol\u00eda tanto que no me dejaba dormir. Y a la medianoche algo se me apareci\u00f3. Lleg\u00f3 justo donde yo estaba y me hablo. Me dijo: \u201cYo soy la verdad&#8221;.<\/p>\n\n\n\n<p>Sin invitaci\u00f3n, se acerc\u00f3 a m\u00ed y me dijo: \u201cMujer ayore\u0301a, \u00bfme conoces?&#8221; Esto es lo que dijo.<br><\/p>\n\n\n\n<p>Y yo le dije, \u201cTe conozco.\u201d<\/p>\n\n\n\n<p>Y dijo: \u201c\u00bfQui\u00e9n\nsoy yo?&#8221; Eso es lo que dijo.<\/p>\n\n\n\n<p>Yo dije: \u201cYo te\nconozco y creo que tu, querida persona, eres Jes\u00fas, aunque nunca te he visto\nantes.&#8221;<\/p>\n\n\n\n<p>Y \u00e9l me dijo: \u201cTu\nme conoces. \u00bfConoces tambi\u00e9n a mi Padre?&#8221;<\/p>\n\n\n\n<p>Y yo le respond\u00ed:\n\u201c\u00a1S\u00ed, lo conozco!&#8221;<\/p>\n\n\n\n<p>Pero \u00e9l dijo:\n&#8220;Orad a mi Padre si le conoces a mi Padre&#8221;. As\u00ed me habl\u00f3.<\/p>\n\n\n\n<p><strong><em>Entonces, comenc\u00e9 a orar:<\/em><\/strong><br>Y, en mi sue\u00f1o esa noche, comenc\u00e9 a orar y dije: \u201c<em>\u00a1Dupade!<\/em> Te estoy orando en este momento. Estoy muy agradecido porque tu Hijo Jes\u00fas se apareci\u00f3 ante m\u00ed y me habl\u00f3 de ti, y es por eso que te estoy orando acerca del dolor que estoy sufriendo esta noche. Quiero que me ayudes.\u201d&nbsp; As\u00ed es como me parec\u00eda hablar con <em>Dupade<\/em> en mi sue\u00f1o.<\/p>\n\n\n\n<p>&#8220;Por favor,\nsanarme de esta enfermedad m\u00eda,\u201d le dije a <em>Dupade<\/em>\nen mi sue\u00f1o. &#8220;Estoy muy feliz de que su hijo Jes\u00fas se me apareci\u00f3,\u201d le\ndije. <\/p>\n\n\n\n<p><strong><em>Lleg\u00f3 Ichaj\u00faid\u00e9:<\/em><\/strong><br>Y justo entonces lleg\u00f3 Ichaj\u00faid\u00e9. Pero Jes\u00fas le habl\u00f3 y comenz\u00f3 a aconsejarlo mientras estaba viniendo, diciendo en palabras ayoreas: &#8220;A yaj\u00far\u00e3i ta, yaj\u00far\u00e3i te, aj\u00far\u00e3i, aj\u00far\u00e3i&#8221;. Eso es lo que dijo a Ichaj\u00faid\u00e9. <em>(Nota: Esto parece ser un canto, palabras que no he oido.)<\/em><\/p>\n\n\n\n<p>Y luego, cuando\nIchaj\u00faid\u00e9 se estaba acercando, Jes\u00fas lo llam\u00f3 por su nombre, y dijo: \u201c\u00a1Ichaj\u00faid\u00e9 \u00e9!\u201d<\/p>\n\n\n\n<p>E Ichaj\u00faid\u00e9 fue hacia\n\u00e9l y Jes\u00fas lo llam\u00f3: &#8220;Ven. Ven. Ven&#8221;. Esto es lo que Jes\u00fas le dijo a\nIchaj\u00faid\u00e9.<\/p>\n\n\n\n<p>Ichaj\u00faid\u00e9 vino a\n\u00e9l, y Jes\u00fas lo abraz\u00f3 y me abraz\u00f3 tambi\u00e9n. Y Jes\u00fas le dijo a Ichaj\u00faid\u00e9: &#8220;Estoy\ntan agradecido por ti, querido ayorei. \u00bfMe conoces?\u201d Esto es lo que le\npregunt\u00f3.<\/p>\n\n\n\n<p>Ichaj\u00faid\u00e9 le dijo:\n&#8220;Yo te conozco, t\u00fa eres <em>el Hijo de<\/em>\n<em>Dupade<\/em>, t\u00fa eres Jes\u00fas.&#8221; As\u00ed le convers\u00f3\nIchaj\u00faid\u00e9.<\/p>\n\n\n\n<p>Y entonces\nIchaj\u00faid\u00e9 y Jes\u00fas se hablaban en privado.<\/p>\n\n\n\n<p>Y despu\u00e9s, Jes\u00fas nos dijo: &#8220;De veras, ustedes conocen a mi Padre.&#8221;<\/p>\n\n\n\n<p><strong><em>\u00c9l nos tranquiliz\u00f3 con sus palabras:<\/em><\/strong><br>\u00c9l nos tranquiliz\u00f3 con sus palabras. Estaban arriba en el cielo, y no en el suelo.&nbsp;<\/p>\n\n\n\n<p>Y empec\u00e9 a temblar. Record\u00e9 que yo no era m\u00e1s que un ser humano, <em>\u00a1pero Jes\u00fas se hab\u00eda aparecido a m\u00ed y me hab\u00eda hablado! y me hab\u00eda dicho:<\/em> &#8220;En verdad ustedes creen en mi Padre; oren a \u00e9l y voy a escuchar sus peticiones.\u201d&nbsp;<\/p>\n\n\n\n<p><strong><em>Oramos:<\/em><\/strong><br>En mi sue\u00f1o oramos. Y yo dije: &#8220;<em>Dupade<\/em>, de alguna manera hacer que este sue\u00f1o ayude a mi enfermedad.\u201d &nbsp;Parec\u00eda que dije tambi\u00e9n: &#8220;Estoy muy enferma. Pero estoy tan agradecida porque te he estado siguiendo fielmente durante mucho tiempo, a pesar de que he estado enferma mucho tiempo, tambi\u00e9n.&#8221;&nbsp;<\/p>\n\n\n\n<p>\u00c9l me dijo: &#8220;Muchas gracias. Entiendo lo que est\u00e1s diciendo. Es suficiente.&#8221; Parec\u00eda decirme estas palabras.&nbsp;<\/p>\n\n\n\n<p>Parec\u00eda que Ichaj\u00faid\u00e9 tambi\u00e9n le hablaba, pero yo no sab\u00eda lo que dec\u00edan. (Ellos se hablaron en privado como siempre lo hac\u00edan.)&nbsp;<\/p>\n\n\n\n<p><strong><em>Ese fue el sue\u00f1o que tuve ayer:<\/em><\/strong><br>Esto es todo lo que tengo que decir, querida Se\u00f1orita. Ese fue el sue\u00f1o que tuve. Hay m\u00e1s, pero yo ya he dicho mucho sobre mi sue\u00f1o.&nbsp;<\/p>\n\n\n\n<p>Te dir\u00e9 un poco m\u00e1s sobre esto; pues parec\u00eda que Jes\u00fas me pregunto: &#8220;\u00bfHay ayoreos en otros lugares que me conocen?&#8221; Parec\u00eda que el me dijo esto.&nbsp;<\/p>\n\n\n\n<p>Y yo le contest\u00e9: \u201cSi, hay.\u201d&nbsp;<\/p>\n\n\n\n<p>Pero \u00e9l me dijo: &#8220;Diles a otras mujeres acerca de m\u00ed.&#8221;&nbsp;<\/p>\n\n\n\n<p>Pero creo que le dije: &#8220;No puedo decirles, porque ellas est\u00e1n muy lejos de aqu\u00ed. Es probable que tu no sepas ni sus nombres.&#8221;&nbsp;<\/p>\n\n\n\n<p>Pero Jes\u00fas dijo: &#8220;Entiendo. Ora a mi Padre por ellas y dile sus nombres a mi Padre, y entonces voy a conocer sus nombres, tambi\u00e9n.&#8221; Pienso que esto es lo que me dijo.&nbsp;<\/p>\n\n\n\n<p><strong><em>Empec\u00e9 a temblar:<\/em><\/strong><br>Empec\u00e9 a decir sus nombres, pero me detuve y comenc\u00e9 a temblar. Pero Ichaj\u00faid\u00e9 se puso de pie y dijo: &#8220;Rogamos a <em>Dupade <\/em>por nosotros a medida que avanzamos en el bosque para buscar alimento, y nosotros oramos a <em>Dupade<\/em> en nuestro idioma.&#8221;<\/p>\n\n\n\n<p>&nbsp;Y Jes\u00fas nos dijo: &#8220;Los conozco a ustedes muy bien. No se olviden de m\u00ed.&#8221; A mi parecer, as\u00ed nos dijo.&nbsp;<\/p>\n\n\n\n<p><strong><em>Probablemente ya he hablado suficiente de mi sue\u00f1o:<\/em><\/strong><br>Eso es suficiente, querida Se\u00f1orita.&nbsp;<\/p>\n\n\n\n<p>Pero, querida Se\u00f1orita, por favor ll\u00e9vame un mensaje a Dani\u00e9ln\u00e9 cuando llegue a Zapoc\u00f3 que su madre sigue viva, la esposa de Pajeid\u00e9, la abuela de Daniel. Y para los Guidaigosode, d\u00edgales que realmente extra\u00f1o a todos: a Enuei y los dem\u00e1s. Yacamai y ellos siempre est\u00e1n en mi mente. D\u00edgales que estas son las palabras de la abuela de Daniel, la esposa de Pajeid\u00e9.<\/p>\n\n\n\n<p>E gusu. (Es todo.)&nbsp;<\/p>\n\n\n\n<p><strong>Clave:<\/strong><br>Dupade \u2013 Dios&nbsp;<\/p>\n\n\n\n<p><em>Ucuet\u00f3dac\u00f3de \u2013 Pail\u00f3n, Bolivia &#8211; 1960<\/em><br><em>Transcrito por: Janet Briggs<\/em><br><em>Traducido al espa\u00f1ol por: Maxine Morarie<\/em><\/p>\n\n\n<div class=\"navigation\"><div class=\"alignleft\"><a href=\"https:\/\/ayore.org\/es\/cultura\/relatos-personales\/cotade-me-he-entregado-dupade\/\"title=\"Cotade &#8211; Me he entregado a Dupade\"><img loading=\"lazy\" decoding=\"async\" src=\"https:\/\/ayore.org\/wp-content\/uploads\/2018\/10\/left-arrow.png\" width=\"50\" height=\"48\" alt=\"left arrow\"><\/a><\/div><div class=\"alignright\"><a href=\"https:\/\/ayore.org\/es\/cultura\/relatos-personales\/enuedate-perdido-en-la-selva-se-encuenta-agua-en-los-arboles\/\"title=\"Enuedat\u00e9 &#8211; Cuando se perdio en la selva, encontro\u0301 agua en los a\u0301rboles\"><img loading=\"lazy\" decoding=\"async\" src=\"https:\/\/ayore.org\/wp-content\/uploads\/2018\/10\/right-arrow.png\" width=\"50\" height=\"48\" alt=\"right arrow\"><\/a><\/div>\n","protected":false},"excerpt":{"rendered":"<p>Dejn\u00ednga ga cuch\u00e1rique a chiqueta raja yu No pude dormir toda la noche:Nos acostamos anoche y estaba oscuro. Antes de dormir, or\u00e9 a Dupade, estando muy oscuro. Pero no pude dormir toda la noche. Mi cuerpo me dol\u00eda tanto que<\/p>\n","protected":false},"author":5,"featured_media":0,"parent":284,"menu_order":0,"comment_status":"closed","ping_status":"closed","template":"","meta":{"footnotes":""},"class_list":["post-3769","page","type-page","status-publish","hentry"],"yoast_head":"<!-- This site is optimized with the Yoast SEO plugin v27.4 - https:\/\/yoast.com\/product\/yoast-seo-wordpress\/ -->\n<title>Ucuet\u00f3dac\u00f3de \u2013 A la medianoche algo se me apareci\u00f3 &#8226; AYORE.ORG<\/title>\n<meta name=\"robots\" content=\"index, follow, max-snippet:-1, max-image-preview:large, max-video-preview:-1\" \/>\n<link rel=\"canonical\" href=\"https:\/\/ayore.org\/es\/cultura\/relatos-personales\/ucuetodacode-a-la-medianoche-algo-se-me-aparecio\/\" \/>\n<meta property=\"og:locale\" content=\"es_ES\" \/>\n<meta property=\"og:type\" content=\"article\" \/>\n<meta property=\"og:title\" content=\"Ucuet\u00f3dac\u00f3de \u2013 A la medianoche algo se me apareci\u00f3 &#8226; AYORE.ORG\" \/>\n<meta property=\"og:description\" content=\"Dejn\u00ednga ga cuch\u00e1rique a chiqueta raja yu No pude dormir toda la noche:Nos acostamos anoche y estaba oscuro. Antes de dormir, or\u00e9 a Dupade, estando muy oscuro. Pero no pude dormir toda la noche. Mi cuerpo me dol\u00eda tanto que\" \/>\n<meta property=\"og:url\" content=\"https:\/\/ayore.org\/es\/cultura\/relatos-personales\/ucuetodacode-a-la-medianoche-algo-se-me-aparecio\/\" \/>\n<meta property=\"og:site_name\" content=\"AYORE.ORG\" \/>\n<meta property=\"article:modified_time\" content=\"2019-05-14T17:46:19+00:00\" \/>\n<meta name=\"twitter:card\" content=\"summary_large_image\" \/>\n<meta name=\"twitter:label1\" content=\"Tiempo de lectura\" \/>\n\t<meta name=\"twitter:data1\" content=\"5 minutos\" \/>\n<script type=\"application\/ld+json\" class=\"yoast-schema-graph\">{\"@context\":\"https:\\\/\\\/schema.org\",\"@graph\":[{\"@type\":\"WebPage\",\"@id\":\"https:\\\/\\\/ayore.org\\\/es\\\/cultura\\\/relatos-personales\\\/ucuetodacode-a-la-medianoche-algo-se-me-aparecio\\\/\",\"url\":\"https:\\\/\\\/ayore.org\\\/es\\\/cultura\\\/relatos-personales\\\/ucuetodacode-a-la-medianoche-algo-se-me-aparecio\\\/\",\"name\":\"Ucuet\u00f3dac\u00f3de \u2013 A la medianoche algo se me apareci\u00f3 &#8226; AYORE.ORG\",\"isPartOf\":{\"@id\":\"https:\\\/\\\/ayore.org\\\/#website\"},\"datePublished\":\"2019-05-14T17:46:18+00:00\",\"dateModified\":\"2019-05-14T17:46:19+00:00\",\"breadcrumb\":{\"@id\":\"https:\\\/\\\/ayore.org\\\/es\\\/cultura\\\/relatos-personales\\\/ucuetodacode-a-la-medianoche-algo-se-me-aparecio\\\/#breadcrumb\"},\"inLanguage\":\"es-AR\",\"potentialAction\":[{\"@type\":\"ReadAction\",\"target\":[\"https:\\\/\\\/ayore.org\\\/es\\\/cultura\\\/relatos-personales\\\/ucuetodacode-a-la-medianoche-algo-se-me-aparecio\\\/\"]}]},{\"@type\":\"BreadcrumbList\",\"@id\":\"https:\\\/\\\/ayore.org\\\/es\\\/cultura\\\/relatos-personales\\\/ucuetodacode-a-la-medianoche-algo-se-me-aparecio\\\/#breadcrumb\",\"itemListElement\":[{\"@type\":\"ListItem\",\"position\":1,\"name\":\"Inicio\",\"item\":\"https:\\\/\\\/ayore.org\\\/es\\\/\"},{\"@type\":\"ListItem\",\"position\":2,\"name\":\"Cultura\",\"item\":\"https:\\\/\\\/ayore.org\\\/es\\\/cultura\\\/\"},{\"@type\":\"ListItem\",\"position\":3,\"name\":\"Relatos Personales\",\"item\":\"https:\\\/\\\/ayore.org\\\/es\\\/cultura\\\/relatos-personales\\\/\"},{\"@type\":\"ListItem\",\"position\":4,\"name\":\"Ucuet\u00f3dac\u00f3de \u2013 A la medianoche algo se me apareci\u00f3\"}]},{\"@type\":\"WebSite\",\"@id\":\"https:\\\/\\\/ayore.org\\\/#website\",\"url\":\"https:\\\/\\\/ayore.org\\\/\",\"name\":\"AYORE.ORG\",\"description\":\"Idioma, Cultura e Historia de la Tribu Ayor\u00e9\",\"potentialAction\":[{\"@type\":\"SearchAction\",\"target\":{\"@type\":\"EntryPoint\",\"urlTemplate\":\"https:\\\/\\\/ayore.org\\\/?s={search_term_string}\"},\"query-input\":{\"@type\":\"PropertyValueSpecification\",\"valueRequired\":true,\"valueName\":\"search_term_string\"}}],\"inLanguage\":\"es-AR\"}]}<\/script>\n<!-- \/ Yoast SEO plugin. -->","yoast_head_json":{"title":"Ucuet\u00f3dac\u00f3de \u2013 A la medianoche algo se me apareci\u00f3 &#8226; AYORE.ORG","robots":{"index":"index","follow":"follow","max-snippet":"max-snippet:-1","max-image-preview":"max-image-preview:large","max-video-preview":"max-video-preview:-1"},"canonical":"https:\/\/ayore.org\/es\/cultura\/relatos-personales\/ucuetodacode-a-la-medianoche-algo-se-me-aparecio\/","og_locale":"es_ES","og_type":"article","og_title":"Ucuet\u00f3dac\u00f3de \u2013 A la medianoche algo se me apareci\u00f3 &#8226; AYORE.ORG","og_description":"Dejn\u00ednga ga cuch\u00e1rique a chiqueta raja yu No pude dormir toda la noche:Nos acostamos anoche y estaba oscuro. Antes de dormir, or\u00e9 a Dupade, estando muy oscuro. Pero no pude dormir toda la noche. Mi cuerpo me dol\u00eda tanto que","og_url":"https:\/\/ayore.org\/es\/cultura\/relatos-personales\/ucuetodacode-a-la-medianoche-algo-se-me-aparecio\/","og_site_name":"AYORE.ORG","article_modified_time":"2019-05-14T17:46:19+00:00","twitter_card":"summary_large_image","twitter_misc":{"Tiempo de lectura":"5 minutos"},"schema":{"@context":"https:\/\/schema.org","@graph":[{"@type":"WebPage","@id":"https:\/\/ayore.org\/es\/cultura\/relatos-personales\/ucuetodacode-a-la-medianoche-algo-se-me-aparecio\/","url":"https:\/\/ayore.org\/es\/cultura\/relatos-personales\/ucuetodacode-a-la-medianoche-algo-se-me-aparecio\/","name":"Ucuet\u00f3dac\u00f3de \u2013 A la medianoche algo se me apareci\u00f3 &#8226; AYORE.ORG","isPartOf":{"@id":"https:\/\/ayore.org\/#website"},"datePublished":"2019-05-14T17:46:18+00:00","dateModified":"2019-05-14T17:46:19+00:00","breadcrumb":{"@id":"https:\/\/ayore.org\/es\/cultura\/relatos-personales\/ucuetodacode-a-la-medianoche-algo-se-me-aparecio\/#breadcrumb"},"inLanguage":"es-AR","potentialAction":[{"@type":"ReadAction","target":["https:\/\/ayore.org\/es\/cultura\/relatos-personales\/ucuetodacode-a-la-medianoche-algo-se-me-aparecio\/"]}]},{"@type":"BreadcrumbList","@id":"https:\/\/ayore.org\/es\/cultura\/relatos-personales\/ucuetodacode-a-la-medianoche-algo-se-me-aparecio\/#breadcrumb","itemListElement":[{"@type":"ListItem","position":1,"name":"Inicio","item":"https:\/\/ayore.org\/es\/"},{"@type":"ListItem","position":2,"name":"Cultura","item":"https:\/\/ayore.org\/es\/cultura\/"},{"@type":"ListItem","position":3,"name":"Relatos Personales","item":"https:\/\/ayore.org\/es\/cultura\/relatos-personales\/"},{"@type":"ListItem","position":4,"name":"Ucuet\u00f3dac\u00f3de \u2013 A la medianoche algo se me apareci\u00f3"}]},{"@type":"WebSite","@id":"https:\/\/ayore.org\/#website","url":"https:\/\/ayore.org\/","name":"AYORE.ORG","description":"Idioma, Cultura e Historia de la Tribu Ayor\u00e9","potentialAction":[{"@type":"SearchAction","target":{"@type":"EntryPoint","urlTemplate":"https:\/\/ayore.org\/?s={search_term_string}"},"query-input":{"@type":"PropertyValueSpecification","valueRequired":true,"valueName":"search_term_string"}}],"inLanguage":"es-AR"}]}},"_links":{"self":[{"href":"https:\/\/ayore.org\/es\/wp-json\/wp\/v2\/pages\/3769","targetHints":{"allow":["GET"]}}],"collection":[{"href":"https:\/\/ayore.org\/es\/wp-json\/wp\/v2\/pages"}],"about":[{"href":"https:\/\/ayore.org\/es\/wp-json\/wp\/v2\/types\/page"}],"author":[{"embeddable":true,"href":"https:\/\/ayore.org\/es\/wp-json\/wp\/v2\/users\/5"}],"replies":[{"embeddable":true,"href":"https:\/\/ayore.org\/es\/wp-json\/wp\/v2\/comments?post=3769"}],"version-history":[{"count":2,"href":"https:\/\/ayore.org\/es\/wp-json\/wp\/v2\/pages\/3769\/revisions"}],"predecessor-version":[{"id":3771,"href":"https:\/\/ayore.org\/es\/wp-json\/wp\/v2\/pages\/3769\/revisions\/3771"}],"up":[{"embeddable":true,"href":"https:\/\/ayore.org\/es\/wp-json\/wp\/v2\/pages\/284"}],"wp:attachment":[{"href":"https:\/\/ayore.org\/es\/wp-json\/wp\/v2\/media?parent=3769"}],"curies":[{"name":"wp","href":"https:\/\/api.w.org\/{rel}","templated":true}]}}