{"id":3764,"date":"2019-05-14T16:53:36","date_gmt":"2019-05-14T16:53:36","guid":{"rendered":"https:\/\/ayore.org\/?page_id=3764"},"modified":"2019-05-14T16:53:37","modified_gmt":"2019-05-14T16:53:37","slug":"sama-rosade-me-puso-la-cara-bajo-el-agua","status":"publish","type":"page","link":"https:\/\/ayore.org\/es\/cultura\/relatos-personales\/sama-rosade-me-puso-la-cara-bajo-el-agua\/","title":{"rendered":"Sama \u2013 Rosad\u00e9 me puso la cara bajo el agua"},"content":{"rendered":"\n<p><em>Rosade chaca yedodie iji yodi <\/em><\/p>\n\n\n\n<p><strong><em>Yo era una ni\u00f1a cuando fui bautizado:<\/em><\/strong><br>Ha pasado mucho tiempo desde que Rosad\u00e9 me sumergi\u00f3 en el agua. Entonces era una ni\u00f1a peque\u00f1a y realmente no entend\u00eda lo que estaba sucediendo. Algunas veces, creo que el bautismo puede hacerse sin que la persona entienda completamente su significado. No fue hasta despu\u00e9s de que entend\u00ed. Ahora entiendo que el bautismo tiene que ver con <em>Dupade<\/em> y tener fe en su hijo Jes\u00fas.<\/p>\n\n\n\n<p><strong><em>Quer\u00eda volver a escuchar la Palabra de Dios:<\/em><\/strong><br>Y quer\u00eda volver y comenzar de nuevo. Yo quer\u00eda ser como las personas que hab\u00edan pecado y se arrepent\u00edan de su pecado delante de los creyentes. Yo tambi\u00e9n hab\u00eda pecado, pero nunca me hab\u00eda arrepentido p\u00fablicamente. Pens\u00e9: &#8216;Estas personas no son como yo. No he pecado tanto como ellos.\u2019 Entonces, no sub\u00ed para confesar mi pecado.<\/p>\n\n\n\n<p>Quer\u00eda volver a las reuniones otra vez, pero mi madre y mi hermana Om\u00e9 odiaban ir a la iglesia en ese momento, pero luego quer\u00edan volver. Dijeron: &#8220;Hay un <em>Dupade<\/em>.&#8221; Y entonces mi madre y Om\u00e9 deseaban escuchar la Palabra de <em>Dupade<\/em>.<\/p>\n\n\n\n<p> Pero creo que estoy unido a <em>Dupade<\/em>. Lo elogio y me digo a m\u00ed mismo: &#8220;Creo que <em>Dupade<\/em> no nos minti\u00f3 cuando dijo que nunca nos dejar\u00eda, y es por eso que no he podido dejarlo&#8221;.<\/p>\n\n\n\n<p><strong><em>Fue porque mi esposo me dej\u00f3 que casi dej\u00e9 de ir a escuchar la Palabra de Dupade:<\/em><\/strong><br>Pero las mujeres no me creyeron. Dijeron: &#8220;Sama est\u00e1 mintiendo; ella est\u00e1 sirviendo a Satan\u00e1s &#8220;.<\/p>\n\n\n\n<p>Cuando las mujeres comenzaron a dudar de\nm\u00ed, perd\u00ed de vista a Dios y no sab\u00eda c\u00f3mo acercarme a \u00e9l.<\/p>\n\n\n\n<p>Mi esposo me dej\u00f3 y dej\u00e9 de ir a la iglesia\npara escuchar la <em>Palabra de<\/em> <em>Dupade<\/em>. Fue entonces cuando quise hacer\nlo que Satan\u00e1s me tent\u00f3 a hacer. Pero realmente no quer\u00eda seguir con esas\ntentaciones.<\/p>\n\n\n\n<p><strong><em>Las mujeres me acusaron de cosas:<\/em><\/strong><br>Las mujeres dijeron: &#8216;Jnani tiene una esposa, pero Sama lo quiere&#8217;, pero yo no lo quer\u00eda en ese momento. Pero su esposa lo dej\u00f3 y se fue a Santa Cruz y no quer\u00eda saber nada m\u00e1s de su hijo. Pas\u00f3 mucho tiempo, m\u00e1s o menos un a\u00f1o, hasta que fui a verlo a \u00e9l despu\u00e9s de que su hijo hab\u00eda muerto.<\/p>\n\n\n\n<p><strong><em>Mi primer marido quer\u00eda estar con muchas mujeres j\u00f3venes:<\/em><\/strong><br>Finalmente, fui a la iglesia, y esto es lo que dije de m\u00ed mismo. Les dije que solo hab\u00eda tenido dos maridos. Y ellas sab\u00edan esto, las mujeres sab\u00edan que era la verdad que \u00e9l estuvo con muchas mujeres j\u00f3venes hace mucho tiempo. Y cuando \u00e9l quiso otra m\u00e1s, fue cuando lo dej\u00e9. \u00c9l estaba con muchas otras mujeres j\u00f3venes. Y me dije a m\u00ed mismo: &#8216;Voy a dejarlo, porque \u00e9l no se resiste a las tentaciones de Satan\u00e1s. Si \u00e9l es infiel de nuevo, lo voy a dejar.\u2019 <\/p>\n\n\n\n<p>Lo dej\u00e9 y despu\u00e9s de un tiempo, fui a Jnani. Y \u00e9l fue el \u00faltimo. Nunca ir\u00eda con otro joven ahora que estaba con \u00e9l.<\/p>\n\n\n\n<p><strong><em>Las mujeres me llamaron mentirosa:<\/em><\/strong><br>Las mujeres dijeron que estaba mintiendo, pero no creo que sea un mentirosa; creo que he sido sincera acerca de todo esto.<\/p>\n\n\n\n<p>Si Jes\u00fas llegara a llevar a sus creyentes, creo que estar\u00eda en la ciudad de <em>Dupade<\/em> entre ellos. Porque no he mentido sobre lo que hice.<\/p>\n\n\n\n<p> Solo pequ\u00e9 as\u00ed por un tiempo, y nunca volv\u00ed a hacerlo.<\/p>\n\n\n\n<p><strong><em>Cuando mi primer esposo me dej\u00f3, me fui:<\/em><\/strong><br>Despegu\u00e9 cuando mi esposo me dej\u00f3. Me dije a m\u00ed misma: &#8216;Me voy a ir y me emborracho&#8217;. Y fui a Santa Cruz. Fui a Santa Cruz con mis amigas. Fui con una de ellas, pero olvid\u00e9 su nombre. Oh, s\u00ed, fue Jor\u00e9, pero luego, ella muri\u00f3. Acompa\u00f1\u00e9 a mis amigas y vivimos en Santa Cruz. Pero me convert\u00ed en una borracha, y casi me mata. Me dije: &#8217;emborracharse es horrible&#8217;.<\/p>\n\n\n\n<p><strong><em>Regres\u00e9 y una vez m\u00e1s confi\u00e9 en Dupade:<\/em><\/strong><br>Me dije a m\u00ed misma: &#8216;Regresar\u00e9 y creer\u00e9 en <em>Dupade<\/em> una vez m\u00e1s. Volv\u00ed y nunca m\u00e1s quise emborracharme.<\/p>\n\n\n\n<p>Esto es todo. Esa es toda la historia. Ahora confieso lo que hice frente a la iglesia.<\/p>\n\n\n\n<p>Eso\nes lo que quer\u00eda hacer, y no creo haber mentido sobre m\u00ed o sobre lo que hice.\nSolo he tenido dos maridos. Dej\u00e9 a mi primer marido porque hab\u00eda sido infiel\ncon muchas mujeres j\u00f3venes. Y me dije a m\u00ed misma: &#8216;Lo dejar\u00e9&#8217;. Y luego, fui a\nJnani y solo a \u00e9l. No hay forma de que vaya a ning\u00fan otro hombre.<\/p>\n\n\n\n<p><strong><em>Pero las mujeres me acusaron de otras cosas:<\/em><\/strong><br>Me acusaron de cosas que yo no hice, pero no creo que quisieran mentir acerca de m\u00ed.<\/p>\n\n\n\n<p>Si Jes\u00fas llegara para llevarse a sus creyentes, creo que tambi\u00e9n \u00e9l me tomar\u00eda. Porque esas son las \u00fanicas cosas feas que he hecho.<\/p>\n\n\n\n<p>Me present\u00e9 con los creyentes de Jesus con la intenci\u00f3n de estar bien con ellos nuevamente. Cuando otras se presentaron ante los creyentes que los escucharan, yo tambi\u00e9n escuch\u00e9. Esto es lo que sucedi\u00f3, pero no han dejado de tratarme mal en absoluto.<\/p>\n\n\n\n<p>Debido a que no considero a <em>Dupade<\/em> un mentiroso, me digo a m\u00ed mismo: &#8220;Seguramente <em>Dupade<\/em> sabe que estoy siendo sincera&#8221;.<\/p>\n\n\n\n<p> Pero me pregunto, &#8216;\u00bfPor qu\u00e9 no voy a las reuniones m\u00e1s?&#8217;<\/p>\n\n\n\n<p> Pero s\u00e9 por qu\u00e9. Es de verg\u00fcenza. Es porque dej\u00e9 a <em>Dupade<\/em> hace mucho tiempo y empec\u00e9 a hacer cosas malas. Pero despu\u00e9s, ahora, no hay forma de que alguna vez quiera volver a hacer esas cosas feas. <\/p>\n\n\n\n<p>S\u00e9 que dije la verdad cuando dije que solo\nhab\u00eda tenido dos maridos.<\/p>\n\n\n\n<p><strong>Clave:<\/strong><br>Poner la cara de alguien bajo el agua \u2013 Bautizar a una persona<br>Dupade \u2013 Dios<br>La Palabra de Dupade \u2013 Biblia, Palabra de Dios<\/p>\n\n\n\n<p><em>Sama \u2013 Tobit\u00e9, Bolivia \u2013 August of 1975<\/em><br><em>Transcrito y traducido al espa\u00f1ol por: Maxine Morarie<\/em><\/p>\n\n\n<div class=\"navigation\"><div class=\"alignleft\"><a href=\"https:\/\/ayore.org\/es\/cultura\/relatos-personales\/lidiade-los-que-tienen-oidos-abiertos-oyen-la-palabra-de-dupade\/\"title=\"Li\u0301diade\u0301 &#8211; Los que tienen oi\u0301dos abiertos oyen la Palabra de Dupade\"><img loading=\"lazy\" decoding=\"async\" src=\"https:\/\/ayore.org\/wp-content\/uploads\/2018\/10\/left-arrow.png\" width=\"50\" height=\"48\" alt=\"left arrow\"><\/a><\/div><div class=\"alignright\"><a href=\"https:\/\/ayore.org\/es\/cultura\/relatos-personales\/dapure-yo-odiaba-a-dupade\/\"title=\"Dapur\u00e9 &#8211; Yo odiaba a Dupade\"><img loading=\"lazy\" decoding=\"async\" src=\"https:\/\/ayore.org\/wp-content\/uploads\/2018\/10\/right-arrow.png\" width=\"50\" height=\"48\" alt=\"right arrow\"><\/a><\/div>\n","protected":false},"excerpt":{"rendered":"<p>Rosade chaca yedodie iji yodi Yo era una ni\u00f1a cuando fui bautizado:Ha pasado mucho tiempo desde que Rosad\u00e9 me sumergi\u00f3 en el agua. Entonces era una ni\u00f1a peque\u00f1a y realmente no entend\u00eda lo que estaba sucediendo. Algunas veces, creo que<\/p>\n","protected":false},"author":5,"featured_media":0,"parent":284,"menu_order":0,"comment_status":"closed","ping_status":"closed","template":"","meta":{"footnotes":""},"class_list":["post-3764","page","type-page","status-publish","hentry"],"yoast_head":"<!-- This site is optimized with the Yoast SEO plugin v27.4 - https:\/\/yoast.com\/product\/yoast-seo-wordpress\/ -->\n<title>Sama \u2013 Rosad\u00e9 me puso la cara bajo el agua &#8226; AYORE.ORG<\/title>\n<meta name=\"robots\" content=\"index, follow, max-snippet:-1, max-image-preview:large, max-video-preview:-1\" \/>\n<link rel=\"canonical\" href=\"https:\/\/ayore.org\/es\/cultura\/relatos-personales\/sama-rosade-me-puso-la-cara-bajo-el-agua\/\" \/>\n<meta property=\"og:locale\" content=\"es_ES\" \/>\n<meta property=\"og:type\" content=\"article\" \/>\n<meta property=\"og:title\" content=\"Sama \u2013 Rosad\u00e9 me puso la cara bajo el agua &#8226; AYORE.ORG\" \/>\n<meta property=\"og:description\" content=\"Rosade chaca yedodie iji yodi Yo era una ni\u00f1a cuando fui bautizado:Ha pasado mucho tiempo desde que Rosad\u00e9 me sumergi\u00f3 en el agua. Entonces era una ni\u00f1a peque\u00f1a y realmente no entend\u00eda lo que estaba sucediendo. Algunas veces, creo que\" \/>\n<meta property=\"og:url\" content=\"https:\/\/ayore.org\/es\/cultura\/relatos-personales\/sama-rosade-me-puso-la-cara-bajo-el-agua\/\" \/>\n<meta property=\"og:site_name\" content=\"AYORE.ORG\" \/>\n<meta property=\"article:modified_time\" content=\"2019-05-14T16:53:37+00:00\" \/>\n<meta name=\"twitter:card\" content=\"summary_large_image\" \/>\n<meta name=\"twitter:label1\" content=\"Tiempo de lectura\" \/>\n\t<meta name=\"twitter:data1\" content=\"5 minutos\" \/>\n<script type=\"application\/ld+json\" class=\"yoast-schema-graph\">{\"@context\":\"https:\\\/\\\/schema.org\",\"@graph\":[{\"@type\":\"WebPage\",\"@id\":\"https:\\\/\\\/ayore.org\\\/es\\\/cultura\\\/relatos-personales\\\/sama-rosade-me-puso-la-cara-bajo-el-agua\\\/\",\"url\":\"https:\\\/\\\/ayore.org\\\/es\\\/cultura\\\/relatos-personales\\\/sama-rosade-me-puso-la-cara-bajo-el-agua\\\/\",\"name\":\"Sama \u2013 Rosad\u00e9 me puso la cara bajo el agua &#8226; AYORE.ORG\",\"isPartOf\":{\"@id\":\"https:\\\/\\\/ayore.org\\\/#website\"},\"datePublished\":\"2019-05-14T16:53:36+00:00\",\"dateModified\":\"2019-05-14T16:53:37+00:00\",\"breadcrumb\":{\"@id\":\"https:\\\/\\\/ayore.org\\\/es\\\/cultura\\\/relatos-personales\\\/sama-rosade-me-puso-la-cara-bajo-el-agua\\\/#breadcrumb\"},\"inLanguage\":\"es-AR\",\"potentialAction\":[{\"@type\":\"ReadAction\",\"target\":[\"https:\\\/\\\/ayore.org\\\/es\\\/cultura\\\/relatos-personales\\\/sama-rosade-me-puso-la-cara-bajo-el-agua\\\/\"]}]},{\"@type\":\"BreadcrumbList\",\"@id\":\"https:\\\/\\\/ayore.org\\\/es\\\/cultura\\\/relatos-personales\\\/sama-rosade-me-puso-la-cara-bajo-el-agua\\\/#breadcrumb\",\"itemListElement\":[{\"@type\":\"ListItem\",\"position\":1,\"name\":\"Inicio\",\"item\":\"https:\\\/\\\/ayore.org\\\/es\\\/\"},{\"@type\":\"ListItem\",\"position\":2,\"name\":\"Cultura\",\"item\":\"https:\\\/\\\/ayore.org\\\/es\\\/cultura\\\/\"},{\"@type\":\"ListItem\",\"position\":3,\"name\":\"Relatos Personales\",\"item\":\"https:\\\/\\\/ayore.org\\\/es\\\/cultura\\\/relatos-personales\\\/\"},{\"@type\":\"ListItem\",\"position\":4,\"name\":\"Sama \u2013 Rosad\u00e9 me puso la cara bajo el agua\"}]},{\"@type\":\"WebSite\",\"@id\":\"https:\\\/\\\/ayore.org\\\/#website\",\"url\":\"https:\\\/\\\/ayore.org\\\/\",\"name\":\"AYORE.ORG\",\"description\":\"Idioma, Cultura e Historia de la Tribu Ayor\u00e9\",\"potentialAction\":[{\"@type\":\"SearchAction\",\"target\":{\"@type\":\"EntryPoint\",\"urlTemplate\":\"https:\\\/\\\/ayore.org\\\/?s={search_term_string}\"},\"query-input\":{\"@type\":\"PropertyValueSpecification\",\"valueRequired\":true,\"valueName\":\"search_term_string\"}}],\"inLanguage\":\"es-AR\"}]}<\/script>\n<!-- \/ Yoast SEO plugin. -->","yoast_head_json":{"title":"Sama \u2013 Rosad\u00e9 me puso la cara bajo el agua &#8226; AYORE.ORG","robots":{"index":"index","follow":"follow","max-snippet":"max-snippet:-1","max-image-preview":"max-image-preview:large","max-video-preview":"max-video-preview:-1"},"canonical":"https:\/\/ayore.org\/es\/cultura\/relatos-personales\/sama-rosade-me-puso-la-cara-bajo-el-agua\/","og_locale":"es_ES","og_type":"article","og_title":"Sama \u2013 Rosad\u00e9 me puso la cara bajo el agua &#8226; AYORE.ORG","og_description":"Rosade chaca yedodie iji yodi Yo era una ni\u00f1a cuando fui bautizado:Ha pasado mucho tiempo desde que Rosad\u00e9 me sumergi\u00f3 en el agua. Entonces era una ni\u00f1a peque\u00f1a y realmente no entend\u00eda lo que estaba sucediendo. Algunas veces, creo que","og_url":"https:\/\/ayore.org\/es\/cultura\/relatos-personales\/sama-rosade-me-puso-la-cara-bajo-el-agua\/","og_site_name":"AYORE.ORG","article_modified_time":"2019-05-14T16:53:37+00:00","twitter_card":"summary_large_image","twitter_misc":{"Tiempo de lectura":"5 minutos"},"schema":{"@context":"https:\/\/schema.org","@graph":[{"@type":"WebPage","@id":"https:\/\/ayore.org\/es\/cultura\/relatos-personales\/sama-rosade-me-puso-la-cara-bajo-el-agua\/","url":"https:\/\/ayore.org\/es\/cultura\/relatos-personales\/sama-rosade-me-puso-la-cara-bajo-el-agua\/","name":"Sama \u2013 Rosad\u00e9 me puso la cara bajo el agua &#8226; AYORE.ORG","isPartOf":{"@id":"https:\/\/ayore.org\/#website"},"datePublished":"2019-05-14T16:53:36+00:00","dateModified":"2019-05-14T16:53:37+00:00","breadcrumb":{"@id":"https:\/\/ayore.org\/es\/cultura\/relatos-personales\/sama-rosade-me-puso-la-cara-bajo-el-agua\/#breadcrumb"},"inLanguage":"es-AR","potentialAction":[{"@type":"ReadAction","target":["https:\/\/ayore.org\/es\/cultura\/relatos-personales\/sama-rosade-me-puso-la-cara-bajo-el-agua\/"]}]},{"@type":"BreadcrumbList","@id":"https:\/\/ayore.org\/es\/cultura\/relatos-personales\/sama-rosade-me-puso-la-cara-bajo-el-agua\/#breadcrumb","itemListElement":[{"@type":"ListItem","position":1,"name":"Inicio","item":"https:\/\/ayore.org\/es\/"},{"@type":"ListItem","position":2,"name":"Cultura","item":"https:\/\/ayore.org\/es\/cultura\/"},{"@type":"ListItem","position":3,"name":"Relatos Personales","item":"https:\/\/ayore.org\/es\/cultura\/relatos-personales\/"},{"@type":"ListItem","position":4,"name":"Sama \u2013 Rosad\u00e9 me puso la cara bajo el agua"}]},{"@type":"WebSite","@id":"https:\/\/ayore.org\/#website","url":"https:\/\/ayore.org\/","name":"AYORE.ORG","description":"Idioma, Cultura e Historia de la Tribu Ayor\u00e9","potentialAction":[{"@type":"SearchAction","target":{"@type":"EntryPoint","urlTemplate":"https:\/\/ayore.org\/?s={search_term_string}"},"query-input":{"@type":"PropertyValueSpecification","valueRequired":true,"valueName":"search_term_string"}}],"inLanguage":"es-AR"}]}},"_links":{"self":[{"href":"https:\/\/ayore.org\/es\/wp-json\/wp\/v2\/pages\/3764","targetHints":{"allow":["GET"]}}],"collection":[{"href":"https:\/\/ayore.org\/es\/wp-json\/wp\/v2\/pages"}],"about":[{"href":"https:\/\/ayore.org\/es\/wp-json\/wp\/v2\/types\/page"}],"author":[{"embeddable":true,"href":"https:\/\/ayore.org\/es\/wp-json\/wp\/v2\/users\/5"}],"replies":[{"embeddable":true,"href":"https:\/\/ayore.org\/es\/wp-json\/wp\/v2\/comments?post=3764"}],"version-history":[{"count":1,"href":"https:\/\/ayore.org\/es\/wp-json\/wp\/v2\/pages\/3764\/revisions"}],"predecessor-version":[{"id":3765,"href":"https:\/\/ayore.org\/es\/wp-json\/wp\/v2\/pages\/3764\/revisions\/3765"}],"up":[{"embeddable":true,"href":"https:\/\/ayore.org\/es\/wp-json\/wp\/v2\/pages\/284"}],"wp:attachment":[{"href":"https:\/\/ayore.org\/es\/wp-json\/wp\/v2\/media?parent=3764"}],"curies":[{"name":"wp","href":"https:\/\/api.w.org\/{rel}","templated":true}]}}