{"id":3758,"date":"2019-05-14T03:43:42","date_gmt":"2019-05-14T03:43:42","guid":{"rendered":"https:\/\/ayore.org\/?page_id=3758"},"modified":"2019-05-14T03:43:44","modified_gmt":"2019-05-14T03:43:44","slug":"jomone-quiero-que-sepas-las-cosas-que-he-hecho","status":"publish","type":"page","link":"https:\/\/ayore.org\/es\/cultura\/relatos-personales\/jomone-quiero-que-sepas-las-cosas-que-he-hecho\/","title":{"rendered":"J\u00f3mone \u2013 Quiero que sepas las cosas que he hecho"},"content":{"rendered":"\n<p><em>Yipota jeta araja yipesudode cucha gajnar\u00e9cho<\/em><\/p>\n\n\n\n<p><a><strong><em>Siento mucho lo que he fallado en mi vida<\/em><\/strong><\/a><strong><em>:<\/em><\/strong><\/p>\n\n\n\n<p>Soy J\u00f3mone quien les ense\u00f1\u00e9 en Tobit\u00e9 en el principio. Se\u00f1ora Marina, estas palabras m\u00edas son para ti, porque quiero que sepas las cosas feas que he hecho aqu\u00ed donde vivo ahora. Durante mucho tiempo he estado pensando en todas las cosas que he hecho. Me siento muy triste cuando pienso en lo malas que est\u00e1n las cosas aqu\u00ed, y quiero llorar, pero es la <em>Palabra de<\/em> <em>Dupade<\/em> de la que realmente lloro, porque le he ense\u00f1ado a mi gente al respecto y te he ayudado a traducirla a nuestro idioma.&nbsp;<\/p>\n\n\n\n<p><strong><em>He sido un tonto:<\/em><\/strong><br>He sido un tonto, porque quer\u00eda matar a un <em>coj\u00f1oi<\/em>, y he hecho mal en contra de mi esposa. Pero es s\u00f3lo <em>Dupade<\/em> quien puede darme paz, porque \u00e9l es el que tiene paz y \u00e9l es quien nos ense\u00f1a a todos nosotros sobre las cosas bellas que ha hecho por nosotros. Y sabemos que es \u00e9l quien nos trae la paz. (Juan 14:27)<em>&nbsp;<\/em><\/p>\n\n\n\n<p><strong><em>Solo Jesucristo puede perdonar nuestros pecados:<\/em><\/strong><br>Quer\u00eda que escuchara estas palabras m\u00edas, Se\u00f1ora Marina, porque hoy nos hemos arrepentido con todos los corazones. Y estamos siguiendo a Jes\u00fas porque solo \u00e9l puede perdonar nuestros pecados, y es \u00e9l quien resucit\u00f3 para dar nueva vida a sus creyentes. Lo hizo para que cuando regrese a la tierra por nosotros vayamos a encontrarlo en el aire.<\/p>\n\n\n\n<p>S\u00f3lo aquellos que no creen en \u00e9l tienen miedo de que venga, porque temen al fuego u otro tipo de castigo. Pero el castigo de <em>Dupade<\/em> saldr\u00e1 del cielo. Y no sabemos si volver\u00e1 a ser agua. Pero sabemos que el pr\u00f3ximo gran castigo ser\u00e1 el fuego. No volver\u00e1 a ser agua cuando castigue a la gente en esta tierra cuando viene el fin de todo.<\/p>\n\n\n\n<p><strong>Clave:<\/strong><br>Dupade \u2013 Dios<br>La Palabra de Dupade \u2013 La Palabra de Dios<br>Coj\u00f1oi \u2013 Persona que no es del tribu ayor\u00e9<\/p>\n\n\n\n<p><em>J\u00f3mone \u2013 Puesto Paz, Bolivia \u2013 1970<\/em><br><em>Transcrito y traducido al espa\u00f1ol por: Marina de Morarie<\/em><\/p>\n\n\n<div class=\"navigation\"><div class=\"alignleft\"><a href=\"https:\/\/ayore.org\/es\/cultura\/relatos-personales\/me-encantan-los-testimonios\/\"title=\"Daju\u00f1angue &#8211; Me encantan los testimonios\"><img loading=\"lazy\" decoding=\"async\" src=\"https:\/\/ayore.org\/wp-content\/uploads\/2018\/10\/left-arrow.png\" width=\"50\" height=\"48\" alt=\"left arrow\"><\/a><\/div><div class=\"alignright\"><a href=\"https:\/\/ayore.org\/es\/cultura\/relatos-personales\/gayujna-pero-mas-tarde-me-entere-de-lo-que-era-realmente-bueno\/\"title=\"Gayujna &#8211; Pero m\u00e1s tarde me enter\u00e9 de lo que era realmente bueno\"><img loading=\"lazy\" decoding=\"async\" src=\"https:\/\/ayore.org\/wp-content\/uploads\/2018\/10\/right-arrow.png\" width=\"50\" height=\"48\" alt=\"right arrow\"><\/a><\/div>\n","protected":false},"excerpt":{"rendered":"<p>Yipota jeta araja yipesudode cucha gajnar\u00e9cho Siento mucho lo que he fallado en mi vida: Soy J\u00f3mone quien les ense\u00f1\u00e9 en Tobit\u00e9 en el principio. Se\u00f1ora Marina, estas palabras m\u00edas son para ti, porque quiero que sepas las cosas feas<\/p>\n","protected":false},"author":5,"featured_media":0,"parent":284,"menu_order":0,"comment_status":"closed","ping_status":"closed","template":"","meta":{"footnotes":""},"class_list":["post-3758","page","type-page","status-publish","hentry"],"yoast_head":"<!-- This site is optimized with the Yoast SEO plugin v27.4 - https:\/\/yoast.com\/product\/yoast-seo-wordpress\/ -->\n<title>J\u00f3mone \u2013 Quiero que sepas las cosas que he hecho &#8226; AYORE.ORG<\/title>\n<meta name=\"robots\" content=\"index, follow, max-snippet:-1, max-image-preview:large, max-video-preview:-1\" \/>\n<link rel=\"canonical\" href=\"https:\/\/ayore.org\/es\/cultura\/relatos-personales\/jomone-quiero-que-sepas-las-cosas-que-he-hecho\/\" \/>\n<meta property=\"og:locale\" content=\"es_ES\" \/>\n<meta property=\"og:type\" content=\"article\" \/>\n<meta property=\"og:title\" content=\"J\u00f3mone \u2013 Quiero que sepas las cosas que he hecho &#8226; AYORE.ORG\" \/>\n<meta property=\"og:description\" content=\"Yipota jeta araja yipesudode cucha gajnar\u00e9cho Siento mucho lo que he fallado en mi vida: Soy J\u00f3mone quien les ense\u00f1\u00e9 en Tobit\u00e9 en el principio. Se\u00f1ora Marina, estas palabras m\u00edas son para ti, porque quiero que sepas las cosas feas\" \/>\n<meta property=\"og:url\" content=\"https:\/\/ayore.org\/es\/cultura\/relatos-personales\/jomone-quiero-que-sepas-las-cosas-que-he-hecho\/\" \/>\n<meta property=\"og:site_name\" content=\"AYORE.ORG\" \/>\n<meta property=\"article:modified_time\" content=\"2019-05-14T03:43:44+00:00\" \/>\n<meta name=\"twitter:card\" content=\"summary_large_image\" \/>\n<meta name=\"twitter:label1\" content=\"Tiempo de lectura\" \/>\n\t<meta name=\"twitter:data1\" content=\"2 minutos\" \/>\n<script type=\"application\/ld+json\" class=\"yoast-schema-graph\">{\"@context\":\"https:\\\/\\\/schema.org\",\"@graph\":[{\"@type\":\"WebPage\",\"@id\":\"https:\\\/\\\/ayore.org\\\/es\\\/cultura\\\/relatos-personales\\\/jomone-quiero-que-sepas-las-cosas-que-he-hecho\\\/\",\"url\":\"https:\\\/\\\/ayore.org\\\/es\\\/cultura\\\/relatos-personales\\\/jomone-quiero-que-sepas-las-cosas-que-he-hecho\\\/\",\"name\":\"J\u00f3mone \u2013 Quiero que sepas las cosas que he hecho &#8226; AYORE.ORG\",\"isPartOf\":{\"@id\":\"https:\\\/\\\/ayore.org\\\/#website\"},\"datePublished\":\"2019-05-14T03:43:42+00:00\",\"dateModified\":\"2019-05-14T03:43:44+00:00\",\"breadcrumb\":{\"@id\":\"https:\\\/\\\/ayore.org\\\/es\\\/cultura\\\/relatos-personales\\\/jomone-quiero-que-sepas-las-cosas-que-he-hecho\\\/#breadcrumb\"},\"inLanguage\":\"es-AR\",\"potentialAction\":[{\"@type\":\"ReadAction\",\"target\":[\"https:\\\/\\\/ayore.org\\\/es\\\/cultura\\\/relatos-personales\\\/jomone-quiero-que-sepas-las-cosas-que-he-hecho\\\/\"]}]},{\"@type\":\"BreadcrumbList\",\"@id\":\"https:\\\/\\\/ayore.org\\\/es\\\/cultura\\\/relatos-personales\\\/jomone-quiero-que-sepas-las-cosas-que-he-hecho\\\/#breadcrumb\",\"itemListElement\":[{\"@type\":\"ListItem\",\"position\":1,\"name\":\"Inicio\",\"item\":\"https:\\\/\\\/ayore.org\\\/es\\\/\"},{\"@type\":\"ListItem\",\"position\":2,\"name\":\"Cultura\",\"item\":\"https:\\\/\\\/ayore.org\\\/es\\\/cultura\\\/\"},{\"@type\":\"ListItem\",\"position\":3,\"name\":\"Relatos Personales\",\"item\":\"https:\\\/\\\/ayore.org\\\/es\\\/cultura\\\/relatos-personales\\\/\"},{\"@type\":\"ListItem\",\"position\":4,\"name\":\"J\u00f3mone \u2013 Quiero que sepas las cosas que he hecho\"}]},{\"@type\":\"WebSite\",\"@id\":\"https:\\\/\\\/ayore.org\\\/#website\",\"url\":\"https:\\\/\\\/ayore.org\\\/\",\"name\":\"AYORE.ORG\",\"description\":\"Idioma, Cultura e Historia de la Tribu Ayor\u00e9\",\"potentialAction\":[{\"@type\":\"SearchAction\",\"target\":{\"@type\":\"EntryPoint\",\"urlTemplate\":\"https:\\\/\\\/ayore.org\\\/?s={search_term_string}\"},\"query-input\":{\"@type\":\"PropertyValueSpecification\",\"valueRequired\":true,\"valueName\":\"search_term_string\"}}],\"inLanguage\":\"es-AR\"}]}<\/script>\n<!-- \/ Yoast SEO plugin. -->","yoast_head_json":{"title":"J\u00f3mone \u2013 Quiero que sepas las cosas que he hecho &#8226; AYORE.ORG","robots":{"index":"index","follow":"follow","max-snippet":"max-snippet:-1","max-image-preview":"max-image-preview:large","max-video-preview":"max-video-preview:-1"},"canonical":"https:\/\/ayore.org\/es\/cultura\/relatos-personales\/jomone-quiero-que-sepas-las-cosas-que-he-hecho\/","og_locale":"es_ES","og_type":"article","og_title":"J\u00f3mone \u2013 Quiero que sepas las cosas que he hecho &#8226; AYORE.ORG","og_description":"Yipota jeta araja yipesudode cucha gajnar\u00e9cho Siento mucho lo que he fallado en mi vida: Soy J\u00f3mone quien les ense\u00f1\u00e9 en Tobit\u00e9 en el principio. Se\u00f1ora Marina, estas palabras m\u00edas son para ti, porque quiero que sepas las cosas feas","og_url":"https:\/\/ayore.org\/es\/cultura\/relatos-personales\/jomone-quiero-que-sepas-las-cosas-que-he-hecho\/","og_site_name":"AYORE.ORG","article_modified_time":"2019-05-14T03:43:44+00:00","twitter_card":"summary_large_image","twitter_misc":{"Tiempo de lectura":"2 minutos"},"schema":{"@context":"https:\/\/schema.org","@graph":[{"@type":"WebPage","@id":"https:\/\/ayore.org\/es\/cultura\/relatos-personales\/jomone-quiero-que-sepas-las-cosas-que-he-hecho\/","url":"https:\/\/ayore.org\/es\/cultura\/relatos-personales\/jomone-quiero-que-sepas-las-cosas-que-he-hecho\/","name":"J\u00f3mone \u2013 Quiero que sepas las cosas que he hecho &#8226; AYORE.ORG","isPartOf":{"@id":"https:\/\/ayore.org\/#website"},"datePublished":"2019-05-14T03:43:42+00:00","dateModified":"2019-05-14T03:43:44+00:00","breadcrumb":{"@id":"https:\/\/ayore.org\/es\/cultura\/relatos-personales\/jomone-quiero-que-sepas-las-cosas-que-he-hecho\/#breadcrumb"},"inLanguage":"es-AR","potentialAction":[{"@type":"ReadAction","target":["https:\/\/ayore.org\/es\/cultura\/relatos-personales\/jomone-quiero-que-sepas-las-cosas-que-he-hecho\/"]}]},{"@type":"BreadcrumbList","@id":"https:\/\/ayore.org\/es\/cultura\/relatos-personales\/jomone-quiero-que-sepas-las-cosas-que-he-hecho\/#breadcrumb","itemListElement":[{"@type":"ListItem","position":1,"name":"Inicio","item":"https:\/\/ayore.org\/es\/"},{"@type":"ListItem","position":2,"name":"Cultura","item":"https:\/\/ayore.org\/es\/cultura\/"},{"@type":"ListItem","position":3,"name":"Relatos Personales","item":"https:\/\/ayore.org\/es\/cultura\/relatos-personales\/"},{"@type":"ListItem","position":4,"name":"J\u00f3mone \u2013 Quiero que sepas las cosas que he hecho"}]},{"@type":"WebSite","@id":"https:\/\/ayore.org\/#website","url":"https:\/\/ayore.org\/","name":"AYORE.ORG","description":"Idioma, Cultura e Historia de la Tribu Ayor\u00e9","potentialAction":[{"@type":"SearchAction","target":{"@type":"EntryPoint","urlTemplate":"https:\/\/ayore.org\/?s={search_term_string}"},"query-input":{"@type":"PropertyValueSpecification","valueRequired":true,"valueName":"search_term_string"}}],"inLanguage":"es-AR"}]}},"_links":{"self":[{"href":"https:\/\/ayore.org\/es\/wp-json\/wp\/v2\/pages\/3758","targetHints":{"allow":["GET"]}}],"collection":[{"href":"https:\/\/ayore.org\/es\/wp-json\/wp\/v2\/pages"}],"about":[{"href":"https:\/\/ayore.org\/es\/wp-json\/wp\/v2\/types\/page"}],"author":[{"embeddable":true,"href":"https:\/\/ayore.org\/es\/wp-json\/wp\/v2\/users\/5"}],"replies":[{"embeddable":true,"href":"https:\/\/ayore.org\/es\/wp-json\/wp\/v2\/comments?post=3758"}],"version-history":[{"count":1,"href":"https:\/\/ayore.org\/es\/wp-json\/wp\/v2\/pages\/3758\/revisions"}],"predecessor-version":[{"id":3759,"href":"https:\/\/ayore.org\/es\/wp-json\/wp\/v2\/pages\/3758\/revisions\/3759"}],"up":[{"embeddable":true,"href":"https:\/\/ayore.org\/es\/wp-json\/wp\/v2\/pages\/284"}],"wp:attachment":[{"href":"https:\/\/ayore.org\/es\/wp-json\/wp\/v2\/media?parent=3758"}],"curies":[{"name":"wp","href":"https:\/\/api.w.org\/{rel}","templated":true}]}}