{"id":3746,"date":"2019-05-11T02:41:48","date_gmt":"2019-05-11T02:41:48","guid":{"rendered":"https:\/\/ayore.org\/?page_id=3746"},"modified":"2019-05-14T03:03:48","modified_gmt":"2019-05-14T03:03:48","slug":"gayujna-pero-mas-tarde-me-entere-de-lo-que-era-realmente-bueno","status":"publish","type":"page","link":"https:\/\/ayore.org\/es\/cultura\/relatos-personales\/gayujna-pero-mas-tarde-me-entere-de-lo-que-era-realmente-bueno\/","title":{"rendered":"Gayujna &#8211; Pero m\u00e1s tarde me enter\u00e9 de lo que era realmente bueno"},"content":{"rendered":"\n<p><strong><em>Gapape yu ga que yiraja cuch\u00e1rique go:<\/em><\/strong><br>Cuando yo era una ni\u00f1a no sab\u00eda nada en absoluto. Pero ahora s\u00ed. No creo que hab\u00eda nada hermoso de mi pasado. Yo no hice nada de valor. Pero cuando yo era una ni\u00f1a todo parec\u00eda hermoso para m\u00ed. Pero m\u00e1s tarde me enter\u00e9 de lo que era realmente bueno, lo que era realmente hermosa. <\/p>\n\n\n\n<p><strong><em>Me conozco ahora y por eso estoy aqu\u00ed ante ustedes:<\/em><\/strong><br>Me enter\u00e9 de lo que era realmente hermoso el d\u00eda en que me entregu\u00e9 a <em>Dupade<\/em>. Y ya no hay ninguna posibilidad de alejarme de \u00c9l, porque yo misma decid\u00ed entregarme a \u00c9l. Poni\u00e9ndose de pie y dando nuestros testimonios ante los dem\u00e1s no es poca cosa. No es un paso insignificante. Me conozco ahora y por eso estoy aqu\u00ed ante ustedes. Me conozco. Yo s\u00e9 lo que est\u00e1 en m\u00ed coraz\u00f3n, y yo quiero que la gente sepa lo que tengo que decir. Y lo que tengo que decir no es poco importante, porque generalmente no nos paramos delante de otros para dar testimonio de nuestra fe. Es una buena cosa para buscar lo que hay en nuestros corazones y luego compartirlo con otros.&nbsp; He examinado mi coraz\u00f3n para saber lo que est\u00e1 all\u00ed.<\/p>\n\n\n\n<p><strong><em>Ya no voy a estar en las reuniones de las mujeres para escuchar los chismes:<\/em><\/strong><br>Estaba lleno de pecado y no sab\u00eda nada; he pecado mucho. No pod\u00eda esperar a escuchar los chismes. Pero lo diferente que es ahora, no me gusta para unirme a la conversaci\u00f3n que est\u00e1 pasando a mi alrededor. Me conozco, s\u00e9 lo que est\u00e1 mi coraz\u00f3n. Creo que probablemente no voy a estar en las reuniones de las mujeres por m\u00e1s tiempo porque ellos siempre est\u00e1n hablando de los dem\u00e1s, e incluso expresando dudas acerca de <em>Dupade<\/em>. <\/p>\n\n\n\n<p>As\u00ed que no creo\nque vuelva a unirme con ellas nunca m\u00e1s, porque s\u00e9 lo que pasa. S\u00e9 que Dijaide\nme ha dicho que no es una buena cosa para que las mujeres se re\u00fanen a los\nchismes y hablar mal de los dem\u00e1s. Y no s\u00f3lo eso, sino que hablan mal de <em>Dupade<\/em>, las cosas que me hacen\navergonzarme de ellas. Para escuchar cuando hablan mal de <em>Dupade<\/em> me duele. <\/p>\n\n\n\n<p><strong><em>Dijaide conoce a Dupade y \u00e9l es que comparte su Palabra con nosotros:<\/em><\/strong>&nbsp;&nbsp;&nbsp;&nbsp;&nbsp;&nbsp;&nbsp;&nbsp;&nbsp; &nbsp; <br>Dijaide y Josu\u00e9 fueron a ayudar a la se\u00f1ora Marina hace un tiempo. Cuando Dijaide regres\u00f3 me dijo lo que la Se\u00f1ora Marina quer\u00eda que me dijera, y era tan bueno saber de ella. <em>Dupade<\/em> me conoce y ha encontrado un lugar en mi coraz\u00f3n. \u00c9l me conoce y me ve.<\/p>\n\n\n\n<p>Un grupo de m\u00e9dicos me examinar\u00e1 pronto. Quieren saber qu\u00e9 hacer con mis problemas m\u00e9dicos.<\/p>\n\n\n\n<p>Cuando fuimos a Cochabamba una vez, o\u00ed hablar a Tim Wyma. Fuimos al dentista mientras est\u00e1bamos all\u00ed. No habl\u00e9 con Tim, pero Dijaide debe haberle hablado de m\u00ed.<\/p>\n\n\n\n<p>Tim le pregunt\u00f3: &#8220;Dijaide, \u00bfGayujna ha puesto su fe en <em>Dupade<\/em>? Ya que ella est\u00e1 enfermiza y viendo tantos m\u00e9dicos, es importante para ella estar segura de su salvaci\u00f3n&#8221;.<\/p>\n\n\n\n<p>&nbsp;<strong><em>Ahora me conozco y he tomado la decisi\u00f3n de creer en Dupade:<\/em><\/strong><br>Pero no dije nada, porque, en ese momento, yo no sab\u00eda qu\u00e9 decir. Fue despu\u00e9s de eso cuando llegu\u00e9 a estar bien con <em>Dupade<\/em>. He tomado la decisi\u00f3n de creer. Ning\u00fan ser humano conoce el coraz\u00f3n m\u00edo; s\u00f3lo pueden ver la ropa que llevo. Ellos saben qu\u00e9 color es mi vestido, pero no pueden ver lo que hay en mi coraz\u00f3n. Ahora he encontrado mi coraz\u00f3n. Ahora me conozco. Yo s\u00e9 que <em>Dupade<\/em> me ve y me est\u00e1 ayudando.<\/p>\n\n\n\n<p>Cuando le pido, \u00e9l\nme ayuda. Estoy feliz de que los l\u00edderes me conocen, y dicen que creen en m\u00ed.\nMe han observado. Ellos me han ayudado. Estoy feliz de que la se\u00f1ora Marina me\nconoce, y se siente cerca de m\u00ed. Dice que cree en m\u00ed. Ella dice que me conoce.<\/p>\n\n\n\n<p>No hay ni\u00f1os en el mundo que conocen la <em>Palabra<\/em> de <em>Dupade<\/em>. Pero Josu\u00e9 ya est\u00e1 interesado en la <em>Palabra<\/em> de <em>Dupade<\/em>. Quiere empezar a ense\u00f1arnos en nuestras reuniones. No hay muchos ni\u00f1os como Josu\u00e9. Yo estaba contento cuando Se\u00f1ora Marina dijo que estaban orando por Josu\u00e9, que incluso siendo todav\u00eda ni\u00f1o entend\u00eda muchas cosas acerca de la Biblia.&nbsp;<\/p>\n\n\n\n<p><strong><em>Solo Dupade sabe lo que est\u00e1 en mi coraz\u00f3n:<\/em><\/strong>&nbsp;&nbsp;&nbsp;&nbsp;&nbsp;&nbsp;&nbsp;&nbsp;&nbsp;&nbsp;&nbsp;&nbsp; <br>Don Pablo dice que me conoce, tambi\u00e9n, pero creo que nadie sabe realmente mi coraz\u00f3n o lo que pienso. Creo que s\u00f3lo <em>Dupade<\/em> sabe lo que est\u00e1 en mi coraz\u00f3n. Y sabe que no es posible que me alejo de \u00e9l, no, no, en absoluto. Ya no quiero hacer las cosas que sol\u00eda hacer. Yo no soy interesada m\u00e1s en lo que dicen la gente que me rodea. No presto atenci\u00f3n a eso. Las cosas que se hablan cuando las mujeres se re\u00fanen son s\u00f3lo palabras ociosas.<\/p>\n\n\n\n<p>Lo que quiero es que Dijaide construyera una casa donde pudi\u00e9ramos vivir solos para que no tendr\u00eda que escuchar las cosas que cuentan las mujeres. Tienden a contar chismes m\u00e1s sobre las de nosotras las mujeres que son creyentes.&nbsp;<\/p>\n\n\n\n<p><strong><em>Cuando creemos en Dupade la gente nos persiguen:<\/em><\/strong> &nbsp;&nbsp;&nbsp;&nbsp;&nbsp;&nbsp;&nbsp;&nbsp;&nbsp;&nbsp;&nbsp; <br>Se\u00f1ora Marina habl\u00f3 con Dijaide sobre esto y le dijo: &#8220;\u00bfNo has o\u00eddo que los que creen y siguen a <em>Dupade<\/em> seremos perseguidos? Y eso es lo que le pas\u00f3 a <em>Jes\u00fas el Hijo de<\/em> <em>Dupade<\/em> tambi\u00e9n. Y \u00e9l dijo: &#8220;No he hecho nada malo y, sin embargo, me matar\u00e1n y me clavar\u00e1n en una cruz&#8221;, y \u00e9l dijo, &#8220;\u00bfcu\u00e1nto m\u00e1s perseguir\u00e1n a ustedes que son mis disc\u00edpulos.&#8221;<\/p>\n\n\n\n<p>Estoy tan feliz de estar dando mi testimonio a la se\u00f1ora Marina y cu\u00e1nto m\u00e1s porque otros lo oir\u00e1n en otros lugares del mundo. No hay nada en el mundo que nos encontramos hermosos, sino s\u00f3lo <em>Dupade<\/em> \u2013 \u00c9l es hermoso para nosotros.&nbsp;<\/p>\n\n\n\n<p><strong><em>Esto es lo que quiero decirles a mis compa\u00f1eras:<\/em><\/strong>&nbsp;&nbsp;&nbsp;&nbsp;&nbsp;&nbsp;&nbsp;&nbsp;&nbsp;&nbsp;&nbsp;&nbsp; <br>Y esto es lo que tengo que decir a ustedes, mujeres como yo, abran sus o\u00eddos y saber esto: no hay nada acerca de <em>Dupade<\/em> que es feo. Pero es porque no han descubierto todav\u00eda lo que hay en sus corazones, y es por eso que tienen una mala opini\u00f3n de <em>Dupade<\/em>. Es s\u00f3lo cuando descubrimos el anhelo en nuestros corazones, que sabemos que s\u00f3lo <em>Dupade<\/em> puede satisfacer ese anhelo. Y cuando descubrimos eso, en este momento, tambi\u00e9n descubrimos quienes somos dentro de nuestros corazones. <\/p>\n\n\n\n<p>Estoy muy contento con Dijaide porque es \u00e9l que nos dice lo que est\u00e1 en la <em>Palabra <\/em>de <em>Dupade<\/em>. He o\u00eddo que algunos dec\u00edan: &#8220;Gayujna est\u00e1 mintiendo, Dijaide no le ense\u00f1a acerca de la <em>Palabra<\/em> de <em>Dupade&#8221;. <\/em>Pero, no estoy mintiendo acerca de eso. Me hace muy feliz porque \u00e9l ense\u00f1a a nuestra familia acerca de la <em>Palabra<\/em> de <em>Dupade<\/em>. <\/p>\n\n\n\n<p>Y es por eso que no quiero volver a dar marcha atr\u00e1s, desde donde ahora estoy. Me he encontrado, por fin, y yo no quiero volver a vivir de la manera que antes viv\u00eda &#8211; perdida. Sobre todo, ahora, en estos d\u00edas, ya que yo me he entregado a <em>Dupade<\/em>. Y sobre todo ahora que tenemos un testimonio de mantener ante los dem\u00e1s. Hay algunas mujeres que se quejan de la <em>Palabra<\/em> de <em>Dupade<\/em>, pero la verdad es, no hay nada que tenga que ver con <em>Dupade<\/em> que nos podr\u00edamos quejar.<\/p>\n\n\n\n<p>Hice algunas cosas malas antes. Me un\u00ed en lo que otras hicieron cuando yo era una ni\u00f1a, y pens\u00e9 nada al respecto. Cuando yo pensaba, no parec\u00eda tan importante. Sin embargo, m\u00e1s tarde me molestaba. Especialmente despu\u00e9s y yo no sab\u00eda qu\u00e9 decir. Creo que dej\u00e9 de escuchar las opiniones de los dem\u00e1s. Y fue entonces cuando me encontr\u00e9 y supe lo que era verdaderamente importante.<\/p>\n\n\n\n<p>Probablemente mis\ncompa\u00f1eras de las mujeres hablan de m\u00ed, diciendo: &#8220;Gayujna tiene miedo de\nnosotros y por eso ella no responde de vuelta.&#8221;<\/p>\n\n\n\n<p><strong><em>Dupade me ayuda:<\/em><\/strong><br>No tengo miedo de nada en absoluto. S\u00f3lo temo el castigo de <em>Dupade<\/em>, pero, gracias a <em>Dupade<\/em>, no voy a tener que sufrirlo, ya que <em>Jes\u00fas lo sufri\u00f3 en mi lugar<\/em>. Y es por eso que no puedo jam\u00e1s volver a ser como antes era, y por qu\u00e9 no voy a unirme m\u00e1s a las mujeres cuando se re\u00fanen. Satan\u00e1s est\u00e1 en medio de ellas cuando se re\u00fanen para acusar y poner en duda tantas cosas en el mundo. Hablan de cosas vergonzosas y yo me averg\u00fcenzo a escucharlos.<\/p>\n\n\n\n<p>Nosotros, los que conocen a <em>Dupade<\/em> avergonzamos a actuar de esa manera delante de \u00e9l. Es la <em>Palabra<\/em> de <em>Dupade<\/em> que me ha hecho conocer a m\u00ed mismo, y es por eso que estoy dando mi testimonio. Y lo que tengo que decir no es s\u00f3lo la charla tonta. No hay nada, nada en este mundo que es hermoso, s\u00f3lo <em>Dupade<\/em> es hermoso. \u00c9l es el \u00fanico que puede ayudar a cualquiera de nosotros aqu\u00ed en la tierra.<\/p>\n\n\n\n<p>Estoy tan bendecido por <em>Dupade<\/em> y es por eso que hay muchos m\u00e9dicos que me han ayudado. <em>Dupade<\/em> da la sabidur\u00eda a los m\u00e9dicos referentes a c\u00f3mo tratarme, y es por eso que va a ser una consulta de m\u00e9dicos con respecto a mi caso.<\/p>\n\n\n\n<p>Ning\u00fan ser humano ve el verdadero yo, pero <em>Dupade<\/em> ve el verdadero yo y \u00e9l me conoce. Y pronto los m\u00e9dicos que han estudiado mi caso decidir\u00e1n la mejor manera de tratarme.&nbsp;<\/p>\n\n\n\n<p><strong><em>Cuando escucho los chismes, r\u00e1pidamente los olvido porque Dupade me ayuda:<\/em><\/strong>&nbsp;&nbsp;&nbsp;&nbsp;&nbsp;&nbsp;&nbsp;&nbsp;&nbsp;&nbsp;&nbsp;&nbsp; <br>He o\u00eddo que la se\u00f1ora Marina dijo: &#8220;Cuando me enter\u00e9 de que Gayujna dio su testimonio, llor\u00e9 de alegr\u00eda.&#8221; Yo s\u00e9 que ella piensa que lo sabe todo sobre m\u00ed. Pero no s\u00e9 si realmente lo sabe. Lo que me importa es que yo creo en <em>Dupade<\/em>, y \u00e9l sabe que soy sincera.<\/p>\n\n\n\n<p><em>Dupade<\/em> me va a ayudar a ser capaz de viajar. Espero poder ir a Rinc\u00f3n cuando Dijaide va para la conferencia. Espero poder visitar a Se\u00f1ora Marina. Y estoy muy contenta de que otros van a escuchar mis palabras. No hay manera de que voy a reincidir &#8211; no voy a volver a escuchar la vana palabrer\u00eda, nunca quiero volver a eso.<\/p>\n\n\n\n<p>Yo soy una pecadora y una vez particip\u00e9 en el chisme con mis compa\u00f1eras de las mujeres. Y lo que o\u00eda albergar\u00eda en mi mente, y pronto fui a renegar con la gente. Y s\u00e9 que muchas personas se vieron afectadas por mi lengua afilada, y eso es algo que lamento y siempre recordar\u00e9.&nbsp;<\/p>\n\n\n\n<p><strong>Clave<\/strong><br>Dupade \u2013 Dios<br>Palabra de Dupade \u2013 Palabra de Dios<em>&nbsp;<\/em><\/p>\n\n\n\n<p><em>Gayujna \u2013 Tobit\u00e9, Bolivia \u2013 1975<\/em><br><em>Transcrito y traducido al espa\u00f1ol por: Maxine Morarie<\/em><\/p>\n\n\n<div class=\"navigation\"><div class=\"alignleft\"><a href=\"https:\/\/ayore.org\/es\/cultura\/relatos-personales\/jomone-quiero-que-sepas-las-cosas-que-he-hecho\/\"title=\"J\u00f3mone \u2013 Quiero que sepas las cosas que he hecho\"><img loading=\"lazy\" decoding=\"async\" src=\"https:\/\/ayore.org\/wp-content\/uploads\/2018\/10\/left-arrow.png\" width=\"50\" height=\"48\" alt=\"left arrow\"><\/a><\/div><div class=\"alignright\"><a href=\"https:\/\/ayore.org\/es\/cultura\/relatos-personales\/lidiade-los-que-tienen-oidos-abiertos-oyen-la-palabra-de-dupade\/\"title=\"Li\u0301diade\u0301 &#8211; Los que tienen oi\u0301dos abiertos oyen la Palabra de Dupade\"><img loading=\"lazy\" decoding=\"async\" src=\"https:\/\/ayore.org\/wp-content\/uploads\/2018\/10\/right-arrow.png\" width=\"50\" height=\"48\" alt=\"right arrow\"><\/a><\/div>\n","protected":false},"excerpt":{"rendered":"<p>Gapape yu ga que yiraja cuch\u00e1rique go:Cuando yo era una ni\u00f1a no sab\u00eda nada en absoluto. Pero ahora s\u00ed. No creo que hab\u00eda nada hermoso de mi pasado. Yo no hice nada de valor. Pero cuando yo era una ni\u00f1a<\/p>\n","protected":false},"author":5,"featured_media":0,"parent":284,"menu_order":0,"comment_status":"closed","ping_status":"closed","template":"","meta":{"footnotes":""},"class_list":["post-3746","page","type-page","status-publish","hentry"],"yoast_head":"<!-- This site is optimized with the Yoast SEO plugin v27.4 - https:\/\/yoast.com\/product\/yoast-seo-wordpress\/ -->\n<title>Gayujna - Pero m\u00e1s tarde me enter\u00e9 de lo que era realmente bueno &#8226; AYORE.ORG<\/title>\n<meta name=\"robots\" content=\"index, follow, max-snippet:-1, max-image-preview:large, max-video-preview:-1\" \/>\n<link rel=\"canonical\" href=\"https:\/\/ayore.org\/es\/cultura\/relatos-personales\/gayujna-pero-mas-tarde-me-entere-de-lo-que-era-realmente-bueno\/\" \/>\n<meta property=\"og:locale\" content=\"es_ES\" \/>\n<meta property=\"og:type\" content=\"article\" \/>\n<meta property=\"og:title\" content=\"Gayujna - Pero m\u00e1s tarde me enter\u00e9 de lo que era realmente bueno &#8226; AYORE.ORG\" \/>\n<meta property=\"og:description\" content=\"Gapape yu ga que yiraja cuch\u00e1rique go:Cuando yo era una ni\u00f1a no sab\u00eda nada en absoluto. Pero ahora s\u00ed. No creo que hab\u00eda nada hermoso de mi pasado. Yo no hice nada de valor. Pero cuando yo era una ni\u00f1a\" \/>\n<meta property=\"og:url\" content=\"https:\/\/ayore.org\/es\/cultura\/relatos-personales\/gayujna-pero-mas-tarde-me-entere-de-lo-que-era-realmente-bueno\/\" \/>\n<meta property=\"og:site_name\" content=\"AYORE.ORG\" \/>\n<meta property=\"article:modified_time\" content=\"2019-05-14T03:03:48+00:00\" \/>\n<meta name=\"twitter:card\" content=\"summary_large_image\" \/>\n<meta name=\"twitter:label1\" content=\"Tiempo de lectura\" \/>\n\t<meta name=\"twitter:data1\" content=\"10 minutos\" \/>\n<script type=\"application\/ld+json\" class=\"yoast-schema-graph\">{\"@context\":\"https:\\\/\\\/schema.org\",\"@graph\":[{\"@type\":\"WebPage\",\"@id\":\"https:\\\/\\\/ayore.org\\\/es\\\/cultura\\\/relatos-personales\\\/gayujna-pero-mas-tarde-me-entere-de-lo-que-era-realmente-bueno\\\/\",\"url\":\"https:\\\/\\\/ayore.org\\\/es\\\/cultura\\\/relatos-personales\\\/gayujna-pero-mas-tarde-me-entere-de-lo-que-era-realmente-bueno\\\/\",\"name\":\"Gayujna - Pero m\u00e1s tarde me enter\u00e9 de lo que era realmente bueno &#8226; AYORE.ORG\",\"isPartOf\":{\"@id\":\"https:\\\/\\\/ayore.org\\\/#website\"},\"datePublished\":\"2019-05-11T02:41:48+00:00\",\"dateModified\":\"2019-05-14T03:03:48+00:00\",\"breadcrumb\":{\"@id\":\"https:\\\/\\\/ayore.org\\\/es\\\/cultura\\\/relatos-personales\\\/gayujna-pero-mas-tarde-me-entere-de-lo-que-era-realmente-bueno\\\/#breadcrumb\"},\"inLanguage\":\"es-AR\",\"potentialAction\":[{\"@type\":\"ReadAction\",\"target\":[\"https:\\\/\\\/ayore.org\\\/es\\\/cultura\\\/relatos-personales\\\/gayujna-pero-mas-tarde-me-entere-de-lo-que-era-realmente-bueno\\\/\"]}]},{\"@type\":\"BreadcrumbList\",\"@id\":\"https:\\\/\\\/ayore.org\\\/es\\\/cultura\\\/relatos-personales\\\/gayujna-pero-mas-tarde-me-entere-de-lo-que-era-realmente-bueno\\\/#breadcrumb\",\"itemListElement\":[{\"@type\":\"ListItem\",\"position\":1,\"name\":\"Inicio\",\"item\":\"https:\\\/\\\/ayore.org\\\/es\\\/\"},{\"@type\":\"ListItem\",\"position\":2,\"name\":\"Cultura\",\"item\":\"https:\\\/\\\/ayore.org\\\/es\\\/cultura\\\/\"},{\"@type\":\"ListItem\",\"position\":3,\"name\":\"Relatos Personales\",\"item\":\"https:\\\/\\\/ayore.org\\\/es\\\/cultura\\\/relatos-personales\\\/\"},{\"@type\":\"ListItem\",\"position\":4,\"name\":\"Gayujna &#8211; Pero m\u00e1s tarde me enter\u00e9 de lo que era realmente bueno\"}]},{\"@type\":\"WebSite\",\"@id\":\"https:\\\/\\\/ayore.org\\\/#website\",\"url\":\"https:\\\/\\\/ayore.org\\\/\",\"name\":\"AYORE.ORG\",\"description\":\"Idioma, Cultura e Historia de la Tribu Ayor\u00e9\",\"potentialAction\":[{\"@type\":\"SearchAction\",\"target\":{\"@type\":\"EntryPoint\",\"urlTemplate\":\"https:\\\/\\\/ayore.org\\\/?s={search_term_string}\"},\"query-input\":{\"@type\":\"PropertyValueSpecification\",\"valueRequired\":true,\"valueName\":\"search_term_string\"}}],\"inLanguage\":\"es-AR\"}]}<\/script>\n<!-- \/ Yoast SEO plugin. -->","yoast_head_json":{"title":"Gayujna - Pero m\u00e1s tarde me enter\u00e9 de lo que era realmente bueno &#8226; AYORE.ORG","robots":{"index":"index","follow":"follow","max-snippet":"max-snippet:-1","max-image-preview":"max-image-preview:large","max-video-preview":"max-video-preview:-1"},"canonical":"https:\/\/ayore.org\/es\/cultura\/relatos-personales\/gayujna-pero-mas-tarde-me-entere-de-lo-que-era-realmente-bueno\/","og_locale":"es_ES","og_type":"article","og_title":"Gayujna - Pero m\u00e1s tarde me enter\u00e9 de lo que era realmente bueno &#8226; AYORE.ORG","og_description":"Gapape yu ga que yiraja cuch\u00e1rique go:Cuando yo era una ni\u00f1a no sab\u00eda nada en absoluto. Pero ahora s\u00ed. No creo que hab\u00eda nada hermoso de mi pasado. Yo no hice nada de valor. Pero cuando yo era una ni\u00f1a","og_url":"https:\/\/ayore.org\/es\/cultura\/relatos-personales\/gayujna-pero-mas-tarde-me-entere-de-lo-que-era-realmente-bueno\/","og_site_name":"AYORE.ORG","article_modified_time":"2019-05-14T03:03:48+00:00","twitter_card":"summary_large_image","twitter_misc":{"Tiempo de lectura":"10 minutos"},"schema":{"@context":"https:\/\/schema.org","@graph":[{"@type":"WebPage","@id":"https:\/\/ayore.org\/es\/cultura\/relatos-personales\/gayujna-pero-mas-tarde-me-entere-de-lo-que-era-realmente-bueno\/","url":"https:\/\/ayore.org\/es\/cultura\/relatos-personales\/gayujna-pero-mas-tarde-me-entere-de-lo-que-era-realmente-bueno\/","name":"Gayujna - Pero m\u00e1s tarde me enter\u00e9 de lo que era realmente bueno &#8226; AYORE.ORG","isPartOf":{"@id":"https:\/\/ayore.org\/#website"},"datePublished":"2019-05-11T02:41:48+00:00","dateModified":"2019-05-14T03:03:48+00:00","breadcrumb":{"@id":"https:\/\/ayore.org\/es\/cultura\/relatos-personales\/gayujna-pero-mas-tarde-me-entere-de-lo-que-era-realmente-bueno\/#breadcrumb"},"inLanguage":"es-AR","potentialAction":[{"@type":"ReadAction","target":["https:\/\/ayore.org\/es\/cultura\/relatos-personales\/gayujna-pero-mas-tarde-me-entere-de-lo-que-era-realmente-bueno\/"]}]},{"@type":"BreadcrumbList","@id":"https:\/\/ayore.org\/es\/cultura\/relatos-personales\/gayujna-pero-mas-tarde-me-entere-de-lo-que-era-realmente-bueno\/#breadcrumb","itemListElement":[{"@type":"ListItem","position":1,"name":"Inicio","item":"https:\/\/ayore.org\/es\/"},{"@type":"ListItem","position":2,"name":"Cultura","item":"https:\/\/ayore.org\/es\/cultura\/"},{"@type":"ListItem","position":3,"name":"Relatos Personales","item":"https:\/\/ayore.org\/es\/cultura\/relatos-personales\/"},{"@type":"ListItem","position":4,"name":"Gayujna &#8211; Pero m\u00e1s tarde me enter\u00e9 de lo que era realmente bueno"}]},{"@type":"WebSite","@id":"https:\/\/ayore.org\/#website","url":"https:\/\/ayore.org\/","name":"AYORE.ORG","description":"Idioma, Cultura e Historia de la Tribu Ayor\u00e9","potentialAction":[{"@type":"SearchAction","target":{"@type":"EntryPoint","urlTemplate":"https:\/\/ayore.org\/?s={search_term_string}"},"query-input":{"@type":"PropertyValueSpecification","valueRequired":true,"valueName":"search_term_string"}}],"inLanguage":"es-AR"}]}},"_links":{"self":[{"href":"https:\/\/ayore.org\/es\/wp-json\/wp\/v2\/pages\/3746","targetHints":{"allow":["GET"]}}],"collection":[{"href":"https:\/\/ayore.org\/es\/wp-json\/wp\/v2\/pages"}],"about":[{"href":"https:\/\/ayore.org\/es\/wp-json\/wp\/v2\/types\/page"}],"author":[{"embeddable":true,"href":"https:\/\/ayore.org\/es\/wp-json\/wp\/v2\/users\/5"}],"replies":[{"embeddable":true,"href":"https:\/\/ayore.org\/es\/wp-json\/wp\/v2\/comments?post=3746"}],"version-history":[{"count":2,"href":"https:\/\/ayore.org\/es\/wp-json\/wp\/v2\/pages\/3746\/revisions"}],"predecessor-version":[{"id":3748,"href":"https:\/\/ayore.org\/es\/wp-json\/wp\/v2\/pages\/3746\/revisions\/3748"}],"up":[{"embeddable":true,"href":"https:\/\/ayore.org\/es\/wp-json\/wp\/v2\/pages\/284"}],"wp:attachment":[{"href":"https:\/\/ayore.org\/es\/wp-json\/wp\/v2\/media?parent=3746"}],"curies":[{"name":"wp","href":"https:\/\/api.w.org\/{rel}","templated":true}]}}