{"id":3739,"date":"2019-05-11T00:32:12","date_gmt":"2019-05-11T00:32:12","guid":{"rendered":"https:\/\/ayore.org\/?page_id=3739"},"modified":"2019-05-11T00:32:14","modified_gmt":"2019-05-11T00:32:14","slug":"lidiade-los-que-tienen-oidos-abiertos-oyen-la-palabra-de-dupade","status":"publish","type":"page","link":"https:\/\/ayore.org\/es\/cultura\/relatos-personales\/lidiade-los-que-tienen-oidos-abiertos-oyen-la-palabra-de-dupade\/","title":{"rendered":"Li\u0301diade\u0301 &#8211; Los que tienen oi\u0301dos abiertos oyen la Palabra de Dupade"},"content":{"rendered":"\n<p><em>Angoninguite\ngues\u00e1tigo ore tang\u00e1ri Dupade uruode<\/em><\/p>\n\n\n\n<p><strong><em>Quiero compartir la Palabra de Dupade con\nustedes:<\/em><\/strong><\/p>\n\n\n\n<p>&nbsp;&nbsp;&nbsp;&nbsp;&nbsp;&nbsp;&nbsp;&nbsp;&nbsp;&nbsp;&nbsp;&nbsp; Quiero\ncompartir con ustedes algunas cosas que he aprendido sobre la Palabra de <em>Dupade<\/em> de los mensajes de Juan Krunklis quien\nnos ense\u00f1a todos los d\u00edas. \u00c9l nos ense\u00f1\u00f3 que los que son obedientes, y que\ntienen los o\u00eddos abiertos, son aquellos que oyen la <em>Palabra de<\/em> <em>Dupade<\/em>.\nUstedes no me conocen, pero soy una persona que ya procura no hacer cosas que\nno convienen. Y eso es porque realmente creo que las cosas que me ense\u00f1an\nOron\u00e9, Yigu\u00edjnam\u00fain\u00e9, y Juan son la verdad,&nbsp;\ny trato de hacer las cosas que convienen, y no hacer lo que est\u00e1 mal.<\/p>\n\n\n\n<p><strong><em>Orar por mi hijo es lo que deber\u00eda hacer:<\/em><\/strong><\/p>\n\n\n\n<p>&nbsp;&nbsp;&nbsp;&nbsp;&nbsp;&nbsp;&nbsp;&nbsp;&nbsp;&nbsp;&nbsp;&nbsp; Doy\ngracias a <em>Dupade<\/em> que \u00e9l nos dio un\nni\u00f1o peque\u00f1o, y\nquiero mostrarle c\u00f3mo vivir una buena vida, record\u00e1ndole cada d\u00eda en mis\noraciones. <\/p>\n\n\n\n<p>&nbsp;&nbsp;&nbsp;&nbsp;&nbsp;&nbsp;&nbsp;&nbsp;&nbsp;&nbsp;&nbsp;&nbsp; Y ustedes, mis compatriotas, espero que algunos de\nustedes creen tambi\u00e9n, y tienen corazones obedientes, y o\u00eddos abiertos.<\/p>\n\n\n\n<p><strong><em>Para m\u00ed es imposible no pensar en Dupade:<\/em><\/strong><\/p>\n\n\n\n<p>&nbsp;&nbsp;&nbsp;&nbsp;&nbsp;&nbsp;&nbsp;&nbsp;&nbsp;&nbsp;&nbsp;&nbsp; Recientemente\nestaba en el bosque y no pod\u00eda dejar de pensar en <em>Dupade<\/em>, con quien yo hablo todos los d\u00edas. Estoy muy agradecido por\nla lluvia que \u00e9l nos manda para regar nuestros cultivos de manera que vamos a\ntener suficiente comida. Siempre estoy leyendo en la <em>Palabra de<\/em> <em>Dupade<\/em> que\ndeber\u00eda orar fielmente todos los d\u00edas, y eso procuro hacer.<\/p>\n\n\n\n<p>&nbsp;&nbsp;&nbsp;&nbsp;&nbsp;&nbsp;&nbsp;&nbsp;&nbsp;&nbsp;&nbsp;&nbsp; Parece\nque me enfermo muy frecuentemente, pero cuando me enfermo oro a <em>Dupade<\/em> por m\u00ed mismo,&nbsp; y tambi\u00e9n oro por todos mis compatriotas. \u00a1Estoy\nmuy contento con la <em>Palabra de<\/em> <em>Dupade<\/em>, y la manera en que me est\u00e1\nguiando!<\/p>\n\n\n\n<p>&nbsp;&nbsp;&nbsp;&nbsp;&nbsp;&nbsp;&nbsp;&nbsp;&nbsp;&nbsp;&nbsp;&nbsp; Me\ndirijo tambi\u00e9n a los ni\u00f1os, dici\u00e9ndolos que presten atenci\u00f3n a mis palabras.\nUstedes saben que yo no s\u00e9 mucho, pero yo creo en <em>Dupade<\/em>, y <em>Dupade <\/em>sabe que\nyo creo en su<em> Hijo Jes\u00fas<\/em>.<\/p>\n\n\n\n<p>&nbsp;&nbsp;&nbsp;&nbsp;&nbsp;&nbsp;&nbsp;&nbsp;&nbsp;&nbsp;&nbsp;&nbsp; Estoy\nespecialmente agradecido por las ense\u00f1anzas diarias de Juan.<\/p>\n\n\n\n<p>&nbsp;&nbsp;&nbsp;&nbsp;&nbsp;&nbsp;&nbsp;&nbsp;&nbsp;&nbsp;&nbsp;&nbsp; Esto\nes todo lo que tengo para decir. <\/p>\n\n\n\n<p><em>L\u00eddiad\u00e9 \u2013 Rinc\u00f3n de Tirgre \u2013 1970<\/em><br><em>Transcrito por: Juan Kruklis<\/em><br><em>Traducido al espa\u00f1ol por: Maxine Morarie<\/em><\/p>\n\n\n<div class=\"navigation\"><div class=\"alignleft\"><a href=\"https:\/\/ayore.org\/es\/cultura\/relatos-personales\/gayujna-pero-mas-tarde-me-entere-de-lo-que-era-realmente-bueno\/\"title=\"Gayujna &#8211; Pero m\u00e1s tarde me enter\u00e9 de lo que era realmente bueno\"><img loading=\"lazy\" decoding=\"async\" src=\"https:\/\/ayore.org\/wp-content\/uploads\/2018\/10\/left-arrow.png\" width=\"50\" height=\"48\" alt=\"left arrow\"><\/a><\/div><div class=\"alignright\"><a href=\"https:\/\/ayore.org\/es\/cultura\/relatos-personales\/sama-rosade-me-puso-la-cara-bajo-el-agua\/\"title=\"Sama \u2013 Rosad\u00e9 me puso la cara bajo el agua\"><img loading=\"lazy\" decoding=\"async\" src=\"https:\/\/ayore.org\/wp-content\/uploads\/2018\/10\/right-arrow.png\" width=\"50\" height=\"48\" alt=\"right arrow\"><\/a><\/div>\n","protected":false},"excerpt":{"rendered":"<p>Angoninguite gues\u00e1tigo ore tang\u00e1ri Dupade uruode Quiero compartir la Palabra de Dupade con ustedes: &nbsp;&nbsp;&nbsp;&nbsp;&nbsp;&nbsp;&nbsp;&nbsp;&nbsp;&nbsp;&nbsp;&nbsp; Quiero compartir con ustedes algunas cosas que he aprendido sobre la Palabra de Dupade de los mensajes de Juan Krunklis quien nos ense\u00f1a todos los<\/p>\n","protected":false},"author":5,"featured_media":0,"parent":284,"menu_order":0,"comment_status":"closed","ping_status":"closed","template":"","meta":{"footnotes":""},"class_list":["post-3739","page","type-page","status-publish","hentry"],"yoast_head":"<!-- This site is optimized with the Yoast SEO plugin v27.4 - https:\/\/yoast.com\/product\/yoast-seo-wordpress\/ -->\n<title>Li\u0301diade\u0301 - Los que tienen oi\u0301dos abiertos oyen la Palabra de Dupade &#8226; AYORE.ORG<\/title>\n<meta name=\"robots\" content=\"index, follow, max-snippet:-1, max-image-preview:large, max-video-preview:-1\" \/>\n<link rel=\"canonical\" href=\"https:\/\/ayore.org\/es\/cultura\/relatos-personales\/lidiade-los-que-tienen-oidos-abiertos-oyen-la-palabra-de-dupade\/\" \/>\n<meta property=\"og:locale\" content=\"es_ES\" \/>\n<meta property=\"og:type\" content=\"article\" \/>\n<meta property=\"og:title\" content=\"Li\u0301diade\u0301 - Los que tienen oi\u0301dos abiertos oyen la Palabra de Dupade &#8226; AYORE.ORG\" \/>\n<meta property=\"og:description\" content=\"Angoninguite gues\u00e1tigo ore tang\u00e1ri Dupade uruode Quiero compartir la Palabra de Dupade con ustedes: &nbsp;&nbsp;&nbsp;&nbsp;&nbsp;&nbsp;&nbsp;&nbsp;&nbsp;&nbsp;&nbsp;&nbsp; Quiero compartir con ustedes algunas cosas que he aprendido sobre la Palabra de Dupade de los mensajes de Juan Krunklis quien nos ense\u00f1a todos los\" \/>\n<meta property=\"og:url\" content=\"https:\/\/ayore.org\/es\/cultura\/relatos-personales\/lidiade-los-que-tienen-oidos-abiertos-oyen-la-palabra-de-dupade\/\" \/>\n<meta property=\"og:site_name\" content=\"AYORE.ORG\" \/>\n<meta property=\"article:modified_time\" content=\"2019-05-11T00:32:14+00:00\" \/>\n<meta name=\"twitter:card\" content=\"summary_large_image\" \/>\n<meta name=\"twitter:label1\" content=\"Tiempo de lectura\" \/>\n\t<meta name=\"twitter:data1\" content=\"2 minutos\" \/>\n<script type=\"application\/ld+json\" class=\"yoast-schema-graph\">{\"@context\":\"https:\\\/\\\/schema.org\",\"@graph\":[{\"@type\":\"WebPage\",\"@id\":\"https:\\\/\\\/ayore.org\\\/es\\\/cultura\\\/relatos-personales\\\/lidiade-los-que-tienen-oidos-abiertos-oyen-la-palabra-de-dupade\\\/\",\"url\":\"https:\\\/\\\/ayore.org\\\/es\\\/cultura\\\/relatos-personales\\\/lidiade-los-que-tienen-oidos-abiertos-oyen-la-palabra-de-dupade\\\/\",\"name\":\"Li\u0301diade\u0301 - Los que tienen oi\u0301dos abiertos oyen la Palabra de Dupade &#8226; AYORE.ORG\",\"isPartOf\":{\"@id\":\"https:\\\/\\\/ayore.org\\\/#website\"},\"datePublished\":\"2019-05-11T00:32:12+00:00\",\"dateModified\":\"2019-05-11T00:32:14+00:00\",\"breadcrumb\":{\"@id\":\"https:\\\/\\\/ayore.org\\\/es\\\/cultura\\\/relatos-personales\\\/lidiade-los-que-tienen-oidos-abiertos-oyen-la-palabra-de-dupade\\\/#breadcrumb\"},\"inLanguage\":\"es-AR\",\"potentialAction\":[{\"@type\":\"ReadAction\",\"target\":[\"https:\\\/\\\/ayore.org\\\/es\\\/cultura\\\/relatos-personales\\\/lidiade-los-que-tienen-oidos-abiertos-oyen-la-palabra-de-dupade\\\/\"]}]},{\"@type\":\"BreadcrumbList\",\"@id\":\"https:\\\/\\\/ayore.org\\\/es\\\/cultura\\\/relatos-personales\\\/lidiade-los-que-tienen-oidos-abiertos-oyen-la-palabra-de-dupade\\\/#breadcrumb\",\"itemListElement\":[{\"@type\":\"ListItem\",\"position\":1,\"name\":\"Inicio\",\"item\":\"https:\\\/\\\/ayore.org\\\/es\\\/\"},{\"@type\":\"ListItem\",\"position\":2,\"name\":\"Cultura\",\"item\":\"https:\\\/\\\/ayore.org\\\/es\\\/cultura\\\/\"},{\"@type\":\"ListItem\",\"position\":3,\"name\":\"Relatos Personales\",\"item\":\"https:\\\/\\\/ayore.org\\\/es\\\/cultura\\\/relatos-personales\\\/\"},{\"@type\":\"ListItem\",\"position\":4,\"name\":\"Li\u0301diade\u0301 &#8211; Los que tienen oi\u0301dos abiertos oyen la Palabra de Dupade\"}]},{\"@type\":\"WebSite\",\"@id\":\"https:\\\/\\\/ayore.org\\\/#website\",\"url\":\"https:\\\/\\\/ayore.org\\\/\",\"name\":\"AYORE.ORG\",\"description\":\"Idioma, Cultura e Historia de la Tribu Ayor\u00e9\",\"potentialAction\":[{\"@type\":\"SearchAction\",\"target\":{\"@type\":\"EntryPoint\",\"urlTemplate\":\"https:\\\/\\\/ayore.org\\\/?s={search_term_string}\"},\"query-input\":{\"@type\":\"PropertyValueSpecification\",\"valueRequired\":true,\"valueName\":\"search_term_string\"}}],\"inLanguage\":\"es-AR\"}]}<\/script>\n<!-- \/ Yoast SEO plugin. -->","yoast_head_json":{"title":"Li\u0301diade\u0301 - Los que tienen oi\u0301dos abiertos oyen la Palabra de Dupade &#8226; AYORE.ORG","robots":{"index":"index","follow":"follow","max-snippet":"max-snippet:-1","max-image-preview":"max-image-preview:large","max-video-preview":"max-video-preview:-1"},"canonical":"https:\/\/ayore.org\/es\/cultura\/relatos-personales\/lidiade-los-que-tienen-oidos-abiertos-oyen-la-palabra-de-dupade\/","og_locale":"es_ES","og_type":"article","og_title":"Li\u0301diade\u0301 - Los que tienen oi\u0301dos abiertos oyen la Palabra de Dupade &#8226; AYORE.ORG","og_description":"Angoninguite gues\u00e1tigo ore tang\u00e1ri Dupade uruode Quiero compartir la Palabra de Dupade con ustedes: &nbsp;&nbsp;&nbsp;&nbsp;&nbsp;&nbsp;&nbsp;&nbsp;&nbsp;&nbsp;&nbsp;&nbsp; Quiero compartir con ustedes algunas cosas que he aprendido sobre la Palabra de Dupade de los mensajes de Juan Krunklis quien nos ense\u00f1a todos los","og_url":"https:\/\/ayore.org\/es\/cultura\/relatos-personales\/lidiade-los-que-tienen-oidos-abiertos-oyen-la-palabra-de-dupade\/","og_site_name":"AYORE.ORG","article_modified_time":"2019-05-11T00:32:14+00:00","twitter_card":"summary_large_image","twitter_misc":{"Tiempo de lectura":"2 minutos"},"schema":{"@context":"https:\/\/schema.org","@graph":[{"@type":"WebPage","@id":"https:\/\/ayore.org\/es\/cultura\/relatos-personales\/lidiade-los-que-tienen-oidos-abiertos-oyen-la-palabra-de-dupade\/","url":"https:\/\/ayore.org\/es\/cultura\/relatos-personales\/lidiade-los-que-tienen-oidos-abiertos-oyen-la-palabra-de-dupade\/","name":"Li\u0301diade\u0301 - Los que tienen oi\u0301dos abiertos oyen la Palabra de Dupade &#8226; AYORE.ORG","isPartOf":{"@id":"https:\/\/ayore.org\/#website"},"datePublished":"2019-05-11T00:32:12+00:00","dateModified":"2019-05-11T00:32:14+00:00","breadcrumb":{"@id":"https:\/\/ayore.org\/es\/cultura\/relatos-personales\/lidiade-los-que-tienen-oidos-abiertos-oyen-la-palabra-de-dupade\/#breadcrumb"},"inLanguage":"es-AR","potentialAction":[{"@type":"ReadAction","target":["https:\/\/ayore.org\/es\/cultura\/relatos-personales\/lidiade-los-que-tienen-oidos-abiertos-oyen-la-palabra-de-dupade\/"]}]},{"@type":"BreadcrumbList","@id":"https:\/\/ayore.org\/es\/cultura\/relatos-personales\/lidiade-los-que-tienen-oidos-abiertos-oyen-la-palabra-de-dupade\/#breadcrumb","itemListElement":[{"@type":"ListItem","position":1,"name":"Inicio","item":"https:\/\/ayore.org\/es\/"},{"@type":"ListItem","position":2,"name":"Cultura","item":"https:\/\/ayore.org\/es\/cultura\/"},{"@type":"ListItem","position":3,"name":"Relatos Personales","item":"https:\/\/ayore.org\/es\/cultura\/relatos-personales\/"},{"@type":"ListItem","position":4,"name":"Li\u0301diade\u0301 &#8211; Los que tienen oi\u0301dos abiertos oyen la Palabra de Dupade"}]},{"@type":"WebSite","@id":"https:\/\/ayore.org\/#website","url":"https:\/\/ayore.org\/","name":"AYORE.ORG","description":"Idioma, Cultura e Historia de la Tribu Ayor\u00e9","potentialAction":[{"@type":"SearchAction","target":{"@type":"EntryPoint","urlTemplate":"https:\/\/ayore.org\/?s={search_term_string}"},"query-input":{"@type":"PropertyValueSpecification","valueRequired":true,"valueName":"search_term_string"}}],"inLanguage":"es-AR"}]}},"_links":{"self":[{"href":"https:\/\/ayore.org\/es\/wp-json\/wp\/v2\/pages\/3739","targetHints":{"allow":["GET"]}}],"collection":[{"href":"https:\/\/ayore.org\/es\/wp-json\/wp\/v2\/pages"}],"about":[{"href":"https:\/\/ayore.org\/es\/wp-json\/wp\/v2\/types\/page"}],"author":[{"embeddable":true,"href":"https:\/\/ayore.org\/es\/wp-json\/wp\/v2\/users\/5"}],"replies":[{"embeddable":true,"href":"https:\/\/ayore.org\/es\/wp-json\/wp\/v2\/comments?post=3739"}],"version-history":[{"count":1,"href":"https:\/\/ayore.org\/es\/wp-json\/wp\/v2\/pages\/3739\/revisions"}],"predecessor-version":[{"id":3740,"href":"https:\/\/ayore.org\/es\/wp-json\/wp\/v2\/pages\/3739\/revisions\/3740"}],"up":[{"embeddable":true,"href":"https:\/\/ayore.org\/es\/wp-json\/wp\/v2\/pages\/284"}],"wp:attachment":[{"href":"https:\/\/ayore.org\/es\/wp-json\/wp\/v2\/media?parent=3739"}],"curies":[{"name":"wp","href":"https:\/\/api.w.org\/{rel}","templated":true}]}}