{"id":372,"date":"2018-07-20T01:09:24","date_gmt":"2018-07-20T01:09:24","guid":{"rendered":"https:\/\/ayore.org\/?page_id=372"},"modified":"2019-02-20T18:57:54","modified_gmt":"2019-02-20T18:57:54","slug":"cajoide-cuando-un-jaguar-es-matado","status":"publish","type":"page","link":"https:\/\/ayore.org\/es\/cultura\/creencias\/cajoide-cuando-un-jaguar-es-matado\/","title":{"rendered":"Cajoid\u00e9 &#8211; Cuando un Jaguar es matado"},"content":{"rendered":"<p><em style=\"font-size: 1rem;\">Ore T\u00e3re Gai<\/em><\/p>\n<p><strong>Extracci\u00f3n de la culpabilidad cuando un Jaguar es matado<\/strong><\/p>\n<p><em>\u00a0<\/em><strong><em>Una ceremonia para confundir el esp\u00edritu de la v\u00edctima con respecto a qui\u00e9n es responsable de su muerte:<\/em><\/strong><\/p>\n<p>Cuando alguien mata a un jaguar, esta persona dibuja una figura rectangular en el suelo para representar a su v\u00edctima. Primero \u00e9l dibuja la cabeza de la v\u00edctima. Despu\u00e9s de hacer el dibujo,\u00a0 las l\u00edneas son borradas al pisarlas \u2013 \u00a0<em>tac-tac-tac<\/em>. El cazador va alrededor del rect\u00e1ngulo hasta que llega al c\u00edrculo, que representa la cabeza.<\/p>\n<p>Se detiene al llegar a ciertas partes y va cantando en esta forma: \u00a1j\u00ed-a-que! \u00a1j\u00ed-a-que!<\/p>\n<p>Mientras \u00a0sigue pisando alrededor del rect\u00e1ngulo, el primer lugar para borrar es el lugar de las patas o sea el pie de la figura. Y luego contin\u00faa hasta borrar el resto.<\/p>\n<p>Es como una canci\u00f3n.<\/p>\n<p>Es como si tuviera cierto canto r\u00edtmico mientras las l\u00edneas se borran.<\/p>\n<p>Es como cantar una melod\u00eda.<\/p>\n<p>Se tiene que hacer todo y no dejar que nada se le escape. Si cometes errores o lo haces mal, esto traer\u00e1 enfermedades.<\/p>\n<p>(Mientras bailan alrededor de la figura borrando las l\u00edneas, sus manos deben permanecer siempre a la baja. Si tiran sus manos de lado les traer\u00e1 problemas.)<\/p>\n<p><strong>Contaminaci\u00f3n con Sangre \u2013 <em>Diyoi Ditaite<\/em><\/strong><\/p>\n<p>Cuando ellos matan a un animal salvaje ellos est\u00e1n contaminados. As\u00ed que van con las mujeres j\u00f3venes, e intercambian comida y miel con ellas, y mucho despu\u00e9s cuando ellos han terminado con el intercambio ellos se mueven de un lado a otro. Y luego las muchachas se acuestan con sus esposos (se habla de tener relaciones sexuales).<\/p>\n<p><strong>Contaminaci\u00f3n de Armas \u2013 <em>Ditacho ditai, cor\u00e3chade:<\/em><\/strong><\/p>\n<p>El arma que se utiliza para matar a una persona o animal de importancia se considera contaminada y debe desecharse, sea una lanza, flecha, o cualquier otra arma. Son dejados o desechados \u00a0debido a la ceremonia de limpieza para la contaminaci\u00f3n.<\/p>\n<p>Ellos tiran sus armas y las abandonan y no tienen nada que ver con ellas en el futuro. Remplazan sus armas con otras armas. Cuando un arma est\u00e1 contaminada no se puede usar y ellos hacen una nueva. La culpabilidad es tranferido al arma abandonado.<\/p>\n<p><em>\u00a0<\/em><em>Cajoid\u00e9 \u2013 \u00a0Campo Loro, Paraguay \u2013 1985.<\/em><\/p>\n<p><em>Transcrito por: Maxine Morarie.<\/em><\/p>\n<p><em>Traducido al espa\u00f1ol por: Julia Morarie.<\/em><\/p>\n<div class=\"navigation\"><div class=\"alignleft\"><a href=\"https:\/\/ayore.org\/es\/cultura\/creencias\/cajoide-el-soplo-del-silbato\/\"title=\"Cajoid\u00e9 &#8211; El soplo del silbato\"><img loading=\"lazy\" decoding=\"async\" src=\"https:\/\/ayore.org\/wp-content\/uploads\/2018\/10\/left-arrow.png\" width=\"50\" height=\"48\" alt=\"left arrow\"><\/a><\/div><div class=\"alignright\"><a href=\"https:\/\/ayore.org\/es\/cultura\/creencias\/dejabi-asojna-el-pajaro-dios-era-nuestro-enemigo\/\"title=\"Dejabi &#8211; Asojna el p\u00e1jaro-dios era nuestro enemigo\"><img loading=\"lazy\" decoding=\"async\" src=\"https:\/\/ayore.org\/wp-content\/uploads\/2018\/10\/right-arrow.png\" width=\"50\" height=\"48\" alt=\"right arrow\"><\/a><\/div>\n","protected":false},"excerpt":{"rendered":"<p>Ore T\u00e3re Gai Extracci\u00f3n de la culpabilidad cuando un Jaguar es matado \u00a0Una ceremonia para confundir el esp\u00edritu de la v\u00edctima con respecto a qui\u00e9n es responsable de su muerte: Cuando alguien mata a un jaguar, esta persona dibuja una<\/p>\n","protected":false},"author":2,"featured_media":0,"parent":282,"menu_order":0,"comment_status":"closed","ping_status":"closed","template":"","meta":{"footnotes":""},"class_list":["post-372","page","type-page","status-publish","hentry"],"yoast_head":"<!-- This site is optimized with the Yoast SEO plugin v27.4 - https:\/\/yoast.com\/product\/yoast-seo-wordpress\/ -->\n<title>Ayore\u0301 Creencias: Cuando Un Jaguar Es Matado \u2022 Ayore.org<\/title>\n<meta name=\"robots\" content=\"index, follow, max-snippet:-1, max-image-preview:large, max-video-preview:-1\" \/>\n<link rel=\"canonical\" href=\"https:\/\/ayore.org\/es\/cultura\/creencias\/cajoide-cuando-un-jaguar-es-matado\/\" \/>\n<meta property=\"og:locale\" content=\"es_ES\" \/>\n<meta property=\"og:type\" content=\"article\" \/>\n<meta property=\"og:title\" content=\"Ayore\u0301 Creencias: Cuando Un Jaguar Es Matado \u2022 Ayore.org\" \/>\n<meta property=\"og:description\" content=\"Ore T\u00e3re Gai Extracci\u00f3n de la culpabilidad cuando un Jaguar es matado \u00a0Una ceremonia para confundir el esp\u00edritu de la v\u00edctima con respecto a qui\u00e9n es responsable de su muerte: Cuando alguien mata a un jaguar, esta persona dibuja una\" \/>\n<meta property=\"og:url\" content=\"https:\/\/ayore.org\/es\/cultura\/creencias\/cajoide-cuando-un-jaguar-es-matado\/\" \/>\n<meta property=\"og:site_name\" content=\"AYORE.ORG\" \/>\n<meta property=\"article:modified_time\" content=\"2019-02-20T18:57:54+00:00\" \/>\n<meta name=\"twitter:card\" content=\"summary_large_image\" \/>\n<meta name=\"twitter:label1\" content=\"Tiempo de lectura\" \/>\n\t<meta name=\"twitter:data1\" content=\"2 minutos\" \/>\n<script type=\"application\/ld+json\" class=\"yoast-schema-graph\">{\"@context\":\"https:\\\/\\\/schema.org\",\"@graph\":[{\"@type\":\"WebPage\",\"@id\":\"https:\\\/\\\/ayore.org\\\/es\\\/cultura\\\/creencias\\\/cajoide-cuando-un-jaguar-es-matado\\\/\",\"url\":\"https:\\\/\\\/ayore.org\\\/es\\\/cultura\\\/creencias\\\/cajoide-cuando-un-jaguar-es-matado\\\/\",\"name\":\"Ayore\u0301 Creencias: Cuando Un Jaguar Es Matado \u2022 Ayore.org\",\"isPartOf\":{\"@id\":\"https:\\\/\\\/ayore.org\\\/#website\"},\"datePublished\":\"2018-07-20T01:09:24+00:00\",\"dateModified\":\"2019-02-20T18:57:54+00:00\",\"breadcrumb\":{\"@id\":\"https:\\\/\\\/ayore.org\\\/es\\\/cultura\\\/creencias\\\/cajoide-cuando-un-jaguar-es-matado\\\/#breadcrumb\"},\"inLanguage\":\"es-AR\",\"potentialAction\":[{\"@type\":\"ReadAction\",\"target\":[\"https:\\\/\\\/ayore.org\\\/es\\\/cultura\\\/creencias\\\/cajoide-cuando-un-jaguar-es-matado\\\/\"]}]},{\"@type\":\"BreadcrumbList\",\"@id\":\"https:\\\/\\\/ayore.org\\\/es\\\/cultura\\\/creencias\\\/cajoide-cuando-un-jaguar-es-matado\\\/#breadcrumb\",\"itemListElement\":[{\"@type\":\"ListItem\",\"position\":1,\"name\":\"Inicio\",\"item\":\"https:\\\/\\\/ayore.org\\\/es\\\/\"},{\"@type\":\"ListItem\",\"position\":2,\"name\":\"Cultura\",\"item\":\"https:\\\/\\\/ayore.org\\\/es\\\/cultura\\\/\"},{\"@type\":\"ListItem\",\"position\":3,\"name\":\"Creencias\",\"item\":\"https:\\\/\\\/ayore.org\\\/es\\\/cultura\\\/creencias\\\/\"},{\"@type\":\"ListItem\",\"position\":4,\"name\":\"Cajoid\u00e9 &#8211; Cuando un Jaguar es matado\"}]},{\"@type\":\"WebSite\",\"@id\":\"https:\\\/\\\/ayore.org\\\/#website\",\"url\":\"https:\\\/\\\/ayore.org\\\/\",\"name\":\"AYORE.ORG\",\"description\":\"Idioma, Cultura e Historia de la Tribu Ayor\u00e9\",\"potentialAction\":[{\"@type\":\"SearchAction\",\"target\":{\"@type\":\"EntryPoint\",\"urlTemplate\":\"https:\\\/\\\/ayore.org\\\/?s={search_term_string}\"},\"query-input\":{\"@type\":\"PropertyValueSpecification\",\"valueRequired\":true,\"valueName\":\"search_term_string\"}}],\"inLanguage\":\"es-AR\"}]}<\/script>\n<!-- \/ Yoast SEO plugin. -->","yoast_head_json":{"title":"Ayore\u0301 Creencias: Cuando Un Jaguar Es Matado \u2022 Ayore.org","robots":{"index":"index","follow":"follow","max-snippet":"max-snippet:-1","max-image-preview":"max-image-preview:large","max-video-preview":"max-video-preview:-1"},"canonical":"https:\/\/ayore.org\/es\/cultura\/creencias\/cajoide-cuando-un-jaguar-es-matado\/","og_locale":"es_ES","og_type":"article","og_title":"Ayore\u0301 Creencias: Cuando Un Jaguar Es Matado \u2022 Ayore.org","og_description":"Ore T\u00e3re Gai Extracci\u00f3n de la culpabilidad cuando un Jaguar es matado \u00a0Una ceremonia para confundir el esp\u00edritu de la v\u00edctima con respecto a qui\u00e9n es responsable de su muerte: Cuando alguien mata a un jaguar, esta persona dibuja una","og_url":"https:\/\/ayore.org\/es\/cultura\/creencias\/cajoide-cuando-un-jaguar-es-matado\/","og_site_name":"AYORE.ORG","article_modified_time":"2019-02-20T18:57:54+00:00","twitter_card":"summary_large_image","twitter_misc":{"Tiempo de lectura":"2 minutos"},"schema":{"@context":"https:\/\/schema.org","@graph":[{"@type":"WebPage","@id":"https:\/\/ayore.org\/es\/cultura\/creencias\/cajoide-cuando-un-jaguar-es-matado\/","url":"https:\/\/ayore.org\/es\/cultura\/creencias\/cajoide-cuando-un-jaguar-es-matado\/","name":"Ayore\u0301 Creencias: Cuando Un Jaguar Es Matado \u2022 Ayore.org","isPartOf":{"@id":"https:\/\/ayore.org\/#website"},"datePublished":"2018-07-20T01:09:24+00:00","dateModified":"2019-02-20T18:57:54+00:00","breadcrumb":{"@id":"https:\/\/ayore.org\/es\/cultura\/creencias\/cajoide-cuando-un-jaguar-es-matado\/#breadcrumb"},"inLanguage":"es-AR","potentialAction":[{"@type":"ReadAction","target":["https:\/\/ayore.org\/es\/cultura\/creencias\/cajoide-cuando-un-jaguar-es-matado\/"]}]},{"@type":"BreadcrumbList","@id":"https:\/\/ayore.org\/es\/cultura\/creencias\/cajoide-cuando-un-jaguar-es-matado\/#breadcrumb","itemListElement":[{"@type":"ListItem","position":1,"name":"Inicio","item":"https:\/\/ayore.org\/es\/"},{"@type":"ListItem","position":2,"name":"Cultura","item":"https:\/\/ayore.org\/es\/cultura\/"},{"@type":"ListItem","position":3,"name":"Creencias","item":"https:\/\/ayore.org\/es\/cultura\/creencias\/"},{"@type":"ListItem","position":4,"name":"Cajoid\u00e9 &#8211; Cuando un Jaguar es matado"}]},{"@type":"WebSite","@id":"https:\/\/ayore.org\/#website","url":"https:\/\/ayore.org\/","name":"AYORE.ORG","description":"Idioma, Cultura e Historia de la Tribu Ayor\u00e9","potentialAction":[{"@type":"SearchAction","target":{"@type":"EntryPoint","urlTemplate":"https:\/\/ayore.org\/?s={search_term_string}"},"query-input":{"@type":"PropertyValueSpecification","valueRequired":true,"valueName":"search_term_string"}}],"inLanguage":"es-AR"}]}},"_links":{"self":[{"href":"https:\/\/ayore.org\/es\/wp-json\/wp\/v2\/pages\/372","targetHints":{"allow":["GET"]}}],"collection":[{"href":"https:\/\/ayore.org\/es\/wp-json\/wp\/v2\/pages"}],"about":[{"href":"https:\/\/ayore.org\/es\/wp-json\/wp\/v2\/types\/page"}],"author":[{"embeddable":true,"href":"https:\/\/ayore.org\/es\/wp-json\/wp\/v2\/users\/2"}],"replies":[{"embeddable":true,"href":"https:\/\/ayore.org\/es\/wp-json\/wp\/v2\/comments?post=372"}],"version-history":[{"count":3,"href":"https:\/\/ayore.org\/es\/wp-json\/wp\/v2\/pages\/372\/revisions"}],"predecessor-version":[{"id":3000,"href":"https:\/\/ayore.org\/es\/wp-json\/wp\/v2\/pages\/372\/revisions\/3000"}],"up":[{"embeddable":true,"href":"https:\/\/ayore.org\/es\/wp-json\/wp\/v2\/pages\/282"}],"wp:attachment":[{"href":"https:\/\/ayore.org\/es\/wp-json\/wp\/v2\/media?parent=372"}],"curies":[{"name":"wp","href":"https:\/\/api.w.org\/{rel}","templated":true}]}}