{"id":346,"date":"2018-07-14T00:00:55","date_gmt":"2018-07-14T00:00:55","guid":{"rendered":"https:\/\/ayore.org\/?page_id=346"},"modified":"2019-02-25T03:58:58","modified_gmt":"2019-02-25T03:58:58","slug":"cotade-me-he-entregado-dupade","status":"publish","type":"page","link":"https:\/\/ayore.org\/es\/cultura\/relatos-personales\/cotade-me-he-entregado-dupade\/","title":{"rendered":"Cotade &#8211; Me he entregado a Dupade"},"content":{"rendered":"<p><i>\u201c<\/i><i>Por tanto, hermanos m\u00edos, les ruego por la misericordia de Dios que se presenten ustedes mismos como ofrenda viva, santa y agradable a Dios. \u00c9ste es el verdadero culto que deben ofrecer.\u201d (Romanos 12:1)<\/i><span data-ccp-props=\"{&quot;201341983&quot;:0,&quot;335559739&quot;:200,&quot;335559740&quot;:276}\">\u00a0<\/span><\/p>\n<p><span data-ccp-props=\"{&quot;201341983&quot;:0,&quot;335559739&quot;:200,&quot;335559740&quot;:276}\">\u00a0<em><strong>Cotade dijo:\u00a0<\/strong><\/em><\/span>Quer\u00eda\u00a0entregarme a Dupade.\u00a0Y ya me he\u00a0entregado\u00a0por completo a \u00e9l.\u00a0<span data-ccp-props=\"{&quot;201341983&quot;:0,&quot;335559731&quot;:720,&quot;335559739&quot;:200,&quot;335559740&quot;:276}\">\u00a0<\/span><span data-ccp-props=\"{&quot;201341983&quot;:0,&quot;335559739&quot;:200,&quot;335559740&quot;:276}\">\u00a0<\/span><\/p>\n<p><b><i>El bautismo de\u00a0Cotade:<\/i><\/b><span data-ccp-props=\"{&quot;201341983&quot;:0,&quot;335559739&quot;:200,&quot;335559740&quot;:276}\">\u00a0<\/span>Nunca olvidar\u00e9 el d\u00eda\u00a0en que\u00a0don Herman\u00a0(Sherman\u00a0Miller)\u00a0y\u00a0don\u00a0Juan me bautizaron. Desde entonces me encanta la Palabra de Dupade.\u00a0<span data-ccp-props=\"{&quot;201341983&quot;:0,&quot;335559731&quot;:720,&quot;335559739&quot;:200,&quot;335559740&quot;:276}\">\u00a0<\/span><\/p>\n<p><span data-ccp-props=\"{&quot;201341983&quot;:0,&quot;335559739&quot;:200,&quot;335559740&quot;:276}\">\u00a0<\/span><b><i>Lo que a\u00a0Cotade\u00a0no le gustaba de ella misma:\u00a0<\/i><\/b>Pero hab\u00eda algo en m\u00ed que no me gustaba, y es que yo no hablaba con\u00a0Dupade,\u00a0aunque me encantaba su Palabra. Por alguna raz\u00f3n nunca oraba a pesar de que amaba a Dupade. Pero recientemente he entregado mi vida por completo a \u00c9l.<span data-ccp-props=\"{&quot;201341983&quot;:0,&quot;335559731&quot;:720,&quot;335559739&quot;:200,&quot;335559740&quot;:276}\">\u00a0<\/span><\/p>\n<p>Lo hice porque quer\u00eda tener acceso a Dupade y poder saber que E\u0301l estaba disponible para m\u00ed. Despu\u00e9s de entregarme a E\u0301l, quer\u00eda que Dupade me abriera\u00a0la entrada a su presencia.\u00a0Entonces me entregu\u00e9 a Dupade. Y mientras hablo, hablo como alguien que ha dado su vida a Dupade. Tambi\u00e9n amo la palabra de Dupade.\u00a0<span data-ccp-props=\"{&quot;201341983&quot;:0,&quot;335559739&quot;:0,&quot;335559740&quot;:276}\">\u00a0<\/span><\/p>\n<p>No me gustaba\u00a0cuando\u00a0no hablaba con Dupade. Tal vez ahora que\u00a0he\u00a0entregado\u00a0mi vida a \u00e9l voy a empezar a hablar con \u00e9l m\u00e1s frecuentemente.\u00a0Siempre rez\u00e1bamos antes, pero despu\u00e9s de un tiempo no oramos.\u00a0Despu\u00e9s de eso fue que entregu\u00e9 mi vida a Dupade.\u00a0Y tom\u00e9 la decisi\u00f3n de asistir a la iglesia y escuchar la palabra de Dupade. Quer\u00eda estar en una relaci\u00f3n cercana con Dupade.\u00a0Quiero que Dios crezca dentro de m\u00ed para que sea \u00c9l quien me controle\u00a0y no yo misma.\u00a0<span data-ccp-props=\"{&quot;201341983&quot;:0,&quot;335559739&quot;:0,&quot;335559740&quot;:276}\">\u00a0<\/span><\/p>\n<p><span data-ccp-props=\"{&quot;201341983&quot;:0,&quot;335559739&quot;:0,&quot;335559740&quot;:276}\">\u00a0<\/span><b><i>El marido de\u00a0Cotade\u00a0no le gust\u00f3 que fuera a la iglesia:<\/i><\/b><span data-ccp-props=\"{&quot;201341983&quot;:0,&quot;335559739&quot;:0,&quot;335559740&quot;:276}\">\u00a0 E<\/span>n el principio\u00a0a\u00a0mi marido\u00a0<em>Ujai<\/em>\u00a0no le gustaba cuando\u00a0yo\u00a0iba\u00a0a la iglesia, pero yo le dec\u00eda:\u00a0\u201cNo soy tu. Soy diferente a ti y quiero irme.\u201d<span data-ccp-props=\"{&quot;201341983&quot;:0,&quot;335559739&quot;:0,&quot;335559740&quot;:276}\">\u00a0<\/span><\/p>\n<p>Despu\u00e9s de un tiempo\u00a0<em>Ujai<\/em>\u00a0comenz\u00f3 a asistir conmigo,\u00a0pero ahora no quiere ir.\u00a0Un d\u00eda, sin embargo,\u00a0tambi\u00e9n\u00a0querr\u00e1 escuchar la Palabra de Dupade de nuevo. Por lo menos\u00a0ahora\u00a0es m\u00e1s abierto y le gusta.\u00a0No se opone a ir a la iglesia ahora.\u00a0A \u00e9l no le gustaba, pero ahora quiere volver.\u00a0<span data-ccp-props=\"{&quot;201341983&quot;:0,&quot;335559739&quot;:0,&quot;335559740&quot;:240}\">\u00a0<\/span><\/p>\n<p><span data-ccp-props=\"{&quot;201341983&quot;:0,&quot;335559739&quot;:0,&quot;335559740&quot;:240}\">\u00a0<\/span><b><i>Cotade\u00a0es m\u00e1s feliz consigo misma ahora que reza.<\/i><\/b><span data-ccp-props=\"{&quot;201341983&quot;:0,&quot;335559739&quot;:0,&quot;335559740&quot;:240}\">\u00a0<\/span><\/p>\n<p>No hay nada que no me gusta de Dupade.\u00a0Me encanta. Eso es porque\u00a0ya\u00a0estoy\u00a0ora\u0301ndolo\u00a0ahora. Eso es todo.<span data-ccp-props=\"{&quot;201341983&quot;:0,&quot;335559739&quot;:0,&quot;335559740&quot;:240}\">\u00a0<\/span><\/p>\n<p><strong>Vocabulario:<\/strong><\/p>\n<p>Dupade &#8211; Dios<\/p>\n<p><i>Cotade &#8211;\u00a0<\/i><i>Tobit\u00e9, Bolivia<\/i><i>\u00a0<\/i><i>(<\/i><i>agosto<\/i><i>, 1975)<\/i><span data-ccp-props=\"{&quot;201341983&quot;:0,&quot;335559739&quot;:200,&quot;335559740&quot;:276}\">\u00a0<\/span><\/p>\n<p><i>Transcrito y traducido al\u00a0<\/i><i>espa\u00f1ol<\/i><i>\u00a0por: Maxine\u00a0Morarie<\/i><span data-ccp-props=\"{&quot;201341983&quot;:0,&quot;335559739&quot;:200,&quot;335559740&quot;:276}\">\u00a0<\/span><\/p>\n<p><i>Las porciones de la Escritura son agregadas al\u00a0<\/i><i>testimonio<\/i><i>.<\/i><span data-ccp-props=\"{&quot;201341983&quot;:0,&quot;335559739&quot;:200,&quot;335559740&quot;:276}\">\u00a0<\/span><\/p>\n<style type=\"text\/css\"><!--td {border: 1px solid #ccc;}br {mso-data-placement:same-cell;}--><\/style>\n<p><span data-sheets-value=\"{&quot;1&quot;:2,&quot;2&quot;:&quot;&lt;div class=&quot;navigation&quot;&gt;&lt;div class=&quot;alignleft&quot;&gt;&lt;a href=&quot;https:\/\/ayore.org\/es\/cultura\/relatos-personales\/me-tiraron-al-agua\/&quot;title=&quot;Betidate\u0301\u00a0&#8211; Pongo mis palabras en la grabadora&quot;&gt;&lt;img src=&quot;https:\/\/ayore.org\/wp-content\/uploads\/2018\/10\/left-arrow.png&quot; width=&quot;50&quot; height=&quot;48&quot; alt=&quot;left arrow&quot;&gt;&lt;\/a&gt;&lt;\/div&gt;&lt;div class=&quot;alignright&quot;&gt;&lt;a href=&quot;https:\/\/ayore.org\/es\/cultura\/relatos-personales\/ucuetodacode-a-la-medianoche-algo-se-me-aparecio\/&quot;title=&quot;Ucuet\u00f3dac\u00f3de \u2013 A la medianoche algo se me apareci\u00f3&quot;&gt;&lt;img src=&quot;https:\/\/ayore.org\/wp-content\/uploads\/2018\/10\/right-arrow.png&quot; width=&quot;50&quot; height=&quot;48&quot; alt=&quot;right arrow&quot;&gt;&lt;\/a&gt;&lt;\/div&gt;&quot;}\" data-sheets-userformat=\"{&quot;2&quot;:513,&quot;3&quot;:{&quot;1&quot;:0},&quot;12&quot;:0}\"><div class=\"navigation\"><div class=\"alignleft\"><a href=\"https:\/\/ayore.org\/es\/cultura\/relatos-personales\/me-tiraron-al-agua\/\"title=\"Betidate\u0301\u00a0&#8211; Pongo mis palabras en la grabadora\"><img loading=\"lazy\" decoding=\"async\" src=\"https:\/\/ayore.org\/wp-content\/uploads\/2018\/10\/left-arrow.png\" width=\"50\" height=\"48\" alt=\"left arrow\"><\/a><\/div><div class=\"alignright\"><a href=\"https:\/\/ayore.org\/es\/cultura\/relatos-personales\/ucuetodacode-a-la-medianoche-algo-se-me-aparecio\/\"title=\"Ucuet\u00f3dac\u00f3de \u2013 A la medianoche algo se me apareci\u00f3\"><img loading=\"lazy\" decoding=\"async\" src=\"https:\/\/ayore.org\/wp-content\/uploads\/2018\/10\/right-arrow.png\" width=\"50\" height=\"48\" alt=\"right arrow\"><\/a><\/div><\/span><\/p>\n<p><span data-ccp-props=\"{&quot;201341983&quot;:0,&quot;335559739&quot;:200,&quot;335559740&quot;:276}\">\u00a0<\/span><\/p>\n","protected":false},"excerpt":{"rendered":"<p>\u201cPor tanto, hermanos m\u00edos, les ruego por la misericordia de Dios que se presenten ustedes mismos como ofrenda viva, santa y agradable a Dios. \u00c9ste es el verdadero culto que deben ofrecer.\u201d (Romanos 12:1)\u00a0 \u00a0Cotade dijo:\u00a0Quer\u00eda\u00a0entregarme a Dupade.\u00a0Y ya me<\/p>\n","protected":false},"author":2,"featured_media":0,"parent":284,"menu_order":0,"comment_status":"closed","ping_status":"closed","template":"","meta":{"footnotes":""},"class_list":["post-346","page","type-page","status-publish","hentry"],"yoast_head":"<!-- This site is optimized with the Yoast SEO plugin v27.4 - https:\/\/yoast.com\/product\/yoast-seo-wordpress\/ -->\n<title>Ayore\u0301 Relato Personal: Me He Entregado A Dupade \u2022 Ayore.org<\/title>\n<meta name=\"robots\" content=\"index, follow, max-snippet:-1, max-image-preview:large, max-video-preview:-1\" \/>\n<link rel=\"canonical\" href=\"https:\/\/ayore.org\/es\/cultura\/relatos-personales\/cotade-me-he-entregado-dupade\/\" \/>\n<meta property=\"og:locale\" content=\"es_ES\" \/>\n<meta property=\"og:type\" content=\"article\" \/>\n<meta property=\"og:title\" content=\"Ayore\u0301 Relato Personal: Me He Entregado A Dupade \u2022 Ayore.org\" \/>\n<meta property=\"og:description\" content=\"\u201cPor tanto, hermanos m\u00edos, les ruego por la misericordia de Dios que se presenten ustedes mismos como ofrenda viva, santa y agradable a Dios. \u00c9ste es el verdadero culto que deben ofrecer.\u201d (Romanos 12:1)\u00a0 \u00a0Cotade dijo:\u00a0Quer\u00eda\u00a0entregarme a Dupade.\u00a0Y ya me\" \/>\n<meta property=\"og:url\" content=\"https:\/\/ayore.org\/es\/cultura\/relatos-personales\/cotade-me-he-entregado-dupade\/\" \/>\n<meta property=\"og:site_name\" content=\"AYORE.ORG\" \/>\n<meta property=\"article:modified_time\" content=\"2019-02-25T03:58:58+00:00\" \/>\n<meta name=\"twitter:card\" content=\"summary_large_image\" \/>\n<meta name=\"twitter:label1\" content=\"Tiempo de lectura\" \/>\n\t<meta name=\"twitter:data1\" content=\"2 minutos\" \/>\n<script type=\"application\/ld+json\" class=\"yoast-schema-graph\">{\"@context\":\"https:\\\/\\\/schema.org\",\"@graph\":[{\"@type\":\"WebPage\",\"@id\":\"https:\\\/\\\/ayore.org\\\/es\\\/cultura\\\/relatos-personales\\\/cotade-me-he-entregado-dupade\\\/\",\"url\":\"https:\\\/\\\/ayore.org\\\/es\\\/cultura\\\/relatos-personales\\\/cotade-me-he-entregado-dupade\\\/\",\"name\":\"Ayore\u0301 Relato Personal: Me He Entregado A Dupade \u2022 Ayore.org\",\"isPartOf\":{\"@id\":\"https:\\\/\\\/ayore.org\\\/#website\"},\"datePublished\":\"2018-07-14T00:00:55+00:00\",\"dateModified\":\"2019-02-25T03:58:58+00:00\",\"breadcrumb\":{\"@id\":\"https:\\\/\\\/ayore.org\\\/es\\\/cultura\\\/relatos-personales\\\/cotade-me-he-entregado-dupade\\\/#breadcrumb\"},\"inLanguage\":\"es-AR\",\"potentialAction\":[{\"@type\":\"ReadAction\",\"target\":[\"https:\\\/\\\/ayore.org\\\/es\\\/cultura\\\/relatos-personales\\\/cotade-me-he-entregado-dupade\\\/\"]}]},{\"@type\":\"BreadcrumbList\",\"@id\":\"https:\\\/\\\/ayore.org\\\/es\\\/cultura\\\/relatos-personales\\\/cotade-me-he-entregado-dupade\\\/#breadcrumb\",\"itemListElement\":[{\"@type\":\"ListItem\",\"position\":1,\"name\":\"Inicio\",\"item\":\"https:\\\/\\\/ayore.org\\\/es\\\/\"},{\"@type\":\"ListItem\",\"position\":2,\"name\":\"Cultura\",\"item\":\"https:\\\/\\\/ayore.org\\\/es\\\/cultura\\\/\"},{\"@type\":\"ListItem\",\"position\":3,\"name\":\"Relatos Personales\",\"item\":\"https:\\\/\\\/ayore.org\\\/es\\\/cultura\\\/relatos-personales\\\/\"},{\"@type\":\"ListItem\",\"position\":4,\"name\":\"Cotade &#8211; Me he entregado a Dupade\"}]},{\"@type\":\"WebSite\",\"@id\":\"https:\\\/\\\/ayore.org\\\/#website\",\"url\":\"https:\\\/\\\/ayore.org\\\/\",\"name\":\"AYORE.ORG\",\"description\":\"Idioma, Cultura e Historia de la Tribu Ayor\u00e9\",\"potentialAction\":[{\"@type\":\"SearchAction\",\"target\":{\"@type\":\"EntryPoint\",\"urlTemplate\":\"https:\\\/\\\/ayore.org\\\/?s={search_term_string}\"},\"query-input\":{\"@type\":\"PropertyValueSpecification\",\"valueRequired\":true,\"valueName\":\"search_term_string\"}}],\"inLanguage\":\"es-AR\"}]}<\/script>\n<!-- \/ Yoast SEO plugin. -->","yoast_head_json":{"title":"Ayore\u0301 Relato Personal: Me He Entregado A Dupade \u2022 Ayore.org","robots":{"index":"index","follow":"follow","max-snippet":"max-snippet:-1","max-image-preview":"max-image-preview:large","max-video-preview":"max-video-preview:-1"},"canonical":"https:\/\/ayore.org\/es\/cultura\/relatos-personales\/cotade-me-he-entregado-dupade\/","og_locale":"es_ES","og_type":"article","og_title":"Ayore\u0301 Relato Personal: Me He Entregado A Dupade \u2022 Ayore.org","og_description":"\u201cPor tanto, hermanos m\u00edos, les ruego por la misericordia de Dios que se presenten ustedes mismos como ofrenda viva, santa y agradable a Dios. \u00c9ste es el verdadero culto que deben ofrecer.\u201d (Romanos 12:1)\u00a0 \u00a0Cotade dijo:\u00a0Quer\u00eda\u00a0entregarme a Dupade.\u00a0Y ya me","og_url":"https:\/\/ayore.org\/es\/cultura\/relatos-personales\/cotade-me-he-entregado-dupade\/","og_site_name":"AYORE.ORG","article_modified_time":"2019-02-25T03:58:58+00:00","twitter_card":"summary_large_image","twitter_misc":{"Tiempo de lectura":"2 minutos"},"schema":{"@context":"https:\/\/schema.org","@graph":[{"@type":"WebPage","@id":"https:\/\/ayore.org\/es\/cultura\/relatos-personales\/cotade-me-he-entregado-dupade\/","url":"https:\/\/ayore.org\/es\/cultura\/relatos-personales\/cotade-me-he-entregado-dupade\/","name":"Ayore\u0301 Relato Personal: Me He Entregado A Dupade \u2022 Ayore.org","isPartOf":{"@id":"https:\/\/ayore.org\/#website"},"datePublished":"2018-07-14T00:00:55+00:00","dateModified":"2019-02-25T03:58:58+00:00","breadcrumb":{"@id":"https:\/\/ayore.org\/es\/cultura\/relatos-personales\/cotade-me-he-entregado-dupade\/#breadcrumb"},"inLanguage":"es-AR","potentialAction":[{"@type":"ReadAction","target":["https:\/\/ayore.org\/es\/cultura\/relatos-personales\/cotade-me-he-entregado-dupade\/"]}]},{"@type":"BreadcrumbList","@id":"https:\/\/ayore.org\/es\/cultura\/relatos-personales\/cotade-me-he-entregado-dupade\/#breadcrumb","itemListElement":[{"@type":"ListItem","position":1,"name":"Inicio","item":"https:\/\/ayore.org\/es\/"},{"@type":"ListItem","position":2,"name":"Cultura","item":"https:\/\/ayore.org\/es\/cultura\/"},{"@type":"ListItem","position":3,"name":"Relatos Personales","item":"https:\/\/ayore.org\/es\/cultura\/relatos-personales\/"},{"@type":"ListItem","position":4,"name":"Cotade &#8211; Me he entregado a Dupade"}]},{"@type":"WebSite","@id":"https:\/\/ayore.org\/#website","url":"https:\/\/ayore.org\/","name":"AYORE.ORG","description":"Idioma, Cultura e Historia de la Tribu Ayor\u00e9","potentialAction":[{"@type":"SearchAction","target":{"@type":"EntryPoint","urlTemplate":"https:\/\/ayore.org\/?s={search_term_string}"},"query-input":{"@type":"PropertyValueSpecification","valueRequired":true,"valueName":"search_term_string"}}],"inLanguage":"es-AR"}]}},"_links":{"self":[{"href":"https:\/\/ayore.org\/es\/wp-json\/wp\/v2\/pages\/346","targetHints":{"allow":["GET"]}}],"collection":[{"href":"https:\/\/ayore.org\/es\/wp-json\/wp\/v2\/pages"}],"about":[{"href":"https:\/\/ayore.org\/es\/wp-json\/wp\/v2\/types\/page"}],"author":[{"embeddable":true,"href":"https:\/\/ayore.org\/es\/wp-json\/wp\/v2\/users\/2"}],"replies":[{"embeddable":true,"href":"https:\/\/ayore.org\/es\/wp-json\/wp\/v2\/comments?post=346"}],"version-history":[{"count":7,"href":"https:\/\/ayore.org\/es\/wp-json\/wp\/v2\/pages\/346\/revisions"}],"predecessor-version":[{"id":3046,"href":"https:\/\/ayore.org\/es\/wp-json\/wp\/v2\/pages\/346\/revisions\/3046"}],"up":[{"embeddable":true,"href":"https:\/\/ayore.org\/es\/wp-json\/wp\/v2\/pages\/284"}],"wp:attachment":[{"href":"https:\/\/ayore.org\/es\/wp-json\/wp\/v2\/media?parent=346"}],"curies":[{"name":"wp","href":"https:\/\/api.w.org\/{rel}","templated":true}]}}