{"id":342,"date":"2018-06-25T23:16:39","date_gmt":"2018-06-25T23:16:39","guid":{"rendered":"https:\/\/ayore.org\/?page_id=342"},"modified":"2019-02-23T04:21:06","modified_gmt":"2019-02-23T04:21:06","slug":"me-tiraron-al-agua","status":"publish","type":"page","link":"https:\/\/ayore.org\/es\/cultura\/relatos-personales\/me-tiraron-al-agua\/","title":{"rendered":"Betidate\u0301\u00a0&#8211; Pongo mis palabras en la grabadora"},"content":{"rendered":"<p><em>Yicha\u0301ji yuruode aja ma\u0301quina to\u00a0<\/em><\/p>\n<p><b><i>Voy a hablar en la grabadora<\/i><\/b><b><i>:<\/i><\/b><span data-ccp-props=\"{&quot;201341983&quot;:0,&quot;335559739&quot;:0,&quot;335559740&quot;:240}\">\u00a0<\/span><\/p>\n<p>Voy a a\u00f1adir mis palabras. Mis palabras son para Marina, por eso las pongo en la grabadora aqu\u00ed en la casa de\u00a0<i>Dupade<\/i>.<span data-ccp-props=\"{&quot;201341983&quot;:0,&quot;335559739&quot;:0,&quot;335559740&quot;:240}\">\u00a0<\/span><\/p>\n<p>Hace mucho tiempo que fui bautizado. Cuando yo era una ni\u00f1a <em>me arrojaron al agua<\/em>. Nunca he hablado de cuando me bautizaron en la grabadora.<span data-ccp-props=\"{&quot;201341983&quot;:0,&quot;335559739&quot;:200,&quot;335559740&quot;:240}\">\u00a0<\/span><\/p>\n<p>Pero s\u00e9 que creo en\u00a0<i>Dupade<\/i>\u00a0y ahora pongo mis palabras en la grabadora aqu\u00ed en esta casa. Hace mucho tiempo que\u00a0acepte\u0301 a\u00a0Jes\u00fas cuando yo era una ni\u00f1a y cuando me bautizaron como un\u00a0joven. Pero ahora soy muy corta ya que soy\u00a0m\u00e1s\u00a0vieja.\u00a0<span data-ccp-props=\"{&quot;201341983&quot;:0,&quot;335559739&quot;:200,&quot;335559740&quot;:240}\">\u00a0<\/span><\/p>\n<p>Pero s\u00f3lo quiero decirles que nunca he cre\u00eddo en otra cosa, s\u00f3lo en\u00a0<i>Dupade<\/i>\u00a0he confiado. S\u00e9 que tambi\u00e9n creo en\u00a0<i>Dupade<\/i>\u00a0y quiero\u00a0gravarlo\u00a0para que Marina pueda escuchar lo que digo aqu\u00ed en la casa de\u00a0<i>Dupade<\/i>.<span data-ccp-props=\"{&quot;201341983&quot;:0,&quot;335559739&quot;:200,&quot;335559740&quot;:240}\">\u00a0<\/span><\/p>\n<p><span data-ccp-props=\"{&quot;201341983&quot;:0,&quot;335559739&quot;:200,&quot;335559740&quot;:240}\">\u00a0<\/span><b><i>Mis pruebas:<\/i><\/b><span data-ccp-props=\"{&quot;201341983&quot;:0,&quot;335559739&quot;:200,&quot;335559740&quot;:240}\">\u00a0<\/span><\/p>\n<p>Me doy cuenta de que he tenido pruebas, y mis hijos siempre mueren. Siempre mueren. He perdido tres hijos, pero ni siquiera eso me ha hecho dejar de escuchar la palabra de\u00a0<i>Dupade<\/i>. Nunca dejar\u00e9 de escuchar su palabra porque soy un creyente y he sido bautizado. Y tambi\u00e9n s\u00e9 que estoy seguro de mi relaci\u00f3n con\u00a0<i>Dupade<\/i>.<span data-ccp-props=\"{&quot;201341983&quot;:0,&quot;335559731&quot;:720,&quot;335559739&quot;:200,&quot;335559740&quot;:276}\">\u00a0<\/span><\/p>\n<p>La gente siempre est\u00e1 grabando sus palabras, pero nunca hasta ahora he puesto mis palabras en la m\u00e1quina aqu\u00ed en la casa de\u00a0<i>Dupade<\/i>. En este momento, los estoy poniendo. Estoy seguro de mi fe y por eso lo estoy haciendo. Siempre me pregunto a m\u00ed mismo: &#8220;\u00bfPor qu\u00e9 nunca he hablado de mi fe y lo he puesto en la\u00a0grabadora?&#8221;<span data-ccp-props=\"{&quot;201341983&quot;:0,&quot;335559731&quot;:720,&quot;335559739&quot;:200,&quot;335559740&quot;:276}\">\u00a0<\/span><\/p>\n<p><span data-ccp-props=\"{&quot;201341983&quot;:0,&quot;335559739&quot;:200,&quot;335559740&quot;:276}\">\u00a0<\/span><b><i>Mis compatriotas han\u00a0<\/i><\/b><b><i>re\u00eddo<\/i><\/b><b><i>\u00a0de mi cuando oro a Dupade:<\/i><\/b><span data-ccp-props=\"{&quot;201341983&quot;:0,&quot;335559739&quot;:200,&quot;335559740&quot;:276}\">\u00a0<\/span><\/p>\n<p>Hace mucho tiempo que <em>pusieron mi cara bajo el agua<\/em>. Luis (Louis Small) me bautiz\u00f3, y ahora, puedo decir que tambi\u00e9n ha sido mucho, mucho tiempo que he estado orando a\u00a0<i>Dupade<\/i>\u00a0en la iglesia. Me han re\u00eddo, pero no presto atenci\u00f3n. Cuando te r\u00edes de m\u00ed, no te escucho. Como si fueran\u00a0ustedes\u00a0mis respetados l\u00edderes. \u00bfAcaso hablo a ustedes\u00a0que\u00a0r\u00edan\u00a0cuando\u00a0oro a\u00a0<i>Dupade?<\/i>\u00a0Adelante, ri\u00e9nse de m\u00ed, porque s\u00f3lo\u00a0me importa que\u00a0<i>Dupade<\/i>\u00a0me oye. Ignoro a los que se r\u00eden de m\u00ed.<span data-ccp-props=\"{&quot;201341983&quot;:0,&quot;335559731&quot;:720,&quot;335559739&quot;:200,&quot;335559740&quot;:276}\">\u00a0<\/span><\/p>\n<p><span data-ccp-props=\"{&quot;201341983&quot;:0,&quot;335559739&quot;:200,&quot;335559740&quot;:276}\">\u00a0<\/span><b><i>He sufrido dolores de la cabeza<\/i><\/b><b><i>\u00a0por mucho tiempo<\/i><\/b><b><i>:<\/i><\/b><span data-ccp-props=\"{&quot;201341983&quot;:0,&quot;335559739&quot;:200,&quot;335559740&quot;:276}\">\u00a0<\/span><\/p>\n<p>Tambi\u00e9n ha sido mucho tiempo que he sufrido dolores de cabeza, pero ignoro el dolor. Satan\u00e1s quiere usar el dolor para hacerme dejar de seguir a\u00a0<i>Dupade<\/i>, pero no parar\u00e9. Me digo a m\u00ed mismo, Satan\u00e1s es que quiere hacerme dejar a\u00a0<i>Dupade<\/i>. Satan\u00e1s quiere estar en m\u00ed, pero no puede entrar. Yo digo, es porque \u00e9l quiere que deje de servir a\u00a0<i>Dupade<\/i>, que \u00e9l me da pruebas, pero no quiero de ninguna manera detenerme.<span data-ccp-props=\"{&quot;201341983&quot;:0,&quot;335559731&quot;:720,&quot;335559739&quot;:200,&quot;335559740&quot;:276}\">\u00a0<\/span><\/p>\n<p>No\u00a0pod\u00eda\u00a0caminar por un tiempo,\u00a0pero eso no me hizo querer renunciar a\u00a0<i>Dupade<\/i>. Tuve que gatear en el suelo para moverme. Nada me ayudaba. S\u00f3lo\u00a0<i>Dupade<\/i>\u00a0pod\u00eda ayudarme. Esa fue otra prueba que Satan\u00e1s me trajo para hacerme dejar de seguir a\u00a0<i>Dupade<\/i>, pero no me detuve en absoluto. S\u00f3lo\u00a0<i>Dupade<\/i>\u00a0est\u00e1 all\u00ed para m\u00ed, y \u00e9l me escucha, y me ayuda, y yo lo conozco mejor a trav\u00e9s de mis pruebas.<span data-ccp-props=\"{&quot;201341983&quot;:0,&quot;335559731&quot;:720,&quot;335559739&quot;:200,&quot;335559740&quot;:276}\">\u00a0<\/span><\/p>\n<p>Y,\u00a0por lo tanto, no olvido cuando me bautizaron para mostrar que yo cre\u00eda. Desde entonces he seguido a Jes\u00fas. Lo \u00fanico es que a veces no he estado lo suficientemente bien como para venir a la casa de\u00a0<i>Dupade<\/i>\u00a0para las reuniones, y tuve que quedarme en casa, pero as\u00ed es. Creo que\u00a0<i>Dupade<\/i>\u00a0puede ser comparado con el amigo de un ni\u00f1o que va con \u00e9l donde quiera que vaya, y cuando estoy aqu\u00ed o no, \u00e9l est\u00e1 conmigo. Este\u00a0<i>Dupade<\/i>\u00a0nuestro que nunca hemos visto es nuestro amigo.<span data-ccp-props=\"{&quot;201341983&quot;:0,&quot;335559731&quot;:720,&quot;335559739&quot;:200,&quot;335559740&quot;:276}\">\u00a0<\/span><\/p>\n<p><span data-ccp-props=\"{&quot;201341983&quot;:0,&quot;335551550&quot;:2,&quot;335551620&quot;:2,&quot;335559739&quot;:200,&quot;335559740&quot;:276}\">\u00a0<\/span><b><i>Mi\u00a0<\/i><\/b><b><i>alegr\u00eda<\/i><\/b><b><i>\u00a0es ir a la casa de Dupade<\/i><\/b><b><i>:<\/i><\/b><span data-ccp-props=\"{&quot;201341983&quot;:0,&quot;335559739&quot;:200,&quot;335559740&quot;:276}\">\u00a0<\/span><\/p>\n<p>Estoy feliz cuando\u00a0tocan\u00a0la campana\u00a0para avisar que es el tiempo para la\u00a0reuni\u00f3n,\u00a0y es\u00a0una felicidad semejante a la\u00a0alegr\u00eda\u00a0de un nin\u0303o cuando esta con\u00a0sus amigos.\u00a0Siempre estoy feliz cuando finalmente tocan la campana.\u00a0Puedo estar en medio de hacer algo cuando lo oigo, y me detengo y digo a m\u00ed mismo, puedo hacerlo m\u00e1s tarde.\u00a0Dejo de hacer lo que estoy haciendo y me voy a la casa de\u00a0<i>Dupade<\/i>. Es porque he estado felizmente esperando.\u00a0Somos\u00a0como\u00a0los\u00a0ni\u00f1os que andan juntos, y estamos muy felices de ir a la iglesia.\u00a0<i>(Salmo 122:1)<\/i><span data-ccp-props=\"{&quot;201341983&quot;:0,&quot;335559739&quot;:0,&quot;335559740&quot;:240}\">\u00a0<\/span><\/p>\n<p>Estas son todas mis palabras.<span data-ccp-props=\"{&quot;201341983&quot;:0,&quot;335559731&quot;:720,&quot;335559739&quot;:200,&quot;335559740&quot;:276}\">\u00a0<\/span><\/p>\n<p><strong>Vocabulario:<\/strong><\/p>\n<p>Dupade &#8211; Dios<\/p>\n<p>Arrojar al agua &#8211; Bautizar<\/p>\n<p>Poner la cara bajo el agua &#8211; Bautizar<\/p>\n<p><i>Betidat\u00e9<\/i><i>\u00a0\u2013\u00a0<\/i><i>Tobite\u0301, Bolivia<\/i><i>\u00a0\u2013<\/i><i>\u00a0<\/i><i>23\/08\/75.<\/i><span data-ccp-props=\"{&quot;201341983&quot;:0,&quot;335559739&quot;:200,&quot;335559740&quot;:276}\">\u00a0<\/span><\/p>\n<p><i>Transcrito y traducido<\/i><i>\u00a0al\u00a0<\/i><i>espa\u00f1ol<\/i><i>\u00a0<\/i><i>por:\u00a0<\/i><i>Maxine Morarie<\/i><i>.<\/i><span data-ccp-props=\"{&quot;201341983&quot;:0,&quot;335559739&quot;:200,&quot;335559740&quot;:276}\">\u00a0<\/span><\/p>\n<style type=\"text\/css\"><!--td {border: 1px solid #ccc;}br {mso-data-placement:same-cell;}--><\/style>\n<p><span data-sheets-value=\"{&quot;1&quot;:2,&quot;2&quot;:&quot;&lt;div class=&quot;navigation&quot;&gt;&lt;div class=&quot;alignleft&quot;&gt;&lt;a href=&quot;https:\/\/ayore.org\/es\/cultura\/relatos-personales\/&quot;title=&quot;Relatos Personales&quot;&gt;&lt;img src=&quot;https:\/\/ayore.org\/wp-content\/uploads\/2018\/10\/left-arrow.png&quot; width=&quot;50&quot; height=&quot;48&quot; alt=&quot;left arrow&quot;&gt;&lt;\/a&gt;&lt;\/div&gt;&lt;div class=&quot;alignright&quot;&gt;&lt;a href=&quot;https:\/\/ayore.org\/es\/cultura\/relatos-personales\/cotade-me-he-entregado-dupade\/&quot;title=&quot;Cotade &#8211; Me he entregado a Dupade&quot;&gt;&lt;img src=&quot;https:\/\/ayore.org\/wp-content\/uploads\/2018\/10\/right-arrow.png&quot; width=&quot;50&quot; height=&quot;48&quot; alt=&quot;right arrow&quot;&gt;&lt;\/a&gt;&lt;\/div&gt;&quot;}\" data-sheets-userformat=\"{&quot;2&quot;:513,&quot;3&quot;:{&quot;1&quot;:0},&quot;12&quot;:0}\"><div class=\"navigation\"><div class=\"alignleft\"><a href=\"https:\/\/ayore.org\/es\/cultura\/relatos-personales\/\"title=\"Relatos Personales\"><img loading=\"lazy\" decoding=\"async\" src=\"https:\/\/ayore.org\/wp-content\/uploads\/2018\/10\/left-arrow.png\" width=\"50\" height=\"48\" alt=\"left arrow\"><\/a><\/div><div class=\"alignright\"><a href=\"https:\/\/ayore.org\/es\/cultura\/relatos-personales\/cotade-me-he-entregado-dupade\/\"title=\"Cotade &#8211; Me he entregado a Dupade\"><img loading=\"lazy\" decoding=\"async\" src=\"https:\/\/ayore.org\/wp-content\/uploads\/2018\/10\/right-arrow.png\" width=\"50\" height=\"48\" alt=\"right arrow\"><\/a><\/div><\/span><\/p>\n","protected":false},"excerpt":{"rendered":"<p>Yicha\u0301ji yuruode aja ma\u0301quina to\u00a0 Voy a hablar en la grabadora:\u00a0 Voy a a\u00f1adir mis palabras. Mis palabras son para Marina, por eso las pongo en la grabadora aqu\u00ed en la casa de\u00a0Dupade.\u00a0 Hace mucho tiempo que fui bautizado. Cuando<\/p>\n","protected":false},"author":1,"featured_media":0,"parent":284,"menu_order":0,"comment_status":"closed","ping_status":"closed","template":"","meta":{"footnotes":""},"class_list":["post-342","page","type-page","status-publish","hentry"],"yoast_head":"<!-- This site is optimized with the Yoast SEO plugin v27.4 - https:\/\/yoast.com\/product\/yoast-seo-wordpress\/ -->\n<title>Ayore\u0301 Relato Personal: Pongo Mis Palabras En La Grabadora \u2022 Ayore.org<\/title>\n<meta name=\"robots\" content=\"index, follow, max-snippet:-1, max-image-preview:large, max-video-preview:-1\" \/>\n<link rel=\"canonical\" href=\"https:\/\/ayore.org\/es\/cultura\/relatos-personales\/me-tiraron-al-agua\/\" \/>\n<meta property=\"og:locale\" content=\"es_ES\" \/>\n<meta property=\"og:type\" content=\"article\" \/>\n<meta property=\"og:title\" content=\"Ayore\u0301 Relato Personal: Pongo Mis Palabras En La Grabadora \u2022 Ayore.org\" \/>\n<meta property=\"og:description\" content=\"Yicha\u0301ji yuruode aja ma\u0301quina to\u00a0 Voy a hablar en la grabadora:\u00a0 Voy a a\u00f1adir mis palabras. Mis palabras son para Marina, por eso las pongo en la grabadora aqu\u00ed en la casa de\u00a0Dupade.\u00a0 Hace mucho tiempo que fui bautizado. Cuando\" \/>\n<meta property=\"og:url\" content=\"https:\/\/ayore.org\/es\/cultura\/relatos-personales\/me-tiraron-al-agua\/\" \/>\n<meta property=\"og:site_name\" content=\"AYORE.ORG\" \/>\n<meta property=\"article:modified_time\" content=\"2019-02-23T04:21:06+00:00\" \/>\n<meta name=\"twitter:card\" content=\"summary_large_image\" \/>\n<meta name=\"twitter:label1\" content=\"Tiempo de lectura\" \/>\n\t<meta name=\"twitter:data1\" content=\"4 minutos\" \/>\n<script type=\"application\/ld+json\" class=\"yoast-schema-graph\">{\"@context\":\"https:\\\/\\\/schema.org\",\"@graph\":[{\"@type\":\"WebPage\",\"@id\":\"https:\\\/\\\/ayore.org\\\/es\\\/cultura\\\/relatos-personales\\\/me-tiraron-al-agua\\\/\",\"url\":\"https:\\\/\\\/ayore.org\\\/es\\\/cultura\\\/relatos-personales\\\/me-tiraron-al-agua\\\/\",\"name\":\"Ayore\u0301 Relato Personal: Pongo Mis Palabras En La Grabadora \u2022 Ayore.org\",\"isPartOf\":{\"@id\":\"https:\\\/\\\/ayore.org\\\/#website\"},\"datePublished\":\"2018-06-25T23:16:39+00:00\",\"dateModified\":\"2019-02-23T04:21:06+00:00\",\"breadcrumb\":{\"@id\":\"https:\\\/\\\/ayore.org\\\/es\\\/cultura\\\/relatos-personales\\\/me-tiraron-al-agua\\\/#breadcrumb\"},\"inLanguage\":\"es-AR\",\"potentialAction\":[{\"@type\":\"ReadAction\",\"target\":[\"https:\\\/\\\/ayore.org\\\/es\\\/cultura\\\/relatos-personales\\\/me-tiraron-al-agua\\\/\"]}]},{\"@type\":\"BreadcrumbList\",\"@id\":\"https:\\\/\\\/ayore.org\\\/es\\\/cultura\\\/relatos-personales\\\/me-tiraron-al-agua\\\/#breadcrumb\",\"itemListElement\":[{\"@type\":\"ListItem\",\"position\":1,\"name\":\"Inicio\",\"item\":\"https:\\\/\\\/ayore.org\\\/es\\\/\"},{\"@type\":\"ListItem\",\"position\":2,\"name\":\"Cultura\",\"item\":\"https:\\\/\\\/ayore.org\\\/es\\\/cultura\\\/\"},{\"@type\":\"ListItem\",\"position\":3,\"name\":\"Relatos Personales\",\"item\":\"https:\\\/\\\/ayore.org\\\/es\\\/cultura\\\/relatos-personales\\\/\"},{\"@type\":\"ListItem\",\"position\":4,\"name\":\"Betidate\u0301\u00a0&#8211; Pongo mis palabras en la grabadora\"}]},{\"@type\":\"WebSite\",\"@id\":\"https:\\\/\\\/ayore.org\\\/#website\",\"url\":\"https:\\\/\\\/ayore.org\\\/\",\"name\":\"AYORE.ORG\",\"description\":\"Idioma, Cultura e Historia de la Tribu Ayor\u00e9\",\"potentialAction\":[{\"@type\":\"SearchAction\",\"target\":{\"@type\":\"EntryPoint\",\"urlTemplate\":\"https:\\\/\\\/ayore.org\\\/?s={search_term_string}\"},\"query-input\":{\"@type\":\"PropertyValueSpecification\",\"valueRequired\":true,\"valueName\":\"search_term_string\"}}],\"inLanguage\":\"es-AR\"}]}<\/script>\n<!-- \/ Yoast SEO plugin. -->","yoast_head_json":{"title":"Ayore\u0301 Relato Personal: Pongo Mis Palabras En La Grabadora \u2022 Ayore.org","robots":{"index":"index","follow":"follow","max-snippet":"max-snippet:-1","max-image-preview":"max-image-preview:large","max-video-preview":"max-video-preview:-1"},"canonical":"https:\/\/ayore.org\/es\/cultura\/relatos-personales\/me-tiraron-al-agua\/","og_locale":"es_ES","og_type":"article","og_title":"Ayore\u0301 Relato Personal: Pongo Mis Palabras En La Grabadora \u2022 Ayore.org","og_description":"Yicha\u0301ji yuruode aja ma\u0301quina to\u00a0 Voy a hablar en la grabadora:\u00a0 Voy a a\u00f1adir mis palabras. Mis palabras son para Marina, por eso las pongo en la grabadora aqu\u00ed en la casa de\u00a0Dupade.\u00a0 Hace mucho tiempo que fui bautizado. Cuando","og_url":"https:\/\/ayore.org\/es\/cultura\/relatos-personales\/me-tiraron-al-agua\/","og_site_name":"AYORE.ORG","article_modified_time":"2019-02-23T04:21:06+00:00","twitter_card":"summary_large_image","twitter_misc":{"Tiempo de lectura":"4 minutos"},"schema":{"@context":"https:\/\/schema.org","@graph":[{"@type":"WebPage","@id":"https:\/\/ayore.org\/es\/cultura\/relatos-personales\/me-tiraron-al-agua\/","url":"https:\/\/ayore.org\/es\/cultura\/relatos-personales\/me-tiraron-al-agua\/","name":"Ayore\u0301 Relato Personal: Pongo Mis Palabras En La Grabadora \u2022 Ayore.org","isPartOf":{"@id":"https:\/\/ayore.org\/#website"},"datePublished":"2018-06-25T23:16:39+00:00","dateModified":"2019-02-23T04:21:06+00:00","breadcrumb":{"@id":"https:\/\/ayore.org\/es\/cultura\/relatos-personales\/me-tiraron-al-agua\/#breadcrumb"},"inLanguage":"es-AR","potentialAction":[{"@type":"ReadAction","target":["https:\/\/ayore.org\/es\/cultura\/relatos-personales\/me-tiraron-al-agua\/"]}]},{"@type":"BreadcrumbList","@id":"https:\/\/ayore.org\/es\/cultura\/relatos-personales\/me-tiraron-al-agua\/#breadcrumb","itemListElement":[{"@type":"ListItem","position":1,"name":"Inicio","item":"https:\/\/ayore.org\/es\/"},{"@type":"ListItem","position":2,"name":"Cultura","item":"https:\/\/ayore.org\/es\/cultura\/"},{"@type":"ListItem","position":3,"name":"Relatos Personales","item":"https:\/\/ayore.org\/es\/cultura\/relatos-personales\/"},{"@type":"ListItem","position":4,"name":"Betidate\u0301\u00a0&#8211; Pongo mis palabras en la grabadora"}]},{"@type":"WebSite","@id":"https:\/\/ayore.org\/#website","url":"https:\/\/ayore.org\/","name":"AYORE.ORG","description":"Idioma, Cultura e Historia de la Tribu Ayor\u00e9","potentialAction":[{"@type":"SearchAction","target":{"@type":"EntryPoint","urlTemplate":"https:\/\/ayore.org\/?s={search_term_string}"},"query-input":{"@type":"PropertyValueSpecification","valueRequired":true,"valueName":"search_term_string"}}],"inLanguage":"es-AR"}]}},"_links":{"self":[{"href":"https:\/\/ayore.org\/es\/wp-json\/wp\/v2\/pages\/342","targetHints":{"allow":["GET"]}}],"collection":[{"href":"https:\/\/ayore.org\/es\/wp-json\/wp\/v2\/pages"}],"about":[{"href":"https:\/\/ayore.org\/es\/wp-json\/wp\/v2\/types\/page"}],"author":[{"embeddable":true,"href":"https:\/\/ayore.org\/es\/wp-json\/wp\/v2\/users\/1"}],"replies":[{"embeddable":true,"href":"https:\/\/ayore.org\/es\/wp-json\/wp\/v2\/comments?post=342"}],"version-history":[{"count":6,"href":"https:\/\/ayore.org\/es\/wp-json\/wp\/v2\/pages\/342\/revisions"}],"predecessor-version":[{"id":3040,"href":"https:\/\/ayore.org\/es\/wp-json\/wp\/v2\/pages\/342\/revisions\/3040"}],"up":[{"embeddable":true,"href":"https:\/\/ayore.org\/es\/wp-json\/wp\/v2\/pages\/284"}],"wp:attachment":[{"href":"https:\/\/ayore.org\/es\/wp-json\/wp\/v2\/media?parent=342"}],"curies":[{"name":"wp","href":"https:\/\/api.w.org\/{rel}","templated":true}]}}