{"id":310,"date":"2018-06-25T22:13:40","date_gmt":"2018-06-25T22:13:40","guid":{"rendered":"https:\/\/ayore.org\/?page_id=310"},"modified":"2018-06-25T22:13:40","modified_gmt":"2018-06-25T22:13:40","slug":"declaracion-de-mision","status":"publish","type":"page","link":"https:\/\/ayore.org\/es\/declaracion-de-mision\/","title":{"rendered":"Declaraci\u00f3n de Misi\u00f3n"},"content":{"rendered":"<p><strong>Ayor\u00e9.org<\/strong> consiste, en su mayor parte, de textos de audio transcritos aportados por hablantes nativos de Ayor\u00e9 tanto de Bolivia como de Paraguay, desde la d\u00e9cada de 1950 hasta el presente. Espero que esta colecci\u00f3n de recursos resulte valiosa de muchas maneras.<\/p>\n<ul>\n<li>Ayudar a preservar una de las lenguas en peligro de peque\u00f1os grupos del mundo a medida que se fusiona con el espa\u00f1ol.<\/li>\n<li>Ser un recurso para la gente de Ayor\u00e9 en \u00e1reas de su propia cultura, idioma e historia.<\/li>\n<li>Ser un recurso para los Coj\u00f1one (No Ayor\u00e9s) que buscan entender, servir e interactuar con este pueblo culturalmente distinto.<\/li>\n<li>Proporcionar una variedad de herramientas de aprendizaje de idiomas tanto para los Ayor\u00e9 como para los que no lo son, de modo que pueda haber una mutua apreciaci\u00f3n de los idiomas y las costumbres de ambos grupos.<\/li>\n<li>Ser el lugar donde los Ayor\u00e9 encontrar\u00e1n materiales b\u00edblicos tanto escritos como audio\/visuales en el idioma Ayor\u00e9 para ayudarlos en su b\u00fasqueda de saber m\u00e1s acerca de Dupade (Dios) y su Hijo Jesucristo.<\/li>\n<\/ul>\n<p>Maxine Morarie<\/p>\n<p>Todo el trabajo en este sitio web fue contribuido, recogido por m\u00ed, o por otros y se utiliza con su permiso, y es destinado a ser un recurso. Cualquier otro uso puede ser utilizado solo con permiso: maxine_morarie@ntm.org. No se obtienen ganancias con este trabajo.<\/p>\n<p>&nbsp;<\/p>\n","protected":false},"excerpt":{"rendered":"<p>Ayor\u00e9.org consiste, en su mayor parte, de textos de audio transcritos aportados por hablantes nativos de Ayor\u00e9 tanto de Bolivia como de Paraguay, desde la d\u00e9cada de 1950 hasta el presente. Espero que esta colecci\u00f3n de recursos resulte valiosa de<\/p>\n","protected":false},"author":1,"featured_media":0,"parent":0,"menu_order":0,"comment_status":"closed","ping_status":"closed","template":"","meta":{"footnotes":""},"class_list":["post-310","page","type-page","status-publish","hentry"],"yoast_head":"<!-- This site is optimized with the Yoast SEO plugin v27.4 - https:\/\/yoast.com\/product\/yoast-seo-wordpress\/ -->\n<title>Declaraci\u00f3n de Misi\u00f3n &#8226; AYORE.ORG<\/title>\n<meta name=\"robots\" content=\"index, follow, max-snippet:-1, max-image-preview:large, max-video-preview:-1\" \/>\n<link rel=\"canonical\" href=\"https:\/\/ayore.org\/es\/declaracion-de-mision\/\" \/>\n<meta property=\"og:locale\" content=\"es_ES\" \/>\n<meta property=\"og:type\" content=\"article\" \/>\n<meta property=\"og:title\" content=\"Declaraci\u00f3n de Misi\u00f3n &#8226; AYORE.ORG\" \/>\n<meta property=\"og:description\" content=\"Ayor\u00e9.org consiste, en su mayor parte, de textos de audio transcritos aportados por hablantes nativos de Ayor\u00e9 tanto de Bolivia como de Paraguay, desde la d\u00e9cada de 1950 hasta el presente. Espero que esta colecci\u00f3n de recursos resulte valiosa de\" \/>\n<meta property=\"og:url\" content=\"https:\/\/ayore.org\/es\/declaracion-de-mision\/\" \/>\n<meta property=\"og:site_name\" content=\"AYORE.ORG\" \/>\n<meta name=\"twitter:card\" content=\"summary_large_image\" \/>\n<meta name=\"twitter:label1\" content=\"Tiempo de lectura\" \/>\n\t<meta name=\"twitter:data1\" content=\"1 minuto\" \/>\n<script type=\"application\/ld+json\" class=\"yoast-schema-graph\">{\"@context\":\"https:\\\/\\\/schema.org\",\"@graph\":[{\"@type\":\"WebPage\",\"@id\":\"https:\\\/\\\/ayore.org\\\/es\\\/declaracion-de-mision\\\/\",\"url\":\"https:\\\/\\\/ayore.org\\\/es\\\/declaracion-de-mision\\\/\",\"name\":\"Declaraci\u00f3n de Misi\u00f3n &#8226; AYORE.ORG\",\"isPartOf\":{\"@id\":\"https:\\\/\\\/ayore.org\\\/#website\"},\"datePublished\":\"2018-06-25T22:13:40+00:00\",\"breadcrumb\":{\"@id\":\"https:\\\/\\\/ayore.org\\\/es\\\/declaracion-de-mision\\\/#breadcrumb\"},\"inLanguage\":\"es-AR\",\"potentialAction\":[{\"@type\":\"ReadAction\",\"target\":[\"https:\\\/\\\/ayore.org\\\/es\\\/declaracion-de-mision\\\/\"]}]},{\"@type\":\"BreadcrumbList\",\"@id\":\"https:\\\/\\\/ayore.org\\\/es\\\/declaracion-de-mision\\\/#breadcrumb\",\"itemListElement\":[{\"@type\":\"ListItem\",\"position\":1,\"name\":\"Inicio\",\"item\":\"https:\\\/\\\/ayore.org\\\/es\\\/\"},{\"@type\":\"ListItem\",\"position\":2,\"name\":\"Declaraci\u00f3n de Misi\u00f3n\"}]},{\"@type\":\"WebSite\",\"@id\":\"https:\\\/\\\/ayore.org\\\/#website\",\"url\":\"https:\\\/\\\/ayore.org\\\/\",\"name\":\"AYORE.ORG\",\"description\":\"Idioma, Cultura e Historia de la Tribu Ayor\u00e9\",\"potentialAction\":[{\"@type\":\"SearchAction\",\"target\":{\"@type\":\"EntryPoint\",\"urlTemplate\":\"https:\\\/\\\/ayore.org\\\/?s={search_term_string}\"},\"query-input\":{\"@type\":\"PropertyValueSpecification\",\"valueRequired\":true,\"valueName\":\"search_term_string\"}}],\"inLanguage\":\"es-AR\"}]}<\/script>\n<!-- \/ Yoast SEO plugin. -->","yoast_head_json":{"title":"Declaraci\u00f3n de Misi\u00f3n &#8226; AYORE.ORG","robots":{"index":"index","follow":"follow","max-snippet":"max-snippet:-1","max-image-preview":"max-image-preview:large","max-video-preview":"max-video-preview:-1"},"canonical":"https:\/\/ayore.org\/es\/declaracion-de-mision\/","og_locale":"es_ES","og_type":"article","og_title":"Declaraci\u00f3n de Misi\u00f3n &#8226; AYORE.ORG","og_description":"Ayor\u00e9.org consiste, en su mayor parte, de textos de audio transcritos aportados por hablantes nativos de Ayor\u00e9 tanto de Bolivia como de Paraguay, desde la d\u00e9cada de 1950 hasta el presente. Espero que esta colecci\u00f3n de recursos resulte valiosa de","og_url":"https:\/\/ayore.org\/es\/declaracion-de-mision\/","og_site_name":"AYORE.ORG","twitter_card":"summary_large_image","twitter_misc":{"Tiempo de lectura":"1 minuto"},"schema":{"@context":"https:\/\/schema.org","@graph":[{"@type":"WebPage","@id":"https:\/\/ayore.org\/es\/declaracion-de-mision\/","url":"https:\/\/ayore.org\/es\/declaracion-de-mision\/","name":"Declaraci\u00f3n de Misi\u00f3n &#8226; AYORE.ORG","isPartOf":{"@id":"https:\/\/ayore.org\/#website"},"datePublished":"2018-06-25T22:13:40+00:00","breadcrumb":{"@id":"https:\/\/ayore.org\/es\/declaracion-de-mision\/#breadcrumb"},"inLanguage":"es-AR","potentialAction":[{"@type":"ReadAction","target":["https:\/\/ayore.org\/es\/declaracion-de-mision\/"]}]},{"@type":"BreadcrumbList","@id":"https:\/\/ayore.org\/es\/declaracion-de-mision\/#breadcrumb","itemListElement":[{"@type":"ListItem","position":1,"name":"Inicio","item":"https:\/\/ayore.org\/es\/"},{"@type":"ListItem","position":2,"name":"Declaraci\u00f3n de Misi\u00f3n"}]},{"@type":"WebSite","@id":"https:\/\/ayore.org\/#website","url":"https:\/\/ayore.org\/","name":"AYORE.ORG","description":"Idioma, Cultura e Historia de la Tribu Ayor\u00e9","potentialAction":[{"@type":"SearchAction","target":{"@type":"EntryPoint","urlTemplate":"https:\/\/ayore.org\/?s={search_term_string}"},"query-input":{"@type":"PropertyValueSpecification","valueRequired":true,"valueName":"search_term_string"}}],"inLanguage":"es-AR"}]}},"_links":{"self":[{"href":"https:\/\/ayore.org\/es\/wp-json\/wp\/v2\/pages\/310","targetHints":{"allow":["GET"]}}],"collection":[{"href":"https:\/\/ayore.org\/es\/wp-json\/wp\/v2\/pages"}],"about":[{"href":"https:\/\/ayore.org\/es\/wp-json\/wp\/v2\/types\/page"}],"author":[{"embeddable":true,"href":"https:\/\/ayore.org\/es\/wp-json\/wp\/v2\/users\/1"}],"replies":[{"embeddable":true,"href":"https:\/\/ayore.org\/es\/wp-json\/wp\/v2\/comments?post=310"}],"version-history":[{"count":1,"href":"https:\/\/ayore.org\/es\/wp-json\/wp\/v2\/pages\/310\/revisions"}],"predecessor-version":[{"id":311,"href":"https:\/\/ayore.org\/es\/wp-json\/wp\/v2\/pages\/310\/revisions\/311"}],"wp:attachment":[{"href":"https:\/\/ayore.org\/es\/wp-json\/wp\/v2\/media?parent=310"}],"curies":[{"name":"wp","href":"https:\/\/api.w.org\/{rel}","templated":true}]}}