{"id":306,"date":"2018-06-25T22:12:01","date_gmt":"2018-06-25T22:12:01","guid":{"rendered":"https:\/\/ayore.org\/?page_id=306"},"modified":"2018-10-30T21:10:28","modified_gmt":"2018-10-30T21:10:28","slug":"gramatica","status":"publish","type":"page","link":"https:\/\/ayore.org\/es\/idioma\/gramatica\/","title":{"rendered":"Gram\u00e1tica"},"content":{"rendered":"<p>El siguiente documento es una gu\u00eda gramatical de Ayor\u00e9 para hablantes de espa\u00f1ol. Tambi\u00e9n incluye un peque\u00f1o glosario (diccionario).<\/p>\n<p><a href=\"https:\/\/ayore.org\/wp-content\/uploads\/2018\/10\/Espa\u00f1ol-Ayore-Gram\u00e1tica.pdf\" target=\"_blank\" rel=\"noopener\">Espa\u00f1ol Ayore Gram\u00e1tica PDF<\/a><\/p>\n","protected":false},"excerpt":{"rendered":"<p>El siguiente documento es una gu\u00eda gramatical de Ayor\u00e9 para hablantes de espa\u00f1ol. Tambi\u00e9n incluye un peque\u00f1o glosario (diccionario). Espa\u00f1ol Ayore Gram\u00e1tica PDF<\/p>\n","protected":false},"author":1,"featured_media":0,"parent":302,"menu_order":20,"comment_status":"closed","ping_status":"closed","template":"","meta":{"footnotes":""},"class_list":["post-306","page","type-page","status-publish","hentry"],"yoast_head":"<!-- This site is optimized with the Yoast SEO plugin v27.4 - https:\/\/yoast.com\/product\/yoast-seo-wordpress\/ -->\n<title>Gram\u00e1tica &#8226; AYORE.ORG<\/title>\n<meta name=\"robots\" content=\"index, follow, max-snippet:-1, max-image-preview:large, max-video-preview:-1\" \/>\n<link rel=\"canonical\" href=\"https:\/\/ayore.org\/es\/idioma\/gramatica\/\" \/>\n<meta property=\"og:locale\" content=\"es_ES\" \/>\n<meta property=\"og:type\" content=\"article\" \/>\n<meta property=\"og:title\" content=\"Gram\u00e1tica &#8226; AYORE.ORG\" \/>\n<meta property=\"og:description\" content=\"El siguiente documento es una gu\u00eda gramatical de Ayor\u00e9 para hablantes de espa\u00f1ol. Tambi\u00e9n incluye un peque\u00f1o glosario (diccionario). Espa\u00f1ol Ayore Gram\u00e1tica PDF\" \/>\n<meta property=\"og:url\" content=\"https:\/\/ayore.org\/es\/idioma\/gramatica\/\" \/>\n<meta property=\"og:site_name\" content=\"AYORE.ORG\" \/>\n<meta property=\"article:modified_time\" content=\"2018-10-30T21:10:28+00:00\" \/>\n<meta name=\"twitter:card\" content=\"summary_large_image\" \/>\n<script type=\"application\/ld+json\" class=\"yoast-schema-graph\">{\"@context\":\"https:\\\/\\\/schema.org\",\"@graph\":[{\"@type\":\"WebPage\",\"@id\":\"https:\\\/\\\/ayore.org\\\/es\\\/idioma\\\/gramatica\\\/\",\"url\":\"https:\\\/\\\/ayore.org\\\/es\\\/idioma\\\/gramatica\\\/\",\"name\":\"Gram\u00e1tica &#8226; AYORE.ORG\",\"isPartOf\":{\"@id\":\"https:\\\/\\\/ayore.org\\\/#website\"},\"datePublished\":\"2018-06-25T22:12:01+00:00\",\"dateModified\":\"2018-10-30T21:10:28+00:00\",\"breadcrumb\":{\"@id\":\"https:\\\/\\\/ayore.org\\\/es\\\/idioma\\\/gramatica\\\/#breadcrumb\"},\"inLanguage\":\"es-AR\",\"potentialAction\":[{\"@type\":\"ReadAction\",\"target\":[\"https:\\\/\\\/ayore.org\\\/es\\\/idioma\\\/gramatica\\\/\"]}]},{\"@type\":\"BreadcrumbList\",\"@id\":\"https:\\\/\\\/ayore.org\\\/es\\\/idioma\\\/gramatica\\\/#breadcrumb\",\"itemListElement\":[{\"@type\":\"ListItem\",\"position\":1,\"name\":\"Inicio\",\"item\":\"https:\\\/\\\/ayore.org\\\/es\\\/\"},{\"@type\":\"ListItem\",\"position\":2,\"name\":\"Idioma\",\"item\":\"https:\\\/\\\/ayore.org\\\/es\\\/idioma\\\/\"},{\"@type\":\"ListItem\",\"position\":3,\"name\":\"Gram\u00e1tica\"}]},{\"@type\":\"WebSite\",\"@id\":\"https:\\\/\\\/ayore.org\\\/#website\",\"url\":\"https:\\\/\\\/ayore.org\\\/\",\"name\":\"AYORE.ORG\",\"description\":\"Idioma, Cultura e Historia de la Tribu Ayor\u00e9\",\"potentialAction\":[{\"@type\":\"SearchAction\",\"target\":{\"@type\":\"EntryPoint\",\"urlTemplate\":\"https:\\\/\\\/ayore.org\\\/?s={search_term_string}\"},\"query-input\":{\"@type\":\"PropertyValueSpecification\",\"valueRequired\":true,\"valueName\":\"search_term_string\"}}],\"inLanguage\":\"es-AR\"}]}<\/script>\n<!-- \/ Yoast SEO plugin. -->","yoast_head_json":{"title":"Gram\u00e1tica &#8226; AYORE.ORG","robots":{"index":"index","follow":"follow","max-snippet":"max-snippet:-1","max-image-preview":"max-image-preview:large","max-video-preview":"max-video-preview:-1"},"canonical":"https:\/\/ayore.org\/es\/idioma\/gramatica\/","og_locale":"es_ES","og_type":"article","og_title":"Gram\u00e1tica &#8226; AYORE.ORG","og_description":"El siguiente documento es una gu\u00eda gramatical de Ayor\u00e9 para hablantes de espa\u00f1ol. Tambi\u00e9n incluye un peque\u00f1o glosario (diccionario). Espa\u00f1ol Ayore Gram\u00e1tica PDF","og_url":"https:\/\/ayore.org\/es\/idioma\/gramatica\/","og_site_name":"AYORE.ORG","article_modified_time":"2018-10-30T21:10:28+00:00","twitter_card":"summary_large_image","schema":{"@context":"https:\/\/schema.org","@graph":[{"@type":"WebPage","@id":"https:\/\/ayore.org\/es\/idioma\/gramatica\/","url":"https:\/\/ayore.org\/es\/idioma\/gramatica\/","name":"Gram\u00e1tica &#8226; AYORE.ORG","isPartOf":{"@id":"https:\/\/ayore.org\/#website"},"datePublished":"2018-06-25T22:12:01+00:00","dateModified":"2018-10-30T21:10:28+00:00","breadcrumb":{"@id":"https:\/\/ayore.org\/es\/idioma\/gramatica\/#breadcrumb"},"inLanguage":"es-AR","potentialAction":[{"@type":"ReadAction","target":["https:\/\/ayore.org\/es\/idioma\/gramatica\/"]}]},{"@type":"BreadcrumbList","@id":"https:\/\/ayore.org\/es\/idioma\/gramatica\/#breadcrumb","itemListElement":[{"@type":"ListItem","position":1,"name":"Inicio","item":"https:\/\/ayore.org\/es\/"},{"@type":"ListItem","position":2,"name":"Idioma","item":"https:\/\/ayore.org\/es\/idioma\/"},{"@type":"ListItem","position":3,"name":"Gram\u00e1tica"}]},{"@type":"WebSite","@id":"https:\/\/ayore.org\/#website","url":"https:\/\/ayore.org\/","name":"AYORE.ORG","description":"Idioma, Cultura e Historia de la Tribu Ayor\u00e9","potentialAction":[{"@type":"SearchAction","target":{"@type":"EntryPoint","urlTemplate":"https:\/\/ayore.org\/?s={search_term_string}"},"query-input":{"@type":"PropertyValueSpecification","valueRequired":true,"valueName":"search_term_string"}}],"inLanguage":"es-AR"}]}},"_links":{"self":[{"href":"https:\/\/ayore.org\/es\/wp-json\/wp\/v2\/pages\/306","targetHints":{"allow":["GET"]}}],"collection":[{"href":"https:\/\/ayore.org\/es\/wp-json\/wp\/v2\/pages"}],"about":[{"href":"https:\/\/ayore.org\/es\/wp-json\/wp\/v2\/types\/page"}],"author":[{"embeddable":true,"href":"https:\/\/ayore.org\/es\/wp-json\/wp\/v2\/users\/1"}],"replies":[{"embeddable":true,"href":"https:\/\/ayore.org\/es\/wp-json\/wp\/v2\/comments?post=306"}],"version-history":[{"count":5,"href":"https:\/\/ayore.org\/es\/wp-json\/wp\/v2\/pages\/306\/revisions"}],"predecessor-version":[{"id":2115,"href":"https:\/\/ayore.org\/es\/wp-json\/wp\/v2\/pages\/306\/revisions\/2115"}],"up":[{"embeddable":true,"href":"https:\/\/ayore.org\/es\/wp-json\/wp\/v2\/pages\/302"}],"wp:attachment":[{"href":"https:\/\/ayore.org\/es\/wp-json\/wp\/v2\/media?parent=306"}],"curies":[{"name":"wp","href":"https:\/\/api.w.org\/{rel}","templated":true}]}}