{"id":300,"date":"2018-06-25T21:58:09","date_gmt":"2018-06-25T21:58:09","guid":{"rendered":"https:\/\/ayore.org\/?page_id=300"},"modified":"2018-10-30T22:17:48","modified_gmt":"2018-10-30T22:17:48","slug":"inicio","status":"publish","type":"page","link":"https:\/\/ayore.org\/es\/","title":{"rendered":"Inicio"},"content":{"rendered":"<figure id=\"attachment_766\" aria-describedby=\"caption-attachment-766\" style=\"width: 720px\" class=\"wp-caption aligncenter\"><a href=\"https:\/\/ayore.org\/wp-content\/uploads\/2018\/08\/Ayore-man-with-feathers-clan-mark-on-cheek-and-pipe.jpg\"><img loading=\"lazy\" decoding=\"async\" class=\"size-large wp-image-766\" src=\"https:\/\/ayore.org\/wp-content\/uploads\/2018\/08\/Ayore-man-with-feathers-clan-mark-on-cheek-and-pipe-1024x728.jpg\" alt=\"\" width=\"720\" height=\"512\" srcset=\"https:\/\/ayore.org\/wp-content\/uploads\/2018\/08\/Ayore-man-with-feathers-clan-mark-on-cheek-and-pipe.jpg 1024w, https:\/\/ayore.org\/wp-content\/uploads\/2018\/08\/Ayore-man-with-feathers-clan-mark-on-cheek-and-pipe-300x213.jpg 300w, https:\/\/ayore.org\/wp-content\/uploads\/2018\/08\/Ayore-man-with-feathers-clan-mark-on-cheek-and-pipe-768x546.jpg 768w\" sizes=\"auto, (max-width: 720px) 100vw, 720px\" \/><\/a><figcaption id=\"caption-attachment-766\" class=\"wp-caption-text\">Hombre Ayor\u00e9 con plumas, marca del clan en la mejilla y la pipa<\/figcaption><\/figure>\n<p>Ayore.org es un repositorio que muestra alrededor de 70 a\u00f1os de material cultural y ling\u00fc\u00edstico. La intenci\u00f3n es tener un lugar para que los ayor\u00e9 tengan f\u00e1cil acceso a su propio material cultural, y tambi\u00e9n permitir a los hablantes de ingl\u00e9s y espa\u00f1ol un lugar para aprender y celebrar la cultura ayor\u00e9.<\/p>\n","protected":false},"excerpt":{"rendered":"<p>Ayore.org es un repositorio que muestra alrededor de 70 a\u00f1os de material cultural y ling\u00fc\u00edstico. La intenci\u00f3n es tener un lugar para que los ayor\u00e9 tengan f\u00e1cil acceso a su propio material cultural, y tambi\u00e9n permitir a los hablantes de<\/p>\n","protected":false},"author":1,"featured_media":0,"parent":0,"menu_order":0,"comment_status":"closed","ping_status":"closed","template":"","meta":{"footnotes":""},"class_list":["post-300","page","type-page","status-publish","hentry"],"yoast_head":"<!-- This site is optimized with the Yoast SEO plugin v27.4 - https:\/\/yoast.com\/product\/yoast-seo-wordpress\/ -->\n<title>Idioma, Cultura e Historia de la Tribu Ayor\u00e9 - Ayore.org<\/title>\n<meta name=\"description\" content=\"Ayore.org es un repositorio que muestra alrededor de 70 a\u00f1os de material cultural y ling\u00fc\u00edstico de la tribu Ayor\u00e9.\" \/>\n<meta name=\"robots\" content=\"index, follow, max-snippet:-1, max-image-preview:large, max-video-preview:-1\" \/>\n<link rel=\"canonical\" href=\"https:\/\/ayore.org\/es\/\" \/>\n<meta property=\"og:locale\" content=\"es_ES\" \/>\n<meta property=\"og:type\" content=\"article\" \/>\n<meta property=\"og:title\" content=\"Idioma, Cultura e Historia de la Tribu Ayor\u00e9 - Ayore.org\" \/>\n<meta property=\"og:description\" content=\"Ayore.org es un repositorio que muestra alrededor de 70 a\u00f1os de material cultural y ling\u00fc\u00edstico de la tribu Ayor\u00e9.\" \/>\n<meta property=\"og:url\" content=\"https:\/\/ayore.org\/es\/\" \/>\n<meta property=\"og:site_name\" content=\"AYORE.ORG\" \/>\n<meta property=\"article:modified_time\" content=\"2018-10-30T22:17:48+00:00\" \/>\n<meta property=\"og:image\" content=\"https:\/\/ayore.org\/wp-content\/uploads\/2018\/08\/Ayore-man-with-feathers-clan-mark-on-cheek-and-pipe-1024x728.jpg\" \/>\n<meta name=\"twitter:card\" content=\"summary_large_image\" \/>\n<script type=\"application\/ld+json\" class=\"yoast-schema-graph\">{\"@context\":\"https:\\\/\\\/schema.org\",\"@graph\":[{\"@type\":\"WebPage\",\"@id\":\"https:\\\/\\\/ayore.org\\\/es\\\/\",\"url\":\"https:\\\/\\\/ayore.org\\\/es\\\/\",\"name\":\"Idioma, Cultura e Historia de la Tribu Ayor\u00e9 - Ayore.org\",\"isPartOf\":{\"@id\":\"https:\\\/\\\/ayore.org\\\/#website\"},\"primaryImageOfPage\":{\"@id\":\"https:\\\/\\\/ayore.org\\\/es\\\/#primaryimage\"},\"image\":{\"@id\":\"https:\\\/\\\/ayore.org\\\/es\\\/#primaryimage\"},\"thumbnailUrl\":\"https:\\\/\\\/ayore.org\\\/wp-content\\\/uploads\\\/2018\\\/08\\\/Ayore-man-with-feathers-clan-mark-on-cheek-and-pipe-1024x728.jpg\",\"datePublished\":\"2018-06-25T21:58:09+00:00\",\"dateModified\":\"2018-10-30T22:17:48+00:00\",\"description\":\"Ayore.org es un repositorio que muestra alrededor de 70 a\u00f1os de material cultural y ling\u00fc\u00edstico de la tribu Ayor\u00e9.\",\"breadcrumb\":{\"@id\":\"https:\\\/\\\/ayore.org\\\/es\\\/#breadcrumb\"},\"inLanguage\":\"es-AR\",\"potentialAction\":[{\"@type\":\"ReadAction\",\"target\":[\"https:\\\/\\\/ayore.org\\\/es\\\/\"]}]},{\"@type\":\"ImageObject\",\"inLanguage\":\"es-AR\",\"@id\":\"https:\\\/\\\/ayore.org\\\/es\\\/#primaryimage\",\"url\":\"https:\\\/\\\/ayore.org\\\/wp-content\\\/uploads\\\/2018\\\/08\\\/Ayore-man-with-feathers-clan-mark-on-cheek-and-pipe-1024x728.jpg\",\"contentUrl\":\"https:\\\/\\\/ayore.org\\\/wp-content\\\/uploads\\\/2018\\\/08\\\/Ayore-man-with-feathers-clan-mark-on-cheek-and-pipe-1024x728.jpg\"},{\"@type\":\"BreadcrumbList\",\"@id\":\"https:\\\/\\\/ayore.org\\\/es\\\/#breadcrumb\",\"itemListElement\":[{\"@type\":\"ListItem\",\"position\":1,\"name\":\"Inicio\",\"item\":\"https:\\\/\\\/ayore.org\\\/es\\\/\"},{\"@type\":\"ListItem\",\"position\":2,\"name\":\"Inicio\"}]},{\"@type\":\"WebSite\",\"@id\":\"https:\\\/\\\/ayore.org\\\/#website\",\"url\":\"https:\\\/\\\/ayore.org\\\/\",\"name\":\"AYORE.ORG\",\"description\":\"Idioma, Cultura e Historia de la Tribu Ayor\u00e9\",\"potentialAction\":[{\"@type\":\"SearchAction\",\"target\":{\"@type\":\"EntryPoint\",\"urlTemplate\":\"https:\\\/\\\/ayore.org\\\/?s={search_term_string}\"},\"query-input\":{\"@type\":\"PropertyValueSpecification\",\"valueRequired\":true,\"valueName\":\"search_term_string\"}}],\"inLanguage\":\"es-AR\"}]}<\/script>\n<!-- \/ Yoast SEO plugin. -->","yoast_head_json":{"title":"Idioma, Cultura e Historia de la Tribu Ayor\u00e9 - Ayore.org","description":"Ayore.org es un repositorio que muestra alrededor de 70 a\u00f1os de material cultural y ling\u00fc\u00edstico de la tribu Ayor\u00e9.","robots":{"index":"index","follow":"follow","max-snippet":"max-snippet:-1","max-image-preview":"max-image-preview:large","max-video-preview":"max-video-preview:-1"},"canonical":"https:\/\/ayore.org\/es\/","og_locale":"es_ES","og_type":"article","og_title":"Idioma, Cultura e Historia de la Tribu Ayor\u00e9 - Ayore.org","og_description":"Ayore.org es un repositorio que muestra alrededor de 70 a\u00f1os de material cultural y ling\u00fc\u00edstico de la tribu Ayor\u00e9.","og_url":"https:\/\/ayore.org\/es\/","og_site_name":"AYORE.ORG","article_modified_time":"2018-10-30T22:17:48+00:00","og_image":[{"url":"https:\/\/ayore.org\/wp-content\/uploads\/2018\/08\/Ayore-man-with-feathers-clan-mark-on-cheek-and-pipe-1024x728.jpg","type":"","width":"","height":""}],"twitter_card":"summary_large_image","schema":{"@context":"https:\/\/schema.org","@graph":[{"@type":"WebPage","@id":"https:\/\/ayore.org\/es\/","url":"https:\/\/ayore.org\/es\/","name":"Idioma, Cultura e Historia de la Tribu Ayor\u00e9 - Ayore.org","isPartOf":{"@id":"https:\/\/ayore.org\/#website"},"primaryImageOfPage":{"@id":"https:\/\/ayore.org\/es\/#primaryimage"},"image":{"@id":"https:\/\/ayore.org\/es\/#primaryimage"},"thumbnailUrl":"https:\/\/ayore.org\/wp-content\/uploads\/2018\/08\/Ayore-man-with-feathers-clan-mark-on-cheek-and-pipe-1024x728.jpg","datePublished":"2018-06-25T21:58:09+00:00","dateModified":"2018-10-30T22:17:48+00:00","description":"Ayore.org es un repositorio que muestra alrededor de 70 a\u00f1os de material cultural y ling\u00fc\u00edstico de la tribu Ayor\u00e9.","breadcrumb":{"@id":"https:\/\/ayore.org\/es\/#breadcrumb"},"inLanguage":"es-AR","potentialAction":[{"@type":"ReadAction","target":["https:\/\/ayore.org\/es\/"]}]},{"@type":"ImageObject","inLanguage":"es-AR","@id":"https:\/\/ayore.org\/es\/#primaryimage","url":"https:\/\/ayore.org\/wp-content\/uploads\/2018\/08\/Ayore-man-with-feathers-clan-mark-on-cheek-and-pipe-1024x728.jpg","contentUrl":"https:\/\/ayore.org\/wp-content\/uploads\/2018\/08\/Ayore-man-with-feathers-clan-mark-on-cheek-and-pipe-1024x728.jpg"},{"@type":"BreadcrumbList","@id":"https:\/\/ayore.org\/es\/#breadcrumb","itemListElement":[{"@type":"ListItem","position":1,"name":"Inicio","item":"https:\/\/ayore.org\/es\/"},{"@type":"ListItem","position":2,"name":"Inicio"}]},{"@type":"WebSite","@id":"https:\/\/ayore.org\/#website","url":"https:\/\/ayore.org\/","name":"AYORE.ORG","description":"Idioma, Cultura e Historia de la Tribu Ayor\u00e9","potentialAction":[{"@type":"SearchAction","target":{"@type":"EntryPoint","urlTemplate":"https:\/\/ayore.org\/?s={search_term_string}"},"query-input":{"@type":"PropertyValueSpecification","valueRequired":true,"valueName":"search_term_string"}}],"inLanguage":"es-AR"}]}},"_links":{"self":[{"href":"https:\/\/ayore.org\/es\/wp-json\/wp\/v2\/pages\/300","targetHints":{"allow":["GET"]}}],"collection":[{"href":"https:\/\/ayore.org\/es\/wp-json\/wp\/v2\/pages"}],"about":[{"href":"https:\/\/ayore.org\/es\/wp-json\/wp\/v2\/types\/page"}],"author":[{"embeddable":true,"href":"https:\/\/ayore.org\/es\/wp-json\/wp\/v2\/users\/1"}],"replies":[{"embeddable":true,"href":"https:\/\/ayore.org\/es\/wp-json\/wp\/v2\/comments?post=300"}],"version-history":[{"count":6,"href":"https:\/\/ayore.org\/es\/wp-json\/wp\/v2\/pages\/300\/revisions"}],"predecessor-version":[{"id":2270,"href":"https:\/\/ayore.org\/es\/wp-json\/wp\/v2\/pages\/300\/revisions\/2270"}],"wp:attachment":[{"href":"https:\/\/ayore.org\/es\/wp-json\/wp\/v2\/media?parent=300"}],"curies":[{"name":"wp","href":"https:\/\/api.w.org\/{rel}","templated":true}]}}