{"id":2972,"date":"2019-02-15T17:22:05","date_gmt":"2019-02-15T17:22:05","guid":{"rendered":"https:\/\/ayore.org\/?page_id=2972"},"modified":"2019-03-29T19:02:53","modified_gmt":"2019-03-29T19:02:53","slug":"dijaide-josuede-nos-llamaran-locos","status":"publish","type":"page","link":"https:\/\/ayore.org\/es\/cultura\/ensenanzas\/dijaide-josuede-nos-llamaran-locos\/","title":{"rendered":"Dijaide (Josued\u00e9) &#8211; Nos llamar\u00e1n locos"},"content":{"rendered":"\n<p><strong>Nos llamar\u00e1n loco<\/strong><strong>s<\/strong>&nbsp;<\/p>\n\n\n\n<p> <em>A ore cho ur\u0169sode iji yoque<\/em> <em> <\/em><\/p>\n\n\n\n<p>Recuerde ahora lo que Jesucristo, <em>El-gran-l\u00edder-que-escuchamos<\/em>, nos dijo: &#8220;Ahora, no presten atenci\u00f3n a quienes los llaman locos.\u00a0Ellos son los locos, porque no conocen a Dupade, que es nuestro padre. Verdaderamente son los que no tienen buen sentido.\u201d\u00a0<\/p>\n\n\n\n<p>&#8220;Satan\u00e1s har\u00e1 todo lo posible para vencer a aquellos de ustedes que creen en m\u00ed&#8221;, dijo Jes\u00fas. &#8220;Si solo menciona mi nombre, se&nbsp;reaccionar\u00e1&nbsp;contra usted&#8221;. Pero quien est\u00e9 seguro de lo que sabe, su fe lo ayudar\u00e1 a alcanzar el otro lado de esto. &#8221;&nbsp;Eso es lo que Jes\u00fas ense\u00f1\u00f3.&nbsp;<\/p>\n\n\n\n<p>Deber\u00edamos estar agradecidos con Jesucristo de que todav\u00eda no estamos pasando por las cosas que nos dijo. A\u00fan no estamos all\u00ed. Sin embargo, no nos interesan mucho las cosas de este mundo. De hecho, hemos vencido al mundo. Pertenecemos a un pa\u00eds diferente.&nbsp;<\/p>\n\n\n\n<p>&#8220;La gente de este mundo sufrir\u00e1&#8221;, dijo Jes\u00fas. &#8220;Lo que ense\u00f1amos ser\u00e1 convicci\u00f3n para ellos y no nos agradar\u00e1n por ello, pero seamos fuertes. Y recuerden c\u00f3mo odiaron las cosas que ense\u00f1\u00e9. &#8221;&nbsp;Jesucristo dijo:&nbsp;&#8220;Y recuerden que no hice nada malo, pero aun as\u00ed me maltrataron. \u00a1Cu\u00e1nto m\u00e1s te maltratar\u00e1n en el futuro! &#8221;&nbsp;Jesucristo dijo:&nbsp;&#8220;Pero cualquiera que pase por esto con fe en M\u00ed, ese ser\u00e1 salvo &#8220;.&nbsp;<\/p>\n\n\n\n<p><strong>Zaqueo lleva a Jes\u00fas a su casa:<\/strong>&nbsp;<\/p>\n\n\n\n<p>Agradecemos a Dupade en estos d\u00edas, que no estamos pasando por las cosas de las que Jes\u00fas habl\u00f3; no estamos sufriendo por \u00e9l. No es porque seamos tan buenas personas que Dupade nos est\u00e1 protegiendo de esas cosas. M\u00e1s bien, las palabras de Dupade nos dicen que todos somos pecadores. Estamos todos lejos de Dupade. Aunque todos estamos lejos de \u00c9l, le pertenecemos leg\u00edtimamente a \u00c9l. Dupade, que es Todopoderoso, nos posee a todos, pero nos escondemos de \u00e9l, y no apreciamos cu\u00e1nto nos ama. Afirmamos creer en \u00e9l, pero todos nos alejamos de \u00e9l a veces. (Me incluyo a m\u00ed mismo, \u00a1porque soy un gran pecador!)&nbsp;<\/p>\n\n\n\n<p>Tomemos por ejemplo a Zaqueo, a quien no conocemos personalmente, excepto que \u00e9l era un ladr\u00f3n y muy pecaminoso. Recuerda c\u00f3mo Zaqueo llev\u00f3 a Jesucristo a su gran casa, a pesar de que a la gente le molestaba por ello. Una de las personas dijo: &#8220;\u00bfC\u00f3mo es que la gente dice que Jes\u00fas es tan bueno, pero aqu\u00ed est\u00e1 comiendo con un hombre pecador?&#8221;.&nbsp;<\/p>\n\n\n\n<p>Pero Jes\u00fas escuch\u00f3 sus palabras y explic\u00f3 lo que estaba haciendo. \u00c9l dijo: &#8220;\u00a1No he venido a esta tierra a buscar personas que fueran buenas y justas! Los que vine a encontrar son aquellos que hacen cosas malas &#8220;. Eso es lo que Jes\u00fas les dijo. Continu\u00f3 explicando, &#8220;Estoy buscando personas en la tierra que sean pecaminosas. Estoy buscando a los pecadores de este mundo &#8220;.&nbsp;<\/p>\n\n\n\n<p>Deber\u00edamos estar tan agradecidos de que Jes\u00fas nos trajo a \u00e9l incluso cuando a\u00fan \u00e9ramos pecadores. Incluso ten\u00eda un remedio listo. El remedio fue su muerte.&nbsp;<\/p>\n\n\n\n<p>Debemos recordar todos los d\u00edas c\u00f3mo Jes\u00fas fue r\u00e1pido para explicar las cosas a aquellos que llam\u00f3 &#8216;sus disc\u00edpulos.&#8217; Esto se debe a que \u00e9l tambi\u00e9n es nuestro maestro y nosotros somos sus disc\u00edpulos. Y \u00e9l nos est\u00e1 tratando como tal, tambi\u00e9n explica todo lo que necesitamos entender. Esto es lo que dijo, refiri\u00e9ndose a su regreso: &#8220;Ni siquiera s\u00e9 cu\u00e1ndo regresar\u00e9, solo mi padre lo sabe. Pero si quieres que lo haga, te explicar\u00e9 algunas cosas sobre mi regreso nuevamente &#8220;. Eso es lo que les dijo.&nbsp;<\/p>\n\n\n\n<p><strong><em>Se\u00f1ales de la venida de Jes\u00fas<\/em><\/strong><strong><em>:<\/em><\/strong>&nbsp;<\/p>\n\n\n\n<p>Y luego pas\u00f3 a contar sobre lo que suceder\u00eda cuando regresara. \u00c9l dijo: &#8220;Habr\u00e1 hambre en toda esta tierra. Escuchar\u00e1s acerca de las guerras, las noticias de guerras que ocurren en diferentes lugares. Pero no te asustes por esas guerras. Tambi\u00e9n habr\u00e1 hambrunas y terremotos en la tierra en ese momento &#8220;.&nbsp;<\/p>\n\n\n\n<p>Y cuando comencemos a notar estas cosas, estar\u00e1n sucediendo en toda la tierra. Toda la tierra estar\u00e1 involucrada.&nbsp;&nbsp;<\/p>\n\n\n\n<p>Y algunas de las cosas que Jes\u00fas predijo han sucedido solo recientemente. No s\u00e9 qu\u00e9 pa\u00eds fue destruido, pero creo que hubo 3.000 personas muertas all\u00ed en un terremoto, y cuando eso sucedi\u00f3, r\u00e1pidamente pens\u00e9 en las palabras que habl\u00f3 Jes\u00fas hace tanto tiempo. Y no solo desastres como este, sino que escuchamos sobre personas en guerra todo el tiempo. Las cosas de las que habl\u00f3 Jes\u00fas est\u00e1n pasando.&nbsp;<\/p>\n\n\n\n<p>Pero Jes\u00fas dijo: &#8220;No dejes que te asuste. Porque has cre\u00eddo en m\u00ed &#8220;.&nbsp;<\/p>\n\n\n\n<p>Es bueno para nosotros estar buscando el regreso de Jesucristo en estos tiempos. Usted sabe que su fecha de llegada no ha sido revelada.&nbsp;Jes\u00fas&nbsp;les dijo a sus disc\u00edpulos sobre esto y dijo: &#8220;Ni siquiera s\u00e9 el d\u00eda de mi llegada&#8221;.&nbsp;<\/p>\n\n\n\n<p>\u201cPero hay m\u00e1s,\u201d&nbsp;dijo. Esto es lo que dicen que dijo: &#8220;Mi llegada solo ocurrir\u00e1 cuando todos los Coj\u00f1one y los Tribales hayan tenido la oportunidad de creer en m\u00ed,&nbsp;cuando, de tu boca, han escuchado mis palabras. &#8221;&nbsp;<\/p>\n\n\n\n<p>Y debemos tomar nota del hecho de que Jes\u00fas vendr\u00e1 pronto cuando hay pocos Coj\u00f1one en el mundo que siguen a Dupade. Esto lo sabemos. Lo sabemos, pero cuando alguien a\u00fan no ha cre\u00eddo en Dupade considera que todo esto no es importante. Pero lo que estamos ense\u00f1ando es la verdad, y no hemos cambiado nada de lo que dijo Jes\u00fas. Pero estamos siguiendo las palabras que Jesucristo nos habl\u00f3.&nbsp;<\/p>\n\n\n\n<p><strong><em>Antes de que venga Jes\u00fas, la gente del mundo actuar\u00e1 como lo hicieron los compatriotas de No\u00e9:<\/em><\/strong>&nbsp;<\/p>\n\n\n\n<p>Debemos recordar ahora que dijo que ser\u00edamos como los compatriotas de No\u00e9. Jes\u00fas explic\u00f3 esto y dijo: &#8220;La gente del tiempo de No\u00e9 dej\u00f3 de escuchar sus ense\u00f1anzas. Y tambi\u00e9n dejar\u00e1n de escuchar los m\u00edos y considerar\u00e1n que mis ense\u00f1anzas no son importantes. Se olvidar\u00e1n de mi regreso nuevamente. No tendr\u00e1n nada m\u00e1s que ver conmigo y no confiar\u00e1n en m\u00ed en absoluto &#8220;.&nbsp;<\/p>\n\n\n\n<p>Llegar\u00e1 el d\u00eda en que la gente de todo el mundo solo se interesar\u00e1 por las cosas del mundo y ya no buscar\u00e1 las cosas de Dupade. No buscar\u00e1n un salvador. Eso es porque aman las cosas de este mundo. De hecho, har\u00e1n \u00eddolos de las cosas del mundo y los adorar\u00e1n como si fueran Dupade. Pero para nosotros, ser\u00e1 un momento de gran alegr\u00eda cuando Jes\u00fas regrese y descubra que hemos dejado de amar las cosas del mundo.&nbsp;<\/p>\n\n\n\n<p>Es bueno para nosotros creer en Jes\u00fas. Creo en Jes\u00fas m\u00e1s y m\u00e1s todo el tiempo, y soy un verdadero creyente. Ya no queremos las cosas de este mundo, eso demostrar\u00e1 que somos sinceros sobre nuestra fe en Jes\u00fas.&nbsp;<\/p>\n\n\n\n<p><strong><em>Jes\u00fas quiere que confiemos completamente en&nbsp;<\/em><\/strong><strong><em>el<\/em><\/strong><strong><em>&nbsp;y amemos a nuestros compa\u00f1eros-<\/em><\/strong><strong><em>ayoreos:<\/em><\/strong>&nbsp;<\/p>\n\n\n\n<p>No s\u00e9 si lo que te estoy ense\u00f1ando es feo para ti. Pero es lo que Jes\u00fas nos dijo acerca de llegar a ser creyentes. \u00c9l dijo: &#8220;S\u00e9 fuerte. Aunque tu fe es peque\u00f1a, sigue siendo buena. Ser\u00e1 algo muy bueno en el futuro para la persona que ha puesto su fe en m\u00ed y ha amado a sus compa\u00f1eros-ayoreos&nbsp;&#8220;.&nbsp;&nbsp;<\/p>\n\n\n\n<p>Esto es lo que Jes\u00fas aconsej\u00f3 a la gente a hacer. Su consejo no era solo para la gente de entonces, pero Jes\u00fas nos aconseja hoy, y su consejo es el mismo para todos los que somos sus disc\u00edpulos sea cual sea nuestra generaci\u00f3n.&nbsp;<\/p>\n\n\n\n<p>Por lo tanto, ahora empecemos a amarnos unos a otros. Seamos como hermanos y hermanas en estos tiempos. Jes\u00fas no nos minti\u00f3 acerca de nada, as\u00ed que es bueno creer realmente lo que nos ha dicho.&nbsp;Es&nbsp;muy buena cosa&nbsp;creerle.&nbsp;Jes\u00fas viene pronto.&nbsp;La llegada de Jes\u00fas se acerca. No dejemos de buscarlo. No nos cansemos mientras esperamos a que llegue Jes\u00fas.&nbsp;<\/p>\n\n\n\n<p><strong>&nbsp;<\/strong>Usted sabe que la fecha exacta de la llegada de Jes\u00fas no se conoce, pero es pronto. Sabemos que Dupade es nuestro padre,&nbsp;y solamente el lo sabe. Dijo que cuando todo el mundo haya escuchado, vendr\u00e1. Por lo tanto, tomemos las noticias de Jes\u00fas, y no dejemos de hablar de \u00e9l.&nbsp;<\/p>\n\n\n\n<p><strong>Jes\u00fas buscar\u00e1 nuestros nombres en su libro:<\/strong>&nbsp;<\/p>\n\n\n\n<p>El tiempo se acabar\u00e1. Ser\u00e1 demasiado tarde para que una persona diga: &#8220;Jes\u00fas, creer\u00e9 en ti ahora mismo, hoy. Porque ahora has regresado y te he visto con mis propios ojos&#8221;.&nbsp;<\/p>\n\n\n\n<p>Pero Jes\u00fas dir\u00e1 a aquellos de nosotros que no hemos cre\u00eddo en \u00e9l: &#8220;Te di un mont\u00f3n de tiempo, y ahora ya no queda m\u00e1s tiempo.&nbsp;He buscado tu nombre en el libro, pero no lo encontr\u00e9. No encontr\u00e9 tu nombre, no lo encontr\u00e9 en ninguna parte &#8220;.&nbsp;<\/p>\n\n\n\n<p>Digamos que yo era esa persona. Me usar\u00e9 a m\u00ed mismo como un ejemplo. Si Jes\u00fas mirara el libro y mi nombre no estuviera all\u00ed, le dir\u00eda: &#8220;Pero he ense\u00f1ado a la gente sobre ti, ense\u00f1\u00e9 a mis compa\u00f1eros-ayoreos&#8221;.&nbsp;<\/p>\n\n\n\n<p>Dupade me conocer\u00eda. \u00c9l sabr\u00eda que consideraba mis buenas obras como mi salvador, y que no depend\u00eda de lo que Jesucristo hizo cuando&nbsp;<em>se vendi\u00f3 por m\u00ed<\/em>.&nbsp;<\/p>\n\n\n\n<p>Nada m\u00e1s puede salvarnos, ya sean nuestras buenas obras, nuestro conocimiento o nuestras oraciones, solo Jes\u00fas puede salvarnos. Dupade abrir\u00e1 la puerta de su ciudad a la que considera a Jes\u00fas su Salvador, y que solo depende de \u00e9l para su salvaci\u00f3n. Si pretendo ser uno de los creyentes de Jesucristo, el que estoy enga\u00f1ando soy yo mismo si he mentido al respecto.&nbsp;<\/p>\n\n\n\n<p>Pero no te estoy enga\u00f1ando. Estoy tan agradecido con Dupade que realmente creo en Jesucristo, y que no estoy tratando de enga\u00f1ar sobre mi fe en \u00e9l.&nbsp;Ojal\u00e1&nbsp;que seas&nbsp;sincero acerca&nbsp;de&nbsp;tu fe en Dupade y en&nbsp;su&nbsp;Hijo Jesucristo,&nbsp;y que solo est\u00e1 confiando en que \u00e9l&nbsp;te&nbsp;salve. Eso es todo.&nbsp;<\/p>\n\n\n\n<p><strong>Clave:\u00a0<\/strong><\/p>\n\n\n\n<p>Dupade &#8211; Dios&nbsp;<\/p>\n\n\n\n<p>El-gran-l\u00edder-que-escuchamos \u2013&nbsp;Nuestro&nbsp;Se\u00f1or&nbsp;<\/p>\n\n\n\n<p>Palabras de Dupade &#8211; La Palabra de Dios&nbsp;<\/p>\n\n\n\n<p>Jes\u00fas se vendi\u00f3&nbsp;por mi: Jes\u00fas se sacrific\u00f3&nbsp;por m\u00ed&nbsp;<\/p>\n\n\n\n<p><em>Dijaide \u2013 Rinc\u00f3n de Tigre<\/em><em>, Bolivia<\/em><em>&nbsp;\u2013 1975.<\/em>&nbsp;<\/p>\n\n\n\n<p><em>Transcrito y traducido al espa\u00f1ol por: Maxine Morarie.<\/em>&nbsp;<\/p>\n\n\n\n<div class=\"navigation\"><div class=\"alignleft\"><a href=\"https:\/\/ayore.org\/es\/cultura\/ensenanzas\/comai-un-lugar-para-aprender-de-la-palabra-de-dupade\/\"title=\"Comai &#8211; Un lugar para aprender de la palabra de Dupade\"><img loading=\"lazy\" decoding=\"async\" src=\"https:\/\/ayore.org\/wp-content\/uploads\/2018\/10\/left-arrow.png\" width=\"50\" height=\"48\" alt=\"left arrow\"><\/a><\/div><div class=\"alignright\"><a href=\"https:\/\/ayore.org\/es\/cultura\/ensenanzas\/dijaide-josuede-nos-ves-a-todos-aqui-en-esta-tierra\/\"title=\"Dijaide (Josued\u00e9\u0301)  &#8211; Nos ves a todos aqui en esta tierra\"><img loading=\"lazy\" decoding=\"async\" src=\"https:\/\/ayore.org\/wp-content\/uploads\/2018\/10\/right-arrow.png\" width=\"50\" height=\"48\" alt=\"right arrow\"><\/a><\/div>\n","protected":false},"excerpt":{"rendered":"<p>Nos llamar\u00e1n locos&nbsp; A ore cho ur\u0169sode iji yoque Recuerde ahora lo que Jesucristo, El-gran-l\u00edder-que-escuchamos, nos dijo: &#8220;Ahora, no presten atenci\u00f3n a quienes los llaman locos.\u00a0Ellos son los locos, porque no conocen a Dupade, que es nuestro padre. Verdaderamente son<\/p>\n","protected":false},"author":2,"featured_media":0,"parent":298,"menu_order":0,"comment_status":"closed","ping_status":"closed","template":"","meta":{"footnotes":""},"class_list":["post-2972","page","type-page","status-publish","hentry"],"yoast_head":"<!-- This site is optimized with the Yoast SEO plugin v27.4 - https:\/\/yoast.com\/product\/yoast-seo-wordpress\/ -->\n<title>Ayore\u0301 Ense\u00f1anzas: Nos Llamar\u00e1n Locos \u2022 Ayore.org<\/title>\n<meta name=\"robots\" content=\"index, follow, max-snippet:-1, max-image-preview:large, max-video-preview:-1\" \/>\n<link rel=\"canonical\" href=\"https:\/\/ayore.org\/es\/cultura\/ensenanzas\/dijaide-josuede-nos-llamaran-locos\/\" \/>\n<meta property=\"og:locale\" content=\"es_ES\" \/>\n<meta property=\"og:type\" content=\"article\" \/>\n<meta property=\"og:title\" content=\"Ayore\u0301 Ense\u00f1anzas: Nos Llamar\u00e1n Locos \u2022 Ayore.org\" \/>\n<meta property=\"og:description\" content=\"Nos llamar\u00e1n locos&nbsp; A ore cho ur\u0169sode iji yoque Recuerde ahora lo que Jesucristo, El-gran-l\u00edder-que-escuchamos, nos dijo: &#8220;Ahora, no presten atenci\u00f3n a quienes los llaman locos.\u00a0Ellos son los locos, porque no conocen a Dupade, que es nuestro padre. Verdaderamente son\" \/>\n<meta property=\"og:url\" content=\"https:\/\/ayore.org\/es\/cultura\/ensenanzas\/dijaide-josuede-nos-llamaran-locos\/\" \/>\n<meta property=\"og:site_name\" content=\"AYORE.ORG\" \/>\n<meta property=\"article:modified_time\" content=\"2019-03-29T19:02:53+00:00\" \/>\n<meta name=\"twitter:card\" content=\"summary_large_image\" \/>\n<meta name=\"twitter:label1\" content=\"Tiempo de lectura\" \/>\n\t<meta name=\"twitter:data1\" content=\"9 minutos\" \/>\n<script type=\"application\/ld+json\" class=\"yoast-schema-graph\">{\"@context\":\"https:\\\/\\\/schema.org\",\"@graph\":[{\"@type\":\"WebPage\",\"@id\":\"https:\\\/\\\/ayore.org\\\/es\\\/cultura\\\/ensenanzas\\\/dijaide-josuede-nos-llamaran-locos\\\/\",\"url\":\"https:\\\/\\\/ayore.org\\\/es\\\/cultura\\\/ensenanzas\\\/dijaide-josuede-nos-llamaran-locos\\\/\",\"name\":\"Ayore\u0301 Ense\u00f1anzas: Nos Llamar\u00e1n Locos \u2022 Ayore.org\",\"isPartOf\":{\"@id\":\"https:\\\/\\\/ayore.org\\\/#website\"},\"datePublished\":\"2019-02-15T17:22:05+00:00\",\"dateModified\":\"2019-03-29T19:02:53+00:00\",\"breadcrumb\":{\"@id\":\"https:\\\/\\\/ayore.org\\\/es\\\/cultura\\\/ensenanzas\\\/dijaide-josuede-nos-llamaran-locos\\\/#breadcrumb\"},\"inLanguage\":\"es-AR\",\"potentialAction\":[{\"@type\":\"ReadAction\",\"target\":[\"https:\\\/\\\/ayore.org\\\/es\\\/cultura\\\/ensenanzas\\\/dijaide-josuede-nos-llamaran-locos\\\/\"]}]},{\"@type\":\"BreadcrumbList\",\"@id\":\"https:\\\/\\\/ayore.org\\\/es\\\/cultura\\\/ensenanzas\\\/dijaide-josuede-nos-llamaran-locos\\\/#breadcrumb\",\"itemListElement\":[{\"@type\":\"ListItem\",\"position\":1,\"name\":\"Inicio\",\"item\":\"https:\\\/\\\/ayore.org\\\/es\\\/\"},{\"@type\":\"ListItem\",\"position\":2,\"name\":\"Cultura\",\"item\":\"https:\\\/\\\/ayore.org\\\/es\\\/cultura\\\/\"},{\"@type\":\"ListItem\",\"position\":3,\"name\":\"Ense\u00f1anzas\",\"item\":\"https:\\\/\\\/ayore.org\\\/es\\\/cultura\\\/ensenanzas\\\/\"},{\"@type\":\"ListItem\",\"position\":4,\"name\":\"Dijaide (Josued\u00e9) &#8211; Nos llamar\u00e1n locos\"}]},{\"@type\":\"WebSite\",\"@id\":\"https:\\\/\\\/ayore.org\\\/#website\",\"url\":\"https:\\\/\\\/ayore.org\\\/\",\"name\":\"AYORE.ORG\",\"description\":\"Idioma, Cultura e Historia de la Tribu Ayor\u00e9\",\"potentialAction\":[{\"@type\":\"SearchAction\",\"target\":{\"@type\":\"EntryPoint\",\"urlTemplate\":\"https:\\\/\\\/ayore.org\\\/?s={search_term_string}\"},\"query-input\":{\"@type\":\"PropertyValueSpecification\",\"valueRequired\":true,\"valueName\":\"search_term_string\"}}],\"inLanguage\":\"es-AR\"}]}<\/script>\n<!-- \/ Yoast SEO plugin. -->","yoast_head_json":{"title":"Ayore\u0301 Ense\u00f1anzas: Nos Llamar\u00e1n Locos \u2022 Ayore.org","robots":{"index":"index","follow":"follow","max-snippet":"max-snippet:-1","max-image-preview":"max-image-preview:large","max-video-preview":"max-video-preview:-1"},"canonical":"https:\/\/ayore.org\/es\/cultura\/ensenanzas\/dijaide-josuede-nos-llamaran-locos\/","og_locale":"es_ES","og_type":"article","og_title":"Ayore\u0301 Ense\u00f1anzas: Nos Llamar\u00e1n Locos \u2022 Ayore.org","og_description":"Nos llamar\u00e1n locos&nbsp; A ore cho ur\u0169sode iji yoque Recuerde ahora lo que Jesucristo, El-gran-l\u00edder-que-escuchamos, nos dijo: &#8220;Ahora, no presten atenci\u00f3n a quienes los llaman locos.\u00a0Ellos son los locos, porque no conocen a Dupade, que es nuestro padre. Verdaderamente son","og_url":"https:\/\/ayore.org\/es\/cultura\/ensenanzas\/dijaide-josuede-nos-llamaran-locos\/","og_site_name":"AYORE.ORG","article_modified_time":"2019-03-29T19:02:53+00:00","twitter_card":"summary_large_image","twitter_misc":{"Tiempo de lectura":"9 minutos"},"schema":{"@context":"https:\/\/schema.org","@graph":[{"@type":"WebPage","@id":"https:\/\/ayore.org\/es\/cultura\/ensenanzas\/dijaide-josuede-nos-llamaran-locos\/","url":"https:\/\/ayore.org\/es\/cultura\/ensenanzas\/dijaide-josuede-nos-llamaran-locos\/","name":"Ayore\u0301 Ense\u00f1anzas: Nos Llamar\u00e1n Locos \u2022 Ayore.org","isPartOf":{"@id":"https:\/\/ayore.org\/#website"},"datePublished":"2019-02-15T17:22:05+00:00","dateModified":"2019-03-29T19:02:53+00:00","breadcrumb":{"@id":"https:\/\/ayore.org\/es\/cultura\/ensenanzas\/dijaide-josuede-nos-llamaran-locos\/#breadcrumb"},"inLanguage":"es-AR","potentialAction":[{"@type":"ReadAction","target":["https:\/\/ayore.org\/es\/cultura\/ensenanzas\/dijaide-josuede-nos-llamaran-locos\/"]}]},{"@type":"BreadcrumbList","@id":"https:\/\/ayore.org\/es\/cultura\/ensenanzas\/dijaide-josuede-nos-llamaran-locos\/#breadcrumb","itemListElement":[{"@type":"ListItem","position":1,"name":"Inicio","item":"https:\/\/ayore.org\/es\/"},{"@type":"ListItem","position":2,"name":"Cultura","item":"https:\/\/ayore.org\/es\/cultura\/"},{"@type":"ListItem","position":3,"name":"Ense\u00f1anzas","item":"https:\/\/ayore.org\/es\/cultura\/ensenanzas\/"},{"@type":"ListItem","position":4,"name":"Dijaide (Josued\u00e9) &#8211; Nos llamar\u00e1n locos"}]},{"@type":"WebSite","@id":"https:\/\/ayore.org\/#website","url":"https:\/\/ayore.org\/","name":"AYORE.ORG","description":"Idioma, Cultura e Historia de la Tribu Ayor\u00e9","potentialAction":[{"@type":"SearchAction","target":{"@type":"EntryPoint","urlTemplate":"https:\/\/ayore.org\/?s={search_term_string}"},"query-input":{"@type":"PropertyValueSpecification","valueRequired":true,"valueName":"search_term_string"}}],"inLanguage":"es-AR"}]}},"_links":{"self":[{"href":"https:\/\/ayore.org\/es\/wp-json\/wp\/v2\/pages\/2972","targetHints":{"allow":["GET"]}}],"collection":[{"href":"https:\/\/ayore.org\/es\/wp-json\/wp\/v2\/pages"}],"about":[{"href":"https:\/\/ayore.org\/es\/wp-json\/wp\/v2\/types\/page"}],"author":[{"embeddable":true,"href":"https:\/\/ayore.org\/es\/wp-json\/wp\/v2\/users\/2"}],"replies":[{"embeddable":true,"href":"https:\/\/ayore.org\/es\/wp-json\/wp\/v2\/comments?post=2972"}],"version-history":[{"count":3,"href":"https:\/\/ayore.org\/es\/wp-json\/wp\/v2\/pages\/2972\/revisions"}],"predecessor-version":[{"id":3561,"href":"https:\/\/ayore.org\/es\/wp-json\/wp\/v2\/pages\/2972\/revisions\/3561"}],"up":[{"embeddable":true,"href":"https:\/\/ayore.org\/es\/wp-json\/wp\/v2\/pages\/298"}],"wp:attachment":[{"href":"https:\/\/ayore.org\/es\/wp-json\/wp\/v2\/media?parent=2972"}],"curies":[{"name":"wp","href":"https:\/\/api.w.org\/{rel}","templated":true}]}}