{"id":2970,"date":"2019-02-15T17:18:33","date_gmt":"2019-02-15T17:18:33","guid":{"rendered":"https:\/\/ayore.org\/?page_id=2970"},"modified":"2019-02-25T04:56:43","modified_gmt":"2019-02-25T04:56:43","slug":"dapure-yo-odiaba-a-dupade","status":"publish","type":"page","link":"https:\/\/ayore.org\/es\/cultura\/relatos-personales\/dapure-yo-odiaba-a-dupade\/","title":{"rendered":"Dapur\u00e9 &#8211; Yo odiaba a Dupade"},"content":{"rendered":"\n<p><em>Yetaque Dupade nanique&nbsp;<\/em><\/p>\n\n\n\n<p><strong>Testimonio&nbsp;de  Dapur\u00e9:<\/strong><em>&nbsp;<\/em> <\/p>\n\n\n\n<p><strong><em>Voy a dar mi testimonio:<\/em><\/strong>&nbsp;Te hablar\u00e9 de m\u00ed mismo. No voy a contar acerca de&nbsp;cuando est\u00e1bamos en las selvas, pero hablar\u00e9 despu\u00e9s de que llegamos a un lugar llamado Tobit\u00e9.&nbsp;<\/p>\n\n\n\n<p><strong><em>Yo odiaba a&nbsp;<\/em><\/strong><strong><em>Dupade<\/em><\/strong><strong><em>:<\/em><\/strong>&nbsp;Realmente odiaba a&nbsp;<em>Dupade<\/em>&nbsp;en aquel&nbsp;tiempo. Yo no era como las otras mujeres que&nbsp;tan pronto&nbsp;amaban a&nbsp;<em>Dupade<\/em>. Lo odiaba, lo despreciaba.&nbsp;<\/p>\n\n\n\n<p><strong><em>Enterr\u00e9 a mis beb\u00e9s vivos:<\/em><\/strong>&nbsp;Mat\u00e9 a mis beb\u00e9s. Mat\u00e9 a dos de ellos.&nbsp;<\/p>\n\n\n\n<p>La se\u00f1orita Eva me dijo:&nbsp;\u201cDapur\u00e9, \u00bfhas o\u00eddo hablar de la&nbsp;<em>P<\/em><em>alabra de<\/em>&nbsp;<em>Dupade<\/em>?&nbsp;<\/p>\n\n\n\n<p>Yo dije:&nbsp;\u201cEva, no he o\u00eddo nada de las&nbsp;<em>P<\/em><em>alabras de<\/em>&nbsp;<em>Dupade<\/em>. No hay&nbsp;<em>Dupade<\/em>.\u201d&nbsp;<\/p>\n\n\n\n<p>Eva&nbsp;me habl\u00f3. Ella dijo:&nbsp;\u201cBueno, Dapur\u00e9, \u00bfsab\u00edas que&nbsp;<em>Dupade<\/em><em>&nbsp;<\/em>existe, y \u00e9l est\u00e1 arriba&nbsp;en el cielo?\u201d&nbsp;<\/p>\n\n\n\n<p>Pero yo dije:&nbsp;\u201cEva, por supuesto que lo s\u00e9, pero no hay&nbsp;<em>Dupade<\/em>&nbsp;en absoluto. No hay cielo;&nbsp;si lo hay, est\u00e1 lejos. El cielo est\u00e1 muy lejos, y all\u00ed no&nbsp;existe un&nbsp;<em>Dupade<\/em>.&nbsp;<\/p>\n\n\n\n<p><strong><em>Ahora creo en&nbsp;Dupade:<\/em><\/strong>&nbsp;Pero ahora saben&nbsp;las mujeres, mis compatriotas,&nbsp;que s\u00f3lo recientemente he llegado a creer en&nbsp;<em>Dupade<\/em>. Aunque casi no lo hice. Me han&nbsp;<em>arrojado al agua<\/em>. Quer\u00eda&nbsp;ser&nbsp;bautizada&nbsp;porque&nbsp;ahora creo en&nbsp;<em>Dupade<\/em>. Y creo en el&nbsp;<em>Hijo de<\/em>&nbsp;<em>Dupade<\/em>.\u201d&nbsp;<\/p>\n\n\n\n<p><strong><em>Ahora rezo<\/em><\/strong><strong><em>&nbsp;a Dupade<\/em><\/strong><strong><em>:<\/em><\/strong>&nbsp;Se\u00f1ora Marina me dijo: \u201cDapur\u00e9, ser\u00eda bueno que ores.\u201d&nbsp;<\/p>\n\n\n\n<p>Yo dije:&nbsp;\u201cSe\u00f1ora Marina, es cierto, voy a orar.\u201d&nbsp;Y ahora&nbsp;s\u00e9&nbsp;orar.&nbsp;<\/p>\n\n\n\n<p>Ella me dijo: \u201cEs muy&nbsp;lindo&nbsp;que ahora ores a&nbsp;<em>Dupade<\/em>. Ahora debes dejar de hacer las cosas que hiciste antes. No mates a tus beb\u00e9s, como sol\u00edas hacer.\u201d&nbsp;<\/p>\n\n\n\n<p>Y me detuve. Dej\u00e9 de hacer las cosas malas que sol\u00eda hacer&nbsp;antes&nbsp;de creer en&nbsp;<em>Dupade<\/em>. Me detuve porque cre\u00eda en&nbsp;<em>Dupade<\/em>. Realmente creo en \u00e9l&nbsp;ahora. Tengo fe en \u00e9l. Y me siento&nbsp;muy feliz. Siempre voy a&nbsp;las&nbsp;reuniones para&nbsp;o\u00edr&nbsp;<em>la&nbsp;<\/em><em>P<\/em><em>alabra de<\/em>&nbsp;<em>Dupade<\/em>.&nbsp;<\/p>\n\n\n\n<p>Se\u00f1ora Marina probablemente oir\u00e1 estas palabras m\u00edas, que no he dejado de ir a las reuniones. Estar\u00eda muy triste si yo&nbsp;hubiera&nbsp;dejado de seguir a&nbsp;<em>Dupade<\/em>. Pero se alegrar\u00e1&nbsp;cuando oye que no nos falta ir a las reuniones para escuchar de&nbsp;la&nbsp;<em>P<\/em><em>alabra<\/em>&nbsp;de&nbsp;<em>Dupade<\/em>. Siempre vamos los domingos. Y despu\u00e9s de eso,&nbsp;vamos los s\u00e1bados tambi\u00e9n.&nbsp;<\/p>\n\n\n\n<p><strong><em>Las mujeres, sin embargo, todav\u00eda&nbsp;<\/em><\/strong><strong><em>peleamos<\/em><\/strong><strong><em>&nbsp;entre nosotros:<\/em><\/strong>&nbsp;Yuni me habl\u00f3 recientemente y me dijo:&nbsp;\u201cMadre, como si no supieras lo que dice la&nbsp;<em>Palabra de<\/em>&nbsp;<em>Dupade<\/em>. Ustedes las mujeres siempre est\u00e1n reprendi\u00e9ndose y critic\u00e1ndose. S\u00f3lo Davidat\u00e9 no rega\u00f1a a los dem\u00e1s.\u201d&nbsp;<em>(2 Corintios 5:17)<\/em>&nbsp;<\/p>\n\n\n\n<p>Esto es todo lo que tengo que decir.&nbsp;<\/p>\n\n\n\n<p><strong>Clave:&nbsp;<\/strong><\/p>\n\n\n\n<p>Dupade &#8211; Dios&nbsp;<\/p>\n\n\n\n<p>La Palabra de Dupade &#8211; La Palabra de Dios&nbsp;<\/p>\n\n\n\n<p>Lanza a alguien al agua &#8211; Bautizar a una persona&nbsp;<\/p>\n\n\n\n<p><em>Dapur\u00e9&nbsp;<\/em><em>\u2013&nbsp;<\/em><em>Tobit\u00e9, Bolivia<\/em><em>&nbsp;\u2013&nbsp;<\/em><em>agosto de 1975<\/em><em>.<\/em>&nbsp;<\/p>\n\n\n\n<p><em>Transcrito y traducido al espa\u00f1ol por: Maxine Morarie.<\/em>&nbsp;<\/p>\n\n\n\n<div class=\"navigation\"><div class=\"alignleft\"><a href=\"https:\/\/ayore.org\/es\/cultura\/relatos-personales\/sama-rosade-me-puso-la-cara-bajo-el-agua\/\"title=\"Sama \u2013 Rosad\u00e9 me puso la cara bajo el agua\"><img loading=\"lazy\" decoding=\"async\" src=\"https:\/\/ayore.org\/wp-content\/uploads\/2018\/10\/left-arrow.png\" width=\"50\" height=\"48\" alt=\"left arrow\"><\/a><\/div><div class=\"alignright\"><a href=\"https:\/\/ayore.org\/es\/cultura\/relatos-personales\/enuedate-yojide-intento-quitarme-a-mis-hijos\/\"title=\"Enuedate\u0301 &#8211; Yojid\u00e9 intent\u00f3 quitarme a mis hijos\"><img loading=\"lazy\" decoding=\"async\" src=\"https:\/\/ayore.org\/wp-content\/uploads\/2018\/10\/right-arrow.png\" width=\"50\" height=\"48\" alt=\"right arrow\"><\/a><\/div>\n","protected":false},"excerpt":{"rendered":"<p>Yetaque Dupade nanique&nbsp; Testimonio&nbsp;de Dapur\u00e9:&nbsp; Voy a dar mi testimonio:&nbsp;Te hablar\u00e9 de m\u00ed mismo. No voy a contar acerca de&nbsp;cuando est\u00e1bamos en las selvas, pero hablar\u00e9 despu\u00e9s de que llegamos a un lugar llamado Tobit\u00e9.&nbsp; Yo odiaba a&nbsp;Dupade:&nbsp;Realmente odiaba a&nbsp;Dupade&nbsp;en<\/p>\n","protected":false},"author":2,"featured_media":0,"parent":284,"menu_order":0,"comment_status":"closed","ping_status":"closed","template":"","meta":{"footnotes":""},"class_list":["post-2970","page","type-page","status-publish","hentry"],"yoast_head":"<!-- This site is optimized with the Yoast SEO plugin v27.4 - https:\/\/yoast.com\/product\/yoast-seo-wordpress\/ -->\n<title>Ayore\u0301 Relato Personal: Yo Odiaba A Dupade \u2022 Ayore.org<\/title>\n<meta name=\"robots\" content=\"index, follow, max-snippet:-1, max-image-preview:large, max-video-preview:-1\" \/>\n<link rel=\"canonical\" href=\"https:\/\/ayore.org\/es\/cultura\/relatos-personales\/dapure-yo-odiaba-a-dupade\/\" \/>\n<meta property=\"og:locale\" content=\"es_ES\" \/>\n<meta property=\"og:type\" content=\"article\" \/>\n<meta property=\"og:title\" content=\"Ayore\u0301 Relato Personal: Yo Odiaba A Dupade \u2022 Ayore.org\" \/>\n<meta property=\"og:description\" content=\"Yetaque Dupade nanique&nbsp; Testimonio&nbsp;de Dapur\u00e9:&nbsp; Voy a dar mi testimonio:&nbsp;Te hablar\u00e9 de m\u00ed mismo. No voy a contar acerca de&nbsp;cuando est\u00e1bamos en las selvas, pero hablar\u00e9 despu\u00e9s de que llegamos a un lugar llamado Tobit\u00e9.&nbsp; Yo odiaba a&nbsp;Dupade:&nbsp;Realmente odiaba a&nbsp;Dupade&nbsp;en\" \/>\n<meta property=\"og:url\" content=\"https:\/\/ayore.org\/es\/cultura\/relatos-personales\/dapure-yo-odiaba-a-dupade\/\" \/>\n<meta property=\"og:site_name\" content=\"AYORE.ORG\" \/>\n<meta property=\"article:modified_time\" content=\"2019-02-25T04:56:43+00:00\" \/>\n<meta name=\"twitter:card\" content=\"summary_large_image\" \/>\n<meta name=\"twitter:label1\" content=\"Tiempo de lectura\" \/>\n\t<meta name=\"twitter:data1\" content=\"3 minutos\" \/>\n<script type=\"application\/ld+json\" class=\"yoast-schema-graph\">{\"@context\":\"https:\\\/\\\/schema.org\",\"@graph\":[{\"@type\":\"WebPage\",\"@id\":\"https:\\\/\\\/ayore.org\\\/es\\\/cultura\\\/relatos-personales\\\/dapure-yo-odiaba-a-dupade\\\/\",\"url\":\"https:\\\/\\\/ayore.org\\\/es\\\/cultura\\\/relatos-personales\\\/dapure-yo-odiaba-a-dupade\\\/\",\"name\":\"Ayore\u0301 Relato Personal: Yo Odiaba A Dupade \u2022 Ayore.org\",\"isPartOf\":{\"@id\":\"https:\\\/\\\/ayore.org\\\/#website\"},\"datePublished\":\"2019-02-15T17:18:33+00:00\",\"dateModified\":\"2019-02-25T04:56:43+00:00\",\"breadcrumb\":{\"@id\":\"https:\\\/\\\/ayore.org\\\/es\\\/cultura\\\/relatos-personales\\\/dapure-yo-odiaba-a-dupade\\\/#breadcrumb\"},\"inLanguage\":\"es-AR\",\"potentialAction\":[{\"@type\":\"ReadAction\",\"target\":[\"https:\\\/\\\/ayore.org\\\/es\\\/cultura\\\/relatos-personales\\\/dapure-yo-odiaba-a-dupade\\\/\"]}]},{\"@type\":\"BreadcrumbList\",\"@id\":\"https:\\\/\\\/ayore.org\\\/es\\\/cultura\\\/relatos-personales\\\/dapure-yo-odiaba-a-dupade\\\/#breadcrumb\",\"itemListElement\":[{\"@type\":\"ListItem\",\"position\":1,\"name\":\"Inicio\",\"item\":\"https:\\\/\\\/ayore.org\\\/es\\\/\"},{\"@type\":\"ListItem\",\"position\":2,\"name\":\"Cultura\",\"item\":\"https:\\\/\\\/ayore.org\\\/es\\\/cultura\\\/\"},{\"@type\":\"ListItem\",\"position\":3,\"name\":\"Relatos Personales\",\"item\":\"https:\\\/\\\/ayore.org\\\/es\\\/cultura\\\/relatos-personales\\\/\"},{\"@type\":\"ListItem\",\"position\":4,\"name\":\"Dapur\u00e9 &#8211; Yo odiaba a Dupade\"}]},{\"@type\":\"WebSite\",\"@id\":\"https:\\\/\\\/ayore.org\\\/#website\",\"url\":\"https:\\\/\\\/ayore.org\\\/\",\"name\":\"AYORE.ORG\",\"description\":\"Idioma, Cultura e Historia de la Tribu Ayor\u00e9\",\"potentialAction\":[{\"@type\":\"SearchAction\",\"target\":{\"@type\":\"EntryPoint\",\"urlTemplate\":\"https:\\\/\\\/ayore.org\\\/?s={search_term_string}\"},\"query-input\":{\"@type\":\"PropertyValueSpecification\",\"valueRequired\":true,\"valueName\":\"search_term_string\"}}],\"inLanguage\":\"es-AR\"}]}<\/script>\n<!-- \/ Yoast SEO plugin. -->","yoast_head_json":{"title":"Ayore\u0301 Relato Personal: Yo Odiaba A Dupade \u2022 Ayore.org","robots":{"index":"index","follow":"follow","max-snippet":"max-snippet:-1","max-image-preview":"max-image-preview:large","max-video-preview":"max-video-preview:-1"},"canonical":"https:\/\/ayore.org\/es\/cultura\/relatos-personales\/dapure-yo-odiaba-a-dupade\/","og_locale":"es_ES","og_type":"article","og_title":"Ayore\u0301 Relato Personal: Yo Odiaba A Dupade \u2022 Ayore.org","og_description":"Yetaque Dupade nanique&nbsp; Testimonio&nbsp;de Dapur\u00e9:&nbsp; Voy a dar mi testimonio:&nbsp;Te hablar\u00e9 de m\u00ed mismo. No voy a contar acerca de&nbsp;cuando est\u00e1bamos en las selvas, pero hablar\u00e9 despu\u00e9s de que llegamos a un lugar llamado Tobit\u00e9.&nbsp; Yo odiaba a&nbsp;Dupade:&nbsp;Realmente odiaba a&nbsp;Dupade&nbsp;en","og_url":"https:\/\/ayore.org\/es\/cultura\/relatos-personales\/dapure-yo-odiaba-a-dupade\/","og_site_name":"AYORE.ORG","article_modified_time":"2019-02-25T04:56:43+00:00","twitter_card":"summary_large_image","twitter_misc":{"Tiempo de lectura":"3 minutos"},"schema":{"@context":"https:\/\/schema.org","@graph":[{"@type":"WebPage","@id":"https:\/\/ayore.org\/es\/cultura\/relatos-personales\/dapure-yo-odiaba-a-dupade\/","url":"https:\/\/ayore.org\/es\/cultura\/relatos-personales\/dapure-yo-odiaba-a-dupade\/","name":"Ayore\u0301 Relato Personal: Yo Odiaba A Dupade \u2022 Ayore.org","isPartOf":{"@id":"https:\/\/ayore.org\/#website"},"datePublished":"2019-02-15T17:18:33+00:00","dateModified":"2019-02-25T04:56:43+00:00","breadcrumb":{"@id":"https:\/\/ayore.org\/es\/cultura\/relatos-personales\/dapure-yo-odiaba-a-dupade\/#breadcrumb"},"inLanguage":"es-AR","potentialAction":[{"@type":"ReadAction","target":["https:\/\/ayore.org\/es\/cultura\/relatos-personales\/dapure-yo-odiaba-a-dupade\/"]}]},{"@type":"BreadcrumbList","@id":"https:\/\/ayore.org\/es\/cultura\/relatos-personales\/dapure-yo-odiaba-a-dupade\/#breadcrumb","itemListElement":[{"@type":"ListItem","position":1,"name":"Inicio","item":"https:\/\/ayore.org\/es\/"},{"@type":"ListItem","position":2,"name":"Cultura","item":"https:\/\/ayore.org\/es\/cultura\/"},{"@type":"ListItem","position":3,"name":"Relatos Personales","item":"https:\/\/ayore.org\/es\/cultura\/relatos-personales\/"},{"@type":"ListItem","position":4,"name":"Dapur\u00e9 &#8211; Yo odiaba a Dupade"}]},{"@type":"WebSite","@id":"https:\/\/ayore.org\/#website","url":"https:\/\/ayore.org\/","name":"AYORE.ORG","description":"Idioma, Cultura e Historia de la Tribu Ayor\u00e9","potentialAction":[{"@type":"SearchAction","target":{"@type":"EntryPoint","urlTemplate":"https:\/\/ayore.org\/?s={search_term_string}"},"query-input":{"@type":"PropertyValueSpecification","valueRequired":true,"valueName":"search_term_string"}}],"inLanguage":"es-AR"}]}},"_links":{"self":[{"href":"https:\/\/ayore.org\/es\/wp-json\/wp\/v2\/pages\/2970","targetHints":{"allow":["GET"]}}],"collection":[{"href":"https:\/\/ayore.org\/es\/wp-json\/wp\/v2\/pages"}],"about":[{"href":"https:\/\/ayore.org\/es\/wp-json\/wp\/v2\/types\/page"}],"author":[{"embeddable":true,"href":"https:\/\/ayore.org\/es\/wp-json\/wp\/v2\/users\/2"}],"replies":[{"embeddable":true,"href":"https:\/\/ayore.org\/es\/wp-json\/wp\/v2\/comments?post=2970"}],"version-history":[{"count":4,"href":"https:\/\/ayore.org\/es\/wp-json\/wp\/v2\/pages\/2970\/revisions"}],"predecessor-version":[{"id":3057,"href":"https:\/\/ayore.org\/es\/wp-json\/wp\/v2\/pages\/2970\/revisions\/3057"}],"up":[{"embeddable":true,"href":"https:\/\/ayore.org\/es\/wp-json\/wp\/v2\/pages\/284"}],"wp:attachment":[{"href":"https:\/\/ayore.org\/es\/wp-json\/wp\/v2\/media?parent=2970"}],"curies":[{"name":"wp","href":"https:\/\/api.w.org\/{rel}","templated":true}]}}