{"id":2965,"date":"2019-02-15T17:16:06","date_gmt":"2019-02-15T17:16:06","guid":{"rendered":"https:\/\/ayore.org\/?page_id=2965"},"modified":"2019-02-25T04:32:43","modified_gmt":"2019-02-25T04:32:43","slug":"me-encantan-los-testimonios","status":"publish","type":"page","link":"https:\/\/ayore.org\/es\/cultura\/relatos-personales\/me-encantan-los-testimonios\/","title":{"rendered":"Daju\u00f1angue &#8211; Me encantan los testimonios"},"content":{"rendered":"\n<p><em>Daju\u00f1angue&nbsp;da su testimonio&nbsp;<\/em><\/p>\n\n\n\n<p>Me encanta cuando mis compa\u00f1eras se paran ante nosotros y dan sus testimonios. No s\u00e9&nbsp;si ustedes que son mis compa\u00f1eras creyentes disfrutan esto tambi\u00e9n, pero yo s\u00ed. Me gusta escuchar las historias que&nbsp;las mujeres cuentan de ellas mismas. Tambi\u00e9n estoy contenta&nbsp;de que los que asistimos a las reuniones est\u00e1n&nbsp;aument\u00e1ndose&nbsp;en n\u00famero.&nbsp;<\/p>\n\n\n\n<p>Pero,&nbsp;mis compa\u00f1eras, quiero que sepan&nbsp;que, mientras estoy feliz, hay otras cosas que no me gustan. Adivina por qu\u00e9, mis compa\u00f1eras, soy feliz, pero al mismo tiempo no feliz. Si realmente conocen&nbsp;la Palabra de Dios, entonces probablemente saben&nbsp;por qu\u00e9 no soy&nbsp;feliz. Soy feliz y no tan feliz.&nbsp;\u00bfEs as\u00ed con&nbsp;ustedes,&nbsp;tambi\u00e9n?&nbsp;<\/p>\n\n\n\n<p>Soy feliz, porque creo en Dupade con todo mi coraz\u00f3n. Pero esto es lo que no me gusta, mi esposo no cree en Dupade. Ser\u00eda mucho mejor si toda mi familia estuviera sinceramente siguiendo a Dupade &#8211;\u00a0mi esposo, mis hijos y yo misma. <\/p>\n\n\n\n<p>Sol\u00eda \u200b\u200bdecir siempre: &#8220;Estoy tan cansada\u00a0de que\u00a0<em>Pujn\u00facab<\/em>i\u00a0gasta\u00a0nuestro dinero\u00a0en\u00a0los cigarrillos.&#8221;<\/p>\n\n\n\n<p>\u00a0Les estoy pidiendo a ustedes,\u00a0compa\u00f1eras\u00a0m\u00eda\u00a0que creen en Dios, que se unan a m\u00ed en la oraci\u00f3n para que mi marido deje de fumar.\u201d\u00a0<\/p>\n\n\n\n<p>No s\u00e9 si alguna de ustedes, mis compa\u00f1eras, sienten&nbsp;lo mismo que yo acerca de los&nbsp;cigarrillos, pero&nbsp;yo&nbsp;los odio. Tengo miedo de la gente cuando se emborrachan, tambi\u00e9n. No me gusta que se acerquen a m\u00ed.&nbsp;<\/p>\n\n\n\n<p>Es algo bueno cuando\u00a0una persona\u00a0da su testimonio, y tambi\u00e9n es bueno no avergonzarse de\u00a0hacerlo.\u00a0Es Satan\u00e1s quien nos hace sentir avergonzadas\u00a0de ser creyentes, y vacilar en vuestra fe. \u00c9l trata de mantenernos alejados de la Palabra de Dupade. Ya he contado lo feliz que estaba,\u00a0hace unas semanas,\u00a0cuando o\u00ed la noticia de que iban\u00a0a dar tus testimonios, y\u00a0cuando les escuch\u00e9\u00a0estaba muy contenta con lo que ten\u00edan\u00a0que decir.\u00a0<\/p>\n\n\n\n<p>A veces, cuando estamos&nbsp;en el&nbsp;bosque, espero volver&nbsp;para poder&nbsp;asistir a las reuniones. Pienso en que otros est\u00e1n&nbsp;juntos en las reuniones&nbsp;mientras yo estoy&nbsp;demasiado lejos para asistir, pero&nbsp;Dios me hace recordar que el&nbsp;esta\u0301 junto conmigo&nbsp;en mi coraz\u00f3n.&nbsp;<\/p>\n\n\n\n<p>He\u00a0estado pensando\u00a0que es posible\u00a0hacer de nuestras posesiones\u00a0dioses, y adorarlas en lugar de adorar a Dupade.\u00a0No\u00a0se\u00a0si me entiendan, pero a veces estamos tan contentos de conseguir cosas nuevas, que\u00a0son para nosotras como si fueran nuestros dioses.\u00a0<\/p>\n\n\n\n<p>Eso es todo lo que tengo que decir, pero me gustar\u00eda orar por nosotros primero. Inclina la cabeza y rezar\u00e9 por nosotros aqu\u00ed en nuestra reuni\u00f3n.&nbsp;&nbsp;<\/p>\n\n\n\n<p>Elena, este es el final de mis palabras y ahora voy a orar a Dupade.\u00a0\u00a0<\/p>\n\n\n\n<p><em>Nuestro Dupade, te rogamos que est\u00e9 con nosotras\u00a0hoy en nuestra reuni\u00f3n del viernes.\u00a0Te agradezco que podamos escuchar\u00a0tu\u00a0palabra. No me averg\u00fcenzo de compartir tu palabra con mis compa\u00f1eras que son verdaderas creyentes. No me averg\u00fcenzo de tu palabra aun cuando otras se r\u00eden de nosotras.\u00a0<\/em>\u00a0<\/p>\n\n\n\n<p><em>Nuestro Dupade, estoy\u00a0agradecida\u00a0de que nos cuides aqu\u00ed en la tierra dondequiera que vayamos. Las mujeres nos reunimos, as\u00ed como los hombres\u00a0para aprender de t\u00ed.<\/em>\u00a0<\/p>\n\n\n\n<p><em>Pero, Dupade nuestro, rogamos por las mujeres que no est\u00e1n aqu\u00ed con nosotras, las que a\u00fan no est\u00e1n interesadas en\u00a0saber de tu palabra.\u00a0Deles\u00a0un hambre para tu palabra y un deseo de o\u00edrla. S\u00f3lo t\u00fa y tu Palabra es lo que deseamos, porque es dulce para nosotras, nuestro Dupade.\u00a0<\/em>\u00a0<\/p>\n\n\n\n<p><em>Dupade, gracias por ayudarnos\u00a0a\u00a0crecer en nuestro entendimiento de tu palabra.\u00a0Ay\u00fadanos a no olvidar las cosas que nuestros maestros nos han ense\u00f1ado sobre ti.\u00a0<\/em>\u00a0<\/p>\n\n\n\n<p><em>Nuestro Dupade,\u00a0tu\u00a0has\u00a0dicho: &#8220;Quien se averg\u00fcence de m\u00ed, tambi\u00e9n me avergonzar\u00e9 de esa persona\u00a0cuando regreso al mundo&#8221;. Esto es lo que dijiste hace mucho tiempo cuando\u00a0estabas aqu\u00ed\u00a0en la tierra.\u00a0<\/em>\u00a0<\/p>\n\n\n\n<p><em>Dupade, ayuda\u00a0a mis compa\u00f1eras y\u00a0a m\u00ed misma\u00a0a amar tu palabra, nuestro Dupade. Sabemos que hay muchos de nosotros que no prestamos atenci\u00f3n a tu palabra, pero no s\u00e9 por qu\u00e9, porque s\u00e9 que tu palabra no es algo sin importancia, m\u00e1s bien\u00a0es poderosa. Cuando estuviste en la tierra, t\u00fa resucitaste a los muertos con tu palabra, nuestro Dupade. No hay otra persona que haya levantado a una persona muerta, solo t\u00fa puedes hacer esto, nuestro Dupade.\u00a0<\/em>\u00a0<\/p>\n\n\n\n<p><em>Dupade nuestro, gracias por haber sanado a Teresa.\u00a0Tu viste\u00a0que estaba enferma, pero la cur\u00f3. No hay nadie m\u00e1s que pueda curar a los enfermos; T\u00fa eres el \u00fanico que puede sanarnos.\u00a0<\/em>\u00a0<\/p>\n\n\n\n<p><em>Gracias que estamos escuchando tu palabra todos los d\u00edas, tanto\u00a0los hombres como nosotras las mujeres. Dupade, te rogamos\u00a0todo esto\u00a0en el nombre de tu Hijo Jesucristo. Am\u00e9n.<\/em>\u00a0<\/p>\n\n\n\n<p><strong>Vocabulario:<\/strong><\/p>\n\n\n\n<p>Dupade -Dios<\/p>\n\n\n\n<p><em>Daju\u00f1angue\u00a0&#8211; Tobit\u00e9, Bolivia &#8211; (agosto de 1975)<\/em>\u00a0<\/p>\n\n\n\n<p><em>Transcrito y traducido al\u00a0espa\u00f1ol\u00a0por: Maxine\u00a0Morarie<\/em>\u00a0<\/p>\n\n\n\n<div class=\"navigation\"><div class=\"alignleft\"><a href=\"https:\/\/ayore.org\/es\/cultura\/relatos-personales\/oidabiade-yo-era-un-guerrero-feroz\/\"title=\"Oid\u00e1biad\u00e9 &#8211; Yo era un guerrero feroz\"><img loading=\"lazy\" decoding=\"async\" src=\"https:\/\/ayore.org\/wp-content\/uploads\/2018\/10\/left-arrow.png\" width=\"50\" height=\"48\" alt=\"left arrow\"><\/a><\/div><div class=\"alignright\"><a href=\"https:\/\/ayore.org\/es\/cultura\/relatos-personales\/jomone-quiero-que-sepas-las-cosas-que-he-hecho\/\"title=\"J\u00f3mone \u2013 Quiero que sepas las cosas que he hecho\"><img loading=\"lazy\" decoding=\"async\" src=\"https:\/\/ayore.org\/wp-content\/uploads\/2018\/10\/right-arrow.png\" width=\"50\" height=\"48\" alt=\"right arrow\"><\/a><\/div>\n","protected":false},"excerpt":{"rendered":"<p>Daju\u00f1angue&nbsp;da su testimonio&nbsp; Me encanta cuando mis compa\u00f1eras se paran ante nosotros y dan sus testimonios. No s\u00e9&nbsp;si ustedes que son mis compa\u00f1eras creyentes disfrutan esto tambi\u00e9n, pero yo s\u00ed. Me gusta escuchar las historias que&nbsp;las mujeres cuentan de ellas<\/p>\n","protected":false},"author":2,"featured_media":0,"parent":284,"menu_order":0,"comment_status":"closed","ping_status":"closed","template":"","meta":{"footnotes":""},"class_list":["post-2965","page","type-page","status-publish","hentry"],"yoast_head":"<!-- This site is optimized with the Yoast SEO plugin v27.4 - https:\/\/yoast.com\/product\/yoast-seo-wordpress\/ -->\n<title>Ayore\u0301 Relato Personal: Me Encantan Los Testimonios \u2022 Ayore.org<\/title>\n<meta name=\"robots\" content=\"index, follow, max-snippet:-1, max-image-preview:large, max-video-preview:-1\" \/>\n<link rel=\"canonical\" href=\"https:\/\/ayore.org\/es\/cultura\/relatos-personales\/me-encantan-los-testimonios\/\" \/>\n<meta property=\"og:locale\" content=\"es_ES\" \/>\n<meta property=\"og:type\" content=\"article\" \/>\n<meta property=\"og:title\" content=\"Ayore\u0301 Relato Personal: Me Encantan Los Testimonios \u2022 Ayore.org\" \/>\n<meta property=\"og:description\" content=\"Daju\u00f1angue&nbsp;da su testimonio&nbsp; Me encanta cuando mis compa\u00f1eras se paran ante nosotros y dan sus testimonios. No s\u00e9&nbsp;si ustedes que son mis compa\u00f1eras creyentes disfrutan esto tambi\u00e9n, pero yo s\u00ed. Me gusta escuchar las historias que&nbsp;las mujeres cuentan de ellas\" \/>\n<meta property=\"og:url\" content=\"https:\/\/ayore.org\/es\/cultura\/relatos-personales\/me-encantan-los-testimonios\/\" \/>\n<meta property=\"og:site_name\" content=\"AYORE.ORG\" \/>\n<meta property=\"article:modified_time\" content=\"2019-02-25T04:32:43+00:00\" \/>\n<meta name=\"twitter:card\" content=\"summary_large_image\" \/>\n<meta name=\"twitter:label1\" content=\"Tiempo de lectura\" \/>\n\t<meta name=\"twitter:data1\" content=\"4 minutos\" \/>\n<script type=\"application\/ld+json\" class=\"yoast-schema-graph\">{\"@context\":\"https:\\\/\\\/schema.org\",\"@graph\":[{\"@type\":\"WebPage\",\"@id\":\"https:\\\/\\\/ayore.org\\\/es\\\/cultura\\\/relatos-personales\\\/me-encantan-los-testimonios\\\/\",\"url\":\"https:\\\/\\\/ayore.org\\\/es\\\/cultura\\\/relatos-personales\\\/me-encantan-los-testimonios\\\/\",\"name\":\"Ayore\u0301 Relato Personal: Me Encantan Los Testimonios \u2022 Ayore.org\",\"isPartOf\":{\"@id\":\"https:\\\/\\\/ayore.org\\\/#website\"},\"datePublished\":\"2019-02-15T17:16:06+00:00\",\"dateModified\":\"2019-02-25T04:32:43+00:00\",\"breadcrumb\":{\"@id\":\"https:\\\/\\\/ayore.org\\\/es\\\/cultura\\\/relatos-personales\\\/me-encantan-los-testimonios\\\/#breadcrumb\"},\"inLanguage\":\"es-AR\",\"potentialAction\":[{\"@type\":\"ReadAction\",\"target\":[\"https:\\\/\\\/ayore.org\\\/es\\\/cultura\\\/relatos-personales\\\/me-encantan-los-testimonios\\\/\"]}]},{\"@type\":\"BreadcrumbList\",\"@id\":\"https:\\\/\\\/ayore.org\\\/es\\\/cultura\\\/relatos-personales\\\/me-encantan-los-testimonios\\\/#breadcrumb\",\"itemListElement\":[{\"@type\":\"ListItem\",\"position\":1,\"name\":\"Inicio\",\"item\":\"https:\\\/\\\/ayore.org\\\/es\\\/\"},{\"@type\":\"ListItem\",\"position\":2,\"name\":\"Cultura\",\"item\":\"https:\\\/\\\/ayore.org\\\/es\\\/cultura\\\/\"},{\"@type\":\"ListItem\",\"position\":3,\"name\":\"Relatos Personales\",\"item\":\"https:\\\/\\\/ayore.org\\\/es\\\/cultura\\\/relatos-personales\\\/\"},{\"@type\":\"ListItem\",\"position\":4,\"name\":\"Daju\u00f1angue &#8211; Me encantan los testimonios\"}]},{\"@type\":\"WebSite\",\"@id\":\"https:\\\/\\\/ayore.org\\\/#website\",\"url\":\"https:\\\/\\\/ayore.org\\\/\",\"name\":\"AYORE.ORG\",\"description\":\"Idioma, Cultura e Historia de la Tribu Ayor\u00e9\",\"potentialAction\":[{\"@type\":\"SearchAction\",\"target\":{\"@type\":\"EntryPoint\",\"urlTemplate\":\"https:\\\/\\\/ayore.org\\\/?s={search_term_string}\"},\"query-input\":{\"@type\":\"PropertyValueSpecification\",\"valueRequired\":true,\"valueName\":\"search_term_string\"}}],\"inLanguage\":\"es-AR\"}]}<\/script>\n<!-- \/ Yoast SEO plugin. -->","yoast_head_json":{"title":"Ayore\u0301 Relato Personal: Me Encantan Los Testimonios \u2022 Ayore.org","robots":{"index":"index","follow":"follow","max-snippet":"max-snippet:-1","max-image-preview":"max-image-preview:large","max-video-preview":"max-video-preview:-1"},"canonical":"https:\/\/ayore.org\/es\/cultura\/relatos-personales\/me-encantan-los-testimonios\/","og_locale":"es_ES","og_type":"article","og_title":"Ayore\u0301 Relato Personal: Me Encantan Los Testimonios \u2022 Ayore.org","og_description":"Daju\u00f1angue&nbsp;da su testimonio&nbsp; Me encanta cuando mis compa\u00f1eras se paran ante nosotros y dan sus testimonios. No s\u00e9&nbsp;si ustedes que son mis compa\u00f1eras creyentes disfrutan esto tambi\u00e9n, pero yo s\u00ed. Me gusta escuchar las historias que&nbsp;las mujeres cuentan de ellas","og_url":"https:\/\/ayore.org\/es\/cultura\/relatos-personales\/me-encantan-los-testimonios\/","og_site_name":"AYORE.ORG","article_modified_time":"2019-02-25T04:32:43+00:00","twitter_card":"summary_large_image","twitter_misc":{"Tiempo de lectura":"4 minutos"},"schema":{"@context":"https:\/\/schema.org","@graph":[{"@type":"WebPage","@id":"https:\/\/ayore.org\/es\/cultura\/relatos-personales\/me-encantan-los-testimonios\/","url":"https:\/\/ayore.org\/es\/cultura\/relatos-personales\/me-encantan-los-testimonios\/","name":"Ayore\u0301 Relato Personal: Me Encantan Los Testimonios \u2022 Ayore.org","isPartOf":{"@id":"https:\/\/ayore.org\/#website"},"datePublished":"2019-02-15T17:16:06+00:00","dateModified":"2019-02-25T04:32:43+00:00","breadcrumb":{"@id":"https:\/\/ayore.org\/es\/cultura\/relatos-personales\/me-encantan-los-testimonios\/#breadcrumb"},"inLanguage":"es-AR","potentialAction":[{"@type":"ReadAction","target":["https:\/\/ayore.org\/es\/cultura\/relatos-personales\/me-encantan-los-testimonios\/"]}]},{"@type":"BreadcrumbList","@id":"https:\/\/ayore.org\/es\/cultura\/relatos-personales\/me-encantan-los-testimonios\/#breadcrumb","itemListElement":[{"@type":"ListItem","position":1,"name":"Inicio","item":"https:\/\/ayore.org\/es\/"},{"@type":"ListItem","position":2,"name":"Cultura","item":"https:\/\/ayore.org\/es\/cultura\/"},{"@type":"ListItem","position":3,"name":"Relatos Personales","item":"https:\/\/ayore.org\/es\/cultura\/relatos-personales\/"},{"@type":"ListItem","position":4,"name":"Daju\u00f1angue &#8211; Me encantan los testimonios"}]},{"@type":"WebSite","@id":"https:\/\/ayore.org\/#website","url":"https:\/\/ayore.org\/","name":"AYORE.ORG","description":"Idioma, Cultura e Historia de la Tribu Ayor\u00e9","potentialAction":[{"@type":"SearchAction","target":{"@type":"EntryPoint","urlTemplate":"https:\/\/ayore.org\/?s={search_term_string}"},"query-input":{"@type":"PropertyValueSpecification","valueRequired":true,"valueName":"search_term_string"}}],"inLanguage":"es-AR"}]}},"_links":{"self":[{"href":"https:\/\/ayore.org\/es\/wp-json\/wp\/v2\/pages\/2965","targetHints":{"allow":["GET"]}}],"collection":[{"href":"https:\/\/ayore.org\/es\/wp-json\/wp\/v2\/pages"}],"about":[{"href":"https:\/\/ayore.org\/es\/wp-json\/wp\/v2\/types\/page"}],"author":[{"embeddable":true,"href":"https:\/\/ayore.org\/es\/wp-json\/wp\/v2\/users\/2"}],"replies":[{"embeddable":true,"href":"https:\/\/ayore.org\/es\/wp-json\/wp\/v2\/comments?post=2965"}],"version-history":[{"count":3,"href":"https:\/\/ayore.org\/es\/wp-json\/wp\/v2\/pages\/2965\/revisions"}],"predecessor-version":[{"id":3050,"href":"https:\/\/ayore.org\/es\/wp-json\/wp\/v2\/pages\/2965\/revisions\/3050"}],"up":[{"embeddable":true,"href":"https:\/\/ayore.org\/es\/wp-json\/wp\/v2\/pages\/284"}],"wp:attachment":[{"href":"https:\/\/ayore.org\/es\/wp-json\/wp\/v2\/media?parent=2965"}],"curies":[{"name":"wp","href":"https:\/\/api.w.org\/{rel}","templated":true}]}}