{"id":2923,"date":"2019-02-13T19:23:22","date_gmt":"2019-02-13T19:23:22","guid":{"rendered":"https:\/\/ayore.org\/?page_id=2923"},"modified":"2019-03-28T03:35:44","modified_gmt":"2019-03-28T03:35:44","slug":"comai-un-lugar-para-aprender-de-la-palabra-de-dupade","status":"publish","type":"page","link":"https:\/\/ayore.org\/es\/cultura\/ensenanzas\/comai-un-lugar-para-aprender-de-la-palabra-de-dupade\/","title":{"rendered":"Comai &#8211; Un lugar para aprender de la palabra de Dupade"},"content":{"rendered":"\n<p><em>Dupade Uruode jogadi cuse to ome ore<\/em><\/p>\n\n\n\n<p><strong>Un lugar para aprender de la Palabra de Dupade.<\/strong>\u00a0<em>\u00a0 <\/em><\/p>\n\n\n\n<p><strong><em>Introducci\u00f3n de Comai:<\/em><\/strong>&nbsp;<\/p>\n\n\n\n<p>Estoy agradecido esta noche por las noticias sobre nuestros amigos,&nbsp;los&nbsp;<em>Guidaigosode<\/em>&nbsp;que nuestro amigo Dav\u00edd\u00e9 (tambi\u00e9n llamado Ecarai) ha compartido con nosotros, noticias provenientes del pueblo de&nbsp;los&nbsp;<em>Guidaigosode<\/em>. Tambi\u00e9n estoy agradecido de saber que ahora&nbsp;los&nbsp;<em>Guidaigosode<\/em>&nbsp;tienen&nbsp;donde&nbsp;ir para escuchar&nbsp;las palabras de Dupade. Y estoy agradecido de saber que ahora tienen&nbsp;un lugar para aprender sobre las palabras de Dupade. Siempre rezamos por ustedes&nbsp;para que escuchen&nbsp;las palabras de Dupade y les presten&nbsp;atenci\u00f3n y tambi\u00e9n crean&nbsp;en Dupade.&nbsp;<\/p>\n\n\n\n<p><strong><em>Las palabras de Dupade no son las palabras de un ser humano sino las palabras de Dupade<\/em><\/strong><strong><em>:<\/em><\/strong>&nbsp;<\/p>\n\n\n\n<p>Sabemos que apenas pueden&nbsp;entender las&nbsp;ense\u00f1anzas&nbsp;de&nbsp;los&nbsp;coj\u00f1one, porque su comprensi\u00f3n del idioma&nbsp;ayor\u00e9 no es muy buena todav\u00eda. Pero lo que quieren&nbsp;ellos&nbsp;es lo que queremos, y eso es contarles las palabras de Dupade. Todos queremos que entiendan&nbsp;las palabras de Dupade. Queremos que entiendan&nbsp;que lo que&nbsp;les&nbsp;decimos no son nuestras propias palabras, sino las palabras de Dupade&nbsp;mismo. Solo queremos decirles&nbsp;lo que entendemos, que solo las palabras de Dupade son verdaderas. No son las palabras de los humanos. Pero las palabras de Dupade.&nbsp;<\/p>\n\n\n\n<p><strong>Oramos para que obedezcan las palabras de Dupade, tambi\u00e9n:<\/strong><\/p>\n\n\n\n<p> Quiero\u00a0verlos\u00a0un d\u00eda\u00a0y\u00a0poder\u00a0ense\u00f1arles\u00a0las palabras de Dupade cara a cara. Me gustar\u00eda darles\u00a0mi testimonio y asegurarles\u00a0que las palabras de Dupade son verdaderas. Dupade quiere que todos nosotros, los ayor\u00e9os, detengamos nuestras formas anteriores. \u00c9l quiere que dejemos de pecar. \u00c9l quiere que lo sigamos\u00a0a \u00e9l\u00a0y que creamos en \u00e9l, y que hagamos todo lo que \u00e9l nos pide que hagamos.\u00a0<\/p>\n\n\n\n<p><strong><em>Dupade cre\u00f3 el mundo hace mucho tiempo por medio de su poder:<\/em><\/strong>&nbsp;<\/p>\n\n\n\n<p>Sabemos que ninguna persona humana sabe c\u00f3mo se fabric\u00f3 la tierra. Pero sabemos que los seres humanos no lo hicieron. Todo est\u00e1&nbsp;explicado&nbsp;en las palabras de Dupade, que afirman que la tierra y todo lo que&nbsp;contiene&nbsp;estaba hecho por Dupade al principio. Nos dice&nbsp;que,&nbsp;al principio, antes de que hubiera humanos o animales, Dupade hizo la tierra con su poder.&nbsp;<\/p>\n\n\n\n<p><strong><em>Dupade dividi\u00f3 la oscuridad e hizo aparecer la luz:<\/em><\/strong>&nbsp;<\/p>\n\n\n\n<p>Dupade hizo esta tierra al principio, y en seis d\u00edas complet\u00f3 todo. Al principio, dice, Dupade vio que esta tierra estaba completamente a oscuras. As\u00ed que Dupade dividi\u00f3 la oscuridad y la junt\u00f3. Y en la parte donde hab\u00eda estado la luz del d\u00eda apareci\u00f3. Dupade hizo todo para que los humanos no nos preguntemos c\u00f3mo se fabric\u00f3 la tierra. Dupade hizo la luz del d\u00eda para que los humanos pudieran trabajar, viajar y servirle. Por otro lado, \u00e9l hizo la noche para que las personas pudi\u00e9ramos descansar y dormir.&nbsp;<\/p>\n\n\n\n<p>Al principio, despu\u00e9s de hacer&nbsp;el&nbsp;d\u00eda y&nbsp;la&nbsp;noche,&nbsp;estos dos&nbsp;ocurrieron como un d\u00eda. Se separ\u00f3 el d\u00eda para que por la noche pudi\u00e9ramos dormir y descansar. Pero las palabras de Dupade nos dicen que lo \u00fanico que se pudo ver al principio fue el agua.&nbsp;<\/p>\n\n\n\n<p><strong><em>Dupade dividi\u00f3 el agua que cubr\u00eda la tierra e hizo aparecer la tierra seca:<\/em><\/strong>&nbsp;<\/p>\n\n\n\n<p>\u202fEsto no es solo mis palabras, pero son palabras de Dupade para que las leamos. Dice que solo hab\u00eda agua hace mucho tiempo. Dice que solo se vio agua en la tierra. Cubri\u00f3 completamente el suelo, pero luego Dupade hizo que el agua se dividiera. Y as\u00ed es como dividi\u00f3 el agua que cubr\u00eda la tierra con la intenci\u00f3n de mantenerla en un solo lugar. Todos los diferentes conductos de agua &#8211; los r\u00edos, los lagos, las piscinas naturales, Dupade hizo que el agua corriera hacia ellos, y toda el agua de esos conductos fluyeron hacia un solo lugar. Y as\u00ed es como Dupade hizo aparecer la tierra seca. Y Dupade termin\u00f3 estas cosas que \u00e9l hizo. <\/p>\n\n\n\n<p>Ahora el agua ya no cubre toda la tierra debido a estas cosas que hizo Dupade. Incluso hoy, cuando las personas vemos lo que \u00c9l ha creado, no dudamos de qui\u00e9n lo hizo porque podemos verlo todav\u00eda.&nbsp;<\/p>\n\n\n\n<p>Dupade reuni\u00f3 toda el agua y la otra parte todav\u00eda est\u00e1 en los lugares, como los r\u00edos, que Dupade hizo para que entrara el agua. Y luego fue que el suelo seco, y ahora se pod\u00eda ver la tierra real. Dupade complet\u00f3 los r\u00edos y la tierra seca. Nuestra morada, la tierra, el mundo, ahora se hizo.&nbsp;<\/p>\n\n\n\n<p><strong><em>Dupade hizo que las cosas crezcan en la tierra en la que vivimos:<\/em><\/strong>&nbsp;<\/p>\n\n\n\n<p>Y Dupade lo vio todo y dijo que el suelo seco era bueno para que las plantas florezcan. Y luego Dupade cre\u00f3 \u00e1rboles frutales para salir del suelo seco. Todo lo que crece fue hecho por \u00e9l. Y as\u00ed fue como en la tierra seca de este mundo hab\u00eda una morada para nosotros.&nbsp;<\/p>\n\n\n\n<p><strong><em>Dupade tambi\u00e9n hizo los animales:<\/em><\/strong>&nbsp;<\/p>\n\n\n\n<p>Dupade tambi\u00e9n hizo los animales en el mundo, todos los diferentes tipos de animales. Fueron hechos por Dupade. Dupade quer\u00eda que la tierra que hab\u00eda creado estuviera habitada.&nbsp;Entonces \u00e9l hizo animales. Observe lo que dice la palabra de Dupade: Dupade hizo todos los animales que caminan sobre la tierra. Y as\u00ed es como nosotros, las personas, vemos toda clase de animales incluso hoy en d\u00eda. Dupade hizo que los \u00e1rboles tengan fruta para que los animales puedan comer. Y el terreno que tambi\u00e9n hizo para que los humanos que vendr\u00edan despu\u00e9s de los animales pudieran trabajarlo y pudi\u00e9ramos hacer nuestros jardines, para que pudi\u00e9ramos comer.&nbsp;<\/p>\n\n\n\n<p>Despu\u00e9s de hacer todos los animales, fue que Dupade termin\u00f3 esta tierra. Vio esta tierra y los animales que hab\u00eda terminado de hacer. Y Dupade, se dice, quer\u00eda que hubiera humanos tambi\u00e9n junto con todos los animales en la tierra.&nbsp;<\/p>\n\n\n\n<p><strong><em>Dupade&nbsp;<\/em><\/strong><strong><em>hizo&nbsp;<\/em><\/strong><strong><em>el primer hombre, y ese joven era como nosotros:<\/em><\/strong>&nbsp;<\/p>\n\n\n\n<p>Dupade&nbsp;tom\u00f3 un poco de tierra.&nbsp;Form\u00f3&nbsp;la tierra&nbsp;que sac\u00f3&nbsp;para hacer&nbsp;de ella&nbsp;a un hombre.&nbsp;Se dice,&nbsp;que&nbsp;hizo al hombre de este suelo humedecido con su saliva y form\u00f3 cada miembro del cuerpo del hombre: sus manos, sus brazos, sus hombros, su rostro, y se dice que luego le dio vida. Pero luego Dupade sopl\u00f3 en las fosas nasales del hombre y le puso un alma viviente. Y as\u00ed es como Dupade termin\u00f3 de hacer al primer hombre, y ese joven era como nosotros.&nbsp;<\/p>\n\n\n\n<p>\u00c9l era un hombre adulto y su nombre era&nbsp;Ad\u00e1n. El primer joven fue hecho por Dupade de la tierra que \u00e9l hab\u00eda hecho, la misma tierra donde vivimos. Todos nosotros, los humanos, hemos descendido del joven que Dupade cre\u00f3 primero, llamado&nbsp;Ad\u00e1n. Dupade sopl\u00f3 aliento en su nariz y le dio una mente y lo convirti\u00f3 en un alma viviente. Nuestro estado de seres humanos inteligentes comenz\u00f3 en el principio y contin\u00faa hasta el d\u00eda de hoy. Y desde ese momento,&nbsp;Ad\u00e1n&nbsp;siempre se preocup\u00f3 por todos los animales que cre\u00f3 Dupade.&nbsp;<\/p>\n\n\n\n<p><strong><em>Dupade dijo que ser\u00eda bueno para el hombre tener a alguien como \u00e9l:<\/em><\/strong>&nbsp;<\/p>\n\n\n\n<p>Ad\u00e1n deb\u00eda hacer nombres para todos los animales que cre\u00f3 Dupade. Y desde entonces tenemos t\u00e9rminos para los diferentes animales. Y luego Dupade mir\u00f3 a todos los animales que hab\u00eda hecho.&nbsp;Andaban todos&nbsp;juntos, en vano. Luego&nbsp;hizo&nbsp;que los animales formaban parejas masculinas con femeninas. Y estaban contentos de estar juntos y viajar juntos. E interactuaron juntos y estaban contentos de estar con los de su propia clase.&nbsp;<\/p>\n\n\n\n<p>Y Dupade dijo: &#8220;Ser\u00eda bueno que el hombre tambi\u00e9n tenga a alguien que lo ayude, alguien como \u00e9l con quien hablar. Y para ir con \u00e9l. Alguien con quien relacionarse. &#8221;&nbsp;&nbsp;<\/p>\n\n\n\n<p>He contado todo sobre esto, c\u00f3mo ese Dupade hizo animales masculinos y femeninos para que los animales pudieran multiplicarse en n\u00famero y llenar la tierra.&nbsp;<\/p>\n\n\n\n<p><strong><em>Dupade hizo una esposa para el hombre que \u00e9l hab\u00eda hecho:<\/em><\/strong>&nbsp;<\/p>\n\n\n\n<p>Por lo tanto, Dupade nos dio, en la posteridad, al primer hombre, nuestro antepasado llamado&nbsp;Ad\u00e1n.&nbsp;Ad\u00e1n&nbsp;durmi\u00f3. El primer joven, el primer humano creado por Dupade, esa persona se fue a dormir. Luego, mientras dorm\u00eda, Dupade le quit\u00f3 una costilla. Y a partir de esa costilla, Dupade hizo una mujer. De esta forma, Dupade proporcion\u00f3 una mujer para ser la acompa\u00f1ante del primer hombre, la mujer que hizo de su costilla. Entonces fue cuando Dupade termin\u00f3 de hacer a la mujer, el hombre se despert\u00f3 y se levant\u00f3 de su cama.&nbsp;<\/p>\n\n\n\n<p>Y se dice que vio a la mujer que estaba a su lado, estaba muy complacido con la mujer. Dupade le dijo al primer hombre: &#8220;Esta persona es tu ayudante&#8221;. Eso fue lo que dijo Dupade.&nbsp;<\/p>\n\n\n\n<p>&#8220;Te unir\u00e1s a \u00e9l&#8221;, le dijo Dupade a la mujer. &#8220;Te he sacado de la costilla que saqu\u00e9 del hombre, y har\u00e1s todo lo que el joven haga. Amarse&nbsp;el uno al otro &#8220;, les dijo.&nbsp;&#8220;Llevan se&nbsp;bien y no se lastimen el uno al otro.&nbsp;Quiero que&nbsp;se&nbsp;multipliquen&nbsp;en n\u00famero para que haya mucha gente en la tierra como ustedes&nbsp;&#8220;.&nbsp;<\/p>\n\n\n\n<p><strong><em>Dupade puso las cosas que hizo en los&nbsp;<\/em><\/strong><strong><em>ambientes&nbsp;<\/em><\/strong><strong><em>que les&nbsp;<\/em><\/strong><strong><em>correspond\u00eda<\/em><\/strong><strong><em>:<\/em><\/strong>&nbsp;<\/p>\n\n\n\n<p>As\u00ed es como Dupade hizo esta tierra y las cosas que hay en ella. Pero volvamos y te explicar\u00e9 algo m\u00e1s. Se dice que Dupade ten\u00eda un prop\u00f3sito para las cosas que \u00e9l hac\u00eda, no solo las hizo para nada. Quer\u00eda al principio que todas las criaturas que cre\u00f3 tuvieran los&nbsp;ambientes&nbsp;adecuados que necesitaban.&nbsp;<\/p>\n\n\n\n<p>Y as\u00ed fue como Dupade cre\u00f3 todo tipo de ambiente (tierra) para que las criaturas morasen en \u00e9l. Mir\u00f3 el agua, pero vio que no hab\u00eda criaturas que le pertenecieran, por lo que hizo&nbsp;los&nbsp;pescados; el agua era el ambiente para los peces. Y Dupade cre\u00f3 todas las otras criaturas que necesitaban agua para su entorno. Adem\u00e1s de los diversos tipos de peces, cre\u00f3: cocodrilos, caimanes, castores, mam\u00edferos de pie palmeados, todos estos tipos de animales y muchos m\u00e1s.&nbsp;<\/p>\n\n\n\n<p>Dupade tambi\u00e9n hizo los animales que necesitaban el suelo.&nbsp;Se dice que Dupade hizo que estos animales tuvieran como su tierra el suelo, de modo que las cosas que \u00e9l hab\u00eda terminado de fabricar tendr\u00edan sus propios entornos.&nbsp;<\/p>\n\n\n\n<p>Dios tambi\u00e9n hizo el cielo para todos los p\u00e1jaros. Los p\u00e1jaros de todo tipo. \u00c9l hizo el cielo para que ellos volaran. Y \u00e9l hizo los otros animales y su entorno era la tierra.&nbsp;<\/p>\n\n\n\n<p><strong><em>Cada ambiente ten\u00eda criaturas para habitar en \u00e9l:<\/em><\/strong>&nbsp;<\/p>\n\n\n\n<p>Dupade hizo la luna para que proveyera luz a los humanos y animales a todos ellos, y para todo el mundo por la noche. Dupade hizo el sol&nbsp;para brillar&nbsp;durante el d\u00eda para que proporcionara luz a la gente durante el d\u00eda, al igual que hac\u00eda que la luna brillara sobre la tierra y su gente durante la noche. Todo lo que Dupade cre\u00f3 era parte del entorno que Dupade sab\u00eda que las criaturas necesitar\u00edan. Hab\u00eda todo tipo de ambiente. Por lo tanto, Dupade y nosotros hemos observado todas estas cosas hasta el d\u00eda de hoy.&nbsp;<\/p>\n\n\n\n<p>Estas fueron todas las cosas que Dupade cre\u00f3 con sus palabras y no hay forma de que mintiera al respecto. Dupade es muy sincero.&nbsp;<\/p>\n\n\n\n<p>Dupade cre\u00f3 el d\u00eda, y es el mismo tipo de d\u00eda que vemos incluso hoy en d\u00eda, estos d\u00edas que Dupade ha hecho se hicieron para que las personas pudi\u00e9ramos ver las cosas. Cuando consideramos todas las cosas que Dupade hizo que a\u00fan existen hoy, sabemos que las palabras de Dupade son muy ciertas ya que todav\u00eda estamos viendo las cosas que \u00e9l cre\u00f3&nbsp;<\/p>\n\n\n\n<p><strong><em>Todas las personas, todos los animales<\/em><\/strong><strong><em>&nbsp;<\/em><\/strong><strong><em>tenemos un creador que es Dupade<\/em><\/strong><strong><em>:<\/em><\/strong>&nbsp;<\/p>\n\n\n\n<p>Nosotros los humanos no podr\u00edamos haber hecho esta tierra. Dupade lo hizo. Es la creaci\u00f3n de Dupade. Hizo la noche, la misma noche que todav\u00eda tenemos durante la cual todos dormimos. Dupade hizo el d\u00eda. La misma luz del d\u00eda que nos permite ver las cosas incluso hoy. Dupade hizo la tierra. Esta misma tierra.&nbsp;La tierra que los humanos tenemos como nuestro medio ambiente. Dupade cre\u00f3 los \u00e1rboles altos cuyas cabezas vemos sobre nosotros que pertenecen al bosque. Los animales que vemos hoy fueron todos hechos por Dupade. Y el primer hombre que hizo Dupade, somos nosotros, porque todos hemos descendido de \u00e9l y de la mujer que Dupade le dio para completarlo. Y todos nosotros hemos nacido de mujeres; las mujeres que han descendido de la primera mujer han llenado la tierra de personas y seguimos llen\u00e1ndola.&nbsp;<\/p>\n\n\n\n<p>Nosotros, la gente de esta tierra, no venimos de otro lado; no vinimos a la tierra desde otro lugar. Nosotros los humanos no tenemos otra fuente. Nuestra \u00fanica fuente es&nbsp;Ad\u00e1n, el primer hombre que hizo Dupade hace mucho tiempo, y de&nbsp;Eva, la mujer que hizo Dupade. Ella es &#8216;nuestra madre&#8217;, la madre de todos los humanos. Y &#8216;nuestro padre&#8217; es&nbsp;Ad\u00e1n, todos nosotros los humanos. Si somos Ayoreos o Coj\u00f1one, todos hemos descendido del primer hombre, el primer humano que hizo Dupade.&nbsp;<\/p>\n\n\n\n<p><strong><em>El primer ambiente del primer hombre y su esposa fue&nbsp;<\/em><\/strong><strong><em>el jard\u00edn de&nbsp;<\/em><\/strong><strong><em>Dupade:<\/em><\/strong>&nbsp;<\/p>\n\n\n\n<p>Despu\u00e9s de crear todas estas cosas, Dupade llev\u00f3 a los primeros humanos, Ad\u00e1n y Eva, a su jard\u00edn. Dupade coloc\u00f3 todo lo que necesitar\u00edan a su alcance hasta que desarrollaran la fuerza necesaria para mantenerse a s\u00ed mismos.&nbsp;Dupade los coloc\u00f3 en su jard\u00edn porque ten\u00eda todo lo que necesitar\u00edan. Dupade vendr\u00eda a ellos, a estos primeros humanos que \u00e9l hab\u00eda creado. Los que \u00e9l hab\u00eda puesto en su jard\u00edn. Toda la comida que necesitar\u00edan la puso delante de ellos. Todas las cosas que pens\u00f3 crear para ellos estaban all\u00ed. Quer\u00eda que fueran felices y prosperasen, y que no olvidaran que Dupade fue quien los cre\u00f3. Al principio hicieron todo lo que Dupade les dijo que hicieran,&nbsp;sin falta. Incluso las cosas que eran nuevas para ellos lo hicieron porque ten\u00edan los o\u00eddos abiertos para hacer lo que Dupade quer\u00eda que hicieran.&nbsp;<\/p>\n\n\n\n<p><strong>Llave:<\/strong>\u00a0<\/p>\n\n\n\n<p>Dupade &#8211; Dios&nbsp;<\/p>\n\n\n\n<p>Palabras de Dupade &#8211; Palabra de Dios&nbsp;<\/p>\n\n\n\n<p>Guidaigosode&nbsp;\u2013&nbsp;Uno&nbsp;de los grupos ayoreos&nbsp;en Paraguay&nbsp;<\/p>\n\n\n\n<p>Coj\u00f1one &#8211; Gente no ayor\u00e9, gente blanca <\/p>\n\n\n\n<p>Las orejas estaban abiertas&nbsp;\u2013&nbsp;Era obediente&nbsp;<\/p>\n\n\n\n<p><em>Comai<\/em><strong><em>&nbsp;<\/em><\/strong><em>\u2013<\/em>&nbsp;<em>Zapoco, Bolivia \u2013 1960.&nbsp;<\/em>&nbsp;<\/p>\n\n\n\n<p><em>Transcrito y traducido por: Maxine Morarie.<\/em>&nbsp;<\/p>\n\n\n\n<div class=\"navigation\"><div class=\"alignleft\"><a href=\"https:\/\/ayore.org\/es\/cultura\/ensenanzas\/comai-deberian-cuidar-mi-jardin\/\"title=\"Comai &#8211; Deber\u00edan cuidar mi jard\u00edn\"><img loading=\"lazy\" decoding=\"async\" src=\"https:\/\/ayore.org\/wp-content\/uploads\/2018\/10\/left-arrow.png\" width=\"50\" height=\"48\" alt=\"left arrow\"><\/a><\/div><div class=\"alignright\"><a href=\"https:\/\/ayore.org\/es\/cultura\/ensenanzas\/dijaide-josuede-nos-llamaran-locos\/\"title=\"Dijaide (Josued\u00e9) &#8211; Nos llamar\u00e1n locos\"><img loading=\"lazy\" decoding=\"async\" src=\"https:\/\/ayore.org\/wp-content\/uploads\/2018\/10\/right-arrow.png\" width=\"50\" height=\"48\" alt=\"right arrow\"><\/a><\/div>\n","protected":false},"excerpt":{"rendered":"<p>Dupade Uruode jogadi cuse to ome ore Un lugar para aprender de la Palabra de Dupade.\u00a0\u00a0 Introducci\u00f3n de Comai:&nbsp; Estoy agradecido esta noche por las noticias sobre nuestros amigos,&nbsp;los&nbsp;Guidaigosode&nbsp;que nuestro amigo Dav\u00edd\u00e9 (tambi\u00e9n llamado Ecarai) ha compartido con nosotros, noticias<\/p>\n","protected":false},"author":2,"featured_media":0,"parent":298,"menu_order":0,"comment_status":"closed","ping_status":"closed","template":"","meta":{"footnotes":""},"class_list":["post-2923","page","type-page","status-publish","hentry"],"yoast_head":"<!-- This site is optimized with the Yoast SEO plugin v27.4 - https:\/\/yoast.com\/product\/yoast-seo-wordpress\/ -->\n<title>Ayore\u0301 Ense\u00f1anzas: Un Lugar Para Aprender De La Palabra De Dupade. \u2022 Ayore.org<\/title>\n<meta name=\"robots\" content=\"index, follow, max-snippet:-1, max-image-preview:large, max-video-preview:-1\" \/>\n<link rel=\"canonical\" href=\"https:\/\/ayore.org\/es\/cultura\/ensenanzas\/comai-un-lugar-para-aprender-de-la-palabra-de-dupade\/\" \/>\n<meta property=\"og:locale\" content=\"es_ES\" \/>\n<meta property=\"og:type\" content=\"article\" \/>\n<meta property=\"og:title\" content=\"Ayore\u0301 Ense\u00f1anzas: Un Lugar Para Aprender De La Palabra De Dupade. \u2022 Ayore.org\" \/>\n<meta property=\"og:description\" content=\"Dupade Uruode jogadi cuse to ome ore Un lugar para aprender de la Palabra de Dupade.\u00a0\u00a0 Introducci\u00f3n de Comai:&nbsp; Estoy agradecido esta noche por las noticias sobre nuestros amigos,&nbsp;los&nbsp;Guidaigosode&nbsp;que nuestro amigo Dav\u00edd\u00e9 (tambi\u00e9n llamado Ecarai) ha compartido con nosotros, noticias\" \/>\n<meta property=\"og:url\" content=\"https:\/\/ayore.org\/es\/cultura\/ensenanzas\/comai-un-lugar-para-aprender-de-la-palabra-de-dupade\/\" \/>\n<meta property=\"og:site_name\" content=\"AYORE.ORG\" \/>\n<meta property=\"article:modified_time\" content=\"2019-03-28T03:35:44+00:00\" \/>\n<meta name=\"twitter:card\" content=\"summary_large_image\" \/>\n<meta name=\"twitter:label1\" content=\"Tiempo de lectura\" \/>\n\t<meta name=\"twitter:data1\" content=\"13 minutos\" \/>\n<script type=\"application\/ld+json\" class=\"yoast-schema-graph\">{\"@context\":\"https:\\\/\\\/schema.org\",\"@graph\":[{\"@type\":\"WebPage\",\"@id\":\"https:\\\/\\\/ayore.org\\\/es\\\/cultura\\\/ensenanzas\\\/comai-un-lugar-para-aprender-de-la-palabra-de-dupade\\\/\",\"url\":\"https:\\\/\\\/ayore.org\\\/es\\\/cultura\\\/ensenanzas\\\/comai-un-lugar-para-aprender-de-la-palabra-de-dupade\\\/\",\"name\":\"Ayore\u0301 Ense\u00f1anzas: Un Lugar Para Aprender De La Palabra De Dupade. \u2022 Ayore.org\",\"isPartOf\":{\"@id\":\"https:\\\/\\\/ayore.org\\\/#website\"},\"datePublished\":\"2019-02-13T19:23:22+00:00\",\"dateModified\":\"2019-03-28T03:35:44+00:00\",\"breadcrumb\":{\"@id\":\"https:\\\/\\\/ayore.org\\\/es\\\/cultura\\\/ensenanzas\\\/comai-un-lugar-para-aprender-de-la-palabra-de-dupade\\\/#breadcrumb\"},\"inLanguage\":\"es-AR\",\"potentialAction\":[{\"@type\":\"ReadAction\",\"target\":[\"https:\\\/\\\/ayore.org\\\/es\\\/cultura\\\/ensenanzas\\\/comai-un-lugar-para-aprender-de-la-palabra-de-dupade\\\/\"]}]},{\"@type\":\"BreadcrumbList\",\"@id\":\"https:\\\/\\\/ayore.org\\\/es\\\/cultura\\\/ensenanzas\\\/comai-un-lugar-para-aprender-de-la-palabra-de-dupade\\\/#breadcrumb\",\"itemListElement\":[{\"@type\":\"ListItem\",\"position\":1,\"name\":\"Inicio\",\"item\":\"https:\\\/\\\/ayore.org\\\/es\\\/\"},{\"@type\":\"ListItem\",\"position\":2,\"name\":\"Cultura\",\"item\":\"https:\\\/\\\/ayore.org\\\/es\\\/cultura\\\/\"},{\"@type\":\"ListItem\",\"position\":3,\"name\":\"Ense\u00f1anzas\",\"item\":\"https:\\\/\\\/ayore.org\\\/es\\\/cultura\\\/ensenanzas\\\/\"},{\"@type\":\"ListItem\",\"position\":4,\"name\":\"Comai &#8211; Un lugar para aprender de la palabra de Dupade\"}]},{\"@type\":\"WebSite\",\"@id\":\"https:\\\/\\\/ayore.org\\\/#website\",\"url\":\"https:\\\/\\\/ayore.org\\\/\",\"name\":\"AYORE.ORG\",\"description\":\"Idioma, Cultura e Historia de la Tribu Ayor\u00e9\",\"potentialAction\":[{\"@type\":\"SearchAction\",\"target\":{\"@type\":\"EntryPoint\",\"urlTemplate\":\"https:\\\/\\\/ayore.org\\\/?s={search_term_string}\"},\"query-input\":{\"@type\":\"PropertyValueSpecification\",\"valueRequired\":true,\"valueName\":\"search_term_string\"}}],\"inLanguage\":\"es-AR\"}]}<\/script>\n<!-- \/ Yoast SEO plugin. -->","yoast_head_json":{"title":"Ayore\u0301 Ense\u00f1anzas: Un Lugar Para Aprender De La Palabra De Dupade. \u2022 Ayore.org","robots":{"index":"index","follow":"follow","max-snippet":"max-snippet:-1","max-image-preview":"max-image-preview:large","max-video-preview":"max-video-preview:-1"},"canonical":"https:\/\/ayore.org\/es\/cultura\/ensenanzas\/comai-un-lugar-para-aprender-de-la-palabra-de-dupade\/","og_locale":"es_ES","og_type":"article","og_title":"Ayore\u0301 Ense\u00f1anzas: Un Lugar Para Aprender De La Palabra De Dupade. \u2022 Ayore.org","og_description":"Dupade Uruode jogadi cuse to ome ore Un lugar para aprender de la Palabra de Dupade.\u00a0\u00a0 Introducci\u00f3n de Comai:&nbsp; Estoy agradecido esta noche por las noticias sobre nuestros amigos,&nbsp;los&nbsp;Guidaigosode&nbsp;que nuestro amigo Dav\u00edd\u00e9 (tambi\u00e9n llamado Ecarai) ha compartido con nosotros, noticias","og_url":"https:\/\/ayore.org\/es\/cultura\/ensenanzas\/comai-un-lugar-para-aprender-de-la-palabra-de-dupade\/","og_site_name":"AYORE.ORG","article_modified_time":"2019-03-28T03:35:44+00:00","twitter_card":"summary_large_image","twitter_misc":{"Tiempo de lectura":"13 minutos"},"schema":{"@context":"https:\/\/schema.org","@graph":[{"@type":"WebPage","@id":"https:\/\/ayore.org\/es\/cultura\/ensenanzas\/comai-un-lugar-para-aprender-de-la-palabra-de-dupade\/","url":"https:\/\/ayore.org\/es\/cultura\/ensenanzas\/comai-un-lugar-para-aprender-de-la-palabra-de-dupade\/","name":"Ayore\u0301 Ense\u00f1anzas: Un Lugar Para Aprender De La Palabra De Dupade. \u2022 Ayore.org","isPartOf":{"@id":"https:\/\/ayore.org\/#website"},"datePublished":"2019-02-13T19:23:22+00:00","dateModified":"2019-03-28T03:35:44+00:00","breadcrumb":{"@id":"https:\/\/ayore.org\/es\/cultura\/ensenanzas\/comai-un-lugar-para-aprender-de-la-palabra-de-dupade\/#breadcrumb"},"inLanguage":"es-AR","potentialAction":[{"@type":"ReadAction","target":["https:\/\/ayore.org\/es\/cultura\/ensenanzas\/comai-un-lugar-para-aprender-de-la-palabra-de-dupade\/"]}]},{"@type":"BreadcrumbList","@id":"https:\/\/ayore.org\/es\/cultura\/ensenanzas\/comai-un-lugar-para-aprender-de-la-palabra-de-dupade\/#breadcrumb","itemListElement":[{"@type":"ListItem","position":1,"name":"Inicio","item":"https:\/\/ayore.org\/es\/"},{"@type":"ListItem","position":2,"name":"Cultura","item":"https:\/\/ayore.org\/es\/cultura\/"},{"@type":"ListItem","position":3,"name":"Ense\u00f1anzas","item":"https:\/\/ayore.org\/es\/cultura\/ensenanzas\/"},{"@type":"ListItem","position":4,"name":"Comai &#8211; Un lugar para aprender de la palabra de Dupade"}]},{"@type":"WebSite","@id":"https:\/\/ayore.org\/#website","url":"https:\/\/ayore.org\/","name":"AYORE.ORG","description":"Idioma, Cultura e Historia de la Tribu Ayor\u00e9","potentialAction":[{"@type":"SearchAction","target":{"@type":"EntryPoint","urlTemplate":"https:\/\/ayore.org\/?s={search_term_string}"},"query-input":{"@type":"PropertyValueSpecification","valueRequired":true,"valueName":"search_term_string"}}],"inLanguage":"es-AR"}]}},"_links":{"self":[{"href":"https:\/\/ayore.org\/es\/wp-json\/wp\/v2\/pages\/2923","targetHints":{"allow":["GET"]}}],"collection":[{"href":"https:\/\/ayore.org\/es\/wp-json\/wp\/v2\/pages"}],"about":[{"href":"https:\/\/ayore.org\/es\/wp-json\/wp\/v2\/types\/page"}],"author":[{"embeddable":true,"href":"https:\/\/ayore.org\/es\/wp-json\/wp\/v2\/users\/2"}],"replies":[{"embeddable":true,"href":"https:\/\/ayore.org\/es\/wp-json\/wp\/v2\/comments?post=2923"}],"version-history":[{"count":2,"href":"https:\/\/ayore.org\/es\/wp-json\/wp\/v2\/pages\/2923\/revisions"}],"predecessor-version":[{"id":3551,"href":"https:\/\/ayore.org\/es\/wp-json\/wp\/v2\/pages\/2923\/revisions\/3551"}],"up":[{"embeddable":true,"href":"https:\/\/ayore.org\/es\/wp-json\/wp\/v2\/pages\/298"}],"wp:attachment":[{"href":"https:\/\/ayore.org\/es\/wp-json\/wp\/v2\/media?parent=2923"}],"curies":[{"name":"wp","href":"https:\/\/api.w.org\/{rel}","templated":true}]}}