{"id":2921,"date":"2019-02-13T19:21:00","date_gmt":"2019-02-13T19:21:00","guid":{"rendered":"https:\/\/ayore.org\/?page_id=2921"},"modified":"2019-03-28T03:02:37","modified_gmt":"2019-03-28T03:02:37","slug":"comai-duermen-un-poco-en-el-cielo","status":"publish","type":"page","link":"https:\/\/ayore.org\/es\/cultura\/ensenanzas\/comai-duermen-un-poco-en-el-cielo\/","title":{"rendered":"Comai  &#8211; Duermen un poco en el cielo"},"content":{"rendered":"\n<p> <em>Am\u00f3\u00f1oji gat\u00e9<\/em> <\/p>\n\n\n\n<p><strong><em>Vamos a orar a&nbsp;<\/em><\/strong><strong><em>Dupade<\/em><\/strong><strong><em>&nbsp;que hizo esta tierra:<\/em><\/strong><strong><em>&nbsp;<\/em><\/strong>&nbsp;<\/p>\n\n\n\n<p>Oremos.<\/p>\n\n\n\n<p>Yoqui-<em>Dupade<\/em>, t\u00fa habitas sobre el cielo y nos ves a todos nosotros. T\u00fa creaste este mundo y nosotros que vivimos en \u00e9l. Y t\u00fa,&nbsp;<em>Dupade<\/em>, sepas lo que estamos pensando.&nbsp; <\/p>\n\n\n\n<p><strong><em>Rezamos a Dupade quien nos cambia y seguimos un nuevo camino:<\/em><\/strong>&nbsp;<\/p>\n\n\n\n<p><em>Dupade<\/em>, eres nuestro. Te pedimos que nos ayudes hoy a ponerte los ojos encima. Sabemos lo poderoso que eres,\u00a0<em>Dupade<\/em>, lo suficientemente poderoso como para cambiarnos y mostrarnos las verdades en tus Palabras. <\/p>\n\n\n\n<p><strong><em>Roguemos a Dupade que es m\u00e1s grande que todos:<\/em><\/strong>&nbsp;<\/p>\n\n\n\n<p>Sabemos,\u00a0<em>Dupade<\/em>, que tenemos un enemigo que es <em>Satan\u00e1s<\/em>, y que <em>Satan\u00e1s<\/em> es un esp\u00edritu\u00a0que camina. <em>Satan\u00e1s<\/em> odia tus palabras, <em>Dupade<\/em>. \u00c9l no quiere que conozcamos tus palabras, y sabemos que es m\u00e1s poderoso que nosotros, y m\u00e1s fuerte que nosotros. \u00c9l es m\u00e1s inteligente que nosotros, los humanos, pero cu\u00e1n agradecidos estamos de que tengamos a tu <em>Hijo Jes\u00fas <\/em>como\u00a0el gran\u00a0l\u00edder\u00a0que escuchamos, y \u00e9l es mucho m\u00e1s grande que nuestro enemigo, <em>Satan\u00e1s<\/em>. Confiamos en tu <em>Hijo Cristo<\/em> y tu <em>Hijo<\/em> nos dice que \u00e9l est\u00e1 con nosotros y quiere ayudarnos a entender tus palabras. \u00c9l tambi\u00e9n se preocupa por nosotros y nos protege de <em>Satan\u00e1s<\/em>.\u00a0<\/p>\n\n\n\n<p><strong><em>Roguemos a Dupade quien nos ha dado su Palabra:<\/em><\/strong>&nbsp;<\/p>\n\n\n\n<p>Estamos muy agradecidos contigo, nuestro\u00a0<em>Dupade<\/em>, que ahora entre nosotros los\u00a0<em>Direqued\u00e9jnagosode<\/em>\u00a0y los\u00a0<em>Cochac\u00f3igosode<\/em>\u00a0hay\u00a0aquellos que te conocen\u00a0y creen\u00a0en\u00a0tu <em>Hijo Jes\u00fas.\u00a0Dupade<\/em> nuestro, sabemos que anteriormente \u00e9ramos personas feroces y malvadas, pero fue entonces cuando no conocimos tus palabras. <\/p>\n\n\n\n<p>Nosotros, los\u00a0<em>Direqued\u00e9jnaigosode<\/em>\u00a0y los\u00a0<em>Cochacoigosode<\/em>, no sab\u00edamos tus palabras antes de que nos las trajeron a nosotros. Estamos muy agradecidos de que en estos d\u00edas algunos de los ayor\u00e9os de estos dos grupos hayan escuchado tus palabras y hayan cre\u00eddo en ti. Trabajaste en nuestros corazones por medio de tus palabras para que ahora tambi\u00e9n creamos en ti. Pero sin tus palabras, \u00e9ramos personas feroces, viviendo en la selva. Pero una vez que conocimos tus palabras, pudiste cambiar nuestros caminos y traernos a la fe en ti mismo. <\/p>\n\n\n\n<p><strong><em>Oramos<\/em><\/strong><strong><em>&nbsp;a Dupade que escucha las oraciones de nuestra gente:<\/em><\/strong>&nbsp;<\/p>\n\n\n\n<p>Tengo fe en ti,\u00a0<em>Dupade<\/em>, que alg\u00fan d\u00eda har\u00e1s lo que te pedimos sobre nuestros amigos, los\u00a0<em>Guidaigosode.<\/em> Y algunos de ellos tambi\u00e9n creer\u00e1n en ti. Y algunos de ellos se entregar\u00e1n a ti y pondr\u00e1s tus palabras en ellos. <\/p>\n\n\n\n<p><em>Dupade<\/em>, escucha estas oraciones nuestras. Hemos estado orando por\u00a0los\u00a0<em>Guidaigosode\u00a0<\/em>por mucho tiempo, porque son nuestros compa\u00f1eros ayor\u00e9os. Gu\u00e1rdalos, tambi\u00e9n, <em>Dupade<\/em>, del pecado. De esa manera puedes tomar algunos de ellos y, a trav\u00e9s de tus palabras, llevarlos a la fe en tu <em>Hijo Jes\u00fas.\u00a0<\/em><\/p>\n\n\n\n<p>Danos comprensi\u00f3n a todos nosotros,\u00a0<em>Dupade<\/em>. Y den comprensi\u00f3n a nuestros amigos, a los\u00a0<em>Guidaigosode<\/em> y a los misioneros que tambi\u00e9n son tus creyentes. Ay\u00fadelos a los misioneros a saber c\u00f3mo ense\u00f1ar a los <em>Guidaigosode\u00a0<\/em>sobre tus palabras. Lleva tus palabras a nuestros amigos, los <em>Guidaigosode,<\/em> porque queremos que se alcance el mundo entero con tus palabras, para que todos podamos saber lo que tu <em>Hijo Jes\u00fas<\/em> dijo sobre volver a sus creyentes y llevarlos con \u00e9l a la ciudad de <em>Dupade<\/em>.\u00a0<\/p>\n\n\n\n<p>Dejamos nuestras oraciones en tus manos,&nbsp;<em>Dupade<\/em>, por el nombre de tu <em>Hijo Jes\u00fas<\/em>. Am\u00e9n.&nbsp;<\/p>\n\n\n\n<p><strong>Clave:&nbsp; <\/strong>Guidaigosode \u2013&nbsp;Uno&nbsp;de los grupos&nbsp;ayoreos&nbsp;en Paraguay&nbsp;<\/p>\n\n\n\n<p>Direqued\u00e9jnagosode&nbsp;\u2013&nbsp;Uno&nbsp;de los grupos&nbsp;ayoreos&nbsp;en&nbsp;Bolivia&nbsp;<\/p>\n\n\n\n<p>Cochac\u00f3igosode&nbsp;&#8211;&nbsp;Uno de los grupos&nbsp;ayoreos&nbsp;en&nbsp;Bolivia&nbsp;<\/p>\n\n\n\n<p><em>Comai \u2013 Zapoco, Bolivia \u2013 1960<\/em><em>&nbsp;<\/em>&nbsp;<\/p>\n\n\n\n<p><em>Transcrito y&nbsp;traducido&nbsp;por: Maxine Morarie<\/em>&nbsp;<\/p>\n\n\n\n<div class=\"navigation\"><div class=\"alignleft\"><a href=\"https:\/\/ayore.org\/es\/cultura\/ensenanzas\/ecarai-davide-lo-que-dice-dupade-es-verdad\/\"title=\"Ecarai (Davide\u0301) \u2013 Lo que dice Dupade es verdad\"><img loading=\"lazy\" decoding=\"async\" src=\"https:\/\/ayore.org\/wp-content\/uploads\/2018\/10\/left-arrow.png\" width=\"50\" height=\"48\" alt=\"left arrow\"><\/a><\/div><div class=\"alignright\"><a href=\"https:\/\/ayore.org\/es\/cultura\/ensenanzas\/chagaide-que-ninguno-de-ustedes-se-averguence-de-dupade\/\"title=\"Chagaid\u00e9 &#8211; Que Ninguno De Ustedes Se Averg\u00fcence De Dupade\"><img loading=\"lazy\" decoding=\"async\" src=\"https:\/\/ayore.org\/wp-content\/uploads\/2018\/10\/right-arrow.png\" width=\"50\" height=\"48\" alt=\"right arrow\"><\/a><\/div>\n","protected":false},"excerpt":{"rendered":"<p>Am\u00f3\u00f1oji gat\u00e9 Vamos a orar a&nbsp;Dupade&nbsp;que hizo esta tierra:&nbsp;&nbsp; Oremos. Yoqui-Dupade, t\u00fa habitas sobre el cielo y nos ves a todos nosotros. T\u00fa creaste este mundo y nosotros que vivimos en \u00e9l. Y t\u00fa,&nbsp;Dupade, sepas lo que estamos pensando.&nbsp; Rezamos<\/p>\n","protected":false},"author":2,"featured_media":0,"parent":298,"menu_order":0,"comment_status":"closed","ping_status":"closed","template":"","meta":{"footnotes":""},"class_list":["post-2921","page","type-page","status-publish","hentry"],"yoast_head":"<!-- This site is optimized with the Yoast SEO plugin v27.4 - https:\/\/yoast.com\/product\/yoast-seo-wordpress\/ -->\n<title>Ayore\u0301 Ense\u00f1anzas: Duermen Un Poco En El Cielo \u2022 Ayore.org<\/title>\n<meta name=\"robots\" content=\"index, follow, max-snippet:-1, max-image-preview:large, max-video-preview:-1\" \/>\n<link rel=\"canonical\" href=\"https:\/\/ayore.org\/es\/cultura\/ensenanzas\/comai-duermen-un-poco-en-el-cielo\/\" \/>\n<meta property=\"og:locale\" content=\"es_ES\" \/>\n<meta property=\"og:type\" content=\"article\" \/>\n<meta property=\"og:title\" content=\"Ayore\u0301 Ense\u00f1anzas: Duermen Un Poco En El Cielo \u2022 Ayore.org\" \/>\n<meta property=\"og:description\" content=\"Am\u00f3\u00f1oji gat\u00e9 Vamos a orar a&nbsp;Dupade&nbsp;que hizo esta tierra:&nbsp;&nbsp; Oremos. Yoqui-Dupade, t\u00fa habitas sobre el cielo y nos ves a todos nosotros. T\u00fa creaste este mundo y nosotros que vivimos en \u00e9l. Y t\u00fa,&nbsp;Dupade, sepas lo que estamos pensando.&nbsp; Rezamos\" \/>\n<meta property=\"og:url\" content=\"https:\/\/ayore.org\/es\/cultura\/ensenanzas\/comai-duermen-un-poco-en-el-cielo\/\" \/>\n<meta property=\"og:site_name\" content=\"AYORE.ORG\" \/>\n<meta property=\"article:modified_time\" content=\"2019-03-28T03:02:37+00:00\" \/>\n<meta name=\"twitter:card\" content=\"summary_large_image\" \/>\n<meta name=\"twitter:label1\" content=\"Tiempo de lectura\" \/>\n\t<meta name=\"twitter:data1\" content=\"3 minutos\" \/>\n<script type=\"application\/ld+json\" class=\"yoast-schema-graph\">{\"@context\":\"https:\\\/\\\/schema.org\",\"@graph\":[{\"@type\":\"WebPage\",\"@id\":\"https:\\\/\\\/ayore.org\\\/es\\\/cultura\\\/ensenanzas\\\/comai-duermen-un-poco-en-el-cielo\\\/\",\"url\":\"https:\\\/\\\/ayore.org\\\/es\\\/cultura\\\/ensenanzas\\\/comai-duermen-un-poco-en-el-cielo\\\/\",\"name\":\"Ayore\u0301 Ense\u00f1anzas: Duermen Un Poco En El Cielo \u2022 Ayore.org\",\"isPartOf\":{\"@id\":\"https:\\\/\\\/ayore.org\\\/#website\"},\"datePublished\":\"2019-02-13T19:21:00+00:00\",\"dateModified\":\"2019-03-28T03:02:37+00:00\",\"breadcrumb\":{\"@id\":\"https:\\\/\\\/ayore.org\\\/es\\\/cultura\\\/ensenanzas\\\/comai-duermen-un-poco-en-el-cielo\\\/#breadcrumb\"},\"inLanguage\":\"es-AR\",\"potentialAction\":[{\"@type\":\"ReadAction\",\"target\":[\"https:\\\/\\\/ayore.org\\\/es\\\/cultura\\\/ensenanzas\\\/comai-duermen-un-poco-en-el-cielo\\\/\"]}]},{\"@type\":\"BreadcrumbList\",\"@id\":\"https:\\\/\\\/ayore.org\\\/es\\\/cultura\\\/ensenanzas\\\/comai-duermen-un-poco-en-el-cielo\\\/#breadcrumb\",\"itemListElement\":[{\"@type\":\"ListItem\",\"position\":1,\"name\":\"Inicio\",\"item\":\"https:\\\/\\\/ayore.org\\\/es\\\/\"},{\"@type\":\"ListItem\",\"position\":2,\"name\":\"Cultura\",\"item\":\"https:\\\/\\\/ayore.org\\\/es\\\/cultura\\\/\"},{\"@type\":\"ListItem\",\"position\":3,\"name\":\"Ense\u00f1anzas\",\"item\":\"https:\\\/\\\/ayore.org\\\/es\\\/cultura\\\/ensenanzas\\\/\"},{\"@type\":\"ListItem\",\"position\":4,\"name\":\"Comai &#8211; Duermen un poco en el cielo\"}]},{\"@type\":\"WebSite\",\"@id\":\"https:\\\/\\\/ayore.org\\\/#website\",\"url\":\"https:\\\/\\\/ayore.org\\\/\",\"name\":\"AYORE.ORG\",\"description\":\"Idioma, Cultura e Historia de la Tribu Ayor\u00e9\",\"potentialAction\":[{\"@type\":\"SearchAction\",\"target\":{\"@type\":\"EntryPoint\",\"urlTemplate\":\"https:\\\/\\\/ayore.org\\\/?s={search_term_string}\"},\"query-input\":{\"@type\":\"PropertyValueSpecification\",\"valueRequired\":true,\"valueName\":\"search_term_string\"}}],\"inLanguage\":\"es-AR\"}]}<\/script>\n<!-- \/ Yoast SEO plugin. -->","yoast_head_json":{"title":"Ayore\u0301 Ense\u00f1anzas: Duermen Un Poco En El Cielo \u2022 Ayore.org","robots":{"index":"index","follow":"follow","max-snippet":"max-snippet:-1","max-image-preview":"max-image-preview:large","max-video-preview":"max-video-preview:-1"},"canonical":"https:\/\/ayore.org\/es\/cultura\/ensenanzas\/comai-duermen-un-poco-en-el-cielo\/","og_locale":"es_ES","og_type":"article","og_title":"Ayore\u0301 Ense\u00f1anzas: Duermen Un Poco En El Cielo \u2022 Ayore.org","og_description":"Am\u00f3\u00f1oji gat\u00e9 Vamos a orar a&nbsp;Dupade&nbsp;que hizo esta tierra:&nbsp;&nbsp; Oremos. Yoqui-Dupade, t\u00fa habitas sobre el cielo y nos ves a todos nosotros. T\u00fa creaste este mundo y nosotros que vivimos en \u00e9l. Y t\u00fa,&nbsp;Dupade, sepas lo que estamos pensando.&nbsp; Rezamos","og_url":"https:\/\/ayore.org\/es\/cultura\/ensenanzas\/comai-duermen-un-poco-en-el-cielo\/","og_site_name":"AYORE.ORG","article_modified_time":"2019-03-28T03:02:37+00:00","twitter_card":"summary_large_image","twitter_misc":{"Tiempo de lectura":"3 minutos"},"schema":{"@context":"https:\/\/schema.org","@graph":[{"@type":"WebPage","@id":"https:\/\/ayore.org\/es\/cultura\/ensenanzas\/comai-duermen-un-poco-en-el-cielo\/","url":"https:\/\/ayore.org\/es\/cultura\/ensenanzas\/comai-duermen-un-poco-en-el-cielo\/","name":"Ayore\u0301 Ense\u00f1anzas: Duermen Un Poco En El Cielo \u2022 Ayore.org","isPartOf":{"@id":"https:\/\/ayore.org\/#website"},"datePublished":"2019-02-13T19:21:00+00:00","dateModified":"2019-03-28T03:02:37+00:00","breadcrumb":{"@id":"https:\/\/ayore.org\/es\/cultura\/ensenanzas\/comai-duermen-un-poco-en-el-cielo\/#breadcrumb"},"inLanguage":"es-AR","potentialAction":[{"@type":"ReadAction","target":["https:\/\/ayore.org\/es\/cultura\/ensenanzas\/comai-duermen-un-poco-en-el-cielo\/"]}]},{"@type":"BreadcrumbList","@id":"https:\/\/ayore.org\/es\/cultura\/ensenanzas\/comai-duermen-un-poco-en-el-cielo\/#breadcrumb","itemListElement":[{"@type":"ListItem","position":1,"name":"Inicio","item":"https:\/\/ayore.org\/es\/"},{"@type":"ListItem","position":2,"name":"Cultura","item":"https:\/\/ayore.org\/es\/cultura\/"},{"@type":"ListItem","position":3,"name":"Ense\u00f1anzas","item":"https:\/\/ayore.org\/es\/cultura\/ensenanzas\/"},{"@type":"ListItem","position":4,"name":"Comai &#8211; Duermen un poco en el cielo"}]},{"@type":"WebSite","@id":"https:\/\/ayore.org\/#website","url":"https:\/\/ayore.org\/","name":"AYORE.ORG","description":"Idioma, Cultura e Historia de la Tribu Ayor\u00e9","potentialAction":[{"@type":"SearchAction","target":{"@type":"EntryPoint","urlTemplate":"https:\/\/ayore.org\/?s={search_term_string}"},"query-input":{"@type":"PropertyValueSpecification","valueRequired":true,"valueName":"search_term_string"}}],"inLanguage":"es-AR"}]}},"_links":{"self":[{"href":"https:\/\/ayore.org\/es\/wp-json\/wp\/v2\/pages\/2921","targetHints":{"allow":["GET"]}}],"collection":[{"href":"https:\/\/ayore.org\/es\/wp-json\/wp\/v2\/pages"}],"about":[{"href":"https:\/\/ayore.org\/es\/wp-json\/wp\/v2\/types\/page"}],"author":[{"embeddable":true,"href":"https:\/\/ayore.org\/es\/wp-json\/wp\/v2\/users\/2"}],"replies":[{"embeddable":true,"href":"https:\/\/ayore.org\/es\/wp-json\/wp\/v2\/comments?post=2921"}],"version-history":[{"count":3,"href":"https:\/\/ayore.org\/es\/wp-json\/wp\/v2\/pages\/2921\/revisions"}],"predecessor-version":[{"id":3547,"href":"https:\/\/ayore.org\/es\/wp-json\/wp\/v2\/pages\/2921\/revisions\/3547"}],"up":[{"embeddable":true,"href":"https:\/\/ayore.org\/es\/wp-json\/wp\/v2\/pages\/298"}],"wp:attachment":[{"href":"https:\/\/ayore.org\/es\/wp-json\/wp\/v2\/media?parent=2921"}],"curies":[{"name":"wp","href":"https:\/\/api.w.org\/{rel}","templated":true}]}}