{"id":2918,"date":"2019-02-13T19:14:56","date_gmt":"2019-02-13T19:14:56","guid":{"rendered":"https:\/\/ayore.org\/?page_id=2918"},"modified":"2019-03-28T03:44:39","modified_gmt":"2019-03-28T03:44:39","slug":"comai-deberian-cuidar-mi-jardin","status":"publish","type":"page","link":"https:\/\/ayore.org\/es\/cultura\/ensenanzas\/comai-deberian-cuidar-mi-jardin\/","title":{"rendered":"Comai &#8211; Deber\u00edan cuidar mi jard\u00edn"},"content":{"rendered":"\n<p> <em>Arocho cuchade jnese iji yejnai\u00a0<\/em> <\/p>\n\n\n\n<p><\/p>\n\n\n\n<p><strong><em>Solo hab\u00eda un \u00e1rbol del cual no deb\u00edan comer<\/em><\/strong><strong><em>:<\/em><\/strong>&nbsp;<\/p>\n\n\n\n<p><em>Dupade<\/em>&nbsp;les dijo: &#8220;Ad\u00e1n y Eva, pueden comer todo en este jard\u00edn m\u00edo. Y deber\u00edan&nbsp;cuidar mi&nbsp;jard\u00edn&#8221;.&nbsp;<\/p>\n\n\n\n<p><strong><em>C\u00f3mo eran los animales al principio:<\/em><\/strong>&nbsp;<\/p>\n\n\n\n<p>Las palabras de&nbsp;<em>Dupade<\/em>&nbsp;dicen&nbsp;que al principio todos los animales eran d\u00f3ciles. Algunos de los animales eran como lo son hoy en d\u00eda.&nbsp;<em>Dupade<\/em>&nbsp;<em>Uruode<\/em>&nbsp;nos dice que&nbsp;<em>Dupade<\/em>&nbsp;hizo todo tipo de animales. Y todos fueron d\u00f3ciles al principio y ninguno de ellos era salvaje cuando Ad\u00e1n y Eva todav\u00eda estaban en el jard\u00edn con&nbsp;<em>Dupade<\/em>. Incluso las serpientes eran d\u00f3ciles. Los jaguares eran d\u00f3ciles. Ninguno de los animales era salvaje. Todos fueron d\u00f3ciles.&nbsp;<\/p>\n\n\n\n<p><strong><em>Dios quer\u00eda que Ad\u00e1n y Eva conocieran su palabra y la obedecieran:<\/em><\/strong>&nbsp;<\/p>\n\n\n\n<p><em>Dupade<\/em>&nbsp;les dijo a Ad\u00e1n y Eva: &#8220;Coman de mi jard\u00edn y de todos los \u00e1rboles que hay en \u00e9l. Solo hay un \u00e1rbol que te proh\u00edbo que comas su fruto. No comas su fruta en absoluto. Presta atenci\u00f3n: el d\u00eda que comas la fruta prohibida, morir\u00e1s &#8220;.&nbsp;<\/p>\n\n\n\n<p><em>Dupade<\/em>&nbsp;dijo esto porque quer\u00eda averiguar si Ad\u00e1n y Eva reconoc\u00edan su estado de ser muy poderoso,&nbsp;y si sus o\u00eddos iban a estar abiertos para&nbsp;o\u00edr&nbsp;lo que&nbsp;\u00e9l&nbsp;dec\u00eda&nbsp;y si&nbsp;hac\u00edan&nbsp;sus palabras a no tocar el fruto de ese \u00e1rbol.&nbsp;<\/p>\n\n\n\n<p>Sabemos por&nbsp;las palabras de&nbsp;<em>Dupade<\/em>&nbsp;que al principio Ad\u00e1n y Eva a\u00fan no ten\u00edan pecado en ellos.&nbsp;<em>Dupade<\/em>, se dice, les hab\u00eda prohibido el pecado. \u00c9l no quer\u00eda que pecaran, porque si lo hicieran, se avergonzar\u00edan delante de \u00e9l.&nbsp;<\/p>\n\n\n\n<p>Se dice,&nbsp;<em>Dupade<\/em>&nbsp;quer\u00eda que Ad\u00e1n y Eva hicieran sus palabras y lo escucharan. Y especialmente que creer\u00edan en \u00e9l. Y eso es lo que&nbsp;<em>Dupade<\/em>&nbsp;les dijo a&nbsp;Ad\u00e1n&nbsp;y Eve, ambos, para que \u00e9l pudiera ver si sus o\u00eddos estar\u00edan abiertos para&nbsp;<em>Dupade<\/em>&nbsp;y si ellos har\u00edan las palabras de&nbsp;<em>Dupade<\/em>.&nbsp;<\/p>\n\n\n\n<p>Es por eso que&nbsp;<em>Dupade<\/em>&nbsp;les dijo a Ad\u00e1n y Eva, ambos: &#8220;No coman el fruto de ese \u00e1rbol. El d\u00eda que comas su fruta, morir\u00e1n&nbsp;&#8220;.&nbsp;<\/p>\n\n\n\n<p>Ad\u00e1n y Eva todav\u00eda no sab\u00edan nada sobre la muerte, por eso&nbsp;<em>Dupade<\/em>&nbsp;les dijo a Ad\u00e1n y Eva, los primeros humanos que hab\u00eda hecho: &#8220;No comas la fruta del \u00e1rbol que te he prohibido. Morir\u00e1n&nbsp;si comen&nbsp;la fruta de ese \u00e1rbol &#8220;.&nbsp;<\/p>\n\n\n\n<p><strong><em>Nuestra madre, la primera mujer, obedeci\u00f3 las palabras del&nbsp;<\/em><\/strong><strong><em>\u2018<\/em><\/strong><strong><em>esp\u00edritu ambulante<\/em><\/strong><strong><em>\u2019<\/em><\/strong><strong><em>&nbsp;cuyo nombre era Satan\u00e1s:<\/em><\/strong>&nbsp;<\/p>\n\n\n\n<p>De acuerdo con lo que&nbsp;las&nbsp;palabras&nbsp;de&nbsp;<em>Dupade<\/em>&nbsp;nos dice,&nbsp;despu\u00e9s&nbsp;de decirles esas cosas,&nbsp;<em>Dupade<\/em>&nbsp;segu\u00eda&nbsp;visitando todos los d\u00edas&nbsp;al primer hombre y a la mujer,&nbsp;a&nbsp;nuestros antepasados, \u200b\u200bAd\u00e1n y Eva.&nbsp;<em>Dupade<\/em>&nbsp;estaba en su presencia y vieron a&nbsp;<em>Dupade<\/em>&nbsp;con sus propios ojos.&nbsp;<\/p>\n\n\n\n<p>Pero un d\u00eda, la esposa de Ad\u00e1n examin\u00f3 ese \u00e1rbol y vio que hab\u00eda sombra debajo de sus ramas. Y esto es lo que sucedi\u00f3: Eva vio cu\u00e1nta sombra proporcionaba el \u00e1rbol prohibido, y luego comenz\u00f3 a mirar la fruta. Y luego, escuch\u00f3 a alguien hablando y mir\u00f3 hacia la voz que ven\u00eda de una serpiente. La serpiente habl\u00f3, y le dijo a Eva, la primera mujer: &#8220;\u00bfPor qu\u00e9 no comes parte de la fruta de ese \u00e1rbol?&#8221;&nbsp;<\/p>\n\n\n\n<p>Pero Eva dijo: &#8220;\u00a1No me lo comer\u00e9!&#8221;&nbsp;<\/p>\n\n\n\n<p>Y la serpiente dijo: &#8220;\u00bfPor qu\u00e9 no comes la fruta?&#8221;&nbsp;<\/p>\n\n\n\n<p>Y la mujer dijo: &#8220;No voy a comerlo porque esas fueron las palabras de&nbsp;<em>Dupade<\/em>.&nbsp;<em>Dupade<\/em>&nbsp;nos dijo&nbsp;que,&nbsp;si com\u00edamos la fruta de ese \u00e1rbol, el \u00fanico que&nbsp;<em>Dupade<\/em>&nbsp;prohibi\u00f3, que morir\u00edamos. Dijo que la muerte entrar\u00eda en nosotros &#8220;.&nbsp;<\/p>\n\n\n\n<p><strong><em>Satan\u00e1s<\/em><\/strong><strong><em>, \u2018e<\/em><\/strong><strong><em>l esp\u00edritu caminante\u2019 afirm\u00f3 que D<\/em><\/strong><strong><em>upade<\/em><\/strong><strong><em>&nbsp;era un mentiroso<\/em><\/strong><strong><em>:<\/em><\/strong>&nbsp;<\/p>\n\n\n\n<p>Y la serpiente dijo: &#8220;<em>Dupade<\/em> es un mentiroso. \u00c9l minti\u00f3 cuando dijo que morir\u00edas. Incluso si comer\u00edas la fruta de este \u00e1rbol, no morir\u00edas&#8221;. <\/p>\n\n\n\n<p>Pero&nbsp;las palabras de&nbsp;<em>Dupade<\/em>&nbsp;nos dice que el esp\u00edritu andante hab\u00eda entrado en esa serpiente. El esp\u00edritu ambulante que era&nbsp;Satan\u00e1s&nbsp;hab\u00eda entrado en la boca de la serpiente. \u00c9l entr\u00f3 en la serpiente para enga\u00f1ar a la primera mujer. Y la serpiente dijo: &#8220;<em>Dupade<\/em>&nbsp;simplemente no quiere que lo hagas. Miente cuando dice que vas a morir. No es posible que mueras en absoluto. &#8221; Esto es lo que dijo el esp\u00edritu que camina. &#8220;<em>Dupade<\/em>&nbsp;te prohibi\u00f3 el fruto de ese \u00e1rbol porque si tu comieras la fruta de ese \u00e1rbol te volver\u00edas como&nbsp;<em>Dupade<\/em>, y sabr\u00edas cosas buenas y malas, y ser\u00edas como&nbsp;<em>Dupade<\/em>. Entonces, si comes esta fruta, sabr\u00e1s todo. Por lo tanto,&nbsp;<em>Dupade<\/em>&nbsp;no quiere que sepas todo, y es por eso que \u00e9l proh\u00edbe el fruto de ese \u00e1rbol &#8220;.&nbsp;<\/p>\n\n\n\n<p>&#8220;<em>Dupade<\/em>&nbsp;te est\u00e1 mintiendo&#8221;, dijo la serpiente. El esp\u00edritu que camina dijo cosas para enga\u00f1ar a Eva. Y entonces fue que Eva, nuestra madre, esa primera mujer, hizo las palabras del esp\u00edritu andante. Y esto es lo que dijo el esp\u00edritu que camina para enga\u00f1arla: &#8220;C\u00f3melo. Solo int\u00e9ntalo. Y sabr\u00e1 todo sobre cosas buenas de eso &#8220;.&nbsp;<\/p>\n\n\n\n<p><strong><em>Ad\u00e1n y Eva comieron la fruta prohibida<\/em><\/strong><strong><em>:<\/em><\/strong>&nbsp;<\/p>\n\n\n\n<p>Entonces Eva hizo las palabras del&nbsp;*esp\u00edritu que camina, y ella recogi\u00f3 una fruta del \u00e1rbol y le dio un mordisco. Y dicen que tambi\u00e9n le dio algo a su esposo. Y&nbsp;Ad\u00e1n&nbsp;tambi\u00e9n lo mordi\u00f3.&nbsp;Despu\u00e9s de que terminaron de comer,&nbsp;recordaron las palabras de&nbsp;<em>Dupade<\/em>, se acordaron&nbsp;de que&nbsp;\u00c9l&nbsp;no quer\u00eda que comieran de ese \u00e1rbol. Recordaron que&nbsp;<em>Dupade<\/em>&nbsp;desaprobaba que se lo comieran. Recordaron que estaba prohibido desde el principio, y ahora no sab\u00edan qu\u00e9 iban a decirle a&nbsp;<em>Dupade<\/em>&nbsp;en absoluto. Por ahora hab\u00edan comido la fruta que antes les hab\u00eda prohibido comer.&nbsp;<\/p>\n\n\n\n<p>Porque&nbsp;<em>Dupade<\/em>&nbsp;les hab\u00eda dicho: &#8220;No se lo coman. Coma todo lo dem\u00e1s en mi jard\u00edn, pero no coma la fruta de ese \u00e1rbol &#8220;.&nbsp;<\/p>\n\n\n\n<p>Pero se dice que Eva se comi\u00f3 la fruta de ese \u00e1rbol. Y le dio un poco a su marido, por lo que ambos se lo comieron, y fue entonces cuando se avergonzaron de encontrarse con&nbsp;<em>Dupade<\/em>. Ten\u00edan miedo de&nbsp;<em>Dupade<\/em>&nbsp;porque no hab\u00edan hecho la palabra de&nbsp;<em>Dupade<\/em>. Sus orejas hab\u00edan sido cerradas. Ese d\u00eda que estaban avergonzados de encontrarse con&nbsp;<em>Dupade<\/em>&nbsp;ese fue el d\u00eda en que no hicieron las palabras de&nbsp;<em>Dupade<\/em>. Sus orejas no estaban abiertas para&nbsp;<em>Dupade<\/em>, y ahora ten\u00edan miedo de encontrarse con \u00e9l.&nbsp;<\/p>\n\n\n\n<p><strong><em>Quer\u00edan esconderse de Dupade:<\/em><\/strong>&nbsp;<\/p>\n\n\n\n<p>No sab\u00edan qu\u00e9 decir cuando se encontrar\u00edan con&nbsp;<em>Dupade<\/em>&nbsp;porque ellos comieron del fruto que se les prohibi\u00f3 comer. Y las&nbsp;palabras&nbsp;de&nbsp;<em>Dupade<\/em>&nbsp;nos dicen&nbsp;que esto sucedi\u00f3 el d\u00eda en que el&nbsp;esp\u00edritu&nbsp;andante&nbsp;encontr\u00f3 una manera de enga\u00f1ar a Eva. Y fue en este d\u00eda que por primera vez se sent\u00edan verg\u00fcenza. Y en ese mismo d\u00eda entr\u00f3 la muerte&nbsp;en&nbsp;sus cuerpos. Era&nbsp;el&nbsp;pecado que trajo todas estas cosas en la vida de nuestro padre y de su esposa.&nbsp;<\/p>\n\n\n\n<p>Y el pecado todav\u00eda est\u00e1 en este mundo, y nos trae estas cosas a nosotros los humanos:&nbsp;la&nbsp;verg\u00fcenza,&nbsp;el&nbsp;<em>calor interior<\/em>,&nbsp;el&nbsp;enga\u00f1o. Y todas estas cosas aparecieron hace mucho tiempo en el mismo d\u00eda en que nuestros antepasados \u200b\u200bcomieron el fruto del \u00e1rbol que&nbsp;<em>Dupade<\/em>&nbsp;hab\u00eda prohibido. Y luego no sab\u00edan qu\u00e9 hacer para reunirse con&nbsp;<em>Dupade<\/em>&nbsp;porque siempre ven\u00eda a verlos todos los d\u00edas.&nbsp;<\/p>\n\n\n\n<p><strong><em>Ad\u00e1n<\/em><\/strong><strong><em>&nbsp;y Eba se escondieron:<\/em><\/strong>&nbsp;<\/p>\n\n\n\n<p>Lo primero que pensaron hacer fue esconderse.&nbsp;Las palabras de&nbsp;<em>Dupade<\/em>&nbsp;nos dicen&nbsp;que las primeras personas estaban desnudas, el primer hombre y la primera mujer, pero que no estaban avergonzados de estar desnudos. Eso fue porque el pecado y la verg\u00fcenza a\u00fan no hab\u00edan entrado en el mundo. Pero cuando comieron la fruta prohibida de&nbsp;<em>Dupade<\/em>, fue que sab\u00edan su estado de desnudez.&nbsp;Sab\u00edan&nbsp;ahora lo que se siente cuando uno est\u00e1&nbsp;avergonzado.&nbsp;Sab\u00edan de qu\u00e9 se trataba el pecado y se avergonzaron. Ten\u00edan miedo de encontrarse con&nbsp;<em>Dupade<\/em>&nbsp;porque no hab\u00edan hecho sus palabras y no quer\u00edan que los viera desnudos. Cosieron algunas hojas grandes juntas para hacer faldas. Y luego buscaron una forma de esconderse de&nbsp;<em>Dupade<\/em>, para que \u00e9l no los viera.&nbsp;<\/p>\n\n\n\n<p><strong><em>Dupade sab\u00eda d\u00f3nde estaban, pero les pregunt\u00f3 d\u00f3nde estaban:<\/em><\/strong>&nbsp;<\/p>\n\n\n\n<p><em>Dupade<\/em>&nbsp;vino a ellos a \u00faltima hora de la tarde para ver c\u00f3mo estaban, pero se hab\u00edan escondido.&nbsp;<\/p>\n\n\n\n<p><em>Dupade<\/em>&nbsp;vino al&nbsp;jard\u00edn,&nbsp;pero no los vio porque se hab\u00edan escondido. \u00c9l sab\u00eda d\u00f3nde estaban y les pidi\u00f3 que vinieran a \u00e9l.&nbsp;<\/p>\n\n\n\n<p>Ellos no respondieron las palabras de&nbsp;<em>Dupade<\/em>&nbsp;en absoluto. No vinieron a&nbsp;<em>Dupade<\/em>.&nbsp;<em>Dupade<\/em>&nbsp;vino a verlos, vino a verlos, vino a verlos todos los d\u00edas, para ver c\u00f3mo estaban. Pero ahora estaban avergonzados y ten\u00edan miedo de verlo, por lo que no respondieron cuando&nbsp;<em>Dupade<\/em>&nbsp;los llam\u00f3. No se presentaron a&nbsp;<em>Dupade<\/em>, pero finalmente el joven se present\u00f3 a&nbsp;<em>Dupade<\/em>.&nbsp;<\/p>\n\n\n\n<p>Y entonces&nbsp;<em>Dupade<\/em>&nbsp;le dijo al primer joven: &#8220;\u00bfD\u00f3nde estabas, y por qu\u00e9 no me respondiste?&#8221;&nbsp;<\/p>\n\n\n\n<p>Pero el joven, el primer hombre, le dijo a&nbsp;<em>Dupade<\/em>: &#8220;Yo estaba all\u00ed&#8221;.&nbsp;<\/p>\n\n\n\n<p><strong><em>Estas primeras personas comenzaron a culparse entre s\u00ed:<\/em><\/strong>&nbsp;<\/p>\n\n\n\n<p>Pero&nbsp;<em>Dupade<\/em>&nbsp;le dijo: &#8220;\u00bfPor qu\u00e9 me tienes miedo? Creo que debes haber comido fruta del \u00e1rbol prohibido. Te dije: &#8220;\u00a1No te lo comas!&#8221;&nbsp;<\/p>\n\n\n\n<p>Entonces el joven dijo: &#8220;Esa mujer que me diste, bueno, ella comi\u00f3 esa fruta y luego ella me dio un poco, y yo tambi\u00e9n he comido, pero fue por esa mujer que hiciste para m\u00ed&#8221;.&nbsp;<\/p>\n\n\n\n<p>Y luego comenzaron a culparse el uno al otro. El joven culp\u00f3 a la mujer porque ella comi\u00f3 la fruta. Entonces&nbsp;<em>Dupade<\/em>&nbsp;le pregunt\u00f3 a la mujer: &#8220;\u00bfPor qu\u00e9 comiste la fruta? Usted lo&nbsp;comi\u00f3,&nbsp;aunque me oy\u00f3 decir: No coma la fruta de ese \u00e1rbol o morir\u00e1 &#8220;.&nbsp;<\/p>\n\n\n\n<p>Pero la mujer le dijo a&nbsp;<em>Dupade<\/em>: &#8220;El&nbsp;\u2018esp\u00edritu andante\u2019&nbsp;me enga\u00f1\u00f3 y es por eso que com\u00ed la fruta de ese \u00e1rbol. El esp\u00edritu andante sigui\u00f3 tent\u00e1ndome hasta que finalmente com\u00ed la fruta &#8220;.&nbsp;<\/p>\n\n\n\n<p><strong><em>Dupade<\/em><\/strong><strong>&nbsp;los castig\u00f3:<\/strong>&nbsp;<\/p>\n\n\n\n<p>Se culparon el uno al otro. Al principio eran inocentes y no sab\u00edan nada del pecado, pero Satan\u00e1s los enga\u00f1\u00f3 y de \u00e9l sab\u00edan&nbsp;enga\u00f1ar&nbsp;y culpar a los dem\u00e1s. Y es por eso que&nbsp;<em>Dupade<\/em>&nbsp;los castig\u00f3. Y es por eso que sufrimos los mismos castigos que&nbsp;<em>Dupade<\/em>&nbsp;dio a las primeras personas hasta el d\u00eda de hoy.&nbsp;<\/p>\n\n\n\n<p><em>Dupade<\/em>&nbsp;le dijo a Ad\u00e1n: &#8220;No hiciste mis palabras para nada. Como no hiciste mis palabras y com\u00edas la fruta de ese \u00e1rbol prohibido, plantas da\u00f1inas vendr\u00e1n por toda la tierra. A partir de ahora no tendr\u00e1s comida gratis. Comer\u00e1s, pero tendr\u00e1s que usar tu fuerza y \u200b\u200btrabajar duro primero. Trabajar\u00e1s tan duro que tu frente sudar\u00e1. Y solo entonces tendr\u00e1s comida para comer &#8220;. Esto es lo que le dijo al joven.&nbsp;<em>Dupade<\/em>&nbsp;dijo: &#8220;Har\u00e1s tu jard\u00edn en esta tierra, pero te castigar\u00e1s por tener un jard\u00edn. Las malas hierbas da\u00f1inas aparecer\u00e1n y te ser\u00e1n dif\u00edciles&#8221;.&nbsp;<\/p>\n\n\n\n<p><strong>Key:\u00a0<\/strong><\/p>\n\n\n\n<p>Dupade&nbsp;\u2013&nbsp;Dios&nbsp;<\/p>\n\n\n\n<p>Las palabras de&nbsp;Dupade&nbsp;\u2013 Las palabras&nbsp;de&nbsp;Dios&nbsp;<\/p>\n\n\n\n<p>Esp\u00edritu andante \u2013 El diablo&nbsp;<\/p>\n\n\n\n<p>Esp\u00edritu que camina \u2013 El diablo&nbsp;<\/p>\n\n\n\n<p>Esp\u00edritu ambulante \u2013 El diablo&nbsp;<\/p>\n\n\n\n<p>Calor interior \u2013&nbsp;El enojo&nbsp;<\/p>\n\n\n\n<p><em>Comai&nbsp;<\/em><em>\u2013&nbsp;<\/em><em>Zapoco, Bolivia<\/em><em>&nbsp;\u2013 1960.<\/em>&nbsp;<\/p>\n\n\n\n<p><em>Transcrito y traducido al&nbsp;espa\u00f1ol&nbsp;por: Maxine Morarie<\/em>&nbsp;<\/p>\n\n\n\n<div class=\"navigation\"><div class=\"alignleft\"><a href=\"https:\/\/ayore.org\/es\/cultura\/ensenanzas\/chagaide-que-ninguno-de-ustedes-se-averguence-de-dupade\/\"title=\"Chagaid\u00e9 &#8211; Que Ninguno De Ustedes Se Averg\u00fcence De Dupade\"><img loading=\"lazy\" decoding=\"async\" src=\"https:\/\/ayore.org\/wp-content\/uploads\/2018\/10\/left-arrow.png\" width=\"50\" height=\"48\" alt=\"left arrow\"><\/a><\/div><div class=\"alignright\"><a href=\"https:\/\/ayore.org\/es\/cultura\/ensenanzas\/comai-un-lugar-para-aprender-de-la-palabra-de-dupade\/\"title=\"Comai &#8211; Un lugar para aprender de la palabra de Dupade\"><img loading=\"lazy\" decoding=\"async\" src=\"https:\/\/ayore.org\/wp-content\/uploads\/2018\/10\/right-arrow.png\" width=\"50\" height=\"48\" alt=\"right arrow\"><\/a><\/div>\n","protected":false},"excerpt":{"rendered":"<p>Arocho cuchade jnese iji yejnai\u00a0 Solo hab\u00eda un \u00e1rbol del cual no deb\u00edan comer:&nbsp; Dupade&nbsp;les dijo: &#8220;Ad\u00e1n y Eva, pueden comer todo en este jard\u00edn m\u00edo. Y deber\u00edan&nbsp;cuidar mi&nbsp;jard\u00edn&#8221;.&nbsp; C\u00f3mo eran los animales al principio:&nbsp; Las palabras de&nbsp;Dupade&nbsp;dicen&nbsp;que al principio<\/p>\n","protected":false},"author":2,"featured_media":0,"parent":298,"menu_order":0,"comment_status":"closed","ping_status":"closed","template":"","meta":{"footnotes":""},"class_list":["post-2918","page","type-page","status-publish","hentry"],"yoast_head":"<!-- This site is optimized with the Yoast SEO plugin v27.4 - https:\/\/yoast.com\/product\/yoast-seo-wordpress\/ -->\n<title>Ayore\u0301 Ense\u00f1anzas: Deber\u00edan Cuidar Mi Jard\u00edn \u2022 Ayore.org<\/title>\n<meta name=\"robots\" content=\"index, follow, max-snippet:-1, max-image-preview:large, max-video-preview:-1\" \/>\n<link rel=\"canonical\" href=\"https:\/\/ayore.org\/es\/cultura\/ensenanzas\/comai-deberian-cuidar-mi-jardin\/\" \/>\n<meta property=\"og:locale\" content=\"es_ES\" \/>\n<meta property=\"og:type\" content=\"article\" \/>\n<meta property=\"og:title\" content=\"Ayore\u0301 Ense\u00f1anzas: Deber\u00edan Cuidar Mi Jard\u00edn \u2022 Ayore.org\" \/>\n<meta property=\"og:description\" content=\"Arocho cuchade jnese iji yejnai\u00a0 Solo hab\u00eda un \u00e1rbol del cual no deb\u00edan comer:&nbsp; Dupade&nbsp;les dijo: &#8220;Ad\u00e1n y Eva, pueden comer todo en este jard\u00edn m\u00edo. Y deber\u00edan&nbsp;cuidar mi&nbsp;jard\u00edn&#8221;.&nbsp; C\u00f3mo eran los animales al principio:&nbsp; Las palabras de&nbsp;Dupade&nbsp;dicen&nbsp;que al principio\" \/>\n<meta property=\"og:url\" content=\"https:\/\/ayore.org\/es\/cultura\/ensenanzas\/comai-deberian-cuidar-mi-jardin\/\" \/>\n<meta property=\"og:site_name\" content=\"AYORE.ORG\" \/>\n<meta property=\"article:modified_time\" content=\"2019-03-28T03:44:39+00:00\" \/>\n<meta name=\"twitter:card\" content=\"summary_large_image\" \/>\n<meta name=\"twitter:label1\" content=\"Tiempo de lectura\" \/>\n\t<meta name=\"twitter:data1\" content=\"11 minutos\" \/>\n<script type=\"application\/ld+json\" class=\"yoast-schema-graph\">{\"@context\":\"https:\\\/\\\/schema.org\",\"@graph\":[{\"@type\":\"WebPage\",\"@id\":\"https:\\\/\\\/ayore.org\\\/es\\\/cultura\\\/ensenanzas\\\/comai-deberian-cuidar-mi-jardin\\\/\",\"url\":\"https:\\\/\\\/ayore.org\\\/es\\\/cultura\\\/ensenanzas\\\/comai-deberian-cuidar-mi-jardin\\\/\",\"name\":\"Ayore\u0301 Ense\u00f1anzas: Deber\u00edan Cuidar Mi Jard\u00edn \u2022 Ayore.org\",\"isPartOf\":{\"@id\":\"https:\\\/\\\/ayore.org\\\/#website\"},\"datePublished\":\"2019-02-13T19:14:56+00:00\",\"dateModified\":\"2019-03-28T03:44:39+00:00\",\"breadcrumb\":{\"@id\":\"https:\\\/\\\/ayore.org\\\/es\\\/cultura\\\/ensenanzas\\\/comai-deberian-cuidar-mi-jardin\\\/#breadcrumb\"},\"inLanguage\":\"es-AR\",\"potentialAction\":[{\"@type\":\"ReadAction\",\"target\":[\"https:\\\/\\\/ayore.org\\\/es\\\/cultura\\\/ensenanzas\\\/comai-deberian-cuidar-mi-jardin\\\/\"]}]},{\"@type\":\"BreadcrumbList\",\"@id\":\"https:\\\/\\\/ayore.org\\\/es\\\/cultura\\\/ensenanzas\\\/comai-deberian-cuidar-mi-jardin\\\/#breadcrumb\",\"itemListElement\":[{\"@type\":\"ListItem\",\"position\":1,\"name\":\"Inicio\",\"item\":\"https:\\\/\\\/ayore.org\\\/es\\\/\"},{\"@type\":\"ListItem\",\"position\":2,\"name\":\"Cultura\",\"item\":\"https:\\\/\\\/ayore.org\\\/es\\\/cultura\\\/\"},{\"@type\":\"ListItem\",\"position\":3,\"name\":\"Ense\u00f1anzas\",\"item\":\"https:\\\/\\\/ayore.org\\\/es\\\/cultura\\\/ensenanzas\\\/\"},{\"@type\":\"ListItem\",\"position\":4,\"name\":\"Comai &#8211; Deber\u00edan cuidar mi jard\u00edn\"}]},{\"@type\":\"WebSite\",\"@id\":\"https:\\\/\\\/ayore.org\\\/#website\",\"url\":\"https:\\\/\\\/ayore.org\\\/\",\"name\":\"AYORE.ORG\",\"description\":\"Idioma, Cultura e Historia de la Tribu Ayor\u00e9\",\"potentialAction\":[{\"@type\":\"SearchAction\",\"target\":{\"@type\":\"EntryPoint\",\"urlTemplate\":\"https:\\\/\\\/ayore.org\\\/?s={search_term_string}\"},\"query-input\":{\"@type\":\"PropertyValueSpecification\",\"valueRequired\":true,\"valueName\":\"search_term_string\"}}],\"inLanguage\":\"es-AR\"}]}<\/script>\n<!-- \/ Yoast SEO plugin. -->","yoast_head_json":{"title":"Ayore\u0301 Ense\u00f1anzas: Deber\u00edan Cuidar Mi Jard\u00edn \u2022 Ayore.org","robots":{"index":"index","follow":"follow","max-snippet":"max-snippet:-1","max-image-preview":"max-image-preview:large","max-video-preview":"max-video-preview:-1"},"canonical":"https:\/\/ayore.org\/es\/cultura\/ensenanzas\/comai-deberian-cuidar-mi-jardin\/","og_locale":"es_ES","og_type":"article","og_title":"Ayore\u0301 Ense\u00f1anzas: Deber\u00edan Cuidar Mi Jard\u00edn \u2022 Ayore.org","og_description":"Arocho cuchade jnese iji yejnai\u00a0 Solo hab\u00eda un \u00e1rbol del cual no deb\u00edan comer:&nbsp; Dupade&nbsp;les dijo: &#8220;Ad\u00e1n y Eva, pueden comer todo en este jard\u00edn m\u00edo. Y deber\u00edan&nbsp;cuidar mi&nbsp;jard\u00edn&#8221;.&nbsp; C\u00f3mo eran los animales al principio:&nbsp; Las palabras de&nbsp;Dupade&nbsp;dicen&nbsp;que al principio","og_url":"https:\/\/ayore.org\/es\/cultura\/ensenanzas\/comai-deberian-cuidar-mi-jardin\/","og_site_name":"AYORE.ORG","article_modified_time":"2019-03-28T03:44:39+00:00","twitter_card":"summary_large_image","twitter_misc":{"Tiempo de lectura":"11 minutos"},"schema":{"@context":"https:\/\/schema.org","@graph":[{"@type":"WebPage","@id":"https:\/\/ayore.org\/es\/cultura\/ensenanzas\/comai-deberian-cuidar-mi-jardin\/","url":"https:\/\/ayore.org\/es\/cultura\/ensenanzas\/comai-deberian-cuidar-mi-jardin\/","name":"Ayore\u0301 Ense\u00f1anzas: Deber\u00edan Cuidar Mi Jard\u00edn \u2022 Ayore.org","isPartOf":{"@id":"https:\/\/ayore.org\/#website"},"datePublished":"2019-02-13T19:14:56+00:00","dateModified":"2019-03-28T03:44:39+00:00","breadcrumb":{"@id":"https:\/\/ayore.org\/es\/cultura\/ensenanzas\/comai-deberian-cuidar-mi-jardin\/#breadcrumb"},"inLanguage":"es-AR","potentialAction":[{"@type":"ReadAction","target":["https:\/\/ayore.org\/es\/cultura\/ensenanzas\/comai-deberian-cuidar-mi-jardin\/"]}]},{"@type":"BreadcrumbList","@id":"https:\/\/ayore.org\/es\/cultura\/ensenanzas\/comai-deberian-cuidar-mi-jardin\/#breadcrumb","itemListElement":[{"@type":"ListItem","position":1,"name":"Inicio","item":"https:\/\/ayore.org\/es\/"},{"@type":"ListItem","position":2,"name":"Cultura","item":"https:\/\/ayore.org\/es\/cultura\/"},{"@type":"ListItem","position":3,"name":"Ense\u00f1anzas","item":"https:\/\/ayore.org\/es\/cultura\/ensenanzas\/"},{"@type":"ListItem","position":4,"name":"Comai &#8211; Deber\u00edan cuidar mi jard\u00edn"}]},{"@type":"WebSite","@id":"https:\/\/ayore.org\/#website","url":"https:\/\/ayore.org\/","name":"AYORE.ORG","description":"Idioma, Cultura e Historia de la Tribu Ayor\u00e9","potentialAction":[{"@type":"SearchAction","target":{"@type":"EntryPoint","urlTemplate":"https:\/\/ayore.org\/?s={search_term_string}"},"query-input":{"@type":"PropertyValueSpecification","valueRequired":true,"valueName":"search_term_string"}}],"inLanguage":"es-AR"}]}},"_links":{"self":[{"href":"https:\/\/ayore.org\/es\/wp-json\/wp\/v2\/pages\/2918","targetHints":{"allow":["GET"]}}],"collection":[{"href":"https:\/\/ayore.org\/es\/wp-json\/wp\/v2\/pages"}],"about":[{"href":"https:\/\/ayore.org\/es\/wp-json\/wp\/v2\/types\/page"}],"author":[{"embeddable":true,"href":"https:\/\/ayore.org\/es\/wp-json\/wp\/v2\/users\/2"}],"replies":[{"embeddable":true,"href":"https:\/\/ayore.org\/es\/wp-json\/wp\/v2\/comments?post=2918"}],"version-history":[{"count":3,"href":"https:\/\/ayore.org\/es\/wp-json\/wp\/v2\/pages\/2918\/revisions"}],"predecessor-version":[{"id":3553,"href":"https:\/\/ayore.org\/es\/wp-json\/wp\/v2\/pages\/2918\/revisions\/3553"}],"up":[{"embeddable":true,"href":"https:\/\/ayore.org\/es\/wp-json\/wp\/v2\/pages\/298"}],"wp:attachment":[{"href":"https:\/\/ayore.org\/es\/wp-json\/wp\/v2\/media?parent=2918"}],"curies":[{"name":"wp","href":"https:\/\/api.w.org\/{rel}","templated":true}]}}