{"id":2916,"date":"2019-02-13T19:11:56","date_gmt":"2019-02-13T19:11:56","guid":{"rendered":"https:\/\/ayore.org\/?page_id=2916"},"modified":"2019-02-13T19:11:57","modified_gmt":"2019-02-13T19:11:57","slug":"chagaide-que-ninguno-de-ustedes-se-averguence-de-dupade","status":"publish","type":"page","link":"https:\/\/ayore.org\/es\/cultura\/ensenanzas\/chagaide-que-ninguno-de-ustedes-se-averguence-de-dupade\/","title":{"rendered":"Chagaid\u00e9 &#8211; Que Ninguno De Ustedes Se Averg\u00fcence De Dupade"},"content":{"rendered":"\n<p><strong>Que ninguno de ustedes se averg\u00fcence de&nbsp;<\/strong><strong>Dupade<\/strong>&nbsp;<\/p>\n\n\n\n<p><em>Ca uacu\u00f1\u00e9ngo chaj\u00e9ngome Dupade to\u00a0Chagaid\u00e9\u00a0<\/em><\/p>\n\n\n\n<p>Si alguno de ustedes dice que cree en Dupade, no se averg\u00fcence de \u00e9l. Dupade no es como nosotros los seres humanos en absoluto, y \u00e9l no es como las personas ricas \/ importantes del mundo, \u00e9l es diferente de lo que somos.&nbsp;<\/p>\n\n\n\n<p>Algunos de ustedes se han entregado totalmente a Dupade.&nbsp;No lo s\u00e9, pero digamos que&nbsp;para llegar a Dupade en el futuro uno debe ingresar al veh\u00edculo que lo lleva a \u00e9l; si el propietario no le permite viajar en&nbsp;el, no podr\u00e1 ingresar al veh\u00edculo que lo lleve a Dupade.&nbsp;<\/p>\n\n\n\n<p>Cuando las&nbsp;Palabras&nbsp;de Dupade realmente han&nbsp;llegado al coraz\u00f3n de las personas,&nbsp;ellas&nbsp;se&nbsp;entregan&nbsp;a&nbsp;Dupade. Cuando llegue Dupade en el futuro, una persona rica podr\u00eda decirle: &#8220;Aqu\u00ed est\u00e1 mi dinero, ir\u00e9 contigo&#8221;.&nbsp;<\/p>\n\n\n\n<p>Las palabras de Dupade&nbsp;explican, sin embargo, que&nbsp;\u00a1cualquiera que quiera ir con \u00c9l debe creer en \u00c9l! Podr\u00eda ser un cami\u00f3n, o podr\u00eda ser un avi\u00f3n, pero sea lo que sea, si el due\u00f1o lo proh\u00edbe, no puede viajar en&nbsp;el, y ser\u00e1 as\u00ed cuando llegue Dupade. Es as\u00ed con otras cosas que, en vano, podr\u00edamos querer, si el propietario proh\u00edbe algo, entonces es imposible que lo tengamos.&nbsp;<\/p>\n\n\n\n<p>Aquellos de ustedes que&nbsp;se han entregado a&nbsp;Dupade, son creyentes. Hablan&nbsp;con Dupade, y no&nbsp;se&nbsp;averg\u00fcencen, ni&nbsp;son&nbsp;t\u00edmidos&nbsp;al orar.&nbsp;<\/p>\n\n\n\n<p>Como si Dupade fuera uno de esos que dijera: &#8220;Los j\u00f3venes guapos y las j\u00f3venes hermosas son quienes quiero&#8221;. \u00a1Todo lo contrario! Los viejos, incluso los muy viejos, acompa\u00f1ar\u00e1n a Dupade si creen&nbsp;en&nbsp;\u00c9l. Dupade nos incluye con aquellos que \u00e9l elige si creemos en \u00e9l.&nbsp;<\/p>\n\n\n\n<p>Estoy muy agradecido por cada pueblo en el mundo donde&nbsp;se encuentra las palabras de&nbsp;Dupade,&nbsp;todos esos pueblos. Estoy agradecido por todos esos pueblos en el mundo.&nbsp;Las palabras de&nbsp;Dupade&nbsp;se hallan&nbsp;en Tobit\u00e9,&nbsp;se hallan&nbsp;en Pail\u00f3n,&nbsp;se hallan en&nbsp;el lugar donde vive don Len,&nbsp;se hallan en&nbsp;Zapoc\u00f3,&nbsp;se hallan en&nbsp;los pueblos Ayor\u00e9os&nbsp;en las afueras de Santa Cruz, y en otros pa\u00edses.&nbsp;Las palabras de Dios&nbsp;est\u00e1n&nbsp;en Paraguay&nbsp;que es&nbsp;m\u00e1s all\u00e1 de nosotros aqu\u00ed en Rinc\u00f3n, est\u00e1n&nbsp;en la ciudad de&nbsp;Pajeid\u00e9.&nbsp;<\/p>\n\n\n\n<p>Estoy muy agradecido por todos estos pueblos donde se encuentra&nbsp;las palabras de&nbsp;Dupade y donde tanto&nbsp;los&nbsp;Coj\u00f1one como&nbsp;los&nbsp;Ayor\u00e9os nos cuentan sobre&nbsp;las&nbsp;palabras&nbsp;de&nbsp;Dupade.&nbsp;Eso es todo.&nbsp;<\/p>\n\n\n\n<p>Clave:&nbsp;<\/p>\n\n\n\n<p>Dupade \u2013&nbsp;Dios,&nbsp;el&nbsp;que est\u00e1 arriba de nosotros&nbsp;<\/p>\n\n\n\n<p>Las palabras de&nbsp;Dupade \u2013&nbsp;la&nbsp;Palabra de&nbsp;Dios&nbsp;<\/p>\n\n\n\n<p>Ayor\u00e9os \u2013 gente de la tribu ayor\u00e9a&nbsp;<\/p>\n\n\n\n<p>Coj\u00f1one \u2013 gente que no son de la tribu ayor\u00e9a&nbsp;o de otra tribu&nbsp;<\/p>\n\n\n\n<p><em>Chagaid\u00e9&nbsp;<\/em><em>\u2013<\/em><em>&nbsp;Rinc\u00f3n de Tigre, Bolivia<\/em><em>&nbsp;\u2013 1970.<\/em>&nbsp;<\/p>\n\n\n\n<p><em>Transcrito por: Janet Briggs<\/em><em>.<\/em>&nbsp;<\/p>\n\n\n\n<p><em>Traducido por: Maxine Morarie.<\/em>\u00a0<\/p>\n\n\n\n<div class=\"navigation\"><div class=\"alignleft\"><a href=\"https:\/\/ayore.org\/es\/cultura\/ensenanzas\/comai-duermen-un-poco-en-el-cielo\/\"title=\"Comai  &#8211; Duermen un poco en el cielo\"><img loading=\"lazy\" decoding=\"async\" src=\"https:\/\/ayore.org\/wp-content\/uploads\/2018\/10\/left-arrow.png\" width=\"50\" height=\"48\" alt=\"left arrow\"><\/a><\/div><div class=\"alignright\"><a href=\"https:\/\/ayore.org\/es\/cultura\/ensenanzas\/comai-deberian-cuidar-mi-jardin\/\"title=\"Comai &#8211; Deber\u00edan cuidar mi jard\u00edn\"><img loading=\"lazy\" decoding=\"async\" src=\"https:\/\/ayore.org\/wp-content\/uploads\/2018\/10\/right-arrow.png\" width=\"50\" height=\"48\" alt=\"right arrow\"><\/a><\/div>\n","protected":false},"excerpt":{"rendered":"<p>Que ninguno de ustedes se averg\u00fcence de&nbsp;Dupade&nbsp; Ca uacu\u00f1\u00e9ngo chaj\u00e9ngome Dupade to\u00a0Chagaid\u00e9\u00a0 Si alguno de ustedes dice que cree en Dupade, no se averg\u00fcence de \u00e9l. Dupade no es como nosotros los seres humanos en absoluto, y \u00e9l no es<\/p>\n","protected":false},"author":2,"featured_media":0,"parent":298,"menu_order":0,"comment_status":"closed","ping_status":"closed","template":"","meta":{"footnotes":""},"class_list":["post-2916","page","type-page","status-publish","hentry"],"yoast_head":"<!-- This site is optimized with the Yoast SEO plugin v27.4 - https:\/\/yoast.com\/product\/yoast-seo-wordpress\/ -->\n<title>Ayore\u0301 Ense\u00f1anzas: Que Ninguno De Ustedes Se Averg\u00fcence De Dupade \u2022 Ayore.org<\/title>\n<meta name=\"robots\" content=\"index, follow, max-snippet:-1, max-image-preview:large, max-video-preview:-1\" \/>\n<link rel=\"canonical\" href=\"https:\/\/ayore.org\/es\/cultura\/ensenanzas\/chagaide-que-ninguno-de-ustedes-se-averguence-de-dupade\/\" \/>\n<meta property=\"og:locale\" content=\"es_ES\" \/>\n<meta property=\"og:type\" content=\"article\" \/>\n<meta property=\"og:title\" content=\"Ayore\u0301 Ense\u00f1anzas: Que Ninguno De Ustedes Se Averg\u00fcence De Dupade \u2022 Ayore.org\" \/>\n<meta property=\"og:description\" content=\"Que ninguno de ustedes se averg\u00fcence de&nbsp;Dupade&nbsp; Ca uacu\u00f1\u00e9ngo chaj\u00e9ngome Dupade to\u00a0Chagaid\u00e9\u00a0 Si alguno de ustedes dice que cree en Dupade, no se averg\u00fcence de \u00e9l. Dupade no es como nosotros los seres humanos en absoluto, y \u00e9l no es\" \/>\n<meta property=\"og:url\" content=\"https:\/\/ayore.org\/es\/cultura\/ensenanzas\/chagaide-que-ninguno-de-ustedes-se-averguence-de-dupade\/\" \/>\n<meta property=\"og:site_name\" content=\"AYORE.ORG\" \/>\n<meta property=\"article:modified_time\" content=\"2019-02-13T19:11:57+00:00\" \/>\n<meta name=\"twitter:card\" content=\"summary_large_image\" \/>\n<meta name=\"twitter:label1\" content=\"Tiempo de lectura\" \/>\n\t<meta name=\"twitter:data1\" content=\"3 minutos\" \/>\n<script type=\"application\/ld+json\" class=\"yoast-schema-graph\">{\"@context\":\"https:\\\/\\\/schema.org\",\"@graph\":[{\"@type\":\"WebPage\",\"@id\":\"https:\\\/\\\/ayore.org\\\/es\\\/cultura\\\/ensenanzas\\\/chagaide-que-ninguno-de-ustedes-se-averguence-de-dupade\\\/\",\"url\":\"https:\\\/\\\/ayore.org\\\/es\\\/cultura\\\/ensenanzas\\\/chagaide-que-ninguno-de-ustedes-se-averguence-de-dupade\\\/\",\"name\":\"Ayore\u0301 Ense\u00f1anzas: Que Ninguno De Ustedes Se Averg\u00fcence De Dupade \u2022 Ayore.org\",\"isPartOf\":{\"@id\":\"https:\\\/\\\/ayore.org\\\/#website\"},\"datePublished\":\"2019-02-13T19:11:56+00:00\",\"dateModified\":\"2019-02-13T19:11:57+00:00\",\"breadcrumb\":{\"@id\":\"https:\\\/\\\/ayore.org\\\/es\\\/cultura\\\/ensenanzas\\\/chagaide-que-ninguno-de-ustedes-se-averguence-de-dupade\\\/#breadcrumb\"},\"inLanguage\":\"es-AR\",\"potentialAction\":[{\"@type\":\"ReadAction\",\"target\":[\"https:\\\/\\\/ayore.org\\\/es\\\/cultura\\\/ensenanzas\\\/chagaide-que-ninguno-de-ustedes-se-averguence-de-dupade\\\/\"]}]},{\"@type\":\"BreadcrumbList\",\"@id\":\"https:\\\/\\\/ayore.org\\\/es\\\/cultura\\\/ensenanzas\\\/chagaide-que-ninguno-de-ustedes-se-averguence-de-dupade\\\/#breadcrumb\",\"itemListElement\":[{\"@type\":\"ListItem\",\"position\":1,\"name\":\"Inicio\",\"item\":\"https:\\\/\\\/ayore.org\\\/es\\\/\"},{\"@type\":\"ListItem\",\"position\":2,\"name\":\"Cultura\",\"item\":\"https:\\\/\\\/ayore.org\\\/es\\\/cultura\\\/\"},{\"@type\":\"ListItem\",\"position\":3,\"name\":\"Ense\u00f1anzas\",\"item\":\"https:\\\/\\\/ayore.org\\\/es\\\/cultura\\\/ensenanzas\\\/\"},{\"@type\":\"ListItem\",\"position\":4,\"name\":\"Chagaid\u00e9 &#8211; Que Ninguno De Ustedes Se Averg\u00fcence De Dupade\"}]},{\"@type\":\"WebSite\",\"@id\":\"https:\\\/\\\/ayore.org\\\/#website\",\"url\":\"https:\\\/\\\/ayore.org\\\/\",\"name\":\"AYORE.ORG\",\"description\":\"Idioma, Cultura e Historia de la Tribu Ayor\u00e9\",\"potentialAction\":[{\"@type\":\"SearchAction\",\"target\":{\"@type\":\"EntryPoint\",\"urlTemplate\":\"https:\\\/\\\/ayore.org\\\/?s={search_term_string}\"},\"query-input\":{\"@type\":\"PropertyValueSpecification\",\"valueRequired\":true,\"valueName\":\"search_term_string\"}}],\"inLanguage\":\"es-AR\"}]}<\/script>\n<!-- \/ Yoast SEO plugin. -->","yoast_head_json":{"title":"Ayore\u0301 Ense\u00f1anzas: Que Ninguno De Ustedes Se Averg\u00fcence De Dupade \u2022 Ayore.org","robots":{"index":"index","follow":"follow","max-snippet":"max-snippet:-1","max-image-preview":"max-image-preview:large","max-video-preview":"max-video-preview:-1"},"canonical":"https:\/\/ayore.org\/es\/cultura\/ensenanzas\/chagaide-que-ninguno-de-ustedes-se-averguence-de-dupade\/","og_locale":"es_ES","og_type":"article","og_title":"Ayore\u0301 Ense\u00f1anzas: Que Ninguno De Ustedes Se Averg\u00fcence De Dupade \u2022 Ayore.org","og_description":"Que ninguno de ustedes se averg\u00fcence de&nbsp;Dupade&nbsp; Ca uacu\u00f1\u00e9ngo chaj\u00e9ngome Dupade to\u00a0Chagaid\u00e9\u00a0 Si alguno de ustedes dice que cree en Dupade, no se averg\u00fcence de \u00e9l. Dupade no es como nosotros los seres humanos en absoluto, y \u00e9l no es","og_url":"https:\/\/ayore.org\/es\/cultura\/ensenanzas\/chagaide-que-ninguno-de-ustedes-se-averguence-de-dupade\/","og_site_name":"AYORE.ORG","article_modified_time":"2019-02-13T19:11:57+00:00","twitter_card":"summary_large_image","twitter_misc":{"Tiempo de lectura":"3 minutos"},"schema":{"@context":"https:\/\/schema.org","@graph":[{"@type":"WebPage","@id":"https:\/\/ayore.org\/es\/cultura\/ensenanzas\/chagaide-que-ninguno-de-ustedes-se-averguence-de-dupade\/","url":"https:\/\/ayore.org\/es\/cultura\/ensenanzas\/chagaide-que-ninguno-de-ustedes-se-averguence-de-dupade\/","name":"Ayore\u0301 Ense\u00f1anzas: Que Ninguno De Ustedes Se Averg\u00fcence De Dupade \u2022 Ayore.org","isPartOf":{"@id":"https:\/\/ayore.org\/#website"},"datePublished":"2019-02-13T19:11:56+00:00","dateModified":"2019-02-13T19:11:57+00:00","breadcrumb":{"@id":"https:\/\/ayore.org\/es\/cultura\/ensenanzas\/chagaide-que-ninguno-de-ustedes-se-averguence-de-dupade\/#breadcrumb"},"inLanguage":"es-AR","potentialAction":[{"@type":"ReadAction","target":["https:\/\/ayore.org\/es\/cultura\/ensenanzas\/chagaide-que-ninguno-de-ustedes-se-averguence-de-dupade\/"]}]},{"@type":"BreadcrumbList","@id":"https:\/\/ayore.org\/es\/cultura\/ensenanzas\/chagaide-que-ninguno-de-ustedes-se-averguence-de-dupade\/#breadcrumb","itemListElement":[{"@type":"ListItem","position":1,"name":"Inicio","item":"https:\/\/ayore.org\/es\/"},{"@type":"ListItem","position":2,"name":"Cultura","item":"https:\/\/ayore.org\/es\/cultura\/"},{"@type":"ListItem","position":3,"name":"Ense\u00f1anzas","item":"https:\/\/ayore.org\/es\/cultura\/ensenanzas\/"},{"@type":"ListItem","position":4,"name":"Chagaid\u00e9 &#8211; Que Ninguno De Ustedes Se Averg\u00fcence De Dupade"}]},{"@type":"WebSite","@id":"https:\/\/ayore.org\/#website","url":"https:\/\/ayore.org\/","name":"AYORE.ORG","description":"Idioma, Cultura e Historia de la Tribu Ayor\u00e9","potentialAction":[{"@type":"SearchAction","target":{"@type":"EntryPoint","urlTemplate":"https:\/\/ayore.org\/?s={search_term_string}"},"query-input":{"@type":"PropertyValueSpecification","valueRequired":true,"valueName":"search_term_string"}}],"inLanguage":"es-AR"}]}},"_links":{"self":[{"href":"https:\/\/ayore.org\/es\/wp-json\/wp\/v2\/pages\/2916","targetHints":{"allow":["GET"]}}],"collection":[{"href":"https:\/\/ayore.org\/es\/wp-json\/wp\/v2\/pages"}],"about":[{"href":"https:\/\/ayore.org\/es\/wp-json\/wp\/v2\/types\/page"}],"author":[{"embeddable":true,"href":"https:\/\/ayore.org\/es\/wp-json\/wp\/v2\/users\/2"}],"replies":[{"embeddable":true,"href":"https:\/\/ayore.org\/es\/wp-json\/wp\/v2\/comments?post=2916"}],"version-history":[{"count":1,"href":"https:\/\/ayore.org\/es\/wp-json\/wp\/v2\/pages\/2916\/revisions"}],"predecessor-version":[{"id":2917,"href":"https:\/\/ayore.org\/es\/wp-json\/wp\/v2\/pages\/2916\/revisions\/2917"}],"up":[{"embeddable":true,"href":"https:\/\/ayore.org\/es\/wp-json\/wp\/v2\/pages\/298"}],"wp:attachment":[{"href":"https:\/\/ayore.org\/es\/wp-json\/wp\/v2\/media?parent=2916"}],"curies":[{"name":"wp","href":"https:\/\/api.w.org\/{rel}","templated":true}]}}