{"id":953,"date":"2018-09-10T18:29:49","date_gmt":"2018-09-10T18:29:49","guid":{"rendered":"https:\/\/ayore.org\/?page_id=953"},"modified":"2019-03-05T19:16:57","modified_gmt":"2019-03-05T19:16:57","slug":"uneredate-yipesapo-ore-dai-ejo-ri","status":"publish","type":"page","link":"https:\/\/ayore.org\/ayo\/culture\/native-songs\/uneredate-yipesapo-ore-dai-ejo-ri\/","title":{"rendered":"Uneredat\u00e9 &#8211; Yequ\u00e9s\u00e3re ga yipesapo ore dai ejo r\u0129"},"content":{"rendered":"<p><em><strong>Uneredat\u00e9 Chedo Jnacare G\u00e1reode:<\/strong><\/em><\/p>\n<p>Yij\u00f1ecare iji dejai un\u00e9.<\/p>\n<p>Yequ\u00e9s\u00e3re. Yipesapo ore dai ejo ri\u0303, ore dai u\u00f1eque, mu t\u00e1gape yuruode.<\/p>\n<p>Ipesupo u\u00f1ai ri\u0303. Jnanione uje ore baque que ore jno uje ore jno sona. Ore di dire u\u00f1ane uje chajire ore, ga chaca dabai uje toi\u00a0 Ayor\u00e9 u\u00f1ai u; ueca u\u00f1ane.<\/p>\n<p>Ga jnusip\u00edsi dabai uje toi ga chose dedodie iji jnumi. Dejaque ga tibidi <em>Guid\u00e1bi.<\/em> Chojningame dabode: \u201cAy\u00e1yo iji ne. Yib\u00e1gui <em>Guid\u00e1bi<\/em>. Itir\u00f3guiji yajesui. A jnacanique chetaque yu.<\/p>\n<p><em>\u00a0Guid\u00e1bi<\/em> chojningame: \u201c<em>Uneredat\u00e9<\/em>, bamo uje yacot\u00e9 d\u00e9ji idai u\u00f1ai, mu am\u00f3ji yari iji dejai ud\u00e9.\u201d<\/p>\n<p>\u201cYiya ome <em>Uneredat\u00e9 <\/em>uje que yipota yacot\u00e9rac.\u201d <em>\u00a0Edoguesaide<\/em> chacho ome <em>Uneredat\u00e9<\/em>.<\/p>\n<p><em>Uneredat\u00e9 <\/em>chojninga: \u201c<em>Edoguesaide<\/em>, t\u00e1gape ua. Que jnacanique et\u00e1cho yu gotique.\u201d<\/p>\n<p><em>Uneredat\u00e9<\/em> chajire dabode uje chij\u00f1ecare. Chaguhei chejna ore ga <em>Uneredat\u00e9 <\/em>baque. Abode ch\u00e1care deg\u00fai. Baque ga chuj\u00e9 yocade. Chijnoque cut\u00e9rone. Jnusi dabai ga poji dabode yui, uje que chequedie baque to. Que ore chic\u00e1ji er\u00e1mi. J\u00e9 po.<\/p>\n<p><em>Uneredat\u00e9 &#8211; Tobit\u00e9, Bolivia &#8211; 1960.<\/em><\/p>\n<p><em>Joyce Davis Buchegger chur\u00fas\u00e3re Uneredate\u0301 iradedie udaji nanique.<\/em><\/p>\n<div class=\"navigation\"><div class=\"alignleft\"><a href=\"https:\/\/ayore.org\/ayo\/culture\/native-songs\/ajni-to-que-yimo-iji-bari\/\"title=\"Ubuchu\u0301a &#8211; Ajni to, que yimo iji bari\"><img loading=\"lazy\" decoding=\"async\" src=\"https:\/\/ayore.org\/wp-content\/uploads\/2018\/10\/left-arrow.png\" width=\"50\" height=\"48\" alt=\"left arrow\"><\/a><\/div><div class=\"alignright\"><a href=\"https:\/\/ayore.org\/ayo\/culture\/native-songs\/piradedie-yijnecarosi-iji-de\/\"title=\"Piradedie \u2013 Yij\u00f1ec\u00e1rosi iji de\"><img loading=\"lazy\" decoding=\"async\" src=\"https:\/\/ayore.org\/wp-content\/uploads\/2018\/10\/right-arrow.png\" width=\"50\" height=\"48\" alt=\"right arrow\"><\/a><\/div>\n","protected":false},"excerpt":{"rendered":"<p>Uneredat\u00e9 Chedo Jnacare G\u00e1reode: Yij\u00f1ecare iji dejai un\u00e9. Yequ\u00e9s\u00e3re. Yipesapo ore dai ejo ri\u0303, ore dai u\u00f1eque, mu t\u00e1gape yuruode. Ipesupo u\u00f1ai ri\u0303. Jnanione uje ore baque que ore jno uje ore jno sona. Ore di dire u\u00f1ane uje chajire<\/p>\n","protected":false},"author":2,"featured_media":0,"parent":713,"menu_order":0,"comment_status":"closed","ping_status":"closed","template":"","meta":{"footnotes":""},"class_list":["post-953","page","type-page","status-publish","hentry"],"yoast_head":"<!-- This site is optimized with the Yoast SEO plugin v27.4 - https:\/\/yoast.com\/product\/yoast-seo-wordpress\/ -->\n<title>Ayore\u0301ode Irade\u0301die: Yipesapo Ore Dai Ejo R\u0129 \u2022 Ayore.org<\/title>\n<meta name=\"robots\" content=\"index, follow, max-snippet:-1, max-image-preview:large, max-video-preview:-1\" \/>\n<link rel=\"canonical\" href=\"https:\/\/ayore.org\/ayo\/culture\/native-songs\/uneredate-yipesapo-ore-dai-ejo-ri\/\" \/>\n<meta property=\"og:locale\" content=\"en_US\" \/>\n<meta property=\"og:type\" content=\"article\" \/>\n<meta property=\"og:title\" content=\"Ayore\u0301ode Irade\u0301die: Yipesapo Ore Dai Ejo R\u0129 \u2022 Ayore.org\" \/>\n<meta property=\"og:description\" content=\"Uneredat\u00e9 Chedo Jnacare G\u00e1reode: Yij\u00f1ecare iji dejai un\u00e9. Yequ\u00e9s\u00e3re. Yipesapo ore dai ejo ri\u0303, ore dai u\u00f1eque, mu t\u00e1gape yuruode. Ipesupo u\u00f1ai ri\u0303. Jnanione uje ore baque que ore jno uje ore jno sona. Ore di dire u\u00f1ane uje chajire\" \/>\n<meta property=\"og:url\" content=\"https:\/\/ayore.org\/ayo\/culture\/native-songs\/uneredate-yipesapo-ore-dai-ejo-ri\/\" \/>\n<meta property=\"og:site_name\" content=\"AYOR\u00c9.ORG\" \/>\n<meta property=\"article:modified_time\" content=\"2019-03-05T19:16:57+00:00\" \/>\n<meta name=\"twitter:card\" content=\"summary_large_image\" \/>\n<meta name=\"twitter:label1\" content=\"Est. reading time\" \/>\n\t<meta name=\"twitter:data1\" content=\"1 minute\" \/>\n<script type=\"application\/ld+json\" class=\"yoast-schema-graph\">{\"@context\":\"https:\\\/\\\/schema.org\",\"@graph\":[{\"@type\":\"WebPage\",\"@id\":\"https:\\\/\\\/ayore.org\\\/ayo\\\/culture\\\/native-songs\\\/uneredate-yipesapo-ore-dai-ejo-ri\\\/\",\"url\":\"https:\\\/\\\/ayore.org\\\/ayo\\\/culture\\\/native-songs\\\/uneredate-yipesapo-ore-dai-ejo-ri\\\/\",\"name\":\"Ayore\u0301ode Irade\u0301die: Yipesapo Ore Dai Ejo R\u0129 \u2022 Ayore.org\",\"isPartOf\":{\"@id\":\"https:\\\/\\\/ayore.org\\\/#website\"},\"datePublished\":\"2018-09-10T18:29:49+00:00\",\"dateModified\":\"2019-03-05T19:16:57+00:00\",\"breadcrumb\":{\"@id\":\"https:\\\/\\\/ayore.org\\\/ayo\\\/culture\\\/native-songs\\\/uneredate-yipesapo-ore-dai-ejo-ri\\\/#breadcrumb\"},\"inLanguage\":\"ayo\",\"potentialAction\":[{\"@type\":\"ReadAction\",\"target\":[\"https:\\\/\\\/ayore.org\\\/ayo\\\/culture\\\/native-songs\\\/uneredate-yipesapo-ore-dai-ejo-ri\\\/\"]}]},{\"@type\":\"BreadcrumbList\",\"@id\":\"https:\\\/\\\/ayore.org\\\/ayo\\\/culture\\\/native-songs\\\/uneredate-yipesapo-ore-dai-ejo-ri\\\/#breadcrumb\",\"itemListElement\":[{\"@type\":\"ListItem\",\"position\":1,\"name\":\"Jogate bajai tu ude\u0301\",\"item\":\"https:\\\/\\\/ayore.org\\\/ayo\\\/\"},{\"@type\":\"ListItem\",\"position\":2,\"name\":\"Ayore\u0301ode adode, angurenone cucha ore\",\"item\":\"https:\\\/\\\/ayore.org\\\/ayo\\\/culture\\\/\"},{\"@type\":\"ListItem\",\"position\":3,\"name\":\"Ayore\u0301ode Irade\u0301die\",\"item\":\"https:\\\/\\\/ayore.org\\\/ayo\\\/culture\\\/native-songs\\\/\"},{\"@type\":\"ListItem\",\"position\":4,\"name\":\"Uneredat\u00e9 &#8211; Yequ\u00e9s\u00e3re ga yipesapo ore dai ejo r\u0129\"}]},{\"@type\":\"WebSite\",\"@id\":\"https:\\\/\\\/ayore.org\\\/#website\",\"url\":\"https:\\\/\\\/ayore.org\\\/\",\"name\":\"AYOR\u00c9.ORG\",\"description\":\"Ayore\u0301ode Uruode, Adode, Jnani bajade ati\u0301go ore \",\"potentialAction\":[{\"@type\":\"SearchAction\",\"target\":{\"@type\":\"EntryPoint\",\"urlTemplate\":\"https:\\\/\\\/ayore.org\\\/?s={search_term_string}\"},\"query-input\":{\"@type\":\"PropertyValueSpecification\",\"valueRequired\":true,\"valueName\":\"search_term_string\"}}],\"inLanguage\":\"ayo\"}]}<\/script>\n<!-- \/ Yoast SEO plugin. -->","yoast_head_json":{"title":"Ayore\u0301ode Irade\u0301die: Yipesapo Ore Dai Ejo R\u0129 \u2022 Ayore.org","robots":{"index":"index","follow":"follow","max-snippet":"max-snippet:-1","max-image-preview":"max-image-preview:large","max-video-preview":"max-video-preview:-1"},"canonical":"https:\/\/ayore.org\/ayo\/culture\/native-songs\/uneredate-yipesapo-ore-dai-ejo-ri\/","og_locale":"en_US","og_type":"article","og_title":"Ayore\u0301ode Irade\u0301die: Yipesapo Ore Dai Ejo R\u0129 \u2022 Ayore.org","og_description":"Uneredat\u00e9 Chedo Jnacare G\u00e1reode: Yij\u00f1ecare iji dejai un\u00e9. Yequ\u00e9s\u00e3re. Yipesapo ore dai ejo ri\u0303, ore dai u\u00f1eque, mu t\u00e1gape yuruode. Ipesupo u\u00f1ai ri\u0303. Jnanione uje ore baque que ore jno uje ore jno sona. Ore di dire u\u00f1ane uje chajire","og_url":"https:\/\/ayore.org\/ayo\/culture\/native-songs\/uneredate-yipesapo-ore-dai-ejo-ri\/","og_site_name":"AYOR\u00c9.ORG","article_modified_time":"2019-03-05T19:16:57+00:00","twitter_card":"summary_large_image","twitter_misc":{"Est. reading time":"1 minute"},"schema":{"@context":"https:\/\/schema.org","@graph":[{"@type":"WebPage","@id":"https:\/\/ayore.org\/ayo\/culture\/native-songs\/uneredate-yipesapo-ore-dai-ejo-ri\/","url":"https:\/\/ayore.org\/ayo\/culture\/native-songs\/uneredate-yipesapo-ore-dai-ejo-ri\/","name":"Ayore\u0301ode Irade\u0301die: Yipesapo Ore Dai Ejo R\u0129 \u2022 Ayore.org","isPartOf":{"@id":"https:\/\/ayore.org\/#website"},"datePublished":"2018-09-10T18:29:49+00:00","dateModified":"2019-03-05T19:16:57+00:00","breadcrumb":{"@id":"https:\/\/ayore.org\/ayo\/culture\/native-songs\/uneredate-yipesapo-ore-dai-ejo-ri\/#breadcrumb"},"inLanguage":"ayo","potentialAction":[{"@type":"ReadAction","target":["https:\/\/ayore.org\/ayo\/culture\/native-songs\/uneredate-yipesapo-ore-dai-ejo-ri\/"]}]},{"@type":"BreadcrumbList","@id":"https:\/\/ayore.org\/ayo\/culture\/native-songs\/uneredate-yipesapo-ore-dai-ejo-ri\/#breadcrumb","itemListElement":[{"@type":"ListItem","position":1,"name":"Jogate bajai tu ude\u0301","item":"https:\/\/ayore.org\/ayo\/"},{"@type":"ListItem","position":2,"name":"Ayore\u0301ode adode, angurenone cucha ore","item":"https:\/\/ayore.org\/ayo\/culture\/"},{"@type":"ListItem","position":3,"name":"Ayore\u0301ode Irade\u0301die","item":"https:\/\/ayore.org\/ayo\/culture\/native-songs\/"},{"@type":"ListItem","position":4,"name":"Uneredat\u00e9 &#8211; Yequ\u00e9s\u00e3re ga yipesapo ore dai ejo r\u0129"}]},{"@type":"WebSite","@id":"https:\/\/ayore.org\/#website","url":"https:\/\/ayore.org\/","name":"AYOR\u00c9.ORG","description":"Ayore\u0301ode Uruode, Adode, Jnani bajade ati\u0301go ore ","potentialAction":[{"@type":"SearchAction","target":{"@type":"EntryPoint","urlTemplate":"https:\/\/ayore.org\/?s={search_term_string}"},"query-input":{"@type":"PropertyValueSpecification","valueRequired":true,"valueName":"search_term_string"}}],"inLanguage":"ayo"}]}},"_links":{"self":[{"href":"https:\/\/ayore.org\/ayo\/wp-json\/wp\/v2\/pages\/953","targetHints":{"allow":["GET"]}}],"collection":[{"href":"https:\/\/ayore.org\/ayo\/wp-json\/wp\/v2\/pages"}],"about":[{"href":"https:\/\/ayore.org\/ayo\/wp-json\/wp\/v2\/types\/page"}],"author":[{"embeddable":true,"href":"https:\/\/ayore.org\/ayo\/wp-json\/wp\/v2\/users\/2"}],"replies":[{"embeddable":true,"href":"https:\/\/ayore.org\/ayo\/wp-json\/wp\/v2\/comments?post=953"}],"version-history":[{"count":3,"href":"https:\/\/ayore.org\/ayo\/wp-json\/wp\/v2\/pages\/953\/revisions"}],"predecessor-version":[{"id":3303,"href":"https:\/\/ayore.org\/ayo\/wp-json\/wp\/v2\/pages\/953\/revisions\/3303"}],"up":[{"embeddable":true,"href":"https:\/\/ayore.org\/ayo\/wp-json\/wp\/v2\/pages\/713"}],"wp:attachment":[{"href":"https:\/\/ayore.org\/ayo\/wp-json\/wp\/v2\/media?parent=953"}],"curies":[{"name":"wp","href":"https:\/\/api.w.org\/{rel}","templated":true}]}}